{"id":22218,"date":"2016-01-01T23:10:20","date_gmt":"2016-01-01T23:10:20","guid":{"rendered":"https:\/\/www.solucionescontract.com\/producto\/table-style-classique-bois-1080\/"},"modified":"2016-01-01T23:10:20","modified_gmt":"2016-01-01T23:10:20","slug":"table-style-classique-bois-1080","status":"publish","type":"product","link":"https:\/\/solucionescontract.com\/fr\/producto\/table-style-classique-bois-1080\/","title":{"rendered":"TABLE STYLE CLASSIQUE BOIS 1080"},"content":{"rendered":"<p><a href=\"https:\/\/solucionescontract.com\/wp-content\/uploads\/2017\/12\/mesa-clasica_1080_ficha-tecnica.jpg\"><img decoding=\"async\" class=\" wd-lazy-fade alignnone wp-image-3803\" src=\"https:\/\/solucionescontract.com\/wp-content\/themes\/woodmart\/images\/lazy.svg\" data-src=\"https:\/\/solucionescontract.com\/wp-content\/uploads\/2017\/12\/mesa-clasica_1080_ficha-tecnica-300x99.jpg\" alt=\"\" width=\"450\" height=\"148\" srcset=\"\" data-srcset=\"https:\/\/solucionescontract.com\/wp-content\/uploads\/2017\/12\/mesa-clasica_1080_ficha-tecnica-300x99.jpg 300w, https:\/\/solucionescontract.com\/wp-content\/uploads\/2017\/12\/mesa-clasica_1080_ficha-tecnica-150x49.jpg 150w, https:\/\/solucionescontract.com\/wp-content\/uploads\/2017\/12\/mesa-clasica_1080_ficha-tecnica-800x264.jpg 800w, https:\/\/solucionescontract.com\/wp-content\/uploads\/2017\/12\/mesa-clasica_1080_ficha-tecnica-768x253.jpg 768w, https:\/\/solucionescontract.com\/wp-content\/uploads\/2017\/12\/mesa-clasica_1080_ficha-tecnica-1024x338.jpg 1024w, https:\/\/solucionescontract.com\/wp-content\/uploads\/2017\/12\/mesa-clasica_1080_ficha-tecnica-232x76.jpg 232w, https:\/\/solucionescontract.com\/wp-content\/uploads\/2017\/12\/mesa-clasica_1080_ficha-tecnica.jpg 1253w\" sizes=\"(max-width: 450px) 100vw, 450px\" \/><\/a><\/script><\/p>\n","protected":false},"excerpt":{"rendered":"<ul>\n<li>Table en bois \u00e0 4 pieds, id\u00e9ale pour les caf\u00e9s et les restaurants. C&rsquo;est un tableau de grande qualit\u00e9 et de grand d\u00e9tail dans leurs finitions, diff\u00e9renciez votre espace.<\/li>\n<li>Structure et pieds en bois de h\u00eatre massif de 1\u00e8re qualit\u00e9.<\/li>\n<li>Plateau en DMF moul\u00e9 et plaqu\u00e9 en h\u00eatre de qualit\u00e9 sup\u00e9rieure et recouvert d&rsquo;un vernis anti-rayures.<\/li>\n<li>Utilisation int\u00e9rieure<\/li>\n<li>Hauteur 76 cm.<\/li>\n<\/ul>\n","protected":false},"featured_media":13922,"comment_status":"open","ping_status":"closed","template":"","meta":[],"product_brand":[],"product_cat":[569,607,577],"product_tag":[],"class_list":{"0":"post-22218","1":"product","2":"type-product","3":"status-publish","4":"has-post-thumbnail","6":"product_cat-conception-de-tables","7":"product_cat-meubles-pour-lhotellerie","8":"product_cat-tables-de-restauration","9":"product_shipping_class-gratuit","10":"yith_product_brand-tm-sillerias-fr","12":"first","13":"instock","14":"taxable","15":"shipping-taxable","16":"purchasable","17":"product-type-variable"},"yoast_head":"<!-- This site is optimized with the Yoast SEO plugin v27.3 - https:\/\/yoast.com\/product\/yoast-seo-wordpress\/ -->\n<title>TABLE EN BOIS DE STYLE CLASSIQUE 1080 | SOLUCIONES CONTRACT<\/title>\n<meta name=\"description\" content=\"Table en bois de style classique, id\u00e9ale pour les entreprises d&#039;accueil, les restaurants, les auberges, et pour un usage domestique, dans les cuisines, les salles \u00e0 manger ... vente en ligne.\" \/>\n<meta name=\"robots\" content=\"index, follow, max-snippet:-1, max-image-preview:large, max-video-preview:-1\" \/>\n<link rel=\"canonical\" href=\"https:\/\/solucionescontract.com\/producto\/mesa-estilo-clasico-madera\/\" \/>\n<meta property=\"og:locale\" content=\"fr_FR\" \/>\n<meta property=\"og:type\" content=\"article\" \/>\n<meta property=\"og:title\" content=\"TABLE EN BOIS DE STYLE CLASSIQUE 1080 | SOLUCIONES CONTRACT\" \/>\n<meta property=\"og:description\" content=\"Table en bois de style classique, id\u00e9ale pour les entreprises d&#039;accueil, les restaurants, les auberges, et pour un usage domestique, dans les cuisines, les salles \u00e0 manger ... vente en ligne.\" \/>\n<meta property=\"og:url\" content=\"https:\/\/solucionescontract.com\/producto\/mesa-estilo-clasico-madera\/\" \/>\n<meta property=\"og:site_name\" content=\"Soluciones Contract\" \/>\n<meta property=\"article:publisher\" content=\"https:\/\/www.facebook.com\/solucionescontract\/\" \/>\n<meta property=\"og:image\" content=\"https:\/\/solucionescontract.com\/wp-content\/uploads\/2017\/12\/mesa-clasica_1080.jpg\" \/>\n\t<meta property=\"og:image:width\" content=\"1035\" \/>\n\t<meta property=\"og:image:height\" content=\"1035\" \/>\n\t<meta property=\"og:image:type\" content=\"image\/jpeg\" \/>\n<meta name=\"twitter:card\" content=\"summary_large_image\" \/>\n<script type=\"application\/ld+json\" class=\"yoast-schema-graph\">{\"@context\":\"https:\\\/\\\/schema.org\",\"@graph\":[{\"@type\":\"WebPage\",\"@id\":\"https:\\\/\\\/solucionescontract.com\\\/producto\\\/mesa-estilo-clasico-madera\\\/\",\"url\":\"https:\\\/\\\/solucionescontract.com\\\/producto\\\/mesa-estilo-clasico-madera\\\/\",\"name\":\"TABLE EN BOIS DE STYLE CLASSIQUE 1080 | SOLUCIONES CONTRACT\",\"isPartOf\":{\"@id\":\"https:\\\/\\\/solucionescontract.com\\\/#website\"},\"primaryImageOfPage\":{\"@id\":\"https:\\\/\\\/solucionescontract.com\\\/producto\\\/mesa-estilo-clasico-madera\\\/#primaryimage\"},\"image\":{\"@id\":\"https:\\\/\\\/solucionescontract.com\\\/producto\\\/mesa-estilo-clasico-madera\\\/#primaryimage\"},\"thumbnailUrl\":\"https:\\\/\\\/solucionescontract.com\\\/wp-content\\\/uploads\\\/2017\\\/12\\\/mesa-clasica_1080.jpg\",\"datePublished\":\"2016-01-01T23:10:20+00:00\",\"description\":\"Table en bois de style classique, id\u00e9ale pour les entreprises d'accueil, les restaurants, les auberges, et pour un usage domestique, dans les cuisines, les salles \u00e0 manger ... vente en ligne.\",\"breadcrumb\":{\"@id\":\"https:\\\/\\\/solucionescontract.com\\\/producto\\\/mesa-estilo-clasico-madera\\\/#breadcrumb\"},\"inLanguage\":\"fr-FR\",\"potentialAction\":[{\"@type\":\"ReadAction\",\"target\":[\"https:\\\/\\\/solucionescontract.com\\\/producto\\\/mesa-estilo-clasico-madera\\\/\"]}]},{\"@type\":\"ImageObject\",\"inLanguage\":\"fr-FR\",\"@id\":\"https:\\\/\\\/solucionescontract.com\\\/producto\\\/mesa-estilo-clasico-madera\\\/#primaryimage\",\"url\":\"https:\\\/\\\/solucionescontract.com\\\/wp-content\\\/uploads\\\/2017\\\/12\\\/mesa-clasica_1080.jpg\",\"contentUrl\":\"https:\\\/\\\/solucionescontract.com\\\/wp-content\\\/uploads\\\/2017\\\/12\\\/mesa-clasica_1080.jpg\",\"width\":1035,\"height\":1035},{\"@type\":\"BreadcrumbList\",\"@id\":\"https:\\\/\\\/solucionescontract.com\\\/producto\\\/mesa-estilo-clasico-madera\\\/#breadcrumb\",\"itemListElement\":[{\"@type\":\"ListItem\",\"position\":1,\"name\":\"Inicio\",\"item\":\"https:\\\/\\\/solucionescontract.com\\\/\"},{\"@type\":\"ListItem\",\"position\":2,\"name\":\"Tienda mobiliario contract\",\"item\":\"https:\\\/\\\/solucionescontract.com\\\/tienda-mobiliario-contract\\\/\"},{\"@type\":\"ListItem\",\"position\":3,\"name\":\"Mesas de dise\u00f1o\",\"item\":\"https:\\\/\\\/solucionescontract.com\\\/categoria-producto\\\/mesas-de-diseno\\\/\"},{\"@type\":\"ListItem\",\"position\":4,\"name\":\"Mesas Hosteler\u00eda\",\"item\":\"https:\\\/\\\/solucionescontract.com\\\/categoria-producto\\\/mesas-de-diseno\\\/mesas-hosteleria\\\/\"},{\"@type\":\"ListItem\",\"position\":5,\"name\":\"TABLE STYLE CLASSIQUE BOIS 1080\"}]},{\"@type\":\"WebSite\",\"@id\":\"https:\\\/\\\/solucionescontract.com\\\/#website\",\"url\":\"https:\\\/\\\/solucionescontract.com\\\/\",\"name\":\"Soluciones Contract\",\"description\":\"Venta Mobiliario contract de dise\u00f1o\",\"publisher\":{\"@id\":\"https:\\\/\\\/solucionescontract.com\\\/#organization\"},\"potentialAction\":[{\"@type\":\"SearchAction\",\"target\":{\"@type\":\"EntryPoint\",\"urlTemplate\":\"https:\\\/\\\/solucionescontract.com\\\/?s={search_term_string}\"},\"query-input\":{\"@type\":\"PropertyValueSpecification\",\"valueRequired\":true,\"valueName\":\"search_term_string\"}}],\"inLanguage\":\"fr-FR\"},{\"@type\":\"Organization\",\"@id\":\"https:\\\/\\\/solucionescontract.com\\\/#organization\",\"name\":\"Soluciones Contract\",\"url\":\"https:\\\/\\\/solucionescontract.com\\\/\",\"logo\":{\"@type\":\"ImageObject\",\"inLanguage\":\"fr-FR\",\"@id\":\"https:\\\/\\\/solucionescontract.com\\\/#\\\/schema\\\/logo\\\/image\\\/\",\"url\":\"https:\\\/\\\/solucionescontract.com\\\/wp-content\\\/uploads\\\/2020\\\/02\\\/logoSC.jpg\",\"contentUrl\":\"https:\\\/\\\/solucionescontract.com\\\/wp-content\\\/uploads\\\/2020\\\/02\\\/logoSC.jpg\",\"width\":300,\"height\":125,\"caption\":\"Soluciones Contract\"},\"image\":{\"@id\":\"https:\\\/\\\/solucionescontract.com\\\/#\\\/schema\\\/logo\\\/image\\\/\"},\"sameAs\":[\"https:\\\/\\\/www.facebook.com\\\/solucionescontract\\\/\"]}]}<\/script>\n<!-- \/ Yoast SEO plugin. -->","yoast_head_json":{"title":"TABLE EN BOIS DE STYLE CLASSIQUE 1080 | SOLUCIONES CONTRACT","description":"Table en bois de style classique, id\u00e9ale pour les entreprises d'accueil, les restaurants, les auberges, et pour un usage domestique, dans les cuisines, les salles \u00e0 manger ... vente en ligne.","robots":{"index":"index","follow":"follow","max-snippet":"max-snippet:-1","max-image-preview":"max-image-preview:large","max-video-preview":"max-video-preview:-1"},"canonical":"https:\/\/solucionescontract.com\/producto\/mesa-estilo-clasico-madera\/","og_locale":"fr_FR","og_type":"article","og_title":"TABLE EN BOIS DE STYLE CLASSIQUE 1080 | SOLUCIONES CONTRACT","og_description":"Table en bois de style classique, id\u00e9ale pour les entreprises d'accueil, les restaurants, les auberges, et pour un usage domestique, dans les cuisines, les salles \u00e0 manger ... vente en ligne.","og_url":"https:\/\/solucionescontract.com\/producto\/mesa-estilo-clasico-madera\/","og_site_name":"Soluciones Contract","article_publisher":"https:\/\/www.facebook.com\/solucionescontract\/","og_image":[{"width":1035,"height":1035,"url":"https:\/\/solucionescontract.com\/wp-content\/uploads\/2017\/12\/mesa-clasica_1080.jpg","type":"image\/jpeg"}],"twitter_card":"summary_large_image","schema":{"@context":"https:\/\/schema.org","@graph":[{"@type":"WebPage","@id":"https:\/\/solucionescontract.com\/producto\/mesa-estilo-clasico-madera\/","url":"https:\/\/solucionescontract.com\/producto\/mesa-estilo-clasico-madera\/","name":"TABLE EN BOIS DE STYLE CLASSIQUE 1080 | SOLUCIONES CONTRACT","isPartOf":{"@id":"https:\/\/solucionescontract.com\/#website"},"primaryImageOfPage":{"@id":"https:\/\/solucionescontract.com\/producto\/mesa-estilo-clasico-madera\/#primaryimage"},"image":{"@id":"https:\/\/solucionescontract.com\/producto\/mesa-estilo-clasico-madera\/#primaryimage"},"thumbnailUrl":"https:\/\/solucionescontract.com\/wp-content\/uploads\/2017\/12\/mesa-clasica_1080.jpg","datePublished":"2016-01-01T23:10:20+00:00","description":"Table en bois de style classique, id\u00e9ale pour les entreprises d'accueil, les restaurants, les auberges, et pour un usage domestique, dans les cuisines, les salles \u00e0 manger ... vente en ligne.","breadcrumb":{"@id":"https:\/\/solucionescontract.com\/producto\/mesa-estilo-clasico-madera\/#breadcrumb"},"inLanguage":"fr-FR","potentialAction":[{"@type":"ReadAction","target":["https:\/\/solucionescontract.com\/producto\/mesa-estilo-clasico-madera\/"]}]},{"@type":"ImageObject","inLanguage":"fr-FR","@id":"https:\/\/solucionescontract.com\/producto\/mesa-estilo-clasico-madera\/#primaryimage","url":"https:\/\/solucionescontract.com\/wp-content\/uploads\/2017\/12\/mesa-clasica_1080.jpg","contentUrl":"https:\/\/solucionescontract.com\/wp-content\/uploads\/2017\/12\/mesa-clasica_1080.jpg","width":1035,"height":1035},{"@type":"BreadcrumbList","@id":"https:\/\/solucionescontract.com\/producto\/mesa-estilo-clasico-madera\/#breadcrumb","itemListElement":[{"@type":"ListItem","position":1,"name":"Inicio","item":"https:\/\/solucionescontract.com\/"},{"@type":"ListItem","position":2,"name":"Tienda mobiliario contract","item":"https:\/\/solucionescontract.com\/tienda-mobiliario-contract\/"},{"@type":"ListItem","position":3,"name":"Mesas de dise\u00f1o","item":"https:\/\/solucionescontract.com\/categoria-producto\/mesas-de-diseno\/"},{"@type":"ListItem","position":4,"name":"Mesas Hosteler\u00eda","item":"https:\/\/solucionescontract.com\/categoria-producto\/mesas-de-diseno\/mesas-hosteleria\/"},{"@type":"ListItem","position":5,"name":"TABLE STYLE CLASSIQUE BOIS 1080"}]},{"@type":"WebSite","@id":"https:\/\/solucionescontract.com\/#website","url":"https:\/\/solucionescontract.com\/","name":"Soluciones Contract","description":"Venta Mobiliario contract de dise\u00f1o","publisher":{"@id":"https:\/\/solucionescontract.com\/#organization"},"potentialAction":[{"@type":"SearchAction","target":{"@type":"EntryPoint","urlTemplate":"https:\/\/solucionescontract.com\/?s={search_term_string}"},"query-input":{"@type":"PropertyValueSpecification","valueRequired":true,"valueName":"search_term_string"}}],"inLanguage":"fr-FR"},{"@type":"Organization","@id":"https:\/\/solucionescontract.com\/#organization","name":"Soluciones Contract","url":"https:\/\/solucionescontract.com\/","logo":{"@type":"ImageObject","inLanguage":"fr-FR","@id":"https:\/\/solucionescontract.com\/#\/schema\/logo\/image\/","url":"https:\/\/solucionescontract.com\/wp-content\/uploads\/2020\/02\/logoSC.jpg","contentUrl":"https:\/\/solucionescontract.com\/wp-content\/uploads\/2020\/02\/logoSC.jpg","width":300,"height":125,"caption":"Soluciones Contract"},"image":{"@id":"https:\/\/solucionescontract.com\/#\/schema\/logo\/image\/"},"sameAs":["https:\/\/www.facebook.com\/solucionescontract\/"]}]}},"_links":{"self":[{"href":"https:\/\/solucionescontract.com\/fr\/wp-json\/wp\/v2\/product\/22218","targetHints":{"allow":["GET"]}}],"collection":[{"href":"https:\/\/solucionescontract.com\/fr\/wp-json\/wp\/v2\/product"}],"about":[{"href":"https:\/\/solucionescontract.com\/fr\/wp-json\/wp\/v2\/types\/product"}],"replies":[{"embeddable":true,"href":"https:\/\/solucionescontract.com\/fr\/wp-json\/wp\/v2\/comments?post=22218"}],"wp:featuredmedia":[{"embeddable":true,"href":"https:\/\/solucionescontract.com\/fr\/wp-json\/wp\/v2\/media\/13922"}],"wp:attachment":[{"href":"https:\/\/solucionescontract.com\/fr\/wp-json\/wp\/v2\/media?parent=22218"}],"wp:term":[{"taxonomy":"product_brand","embeddable":true,"href":"https:\/\/solucionescontract.com\/fr\/wp-json\/wp\/v2\/product_brand?post=22218"},{"taxonomy":"product_cat","embeddable":true,"href":"https:\/\/solucionescontract.com\/fr\/wp-json\/wp\/v2\/product_cat?post=22218"},{"taxonomy":"product_tag","embeddable":true,"href":"https:\/\/solucionescontract.com\/fr\/wp-json\/wp\/v2\/product_tag?post=22218"}],"curies":[{"name":"wp","href":"https:\/\/api.w.org\/{rel}","templated":true}]}}