{"id":22209,"date":"2016-01-08T10:24:12","date_gmt":"2016-01-08T10:24:12","guid":{"rendered":"https:\/\/www.solucionescontract.com\/producto\/table-hotellerie-bois-1048\/"},"modified":"2016-01-08T10:24:12","modified_gmt":"2016-01-08T10:24:12","slug":"table-hotellerie-bois-1048","status":"publish","type":"product","link":"https:\/\/solucionescontract.com\/fr\/producto\/table-hotellerie-bois-1048\/","title":{"rendered":"TABLE H\u00d4TELLERIE BOIS 1048"},"content":{"rendered":"<p><a href=\"https:\/\/solucionescontract.com\/wp-content\/uploads\/2018\/01\/Mesa-comedor-contract-2018-dimensiones-y-caracteristicas.jpg\"><img decoding=\"async\" class=\" wd-lazy-fade alignnone wp-image-3911\" src=\"https:\/\/solucionescontract.com\/wp-content\/themes\/woodmart\/images\/lazy.svg\" data-src=\"https:\/\/solucionescontract.com\/wp-content\/uploads\/2018\/01\/Mesa-comedor-contract-2018-dimensiones-y-caracteristicas-300x96.jpg\" alt=\"\" width=\"450\" height=\"144\" srcset=\"\" data-srcset=\"https:\/\/solucionescontract.com\/wp-content\/uploads\/2018\/01\/Mesa-comedor-contract-2018-dimensiones-y-caracteristicas-300x96.jpg 300w, https:\/\/solucionescontract.com\/wp-content\/uploads\/2018\/01\/Mesa-comedor-contract-2018-dimensiones-y-caracteristicas-150x48.jpg 150w, https:\/\/solucionescontract.com\/wp-content\/uploads\/2018\/01\/Mesa-comedor-contract-2018-dimensiones-y-caracteristicas-800x256.jpg 800w, https:\/\/solucionescontract.com\/wp-content\/uploads\/2018\/01\/Mesa-comedor-contract-2018-dimensiones-y-caracteristicas-768x246.jpg 768w, https:\/\/solucionescontract.com\/wp-content\/uploads\/2018\/01\/Mesa-comedor-contract-2018-dimensiones-y-caracteristicas-1024x328.jpg 1024w, https:\/\/solucionescontract.com\/wp-content\/uploads\/2018\/01\/Mesa-comedor-contract-2018-dimensiones-y-caracteristicas-232x74.jpg 232w, https:\/\/solucionescontract.com\/wp-content\/uploads\/2018\/01\/Mesa-comedor-contract-2018-dimensiones-y-caracteristicas.jpg 1188w\" sizes=\"(max-width: 450px) 100vw, 450px\" \/><\/a><\/script><\/p>\n","protected":false},"excerpt":{"rendered":"<ul>\n<li>Table d&rsquo;hosteleria en bois \u00e0 4 pieds, id\u00e9ale pour les caf\u00e9s et les restaurants.<\/li>\n<li>Fabriqu\u00e9 en bois de h\u00eatre massif de 1\u00e8re qualit\u00e9.<\/li>\n<li>Plateau en DMF moul\u00e9 et plaqu\u00e9 en h\u00eatre de premi\u00e8re qualit\u00e9 et recouvert d&rsquo;un vernis anti-rayures.<\/li>\n<li>Utilisation int\u00e9rieure<\/li>\n<li>Hauteur 76cm<\/li>\n<\/ul>\n","protected":false},"featured_media":13980,"comment_status":"open","ping_status":"closed","template":"","meta":[],"product_brand":[],"product_cat":[569,607,577],"product_tag":[],"class_list":{"0":"post-22209","1":"product","2":"type-product","3":"status-publish","4":"has-post-thumbnail","6":"product_cat-conception-de-tables","7":"product_cat-meubles-pour-lhotellerie","8":"product_cat-tables-de-restauration","9":"product_shipping_class-gratuit","10":"yith_product_brand-tm-sillerias-fr","12":"first","13":"instock","14":"taxable","15":"shipping-taxable","16":"purchasable","17":"product-type-variable"},"yoast_head":"<!-- This site is optimized with the Yoast SEO plugin v27.3 - https:\/\/yoast.com\/product\/yoast-seo-wordpress\/ -->\n<title>TABLE H\u00d4TELLERIE BOIS 1048 | SOLUCIONES CONTRACT<\/title>\n<meta name=\"description\" content=\"Table de design en bois, id\u00e9al pour les \u00e9tablissements de restauration, les restaurants ... et pour la maison, la table de cuisine, la table \u00e0 manger ...venta online\" \/>\n<meta name=\"robots\" content=\"index, follow, max-snippet:-1, max-image-preview:large, max-video-preview:-1\" \/>\n<link rel=\"canonical\" href=\"https:\/\/solucionescontract.com\/producto\/mesa-hosteleria-madera\/\" \/>\n<meta property=\"og:locale\" content=\"fr_FR\" \/>\n<meta property=\"og:type\" content=\"article\" \/>\n<meta property=\"og:title\" content=\"TABLE H\u00d4TELLERIE BOIS 1048 | SOLUCIONES CONTRACT\" \/>\n<meta property=\"og:description\" content=\"Table de design en bois, id\u00e9al pour les \u00e9tablissements de restauration, les restaurants ... et pour la maison, la table de cuisine, la table \u00e0 manger ...venta online\" \/>\n<meta property=\"og:url\" content=\"https:\/\/solucionescontract.com\/producto\/mesa-hosteleria-madera\/\" \/>\n<meta property=\"og:site_name\" content=\"Soluciones Contract\" \/>\n<meta property=\"article:publisher\" content=\"https:\/\/www.facebook.com\/solucionescontract\/\" \/>\n<meta property=\"og:image\" content=\"https:\/\/solucionescontract.com\/wp-content\/uploads\/2017\/12\/MESA-COMEDOR-1048.jpg\" \/>\n\t<meta property=\"og:image:width\" content=\"997\" \/>\n\t<meta property=\"og:image:height\" content=\"997\" \/>\n\t<meta property=\"og:image:type\" content=\"image\/jpeg\" \/>\n<meta name=\"twitter:card\" content=\"summary_large_image\" \/>\n<script type=\"application\/ld+json\" class=\"yoast-schema-graph\">{\"@context\":\"https:\\\/\\\/schema.org\",\"@graph\":[{\"@type\":\"WebPage\",\"@id\":\"https:\\\/\\\/solucionescontract.com\\\/producto\\\/mesa-hosteleria-madera\\\/\",\"url\":\"https:\\\/\\\/solucionescontract.com\\\/producto\\\/mesa-hosteleria-madera\\\/\",\"name\":\"TABLE H\u00d4TELLERIE BOIS 1048 | SOLUCIONES CONTRACT\",\"isPartOf\":{\"@id\":\"https:\\\/\\\/solucionescontract.com\\\/#website\"},\"primaryImageOfPage\":{\"@id\":\"https:\\\/\\\/solucionescontract.com\\\/producto\\\/mesa-hosteleria-madera\\\/#primaryimage\"},\"image\":{\"@id\":\"https:\\\/\\\/solucionescontract.com\\\/producto\\\/mesa-hosteleria-madera\\\/#primaryimage\"},\"thumbnailUrl\":\"https:\\\/\\\/solucionescontract.com\\\/wp-content\\\/uploads\\\/2017\\\/12\\\/MESA-COMEDOR-1048.jpg\",\"datePublished\":\"2016-01-08T10:24:12+00:00\",\"description\":\"Table de design en bois, id\u00e9al pour les \u00e9tablissements de restauration, les restaurants ... et pour la maison, la table de cuisine, la table \u00e0 manger ...venta online\",\"breadcrumb\":{\"@id\":\"https:\\\/\\\/solucionescontract.com\\\/producto\\\/mesa-hosteleria-madera\\\/#breadcrumb\"},\"inLanguage\":\"fr-FR\",\"potentialAction\":[{\"@type\":\"ReadAction\",\"target\":[\"https:\\\/\\\/solucionescontract.com\\\/producto\\\/mesa-hosteleria-madera\\\/\"]}]},{\"@type\":\"ImageObject\",\"inLanguage\":\"fr-FR\",\"@id\":\"https:\\\/\\\/solucionescontract.com\\\/producto\\\/mesa-hosteleria-madera\\\/#primaryimage\",\"url\":\"https:\\\/\\\/solucionescontract.com\\\/wp-content\\\/uploads\\\/2017\\\/12\\\/MESA-COMEDOR-1048.jpg\",\"contentUrl\":\"https:\\\/\\\/solucionescontract.com\\\/wp-content\\\/uploads\\\/2017\\\/12\\\/MESA-COMEDOR-1048.jpg\",\"width\":997,\"height\":997},{\"@type\":\"BreadcrumbList\",\"@id\":\"https:\\\/\\\/solucionescontract.com\\\/producto\\\/mesa-hosteleria-madera\\\/#breadcrumb\",\"itemListElement\":[{\"@type\":\"ListItem\",\"position\":1,\"name\":\"Inicio\",\"item\":\"https:\\\/\\\/solucionescontract.com\\\/\"},{\"@type\":\"ListItem\",\"position\":2,\"name\":\"Tienda mobiliario contract\",\"item\":\"https:\\\/\\\/solucionescontract.com\\\/tienda-mobiliario-contract\\\/\"},{\"@type\":\"ListItem\",\"position\":3,\"name\":\"Mesas de dise\u00f1o\",\"item\":\"https:\\\/\\\/solucionescontract.com\\\/categoria-producto\\\/mesas-de-diseno\\\/\"},{\"@type\":\"ListItem\",\"position\":4,\"name\":\"Mesas Hosteler\u00eda\",\"item\":\"https:\\\/\\\/solucionescontract.com\\\/categoria-producto\\\/mesas-de-diseno\\\/mesas-hosteleria\\\/\"},{\"@type\":\"ListItem\",\"position\":5,\"name\":\"TABLE H\u00d4TELLERIE BOIS 1048\"}]},{\"@type\":\"WebSite\",\"@id\":\"https:\\\/\\\/solucionescontract.com\\\/#website\",\"url\":\"https:\\\/\\\/solucionescontract.com\\\/\",\"name\":\"Soluciones Contract\",\"description\":\"Venta Mobiliario contract de dise\u00f1o\",\"publisher\":{\"@id\":\"https:\\\/\\\/solucionescontract.com\\\/#organization\"},\"potentialAction\":[{\"@type\":\"SearchAction\",\"target\":{\"@type\":\"EntryPoint\",\"urlTemplate\":\"https:\\\/\\\/solucionescontract.com\\\/?s={search_term_string}\"},\"query-input\":{\"@type\":\"PropertyValueSpecification\",\"valueRequired\":true,\"valueName\":\"search_term_string\"}}],\"inLanguage\":\"fr-FR\"},{\"@type\":\"Organization\",\"@id\":\"https:\\\/\\\/solucionescontract.com\\\/#organization\",\"name\":\"Soluciones Contract\",\"url\":\"https:\\\/\\\/solucionescontract.com\\\/\",\"logo\":{\"@type\":\"ImageObject\",\"inLanguage\":\"fr-FR\",\"@id\":\"https:\\\/\\\/solucionescontract.com\\\/#\\\/schema\\\/logo\\\/image\\\/\",\"url\":\"https:\\\/\\\/solucionescontract.com\\\/wp-content\\\/uploads\\\/2020\\\/02\\\/logoSC.jpg\",\"contentUrl\":\"https:\\\/\\\/solucionescontract.com\\\/wp-content\\\/uploads\\\/2020\\\/02\\\/logoSC.jpg\",\"width\":300,\"height\":125,\"caption\":\"Soluciones Contract\"},\"image\":{\"@id\":\"https:\\\/\\\/solucionescontract.com\\\/#\\\/schema\\\/logo\\\/image\\\/\"},\"sameAs\":[\"https:\\\/\\\/www.facebook.com\\\/solucionescontract\\\/\"]}]}<\/script>\n<!-- \/ Yoast SEO plugin. -->","yoast_head_json":{"title":"TABLE H\u00d4TELLERIE BOIS 1048 | SOLUCIONES CONTRACT","description":"Table de design en bois, id\u00e9al pour les \u00e9tablissements de restauration, les restaurants ... et pour la maison, la table de cuisine, la table \u00e0 manger ...venta online","robots":{"index":"index","follow":"follow","max-snippet":"max-snippet:-1","max-image-preview":"max-image-preview:large","max-video-preview":"max-video-preview:-1"},"canonical":"https:\/\/solucionescontract.com\/producto\/mesa-hosteleria-madera\/","og_locale":"fr_FR","og_type":"article","og_title":"TABLE H\u00d4TELLERIE BOIS 1048 | SOLUCIONES CONTRACT","og_description":"Table de design en bois, id\u00e9al pour les \u00e9tablissements de restauration, les restaurants ... et pour la maison, la table de cuisine, la table \u00e0 manger ...venta online","og_url":"https:\/\/solucionescontract.com\/producto\/mesa-hosteleria-madera\/","og_site_name":"Soluciones Contract","article_publisher":"https:\/\/www.facebook.com\/solucionescontract\/","og_image":[{"width":997,"height":997,"url":"https:\/\/solucionescontract.com\/wp-content\/uploads\/2017\/12\/MESA-COMEDOR-1048.jpg","type":"image\/jpeg"}],"twitter_card":"summary_large_image","schema":{"@context":"https:\/\/schema.org","@graph":[{"@type":"WebPage","@id":"https:\/\/solucionescontract.com\/producto\/mesa-hosteleria-madera\/","url":"https:\/\/solucionescontract.com\/producto\/mesa-hosteleria-madera\/","name":"TABLE H\u00d4TELLERIE BOIS 1048 | SOLUCIONES CONTRACT","isPartOf":{"@id":"https:\/\/solucionescontract.com\/#website"},"primaryImageOfPage":{"@id":"https:\/\/solucionescontract.com\/producto\/mesa-hosteleria-madera\/#primaryimage"},"image":{"@id":"https:\/\/solucionescontract.com\/producto\/mesa-hosteleria-madera\/#primaryimage"},"thumbnailUrl":"https:\/\/solucionescontract.com\/wp-content\/uploads\/2017\/12\/MESA-COMEDOR-1048.jpg","datePublished":"2016-01-08T10:24:12+00:00","description":"Table de design en bois, id\u00e9al pour les \u00e9tablissements de restauration, les restaurants ... et pour la maison, la table de cuisine, la table \u00e0 manger ...venta online","breadcrumb":{"@id":"https:\/\/solucionescontract.com\/producto\/mesa-hosteleria-madera\/#breadcrumb"},"inLanguage":"fr-FR","potentialAction":[{"@type":"ReadAction","target":["https:\/\/solucionescontract.com\/producto\/mesa-hosteleria-madera\/"]}]},{"@type":"ImageObject","inLanguage":"fr-FR","@id":"https:\/\/solucionescontract.com\/producto\/mesa-hosteleria-madera\/#primaryimage","url":"https:\/\/solucionescontract.com\/wp-content\/uploads\/2017\/12\/MESA-COMEDOR-1048.jpg","contentUrl":"https:\/\/solucionescontract.com\/wp-content\/uploads\/2017\/12\/MESA-COMEDOR-1048.jpg","width":997,"height":997},{"@type":"BreadcrumbList","@id":"https:\/\/solucionescontract.com\/producto\/mesa-hosteleria-madera\/#breadcrumb","itemListElement":[{"@type":"ListItem","position":1,"name":"Inicio","item":"https:\/\/solucionescontract.com\/"},{"@type":"ListItem","position":2,"name":"Tienda mobiliario contract","item":"https:\/\/solucionescontract.com\/tienda-mobiliario-contract\/"},{"@type":"ListItem","position":3,"name":"Mesas de dise\u00f1o","item":"https:\/\/solucionescontract.com\/categoria-producto\/mesas-de-diseno\/"},{"@type":"ListItem","position":4,"name":"Mesas Hosteler\u00eda","item":"https:\/\/solucionescontract.com\/categoria-producto\/mesas-de-diseno\/mesas-hosteleria\/"},{"@type":"ListItem","position":5,"name":"TABLE H\u00d4TELLERIE BOIS 1048"}]},{"@type":"WebSite","@id":"https:\/\/solucionescontract.com\/#website","url":"https:\/\/solucionescontract.com\/","name":"Soluciones Contract","description":"Venta Mobiliario contract de dise\u00f1o","publisher":{"@id":"https:\/\/solucionescontract.com\/#organization"},"potentialAction":[{"@type":"SearchAction","target":{"@type":"EntryPoint","urlTemplate":"https:\/\/solucionescontract.com\/?s={search_term_string}"},"query-input":{"@type":"PropertyValueSpecification","valueRequired":true,"valueName":"search_term_string"}}],"inLanguage":"fr-FR"},{"@type":"Organization","@id":"https:\/\/solucionescontract.com\/#organization","name":"Soluciones Contract","url":"https:\/\/solucionescontract.com\/","logo":{"@type":"ImageObject","inLanguage":"fr-FR","@id":"https:\/\/solucionescontract.com\/#\/schema\/logo\/image\/","url":"https:\/\/solucionescontract.com\/wp-content\/uploads\/2020\/02\/logoSC.jpg","contentUrl":"https:\/\/solucionescontract.com\/wp-content\/uploads\/2020\/02\/logoSC.jpg","width":300,"height":125,"caption":"Soluciones Contract"},"image":{"@id":"https:\/\/solucionescontract.com\/#\/schema\/logo\/image\/"},"sameAs":["https:\/\/www.facebook.com\/solucionescontract\/"]}]}},"_links":{"self":[{"href":"https:\/\/solucionescontract.com\/fr\/wp-json\/wp\/v2\/product\/22209","targetHints":{"allow":["GET"]}}],"collection":[{"href":"https:\/\/solucionescontract.com\/fr\/wp-json\/wp\/v2\/product"}],"about":[{"href":"https:\/\/solucionescontract.com\/fr\/wp-json\/wp\/v2\/types\/product"}],"replies":[{"embeddable":true,"href":"https:\/\/solucionescontract.com\/fr\/wp-json\/wp\/v2\/comments?post=22209"}],"wp:featuredmedia":[{"embeddable":true,"href":"https:\/\/solucionescontract.com\/fr\/wp-json\/wp\/v2\/media\/13980"}],"wp:attachment":[{"href":"https:\/\/solucionescontract.com\/fr\/wp-json\/wp\/v2\/media?parent=22209"}],"wp:term":[{"taxonomy":"product_brand","embeddable":true,"href":"https:\/\/solucionescontract.com\/fr\/wp-json\/wp\/v2\/product_brand?post=22209"},{"taxonomy":"product_cat","embeddable":true,"href":"https:\/\/solucionescontract.com\/fr\/wp-json\/wp\/v2\/product_cat?post=22209"},{"taxonomy":"product_tag","embeddable":true,"href":"https:\/\/solucionescontract.com\/fr\/wp-json\/wp\/v2\/product_tag?post=22209"}],"curies":[{"name":"wp","href":"https:\/\/api.w.org\/{rel}","templated":true}]}}