{"id":22203,"date":"2016-01-01T17:10:15","date_gmt":"2016-01-01T17:10:15","guid":{"rendered":"https:\/\/www.solucionescontract.com\/producto\/table-en-bois-de-style-vintage-995\/"},"modified":"2016-01-01T17:10:15","modified_gmt":"2016-01-01T17:10:15","slug":"table-en-bois-de-style-vintage-995","status":"publish","type":"product","link":"https:\/\/solucionescontract.com\/fr\/producto\/table-en-bois-de-style-vintage-995\/","title":{"rendered":"TABLE EN BOIS DE STYLE VINTAGE 995"},"content":{"rendered":"<p><a href=\"https:\/\/solucionescontract.com\/wp-content\/uploads\/2017\/12\/Ficha-tecnica-y-caracteristicas.jpg\"><img decoding=\"async\" class=\" wd-lazy-fade alignnone wp-image-3735 size-medium\" src=\"https:\/\/solucionescontract.com\/wp-content\/themes\/woodmart\/images\/lazy.svg\" data-src=\"https:\/\/solucionescontract.com\/wp-content\/uploads\/2017\/12\/Ficha-tecnica-y-caracteristicas-300x95.jpg\" alt=\"\" width=\"300\" height=\"95\" srcset=\"\" data-srcset=\"https:\/\/solucionescontract.com\/wp-content\/uploads\/2017\/12\/Ficha-tecnica-y-caracteristicas-300x95.jpg 300w, https:\/\/solucionescontract.com\/wp-content\/uploads\/2017\/12\/Ficha-tecnica-y-caracteristicas-150x48.jpg 150w, https:\/\/solucionescontract.com\/wp-content\/uploads\/2017\/12\/Ficha-tecnica-y-caracteristicas-504x160.jpg 504w, https:\/\/solucionescontract.com\/wp-content\/uploads\/2017\/12\/Ficha-tecnica-y-caracteristicas-232x73.jpg 232w, https:\/\/solucionescontract.com\/wp-content\/uploads\/2017\/12\/Ficha-tecnica-y-caracteristicas.jpg 644w\" sizes=\"(max-width: 300px) 100vw, 300px\" \/><\/a><\/script><\/p>\n","protected":false},"excerpt":{"rendered":"<ul>\n<li>Table en bois de style ancien avec 4 pieds tripodes.<\/li>\n<li>Id\u00e9al pour les caf\u00e9s et les restaurants.<\/li>\n<li>Fabriqu\u00e9 en bois de h\u00eatre massif de 1\u00e8re qualit\u00e9.<\/li>\n<li>Plateau en DMF moul\u00e9 et plaqu\u00e9 en h\u00eatre de premi\u00e8re qualit\u00e9 et recouvert d&rsquo;un vernis anti-rayures. Bords moul\u00e9s et arrondis.<\/li>\n<li>Utilisation int\u00e9rieure<\/li>\n<li>Hauteur 76cm<\/li>\n<li>Achat minimum de 2 unit\u00e9s.<br \/>\n(<a href=\"\/fr\/contact-us\/\">demander un achat inf\u00e9rieur \/ des remises sur les achats en volume<\/a>)<\/li>\n<\/ul>\n","protected":false},"featured_media":13906,"comment_status":"open","ping_status":"closed","template":"","meta":[],"product_brand":[],"product_cat":[569,607,577],"product_tag":[652],"class_list":{"0":"post-22203","1":"product","2":"type-product","3":"status-publish","4":"has-post-thumbnail","6":"product_cat-conception-de-tables","7":"product_cat-meubles-pour-lhotellerie","8":"product_cat-tables-de-restauration","9":"product_tag-meubles-vintage","10":"product_shipping_class-gratuit","11":"yith_product_brand-tm-sillerias-fr","13":"first","14":"instock","15":"taxable","16":"shipping-taxable","17":"purchasable","18":"product-type-variable"},"yoast_head":"<!-- This site is optimized with the Yoast SEO plugin v27.3 - https:\/\/yoast.com\/product\/yoast-seo-wordpress\/ -->\n<title>TABLE EN BOIS DE STYLE VINTAGE | SOLUCIONES CONTRACT<\/title>\n<meta name=\"description\" content=\"Table en bois de style vintage, id\u00e9ale pour l&#039;h\u00f4tellerie, les caf\u00e9s, les bars, les restaurants... ou pour un usage domestique. Il vend en ligne.\" \/>\n<meta name=\"robots\" content=\"index, follow, max-snippet:-1, max-image-preview:large, max-video-preview:-1\" \/>\n<link rel=\"canonical\" href=\"https:\/\/solucionescontract.com\/producto\/mesa-de-madera-estilo-vintage\/\" \/>\n<meta property=\"og:locale\" content=\"fr_FR\" \/>\n<meta property=\"og:type\" content=\"article\" \/>\n<meta property=\"og:title\" content=\"TABLE EN BOIS DE STYLE VINTAGE | SOLUCIONES CONTRACT\" \/>\n<meta property=\"og:description\" content=\"Table en bois de style vintage, id\u00e9ale pour l&#039;h\u00f4tellerie, les caf\u00e9s, les bars, les restaurants... ou pour un usage domestique. Il vend en ligne.\" \/>\n<meta property=\"og:url\" content=\"https:\/\/solucionescontract.com\/producto\/mesa-de-madera-estilo-vintage\/\" \/>\n<meta property=\"og:site_name\" content=\"Soluciones Contract\" \/>\n<meta property=\"article:publisher\" content=\"https:\/\/www.facebook.com\/solucionescontract\/\" \/>\n<meta property=\"og:image\" content=\"https:\/\/solucionescontract.com\/wp-content\/uploads\/2017\/12\/Mesa-de-madera-estilo-vintage-redonda-cafeteria-.jpg\" \/>\n\t<meta property=\"og:image:width\" content=\"1000\" \/>\n\t<meta property=\"og:image:height\" content=\"1000\" \/>\n\t<meta property=\"og:image:type\" content=\"image\/jpeg\" \/>\n<meta name=\"twitter:card\" content=\"summary_large_image\" \/>\n<script type=\"application\/ld+json\" class=\"yoast-schema-graph\">{\"@context\":\"https:\\\/\\\/schema.org\",\"@graph\":[{\"@type\":\"WebPage\",\"@id\":\"https:\\\/\\\/solucionescontract.com\\\/producto\\\/mesa-de-madera-estilo-vintage\\\/\",\"url\":\"https:\\\/\\\/solucionescontract.com\\\/producto\\\/mesa-de-madera-estilo-vintage\\\/\",\"name\":\"TABLE EN BOIS DE STYLE VINTAGE | SOLUCIONES CONTRACT\",\"isPartOf\":{\"@id\":\"https:\\\/\\\/solucionescontract.com\\\/#website\"},\"primaryImageOfPage\":{\"@id\":\"https:\\\/\\\/solucionescontract.com\\\/producto\\\/mesa-de-madera-estilo-vintage\\\/#primaryimage\"},\"image\":{\"@id\":\"https:\\\/\\\/solucionescontract.com\\\/producto\\\/mesa-de-madera-estilo-vintage\\\/#primaryimage\"},\"thumbnailUrl\":\"https:\\\/\\\/solucionescontract.com\\\/wp-content\\\/uploads\\\/2017\\\/12\\\/Mesa-de-madera-estilo-vintage-redonda-cafeteria-.jpg\",\"datePublished\":\"2016-01-01T17:10:15+00:00\",\"description\":\"Table en bois de style vintage, id\u00e9ale pour l'h\u00f4tellerie, les caf\u00e9s, les bars, les restaurants... ou pour un usage domestique. Il vend en ligne.\",\"breadcrumb\":{\"@id\":\"https:\\\/\\\/solucionescontract.com\\\/producto\\\/mesa-de-madera-estilo-vintage\\\/#breadcrumb\"},\"inLanguage\":\"fr-FR\",\"potentialAction\":[{\"@type\":\"ReadAction\",\"target\":[\"https:\\\/\\\/solucionescontract.com\\\/producto\\\/mesa-de-madera-estilo-vintage\\\/\"]}]},{\"@type\":\"ImageObject\",\"inLanguage\":\"fr-FR\",\"@id\":\"https:\\\/\\\/solucionescontract.com\\\/producto\\\/mesa-de-madera-estilo-vintage\\\/#primaryimage\",\"url\":\"https:\\\/\\\/solucionescontract.com\\\/wp-content\\\/uploads\\\/2017\\\/12\\\/Mesa-de-madera-estilo-vintage-redonda-cafeteria-.jpg\",\"contentUrl\":\"https:\\\/\\\/solucionescontract.com\\\/wp-content\\\/uploads\\\/2017\\\/12\\\/Mesa-de-madera-estilo-vintage-redonda-cafeteria-.jpg\",\"width\":1000,\"height\":1000},{\"@type\":\"BreadcrumbList\",\"@id\":\"https:\\\/\\\/solucionescontract.com\\\/producto\\\/mesa-de-madera-estilo-vintage\\\/#breadcrumb\",\"itemListElement\":[{\"@type\":\"ListItem\",\"position\":1,\"name\":\"Inicio\",\"item\":\"https:\\\/\\\/solucionescontract.com\\\/\"},{\"@type\":\"ListItem\",\"position\":2,\"name\":\"Tienda mobiliario contract\",\"item\":\"https:\\\/\\\/solucionescontract.com\\\/tienda-mobiliario-contract\\\/\"},{\"@type\":\"ListItem\",\"position\":3,\"name\":\"Mesas de dise\u00f1o\",\"item\":\"https:\\\/\\\/solucionescontract.com\\\/categoria-producto\\\/mesas-de-diseno\\\/\"},{\"@type\":\"ListItem\",\"position\":4,\"name\":\"Mesas Hosteler\u00eda\",\"item\":\"https:\\\/\\\/solucionescontract.com\\\/categoria-producto\\\/mesas-de-diseno\\\/mesas-hosteleria\\\/\"},{\"@type\":\"ListItem\",\"position\":5,\"name\":\"TABLE EN BOIS DE STYLE VINTAGE 995\"}]},{\"@type\":\"WebSite\",\"@id\":\"https:\\\/\\\/solucionescontract.com\\\/#website\",\"url\":\"https:\\\/\\\/solucionescontract.com\\\/\",\"name\":\"Soluciones Contract\",\"description\":\"Venta Mobiliario contract de dise\u00f1o\",\"publisher\":{\"@id\":\"https:\\\/\\\/solucionescontract.com\\\/#organization\"},\"potentialAction\":[{\"@type\":\"SearchAction\",\"target\":{\"@type\":\"EntryPoint\",\"urlTemplate\":\"https:\\\/\\\/solucionescontract.com\\\/?s={search_term_string}\"},\"query-input\":{\"@type\":\"PropertyValueSpecification\",\"valueRequired\":true,\"valueName\":\"search_term_string\"}}],\"inLanguage\":\"fr-FR\"},{\"@type\":\"Organization\",\"@id\":\"https:\\\/\\\/solucionescontract.com\\\/#organization\",\"name\":\"Soluciones Contract\",\"url\":\"https:\\\/\\\/solucionescontract.com\\\/\",\"logo\":{\"@type\":\"ImageObject\",\"inLanguage\":\"fr-FR\",\"@id\":\"https:\\\/\\\/solucionescontract.com\\\/#\\\/schema\\\/logo\\\/image\\\/\",\"url\":\"https:\\\/\\\/solucionescontract.com\\\/wp-content\\\/uploads\\\/2020\\\/02\\\/logoSC.jpg\",\"contentUrl\":\"https:\\\/\\\/solucionescontract.com\\\/wp-content\\\/uploads\\\/2020\\\/02\\\/logoSC.jpg\",\"width\":300,\"height\":125,\"caption\":\"Soluciones Contract\"},\"image\":{\"@id\":\"https:\\\/\\\/solucionescontract.com\\\/#\\\/schema\\\/logo\\\/image\\\/\"},\"sameAs\":[\"https:\\\/\\\/www.facebook.com\\\/solucionescontract\\\/\"]}]}<\/script>\n<!-- \/ Yoast SEO plugin. -->","yoast_head_json":{"title":"TABLE EN BOIS DE STYLE VINTAGE | SOLUCIONES CONTRACT","description":"Table en bois de style vintage, id\u00e9ale pour l'h\u00f4tellerie, les caf\u00e9s, les bars, les restaurants... ou pour un usage domestique. Il vend en ligne.","robots":{"index":"index","follow":"follow","max-snippet":"max-snippet:-1","max-image-preview":"max-image-preview:large","max-video-preview":"max-video-preview:-1"},"canonical":"https:\/\/solucionescontract.com\/producto\/mesa-de-madera-estilo-vintage\/","og_locale":"fr_FR","og_type":"article","og_title":"TABLE EN BOIS DE STYLE VINTAGE | SOLUCIONES CONTRACT","og_description":"Table en bois de style vintage, id\u00e9ale pour l'h\u00f4tellerie, les caf\u00e9s, les bars, les restaurants... ou pour un usage domestique. Il vend en ligne.","og_url":"https:\/\/solucionescontract.com\/producto\/mesa-de-madera-estilo-vintage\/","og_site_name":"Soluciones Contract","article_publisher":"https:\/\/www.facebook.com\/solucionescontract\/","og_image":[{"width":1000,"height":1000,"url":"https:\/\/solucionescontract.com\/wp-content\/uploads\/2017\/12\/Mesa-de-madera-estilo-vintage-redonda-cafeteria-.jpg","type":"image\/jpeg"}],"twitter_card":"summary_large_image","schema":{"@context":"https:\/\/schema.org","@graph":[{"@type":"WebPage","@id":"https:\/\/solucionescontract.com\/producto\/mesa-de-madera-estilo-vintage\/","url":"https:\/\/solucionescontract.com\/producto\/mesa-de-madera-estilo-vintage\/","name":"TABLE EN BOIS DE STYLE VINTAGE | SOLUCIONES CONTRACT","isPartOf":{"@id":"https:\/\/solucionescontract.com\/#website"},"primaryImageOfPage":{"@id":"https:\/\/solucionescontract.com\/producto\/mesa-de-madera-estilo-vintage\/#primaryimage"},"image":{"@id":"https:\/\/solucionescontract.com\/producto\/mesa-de-madera-estilo-vintage\/#primaryimage"},"thumbnailUrl":"https:\/\/solucionescontract.com\/wp-content\/uploads\/2017\/12\/Mesa-de-madera-estilo-vintage-redonda-cafeteria-.jpg","datePublished":"2016-01-01T17:10:15+00:00","description":"Table en bois de style vintage, id\u00e9ale pour l'h\u00f4tellerie, les caf\u00e9s, les bars, les restaurants... ou pour un usage domestique. Il vend en ligne.","breadcrumb":{"@id":"https:\/\/solucionescontract.com\/producto\/mesa-de-madera-estilo-vintage\/#breadcrumb"},"inLanguage":"fr-FR","potentialAction":[{"@type":"ReadAction","target":["https:\/\/solucionescontract.com\/producto\/mesa-de-madera-estilo-vintage\/"]}]},{"@type":"ImageObject","inLanguage":"fr-FR","@id":"https:\/\/solucionescontract.com\/producto\/mesa-de-madera-estilo-vintage\/#primaryimage","url":"https:\/\/solucionescontract.com\/wp-content\/uploads\/2017\/12\/Mesa-de-madera-estilo-vintage-redonda-cafeteria-.jpg","contentUrl":"https:\/\/solucionescontract.com\/wp-content\/uploads\/2017\/12\/Mesa-de-madera-estilo-vintage-redonda-cafeteria-.jpg","width":1000,"height":1000},{"@type":"BreadcrumbList","@id":"https:\/\/solucionescontract.com\/producto\/mesa-de-madera-estilo-vintage\/#breadcrumb","itemListElement":[{"@type":"ListItem","position":1,"name":"Inicio","item":"https:\/\/solucionescontract.com\/"},{"@type":"ListItem","position":2,"name":"Tienda mobiliario contract","item":"https:\/\/solucionescontract.com\/tienda-mobiliario-contract\/"},{"@type":"ListItem","position":3,"name":"Mesas de dise\u00f1o","item":"https:\/\/solucionescontract.com\/categoria-producto\/mesas-de-diseno\/"},{"@type":"ListItem","position":4,"name":"Mesas Hosteler\u00eda","item":"https:\/\/solucionescontract.com\/categoria-producto\/mesas-de-diseno\/mesas-hosteleria\/"},{"@type":"ListItem","position":5,"name":"TABLE EN BOIS DE STYLE VINTAGE 995"}]},{"@type":"WebSite","@id":"https:\/\/solucionescontract.com\/#website","url":"https:\/\/solucionescontract.com\/","name":"Soluciones Contract","description":"Venta Mobiliario contract de dise\u00f1o","publisher":{"@id":"https:\/\/solucionescontract.com\/#organization"},"potentialAction":[{"@type":"SearchAction","target":{"@type":"EntryPoint","urlTemplate":"https:\/\/solucionescontract.com\/?s={search_term_string}"},"query-input":{"@type":"PropertyValueSpecification","valueRequired":true,"valueName":"search_term_string"}}],"inLanguage":"fr-FR"},{"@type":"Organization","@id":"https:\/\/solucionescontract.com\/#organization","name":"Soluciones Contract","url":"https:\/\/solucionescontract.com\/","logo":{"@type":"ImageObject","inLanguage":"fr-FR","@id":"https:\/\/solucionescontract.com\/#\/schema\/logo\/image\/","url":"https:\/\/solucionescontract.com\/wp-content\/uploads\/2020\/02\/logoSC.jpg","contentUrl":"https:\/\/solucionescontract.com\/wp-content\/uploads\/2020\/02\/logoSC.jpg","width":300,"height":125,"caption":"Soluciones Contract"},"image":{"@id":"https:\/\/solucionescontract.com\/#\/schema\/logo\/image\/"},"sameAs":["https:\/\/www.facebook.com\/solucionescontract\/"]}]}},"_links":{"self":[{"href":"https:\/\/solucionescontract.com\/fr\/wp-json\/wp\/v2\/product\/22203","targetHints":{"allow":["GET"]}}],"collection":[{"href":"https:\/\/solucionescontract.com\/fr\/wp-json\/wp\/v2\/product"}],"about":[{"href":"https:\/\/solucionescontract.com\/fr\/wp-json\/wp\/v2\/types\/product"}],"replies":[{"embeddable":true,"href":"https:\/\/solucionescontract.com\/fr\/wp-json\/wp\/v2\/comments?post=22203"}],"wp:featuredmedia":[{"embeddable":true,"href":"https:\/\/solucionescontract.com\/fr\/wp-json\/wp\/v2\/media\/13906"}],"wp:attachment":[{"href":"https:\/\/solucionescontract.com\/fr\/wp-json\/wp\/v2\/media?parent=22203"}],"wp:term":[{"taxonomy":"product_brand","embeddable":true,"href":"https:\/\/solucionescontract.com\/fr\/wp-json\/wp\/v2\/product_brand?post=22203"},{"taxonomy":"product_cat","embeddable":true,"href":"https:\/\/solucionescontract.com\/fr\/wp-json\/wp\/v2\/product_cat?post=22203"},{"taxonomy":"product_tag","embeddable":true,"href":"https:\/\/solucionescontract.com\/fr\/wp-json\/wp\/v2\/product_tag?post=22203"}],"curies":[{"name":"wp","href":"https:\/\/api.w.org\/{rel}","templated":true}]}}