{"id":22072,"date":"2017-11-26T15:53:41","date_gmt":"2017-11-26T15:53:41","guid":{"rendered":"https:\/\/www.solucionescontract.com\/producto\/fauteuil-salle-dattente-9375\/"},"modified":"2021-04-16T11:39:33","modified_gmt":"2021-04-16T11:39:33","slug":"fauteuil-salle-dattente-9375","status":"publish","type":"product","link":"https:\/\/solucionescontract.com\/fr\/producto\/fauteuil-salle-dattente-9375\/","title":{"rendered":"FAUTEUIL SALLE D&rsquo;ATTENTE 9375"},"content":{"rendered":"<p><a href=\"https:\/\/solucionescontract.com\/wp-content\/uploads\/2017\/11\/ficha-y-dimensiones-9375.jpg\"><img decoding=\"async\" class=\" wd-lazy-fade alignnone wp-image-3697\" src=\"https:\/\/solucionescontract.com\/wp-content\/themes\/woodmart\/images\/lazy.svg\" data-src=\"https:\/\/solucionescontract.com\/wp-content\/uploads\/2017\/11\/ficha-y-dimensiones-9375-300x95.jpg\" alt=\"Sill\u00f3n de dise\u00f1o\" width=\"450\" height=\"143\" srcset=\"\" data-srcset=\"https:\/\/solucionescontract.com\/wp-content\/uploads\/2017\/11\/ficha-y-dimensiones-9375-300x95.jpg 300w, https:\/\/solucionescontract.com\/wp-content\/uploads\/2017\/11\/ficha-y-dimensiones-9375-150x48.jpg 150w, https:\/\/solucionescontract.com\/wp-content\/uploads\/2017\/11\/ficha-y-dimensiones-9375-800x254.jpg 800w, https:\/\/solucionescontract.com\/wp-content\/uploads\/2017\/11\/ficha-y-dimensiones-9375-768x244.jpg 768w, https:\/\/solucionescontract.com\/wp-content\/uploads\/2017\/11\/ficha-y-dimensiones-9375-1024x325.jpg 1024w, https:\/\/solucionescontract.com\/wp-content\/uploads\/2017\/11\/ficha-y-dimensiones-9375-232x74.jpg 232w, https:\/\/solucionescontract.com\/wp-content\/uploads\/2017\/11\/ficha-y-dimensiones-9375.jpg 1255w\" sizes=\"(max-width: 450px) 100vw, 450px\" \/><\/a><\/script><\/p>\n","protected":false},"excerpt":{"rendered":"<ul>\n<li>Fauteuil rembourr\u00e9 en turquoise. Pi\u00e8ce unique id\u00e9ale pour \u00eatre plac\u00e9e dans les salons d&rsquo;h\u00f4tel, les r\u00e9ceptions, les salles d&rsquo;attente.. (ainsi que pour un usage domestique)<\/li>\n<li>Pieds chrom\u00e9s, si\u00e8ge en polyur\u00e9thane.<\/li>\n<li>Hauteur du si\u00e8ge 400 mm<\/li>\n<li>Utilisation \u00e0 l&rsquo;int\u00e9rieur<\/li>\n<li>Large gamme de finitions du bois \/ de rembourrage, <a href=\"https:\/\/solucionescontract.com\/fr\/producto\/finition-tm\/\">s\u00e9lectionnez les finitions ici<\/a><\/li>\n<\/ul>\n","protected":false},"featured_media":13898,"comment_status":"open","ping_status":"closed","template":"","meta":[],"product_brand":[],"product_cat":[627,531],"product_tag":[689],"class_list":{"0":"post-22072","1":"product","2":"type-product","3":"status-publish","4":"has-post-thumbnail","6":"product_cat-fauteuil-contract","7":"product_cat-fauteuils-design","8":"product_tag-asientos-tapizados-fr","9":"product_shipping_class-gratuit","10":"yith_product_brand-tm-sillerias-fr","12":"first","13":"instock","14":"taxable","15":"shipping-taxable","16":"purchasable","17":"product-type-simple"},"yoast_head":"<!-- This site is optimized with the Yoast SEO plugin v27.3 - https:\/\/yoast.com\/product\/yoast-seo-wordpress\/ -->\n<title>FAUTEUIL DESIGN SALLE D&#039;ATTENTE, UNE PI\u00c8CE UNIQUE !<\/title>\n<meta name=\"description\" content=\"Chaise longue design, une pi\u00e8ce unique de design id\u00e9ale pour une utilisation dans les salons d&#039;h\u00f4tel, les salles d&#039;attente... mais aussi parfaite pour un usage domestique.\" \/>\n<meta name=\"robots\" content=\"index, follow, max-snippet:-1, max-image-preview:large, max-video-preview:-1\" \/>\n<link rel=\"canonical\" href=\"https:\/\/solucionescontract.com\/fr\/producto\/fauteuil-salle-dattente-9375\/\" \/>\n<meta property=\"og:locale\" content=\"fr_FR\" \/>\n<meta property=\"og:type\" content=\"article\" \/>\n<meta property=\"og:title\" content=\"FAUTEUIL DESIGN SALLE D&#039;ATTENTE, UNE PI\u00c8CE UNIQUE !\" \/>\n<meta property=\"og:description\" content=\"Chaise longue design, une pi\u00e8ce unique de design id\u00e9ale pour une utilisation dans les salons d&#039;h\u00f4tel, les salles d&#039;attente... mais aussi parfaite pour un usage domestique.\" \/>\n<meta property=\"og:url\" content=\"https:\/\/solucionescontract.com\/fr\/producto\/fauteuil-salle-dattente-9375\/\" \/>\n<meta property=\"og:site_name\" content=\"Soluciones Contract\" \/>\n<meta property=\"article:publisher\" content=\"https:\/\/www.facebook.com\/solucionescontract\/\" \/>\n<meta property=\"article:modified_time\" content=\"2021-04-16T11:39:33+00:00\" \/>\n<meta property=\"og:image\" content=\"https:\/\/solucionescontract.com\/wp-content\/uploads\/2017\/11\/sillon-moerno-turquesa-9375.jpg\" \/>\n\t<meta property=\"og:image:width\" content=\"887\" \/>\n\t<meta property=\"og:image:height\" content=\"886\" \/>\n\t<meta property=\"og:image:type\" content=\"image\/jpeg\" \/>\n<meta name=\"twitter:card\" content=\"summary_large_image\" \/>\n<script type=\"application\/ld+json\" class=\"yoast-schema-graph\">{\"@context\":\"https:\\\/\\\/schema.org\",\"@graph\":[{\"@type\":\"WebPage\",\"@id\":\"https:\\\/\\\/solucionescontract.com\\\/fr\\\/producto\\\/fauteuil-salle-dattente-9375\\\/\",\"url\":\"https:\\\/\\\/solucionescontract.com\\\/fr\\\/producto\\\/fauteuil-salle-dattente-9375\\\/\",\"name\":\"FAUTEUIL DESIGN SALLE D'ATTENTE, UNE PI\u00c8CE UNIQUE !\",\"isPartOf\":{\"@id\":\"https:\\\/\\\/solucionescontract.com\\\/#website\"},\"primaryImageOfPage\":{\"@id\":\"https:\\\/\\\/solucionescontract.com\\\/fr\\\/producto\\\/fauteuil-salle-dattente-9375\\\/#primaryimage\"},\"image\":{\"@id\":\"https:\\\/\\\/solucionescontract.com\\\/fr\\\/producto\\\/fauteuil-salle-dattente-9375\\\/#primaryimage\"},\"thumbnailUrl\":\"https:\\\/\\\/solucionescontract.com\\\/wp-content\\\/uploads\\\/2017\\\/11\\\/sillon-moerno-turquesa-9375.jpg\",\"datePublished\":\"2017-11-26T15:53:41+00:00\",\"dateModified\":\"2021-04-16T11:39:33+00:00\",\"description\":\"Chaise longue design, une pi\u00e8ce unique de design id\u00e9ale pour une utilisation dans les salons d'h\u00f4tel, les salles d'attente... mais aussi parfaite pour un usage domestique.\",\"breadcrumb\":{\"@id\":\"https:\\\/\\\/solucionescontract.com\\\/fr\\\/producto\\\/fauteuil-salle-dattente-9375\\\/#breadcrumb\"},\"inLanguage\":\"fr-FR\",\"potentialAction\":[{\"@type\":\"ReadAction\",\"target\":[\"https:\\\/\\\/solucionescontract.com\\\/fr\\\/producto\\\/fauteuil-salle-dattente-9375\\\/\"]}]},{\"@type\":\"ImageObject\",\"inLanguage\":\"fr-FR\",\"@id\":\"https:\\\/\\\/solucionescontract.com\\\/fr\\\/producto\\\/fauteuil-salle-dattente-9375\\\/#primaryimage\",\"url\":\"https:\\\/\\\/solucionescontract.com\\\/wp-content\\\/uploads\\\/2017\\\/11\\\/sillon-moerno-turquesa-9375.jpg\",\"contentUrl\":\"https:\\\/\\\/solucionescontract.com\\\/wp-content\\\/uploads\\\/2017\\\/11\\\/sillon-moerno-turquesa-9375.jpg\",\"width\":887,\"height\":886},{\"@type\":\"BreadcrumbList\",\"@id\":\"https:\\\/\\\/solucionescontract.com\\\/fr\\\/producto\\\/fauteuil-salle-dattente-9375\\\/#breadcrumb\",\"itemListElement\":[{\"@type\":\"ListItem\",\"position\":1,\"name\":\"Inicio\",\"item\":\"https:\\\/\\\/solucionescontract.com\\\/\"},{\"@type\":\"ListItem\",\"position\":2,\"name\":\"Tienda mobiliario contract\",\"item\":\"https:\\\/\\\/solucionescontract.com\\\/tienda-mobiliario-contract\\\/\"},{\"@type\":\"ListItem\",\"position\":3,\"name\":\"Salle d&#039;attente et r\u00e9ception\",\"item\":\"https:\\\/\\\/solucionescontract.com\\\/fr\\\/categoria-producto\\\/salle-dattente-et-reception\\\/\"},{\"@type\":\"ListItem\",\"position\":4,\"name\":\"Fauteuil Contract\",\"item\":\"https:\\\/\\\/solucionescontract.com\\\/fr\\\/categoria-producto\\\/salle-dattente-et-reception\\\/fauteuil-contract\\\/\"},{\"@type\":\"ListItem\",\"position\":5,\"name\":\"FAUTEUIL SALLE D&rsquo;ATTENTE 9375\"}]},{\"@type\":\"WebSite\",\"@id\":\"https:\\\/\\\/solucionescontract.com\\\/#website\",\"url\":\"https:\\\/\\\/solucionescontract.com\\\/\",\"name\":\"Soluciones Contract\",\"description\":\"Venta Mobiliario contract de dise\u00f1o\",\"publisher\":{\"@id\":\"https:\\\/\\\/solucionescontract.com\\\/#organization\"},\"potentialAction\":[{\"@type\":\"SearchAction\",\"target\":{\"@type\":\"EntryPoint\",\"urlTemplate\":\"https:\\\/\\\/solucionescontract.com\\\/?s={search_term_string}\"},\"query-input\":{\"@type\":\"PropertyValueSpecification\",\"valueRequired\":true,\"valueName\":\"search_term_string\"}}],\"inLanguage\":\"fr-FR\"},{\"@type\":\"Organization\",\"@id\":\"https:\\\/\\\/solucionescontract.com\\\/#organization\",\"name\":\"Soluciones Contract\",\"url\":\"https:\\\/\\\/solucionescontract.com\\\/\",\"logo\":{\"@type\":\"ImageObject\",\"inLanguage\":\"fr-FR\",\"@id\":\"https:\\\/\\\/solucionescontract.com\\\/#\\\/schema\\\/logo\\\/image\\\/\",\"url\":\"https:\\\/\\\/solucionescontract.com\\\/wp-content\\\/uploads\\\/2020\\\/02\\\/logoSC.jpg\",\"contentUrl\":\"https:\\\/\\\/solucionescontract.com\\\/wp-content\\\/uploads\\\/2020\\\/02\\\/logoSC.jpg\",\"width\":300,\"height\":125,\"caption\":\"Soluciones Contract\"},\"image\":{\"@id\":\"https:\\\/\\\/solucionescontract.com\\\/#\\\/schema\\\/logo\\\/image\\\/\"},\"sameAs\":[\"https:\\\/\\\/www.facebook.com\\\/solucionescontract\\\/\"]}]}<\/script>\n<!-- \/ Yoast SEO plugin. -->","yoast_head_json":{"title":"FAUTEUIL DESIGN SALLE D'ATTENTE, UNE PI\u00c8CE UNIQUE !","description":"Chaise longue design, une pi\u00e8ce unique de design id\u00e9ale pour une utilisation dans les salons d'h\u00f4tel, les salles d'attente... mais aussi parfaite pour un usage domestique.","robots":{"index":"index","follow":"follow","max-snippet":"max-snippet:-1","max-image-preview":"max-image-preview:large","max-video-preview":"max-video-preview:-1"},"canonical":"https:\/\/solucionescontract.com\/fr\/producto\/fauteuil-salle-dattente-9375\/","og_locale":"fr_FR","og_type":"article","og_title":"FAUTEUIL DESIGN SALLE D'ATTENTE, UNE PI\u00c8CE UNIQUE !","og_description":"Chaise longue design, une pi\u00e8ce unique de design id\u00e9ale pour une utilisation dans les salons d'h\u00f4tel, les salles d'attente... mais aussi parfaite pour un usage domestique.","og_url":"https:\/\/solucionescontract.com\/fr\/producto\/fauteuil-salle-dattente-9375\/","og_site_name":"Soluciones Contract","article_publisher":"https:\/\/www.facebook.com\/solucionescontract\/","article_modified_time":"2021-04-16T11:39:33+00:00","og_image":[{"width":887,"height":886,"url":"https:\/\/solucionescontract.com\/wp-content\/uploads\/2017\/11\/sillon-moerno-turquesa-9375.jpg","type":"image\/jpeg"}],"twitter_card":"summary_large_image","schema":{"@context":"https:\/\/schema.org","@graph":[{"@type":"WebPage","@id":"https:\/\/solucionescontract.com\/fr\/producto\/fauteuil-salle-dattente-9375\/","url":"https:\/\/solucionescontract.com\/fr\/producto\/fauteuil-salle-dattente-9375\/","name":"FAUTEUIL DESIGN SALLE D'ATTENTE, UNE PI\u00c8CE UNIQUE !","isPartOf":{"@id":"https:\/\/solucionescontract.com\/#website"},"primaryImageOfPage":{"@id":"https:\/\/solucionescontract.com\/fr\/producto\/fauteuil-salle-dattente-9375\/#primaryimage"},"image":{"@id":"https:\/\/solucionescontract.com\/fr\/producto\/fauteuil-salle-dattente-9375\/#primaryimage"},"thumbnailUrl":"https:\/\/solucionescontract.com\/wp-content\/uploads\/2017\/11\/sillon-moerno-turquesa-9375.jpg","datePublished":"2017-11-26T15:53:41+00:00","dateModified":"2021-04-16T11:39:33+00:00","description":"Chaise longue design, une pi\u00e8ce unique de design id\u00e9ale pour une utilisation dans les salons d'h\u00f4tel, les salles d'attente... mais aussi parfaite pour un usage domestique.","breadcrumb":{"@id":"https:\/\/solucionescontract.com\/fr\/producto\/fauteuil-salle-dattente-9375\/#breadcrumb"},"inLanguage":"fr-FR","potentialAction":[{"@type":"ReadAction","target":["https:\/\/solucionescontract.com\/fr\/producto\/fauteuil-salle-dattente-9375\/"]}]},{"@type":"ImageObject","inLanguage":"fr-FR","@id":"https:\/\/solucionescontract.com\/fr\/producto\/fauteuil-salle-dattente-9375\/#primaryimage","url":"https:\/\/solucionescontract.com\/wp-content\/uploads\/2017\/11\/sillon-moerno-turquesa-9375.jpg","contentUrl":"https:\/\/solucionescontract.com\/wp-content\/uploads\/2017\/11\/sillon-moerno-turquesa-9375.jpg","width":887,"height":886},{"@type":"BreadcrumbList","@id":"https:\/\/solucionescontract.com\/fr\/producto\/fauteuil-salle-dattente-9375\/#breadcrumb","itemListElement":[{"@type":"ListItem","position":1,"name":"Inicio","item":"https:\/\/solucionescontract.com\/"},{"@type":"ListItem","position":2,"name":"Tienda mobiliario contract","item":"https:\/\/solucionescontract.com\/tienda-mobiliario-contract\/"},{"@type":"ListItem","position":3,"name":"Salle d&#039;attente et r\u00e9ception","item":"https:\/\/solucionescontract.com\/fr\/categoria-producto\/salle-dattente-et-reception\/"},{"@type":"ListItem","position":4,"name":"Fauteuil Contract","item":"https:\/\/solucionescontract.com\/fr\/categoria-producto\/salle-dattente-et-reception\/fauteuil-contract\/"},{"@type":"ListItem","position":5,"name":"FAUTEUIL SALLE D&rsquo;ATTENTE 9375"}]},{"@type":"WebSite","@id":"https:\/\/solucionescontract.com\/#website","url":"https:\/\/solucionescontract.com\/","name":"Soluciones Contract","description":"Venta Mobiliario contract de dise\u00f1o","publisher":{"@id":"https:\/\/solucionescontract.com\/#organization"},"potentialAction":[{"@type":"SearchAction","target":{"@type":"EntryPoint","urlTemplate":"https:\/\/solucionescontract.com\/?s={search_term_string}"},"query-input":{"@type":"PropertyValueSpecification","valueRequired":true,"valueName":"search_term_string"}}],"inLanguage":"fr-FR"},{"@type":"Organization","@id":"https:\/\/solucionescontract.com\/#organization","name":"Soluciones Contract","url":"https:\/\/solucionescontract.com\/","logo":{"@type":"ImageObject","inLanguage":"fr-FR","@id":"https:\/\/solucionescontract.com\/#\/schema\/logo\/image\/","url":"https:\/\/solucionescontract.com\/wp-content\/uploads\/2020\/02\/logoSC.jpg","contentUrl":"https:\/\/solucionescontract.com\/wp-content\/uploads\/2020\/02\/logoSC.jpg","width":300,"height":125,"caption":"Soluciones Contract"},"image":{"@id":"https:\/\/solucionescontract.com\/#\/schema\/logo\/image\/"},"sameAs":["https:\/\/www.facebook.com\/solucionescontract\/"]}]}},"_links":{"self":[{"href":"https:\/\/solucionescontract.com\/fr\/wp-json\/wp\/v2\/product\/22072","targetHints":{"allow":["GET"]}}],"collection":[{"href":"https:\/\/solucionescontract.com\/fr\/wp-json\/wp\/v2\/product"}],"about":[{"href":"https:\/\/solucionescontract.com\/fr\/wp-json\/wp\/v2\/types\/product"}],"replies":[{"embeddable":true,"href":"https:\/\/solucionescontract.com\/fr\/wp-json\/wp\/v2\/comments?post=22072"}],"wp:featuredmedia":[{"embeddable":true,"href":"https:\/\/solucionescontract.com\/fr\/wp-json\/wp\/v2\/media\/13898"}],"wp:attachment":[{"href":"https:\/\/solucionescontract.com\/fr\/wp-json\/wp\/v2\/media?parent=22072"}],"wp:term":[{"taxonomy":"product_brand","embeddable":true,"href":"https:\/\/solucionescontract.com\/fr\/wp-json\/wp\/v2\/product_brand?post=22072"},{"taxonomy":"product_cat","embeddable":true,"href":"https:\/\/solucionescontract.com\/fr\/wp-json\/wp\/v2\/product_cat?post=22072"},{"taxonomy":"product_tag","embeddable":true,"href":"https:\/\/solucionescontract.com\/fr\/wp-json\/wp\/v2\/product_tag?post=22072"}],"curies":[{"name":"wp","href":"https:\/\/api.w.org\/{rel}","templated":true}]}}