{"id":22033,"date":"2017-11-24T12:34:22","date_gmt":"2017-11-24T12:34:22","guid":{"rendered":"https:\/\/www.solucionescontract.com\/producto\/fauteuil-pivotant-style-nordique\/"},"modified":"2021-03-11T10:31:48","modified_gmt":"2021-03-11T10:31:48","slug":"fauteuil-pivotant-style-nordique","status":"publish","type":"product","link":"https:\/\/solucionescontract.com\/fr\/producto\/fauteuil-pivotant-style-nordique\/","title":{"rendered":"FAUTEUIL PIVOTANT STYLE NORDIQUE"},"content":{"rendered":"<p><a href=\"https:\/\/solucionescontract.com\/wp-content\/uploads\/2017\/11\/ficha-tecnica-dimensiones-9244.jpg\"><img decoding=\"async\" class=\" wd-lazy-fade alignnone wp-image-3678\" src=\"https:\/\/solucionescontract.com\/wp-content\/themes\/woodmart\/images\/lazy.svg\" data-src=\"https:\/\/solucionescontract.com\/wp-content\/uploads\/2017\/11\/ficha-tecnica-dimensiones-9244-300x62.jpg\" alt=\"Butaca acogedora de estilo n\u00f3rdico\" width=\"450\" height=\"93\" srcset=\"\" data-srcset=\"https:\/\/solucionescontract.com\/wp-content\/uploads\/2017\/11\/ficha-tecnica-dimensiones-9244-300x62.jpg 300w, https:\/\/solucionescontract.com\/wp-content\/uploads\/2017\/11\/ficha-tecnica-dimensiones-9244-150x31.jpg 150w, https:\/\/solucionescontract.com\/wp-content\/uploads\/2017\/11\/ficha-tecnica-dimensiones-9244-800x165.jpg 800w, https:\/\/solucionescontract.com\/wp-content\/uploads\/2017\/11\/ficha-tecnica-dimensiones-9244-768x159.jpg 768w, https:\/\/solucionescontract.com\/wp-content\/uploads\/2017\/11\/ficha-tecnica-dimensiones-9244-1024x212.jpg 1024w, https:\/\/solucionescontract.com\/wp-content\/uploads\/2017\/11\/ficha-tecnica-dimensiones-9244-232x48.jpg 232w, https:\/\/solucionescontract.com\/wp-content\/uploads\/2017\/11\/ficha-tecnica-dimensiones-9244-350x72.jpg 350w, https:\/\/solucionescontract.com\/wp-content\/uploads\/2017\/11\/ficha-tecnica-dimensiones-9244-600x124.jpg 600w, https:\/\/solucionescontract.com\/wp-content\/uploads\/2017\/11\/ficha-tecnica-dimensiones-9244.jpg 1079w\" sizes=\"(max-width: 450px) 100vw, 450px\" \/><\/a><\/script><\/p>\n","protected":false},"excerpt":{"rendered":"<ul>\n<li style=\"text-align: left;\">Fauteuil pivotant dont l&rsquo;objectif principal est de cr\u00e9er des pi\u00e8ces design.<\/li>\n<li style=\"text-align: left;\">Structure compos\u00e9e d&rsquo;un moule en polyur\u00e9thane coul\u00e9 avec un insert m\u00e9tallique.<\/li>\n<li style=\"text-align: left;\">Si\u00e8ge en polyur\u00e9thane.<\/li>\n<li style=\"text-align: left;\">Pied pivotant en bois de fr\u00eane massif de premi\u00e8re qualit\u00e9 en forme de lame cr\u00e9ant quatre supports.<\/li>\n<li style=\"text-align: left;\">Hauteur du si\u00e8ge 420mm<\/li>\n<li style=\"text-align: left;\">Utilisation \u00e0 l&rsquo;int\u00e9rieur<\/li>\n<li style=\"text-align: left;\">Large gamme de finitions du bois \/ de rembourrage, <a href=\"https:\/\/solucionescontract.com\/fr\/producto\/finition-tm\/\">s\u00e9lectionnez les finitions ici<\/a><\/li>\n<\/ul>\n","protected":false},"featured_media":13872,"comment_status":"open","ping_status":"closed","template":"","meta":[],"product_brand":[],"product_cat":[531],"product_tag":[704,689],"class_list":{"0":"post-22033","1":"product","2":"type-product","3":"status-publish","4":"has-post-thumbnail","6":"product_cat-fauteuils-design","7":"product_tag-giratoria-fr","8":"product_tag-asientos-tapizados-fr","9":"product_shipping_class-gratuit","10":"yith_product_brand-tm-sillerias-fr","12":"first","13":"instock","14":"taxable","15":"shipping-taxable","16":"purchasable","17":"product-type-simple"},"yoast_head":"<!-- This site is optimized with the Yoast SEO plugin v27.4 - https:\/\/yoast.com\/product\/yoast-seo-wordpress\/ -->\n<title>FAUTEUIL PIVOTANT STYLE NORDIQUE - Muebles de dise\u00f1o en Soluciones Contract<\/title>\n<meta name=\"description\" content=\"Chaise pivotante rembourr\u00e9e de style nordique. Id\u00e9al pour un usage professionnel, h\u00f4tels, salles d&#039;attente, bureaux...ainsi que pour un usage domestique.\" \/>\n<meta name=\"robots\" content=\"index, follow, max-snippet:-1, max-image-preview:large, max-video-preview:-1\" \/>\n<link rel=\"canonical\" href=\"https:\/\/solucionescontract.com\/fr\/producto\/fauteuil-pivotant-style-nordique\/\" \/>\n<meta property=\"og:locale\" content=\"fr_FR\" \/>\n<meta property=\"og:type\" content=\"article\" \/>\n<meta property=\"og:title\" content=\"FAUTEUIL PIVOTANT STYLE NORDIQUE - Muebles de dise\u00f1o en Soluciones Contract\" \/>\n<meta property=\"og:description\" content=\"Chaise pivotante rembourr\u00e9e de style nordique. Id\u00e9al pour un usage professionnel, h\u00f4tels, salles d&#039;attente, bureaux...ainsi que pour un usage domestique.\" \/>\n<meta property=\"og:url\" content=\"https:\/\/solucionescontract.com\/fr\/producto\/fauteuil-pivotant-style-nordique\/\" \/>\n<meta property=\"og:site_name\" content=\"Soluciones Contract\" \/>\n<meta property=\"article:publisher\" content=\"https:\/\/www.facebook.com\/solucionescontract\/\" \/>\n<meta property=\"article:modified_time\" content=\"2021-03-11T10:31:48+00:00\" \/>\n<meta property=\"og:image\" content=\"https:\/\/solucionescontract.com\/wp-content\/uploads\/2017\/11\/butaca-contract-moderna-9244-01.jpg\" \/>\n\t<meta property=\"og:image:width\" content=\"900\" \/>\n\t<meta property=\"og:image:height\" content=\"899\" \/>\n\t<meta property=\"og:image:type\" content=\"image\/jpeg\" \/>\n<meta name=\"twitter:card\" content=\"summary_large_image\" \/>\n<script type=\"application\/ld+json\" class=\"yoast-schema-graph\">{\"@context\":\"https:\\\/\\\/schema.org\",\"@graph\":[{\"@type\":\"WebPage\",\"@id\":\"https:\\\/\\\/solucionescontract.com\\\/fr\\\/producto\\\/fauteuil-pivotant-style-nordique\\\/\",\"url\":\"https:\\\/\\\/solucionescontract.com\\\/fr\\\/producto\\\/fauteuil-pivotant-style-nordique\\\/\",\"name\":\"FAUTEUIL PIVOTANT STYLE NORDIQUE - Muebles de dise\u00f1o en Soluciones Contract\",\"isPartOf\":{\"@id\":\"https:\\\/\\\/solucionescontract.com\\\/#website\"},\"primaryImageOfPage\":{\"@id\":\"https:\\\/\\\/solucionescontract.com\\\/fr\\\/producto\\\/fauteuil-pivotant-style-nordique\\\/#primaryimage\"},\"image\":{\"@id\":\"https:\\\/\\\/solucionescontract.com\\\/fr\\\/producto\\\/fauteuil-pivotant-style-nordique\\\/#primaryimage\"},\"thumbnailUrl\":\"https:\\\/\\\/solucionescontract.com\\\/wp-content\\\/uploads\\\/2017\\\/11\\\/butaca-contract-moderna-9244-01.jpg\",\"datePublished\":\"2017-11-24T12:34:22+00:00\",\"dateModified\":\"2021-03-11T10:31:48+00:00\",\"description\":\"Chaise pivotante rembourr\u00e9e de style nordique. Id\u00e9al pour un usage professionnel, h\u00f4tels, salles d'attente, bureaux...ainsi que pour un usage domestique.\",\"breadcrumb\":{\"@id\":\"https:\\\/\\\/solucionescontract.com\\\/fr\\\/producto\\\/fauteuil-pivotant-style-nordique\\\/#breadcrumb\"},\"inLanguage\":\"fr-FR\",\"potentialAction\":[{\"@type\":\"ReadAction\",\"target\":[\"https:\\\/\\\/solucionescontract.com\\\/fr\\\/producto\\\/fauteuil-pivotant-style-nordique\\\/\"]}]},{\"@type\":\"ImageObject\",\"inLanguage\":\"fr-FR\",\"@id\":\"https:\\\/\\\/solucionescontract.com\\\/fr\\\/producto\\\/fauteuil-pivotant-style-nordique\\\/#primaryimage\",\"url\":\"https:\\\/\\\/solucionescontract.com\\\/wp-content\\\/uploads\\\/2017\\\/11\\\/butaca-contract-moderna-9244-01.jpg\",\"contentUrl\":\"https:\\\/\\\/solucionescontract.com\\\/wp-content\\\/uploads\\\/2017\\\/11\\\/butaca-contract-moderna-9244-01.jpg\",\"width\":900,\"height\":899},{\"@type\":\"BreadcrumbList\",\"@id\":\"https:\\\/\\\/solucionescontract.com\\\/fr\\\/producto\\\/fauteuil-pivotant-style-nordique\\\/#breadcrumb\",\"itemListElement\":[{\"@type\":\"ListItem\",\"position\":1,\"name\":\"Inicio\",\"item\":\"https:\\\/\\\/solucionescontract.com\\\/\"},{\"@type\":\"ListItem\",\"position\":2,\"name\":\"Tienda mobiliario contract\",\"item\":\"https:\\\/\\\/solucionescontract.com\\\/tienda-mobiliario-contract\\\/\"},{\"@type\":\"ListItem\",\"position\":3,\"name\":\"Si\u00e8ges contractuels\",\"item\":\"https:\\\/\\\/solucionescontract.com\\\/fr\\\/categoria-producto\\\/sieges-contractuels\\\/\"},{\"@type\":\"ListItem\",\"position\":4,\"name\":\"Fauteuils design\",\"item\":\"https:\\\/\\\/solucionescontract.com\\\/fr\\\/categoria-producto\\\/sieges-contractuels\\\/fauteuils-design\\\/\"},{\"@type\":\"ListItem\",\"position\":5,\"name\":\"FAUTEUIL PIVOTANT STYLE NORDIQUE\"}]},{\"@type\":\"WebSite\",\"@id\":\"https:\\\/\\\/solucionescontract.com\\\/#website\",\"url\":\"https:\\\/\\\/solucionescontract.com\\\/\",\"name\":\"Soluciones Contract\",\"description\":\"Venta Mobiliario contract de dise\u00f1o\",\"publisher\":{\"@id\":\"https:\\\/\\\/solucionescontract.com\\\/#organization\"},\"potentialAction\":[{\"@type\":\"SearchAction\",\"target\":{\"@type\":\"EntryPoint\",\"urlTemplate\":\"https:\\\/\\\/solucionescontract.com\\\/?s={search_term_string}\"},\"query-input\":{\"@type\":\"PropertyValueSpecification\",\"valueRequired\":true,\"valueName\":\"search_term_string\"}}],\"inLanguage\":\"fr-FR\"},{\"@type\":\"Organization\",\"@id\":\"https:\\\/\\\/solucionescontract.com\\\/#organization\",\"name\":\"Soluciones Contract\",\"url\":\"https:\\\/\\\/solucionescontract.com\\\/\",\"logo\":{\"@type\":\"ImageObject\",\"inLanguage\":\"fr-FR\",\"@id\":\"https:\\\/\\\/solucionescontract.com\\\/#\\\/schema\\\/logo\\\/image\\\/\",\"url\":\"https:\\\/\\\/solucionescontract.com\\\/wp-content\\\/uploads\\\/2020\\\/02\\\/logoSC.jpg\",\"contentUrl\":\"https:\\\/\\\/solucionescontract.com\\\/wp-content\\\/uploads\\\/2020\\\/02\\\/logoSC.jpg\",\"width\":300,\"height\":125,\"caption\":\"Soluciones Contract\"},\"image\":{\"@id\":\"https:\\\/\\\/solucionescontract.com\\\/#\\\/schema\\\/logo\\\/image\\\/\"},\"sameAs\":[\"https:\\\/\\\/www.facebook.com\\\/solucionescontract\\\/\"]}]}<\/script>\n<!-- \/ Yoast SEO plugin. -->","yoast_head_json":{"title":"FAUTEUIL PIVOTANT STYLE NORDIQUE - Muebles de dise\u00f1o en Soluciones Contract","description":"Chaise pivotante rembourr\u00e9e de style nordique. Id\u00e9al pour un usage professionnel, h\u00f4tels, salles d'attente, bureaux...ainsi que pour un usage domestique.","robots":{"index":"index","follow":"follow","max-snippet":"max-snippet:-1","max-image-preview":"max-image-preview:large","max-video-preview":"max-video-preview:-1"},"canonical":"https:\/\/solucionescontract.com\/fr\/producto\/fauteuil-pivotant-style-nordique\/","og_locale":"fr_FR","og_type":"article","og_title":"FAUTEUIL PIVOTANT STYLE NORDIQUE - Muebles de dise\u00f1o en Soluciones Contract","og_description":"Chaise pivotante rembourr\u00e9e de style nordique. Id\u00e9al pour un usage professionnel, h\u00f4tels, salles d'attente, bureaux...ainsi que pour un usage domestique.","og_url":"https:\/\/solucionescontract.com\/fr\/producto\/fauteuil-pivotant-style-nordique\/","og_site_name":"Soluciones Contract","article_publisher":"https:\/\/www.facebook.com\/solucionescontract\/","article_modified_time":"2021-03-11T10:31:48+00:00","og_image":[{"width":900,"height":899,"url":"https:\/\/solucionescontract.com\/wp-content\/uploads\/2017\/11\/butaca-contract-moderna-9244-01.jpg","type":"image\/jpeg"}],"twitter_card":"summary_large_image","schema":{"@context":"https:\/\/schema.org","@graph":[{"@type":"WebPage","@id":"https:\/\/solucionescontract.com\/fr\/producto\/fauteuil-pivotant-style-nordique\/","url":"https:\/\/solucionescontract.com\/fr\/producto\/fauteuil-pivotant-style-nordique\/","name":"FAUTEUIL PIVOTANT STYLE NORDIQUE - Muebles de dise\u00f1o en Soluciones Contract","isPartOf":{"@id":"https:\/\/solucionescontract.com\/#website"},"primaryImageOfPage":{"@id":"https:\/\/solucionescontract.com\/fr\/producto\/fauteuil-pivotant-style-nordique\/#primaryimage"},"image":{"@id":"https:\/\/solucionescontract.com\/fr\/producto\/fauteuil-pivotant-style-nordique\/#primaryimage"},"thumbnailUrl":"https:\/\/solucionescontract.com\/wp-content\/uploads\/2017\/11\/butaca-contract-moderna-9244-01.jpg","datePublished":"2017-11-24T12:34:22+00:00","dateModified":"2021-03-11T10:31:48+00:00","description":"Chaise pivotante rembourr\u00e9e de style nordique. Id\u00e9al pour un usage professionnel, h\u00f4tels, salles d'attente, bureaux...ainsi que pour un usage domestique.","breadcrumb":{"@id":"https:\/\/solucionescontract.com\/fr\/producto\/fauteuil-pivotant-style-nordique\/#breadcrumb"},"inLanguage":"fr-FR","potentialAction":[{"@type":"ReadAction","target":["https:\/\/solucionescontract.com\/fr\/producto\/fauteuil-pivotant-style-nordique\/"]}]},{"@type":"ImageObject","inLanguage":"fr-FR","@id":"https:\/\/solucionescontract.com\/fr\/producto\/fauteuil-pivotant-style-nordique\/#primaryimage","url":"https:\/\/solucionescontract.com\/wp-content\/uploads\/2017\/11\/butaca-contract-moderna-9244-01.jpg","contentUrl":"https:\/\/solucionescontract.com\/wp-content\/uploads\/2017\/11\/butaca-contract-moderna-9244-01.jpg","width":900,"height":899},{"@type":"BreadcrumbList","@id":"https:\/\/solucionescontract.com\/fr\/producto\/fauteuil-pivotant-style-nordique\/#breadcrumb","itemListElement":[{"@type":"ListItem","position":1,"name":"Inicio","item":"https:\/\/solucionescontract.com\/"},{"@type":"ListItem","position":2,"name":"Tienda mobiliario contract","item":"https:\/\/solucionescontract.com\/tienda-mobiliario-contract\/"},{"@type":"ListItem","position":3,"name":"Si\u00e8ges contractuels","item":"https:\/\/solucionescontract.com\/fr\/categoria-producto\/sieges-contractuels\/"},{"@type":"ListItem","position":4,"name":"Fauteuils design","item":"https:\/\/solucionescontract.com\/fr\/categoria-producto\/sieges-contractuels\/fauteuils-design\/"},{"@type":"ListItem","position":5,"name":"FAUTEUIL PIVOTANT STYLE NORDIQUE"}]},{"@type":"WebSite","@id":"https:\/\/solucionescontract.com\/#website","url":"https:\/\/solucionescontract.com\/","name":"Soluciones Contract","description":"Venta Mobiliario contract de dise\u00f1o","publisher":{"@id":"https:\/\/solucionescontract.com\/#organization"},"potentialAction":[{"@type":"SearchAction","target":{"@type":"EntryPoint","urlTemplate":"https:\/\/solucionescontract.com\/?s={search_term_string}"},"query-input":{"@type":"PropertyValueSpecification","valueRequired":true,"valueName":"search_term_string"}}],"inLanguage":"fr-FR"},{"@type":"Organization","@id":"https:\/\/solucionescontract.com\/#organization","name":"Soluciones Contract","url":"https:\/\/solucionescontract.com\/","logo":{"@type":"ImageObject","inLanguage":"fr-FR","@id":"https:\/\/solucionescontract.com\/#\/schema\/logo\/image\/","url":"https:\/\/solucionescontract.com\/wp-content\/uploads\/2020\/02\/logoSC.jpg","contentUrl":"https:\/\/solucionescontract.com\/wp-content\/uploads\/2020\/02\/logoSC.jpg","width":300,"height":125,"caption":"Soluciones Contract"},"image":{"@id":"https:\/\/solucionescontract.com\/#\/schema\/logo\/image\/"},"sameAs":["https:\/\/www.facebook.com\/solucionescontract\/"]}]}},"_links":{"self":[{"href":"https:\/\/solucionescontract.com\/fr\/wp-json\/wp\/v2\/product\/22033","targetHints":{"allow":["GET"]}}],"collection":[{"href":"https:\/\/solucionescontract.com\/fr\/wp-json\/wp\/v2\/product"}],"about":[{"href":"https:\/\/solucionescontract.com\/fr\/wp-json\/wp\/v2\/types\/product"}],"replies":[{"embeddable":true,"href":"https:\/\/solucionescontract.com\/fr\/wp-json\/wp\/v2\/comments?post=22033"}],"wp:featuredmedia":[{"embeddable":true,"href":"https:\/\/solucionescontract.com\/fr\/wp-json\/wp\/v2\/media\/13872"}],"wp:attachment":[{"href":"https:\/\/solucionescontract.com\/fr\/wp-json\/wp\/v2\/media?parent=22033"}],"wp:term":[{"taxonomy":"product_brand","embeddable":true,"href":"https:\/\/solucionescontract.com\/fr\/wp-json\/wp\/v2\/product_brand?post=22033"},{"taxonomy":"product_cat","embeddable":true,"href":"https:\/\/solucionescontract.com\/fr\/wp-json\/wp\/v2\/product_cat?post=22033"},{"taxonomy":"product_tag","embeddable":true,"href":"https:\/\/solucionescontract.com\/fr\/wp-json\/wp\/v2\/product_tag?post=22033"}],"curies":[{"name":"wp","href":"https:\/\/api.w.org\/{rel}","templated":true}]}}