{"id":22031,"date":"2017-11-24T11:24:15","date_gmt":"2017-11-24T11:24:15","guid":{"rendered":"https:\/\/www.solucionescontract.com\/producto\/fauteuil-de-style-nordic\/"},"modified":"2017-11-24T11:24:15","modified_gmt":"2017-11-24T11:24:15","slug":"fauteuil-de-style-nordic","status":"publish","type":"product","link":"https:\/\/solucionescontract.com\/fr\/producto\/fauteuil-de-style-nordic\/","title":{"rendered":"FAUTEUIL DE STYLE NORDIC"},"content":{"rendered":"<p><a href=\"https:\/\/solucionescontract.com\/wp-content\/uploads\/2017\/11\/Ficha-tecnica-y-dimensiones.jpg\"><img decoding=\"async\" class=\" wd-lazy-fade alignnone wp-image-3669\" src=\"https:\/\/solucionescontract.com\/wp-content\/themes\/woodmart\/images\/lazy.svg\" data-src=\"https:\/\/solucionescontract.com\/wp-content\/uploads\/2017\/11\/Ficha-tecnica-y-dimensiones-300x77.jpg\" alt=\"Butaca de estilo n\u00f3rdico\" width=\"450\" height=\"115\" srcset=\"\" data-srcset=\"https:\/\/solucionescontract.com\/wp-content\/uploads\/2017\/11\/Ficha-tecnica-y-dimensiones-300x77.jpg 300w, https:\/\/solucionescontract.com\/wp-content\/uploads\/2017\/11\/Ficha-tecnica-y-dimensiones-150x38.jpg 150w, https:\/\/solucionescontract.com\/wp-content\/uploads\/2017\/11\/Ficha-tecnica-y-dimensiones-800x205.jpg 800w, https:\/\/solucionescontract.com\/wp-content\/uploads\/2017\/11\/Ficha-tecnica-y-dimensiones-768x197.jpg 768w, https:\/\/solucionescontract.com\/wp-content\/uploads\/2017\/11\/Ficha-tecnica-y-dimensiones-1024x263.jpg 1024w, https:\/\/solucionescontract.com\/wp-content\/uploads\/2017\/11\/Ficha-tecnica-y-dimensiones-232x59.jpg 232w, https:\/\/solucionescontract.com\/wp-content\/uploads\/2017\/11\/Ficha-tecnica-y-dimensiones-350x90.jpg 350w, https:\/\/solucionescontract.com\/wp-content\/uploads\/2017\/11\/Ficha-tecnica-y-dimensiones-600x154.jpg 600w, https:\/\/solucionescontract.com\/wp-content\/uploads\/2017\/11\/Ficha-tecnica-y-dimensiones.jpg 1123w\" sizes=\"(max-width: 450px) 100vw, 450px\" \/><\/a><\/script><\/p>\n","protected":false},"excerpt":{"rendered":"<ul>\n<li>Fauteuil qui se distingue par son design organique et nordique<\/li>\n<li>Structure compos\u00e9e d&rsquo;un moule en polyur\u00e9thane coul\u00e9 avec insert m\u00e9tallique.<\/li>\n<li>Si\u00e8ge en polyur\u00e9thane injectable.<\/li>\n<li>Jambes en bois de fr\u00eane<\/li>\n<li>Hauteur du si\u00e8ge 430 mm<\/li>\n<li>Utilisation \u00e0 l&rsquo;int\u00e9rieur<\/li>\n<li>Large gamme de finitions du bois \/ de rembourrage, <a href=\"https:\/\/solucionescontract.com\/fr\/producto\/finition-tm\/\">s\u00e9lectionnez les finitions ici<\/a><\/li>\n<\/ul>\n","protected":false},"featured_media":13856,"comment_status":"open","ping_status":"closed","template":"","meta":[],"product_brand":[],"product_cat":[531],"product_tag":[689],"class_list":{"0":"post-22031","1":"product","2":"type-product","3":"status-publish","4":"has-post-thumbnail","6":"product_cat-fauteuils-design","7":"product_tag-asientos-tapizados-fr","8":"yith_product_brand-tm-sillerias-fr","10":"first","11":"instock","12":"taxable","13":"shipping-taxable","14":"purchasable","15":"product-type-simple"},"yoast_head":"<!-- This site is optimized with the Yoast SEO plugin v27.3 - https:\/\/yoast.com\/product\/yoast-seo-wordpress\/ -->\n<title>FAUTEUIL DE STYLE NORDIC | SOLUCIONES CONTRACT<\/title>\n<meta name=\"description\" content=\"Chaise rembourr\u00e9e de style nordic. Id\u00e9al pour un usage professionnel, h\u00f4tels, salles d&#039;attente, bureaux...ainsi que pour un usage domestique.\" \/>\n<meta name=\"robots\" content=\"index, follow, max-snippet:-1, max-image-preview:large, max-video-preview:-1\" \/>\n<link rel=\"canonical\" href=\"https:\/\/solucionescontract.com\/producto\/butaca-estilo-nordica\/\" \/>\n<meta property=\"og:locale\" content=\"fr_FR\" \/>\n<meta property=\"og:type\" content=\"article\" \/>\n<meta property=\"og:title\" content=\"FAUTEUIL DE STYLE NORDIC | SOLUCIONES CONTRACT\" \/>\n<meta property=\"og:description\" content=\"Chaise rembourr\u00e9e de style nordic. Id\u00e9al pour un usage professionnel, h\u00f4tels, salles d&#039;attente, bureaux...ainsi que pour un usage domestique.\" \/>\n<meta property=\"og:url\" content=\"https:\/\/solucionescontract.com\/producto\/butaca-estilo-nordica\/\" \/>\n<meta property=\"og:site_name\" content=\"Soluciones Contract\" \/>\n<meta property=\"article:publisher\" content=\"https:\/\/www.facebook.com\/solucionescontract\/\" \/>\n<meta property=\"og:image\" content=\"https:\/\/solucionescontract.com\/wp-content\/uploads\/2017\/11\/butaca-diseno-contract-9185-01.jpg\" \/>\n\t<meta property=\"og:image:width\" content=\"1024\" \/>\n\t<meta property=\"og:image:height\" content=\"1024\" \/>\n\t<meta property=\"og:image:type\" content=\"image\/jpeg\" \/>\n<meta name=\"twitter:card\" content=\"summary_large_image\" \/>\n<script type=\"application\/ld+json\" class=\"yoast-schema-graph\">{\"@context\":\"https:\\\/\\\/schema.org\",\"@graph\":[{\"@type\":\"WebPage\",\"@id\":\"https:\\\/\\\/solucionescontract.com\\\/producto\\\/butaca-estilo-nordica\\\/\",\"url\":\"https:\\\/\\\/solucionescontract.com\\\/producto\\\/butaca-estilo-nordica\\\/\",\"name\":\"FAUTEUIL DE STYLE NORDIC | SOLUCIONES CONTRACT\",\"isPartOf\":{\"@id\":\"https:\\\/\\\/solucionescontract.com\\\/#website\"},\"primaryImageOfPage\":{\"@id\":\"https:\\\/\\\/solucionescontract.com\\\/producto\\\/butaca-estilo-nordica\\\/#primaryimage\"},\"image\":{\"@id\":\"https:\\\/\\\/solucionescontract.com\\\/producto\\\/butaca-estilo-nordica\\\/#primaryimage\"},\"thumbnailUrl\":\"https:\\\/\\\/solucionescontract.com\\\/wp-content\\\/uploads\\\/2017\\\/11\\\/butaca-diseno-contract-9185-01.jpg\",\"datePublished\":\"2017-11-24T11:24:15+00:00\",\"description\":\"Chaise rembourr\u00e9e de style nordic. Id\u00e9al pour un usage professionnel, h\u00f4tels, salles d'attente, bureaux...ainsi que pour un usage domestique.\",\"breadcrumb\":{\"@id\":\"https:\\\/\\\/solucionescontract.com\\\/producto\\\/butaca-estilo-nordica\\\/#breadcrumb\"},\"inLanguage\":\"fr-FR\",\"potentialAction\":[{\"@type\":\"ReadAction\",\"target\":[\"https:\\\/\\\/solucionescontract.com\\\/producto\\\/butaca-estilo-nordica\\\/\"]}]},{\"@type\":\"ImageObject\",\"inLanguage\":\"fr-FR\",\"@id\":\"https:\\\/\\\/solucionescontract.com\\\/producto\\\/butaca-estilo-nordica\\\/#primaryimage\",\"url\":\"https:\\\/\\\/solucionescontract.com\\\/wp-content\\\/uploads\\\/2017\\\/11\\\/butaca-diseno-contract-9185-01.jpg\",\"contentUrl\":\"https:\\\/\\\/solucionescontract.com\\\/wp-content\\\/uploads\\\/2017\\\/11\\\/butaca-diseno-contract-9185-01.jpg\",\"width\":1024,\"height\":1024},{\"@type\":\"BreadcrumbList\",\"@id\":\"https:\\\/\\\/solucionescontract.com\\\/producto\\\/butaca-estilo-nordica\\\/#breadcrumb\",\"itemListElement\":[{\"@type\":\"ListItem\",\"position\":1,\"name\":\"Inicio\",\"item\":\"https:\\\/\\\/solucionescontract.com\\\/\"},{\"@type\":\"ListItem\",\"position\":2,\"name\":\"Tienda mobiliario contract\",\"item\":\"https:\\\/\\\/solucionescontract.com\\\/tienda-mobiliario-contract\\\/\"},{\"@type\":\"ListItem\",\"position\":3,\"name\":\"Asientos Contract\",\"item\":\"https:\\\/\\\/solucionescontract.com\\\/categoria-producto\\\/asientos-para-contract\\\/\"},{\"@type\":\"ListItem\",\"position\":4,\"name\":\"Butacas de dise\u00f1o\",\"item\":\"https:\\\/\\\/solucionescontract.com\\\/categoria-producto\\\/asientos-para-contract\\\/butacas-de-diseno\\\/\"},{\"@type\":\"ListItem\",\"position\":5,\"name\":\"FAUTEUIL DE STYLE NORDIC\"}]},{\"@type\":\"WebSite\",\"@id\":\"https:\\\/\\\/solucionescontract.com\\\/#website\",\"url\":\"https:\\\/\\\/solucionescontract.com\\\/\",\"name\":\"Soluciones Contract\",\"description\":\"Venta Mobiliario contract de dise\u00f1o\",\"publisher\":{\"@id\":\"https:\\\/\\\/solucionescontract.com\\\/#organization\"},\"potentialAction\":[{\"@type\":\"SearchAction\",\"target\":{\"@type\":\"EntryPoint\",\"urlTemplate\":\"https:\\\/\\\/solucionescontract.com\\\/?s={search_term_string}\"},\"query-input\":{\"@type\":\"PropertyValueSpecification\",\"valueRequired\":true,\"valueName\":\"search_term_string\"}}],\"inLanguage\":\"fr-FR\"},{\"@type\":\"Organization\",\"@id\":\"https:\\\/\\\/solucionescontract.com\\\/#organization\",\"name\":\"Soluciones Contract\",\"url\":\"https:\\\/\\\/solucionescontract.com\\\/\",\"logo\":{\"@type\":\"ImageObject\",\"inLanguage\":\"fr-FR\",\"@id\":\"https:\\\/\\\/solucionescontract.com\\\/#\\\/schema\\\/logo\\\/image\\\/\",\"url\":\"https:\\\/\\\/solucionescontract.com\\\/wp-content\\\/uploads\\\/2020\\\/02\\\/logoSC.jpg\",\"contentUrl\":\"https:\\\/\\\/solucionescontract.com\\\/wp-content\\\/uploads\\\/2020\\\/02\\\/logoSC.jpg\",\"width\":300,\"height\":125,\"caption\":\"Soluciones Contract\"},\"image\":{\"@id\":\"https:\\\/\\\/solucionescontract.com\\\/#\\\/schema\\\/logo\\\/image\\\/\"},\"sameAs\":[\"https:\\\/\\\/www.facebook.com\\\/solucionescontract\\\/\"]}]}<\/script>\n<!-- \/ Yoast SEO plugin. -->","yoast_head_json":{"title":"FAUTEUIL DE STYLE NORDIC | SOLUCIONES CONTRACT","description":"Chaise rembourr\u00e9e de style nordic. Id\u00e9al pour un usage professionnel, h\u00f4tels, salles d'attente, bureaux...ainsi que pour un usage domestique.","robots":{"index":"index","follow":"follow","max-snippet":"max-snippet:-1","max-image-preview":"max-image-preview:large","max-video-preview":"max-video-preview:-1"},"canonical":"https:\/\/solucionescontract.com\/producto\/butaca-estilo-nordica\/","og_locale":"fr_FR","og_type":"article","og_title":"FAUTEUIL DE STYLE NORDIC | SOLUCIONES CONTRACT","og_description":"Chaise rembourr\u00e9e de style nordic. Id\u00e9al pour un usage professionnel, h\u00f4tels, salles d'attente, bureaux...ainsi que pour un usage domestique.","og_url":"https:\/\/solucionescontract.com\/producto\/butaca-estilo-nordica\/","og_site_name":"Soluciones Contract","article_publisher":"https:\/\/www.facebook.com\/solucionescontract\/","og_image":[{"width":1024,"height":1024,"url":"https:\/\/solucionescontract.com\/wp-content\/uploads\/2017\/11\/butaca-diseno-contract-9185-01.jpg","type":"image\/jpeg"}],"twitter_card":"summary_large_image","schema":{"@context":"https:\/\/schema.org","@graph":[{"@type":"WebPage","@id":"https:\/\/solucionescontract.com\/producto\/butaca-estilo-nordica\/","url":"https:\/\/solucionescontract.com\/producto\/butaca-estilo-nordica\/","name":"FAUTEUIL DE STYLE NORDIC | SOLUCIONES CONTRACT","isPartOf":{"@id":"https:\/\/solucionescontract.com\/#website"},"primaryImageOfPage":{"@id":"https:\/\/solucionescontract.com\/producto\/butaca-estilo-nordica\/#primaryimage"},"image":{"@id":"https:\/\/solucionescontract.com\/producto\/butaca-estilo-nordica\/#primaryimage"},"thumbnailUrl":"https:\/\/solucionescontract.com\/wp-content\/uploads\/2017\/11\/butaca-diseno-contract-9185-01.jpg","datePublished":"2017-11-24T11:24:15+00:00","description":"Chaise rembourr\u00e9e de style nordic. Id\u00e9al pour un usage professionnel, h\u00f4tels, salles d'attente, bureaux...ainsi que pour un usage domestique.","breadcrumb":{"@id":"https:\/\/solucionescontract.com\/producto\/butaca-estilo-nordica\/#breadcrumb"},"inLanguage":"fr-FR","potentialAction":[{"@type":"ReadAction","target":["https:\/\/solucionescontract.com\/producto\/butaca-estilo-nordica\/"]}]},{"@type":"ImageObject","inLanguage":"fr-FR","@id":"https:\/\/solucionescontract.com\/producto\/butaca-estilo-nordica\/#primaryimage","url":"https:\/\/solucionescontract.com\/wp-content\/uploads\/2017\/11\/butaca-diseno-contract-9185-01.jpg","contentUrl":"https:\/\/solucionescontract.com\/wp-content\/uploads\/2017\/11\/butaca-diseno-contract-9185-01.jpg","width":1024,"height":1024},{"@type":"BreadcrumbList","@id":"https:\/\/solucionescontract.com\/producto\/butaca-estilo-nordica\/#breadcrumb","itemListElement":[{"@type":"ListItem","position":1,"name":"Inicio","item":"https:\/\/solucionescontract.com\/"},{"@type":"ListItem","position":2,"name":"Tienda mobiliario contract","item":"https:\/\/solucionescontract.com\/tienda-mobiliario-contract\/"},{"@type":"ListItem","position":3,"name":"Asientos Contract","item":"https:\/\/solucionescontract.com\/categoria-producto\/asientos-para-contract\/"},{"@type":"ListItem","position":4,"name":"Butacas de dise\u00f1o","item":"https:\/\/solucionescontract.com\/categoria-producto\/asientos-para-contract\/butacas-de-diseno\/"},{"@type":"ListItem","position":5,"name":"FAUTEUIL DE STYLE NORDIC"}]},{"@type":"WebSite","@id":"https:\/\/solucionescontract.com\/#website","url":"https:\/\/solucionescontract.com\/","name":"Soluciones Contract","description":"Venta Mobiliario contract de dise\u00f1o","publisher":{"@id":"https:\/\/solucionescontract.com\/#organization"},"potentialAction":[{"@type":"SearchAction","target":{"@type":"EntryPoint","urlTemplate":"https:\/\/solucionescontract.com\/?s={search_term_string}"},"query-input":{"@type":"PropertyValueSpecification","valueRequired":true,"valueName":"search_term_string"}}],"inLanguage":"fr-FR"},{"@type":"Organization","@id":"https:\/\/solucionescontract.com\/#organization","name":"Soluciones Contract","url":"https:\/\/solucionescontract.com\/","logo":{"@type":"ImageObject","inLanguage":"fr-FR","@id":"https:\/\/solucionescontract.com\/#\/schema\/logo\/image\/","url":"https:\/\/solucionescontract.com\/wp-content\/uploads\/2020\/02\/logoSC.jpg","contentUrl":"https:\/\/solucionescontract.com\/wp-content\/uploads\/2020\/02\/logoSC.jpg","width":300,"height":125,"caption":"Soluciones Contract"},"image":{"@id":"https:\/\/solucionescontract.com\/#\/schema\/logo\/image\/"},"sameAs":["https:\/\/www.facebook.com\/solucionescontract\/"]}]}},"_links":{"self":[{"href":"https:\/\/solucionescontract.com\/fr\/wp-json\/wp\/v2\/product\/22031","targetHints":{"allow":["GET"]}}],"collection":[{"href":"https:\/\/solucionescontract.com\/fr\/wp-json\/wp\/v2\/product"}],"about":[{"href":"https:\/\/solucionescontract.com\/fr\/wp-json\/wp\/v2\/types\/product"}],"replies":[{"embeddable":true,"href":"https:\/\/solucionescontract.com\/fr\/wp-json\/wp\/v2\/comments?post=22031"}],"wp:featuredmedia":[{"embeddable":true,"href":"https:\/\/solucionescontract.com\/fr\/wp-json\/wp\/v2\/media\/13856"}],"wp:attachment":[{"href":"https:\/\/solucionescontract.com\/fr\/wp-json\/wp\/v2\/media?parent=22031"}],"wp:term":[{"taxonomy":"product_brand","embeddable":true,"href":"https:\/\/solucionescontract.com\/fr\/wp-json\/wp\/v2\/product_brand?post=22031"},{"taxonomy":"product_cat","embeddable":true,"href":"https:\/\/solucionescontract.com\/fr\/wp-json\/wp\/v2\/product_cat?post=22031"},{"taxonomy":"product_tag","embeddable":true,"href":"https:\/\/solucionescontract.com\/fr\/wp-json\/wp\/v2\/product_tag?post=22031"}],"curies":[{"name":"wp","href":"https:\/\/api.w.org\/{rel}","templated":true}]}}