{"id":22029,"date":"2017-11-24T11:02:29","date_gmt":"2017-11-24T11:02:29","guid":{"rendered":"https:\/\/www.solucionescontract.com\/producto\/fauteuil-rembourree-8291\/"},"modified":"2021-04-16T11:42:51","modified_gmt":"2021-04-16T11:42:51","slug":"fauteuil-rembourree-8291","status":"publish","type":"product","link":"https:\/\/solucionescontract.com\/fr\/producto\/fauteuil-rembourree-8291\/","title":{"rendered":"FAUTEUIL REMBOURR\u00c9 8291"},"content":{"rendered":"<p><a href=\"https:\/\/solucionescontract.com\/wp-content\/uploads\/2017\/11\/Ficha-tecnica-dimensiones.jpg\"><img decoding=\"async\" class=\" wd-lazy-fade alignnone wp-image-3663\" src=\"https:\/\/solucionescontract.com\/wp-content\/themes\/woodmart\/images\/lazy.svg\" data-src=\"https:\/\/solucionescontract.com\/wp-content\/uploads\/2017\/11\/Ficha-tecnica-dimensiones-300x72.jpg\" alt=\"Sill\u00f3n tapizado\" width=\"450\" height=\"108\" srcset=\"\" data-srcset=\"https:\/\/solucionescontract.com\/wp-content\/uploads\/2017\/11\/Ficha-tecnica-dimensiones-300x72.jpg 300w, https:\/\/solucionescontract.com\/wp-content\/uploads\/2017\/11\/Ficha-tecnica-dimensiones-150x36.jpg 150w, https:\/\/solucionescontract.com\/wp-content\/uploads\/2017\/11\/Ficha-tecnica-dimensiones-800x192.jpg 800w, https:\/\/solucionescontract.com\/wp-content\/uploads\/2017\/11\/Ficha-tecnica-dimensiones-768x184.jpg 768w, https:\/\/solucionescontract.com\/wp-content\/uploads\/2017\/11\/Ficha-tecnica-dimensiones-1024x245.jpg 1024w, https:\/\/solucionescontract.com\/wp-content\/uploads\/2017\/11\/Ficha-tecnica-dimensiones-232x56.jpg 232w, https:\/\/solucionescontract.com\/wp-content\/uploads\/2017\/11\/Ficha-tecnica-dimensiones-350x84.jpg 350w, https:\/\/solucionescontract.com\/wp-content\/uploads\/2017\/11\/Ficha-tecnica-dimensiones-600x144.jpg 600w, https:\/\/solucionescontract.com\/wp-content\/uploads\/2017\/11\/Ficha-tecnica-dimensiones.jpg 1189w\" sizes=\"(max-width: 450px) 100vw, 450px\" \/><\/a><\/script><\/p>\n","protected":false},"excerpt":{"rendered":"<ul>\n<li>Fauteuil rembourr\u00e9 de style vintage.<\/li>\n<li>Structure et cadre en bois de premi\u00e8re qualit\u00e9<\/li>\n<li>Assise, accoudoirs et dossier rembourr\u00e9s de mousse.<\/li>\n<li>Hauteur du si\u00e8ge 460 mm<\/li>\n<li>Utilisation \u00e0 l&rsquo;int\u00e9rieur<\/li>\n<li>Large gamme de finitions du bois \/ de rembourrage, <a href=\"https:\/\/solucionescontract.com\/fr\/producto\/finition-tm\/\">s\u00e9lectionnez les finitions ici<\/a><\/li>\n<\/ul>\n","protected":false},"featured_media":13854,"comment_status":"open","ping_status":"closed","template":"","meta":[],"product_brand":[],"product_cat":[627,531],"product_tag":[689],"class_list":{"0":"post-22029","1":"product","2":"type-product","3":"status-publish","4":"has-post-thumbnail","6":"product_cat-fauteuil-contract","7":"product_cat-fauteuils-design","8":"product_tag-asientos-tapizados-fr","9":"product_shipping_class-gratuit","10":"yith_product_brand-tm-sillerias-fr","12":"first","13":"instock","14":"taxable","15":"shipping-taxable","16":"purchasable","17":"product-type-simple"},"yoast_head":"<!-- This site is optimized with the Yoast SEO plugin v27.3 - https:\/\/yoast.com\/product\/yoast-seo-wordpress\/ -->\n<title>FAUTEUIL REMBOURR\u00c9 8291<\/title>\n<meta name=\"description\" content=\"Fauteuil design rembourr\u00e9. Id\u00e9al pour un usage professionnel, chambres d&#039;h\u00f4tel, salles d&#039;attente, bureaux ... comme pour un usage domestique. vente en ligne.\" \/>\n<meta name=\"robots\" content=\"index, follow, max-snippet:-1, max-image-preview:large, max-video-preview:-1\" \/>\n<link rel=\"canonical\" href=\"https:\/\/solucionescontract.com\/producto\/sillon-diseno-8291\/\" \/>\n<meta property=\"og:locale\" content=\"fr_FR\" \/>\n<meta property=\"og:type\" content=\"article\" \/>\n<meta property=\"og:title\" content=\"FAUTEUIL REMBOURR\u00c9 8291\" \/>\n<meta property=\"og:description\" content=\"Fauteuil design rembourr\u00e9. Id\u00e9al pour un usage professionnel, chambres d&#039;h\u00f4tel, salles d&#039;attente, bureaux ... comme pour un usage domestique. vente en ligne.\" \/>\n<meta property=\"og:url\" content=\"https:\/\/solucionescontract.com\/producto\/sillon-diseno-8291\/\" \/>\n<meta property=\"og:site_name\" content=\"Soluciones Contract\" \/>\n<meta property=\"article:publisher\" content=\"https:\/\/www.facebook.com\/solucionescontract\/\" \/>\n<meta property=\"article:modified_time\" content=\"2021-04-16T11:42:51+00:00\" \/>\n<meta property=\"og:image\" content=\"https:\/\/solucionescontract.com\/wp-content\/uploads\/2017\/11\/sillon-contract-8291-1.jpg\" \/>\n\t<meta property=\"og:image:width\" content=\"900\" \/>\n\t<meta property=\"og:image:height\" content=\"900\" \/>\n\t<meta property=\"og:image:type\" content=\"image\/jpeg\" \/>\n<meta name=\"twitter:card\" content=\"summary_large_image\" \/>\n<script type=\"application\/ld+json\" class=\"yoast-schema-graph\">{\"@context\":\"https:\\\/\\\/schema.org\",\"@graph\":[{\"@type\":\"WebPage\",\"@id\":\"https:\\\/\\\/solucionescontract.com\\\/producto\\\/sillon-diseno-8291\\\/\",\"url\":\"https:\\\/\\\/solucionescontract.com\\\/producto\\\/sillon-diseno-8291\\\/\",\"name\":\"FAUTEUIL REMBOURR\u00c9 8291\",\"isPartOf\":{\"@id\":\"https:\\\/\\\/solucionescontract.com\\\/#website\"},\"primaryImageOfPage\":{\"@id\":\"https:\\\/\\\/solucionescontract.com\\\/producto\\\/sillon-diseno-8291\\\/#primaryimage\"},\"image\":{\"@id\":\"https:\\\/\\\/solucionescontract.com\\\/producto\\\/sillon-diseno-8291\\\/#primaryimage\"},\"thumbnailUrl\":\"https:\\\/\\\/solucionescontract.com\\\/wp-content\\\/uploads\\\/2017\\\/11\\\/sillon-contract-8291-1.jpg\",\"datePublished\":\"2017-11-24T11:02:29+00:00\",\"dateModified\":\"2021-04-16T11:42:51+00:00\",\"description\":\"Fauteuil design rembourr\u00e9. Id\u00e9al pour un usage professionnel, chambres d'h\u00f4tel, salles d'attente, bureaux ... comme pour un usage domestique. vente en ligne.\",\"breadcrumb\":{\"@id\":\"https:\\\/\\\/solucionescontract.com\\\/producto\\\/sillon-diseno-8291\\\/#breadcrumb\"},\"inLanguage\":\"fr-FR\",\"potentialAction\":[{\"@type\":\"ReadAction\",\"target\":[\"https:\\\/\\\/solucionescontract.com\\\/producto\\\/sillon-diseno-8291\\\/\"]}]},{\"@type\":\"ImageObject\",\"inLanguage\":\"fr-FR\",\"@id\":\"https:\\\/\\\/solucionescontract.com\\\/producto\\\/sillon-diseno-8291\\\/#primaryimage\",\"url\":\"https:\\\/\\\/solucionescontract.com\\\/wp-content\\\/uploads\\\/2017\\\/11\\\/sillon-contract-8291-1.jpg\",\"contentUrl\":\"https:\\\/\\\/solucionescontract.com\\\/wp-content\\\/uploads\\\/2017\\\/11\\\/sillon-contract-8291-1.jpg\",\"width\":900,\"height\":900},{\"@type\":\"BreadcrumbList\",\"@id\":\"https:\\\/\\\/solucionescontract.com\\\/producto\\\/sillon-diseno-8291\\\/#breadcrumb\",\"itemListElement\":[{\"@type\":\"ListItem\",\"position\":1,\"name\":\"Inicio\",\"item\":\"https:\\\/\\\/solucionescontract.com\\\/\"},{\"@type\":\"ListItem\",\"position\":2,\"name\":\"Tienda mobiliario contract\",\"item\":\"https:\\\/\\\/solucionescontract.com\\\/tienda-mobiliario-contract\\\/\"},{\"@type\":\"ListItem\",\"position\":3,\"name\":\"Asientos Contract\",\"item\":\"https:\\\/\\\/solucionescontract.com\\\/categoria-producto\\\/asientos-para-contract\\\/\"},{\"@type\":\"ListItem\",\"position\":4,\"name\":\"Sof\u00e1s de dise\u00f1o\",\"item\":\"https:\\\/\\\/solucionescontract.com\\\/categoria-producto\\\/asientos-para-contract\\\/sofas-de-diseno\\\/\"},{\"@type\":\"ListItem\",\"position\":5,\"name\":\"Sillones\",\"item\":\"https:\\\/\\\/solucionescontract.com\\\/categoria-producto\\\/asientos-para-contract\\\/sofas-de-diseno\\\/sillones-contract\\\/\"},{\"@type\":\"ListItem\",\"position\":6,\"name\":\"FAUTEUIL REMBOURR\u00c9 8291\"}]},{\"@type\":\"WebSite\",\"@id\":\"https:\\\/\\\/solucionescontract.com\\\/#website\",\"url\":\"https:\\\/\\\/solucionescontract.com\\\/\",\"name\":\"Soluciones Contract\",\"description\":\"Venta Mobiliario contract de dise\u00f1o\",\"publisher\":{\"@id\":\"https:\\\/\\\/solucionescontract.com\\\/#organization\"},\"potentialAction\":[{\"@type\":\"SearchAction\",\"target\":{\"@type\":\"EntryPoint\",\"urlTemplate\":\"https:\\\/\\\/solucionescontract.com\\\/?s={search_term_string}\"},\"query-input\":{\"@type\":\"PropertyValueSpecification\",\"valueRequired\":true,\"valueName\":\"search_term_string\"}}],\"inLanguage\":\"fr-FR\"},{\"@type\":\"Organization\",\"@id\":\"https:\\\/\\\/solucionescontract.com\\\/#organization\",\"name\":\"Soluciones Contract\",\"url\":\"https:\\\/\\\/solucionescontract.com\\\/\",\"logo\":{\"@type\":\"ImageObject\",\"inLanguage\":\"fr-FR\",\"@id\":\"https:\\\/\\\/solucionescontract.com\\\/#\\\/schema\\\/logo\\\/image\\\/\",\"url\":\"https:\\\/\\\/solucionescontract.com\\\/wp-content\\\/uploads\\\/2020\\\/02\\\/logoSC.jpg\",\"contentUrl\":\"https:\\\/\\\/solucionescontract.com\\\/wp-content\\\/uploads\\\/2020\\\/02\\\/logoSC.jpg\",\"width\":300,\"height\":125,\"caption\":\"Soluciones Contract\"},\"image\":{\"@id\":\"https:\\\/\\\/solucionescontract.com\\\/#\\\/schema\\\/logo\\\/image\\\/\"},\"sameAs\":[\"https:\\\/\\\/www.facebook.com\\\/solucionescontract\\\/\"]}]}<\/script>\n<!-- \/ Yoast SEO plugin. -->","yoast_head_json":{"title":"FAUTEUIL REMBOURR\u00c9 8291","description":"Fauteuil design rembourr\u00e9. Id\u00e9al pour un usage professionnel, chambres d'h\u00f4tel, salles d'attente, bureaux ... comme pour un usage domestique. vente en ligne.","robots":{"index":"index","follow":"follow","max-snippet":"max-snippet:-1","max-image-preview":"max-image-preview:large","max-video-preview":"max-video-preview:-1"},"canonical":"https:\/\/solucionescontract.com\/producto\/sillon-diseno-8291\/","og_locale":"fr_FR","og_type":"article","og_title":"FAUTEUIL REMBOURR\u00c9 8291","og_description":"Fauteuil design rembourr\u00e9. Id\u00e9al pour un usage professionnel, chambres d'h\u00f4tel, salles d'attente, bureaux ... comme pour un usage domestique. vente en ligne.","og_url":"https:\/\/solucionescontract.com\/producto\/sillon-diseno-8291\/","og_site_name":"Soluciones Contract","article_publisher":"https:\/\/www.facebook.com\/solucionescontract\/","article_modified_time":"2021-04-16T11:42:51+00:00","og_image":[{"width":900,"height":900,"url":"https:\/\/solucionescontract.com\/wp-content\/uploads\/2017\/11\/sillon-contract-8291-1.jpg","type":"image\/jpeg"}],"twitter_card":"summary_large_image","schema":{"@context":"https:\/\/schema.org","@graph":[{"@type":"WebPage","@id":"https:\/\/solucionescontract.com\/producto\/sillon-diseno-8291\/","url":"https:\/\/solucionescontract.com\/producto\/sillon-diseno-8291\/","name":"FAUTEUIL REMBOURR\u00c9 8291","isPartOf":{"@id":"https:\/\/solucionescontract.com\/#website"},"primaryImageOfPage":{"@id":"https:\/\/solucionescontract.com\/producto\/sillon-diseno-8291\/#primaryimage"},"image":{"@id":"https:\/\/solucionescontract.com\/producto\/sillon-diseno-8291\/#primaryimage"},"thumbnailUrl":"https:\/\/solucionescontract.com\/wp-content\/uploads\/2017\/11\/sillon-contract-8291-1.jpg","datePublished":"2017-11-24T11:02:29+00:00","dateModified":"2021-04-16T11:42:51+00:00","description":"Fauteuil design rembourr\u00e9. Id\u00e9al pour un usage professionnel, chambres d'h\u00f4tel, salles d'attente, bureaux ... comme pour un usage domestique. vente en ligne.","breadcrumb":{"@id":"https:\/\/solucionescontract.com\/producto\/sillon-diseno-8291\/#breadcrumb"},"inLanguage":"fr-FR","potentialAction":[{"@type":"ReadAction","target":["https:\/\/solucionescontract.com\/producto\/sillon-diseno-8291\/"]}]},{"@type":"ImageObject","inLanguage":"fr-FR","@id":"https:\/\/solucionescontract.com\/producto\/sillon-diseno-8291\/#primaryimage","url":"https:\/\/solucionescontract.com\/wp-content\/uploads\/2017\/11\/sillon-contract-8291-1.jpg","contentUrl":"https:\/\/solucionescontract.com\/wp-content\/uploads\/2017\/11\/sillon-contract-8291-1.jpg","width":900,"height":900},{"@type":"BreadcrumbList","@id":"https:\/\/solucionescontract.com\/producto\/sillon-diseno-8291\/#breadcrumb","itemListElement":[{"@type":"ListItem","position":1,"name":"Inicio","item":"https:\/\/solucionescontract.com\/"},{"@type":"ListItem","position":2,"name":"Tienda mobiliario contract","item":"https:\/\/solucionescontract.com\/tienda-mobiliario-contract\/"},{"@type":"ListItem","position":3,"name":"Asientos Contract","item":"https:\/\/solucionescontract.com\/categoria-producto\/asientos-para-contract\/"},{"@type":"ListItem","position":4,"name":"Sof\u00e1s de dise\u00f1o","item":"https:\/\/solucionescontract.com\/categoria-producto\/asientos-para-contract\/sofas-de-diseno\/"},{"@type":"ListItem","position":5,"name":"Sillones","item":"https:\/\/solucionescontract.com\/categoria-producto\/asientos-para-contract\/sofas-de-diseno\/sillones-contract\/"},{"@type":"ListItem","position":6,"name":"FAUTEUIL REMBOURR\u00c9 8291"}]},{"@type":"WebSite","@id":"https:\/\/solucionescontract.com\/#website","url":"https:\/\/solucionescontract.com\/","name":"Soluciones Contract","description":"Venta Mobiliario contract de dise\u00f1o","publisher":{"@id":"https:\/\/solucionescontract.com\/#organization"},"potentialAction":[{"@type":"SearchAction","target":{"@type":"EntryPoint","urlTemplate":"https:\/\/solucionescontract.com\/?s={search_term_string}"},"query-input":{"@type":"PropertyValueSpecification","valueRequired":true,"valueName":"search_term_string"}}],"inLanguage":"fr-FR"},{"@type":"Organization","@id":"https:\/\/solucionescontract.com\/#organization","name":"Soluciones Contract","url":"https:\/\/solucionescontract.com\/","logo":{"@type":"ImageObject","inLanguage":"fr-FR","@id":"https:\/\/solucionescontract.com\/#\/schema\/logo\/image\/","url":"https:\/\/solucionescontract.com\/wp-content\/uploads\/2020\/02\/logoSC.jpg","contentUrl":"https:\/\/solucionescontract.com\/wp-content\/uploads\/2020\/02\/logoSC.jpg","width":300,"height":125,"caption":"Soluciones Contract"},"image":{"@id":"https:\/\/solucionescontract.com\/#\/schema\/logo\/image\/"},"sameAs":["https:\/\/www.facebook.com\/solucionescontract\/"]}]}},"_links":{"self":[{"href":"https:\/\/solucionescontract.com\/fr\/wp-json\/wp\/v2\/product\/22029","targetHints":{"allow":["GET"]}}],"collection":[{"href":"https:\/\/solucionescontract.com\/fr\/wp-json\/wp\/v2\/product"}],"about":[{"href":"https:\/\/solucionescontract.com\/fr\/wp-json\/wp\/v2\/types\/product"}],"replies":[{"embeddable":true,"href":"https:\/\/solucionescontract.com\/fr\/wp-json\/wp\/v2\/comments?post=22029"}],"wp:featuredmedia":[{"embeddable":true,"href":"https:\/\/solucionescontract.com\/fr\/wp-json\/wp\/v2\/media\/13854"}],"wp:attachment":[{"href":"https:\/\/solucionescontract.com\/fr\/wp-json\/wp\/v2\/media?parent=22029"}],"wp:term":[{"taxonomy":"product_brand","embeddable":true,"href":"https:\/\/solucionescontract.com\/fr\/wp-json\/wp\/v2\/product_brand?post=22029"},{"taxonomy":"product_cat","embeddable":true,"href":"https:\/\/solucionescontract.com\/fr\/wp-json\/wp\/v2\/product_cat?post=22029"},{"taxonomy":"product_tag","embeddable":true,"href":"https:\/\/solucionescontract.com\/fr\/wp-json\/wp\/v2\/product_tag?post=22029"}],"curies":[{"name":"wp","href":"https:\/\/api.w.org\/{rel}","templated":true}]}}