{"id":22027,"date":"2017-11-24T10:23:46","date_gmt":"2017-11-24T10:23:46","guid":{"rendered":"https:\/\/www.solucionescontract.com\/producto\/fauteuil-pivotant-de-design\/"},"modified":"2021-03-11T10:30:57","modified_gmt":"2021-03-11T10:30:57","slug":"fauteuil-pivotant-de-design","status":"publish","type":"product","link":"https:\/\/solucionescontract.com\/fr\/producto\/fauteuil-pivotant-de-design\/","title":{"rendered":"FAUTEUIL PIVOTANT DE DESIGN"},"content":{"rendered":"<p>&nbsp;<\/p>\n<p><a href=\"https:\/\/solucionescontract.com\/wp-content\/uploads\/2017\/11\/ficha-y-dimensiones-8244.jpg\"><img decoding=\"async\" class=\" wd-lazy-fade alignnone wp-image-3657\" src=\"https:\/\/solucionescontract.com\/wp-content\/themes\/woodmart\/images\/lazy.svg\" data-src=\"https:\/\/solucionescontract.com\/wp-content\/uploads\/2017\/11\/ficha-y-dimensiones-8244-300x78.jpg\" alt=\"Butaca de dise\u00f1o\" width=\"450\" height=\"117\" srcset=\"\" data-srcset=\"https:\/\/solucionescontract.com\/wp-content\/uploads\/2017\/11\/ficha-y-dimensiones-8244-300x78.jpg 300w, https:\/\/solucionescontract.com\/wp-content\/uploads\/2017\/11\/ficha-y-dimensiones-8244-150x39.jpg 150w, https:\/\/solucionescontract.com\/wp-content\/uploads\/2017\/11\/ficha-y-dimensiones-8244-800x207.jpg 800w, https:\/\/solucionescontract.com\/wp-content\/uploads\/2017\/11\/ficha-y-dimensiones-8244-768x199.jpg 768w, https:\/\/solucionescontract.com\/wp-content\/uploads\/2017\/11\/ficha-y-dimensiones-8244-1024x266.jpg 1024w, https:\/\/solucionescontract.com\/wp-content\/uploads\/2017\/11\/ficha-y-dimensiones-8244-232x60.jpg 232w, https:\/\/solucionescontract.com\/wp-content\/uploads\/2017\/11\/ficha-y-dimensiones-8244-350x91.jpg 350w, https:\/\/solucionescontract.com\/wp-content\/uploads\/2017\/11\/ficha-y-dimensiones-8244-600x156.jpg 600w, https:\/\/solucionescontract.com\/wp-content\/uploads\/2017\/11\/ficha-y-dimensiones-8244.jpg 1045w\" sizes=\"(max-width: 450px) 100vw, 450px\" \/><\/a><\/script><\/p>\n","protected":false},"excerpt":{"rendered":"<ul>\n<li>Fauteuil design rembourr\u00e9 sp\u00e9cialement con\u00e7u pour les salles d&rsquo;attente, les h\u00f4tels&#8230; pour profiter du repos \u00e0 la maison<\/li>\n<li>Structure en polyur\u00e9thane.<\/li>\n<li>Pied avec tube central pivotant et 4 bras en fer chrom\u00e9<\/li>\n<li>Hauteur du si\u00e8ge 420mm<\/li>\n<li>Utilisation \u00e0 l&rsquo;int\u00e9rieur<\/li>\n<li>Large gamme de finitions du bois \/ de rembourrage, <a href=\"https:\/\/solucionescontract.com\/fr\/producto\/finition-tm\/\">s\u00e9lectionnez les finitions ici<\/a><\/li>\n<\/ul>\n","protected":false},"featured_media":13840,"comment_status":"open","ping_status":"closed","template":"","meta":[],"product_brand":[],"product_cat":[531],"product_tag":[689],"class_list":{"0":"post-22027","1":"product","2":"type-product","3":"status-publish","4":"has-post-thumbnail","6":"product_cat-fauteuils-design","7":"product_tag-asientos-tapizados-fr","8":"product_shipping_class-gratuit","9":"yith_product_brand-tm-sillerias-fr","11":"first","12":"instock","13":"taxable","14":"shipping-taxable","15":"purchasable","16":"product-type-simple"},"yoast_head":"<!-- This site is optimized with the Yoast SEO plugin v27.3 - https:\/\/yoast.com\/product\/yoast-seo-wordpress\/ -->\n<title>FAUTEUIL PIVOTANT DE DESIGN | SOLUCIONES CONTRACT<\/title>\n<meta name=\"description\" content=\"Fauteuil pivotant design, pi\u00e8ce unique de grand confort. Id\u00e9al pour un usage professionnel, h\u00f4tels, bureaux...ainsi que pour un usage domestique.\" \/>\n<meta name=\"robots\" content=\"index, follow, max-snippet:-1, max-image-preview:large, max-video-preview:-1\" \/>\n<link rel=\"canonical\" href=\"https:\/\/solucionescontract.com\/fr\/producto\/fauteuil-pivotant-de-design\/\" \/>\n<meta property=\"og:locale\" content=\"fr_FR\" \/>\n<meta property=\"og:type\" content=\"article\" \/>\n<meta property=\"og:title\" content=\"FAUTEUIL PIVOTANT DE DESIGN | SOLUCIONES CONTRACT\" \/>\n<meta property=\"og:description\" content=\"Fauteuil pivotant design, pi\u00e8ce unique de grand confort. Id\u00e9al pour un usage professionnel, h\u00f4tels, bureaux...ainsi que pour un usage domestique.\" \/>\n<meta property=\"og:url\" content=\"https:\/\/solucionescontract.com\/fr\/producto\/fauteuil-pivotant-de-design\/\" \/>\n<meta property=\"og:site_name\" content=\"Soluciones Contract\" \/>\n<meta property=\"article:publisher\" content=\"https:\/\/www.facebook.com\/solucionescontract\/\" \/>\n<meta property=\"article:modified_time\" content=\"2021-03-11T10:30:57+00:00\" \/>\n<meta property=\"og:image\" content=\"https:\/\/solucionescontract.com\/wp-content\/uploads\/2017\/11\/butaca-contract-salon-8244-1A.jpg\" \/>\n\t<meta property=\"og:image:width\" content=\"900\" \/>\n\t<meta property=\"og:image:height\" content=\"901\" \/>\n\t<meta property=\"og:image:type\" content=\"image\/jpeg\" \/>\n<meta name=\"twitter:card\" content=\"summary_large_image\" \/>\n<script type=\"application\/ld+json\" class=\"yoast-schema-graph\">{\"@context\":\"https:\\\/\\\/schema.org\",\"@graph\":[{\"@type\":\"WebPage\",\"@id\":\"https:\\\/\\\/solucionescontract.com\\\/fr\\\/producto\\\/fauteuil-pivotant-de-design\\\/\",\"url\":\"https:\\\/\\\/solucionescontract.com\\\/fr\\\/producto\\\/fauteuil-pivotant-de-design\\\/\",\"name\":\"FAUTEUIL PIVOTANT DE DESIGN | SOLUCIONES CONTRACT\",\"isPartOf\":{\"@id\":\"https:\\\/\\\/solucionescontract.com\\\/#website\"},\"primaryImageOfPage\":{\"@id\":\"https:\\\/\\\/solucionescontract.com\\\/fr\\\/producto\\\/fauteuil-pivotant-de-design\\\/#primaryimage\"},\"image\":{\"@id\":\"https:\\\/\\\/solucionescontract.com\\\/fr\\\/producto\\\/fauteuil-pivotant-de-design\\\/#primaryimage\"},\"thumbnailUrl\":\"https:\\\/\\\/solucionescontract.com\\\/wp-content\\\/uploads\\\/2017\\\/11\\\/butaca-contract-salon-8244-1A.jpg\",\"datePublished\":\"2017-11-24T10:23:46+00:00\",\"dateModified\":\"2021-03-11T10:30:57+00:00\",\"description\":\"Fauteuil pivotant design, pi\u00e8ce unique de grand confort. Id\u00e9al pour un usage professionnel, h\u00f4tels, bureaux...ainsi que pour un usage domestique.\",\"breadcrumb\":{\"@id\":\"https:\\\/\\\/solucionescontract.com\\\/fr\\\/producto\\\/fauteuil-pivotant-de-design\\\/#breadcrumb\"},\"inLanguage\":\"fr-FR\",\"potentialAction\":[{\"@type\":\"ReadAction\",\"target\":[\"https:\\\/\\\/solucionescontract.com\\\/fr\\\/producto\\\/fauteuil-pivotant-de-design\\\/\"]}]},{\"@type\":\"ImageObject\",\"inLanguage\":\"fr-FR\",\"@id\":\"https:\\\/\\\/solucionescontract.com\\\/fr\\\/producto\\\/fauteuil-pivotant-de-design\\\/#primaryimage\",\"url\":\"https:\\\/\\\/solucionescontract.com\\\/wp-content\\\/uploads\\\/2017\\\/11\\\/butaca-contract-salon-8244-1A.jpg\",\"contentUrl\":\"https:\\\/\\\/solucionescontract.com\\\/wp-content\\\/uploads\\\/2017\\\/11\\\/butaca-contract-salon-8244-1A.jpg\",\"width\":900,\"height\":901},{\"@type\":\"BreadcrumbList\",\"@id\":\"https:\\\/\\\/solucionescontract.com\\\/fr\\\/producto\\\/fauteuil-pivotant-de-design\\\/#breadcrumb\",\"itemListElement\":[{\"@type\":\"ListItem\",\"position\":1,\"name\":\"Inicio\",\"item\":\"https:\\\/\\\/solucionescontract.com\\\/\"},{\"@type\":\"ListItem\",\"position\":2,\"name\":\"Tienda mobiliario contract\",\"item\":\"https:\\\/\\\/solucionescontract.com\\\/tienda-mobiliario-contract\\\/\"},{\"@type\":\"ListItem\",\"position\":3,\"name\":\"Si\u00e8ges contractuels\",\"item\":\"https:\\\/\\\/solucionescontract.com\\\/fr\\\/categoria-producto\\\/sieges-contractuels\\\/\"},{\"@type\":\"ListItem\",\"position\":4,\"name\":\"Fauteuils design\",\"item\":\"https:\\\/\\\/solucionescontract.com\\\/fr\\\/categoria-producto\\\/sieges-contractuels\\\/fauteuils-design\\\/\"},{\"@type\":\"ListItem\",\"position\":5,\"name\":\"FAUTEUIL PIVOTANT DE DESIGN\"}]},{\"@type\":\"WebSite\",\"@id\":\"https:\\\/\\\/solucionescontract.com\\\/#website\",\"url\":\"https:\\\/\\\/solucionescontract.com\\\/\",\"name\":\"Soluciones Contract\",\"description\":\"Venta Mobiliario contract de dise\u00f1o\",\"publisher\":{\"@id\":\"https:\\\/\\\/solucionescontract.com\\\/#organization\"},\"potentialAction\":[{\"@type\":\"SearchAction\",\"target\":{\"@type\":\"EntryPoint\",\"urlTemplate\":\"https:\\\/\\\/solucionescontract.com\\\/?s={search_term_string}\"},\"query-input\":{\"@type\":\"PropertyValueSpecification\",\"valueRequired\":true,\"valueName\":\"search_term_string\"}}],\"inLanguage\":\"fr-FR\"},{\"@type\":\"Organization\",\"@id\":\"https:\\\/\\\/solucionescontract.com\\\/#organization\",\"name\":\"Soluciones Contract\",\"url\":\"https:\\\/\\\/solucionescontract.com\\\/\",\"logo\":{\"@type\":\"ImageObject\",\"inLanguage\":\"fr-FR\",\"@id\":\"https:\\\/\\\/solucionescontract.com\\\/#\\\/schema\\\/logo\\\/image\\\/\",\"url\":\"https:\\\/\\\/solucionescontract.com\\\/wp-content\\\/uploads\\\/2020\\\/02\\\/logoSC.jpg\",\"contentUrl\":\"https:\\\/\\\/solucionescontract.com\\\/wp-content\\\/uploads\\\/2020\\\/02\\\/logoSC.jpg\",\"width\":300,\"height\":125,\"caption\":\"Soluciones Contract\"},\"image\":{\"@id\":\"https:\\\/\\\/solucionescontract.com\\\/#\\\/schema\\\/logo\\\/image\\\/\"},\"sameAs\":[\"https:\\\/\\\/www.facebook.com\\\/solucionescontract\\\/\"]}]}<\/script>\n<!-- \/ Yoast SEO plugin. -->","yoast_head_json":{"title":"FAUTEUIL PIVOTANT DE DESIGN | SOLUCIONES CONTRACT","description":"Fauteuil pivotant design, pi\u00e8ce unique de grand confort. Id\u00e9al pour un usage professionnel, h\u00f4tels, bureaux...ainsi que pour un usage domestique.","robots":{"index":"index","follow":"follow","max-snippet":"max-snippet:-1","max-image-preview":"max-image-preview:large","max-video-preview":"max-video-preview:-1"},"canonical":"https:\/\/solucionescontract.com\/fr\/producto\/fauteuil-pivotant-de-design\/","og_locale":"fr_FR","og_type":"article","og_title":"FAUTEUIL PIVOTANT DE DESIGN | SOLUCIONES CONTRACT","og_description":"Fauteuil pivotant design, pi\u00e8ce unique de grand confort. Id\u00e9al pour un usage professionnel, h\u00f4tels, bureaux...ainsi que pour un usage domestique.","og_url":"https:\/\/solucionescontract.com\/fr\/producto\/fauteuil-pivotant-de-design\/","og_site_name":"Soluciones Contract","article_publisher":"https:\/\/www.facebook.com\/solucionescontract\/","article_modified_time":"2021-03-11T10:30:57+00:00","og_image":[{"width":900,"height":901,"url":"https:\/\/solucionescontract.com\/wp-content\/uploads\/2017\/11\/butaca-contract-salon-8244-1A.jpg","type":"image\/jpeg"}],"twitter_card":"summary_large_image","schema":{"@context":"https:\/\/schema.org","@graph":[{"@type":"WebPage","@id":"https:\/\/solucionescontract.com\/fr\/producto\/fauteuil-pivotant-de-design\/","url":"https:\/\/solucionescontract.com\/fr\/producto\/fauteuil-pivotant-de-design\/","name":"FAUTEUIL PIVOTANT DE DESIGN | SOLUCIONES CONTRACT","isPartOf":{"@id":"https:\/\/solucionescontract.com\/#website"},"primaryImageOfPage":{"@id":"https:\/\/solucionescontract.com\/fr\/producto\/fauteuil-pivotant-de-design\/#primaryimage"},"image":{"@id":"https:\/\/solucionescontract.com\/fr\/producto\/fauteuil-pivotant-de-design\/#primaryimage"},"thumbnailUrl":"https:\/\/solucionescontract.com\/wp-content\/uploads\/2017\/11\/butaca-contract-salon-8244-1A.jpg","datePublished":"2017-11-24T10:23:46+00:00","dateModified":"2021-03-11T10:30:57+00:00","description":"Fauteuil pivotant design, pi\u00e8ce unique de grand confort. Id\u00e9al pour un usage professionnel, h\u00f4tels, bureaux...ainsi que pour un usage domestique.","breadcrumb":{"@id":"https:\/\/solucionescontract.com\/fr\/producto\/fauteuil-pivotant-de-design\/#breadcrumb"},"inLanguage":"fr-FR","potentialAction":[{"@type":"ReadAction","target":["https:\/\/solucionescontract.com\/fr\/producto\/fauteuil-pivotant-de-design\/"]}]},{"@type":"ImageObject","inLanguage":"fr-FR","@id":"https:\/\/solucionescontract.com\/fr\/producto\/fauteuil-pivotant-de-design\/#primaryimage","url":"https:\/\/solucionescontract.com\/wp-content\/uploads\/2017\/11\/butaca-contract-salon-8244-1A.jpg","contentUrl":"https:\/\/solucionescontract.com\/wp-content\/uploads\/2017\/11\/butaca-contract-salon-8244-1A.jpg","width":900,"height":901},{"@type":"BreadcrumbList","@id":"https:\/\/solucionescontract.com\/fr\/producto\/fauteuil-pivotant-de-design\/#breadcrumb","itemListElement":[{"@type":"ListItem","position":1,"name":"Inicio","item":"https:\/\/solucionescontract.com\/"},{"@type":"ListItem","position":2,"name":"Tienda mobiliario contract","item":"https:\/\/solucionescontract.com\/tienda-mobiliario-contract\/"},{"@type":"ListItem","position":3,"name":"Si\u00e8ges contractuels","item":"https:\/\/solucionescontract.com\/fr\/categoria-producto\/sieges-contractuels\/"},{"@type":"ListItem","position":4,"name":"Fauteuils design","item":"https:\/\/solucionescontract.com\/fr\/categoria-producto\/sieges-contractuels\/fauteuils-design\/"},{"@type":"ListItem","position":5,"name":"FAUTEUIL PIVOTANT DE DESIGN"}]},{"@type":"WebSite","@id":"https:\/\/solucionescontract.com\/#website","url":"https:\/\/solucionescontract.com\/","name":"Soluciones Contract","description":"Venta Mobiliario contract de dise\u00f1o","publisher":{"@id":"https:\/\/solucionescontract.com\/#organization"},"potentialAction":[{"@type":"SearchAction","target":{"@type":"EntryPoint","urlTemplate":"https:\/\/solucionescontract.com\/?s={search_term_string}"},"query-input":{"@type":"PropertyValueSpecification","valueRequired":true,"valueName":"search_term_string"}}],"inLanguage":"fr-FR"},{"@type":"Organization","@id":"https:\/\/solucionescontract.com\/#organization","name":"Soluciones Contract","url":"https:\/\/solucionescontract.com\/","logo":{"@type":"ImageObject","inLanguage":"fr-FR","@id":"https:\/\/solucionescontract.com\/#\/schema\/logo\/image\/","url":"https:\/\/solucionescontract.com\/wp-content\/uploads\/2020\/02\/logoSC.jpg","contentUrl":"https:\/\/solucionescontract.com\/wp-content\/uploads\/2020\/02\/logoSC.jpg","width":300,"height":125,"caption":"Soluciones Contract"},"image":{"@id":"https:\/\/solucionescontract.com\/#\/schema\/logo\/image\/"},"sameAs":["https:\/\/www.facebook.com\/solucionescontract\/"]}]}},"_links":{"self":[{"href":"https:\/\/solucionescontract.com\/fr\/wp-json\/wp\/v2\/product\/22027","targetHints":{"allow":["GET"]}}],"collection":[{"href":"https:\/\/solucionescontract.com\/fr\/wp-json\/wp\/v2\/product"}],"about":[{"href":"https:\/\/solucionescontract.com\/fr\/wp-json\/wp\/v2\/types\/product"}],"replies":[{"embeddable":true,"href":"https:\/\/solucionescontract.com\/fr\/wp-json\/wp\/v2\/comments?post=22027"}],"wp:featuredmedia":[{"embeddable":true,"href":"https:\/\/solucionescontract.com\/fr\/wp-json\/wp\/v2\/media\/13840"}],"wp:attachment":[{"href":"https:\/\/solucionescontract.com\/fr\/wp-json\/wp\/v2\/media?parent=22027"}],"wp:term":[{"taxonomy":"product_brand","embeddable":true,"href":"https:\/\/solucionescontract.com\/fr\/wp-json\/wp\/v2\/product_brand?post=22027"},{"taxonomy":"product_cat","embeddable":true,"href":"https:\/\/solucionescontract.com\/fr\/wp-json\/wp\/v2\/product_cat?post=22027"},{"taxonomy":"product_tag","embeddable":true,"href":"https:\/\/solucionescontract.com\/fr\/wp-json\/wp\/v2\/product_tag?post=22027"}],"curies":[{"name":"wp","href":"https:\/\/api.w.org\/{rel}","templated":true}]}}