{"id":21823,"date":"2017-09-19T16:53:08","date_gmt":"2017-09-19T16:53:08","guid":{"rendered":"https:\/\/www.solucionescontract.com\/producto\/matelas-a-ressorts-biconiques-et-viscoelastiques-scala\/"},"modified":"2017-09-19T16:53:08","modified_gmt":"2017-09-19T16:53:08","slug":"matelas-a-ressorts-biconiques-et-viscoelastiques-scala","status":"publish","type":"product","link":"https:\/\/solucionescontract.com\/fr\/producto\/matelas-a-ressorts-biconiques-et-viscoelastiques-scala\/","title":{"rendered":"MATELAS \u00c0 RESSORTS BICONIQUES ET VISCO\u00c9LASTIQUES SCALA"},"content":{"rendered":"<p><a href=\"https:\/\/solucionescontract.com\/wp-content\/uploads\/2017\/09\/COLCHON-DE-MUELLES-BICONICOS-SCALA-Ficha.jpg\"><img decoding=\"async\" class=\" wd-lazy-fade alignnone wp-image-3187\" src=\"https:\/\/solucionescontract.com\/wp-content\/themes\/woodmart\/images\/lazy.svg\" data-src=\"https:\/\/solucionescontract.com\/wp-content\/uploads\/2017\/09\/COLCHON-DE-MUELLES-BICONICOS-SCALA-Ficha-300x118.jpg\" alt=\"Colch\u00f3n de n\u00facleo y viscoel\u00e1stica .Tejido anti\u00e1caros\" width=\"500\" height=\"197\" srcset=\"\" data-srcset=\"https:\/\/solucionescontract.com\/wp-content\/uploads\/2017\/09\/COLCHON-DE-MUELLES-BICONICOS-SCALA-Ficha-300x118.jpg 300w, https:\/\/solucionescontract.com\/wp-content\/uploads\/2017\/09\/COLCHON-DE-MUELLES-BICONICOS-SCALA-Ficha-150x59.jpg 150w, https:\/\/solucionescontract.com\/wp-content\/uploads\/2017\/09\/COLCHON-DE-MUELLES-BICONICOS-SCALA-Ficha-800x315.jpg 800w, https:\/\/solucionescontract.com\/wp-content\/uploads\/2017\/09\/COLCHON-DE-MUELLES-BICONICOS-SCALA-Ficha-768x303.jpg 768w, https:\/\/solucionescontract.com\/wp-content\/uploads\/2017\/09\/COLCHON-DE-MUELLES-BICONICOS-SCALA-Ficha-1024x404.jpg 1024w, https:\/\/solucionescontract.com\/wp-content\/uploads\/2017\/09\/COLCHON-DE-MUELLES-BICONICOS-SCALA-Ficha-232x91.jpg 232w, https:\/\/solucionescontract.com\/wp-content\/uploads\/2017\/09\/COLCHON-DE-MUELLES-BICONICOS-SCALA-Ficha-350x138.jpg 350w, https:\/\/solucionescontract.com\/wp-content\/uploads\/2017\/09\/COLCHON-DE-MUELLES-BICONICOS-SCALA-Ficha-600x237.jpg 600w, https:\/\/solucionescontract.com\/wp-content\/uploads\/2017\/09\/COLCHON-DE-MUELLES-BICONICOS-SCALA-Ficha.jpg 1253w\" sizes=\"(max-width: 500px) 100vw, 500px\" \/><\/a><\/script><\/p>\n","protected":false},"excerpt":{"rendered":"<ul>\n<li>Matelas \u00e0 ressorts biconiques de 2,3 mm en acier sistemabonell.<\/li>\n<li>1 cm. de visco\u00e9lastique de 50kg. \u00e0 chaque visage.<\/li>\n<li>La face sup\u00e9rieure et inf\u00e9rieure couvre 300 gr. de fibres avec 2 cm. de supersoft.<\/li>\n<li>Housse pour couvrir le rembourrage en tissu extensible.<\/li>\n<li>Renforcement du p\u00e9rim\u00e8tre du matelas par des cales pour une meilleure durabilit\u00e9 et r\u00e9sistance.<\/li>\n<li>Bordure en tissu d&rsquo;ameublement.<\/li>\n<li>Il est n\u00e9cessaire de souligner sa forte transpiration.<\/li>\n<li>Tissu anti-acariens (hygi\u00e8ne et protection contre les microorganismes).<\/li>\n<li>Hauteur du matelas 29cm<\/li>\n<\/ul>\n<p><em>Ce mod\u00e8le a \u00e9t\u00e9 abandonn\u00e9 au profit du <a href=\"https:\/\/solucionescontract.com\/fr\/producto\/matelas-a-ressorts-avec-viscoelastique-nova\/\"><strong>mod\u00e8le Nova<\/strong><\/a><\/em><\/p>\n","protected":false},"featured_media":13610,"comment_status":"open","ping_status":"closed","template":"","meta":[],"product_brand":[],"product_cat":[603],"product_tag":[726,766],"class_list":{"0":"post-21823","1":"product","2":"type-product","3":"status-publish","4":"has-post-thumbnail","6":"product_cat-matelas-dhotel","7":"product_tag-muelle-biconico-fr","8":"product_tag-viscoelastica-fr","9":"yith_product_brand-flesan-fr","11":"first","12":"instock","13":"taxable","14":"shipping-taxable","15":"purchasable","16":"product-type-variable"},"yoast_head":"<!-- This site is optimized with the Yoast SEO plugin v27.4 - https:\/\/yoast.com\/product\/yoast-seo-wordpress\/ -->\n<title>Matelas ressorts biconiques | Soluciones Contract<\/title>\n<meta name=\"description\" content=\"Matelas \u00e0 ressorts biconiques et visco\u00e9lastiques. Tissu tr\u00e8s respirant et anti-acariens, 1 cm de visco\u00e9lastique sur chaque face. Nous avons la taille qu&#039;il vous faut. Renseignez-vous.\" \/>\n<meta name=\"robots\" content=\"index, follow, max-snippet:-1, max-image-preview:large, max-video-preview:-1\" \/>\n<link rel=\"canonical\" href=\"https:\/\/solucionescontract.com\/fr\/producto\/matelas-a-ressorts-biconiques-et-viscoelastiques-scala\/\" \/>\n<meta property=\"og:locale\" content=\"fr_FR\" \/>\n<meta property=\"og:type\" content=\"article\" \/>\n<meta property=\"og:title\" content=\"Matelas ressorts biconiques | Soluciones Contract\" \/>\n<meta property=\"og:description\" content=\"Matelas \u00e0 ressorts biconiques et visco\u00e9lastiques. Tissu tr\u00e8s respirant et anti-acariens, 1 cm de visco\u00e9lastique sur chaque face. Nous avons la taille qu&#039;il vous faut. Renseignez-vous.\" \/>\n<meta property=\"og:url\" content=\"https:\/\/solucionescontract.com\/fr\/producto\/matelas-a-ressorts-biconiques-et-viscoelastiques-scala\/\" \/>\n<meta property=\"og:site_name\" content=\"Soluciones Contract\" \/>\n<meta property=\"article:publisher\" content=\"https:\/\/www.facebook.com\/solucionescontract\/\" \/>\n<meta property=\"og:image\" content=\"https:\/\/solucionescontract.com\/wp-content\/uploads\/2017\/09\/COLCHON-DE-MUELLES-BICONICOS-SCALA-.jpg\" \/>\n\t<meta property=\"og:image:width\" content=\"800\" \/>\n\t<meta property=\"og:image:height\" content=\"800\" \/>\n\t<meta property=\"og:image:type\" content=\"image\/jpeg\" \/>\n<meta name=\"twitter:card\" content=\"summary_large_image\" \/>\n<script type=\"application\/ld+json\" class=\"yoast-schema-graph\">{\"@context\":\"https:\\\/\\\/schema.org\",\"@graph\":[{\"@type\":\"WebPage\",\"@id\":\"https:\\\/\\\/solucionescontract.com\\\/fr\\\/producto\\\/matelas-a-ressorts-biconiques-et-viscoelastiques-scala\\\/\",\"url\":\"https:\\\/\\\/solucionescontract.com\\\/fr\\\/producto\\\/matelas-a-ressorts-biconiques-et-viscoelastiques-scala\\\/\",\"name\":\"Matelas ressorts biconiques | Soluciones Contract\",\"isPartOf\":{\"@id\":\"https:\\\/\\\/solucionescontract.com\\\/#website\"},\"primaryImageOfPage\":{\"@id\":\"https:\\\/\\\/solucionescontract.com\\\/fr\\\/producto\\\/matelas-a-ressorts-biconiques-et-viscoelastiques-scala\\\/#primaryimage\"},\"image\":{\"@id\":\"https:\\\/\\\/solucionescontract.com\\\/fr\\\/producto\\\/matelas-a-ressorts-biconiques-et-viscoelastiques-scala\\\/#primaryimage\"},\"thumbnailUrl\":\"https:\\\/\\\/solucionescontract.com\\\/wp-content\\\/uploads\\\/2017\\\/09\\\/COLCHON-DE-MUELLES-BICONICOS-SCALA-.jpg\",\"datePublished\":\"2017-09-19T16:53:08+00:00\",\"description\":\"Matelas \u00e0 ressorts biconiques et visco\u00e9lastiques. Tissu tr\u00e8s respirant et anti-acariens, 1 cm de visco\u00e9lastique sur chaque face. Nous avons la taille qu'il vous faut. Renseignez-vous.\",\"breadcrumb\":{\"@id\":\"https:\\\/\\\/solucionescontract.com\\\/fr\\\/producto\\\/matelas-a-ressorts-biconiques-et-viscoelastiques-scala\\\/#breadcrumb\"},\"inLanguage\":\"fr-FR\",\"potentialAction\":[{\"@type\":\"ReadAction\",\"target\":[\"https:\\\/\\\/solucionescontract.com\\\/fr\\\/producto\\\/matelas-a-ressorts-biconiques-et-viscoelastiques-scala\\\/\"]}]},{\"@type\":\"ImageObject\",\"inLanguage\":\"fr-FR\",\"@id\":\"https:\\\/\\\/solucionescontract.com\\\/fr\\\/producto\\\/matelas-a-ressorts-biconiques-et-viscoelastiques-scala\\\/#primaryimage\",\"url\":\"https:\\\/\\\/solucionescontract.com\\\/wp-content\\\/uploads\\\/2017\\\/09\\\/COLCHON-DE-MUELLES-BICONICOS-SCALA-.jpg\",\"contentUrl\":\"https:\\\/\\\/solucionescontract.com\\\/wp-content\\\/uploads\\\/2017\\\/09\\\/COLCHON-DE-MUELLES-BICONICOS-SCALA-.jpg\",\"width\":800,\"height\":800},{\"@type\":\"BreadcrumbList\",\"@id\":\"https:\\\/\\\/solucionescontract.com\\\/fr\\\/producto\\\/matelas-a-ressorts-biconiques-et-viscoelastiques-scala\\\/#breadcrumb\",\"itemListElement\":[{\"@type\":\"ListItem\",\"position\":1,\"name\":\"Inicio\",\"item\":\"https:\\\/\\\/solucionescontract.com\\\/\"},{\"@type\":\"ListItem\",\"position\":2,\"name\":\"Tienda mobiliario contract\",\"item\":\"https:\\\/\\\/solucionescontract.com\\\/tienda-mobiliario-contract\\\/\"},{\"@type\":\"ListItem\",\"position\":3,\"name\":\"Meubles de repos\",\"item\":\"https:\\\/\\\/solucionescontract.com\\\/fr\\\/categoria-producto\\\/meubles-de-repos\\\/\"},{\"@type\":\"ListItem\",\"position\":4,\"name\":\"Matelas d'h\u00f4tel\",\"item\":\"https:\\\/\\\/solucionescontract.com\\\/fr\\\/categoria-producto\\\/meubles-de-repos\\\/matelas-dhotel\\\/\"},{\"@type\":\"ListItem\",\"position\":5,\"name\":\"MATELAS \u00c0 RESSORTS BICONIQUES ET VISCO\u00c9LASTIQUES SCALA\"}]},{\"@type\":\"WebSite\",\"@id\":\"https:\\\/\\\/solucionescontract.com\\\/#website\",\"url\":\"https:\\\/\\\/solucionescontract.com\\\/\",\"name\":\"Soluciones Contract\",\"description\":\"Venta Mobiliario contract de dise\u00f1o\",\"publisher\":{\"@id\":\"https:\\\/\\\/solucionescontract.com\\\/#organization\"},\"potentialAction\":[{\"@type\":\"SearchAction\",\"target\":{\"@type\":\"EntryPoint\",\"urlTemplate\":\"https:\\\/\\\/solucionescontract.com\\\/?s={search_term_string}\"},\"query-input\":{\"@type\":\"PropertyValueSpecification\",\"valueRequired\":true,\"valueName\":\"search_term_string\"}}],\"inLanguage\":\"fr-FR\"},{\"@type\":\"Organization\",\"@id\":\"https:\\\/\\\/solucionescontract.com\\\/#organization\",\"name\":\"Soluciones Contract\",\"url\":\"https:\\\/\\\/solucionescontract.com\\\/\",\"logo\":{\"@type\":\"ImageObject\",\"inLanguage\":\"fr-FR\",\"@id\":\"https:\\\/\\\/solucionescontract.com\\\/#\\\/schema\\\/logo\\\/image\\\/\",\"url\":\"https:\\\/\\\/solucionescontract.com\\\/wp-content\\\/uploads\\\/2020\\\/02\\\/logoSC.jpg\",\"contentUrl\":\"https:\\\/\\\/solucionescontract.com\\\/wp-content\\\/uploads\\\/2020\\\/02\\\/logoSC.jpg\",\"width\":300,\"height\":125,\"caption\":\"Soluciones Contract\"},\"image\":{\"@id\":\"https:\\\/\\\/solucionescontract.com\\\/#\\\/schema\\\/logo\\\/image\\\/\"},\"sameAs\":[\"https:\\\/\\\/www.facebook.com\\\/solucionescontract\\\/\"]}]}<\/script>\n<!-- \/ Yoast SEO plugin. -->","yoast_head_json":{"title":"Matelas ressorts biconiques | Soluciones Contract","description":"Matelas \u00e0 ressorts biconiques et visco\u00e9lastiques. Tissu tr\u00e8s respirant et anti-acariens, 1 cm de visco\u00e9lastique sur chaque face. Nous avons la taille qu'il vous faut. Renseignez-vous.","robots":{"index":"index","follow":"follow","max-snippet":"max-snippet:-1","max-image-preview":"max-image-preview:large","max-video-preview":"max-video-preview:-1"},"canonical":"https:\/\/solucionescontract.com\/fr\/producto\/matelas-a-ressorts-biconiques-et-viscoelastiques-scala\/","og_locale":"fr_FR","og_type":"article","og_title":"Matelas ressorts biconiques | Soluciones Contract","og_description":"Matelas \u00e0 ressorts biconiques et visco\u00e9lastiques. Tissu tr\u00e8s respirant et anti-acariens, 1 cm de visco\u00e9lastique sur chaque face. Nous avons la taille qu'il vous faut. Renseignez-vous.","og_url":"https:\/\/solucionescontract.com\/fr\/producto\/matelas-a-ressorts-biconiques-et-viscoelastiques-scala\/","og_site_name":"Soluciones Contract","article_publisher":"https:\/\/www.facebook.com\/solucionescontract\/","og_image":[{"width":800,"height":800,"url":"https:\/\/solucionescontract.com\/wp-content\/uploads\/2017\/09\/COLCHON-DE-MUELLES-BICONICOS-SCALA-.jpg","type":"image\/jpeg"}],"twitter_card":"summary_large_image","schema":{"@context":"https:\/\/schema.org","@graph":[{"@type":"WebPage","@id":"https:\/\/solucionescontract.com\/fr\/producto\/matelas-a-ressorts-biconiques-et-viscoelastiques-scala\/","url":"https:\/\/solucionescontract.com\/fr\/producto\/matelas-a-ressorts-biconiques-et-viscoelastiques-scala\/","name":"Matelas ressorts biconiques | Soluciones Contract","isPartOf":{"@id":"https:\/\/solucionescontract.com\/#website"},"primaryImageOfPage":{"@id":"https:\/\/solucionescontract.com\/fr\/producto\/matelas-a-ressorts-biconiques-et-viscoelastiques-scala\/#primaryimage"},"image":{"@id":"https:\/\/solucionescontract.com\/fr\/producto\/matelas-a-ressorts-biconiques-et-viscoelastiques-scala\/#primaryimage"},"thumbnailUrl":"https:\/\/solucionescontract.com\/wp-content\/uploads\/2017\/09\/COLCHON-DE-MUELLES-BICONICOS-SCALA-.jpg","datePublished":"2017-09-19T16:53:08+00:00","description":"Matelas \u00e0 ressorts biconiques et visco\u00e9lastiques. Tissu tr\u00e8s respirant et anti-acariens, 1 cm de visco\u00e9lastique sur chaque face. Nous avons la taille qu'il vous faut. Renseignez-vous.","breadcrumb":{"@id":"https:\/\/solucionescontract.com\/fr\/producto\/matelas-a-ressorts-biconiques-et-viscoelastiques-scala\/#breadcrumb"},"inLanguage":"fr-FR","potentialAction":[{"@type":"ReadAction","target":["https:\/\/solucionescontract.com\/fr\/producto\/matelas-a-ressorts-biconiques-et-viscoelastiques-scala\/"]}]},{"@type":"ImageObject","inLanguage":"fr-FR","@id":"https:\/\/solucionescontract.com\/fr\/producto\/matelas-a-ressorts-biconiques-et-viscoelastiques-scala\/#primaryimage","url":"https:\/\/solucionescontract.com\/wp-content\/uploads\/2017\/09\/COLCHON-DE-MUELLES-BICONICOS-SCALA-.jpg","contentUrl":"https:\/\/solucionescontract.com\/wp-content\/uploads\/2017\/09\/COLCHON-DE-MUELLES-BICONICOS-SCALA-.jpg","width":800,"height":800},{"@type":"BreadcrumbList","@id":"https:\/\/solucionescontract.com\/fr\/producto\/matelas-a-ressorts-biconiques-et-viscoelastiques-scala\/#breadcrumb","itemListElement":[{"@type":"ListItem","position":1,"name":"Inicio","item":"https:\/\/solucionescontract.com\/"},{"@type":"ListItem","position":2,"name":"Tienda mobiliario contract","item":"https:\/\/solucionescontract.com\/tienda-mobiliario-contract\/"},{"@type":"ListItem","position":3,"name":"Meubles de repos","item":"https:\/\/solucionescontract.com\/fr\/categoria-producto\/meubles-de-repos\/"},{"@type":"ListItem","position":4,"name":"Matelas d'h\u00f4tel","item":"https:\/\/solucionescontract.com\/fr\/categoria-producto\/meubles-de-repos\/matelas-dhotel\/"},{"@type":"ListItem","position":5,"name":"MATELAS \u00c0 RESSORTS BICONIQUES ET VISCO\u00c9LASTIQUES SCALA"}]},{"@type":"WebSite","@id":"https:\/\/solucionescontract.com\/#website","url":"https:\/\/solucionescontract.com\/","name":"Soluciones Contract","description":"Venta Mobiliario contract de dise\u00f1o","publisher":{"@id":"https:\/\/solucionescontract.com\/#organization"},"potentialAction":[{"@type":"SearchAction","target":{"@type":"EntryPoint","urlTemplate":"https:\/\/solucionescontract.com\/?s={search_term_string}"},"query-input":{"@type":"PropertyValueSpecification","valueRequired":true,"valueName":"search_term_string"}}],"inLanguage":"fr-FR"},{"@type":"Organization","@id":"https:\/\/solucionescontract.com\/#organization","name":"Soluciones Contract","url":"https:\/\/solucionescontract.com\/","logo":{"@type":"ImageObject","inLanguage":"fr-FR","@id":"https:\/\/solucionescontract.com\/#\/schema\/logo\/image\/","url":"https:\/\/solucionescontract.com\/wp-content\/uploads\/2020\/02\/logoSC.jpg","contentUrl":"https:\/\/solucionescontract.com\/wp-content\/uploads\/2020\/02\/logoSC.jpg","width":300,"height":125,"caption":"Soluciones Contract"},"image":{"@id":"https:\/\/solucionescontract.com\/#\/schema\/logo\/image\/"},"sameAs":["https:\/\/www.facebook.com\/solucionescontract\/"]}]}},"_links":{"self":[{"href":"https:\/\/solucionescontract.com\/fr\/wp-json\/wp\/v2\/product\/21823","targetHints":{"allow":["GET"]}}],"collection":[{"href":"https:\/\/solucionescontract.com\/fr\/wp-json\/wp\/v2\/product"}],"about":[{"href":"https:\/\/solucionescontract.com\/fr\/wp-json\/wp\/v2\/types\/product"}],"replies":[{"embeddable":true,"href":"https:\/\/solucionescontract.com\/fr\/wp-json\/wp\/v2\/comments?post=21823"}],"wp:featuredmedia":[{"embeddable":true,"href":"https:\/\/solucionescontract.com\/fr\/wp-json\/wp\/v2\/media\/13610"}],"wp:attachment":[{"href":"https:\/\/solucionescontract.com\/fr\/wp-json\/wp\/v2\/media?parent=21823"}],"wp:term":[{"taxonomy":"product_brand","embeddable":true,"href":"https:\/\/solucionescontract.com\/fr\/wp-json\/wp\/v2\/product_brand?post=21823"},{"taxonomy":"product_cat","embeddable":true,"href":"https:\/\/solucionescontract.com\/fr\/wp-json\/wp\/v2\/product_cat?post=21823"},{"taxonomy":"product_tag","embeddable":true,"href":"https:\/\/solucionescontract.com\/fr\/wp-json\/wp\/v2\/product_tag?post=21823"}],"curies":[{"name":"wp","href":"https:\/\/api.w.org\/{rel}","templated":true}]}}