{"id":21725,"date":"2017-09-17T22:35:25","date_gmt":"2017-09-17T22:35:25","guid":{"rendered":"https:\/\/www.solucionescontract.com\/producto\/matelas-en-latex-cordoba\/"},"modified":"2017-09-17T22:35:25","modified_gmt":"2017-09-17T22:35:25","slug":"matelas-en-latex-cordoba","status":"publish","type":"product","link":"https:\/\/solucionescontract.com\/fr\/producto\/matelas-en-latex-cordoba\/","title":{"rendered":"MATELAS EN LATEX CORDOBA"},"content":{"rendered":"<p><a href=\"https:\/\/solucionescontract.com\/wp-content\/uploads\/2017\/09\/Colch\u00f3n-nucleo-de-latex-c\u00f3rdoba-Ficha-tecnica.jpg\"><img decoding=\"async\" class=\" wd-lazy-fade alignnone wp-image-3076 size-medium\" src=\"https:\/\/solucionescontract.com\/wp-content\/themes\/woodmart\/images\/lazy.svg\" data-src=\"https:\/\/solucionescontract.com\/wp-content\/uploads\/2017\/09\/Colch\u00f3n-nucleo-de-latex-c\u00f3rdoba-Ficha-tecnica-300x146.jpg\" alt=\"Colch\u00f3n de l\u00e1tex.\" width=\"300\" height=\"146\" srcset=\"\" data-srcset=\"https:\/\/solucionescontract.com\/wp-content\/uploads\/2017\/09\/Colch\u00f3n-nucleo-de-latex-c\u00f3rdoba-Ficha-tecnica-300x146.jpg 300w, https:\/\/solucionescontract.com\/wp-content\/uploads\/2017\/09\/Colch\u00f3n-nucleo-de-latex-c\u00f3rdoba-Ficha-tecnica-150x73.jpg 150w, https:\/\/solucionescontract.com\/wp-content\/uploads\/2017\/09\/Colch\u00f3n-nucleo-de-latex-c\u00f3rdoba-Ficha-tecnica-800x390.jpg 800w, https:\/\/solucionescontract.com\/wp-content\/uploads\/2017\/09\/Colch\u00f3n-nucleo-de-latex-c\u00f3rdoba-Ficha-tecnica-768x374.jpg 768w, https:\/\/solucionescontract.com\/wp-content\/uploads\/2017\/09\/Colch\u00f3n-nucleo-de-latex-c\u00f3rdoba-Ficha-tecnica-1024x499.jpg 1024w, https:\/\/solucionescontract.com\/wp-content\/uploads\/2017\/09\/Colch\u00f3n-nucleo-de-latex-c\u00f3rdoba-Ficha-tecnica-232x113.jpg 232w, https:\/\/solucionescontract.com\/wp-content\/uploads\/2017\/09\/Colch\u00f3n-nucleo-de-latex-c\u00f3rdoba-Ficha-tecnica-350x171.jpg 350w, https:\/\/solucionescontract.com\/wp-content\/uploads\/2017\/09\/Colch\u00f3n-nucleo-de-latex-c\u00f3rdoba-Ficha-tecnica-600x293.jpg 600w, https:\/\/solucionescontract.com\/wp-content\/uploads\/2017\/09\/Colch\u00f3n-nucleo-de-latex-c\u00f3rdoba-Ficha-tecnica.jpg 1200w\" sizes=\"(max-width: 300px) 100vw, 300px\" \/><\/a><\/script><\/p>\n","protected":false},"excerpt":{"rendered":"<ul>\n<li>Matelas avec noyau 100% latex, 5 zones de haute densit\u00e9.<\/li>\n<li>Noyau compos\u00e9 de 5 zones de confort diff\u00e9rentes pour une plus grande adaptabilit\u00e9 pour un repos optimal.<\/li>\n<li>Housse en tissu stretch de haut grammage, rembourr\u00e9e en continu et amovible par une fermeture \u00e9clair.<\/li>\n<li>Couverture int\u00e9rieure avec fermeture \u00e9clair pour une meilleure protection et hygi\u00e8ne du noyau.<\/li>\n<li>Noyau id\u00e9al pour l&rsquo;utilisation de lits motoris\u00e9s.<\/li>\n<li>Ind\u00e9pendamment des lits.<\/li>\n<li>Ind\u00e9formable.<\/li>\n<li>Ergonomique.<\/li>\n<li>Tissu anti-acariens (hygi\u00e8ne et protection contre les microorganismes).<\/li>\n<li>Certifi\u00e9 OEKO TEX.<\/li>\n<\/ul>\n<p><span style=\"font-size: 10pt;\"><em>Exp\u00e9ditions exclusivement vers l&rsquo;int\u00e9rieur de la Communaut\u00e9 autonome de Galice<\/em><\/span><\/p>\n","protected":false},"featured_media":13558,"comment_status":"closed","ping_status":"closed","template":"","meta":[],"product_brand":[],"product_cat":[603],"product_tag":[712],"class_list":{"0":"post-21725","1":"product","2":"type-product","3":"status-publish","4":"has-post-thumbnail","6":"product_cat-matelas-dhotel","7":"product_tag-latex-fr","8":"yith_product_brand-flesan-fr","10":"first","11":"instock","12":"taxable","13":"shipping-taxable","14":"purchasable","15":"product-type-variable"},"yoast_head":"<!-- This site is optimized with the Yoast SEO plugin v27.4 - https:\/\/yoast.com\/product\/yoast-seo-wordpress\/ -->\n<title>MATELAS EN LATEX CORDOBA. SOLUCIONES CONTRACT<\/title>\n<meta name=\"description\" content=\"Matelas en latex Cordoba, noyau 100% latex, 5 zones diff\u00e9rentes de haute densit\u00e9, ind\u00e9pendantes des lits, rembourrage en tissu extensible. Tissu anti-acariens\" \/>\n<meta name=\"robots\" content=\"index, follow, max-snippet:-1, max-image-preview:large, max-video-preview:-1\" \/>\n<link rel=\"canonical\" href=\"https:\/\/solucionescontract.com\/fr\/producto\/matelas-en-latex-cordoba\/\" \/>\n<meta property=\"og:locale\" content=\"fr_FR\" \/>\n<meta property=\"og:type\" content=\"article\" \/>\n<meta property=\"og:title\" content=\"MATELAS EN LATEX CORDOBA. SOLUCIONES CONTRACT\" \/>\n<meta property=\"og:description\" content=\"Matelas en latex Cordoba, noyau 100% latex, 5 zones diff\u00e9rentes de haute densit\u00e9, ind\u00e9pendantes des lits, rembourrage en tissu extensible. Tissu anti-acariens\" \/>\n<meta property=\"og:url\" content=\"https:\/\/solucionescontract.com\/fr\/producto\/matelas-en-latex-cordoba\/\" \/>\n<meta property=\"og:site_name\" content=\"Soluciones Contract\" \/>\n<meta property=\"article:publisher\" content=\"https:\/\/www.facebook.com\/solucionescontract\/\" \/>\n<meta property=\"og:image\" content=\"https:\/\/solucionescontract.com\/wp-content\/uploads\/2017\/09\/Colch\u00f3n-modelo-cordoba.jpg\" \/>\n\t<meta property=\"og:image:width\" content=\"1000\" \/>\n\t<meta property=\"og:image:height\" content=\"1000\" \/>\n\t<meta property=\"og:image:type\" content=\"image\/jpeg\" \/>\n<meta name=\"twitter:card\" content=\"summary_large_image\" \/>\n<script type=\"application\/ld+json\" class=\"yoast-schema-graph\">{\"@context\":\"https:\\\/\\\/schema.org\",\"@graph\":[{\"@type\":\"WebPage\",\"@id\":\"https:\\\/\\\/solucionescontract.com\\\/fr\\\/producto\\\/matelas-en-latex-cordoba\\\/\",\"url\":\"https:\\\/\\\/solucionescontract.com\\\/fr\\\/producto\\\/matelas-en-latex-cordoba\\\/\",\"name\":\"MATELAS EN LATEX CORDOBA. SOLUCIONES CONTRACT\",\"isPartOf\":{\"@id\":\"https:\\\/\\\/solucionescontract.com\\\/#website\"},\"primaryImageOfPage\":{\"@id\":\"https:\\\/\\\/solucionescontract.com\\\/fr\\\/producto\\\/matelas-en-latex-cordoba\\\/#primaryimage\"},\"image\":{\"@id\":\"https:\\\/\\\/solucionescontract.com\\\/fr\\\/producto\\\/matelas-en-latex-cordoba\\\/#primaryimage\"},\"thumbnailUrl\":\"https:\\\/\\\/solucionescontract.com\\\/wp-content\\\/uploads\\\/2017\\\/09\\\/Colch\u00f3n-modelo-cordoba.jpg\",\"datePublished\":\"2017-09-17T22:35:25+00:00\",\"description\":\"Matelas en latex Cordoba, noyau 100% latex, 5 zones diff\u00e9rentes de haute densit\u00e9, ind\u00e9pendantes des lits, rembourrage en tissu extensible. Tissu anti-acariens\",\"breadcrumb\":{\"@id\":\"https:\\\/\\\/solucionescontract.com\\\/fr\\\/producto\\\/matelas-en-latex-cordoba\\\/#breadcrumb\"},\"inLanguage\":\"fr-FR\",\"potentialAction\":[{\"@type\":\"ReadAction\",\"target\":[\"https:\\\/\\\/solucionescontract.com\\\/fr\\\/producto\\\/matelas-en-latex-cordoba\\\/\"]}]},{\"@type\":\"ImageObject\",\"inLanguage\":\"fr-FR\",\"@id\":\"https:\\\/\\\/solucionescontract.com\\\/fr\\\/producto\\\/matelas-en-latex-cordoba\\\/#primaryimage\",\"url\":\"https:\\\/\\\/solucionescontract.com\\\/wp-content\\\/uploads\\\/2017\\\/09\\\/Colch\u00f3n-modelo-cordoba.jpg\",\"contentUrl\":\"https:\\\/\\\/solucionescontract.com\\\/wp-content\\\/uploads\\\/2017\\\/09\\\/Colch\u00f3n-modelo-cordoba.jpg\",\"width\":1000,\"height\":1000},{\"@type\":\"BreadcrumbList\",\"@id\":\"https:\\\/\\\/solucionescontract.com\\\/fr\\\/producto\\\/matelas-en-latex-cordoba\\\/#breadcrumb\",\"itemListElement\":[{\"@type\":\"ListItem\",\"position\":1,\"name\":\"Inicio\",\"item\":\"https:\\\/\\\/solucionescontract.com\\\/\"},{\"@type\":\"ListItem\",\"position\":2,\"name\":\"Tienda mobiliario contract\",\"item\":\"https:\\\/\\\/solucionescontract.com\\\/tienda-mobiliario-contract\\\/\"},{\"@type\":\"ListItem\",\"position\":3,\"name\":\"Mobiliario para Descanso\",\"item\":\"https:\\\/\\\/solucionescontract.com\\\/categoria-producto\\\/mobiliario-para-descanso\\\/\"},{\"@type\":\"ListItem\",\"position\":4,\"name\":\"Colchones (Producto disponible solo para usuarios registrados)\",\"item\":\"https:\\\/\\\/solucionescontract.com\\\/categoria-producto\\\/mobiliario-para-descanso\\\/colchones-para-hotel\\\/\"},{\"@type\":\"ListItem\",\"position\":5,\"name\":\"MATELAS EN LATEX CORDOBA\"}]},{\"@type\":\"WebSite\",\"@id\":\"https:\\\/\\\/solucionescontract.com\\\/#website\",\"url\":\"https:\\\/\\\/solucionescontract.com\\\/\",\"name\":\"Soluciones Contract\",\"description\":\"Venta Mobiliario contract de dise\u00f1o\",\"publisher\":{\"@id\":\"https:\\\/\\\/solucionescontract.com\\\/#organization\"},\"potentialAction\":[{\"@type\":\"SearchAction\",\"target\":{\"@type\":\"EntryPoint\",\"urlTemplate\":\"https:\\\/\\\/solucionescontract.com\\\/?s={search_term_string}\"},\"query-input\":{\"@type\":\"PropertyValueSpecification\",\"valueRequired\":true,\"valueName\":\"search_term_string\"}}],\"inLanguage\":\"fr-FR\"},{\"@type\":\"Organization\",\"@id\":\"https:\\\/\\\/solucionescontract.com\\\/#organization\",\"name\":\"Soluciones Contract\",\"url\":\"https:\\\/\\\/solucionescontract.com\\\/\",\"logo\":{\"@type\":\"ImageObject\",\"inLanguage\":\"fr-FR\",\"@id\":\"https:\\\/\\\/solucionescontract.com\\\/#\\\/schema\\\/logo\\\/image\\\/\",\"url\":\"https:\\\/\\\/solucionescontract.com\\\/wp-content\\\/uploads\\\/2020\\\/02\\\/logoSC.jpg\",\"contentUrl\":\"https:\\\/\\\/solucionescontract.com\\\/wp-content\\\/uploads\\\/2020\\\/02\\\/logoSC.jpg\",\"width\":300,\"height\":125,\"caption\":\"Soluciones Contract\"},\"image\":{\"@id\":\"https:\\\/\\\/solucionescontract.com\\\/#\\\/schema\\\/logo\\\/image\\\/\"},\"sameAs\":[\"https:\\\/\\\/www.facebook.com\\\/solucionescontract\\\/\"]}]}<\/script>\n<!-- \/ Yoast SEO plugin. -->","yoast_head_json":{"title":"MATELAS EN LATEX CORDOBA. SOLUCIONES CONTRACT","description":"Matelas en latex Cordoba, noyau 100% latex, 5 zones diff\u00e9rentes de haute densit\u00e9, ind\u00e9pendantes des lits, rembourrage en tissu extensible. Tissu anti-acariens","robots":{"index":"index","follow":"follow","max-snippet":"max-snippet:-1","max-image-preview":"max-image-preview:large","max-video-preview":"max-video-preview:-1"},"canonical":"https:\/\/solucionescontract.com\/fr\/producto\/matelas-en-latex-cordoba\/","og_locale":"fr_FR","og_type":"article","og_title":"MATELAS EN LATEX CORDOBA. SOLUCIONES CONTRACT","og_description":"Matelas en latex Cordoba, noyau 100% latex, 5 zones diff\u00e9rentes de haute densit\u00e9, ind\u00e9pendantes des lits, rembourrage en tissu extensible. Tissu anti-acariens","og_url":"https:\/\/solucionescontract.com\/fr\/producto\/matelas-en-latex-cordoba\/","og_site_name":"Soluciones Contract","article_publisher":"https:\/\/www.facebook.com\/solucionescontract\/","og_image":[{"width":1000,"height":1000,"url":"https:\/\/solucionescontract.com\/wp-content\/uploads\/2017\/09\/Colch\u00f3n-modelo-cordoba.jpg","type":"image\/jpeg"}],"twitter_card":"summary_large_image","schema":{"@context":"https:\/\/schema.org","@graph":[{"@type":"WebPage","@id":"https:\/\/solucionescontract.com\/fr\/producto\/matelas-en-latex-cordoba\/","url":"https:\/\/solucionescontract.com\/fr\/producto\/matelas-en-latex-cordoba\/","name":"MATELAS EN LATEX CORDOBA. SOLUCIONES CONTRACT","isPartOf":{"@id":"https:\/\/solucionescontract.com\/#website"},"primaryImageOfPage":{"@id":"https:\/\/solucionescontract.com\/fr\/producto\/matelas-en-latex-cordoba\/#primaryimage"},"image":{"@id":"https:\/\/solucionescontract.com\/fr\/producto\/matelas-en-latex-cordoba\/#primaryimage"},"thumbnailUrl":"https:\/\/solucionescontract.com\/wp-content\/uploads\/2017\/09\/Colch\u00f3n-modelo-cordoba.jpg","datePublished":"2017-09-17T22:35:25+00:00","description":"Matelas en latex Cordoba, noyau 100% latex, 5 zones diff\u00e9rentes de haute densit\u00e9, ind\u00e9pendantes des lits, rembourrage en tissu extensible. Tissu anti-acariens","breadcrumb":{"@id":"https:\/\/solucionescontract.com\/fr\/producto\/matelas-en-latex-cordoba\/#breadcrumb"},"inLanguage":"fr-FR","potentialAction":[{"@type":"ReadAction","target":["https:\/\/solucionescontract.com\/fr\/producto\/matelas-en-latex-cordoba\/"]}]},{"@type":"ImageObject","inLanguage":"fr-FR","@id":"https:\/\/solucionescontract.com\/fr\/producto\/matelas-en-latex-cordoba\/#primaryimage","url":"https:\/\/solucionescontract.com\/wp-content\/uploads\/2017\/09\/Colch\u00f3n-modelo-cordoba.jpg","contentUrl":"https:\/\/solucionescontract.com\/wp-content\/uploads\/2017\/09\/Colch\u00f3n-modelo-cordoba.jpg","width":1000,"height":1000},{"@type":"BreadcrumbList","@id":"https:\/\/solucionescontract.com\/fr\/producto\/matelas-en-latex-cordoba\/#breadcrumb","itemListElement":[{"@type":"ListItem","position":1,"name":"Inicio","item":"https:\/\/solucionescontract.com\/"},{"@type":"ListItem","position":2,"name":"Tienda mobiliario contract","item":"https:\/\/solucionescontract.com\/tienda-mobiliario-contract\/"},{"@type":"ListItem","position":3,"name":"Mobiliario para Descanso","item":"https:\/\/solucionescontract.com\/categoria-producto\/mobiliario-para-descanso\/"},{"@type":"ListItem","position":4,"name":"Colchones (Producto disponible solo para usuarios registrados)","item":"https:\/\/solucionescontract.com\/categoria-producto\/mobiliario-para-descanso\/colchones-para-hotel\/"},{"@type":"ListItem","position":5,"name":"MATELAS EN LATEX CORDOBA"}]},{"@type":"WebSite","@id":"https:\/\/solucionescontract.com\/#website","url":"https:\/\/solucionescontract.com\/","name":"Soluciones Contract","description":"Venta Mobiliario contract de dise\u00f1o","publisher":{"@id":"https:\/\/solucionescontract.com\/#organization"},"potentialAction":[{"@type":"SearchAction","target":{"@type":"EntryPoint","urlTemplate":"https:\/\/solucionescontract.com\/?s={search_term_string}"},"query-input":{"@type":"PropertyValueSpecification","valueRequired":true,"valueName":"search_term_string"}}],"inLanguage":"fr-FR"},{"@type":"Organization","@id":"https:\/\/solucionescontract.com\/#organization","name":"Soluciones Contract","url":"https:\/\/solucionescontract.com\/","logo":{"@type":"ImageObject","inLanguage":"fr-FR","@id":"https:\/\/solucionescontract.com\/#\/schema\/logo\/image\/","url":"https:\/\/solucionescontract.com\/wp-content\/uploads\/2020\/02\/logoSC.jpg","contentUrl":"https:\/\/solucionescontract.com\/wp-content\/uploads\/2020\/02\/logoSC.jpg","width":300,"height":125,"caption":"Soluciones Contract"},"image":{"@id":"https:\/\/solucionescontract.com\/#\/schema\/logo\/image\/"},"sameAs":["https:\/\/www.facebook.com\/solucionescontract\/"]}]}},"_links":{"self":[{"href":"https:\/\/solucionescontract.com\/fr\/wp-json\/wp\/v2\/product\/21725","targetHints":{"allow":["GET"]}}],"collection":[{"href":"https:\/\/solucionescontract.com\/fr\/wp-json\/wp\/v2\/product"}],"about":[{"href":"https:\/\/solucionescontract.com\/fr\/wp-json\/wp\/v2\/types\/product"}],"replies":[{"embeddable":true,"href":"https:\/\/solucionescontract.com\/fr\/wp-json\/wp\/v2\/comments?post=21725"}],"wp:featuredmedia":[{"embeddable":true,"href":"https:\/\/solucionescontract.com\/fr\/wp-json\/wp\/v2\/media\/13558"}],"wp:attachment":[{"href":"https:\/\/solucionescontract.com\/fr\/wp-json\/wp\/v2\/media?parent=21725"}],"wp:term":[{"taxonomy":"product_brand","embeddable":true,"href":"https:\/\/solucionescontract.com\/fr\/wp-json\/wp\/v2\/product_brand?post=21725"},{"taxonomy":"product_cat","embeddable":true,"href":"https:\/\/solucionescontract.com\/fr\/wp-json\/wp\/v2\/product_cat?post=21725"},{"taxonomy":"product_tag","embeddable":true,"href":"https:\/\/solucionescontract.com\/fr\/wp-json\/wp\/v2\/product_tag?post=21725"}],"curies":[{"name":"wp","href":"https:\/\/api.w.org\/{rel}","templated":true}]}}