{"id":21698,"date":"2017-08-20T16:52:50","date_gmt":"2017-08-20T16:52:50","guid":{"rendered":"https:\/\/www.solucionescontract.com\/producto\/sommier-a-lattes-en-hetre-500\/"},"modified":"2017-08-20T16:52:50","modified_gmt":"2017-08-20T16:52:50","slug":"sommier-a-lattes-en-hetre-500","status":"publish","type":"product","link":"https:\/\/solucionescontract.com\/fr\/producto\/sommier-a-lattes-en-hetre-500\/","title":{"rendered":"SOMMIER \u00c0 LATTES EN H\u00caTRE 500"},"content":{"rendered":"<h4>Sommier \u00e0 lattes en h\u00eatre. Fiche technique :<\/h4>\n<ul>\n<li>Cadre en tube d&rsquo;acier de 40 x 30 x 1.<\/li>\n<li>Peinture \u00e9poxy avec traitement anti-rouille de couleur grise.<\/li>\n<li>Barre centrale de 40 x 30 x 1 \u00e0 partir de la taille 90 (taille non comprise).<\/li>\n<li>Feuilles de h\u00eatre souples de 12 cm. vaporis\u00e9es pour une meilleure articulation et adaptation envelopp\u00e9es dans une feuille de graphite pour l&rsquo;antid\u00e9rapage.<\/li>\n<li>Blocs de PVC de haute qualit\u00e9 et silencieux qui se chevauchent.<\/li>\n<li>Plaques de jambes soud\u00e9es en angle pour un meilleur renforcement et une plus grande durabilit\u00e9 ( longueur 1,90 pr\u00e9par\u00e9 pour 5 jambes).<\/li>\n<\/ul>\n<p><\/script><\/p>\n","protected":false},"excerpt":{"rendered":"<ul>\n<li>Ce sommier est fabriqu\u00e9 selon les normes les plus exigeantes dans la production d&rsquo;un article de milieu de gamme.<\/li>\n<li>Son tube renforc\u00e9 \u00e0 partir de 105 cm. avec une barre centrale, l&rsquo;utilisation d&rsquo;une feuille de contreplaqu\u00e9 de h\u00eatre et d&rsquo;un bloc de poly\u00e9thyl\u00e8ne superpos\u00e9, garantit un produit haut de gamme dans cette gamme.<\/li>\n<li>Le tube a un profil droit aux quatre coins, ce qui lui donne un profil \u00e0 la fois \u00e9l\u00e9gant et r\u00e9sistant.<\/li>\n<li>Le r\u00e9sultat est un sommier \u00e0 lattes robuste et durable qui ne vieillit pratiquement pas. Id\u00e9al pour tout type de matelas, principalement \u00e0 ressorts.<\/li>\n<\/ul>\n<p><span style=\"font-size: 12pt;\">(*autres mesures \u00e0 consulter)<\/span><\/p>\n<p><span style=\"font-size: 10pt;\"><em>Exp\u00e9ditions exclusivement dans la Communaut\u00e9 autonome de Galice.<\/em><\/span><\/p>\n","protected":false},"featured_media":13528,"comment_status":"open","ping_status":"closed","template":"","meta":[],"product_brand":[],"product_cat":[601],"product_tag":[795],"class_list":{"0":"post-21698","1":"product","2":"type-product","3":"status-publish","4":"has-post-thumbnail","6":"product_cat-canapes-et-sommiers","7":"product_tag-lamina-haya-fr","8":"product_shipping_class-gratuit","9":"yith_product_brand-flesan-fr","11":"first","12":"instock","13":"taxable","14":"shipping-taxable","15":"purchasable","16":"product-type-variable"},"yoast_head":"<!-- This site is optimized with the Yoast SEO plugin v27.3 - https:\/\/yoast.com\/product\/yoast-seo-wordpress\/ -->\n<title>SOMMIER \u00c0 LATTES EN H\u00caTRE 500. SOLUCIONES CONTRACT<\/title>\n<meta name=\"description\" content=\"Lit \u00e0 lattes en h\u00eatre 500 de 12 cm. souple vaporis\u00e9 pour une meilleure articulation et adaptation.\" \/>\n<meta name=\"robots\" content=\"index, follow, max-snippet:-1, max-image-preview:large, max-video-preview:-1\" \/>\n<link rel=\"canonical\" href=\"https:\/\/solucionescontract.com\/producto\/somier-laminas-de-haya-500\/\" \/>\n<meta property=\"og:locale\" content=\"fr_FR\" \/>\n<meta property=\"og:type\" content=\"article\" \/>\n<meta property=\"og:title\" content=\"SOMMIER \u00c0 LATTES EN H\u00caTRE 500. Livraison gratuite !\" \/>\n<meta property=\"og:description\" content=\"Lit \u00e0 lattes en h\u00eatre 500 de 12 cm. souple vaporis\u00e9 pour une meilleure articulation et adaptation.\" \/>\n<meta property=\"og:url\" content=\"https:\/\/solucionescontract.com\/producto\/somier-laminas-de-haya-500\/\" \/>\n<meta property=\"og:site_name\" content=\"Soluciones Contract\" \/>\n<meta property=\"article:publisher\" content=\"https:\/\/www.facebook.com\/solucionescontract\/\" \/>\n<meta property=\"og:image\" content=\"https:\/\/solucionescontract.com\/wp-content\/uploads\/2017\/08\/SOMIER-5000-flesan_01.jpg\" \/>\n<meta name=\"twitter:card\" content=\"summary_large_image\" \/>\n<script type=\"application\/ld+json\" class=\"yoast-schema-graph\">{\"@context\":\"https:\\\/\\\/schema.org\",\"@graph\":[{\"@type\":\"WebPage\",\"@id\":\"https:\\\/\\\/solucionescontract.com\\\/producto\\\/somier-laminas-de-haya-500\\\/\",\"url\":\"https:\\\/\\\/solucionescontract.com\\\/producto\\\/somier-laminas-de-haya-500\\\/\",\"name\":\"SOMMIER \u00c0 LATTES EN H\u00caTRE 500. SOLUCIONES CONTRACT\",\"isPartOf\":{\"@id\":\"https:\\\/\\\/solucionescontract.com\\\/#website\"},\"primaryImageOfPage\":{\"@id\":\"https:\\\/\\\/solucionescontract.com\\\/producto\\\/somier-laminas-de-haya-500\\\/#primaryimage\"},\"image\":{\"@id\":\"https:\\\/\\\/solucionescontract.com\\\/producto\\\/somier-laminas-de-haya-500\\\/#primaryimage\"},\"thumbnailUrl\":\"https:\\\/\\\/solucionescontract.com\\\/wp-content\\\/uploads\\\/2017\\\/08\\\/SOMIER-5000-flesan_01.jpg\",\"datePublished\":\"2017-08-20T16:52:50+00:00\",\"description\":\"Lit \u00e0 lattes en h\u00eatre 500 de 12 cm. souple vaporis\u00e9 pour une meilleure articulation et adaptation.\",\"breadcrumb\":{\"@id\":\"https:\\\/\\\/solucionescontract.com\\\/producto\\\/somier-laminas-de-haya-500\\\/#breadcrumb\"},\"inLanguage\":\"fr-FR\",\"potentialAction\":[{\"@type\":\"ReadAction\",\"target\":[\"https:\\\/\\\/solucionescontract.com\\\/producto\\\/somier-laminas-de-haya-500\\\/\"]}]},{\"@type\":\"ImageObject\",\"inLanguage\":\"fr-FR\",\"@id\":\"https:\\\/\\\/solucionescontract.com\\\/producto\\\/somier-laminas-de-haya-500\\\/#primaryimage\",\"url\":\"https:\\\/\\\/solucionescontract.com\\\/wp-content\\\/uploads\\\/2017\\\/08\\\/SOMIER-5000-flesan_01.jpg\",\"contentUrl\":\"https:\\\/\\\/solucionescontract.com\\\/wp-content\\\/uploads\\\/2017\\\/08\\\/SOMIER-5000-flesan_01.jpg\",\"width\":1255,\"height\":1255},{\"@type\":\"BreadcrumbList\",\"@id\":\"https:\\\/\\\/solucionescontract.com\\\/producto\\\/somier-laminas-de-haya-500\\\/#breadcrumb\",\"itemListElement\":[{\"@type\":\"ListItem\",\"position\":1,\"name\":\"Inicio\",\"item\":\"https:\\\/\\\/solucionescontract.com\\\/\"},{\"@type\":\"ListItem\",\"position\":2,\"name\":\"Tienda mobiliario contract\",\"item\":\"https:\\\/\\\/solucionescontract.com\\\/tienda-mobiliario-contract\\\/\"},{\"@type\":\"ListItem\",\"position\":3,\"name\":\"Mobiliario para Descanso\",\"item\":\"https:\\\/\\\/solucionescontract.com\\\/categoria-producto\\\/mobiliario-para-descanso\\\/\"},{\"@type\":\"ListItem\",\"position\":4,\"name\":\"Canap\u00e9s y bases de camas\",\"item\":\"https:\\\/\\\/solucionescontract.com\\\/categoria-producto\\\/mobiliario-para-descanso\\\/canapes-y-bases-de-camas\\\/\"},{\"@type\":\"ListItem\",\"position\":5,\"name\":\"SOMMIER \u00c0 LATTES EN H\u00caTRE 500\"}]},{\"@type\":\"WebSite\",\"@id\":\"https:\\\/\\\/solucionescontract.com\\\/#website\",\"url\":\"https:\\\/\\\/solucionescontract.com\\\/\",\"name\":\"Soluciones Contract\",\"description\":\"Venta Mobiliario contract de dise\u00f1o\",\"publisher\":{\"@id\":\"https:\\\/\\\/solucionescontract.com\\\/#organization\"},\"potentialAction\":[{\"@type\":\"SearchAction\",\"target\":{\"@type\":\"EntryPoint\",\"urlTemplate\":\"https:\\\/\\\/solucionescontract.com\\\/?s={search_term_string}\"},\"query-input\":{\"@type\":\"PropertyValueSpecification\",\"valueRequired\":true,\"valueName\":\"search_term_string\"}}],\"inLanguage\":\"fr-FR\"},{\"@type\":\"Organization\",\"@id\":\"https:\\\/\\\/solucionescontract.com\\\/#organization\",\"name\":\"Soluciones Contract\",\"url\":\"https:\\\/\\\/solucionescontract.com\\\/\",\"logo\":{\"@type\":\"ImageObject\",\"inLanguage\":\"fr-FR\",\"@id\":\"https:\\\/\\\/solucionescontract.com\\\/#\\\/schema\\\/logo\\\/image\\\/\",\"url\":\"https:\\\/\\\/solucionescontract.com\\\/wp-content\\\/uploads\\\/2020\\\/02\\\/logoSC.jpg\",\"contentUrl\":\"https:\\\/\\\/solucionescontract.com\\\/wp-content\\\/uploads\\\/2020\\\/02\\\/logoSC.jpg\",\"width\":300,\"height\":125,\"caption\":\"Soluciones Contract\"},\"image\":{\"@id\":\"https:\\\/\\\/solucionescontract.com\\\/#\\\/schema\\\/logo\\\/image\\\/\"},\"sameAs\":[\"https:\\\/\\\/www.facebook.com\\\/solucionescontract\\\/\"]}]}<\/script>\n<!-- \/ Yoast SEO plugin. -->","yoast_head_json":{"title":"SOMMIER \u00c0 LATTES EN H\u00caTRE 500. SOLUCIONES CONTRACT","description":"Lit \u00e0 lattes en h\u00eatre 500 de 12 cm. souple vaporis\u00e9 pour une meilleure articulation et adaptation.","robots":{"index":"index","follow":"follow","max-snippet":"max-snippet:-1","max-image-preview":"max-image-preview:large","max-video-preview":"max-video-preview:-1"},"canonical":"https:\/\/solucionescontract.com\/producto\/somier-laminas-de-haya-500\/","og_locale":"fr_FR","og_type":"article","og_title":"SOMMIER \u00c0 LATTES EN H\u00caTRE 500. Livraison gratuite !","og_description":"Lit \u00e0 lattes en h\u00eatre 500 de 12 cm. souple vaporis\u00e9 pour une meilleure articulation et adaptation.","og_url":"https:\/\/solucionescontract.com\/producto\/somier-laminas-de-haya-500\/","og_site_name":"Soluciones Contract","article_publisher":"https:\/\/www.facebook.com\/solucionescontract\/","og_image":[{"url":"https:\/\/solucionescontract.com\/wp-content\/uploads\/2017\/08\/SOMIER-5000-flesan_01.jpg","type":"","width":"","height":""}],"twitter_card":"summary_large_image","schema":{"@context":"https:\/\/schema.org","@graph":[{"@type":"WebPage","@id":"https:\/\/solucionescontract.com\/producto\/somier-laminas-de-haya-500\/","url":"https:\/\/solucionescontract.com\/producto\/somier-laminas-de-haya-500\/","name":"SOMMIER \u00c0 LATTES EN H\u00caTRE 500. SOLUCIONES CONTRACT","isPartOf":{"@id":"https:\/\/solucionescontract.com\/#website"},"primaryImageOfPage":{"@id":"https:\/\/solucionescontract.com\/producto\/somier-laminas-de-haya-500\/#primaryimage"},"image":{"@id":"https:\/\/solucionescontract.com\/producto\/somier-laminas-de-haya-500\/#primaryimage"},"thumbnailUrl":"https:\/\/solucionescontract.com\/wp-content\/uploads\/2017\/08\/SOMIER-5000-flesan_01.jpg","datePublished":"2017-08-20T16:52:50+00:00","description":"Lit \u00e0 lattes en h\u00eatre 500 de 12 cm. souple vaporis\u00e9 pour une meilleure articulation et adaptation.","breadcrumb":{"@id":"https:\/\/solucionescontract.com\/producto\/somier-laminas-de-haya-500\/#breadcrumb"},"inLanguage":"fr-FR","potentialAction":[{"@type":"ReadAction","target":["https:\/\/solucionescontract.com\/producto\/somier-laminas-de-haya-500\/"]}]},{"@type":"ImageObject","inLanguage":"fr-FR","@id":"https:\/\/solucionescontract.com\/producto\/somier-laminas-de-haya-500\/#primaryimage","url":"https:\/\/solucionescontract.com\/wp-content\/uploads\/2017\/08\/SOMIER-5000-flesan_01.jpg","contentUrl":"https:\/\/solucionescontract.com\/wp-content\/uploads\/2017\/08\/SOMIER-5000-flesan_01.jpg","width":1255,"height":1255},{"@type":"BreadcrumbList","@id":"https:\/\/solucionescontract.com\/producto\/somier-laminas-de-haya-500\/#breadcrumb","itemListElement":[{"@type":"ListItem","position":1,"name":"Inicio","item":"https:\/\/solucionescontract.com\/"},{"@type":"ListItem","position":2,"name":"Tienda mobiliario contract","item":"https:\/\/solucionescontract.com\/tienda-mobiliario-contract\/"},{"@type":"ListItem","position":3,"name":"Mobiliario para Descanso","item":"https:\/\/solucionescontract.com\/categoria-producto\/mobiliario-para-descanso\/"},{"@type":"ListItem","position":4,"name":"Canap\u00e9s y bases de camas","item":"https:\/\/solucionescontract.com\/categoria-producto\/mobiliario-para-descanso\/canapes-y-bases-de-camas\/"},{"@type":"ListItem","position":5,"name":"SOMMIER \u00c0 LATTES EN H\u00caTRE 500"}]},{"@type":"WebSite","@id":"https:\/\/solucionescontract.com\/#website","url":"https:\/\/solucionescontract.com\/","name":"Soluciones Contract","description":"Venta Mobiliario contract de dise\u00f1o","publisher":{"@id":"https:\/\/solucionescontract.com\/#organization"},"potentialAction":[{"@type":"SearchAction","target":{"@type":"EntryPoint","urlTemplate":"https:\/\/solucionescontract.com\/?s={search_term_string}"},"query-input":{"@type":"PropertyValueSpecification","valueRequired":true,"valueName":"search_term_string"}}],"inLanguage":"fr-FR"},{"@type":"Organization","@id":"https:\/\/solucionescontract.com\/#organization","name":"Soluciones Contract","url":"https:\/\/solucionescontract.com\/","logo":{"@type":"ImageObject","inLanguage":"fr-FR","@id":"https:\/\/solucionescontract.com\/#\/schema\/logo\/image\/","url":"https:\/\/solucionescontract.com\/wp-content\/uploads\/2020\/02\/logoSC.jpg","contentUrl":"https:\/\/solucionescontract.com\/wp-content\/uploads\/2020\/02\/logoSC.jpg","width":300,"height":125,"caption":"Soluciones Contract"},"image":{"@id":"https:\/\/solucionescontract.com\/#\/schema\/logo\/image\/"},"sameAs":["https:\/\/www.facebook.com\/solucionescontract\/"]}]}},"_links":{"self":[{"href":"https:\/\/solucionescontract.com\/fr\/wp-json\/wp\/v2\/product\/21698","targetHints":{"allow":["GET"]}}],"collection":[{"href":"https:\/\/solucionescontract.com\/fr\/wp-json\/wp\/v2\/product"}],"about":[{"href":"https:\/\/solucionescontract.com\/fr\/wp-json\/wp\/v2\/types\/product"}],"replies":[{"embeddable":true,"href":"https:\/\/solucionescontract.com\/fr\/wp-json\/wp\/v2\/comments?post=21698"}],"wp:featuredmedia":[{"embeddable":true,"href":"https:\/\/solucionescontract.com\/fr\/wp-json\/wp\/v2\/media\/13528"}],"wp:attachment":[{"href":"https:\/\/solucionescontract.com\/fr\/wp-json\/wp\/v2\/media?parent=21698"}],"wp:term":[{"taxonomy":"product_brand","embeddable":true,"href":"https:\/\/solucionescontract.com\/fr\/wp-json\/wp\/v2\/product_brand?post=21698"},{"taxonomy":"product_cat","embeddable":true,"href":"https:\/\/solucionescontract.com\/fr\/wp-json\/wp\/v2\/product_cat?post=21698"},{"taxonomy":"product_tag","embeddable":true,"href":"https:\/\/solucionescontract.com\/fr\/wp-json\/wp\/v2\/product_tag?post=21698"}],"curies":[{"name":"wp","href":"https:\/\/api.w.org\/{rel}","templated":true}]}}