{"id":21681,"date":"2017-08-20T15:26:18","date_gmt":"2017-08-20T15:26:18","guid":{"rendered":"https:\/\/www.solucionescontract.com\/producto\/canape-bois-cantabria\/"},"modified":"2017-08-20T15:26:18","modified_gmt":"2017-08-20T15:26:18","slug":"canape-bois-cantabria","status":"publish","type":"product","link":"https:\/\/solucionescontract.com\/fr\/producto\/canape-bois-cantabria\/","title":{"rendered":"CANAP\u00c9 BOIS CANTABRIA"},"content":{"rendered":"<h4>Canap\u00e9 en bois de Cantabrie. Fiche technique :<\/h4>\n<ul>\n<li>Couvercle pliant renforc\u00e9 en tube d&rsquo;acier 40 x 30 rembourr\u00e9 en tissu 3D multi-perfor\u00e9 pour une plus grande transpiration avec syst\u00e8me de levage \u00e0 v\u00e9rin hydraulique.<\/li>\n<li>C\u00f4t\u00e9s de 22 mm. Finition double face.<\/li>\n<li>Fond de Canap\u00e9 1 pi\u00e8ce par arrosage de 16 mm. d&rsquo;\u00e9paisseur haute r\u00e9sistance (couleurs naturelles du bois).<\/li>\n<li>Quatre pieds en bois de h\u00eatre arrondis au sol.<\/li>\n<li>Poign\u00e9e avant en bois.<\/li>\n<li>Chambre d&rsquo;a\u00e9ration de 1,5 cm. pour une meilleure transpiration en cas de probl\u00e8mes d&rsquo;humidit\u00e9.<\/li>\n<li>Ouverture lat\u00e9rale facultative.<\/li>\n<li>Capacit\u00e9 int\u00e9rieure 28 cm.<\/li>\n<li>Hauteur totale 36 cm.<\/li>\n<li>Couleurs disponibles : Cerise, Wenge et Blanc<\/li>\n<\/ul>\n<p><\/script><\/p>\n","protected":false},"excerpt":{"rendered":"<ul>\n<li>Con\u00e7u pour exploiter pleinement l&rsquo;espace int\u00e9rieur.<\/li>\n<li>Fabriqu\u00e9 en m\u00e9lamine 22 mm de couleur wengue. Disponible \u00e9galement en finition cerise et blanche (consulter)<\/li>\n<li>Une housse rembourr\u00e9e tiss\u00e9e en 3D aide \u00e0 pr\u00e9venir les probl\u00e8mes d&rsquo;humidit\u00e9 dans les matelas \u00e0 \u00e2me pleine de pointe<\/li>\n<li>Capacit\u00e9 int\u00e9rieure maximale de 28 cm.<\/li>\n<\/ul>\n<p>*(Autres mesures \u00e0 consulter)<\/p>\n","protected":false},"featured_media":13524,"comment_status":"open","ping_status":"closed","template":"","meta":[],"product_brand":[],"product_cat":[601],"product_tag":[],"class_list":{"0":"post-21681","1":"product","2":"type-product","3":"status-publish","4":"has-post-thumbnail","6":"product_cat-canapes-et-sommiers","7":"product_shipping_class-gratuit","8":"yith_product_brand-flesan-fr","10":"first","11":"instock","12":"taxable","13":"shipping-taxable","14":"purchasable","15":"product-type-variable"},"yoast_head":"<!-- This site is optimized with the Yoast SEO plugin v27.3 - https:\/\/yoast.com\/product\/yoast-seo-wordpress\/ -->\n<title>BOIS CANAP\u00c9 CANTABRIA. Capacit\u00e9 int\u00e9rieure 28cm.<\/title>\n<meta name=\"description\" content=\"Con\u00e7u pour exploiter pleinement l&#039;espace int\u00e9rieur. Fabriqu\u00e9 en m\u00e9lamine de 22mm en cerisier, wengue et blanc. Couverture rembourr\u00e9e.\" \/>\n<meta name=\"robots\" content=\"index, follow, max-snippet:-1, max-image-preview:large, max-video-preview:-1\" \/>\n<link rel=\"canonical\" href=\"https:\/\/solucionescontract.com\/producto\/canape-madera-cantabria\/\" \/>\n<meta property=\"og:locale\" content=\"fr_FR\" \/>\n<meta property=\"og:type\" content=\"article\" \/>\n<meta property=\"og:title\" content=\"BOIS CANAP\u00c9 CANTABRIA. Capacit\u00e9 int\u00e9rieure 28cm.\" \/>\n<meta property=\"og:description\" content=\"Con\u00e7u pour exploiter pleinement l&#039;espace int\u00e9rieur. Fabriqu\u00e9 en m\u00e9lamine de 22mm en cerisier, wengue et blanc. Couverture rembourr\u00e9e.\" \/>\n<meta property=\"og:url\" content=\"https:\/\/solucionescontract.com\/producto\/canape-madera-cantabria\/\" \/>\n<meta property=\"og:site_name\" content=\"Soluciones Contract\" \/>\n<meta property=\"article:publisher\" content=\"https:\/\/www.facebook.com\/solucionescontract\/\" \/>\n<meta property=\"og:image\" content=\"https:\/\/solucionescontract.com\/wp-content\/uploads\/2017\/08\/Canape-cantabria_02.jpg\" \/>\n<meta name=\"twitter:card\" content=\"summary_large_image\" \/>\n<meta name=\"twitter:label1\" content=\"Dur\u00e9e de lecture estim\u00e9e\" \/>\n\t<meta name=\"twitter:data1\" content=\"1 minute\" \/>\n<script type=\"application\/ld+json\" class=\"yoast-schema-graph\">{\"@context\":\"https:\\\/\\\/schema.org\",\"@graph\":[{\"@type\":\"WebPage\",\"@id\":\"https:\\\/\\\/solucionescontract.com\\\/producto\\\/canape-madera-cantabria\\\/\",\"url\":\"https:\\\/\\\/solucionescontract.com\\\/producto\\\/canape-madera-cantabria\\\/\",\"name\":\"BOIS CANAP\u00c9 CANTABRIA. Capacit\u00e9 int\u00e9rieure 28cm.\",\"isPartOf\":{\"@id\":\"https:\\\/\\\/solucionescontract.com\\\/#website\"},\"primaryImageOfPage\":{\"@id\":\"https:\\\/\\\/solucionescontract.com\\\/producto\\\/canape-madera-cantabria\\\/#primaryimage\"},\"image\":{\"@id\":\"https:\\\/\\\/solucionescontract.com\\\/producto\\\/canape-madera-cantabria\\\/#primaryimage\"},\"thumbnailUrl\":\"https:\\\/\\\/solucionescontract.com\\\/wp-content\\\/uploads\\\/2017\\\/08\\\/Canape-cantabria_02.jpg\",\"datePublished\":\"2017-08-20T15:26:18+00:00\",\"description\":\"Con\u00e7u pour exploiter pleinement l'espace int\u00e9rieur. Fabriqu\u00e9 en m\u00e9lamine de 22mm en cerisier, wengue et blanc. Couverture rembourr\u00e9e.\",\"breadcrumb\":{\"@id\":\"https:\\\/\\\/solucionescontract.com\\\/producto\\\/canape-madera-cantabria\\\/#breadcrumb\"},\"inLanguage\":\"fr-FR\",\"potentialAction\":[{\"@type\":\"ReadAction\",\"target\":[\"https:\\\/\\\/solucionescontract.com\\\/producto\\\/canape-madera-cantabria\\\/\"]}]},{\"@type\":\"ImageObject\",\"inLanguage\":\"fr-FR\",\"@id\":\"https:\\\/\\\/solucionescontract.com\\\/producto\\\/canape-madera-cantabria\\\/#primaryimage\",\"url\":\"https:\\\/\\\/solucionescontract.com\\\/wp-content\\\/uploads\\\/2017\\\/08\\\/Canape-cantabria_02.jpg\",\"contentUrl\":\"https:\\\/\\\/solucionescontract.com\\\/wp-content\\\/uploads\\\/2017\\\/08\\\/Canape-cantabria_02.jpg\",\"width\":976,\"height\":976},{\"@type\":\"BreadcrumbList\",\"@id\":\"https:\\\/\\\/solucionescontract.com\\\/producto\\\/canape-madera-cantabria\\\/#breadcrumb\",\"itemListElement\":[{\"@type\":\"ListItem\",\"position\":1,\"name\":\"Inicio\",\"item\":\"https:\\\/\\\/solucionescontract.com\\\/\"},{\"@type\":\"ListItem\",\"position\":2,\"name\":\"Tienda mobiliario contract\",\"item\":\"https:\\\/\\\/solucionescontract.com\\\/tienda-mobiliario-contract\\\/\"},{\"@type\":\"ListItem\",\"position\":3,\"name\":\"Mobiliario para Descanso\",\"item\":\"https:\\\/\\\/solucionescontract.com\\\/categoria-producto\\\/mobiliario-para-descanso\\\/\"},{\"@type\":\"ListItem\",\"position\":4,\"name\":\"Canap\u00e9s y bases de camas\",\"item\":\"https:\\\/\\\/solucionescontract.com\\\/categoria-producto\\\/mobiliario-para-descanso\\\/canapes-y-bases-de-camas\\\/\"},{\"@type\":\"ListItem\",\"position\":5,\"name\":\"CANAP\u00c9 BOIS CANTABRIA\"}]},{\"@type\":\"WebSite\",\"@id\":\"https:\\\/\\\/solucionescontract.com\\\/#website\",\"url\":\"https:\\\/\\\/solucionescontract.com\\\/\",\"name\":\"Soluciones Contract\",\"description\":\"Venta Mobiliario contract de dise\u00f1o\",\"publisher\":{\"@id\":\"https:\\\/\\\/solucionescontract.com\\\/#organization\"},\"potentialAction\":[{\"@type\":\"SearchAction\",\"target\":{\"@type\":\"EntryPoint\",\"urlTemplate\":\"https:\\\/\\\/solucionescontract.com\\\/?s={search_term_string}\"},\"query-input\":{\"@type\":\"PropertyValueSpecification\",\"valueRequired\":true,\"valueName\":\"search_term_string\"}}],\"inLanguage\":\"fr-FR\"},{\"@type\":\"Organization\",\"@id\":\"https:\\\/\\\/solucionescontract.com\\\/#organization\",\"name\":\"Soluciones Contract\",\"url\":\"https:\\\/\\\/solucionescontract.com\\\/\",\"logo\":{\"@type\":\"ImageObject\",\"inLanguage\":\"fr-FR\",\"@id\":\"https:\\\/\\\/solucionescontract.com\\\/#\\\/schema\\\/logo\\\/image\\\/\",\"url\":\"https:\\\/\\\/solucionescontract.com\\\/wp-content\\\/uploads\\\/2020\\\/02\\\/logoSC.jpg\",\"contentUrl\":\"https:\\\/\\\/solucionescontract.com\\\/wp-content\\\/uploads\\\/2020\\\/02\\\/logoSC.jpg\",\"width\":300,\"height\":125,\"caption\":\"Soluciones Contract\"},\"image\":{\"@id\":\"https:\\\/\\\/solucionescontract.com\\\/#\\\/schema\\\/logo\\\/image\\\/\"},\"sameAs\":[\"https:\\\/\\\/www.facebook.com\\\/solucionescontract\\\/\"]}]}<\/script>\n<!-- \/ Yoast SEO plugin. -->","yoast_head_json":{"title":"BOIS CANAP\u00c9 CANTABRIA. Capacit\u00e9 int\u00e9rieure 28cm.","description":"Con\u00e7u pour exploiter pleinement l'espace int\u00e9rieur. Fabriqu\u00e9 en m\u00e9lamine de 22mm en cerisier, wengue et blanc. Couverture rembourr\u00e9e.","robots":{"index":"index","follow":"follow","max-snippet":"max-snippet:-1","max-image-preview":"max-image-preview:large","max-video-preview":"max-video-preview:-1"},"canonical":"https:\/\/solucionescontract.com\/producto\/canape-madera-cantabria\/","og_locale":"fr_FR","og_type":"article","og_title":"BOIS CANAP\u00c9 CANTABRIA. Capacit\u00e9 int\u00e9rieure 28cm.","og_description":"Con\u00e7u pour exploiter pleinement l'espace int\u00e9rieur. Fabriqu\u00e9 en m\u00e9lamine de 22mm en cerisier, wengue et blanc. Couverture rembourr\u00e9e.","og_url":"https:\/\/solucionescontract.com\/producto\/canape-madera-cantabria\/","og_site_name":"Soluciones Contract","article_publisher":"https:\/\/www.facebook.com\/solucionescontract\/","og_image":[{"url":"https:\/\/solucionescontract.com\/wp-content\/uploads\/2017\/08\/Canape-cantabria_02.jpg","type":"","width":"","height":""}],"twitter_card":"summary_large_image","twitter_misc":{"Dur\u00e9e de lecture estim\u00e9e":"1 minute"},"schema":{"@context":"https:\/\/schema.org","@graph":[{"@type":"WebPage","@id":"https:\/\/solucionescontract.com\/producto\/canape-madera-cantabria\/","url":"https:\/\/solucionescontract.com\/producto\/canape-madera-cantabria\/","name":"BOIS CANAP\u00c9 CANTABRIA. Capacit\u00e9 int\u00e9rieure 28cm.","isPartOf":{"@id":"https:\/\/solucionescontract.com\/#website"},"primaryImageOfPage":{"@id":"https:\/\/solucionescontract.com\/producto\/canape-madera-cantabria\/#primaryimage"},"image":{"@id":"https:\/\/solucionescontract.com\/producto\/canape-madera-cantabria\/#primaryimage"},"thumbnailUrl":"https:\/\/solucionescontract.com\/wp-content\/uploads\/2017\/08\/Canape-cantabria_02.jpg","datePublished":"2017-08-20T15:26:18+00:00","description":"Con\u00e7u pour exploiter pleinement l'espace int\u00e9rieur. Fabriqu\u00e9 en m\u00e9lamine de 22mm en cerisier, wengue et blanc. Couverture rembourr\u00e9e.","breadcrumb":{"@id":"https:\/\/solucionescontract.com\/producto\/canape-madera-cantabria\/#breadcrumb"},"inLanguage":"fr-FR","potentialAction":[{"@type":"ReadAction","target":["https:\/\/solucionescontract.com\/producto\/canape-madera-cantabria\/"]}]},{"@type":"ImageObject","inLanguage":"fr-FR","@id":"https:\/\/solucionescontract.com\/producto\/canape-madera-cantabria\/#primaryimage","url":"https:\/\/solucionescontract.com\/wp-content\/uploads\/2017\/08\/Canape-cantabria_02.jpg","contentUrl":"https:\/\/solucionescontract.com\/wp-content\/uploads\/2017\/08\/Canape-cantabria_02.jpg","width":976,"height":976},{"@type":"BreadcrumbList","@id":"https:\/\/solucionescontract.com\/producto\/canape-madera-cantabria\/#breadcrumb","itemListElement":[{"@type":"ListItem","position":1,"name":"Inicio","item":"https:\/\/solucionescontract.com\/"},{"@type":"ListItem","position":2,"name":"Tienda mobiliario contract","item":"https:\/\/solucionescontract.com\/tienda-mobiliario-contract\/"},{"@type":"ListItem","position":3,"name":"Mobiliario para Descanso","item":"https:\/\/solucionescontract.com\/categoria-producto\/mobiliario-para-descanso\/"},{"@type":"ListItem","position":4,"name":"Canap\u00e9s y bases de camas","item":"https:\/\/solucionescontract.com\/categoria-producto\/mobiliario-para-descanso\/canapes-y-bases-de-camas\/"},{"@type":"ListItem","position":5,"name":"CANAP\u00c9 BOIS CANTABRIA"}]},{"@type":"WebSite","@id":"https:\/\/solucionescontract.com\/#website","url":"https:\/\/solucionescontract.com\/","name":"Soluciones Contract","description":"Venta Mobiliario contract de dise\u00f1o","publisher":{"@id":"https:\/\/solucionescontract.com\/#organization"},"potentialAction":[{"@type":"SearchAction","target":{"@type":"EntryPoint","urlTemplate":"https:\/\/solucionescontract.com\/?s={search_term_string}"},"query-input":{"@type":"PropertyValueSpecification","valueRequired":true,"valueName":"search_term_string"}}],"inLanguage":"fr-FR"},{"@type":"Organization","@id":"https:\/\/solucionescontract.com\/#organization","name":"Soluciones Contract","url":"https:\/\/solucionescontract.com\/","logo":{"@type":"ImageObject","inLanguage":"fr-FR","@id":"https:\/\/solucionescontract.com\/#\/schema\/logo\/image\/","url":"https:\/\/solucionescontract.com\/wp-content\/uploads\/2020\/02\/logoSC.jpg","contentUrl":"https:\/\/solucionescontract.com\/wp-content\/uploads\/2020\/02\/logoSC.jpg","width":300,"height":125,"caption":"Soluciones Contract"},"image":{"@id":"https:\/\/solucionescontract.com\/#\/schema\/logo\/image\/"},"sameAs":["https:\/\/www.facebook.com\/solucionescontract\/"]}]}},"_links":{"self":[{"href":"https:\/\/solucionescontract.com\/fr\/wp-json\/wp\/v2\/product\/21681","targetHints":{"allow":["GET"]}}],"collection":[{"href":"https:\/\/solucionescontract.com\/fr\/wp-json\/wp\/v2\/product"}],"about":[{"href":"https:\/\/solucionescontract.com\/fr\/wp-json\/wp\/v2\/types\/product"}],"replies":[{"embeddable":true,"href":"https:\/\/solucionescontract.com\/fr\/wp-json\/wp\/v2\/comments?post=21681"}],"wp:featuredmedia":[{"embeddable":true,"href":"https:\/\/solucionescontract.com\/fr\/wp-json\/wp\/v2\/media\/13524"}],"wp:attachment":[{"href":"https:\/\/solucionescontract.com\/fr\/wp-json\/wp\/v2\/media?parent=21681"}],"wp:term":[{"taxonomy":"product_brand","embeddable":true,"href":"https:\/\/solucionescontract.com\/fr\/wp-json\/wp\/v2\/product_brand?post=21681"},{"taxonomy":"product_cat","embeddable":true,"href":"https:\/\/solucionescontract.com\/fr\/wp-json\/wp\/v2\/product_cat?post=21681"},{"taxonomy":"product_tag","embeddable":true,"href":"https:\/\/solucionescontract.com\/fr\/wp-json\/wp\/v2\/product_tag?post=21681"}],"curies":[{"name":"wp","href":"https:\/\/api.w.org\/{rel}","templated":true}]}}