{"id":21665,"date":"2017-08-20T11:25:10","date_gmt":"2017-08-20T11:25:10","guid":{"rendered":"https:\/\/www.solucionescontract.com\/producto\/matelas-a-noyau-et-viscoelastique-olimpia\/"},"modified":"2023-07-26T13:05:37","modified_gmt":"2023-07-26T12:05:37","slug":"matelas-a-noyau-et-viscoelastique-olimpia","status":"publish","type":"product","link":"https:\/\/solucionescontract.com\/fr\/producto\/matelas-a-noyau-et-viscoelastique-olimpia\/","title":{"rendered":"MATELAS \u00c0 NOYAU ET VISCO\u00c9LASTIQUE OLIMPIA"},"content":{"rendered":"<h4>Matelas \u00e0 Noyau et Visco\u00e9lastique Olimpia. Fiche technique:<\/h4>\n<p><a href=\"https:\/\/solucionescontract.com\/wp-content\/uploads\/2017\/08\/COLCHON-DE-NUCLEO-Y-VISCOELASTICA-OLIMPIA-FICHA.jpg\"><img decoding=\"async\" class=\" wd-lazy-fade alignnone wp-image-2877\" src=\"https:\/\/solucionescontract.com\/wp-content\/themes\/woodmart\/images\/lazy.svg\" data-src=\"https:\/\/solucionescontract.com\/wp-content\/uploads\/2017\/08\/COLCHON-DE-NUCLEO-Y-VISCOELASTICA-OLIMPIA-FICHA-300x129.jpg\" alt=\"\" width=\"500\" height=\"214\" srcset=\"\" data-srcset=\"https:\/\/solucionescontract.com\/wp-content\/uploads\/2017\/08\/COLCHON-DE-NUCLEO-Y-VISCOELASTICA-OLIMPIA-FICHA-300x129.jpg 300w, https:\/\/solucionescontract.com\/wp-content\/uploads\/2017\/08\/COLCHON-DE-NUCLEO-Y-VISCOELASTICA-OLIMPIA-FICHA-150x64.jpg 150w, https:\/\/solucionescontract.com\/wp-content\/uploads\/2017\/08\/COLCHON-DE-NUCLEO-Y-VISCOELASTICA-OLIMPIA-FICHA-800x343.jpg 800w, https:\/\/solucionescontract.com\/wp-content\/uploads\/2017\/08\/COLCHON-DE-NUCLEO-Y-VISCOELASTICA-OLIMPIA-FICHA-768x329.jpg 768w, https:\/\/solucionescontract.com\/wp-content\/uploads\/2017\/08\/COLCHON-DE-NUCLEO-Y-VISCOELASTICA-OLIMPIA-FICHA-1024x439.jpg 1024w, https:\/\/solucionescontract.com\/wp-content\/uploads\/2017\/08\/COLCHON-DE-NUCLEO-Y-VISCOELASTICA-OLIMPIA-FICHA-232x99.jpg 232w, https:\/\/solucionescontract.com\/wp-content\/uploads\/2017\/08\/COLCHON-DE-NUCLEO-Y-VISCOELASTICA-OLIMPIA-FICHA-350x150.jpg 350w, https:\/\/solucionescontract.com\/wp-content\/uploads\/2017\/08\/COLCHON-DE-NUCLEO-Y-VISCOELASTICA-OLIMPIA-FICHA-600x257.jpg 600w, https:\/\/solucionescontract.com\/wp-content\/uploads\/2017\/08\/COLCHON-DE-NUCLEO-Y-VISCOELASTICA-OLIMPIA-FICHA.jpg 1256w\" sizes=\"(max-width: 500px) 100vw, 500px\" \/><\/a><\/script><\/p>\n","protected":false},"excerpt":{"rendered":"<ul>\n<li>Noyau de HR haute densit\u00e9 30 kg.<\/li>\n<li>5 cm. visco\u00e9lastique de 50 kg. de densit\u00e9 sur les deux c\u00f4t\u00e9s du matelas<\/li>\n<li>Couverture de la face sup\u00e9rieure et inf\u00e9rieure avec 250 gr. de fibre et 3 cm. de mousse profil\u00e9e.<\/li>\n<li>Couverture rembourr\u00e9e en haut et en bas pour couvrir en tissu extensible \u00e0 haut grammage<\/li>\n<li>Bordure matelass\u00e9e avec un tissu en fibre naturelle 3D pour une meilleure respirabilit\u00e9.<\/li>\n<li>Ergonomique et non d\u00e9formable.<\/li>\n<li>Tissu anti-acariens (hygi\u00e8ne et protection contre les microorganismes).<\/li>\n<li>Matelas de 29 cm de hauteur, tr\u00e8s ferme.<\/li>\n<\/ul>\n<h3><span style=\"font-size: 12pt; color: #ff0000;\"><em><strong>Article actuellement en rupture de stock ou abandonn\u00e9.<\/strong><\/em><\/span><\/h3>\n","protected":false},"featured_media":13494,"comment_status":"open","ping_status":"closed","template":"","meta":[],"product_brand":[],"product_cat":[603,603],"product_tag":[736,736,766,766],"class_list":{"0":"post-21665","1":"product","2":"type-product","3":"status-publish","4":"has-post-thumbnail","6":"product_cat-matelas-dhotel","8":"product_tag-nucleo-fr","10":"product_tag-viscoelastica-fr","12":"product_shipping_class-gratuit","14":"yith_product_brand-flesan-fr","17":"first","18":"instock","19":"taxable","20":"shipping-taxable","21":"purchasable","22":"product-type-variable"},"yoast_head":"<!-- This site is optimized with the Yoast SEO plugin v27.3 - https:\/\/yoast.com\/product\/yoast-seo-wordpress\/ -->\n<title>Matelas ergonomique | Soluciones Contract<\/title>\n<meta name=\"description\" content=\"Noyau ergonomique et non d\u00e9formable et matelas visco\u00e9lastique. Marque Olimpia avec tissu anti-acariens. Noyau de RH \u00e0 haute densit\u00e9. Acheter en ligne. Livraison gratuite.\" \/>\n<meta name=\"robots\" content=\"index, follow, max-snippet:-1, max-image-preview:large, max-video-preview:-1\" \/>\n<link rel=\"canonical\" href=\"https:\/\/solucionescontract.com\/producto\/colchon-nucleo-y-viscoelastica-olimpia\/\" \/>\n<meta property=\"og:locale\" content=\"fr_FR\" \/>\n<meta property=\"og:type\" content=\"article\" \/>\n<meta property=\"og:title\" content=\"MATELAS \u00c0 NOYAU ET VISCO\u00c9LASTIQUE OLIMPIA. Emportez-le !\" \/>\n<meta property=\"og:description\" content=\"Matelas \u00e0 noyau et visco\u00e9lastique OLIMPIA, 30 kg de noyau HR haute densit\u00e9, 5 cm de visco\u00e9lastique. Ergonomique et non d\u00e9formable. Tissu anti-acariens.\" \/>\n<meta property=\"og:url\" content=\"https:\/\/solucionescontract.com\/producto\/colchon-nucleo-y-viscoelastica-olimpia\/\" \/>\n<meta property=\"og:site_name\" content=\"Soluciones Contract\" \/>\n<meta property=\"article:publisher\" content=\"https:\/\/www.facebook.com\/solucionescontract\/\" \/>\n<meta property=\"article:modified_time\" content=\"2023-07-26T12:05:37+00:00\" \/>\n<meta property=\"og:image\" content=\"https:\/\/solucionescontract.com\/wp-content\/uploads\/2017\/08\/COLCHON-DE-MUELLES-BICONICOS-SCALA-Detalle.jpg\" \/>\n<meta name=\"twitter:card\" content=\"summary_large_image\" \/>\n<script type=\"application\/ld+json\" class=\"yoast-schema-graph\">{\"@context\":\"https:\\\/\\\/schema.org\",\"@graph\":[{\"@type\":\"WebPage\",\"@id\":\"https:\\\/\\\/solucionescontract.com\\\/producto\\\/colchon-nucleo-y-viscoelastica-olimpia\\\/\",\"url\":\"https:\\\/\\\/solucionescontract.com\\\/producto\\\/colchon-nucleo-y-viscoelastica-olimpia\\\/\",\"name\":\"Matelas ergonomique | Soluciones Contract\",\"isPartOf\":{\"@id\":\"https:\\\/\\\/solucionescontract.com\\\/#website\"},\"primaryImageOfPage\":{\"@id\":\"https:\\\/\\\/solucionescontract.com\\\/producto\\\/colchon-nucleo-y-viscoelastica-olimpia\\\/#primaryimage\"},\"image\":{\"@id\":\"https:\\\/\\\/solucionescontract.com\\\/producto\\\/colchon-nucleo-y-viscoelastica-olimpia\\\/#primaryimage\"},\"thumbnailUrl\":\"https:\\\/\\\/solucionescontract.com\\\/wp-content\\\/uploads\\\/2017\\\/08\\\/COLCHON-DE-NUCLEO-Y-VISCOELASTICA-OLIMPIA.jpg\",\"datePublished\":\"2017-08-20T11:25:10+00:00\",\"dateModified\":\"2023-07-26T12:05:37+00:00\",\"description\":\"Noyau ergonomique et non d\u00e9formable et matelas visco\u00e9lastique. Marque Olimpia avec tissu anti-acariens. Noyau de RH \u00e0 haute densit\u00e9. Acheter en ligne. Livraison gratuite.\",\"breadcrumb\":{\"@id\":\"https:\\\/\\\/solucionescontract.com\\\/producto\\\/colchon-nucleo-y-viscoelastica-olimpia\\\/#breadcrumb\"},\"inLanguage\":\"fr-FR\",\"potentialAction\":[{\"@type\":\"ReadAction\",\"target\":[\"https:\\\/\\\/solucionescontract.com\\\/producto\\\/colchon-nucleo-y-viscoelastica-olimpia\\\/\"]}]},{\"@type\":\"ImageObject\",\"inLanguage\":\"fr-FR\",\"@id\":\"https:\\\/\\\/solucionescontract.com\\\/producto\\\/colchon-nucleo-y-viscoelastica-olimpia\\\/#primaryimage\",\"url\":\"https:\\\/\\\/solucionescontract.com\\\/wp-content\\\/uploads\\\/2017\\\/08\\\/COLCHON-DE-NUCLEO-Y-VISCOELASTICA-OLIMPIA.jpg\",\"contentUrl\":\"https:\\\/\\\/solucionescontract.com\\\/wp-content\\\/uploads\\\/2017\\\/08\\\/COLCHON-DE-NUCLEO-Y-VISCOELASTICA-OLIMPIA.jpg\",\"width\":800,\"height\":800},{\"@type\":\"BreadcrumbList\",\"@id\":\"https:\\\/\\\/solucionescontract.com\\\/producto\\\/colchon-nucleo-y-viscoelastica-olimpia\\\/#breadcrumb\",\"itemListElement\":[{\"@type\":\"ListItem\",\"position\":1,\"name\":\"Inicio\",\"item\":\"https:\\\/\\\/solucionescontract.com\\\/\"},{\"@type\":\"ListItem\",\"position\":2,\"name\":\"Tienda mobiliario contract\",\"item\":\"https:\\\/\\\/solucionescontract.com\\\/tienda-mobiliario-contract\\\/\"},{\"@type\":\"ListItem\",\"position\":3,\"name\":\"Mobiliario para Descanso\",\"item\":\"https:\\\/\\\/solucionescontract.com\\\/categoria-producto\\\/mobiliario-para-descanso\\\/\"},{\"@type\":\"ListItem\",\"position\":4,\"name\":\"Colchones (Producto disponible solo para usuarios registrados)\",\"item\":\"https:\\\/\\\/solucionescontract.com\\\/categoria-producto\\\/mobiliario-para-descanso\\\/colchones-para-hotel\\\/\"},{\"@type\":\"ListItem\",\"position\":5,\"name\":\"MATELAS \u00c0 NOYAU ET VISCO\u00c9LASTIQUE OLIMPIA\"}]},{\"@type\":\"WebSite\",\"@id\":\"https:\\\/\\\/solucionescontract.com\\\/#website\",\"url\":\"https:\\\/\\\/solucionescontract.com\\\/\",\"name\":\"Soluciones Contract\",\"description\":\"Venta Mobiliario contract de dise\u00f1o\",\"publisher\":{\"@id\":\"https:\\\/\\\/solucionescontract.com\\\/#organization\"},\"potentialAction\":[{\"@type\":\"SearchAction\",\"target\":{\"@type\":\"EntryPoint\",\"urlTemplate\":\"https:\\\/\\\/solucionescontract.com\\\/?s={search_term_string}\"},\"query-input\":{\"@type\":\"PropertyValueSpecification\",\"valueRequired\":true,\"valueName\":\"search_term_string\"}}],\"inLanguage\":\"fr-FR\"},{\"@type\":\"Organization\",\"@id\":\"https:\\\/\\\/solucionescontract.com\\\/#organization\",\"name\":\"Soluciones Contract\",\"url\":\"https:\\\/\\\/solucionescontract.com\\\/\",\"logo\":{\"@type\":\"ImageObject\",\"inLanguage\":\"fr-FR\",\"@id\":\"https:\\\/\\\/solucionescontract.com\\\/#\\\/schema\\\/logo\\\/image\\\/\",\"url\":\"https:\\\/\\\/solucionescontract.com\\\/wp-content\\\/uploads\\\/2020\\\/02\\\/logoSC.jpg\",\"contentUrl\":\"https:\\\/\\\/solucionescontract.com\\\/wp-content\\\/uploads\\\/2020\\\/02\\\/logoSC.jpg\",\"width\":300,\"height\":125,\"caption\":\"Soluciones Contract\"},\"image\":{\"@id\":\"https:\\\/\\\/solucionescontract.com\\\/#\\\/schema\\\/logo\\\/image\\\/\"},\"sameAs\":[\"https:\\\/\\\/www.facebook.com\\\/solucionescontract\\\/\"]}]}<\/script>\n<!-- \/ Yoast SEO plugin. -->","yoast_head_json":{"title":"Matelas ergonomique | Soluciones Contract","description":"Noyau ergonomique et non d\u00e9formable et matelas visco\u00e9lastique. Marque Olimpia avec tissu anti-acariens. Noyau de RH \u00e0 haute densit\u00e9. Acheter en ligne. Livraison gratuite.","robots":{"index":"index","follow":"follow","max-snippet":"max-snippet:-1","max-image-preview":"max-image-preview:large","max-video-preview":"max-video-preview:-1"},"canonical":"https:\/\/solucionescontract.com\/producto\/colchon-nucleo-y-viscoelastica-olimpia\/","og_locale":"fr_FR","og_type":"article","og_title":"MATELAS \u00c0 NOYAU ET VISCO\u00c9LASTIQUE OLIMPIA. Emportez-le !","og_description":"Matelas \u00e0 noyau et visco\u00e9lastique OLIMPIA, 30 kg de noyau HR haute densit\u00e9, 5 cm de visco\u00e9lastique. Ergonomique et non d\u00e9formable. Tissu anti-acariens.","og_url":"https:\/\/solucionescontract.com\/producto\/colchon-nucleo-y-viscoelastica-olimpia\/","og_site_name":"Soluciones Contract","article_publisher":"https:\/\/www.facebook.com\/solucionescontract\/","article_modified_time":"2023-07-26T12:05:37+00:00","og_image":[{"url":"https:\/\/solucionescontract.com\/wp-content\/uploads\/2017\/08\/COLCHON-DE-MUELLES-BICONICOS-SCALA-Detalle.jpg","type":"","width":"","height":""}],"twitter_card":"summary_large_image","schema":{"@context":"https:\/\/schema.org","@graph":[{"@type":"WebPage","@id":"https:\/\/solucionescontract.com\/producto\/colchon-nucleo-y-viscoelastica-olimpia\/","url":"https:\/\/solucionescontract.com\/producto\/colchon-nucleo-y-viscoelastica-olimpia\/","name":"Matelas ergonomique | Soluciones Contract","isPartOf":{"@id":"https:\/\/solucionescontract.com\/#website"},"primaryImageOfPage":{"@id":"https:\/\/solucionescontract.com\/producto\/colchon-nucleo-y-viscoelastica-olimpia\/#primaryimage"},"image":{"@id":"https:\/\/solucionescontract.com\/producto\/colchon-nucleo-y-viscoelastica-olimpia\/#primaryimage"},"thumbnailUrl":"https:\/\/solucionescontract.com\/wp-content\/uploads\/2017\/08\/COLCHON-DE-NUCLEO-Y-VISCOELASTICA-OLIMPIA.jpg","datePublished":"2017-08-20T11:25:10+00:00","dateModified":"2023-07-26T12:05:37+00:00","description":"Noyau ergonomique et non d\u00e9formable et matelas visco\u00e9lastique. Marque Olimpia avec tissu anti-acariens. Noyau de RH \u00e0 haute densit\u00e9. Acheter en ligne. Livraison gratuite.","breadcrumb":{"@id":"https:\/\/solucionescontract.com\/producto\/colchon-nucleo-y-viscoelastica-olimpia\/#breadcrumb"},"inLanguage":"fr-FR","potentialAction":[{"@type":"ReadAction","target":["https:\/\/solucionescontract.com\/producto\/colchon-nucleo-y-viscoelastica-olimpia\/"]}]},{"@type":"ImageObject","inLanguage":"fr-FR","@id":"https:\/\/solucionescontract.com\/producto\/colchon-nucleo-y-viscoelastica-olimpia\/#primaryimage","url":"https:\/\/solucionescontract.com\/wp-content\/uploads\/2017\/08\/COLCHON-DE-NUCLEO-Y-VISCOELASTICA-OLIMPIA.jpg","contentUrl":"https:\/\/solucionescontract.com\/wp-content\/uploads\/2017\/08\/COLCHON-DE-NUCLEO-Y-VISCOELASTICA-OLIMPIA.jpg","width":800,"height":800},{"@type":"BreadcrumbList","@id":"https:\/\/solucionescontract.com\/producto\/colchon-nucleo-y-viscoelastica-olimpia\/#breadcrumb","itemListElement":[{"@type":"ListItem","position":1,"name":"Inicio","item":"https:\/\/solucionescontract.com\/"},{"@type":"ListItem","position":2,"name":"Tienda mobiliario contract","item":"https:\/\/solucionescontract.com\/tienda-mobiliario-contract\/"},{"@type":"ListItem","position":3,"name":"Mobiliario para Descanso","item":"https:\/\/solucionescontract.com\/categoria-producto\/mobiliario-para-descanso\/"},{"@type":"ListItem","position":4,"name":"Colchones (Producto disponible solo para usuarios registrados)","item":"https:\/\/solucionescontract.com\/categoria-producto\/mobiliario-para-descanso\/colchones-para-hotel\/"},{"@type":"ListItem","position":5,"name":"MATELAS \u00c0 NOYAU ET VISCO\u00c9LASTIQUE OLIMPIA"}]},{"@type":"WebSite","@id":"https:\/\/solucionescontract.com\/#website","url":"https:\/\/solucionescontract.com\/","name":"Soluciones Contract","description":"Venta Mobiliario contract de dise\u00f1o","publisher":{"@id":"https:\/\/solucionescontract.com\/#organization"},"potentialAction":[{"@type":"SearchAction","target":{"@type":"EntryPoint","urlTemplate":"https:\/\/solucionescontract.com\/?s={search_term_string}"},"query-input":{"@type":"PropertyValueSpecification","valueRequired":true,"valueName":"search_term_string"}}],"inLanguage":"fr-FR"},{"@type":"Organization","@id":"https:\/\/solucionescontract.com\/#organization","name":"Soluciones Contract","url":"https:\/\/solucionescontract.com\/","logo":{"@type":"ImageObject","inLanguage":"fr-FR","@id":"https:\/\/solucionescontract.com\/#\/schema\/logo\/image\/","url":"https:\/\/solucionescontract.com\/wp-content\/uploads\/2020\/02\/logoSC.jpg","contentUrl":"https:\/\/solucionescontract.com\/wp-content\/uploads\/2020\/02\/logoSC.jpg","width":300,"height":125,"caption":"Soluciones Contract"},"image":{"@id":"https:\/\/solucionescontract.com\/#\/schema\/logo\/image\/"},"sameAs":["https:\/\/www.facebook.com\/solucionescontract\/"]}]}},"_links":{"self":[{"href":"https:\/\/solucionescontract.com\/fr\/wp-json\/wp\/v2\/product\/21665","targetHints":{"allow":["GET"]}}],"collection":[{"href":"https:\/\/solucionescontract.com\/fr\/wp-json\/wp\/v2\/product"}],"about":[{"href":"https:\/\/solucionescontract.com\/fr\/wp-json\/wp\/v2\/types\/product"}],"replies":[{"embeddable":true,"href":"https:\/\/solucionescontract.com\/fr\/wp-json\/wp\/v2\/comments?post=21665"}],"wp:featuredmedia":[{"embeddable":true,"href":"https:\/\/solucionescontract.com\/fr\/wp-json\/wp\/v2\/media\/13494"}],"wp:attachment":[{"href":"https:\/\/solucionescontract.com\/fr\/wp-json\/wp\/v2\/media?parent=21665"}],"wp:term":[{"taxonomy":"product_brand","embeddable":true,"href":"https:\/\/solucionescontract.com\/fr\/wp-json\/wp\/v2\/product_brand?post=21665"},{"taxonomy":"product_cat","embeddable":true,"href":"https:\/\/solucionescontract.com\/fr\/wp-json\/wp\/v2\/product_cat?post=21665"},{"taxonomy":"product_tag","embeddable":true,"href":"https:\/\/solucionescontract.com\/fr\/wp-json\/wp\/v2\/product_tag?post=21665"}],"curies":[{"name":"wp","href":"https:\/\/api.w.org\/{rel}","templated":true}]}}