{"id":21647,"date":"2017-08-20T10:41:37","date_gmt":"2017-08-20T10:41:37","guid":{"rendered":"https:\/\/www.solucionescontract.com\/producto\/matelas-de-lit-articule-fletex\/"},"modified":"2017-08-20T10:41:37","modified_gmt":"2017-08-20T10:41:37","slug":"matelas-de-lit-articule-fletex","status":"publish","type":"product","link":"https:\/\/solucionescontract.com\/fr\/producto\/matelas-de-lit-articule-fletex\/","title":{"rendered":"MATELAS DE LIT ARTICUL\u00c9 FLETEX"},"content":{"rendered":"<h4>Matelas de Lit Articul\u00e9 Fletex. Fiche technique:<\/h4>\n<p><a href=\"https:\/\/solucionescontract.com\/wp-content\/uploads\/2017\/08\/COLCHON-PARA-CAMA-ARTICULABLE-FLETEX-FICHA.jpg\"><img decoding=\"async\" class=\" wd-lazy-fade alignnone wp-image-2873\" src=\"https:\/\/solucionescontract.com\/wp-content\/themes\/woodmart\/images\/lazy.svg\" data-src=\"https:\/\/solucionescontract.com\/wp-content\/uploads\/2017\/08\/COLCHON-PARA-CAMA-ARTICULABLE-FLETEX-FICHA-300x137.jpg\" alt=\"\" width=\"500\" height=\"228\" srcset=\"\" data-srcset=\"https:\/\/solucionescontract.com\/wp-content\/uploads\/2017\/08\/COLCHON-PARA-CAMA-ARTICULABLE-FLETEX-FICHA-300x137.jpg 300w, https:\/\/solucionescontract.com\/wp-content\/uploads\/2017\/08\/COLCHON-PARA-CAMA-ARTICULABLE-FLETEX-FICHA-150x68.jpg 150w, https:\/\/solucionescontract.com\/wp-content\/uploads\/2017\/08\/COLCHON-PARA-CAMA-ARTICULABLE-FLETEX-FICHA-800x365.jpg 800w, https:\/\/solucionescontract.com\/wp-content\/uploads\/2017\/08\/COLCHON-PARA-CAMA-ARTICULABLE-FLETEX-FICHA-768x350.jpg 768w, https:\/\/solucionescontract.com\/wp-content\/uploads\/2017\/08\/COLCHON-PARA-CAMA-ARTICULABLE-FLETEX-FICHA-1024x467.jpg 1024w, https:\/\/solucionescontract.com\/wp-content\/uploads\/2017\/08\/COLCHON-PARA-CAMA-ARTICULABLE-FLETEX-FICHA-232x106.jpg 232w, https:\/\/solucionescontract.com\/wp-content\/uploads\/2017\/08\/COLCHON-PARA-CAMA-ARTICULABLE-FLETEX-FICHA-350x160.jpg 350w, https:\/\/solucionescontract.com\/wp-content\/uploads\/2017\/08\/COLCHON-PARA-CAMA-ARTICULABLE-FLETEX-FICHA-600x274.jpg 600w, https:\/\/solucionescontract.com\/wp-content\/uploads\/2017\/08\/COLCHON-PARA-CAMA-ARTICULABLE-FLETEX-FICHA.jpg 1271w\" sizes=\"(max-width: 500px) 100vw, 500px\" \/><\/a><\/script><\/p>\n","protected":false},"excerpt":{"rendered":"<ul>\n<li>Noyau RH 28 kg. sp\u00e9cialement profil\u00e9 pour les lits articul\u00e9s<\/li>\n<li>Couverture sup\u00e9rieure 250 gr. de fibres avec 2 cm. de supersoft, couverture inf\u00e9rieure 100 gr. de fibres avec 1 cm. de supersoft.<\/li>\n<li>4 cm. visco\u00e9lastique sur un c\u00f4t\u00e9.<\/li>\n<li>Couverture sup\u00e9rieure rembourr\u00e9e en continu en tissu Strech.<\/li>\n<li>Couvercle inf\u00e9rieur piqu\u00e9 en continu en tissu 3D.<\/li>\n<li>Bordure matelass\u00e9e avec fibre en tissu Strech et poign\u00e9es en tissu 3D.<\/li>\n<li>Ergonomique et non d\u00e9formable.<\/li>\n<li>Tissu anti-acariens (hygi\u00e8ne et protection contre les microorganismes).<\/li>\n<li>Hauteur du matelas 21 cm, degr\u00e9 de fermet\u00e9 moyen.<\/li>\n<\/ul>\n<p>*(Autres mesures \u00e0 consulter)<\/p>\n<p><span style=\"font-size: 10pt;\"><em>Exp\u00e9ditions exclusivement vers l&rsquo;int\u00e9rieur de la Communaut\u00e9 autonome de Galice<\/em><\/span><\/p>\n","protected":false},"featured_media":13486,"comment_status":"open","ping_status":"closed","template":"","meta":[],"product_brand":[],"product_cat":[603],"product_tag":[736,695,766],"class_list":{"0":"post-21647","1":"product","2":"type-product","3":"status-publish","4":"has-post-thumbnail","6":"product_cat-matelas-dhotel","7":"product_tag-nucleo-fr","8":"product_tag-cama-articulable-fr","9":"product_tag-viscoelastica-fr","10":"product_shipping_class-gratuit","11":"yith_product_brand-flesan-fr","13":"first","14":"instock","15":"taxable","16":"shipping-taxable","17":"purchasable","18":"product-type-variable"},"yoast_head":"<!-- This site is optimized with the Yoast SEO plugin v27.3 - https:\/\/yoast.com\/product\/yoast-seo-wordpress\/ -->\n<title>Matelas pour lits articul\u00e9s : Matelas articul\u00e9s : Solutions contractuelles<\/title>\n<meta name=\"description\" content=\"Large gamme de matelas pour lits articul\u00e9s. Matelas articul\u00e9s ergonomiques et non d\u00e9formables. Le noyau des RH. A votre domicile en 7 jours. Livraison gratuite.\" \/>\n<meta name=\"robots\" content=\"index, follow, max-snippet:-1, max-image-preview:large, max-video-preview:-1\" \/>\n<link rel=\"canonical\" href=\"https:\/\/solucionescontract.com\/fr\/producto\/matelas-de-lit-articule-fletex\/\" \/>\n<meta property=\"og:locale\" content=\"fr_FR\" \/>\n<meta property=\"og:type\" content=\"article\" \/>\n<meta property=\"og:title\" content=\"MATELAS POUR LIT ARTICUL\u00c9 FLETEX. Emportez-les !\" \/>\n<meta property=\"og:description\" content=\"Matelas pour lit articul\u00e9 Fletex, noyau RH sp\u00e9cialement profil\u00e9 pour les lits articul\u00e9s, 4cm visco\u00e9lastique sur un c\u00f4t\u00e9. Ergonomique.\" \/>\n<meta property=\"og:url\" content=\"https:\/\/solucionescontract.com\/fr\/producto\/matelas-de-lit-articule-fletex\/\" \/>\n<meta property=\"og:site_name\" content=\"Soluciones Contract\" \/>\n<meta property=\"article:publisher\" content=\"https:\/\/www.facebook.com\/solucionescontract\/\" \/>\n<meta property=\"og:image\" content=\"https:\/\/solucionescontract.com\/wp-content\/uploads\/2017\/08\/COLCHON-PARA-CAMA-ARTICULABLE-FLETEX-DETALLE.jpg\" \/>\n<meta name=\"twitter:card\" content=\"summary_large_image\" \/>\n<script type=\"application\/ld+json\" class=\"yoast-schema-graph\">{\"@context\":\"https:\\\/\\\/schema.org\",\"@graph\":[{\"@type\":\"WebPage\",\"@id\":\"https:\\\/\\\/solucionescontract.com\\\/fr\\\/producto\\\/matelas-de-lit-articule-fletex\\\/\",\"url\":\"https:\\\/\\\/solucionescontract.com\\\/fr\\\/producto\\\/matelas-de-lit-articule-fletex\\\/\",\"name\":\"Matelas pour lits articul\u00e9s : Matelas articul\u00e9s : Solutions contractuelles\",\"isPartOf\":{\"@id\":\"https:\\\/\\\/solucionescontract.com\\\/#website\"},\"primaryImageOfPage\":{\"@id\":\"https:\\\/\\\/solucionescontract.com\\\/fr\\\/producto\\\/matelas-de-lit-articule-fletex\\\/#primaryimage\"},\"image\":{\"@id\":\"https:\\\/\\\/solucionescontract.com\\\/fr\\\/producto\\\/matelas-de-lit-articule-fletex\\\/#primaryimage\"},\"thumbnailUrl\":\"https:\\\/\\\/solucionescontract.com\\\/wp-content\\\/uploads\\\/2017\\\/08\\\/COLCHON-PARA-CAMA-ARTICULABLE-FLETEX.jpg\",\"datePublished\":\"2017-08-20T10:41:37+00:00\",\"description\":\"Large gamme de matelas pour lits articul\u00e9s. Matelas articul\u00e9s ergonomiques et non d\u00e9formables. Le noyau des RH. A votre domicile en 7 jours. Livraison gratuite.\",\"breadcrumb\":{\"@id\":\"https:\\\/\\\/solucionescontract.com\\\/fr\\\/producto\\\/matelas-de-lit-articule-fletex\\\/#breadcrumb\"},\"inLanguage\":\"fr-FR\",\"potentialAction\":[{\"@type\":\"ReadAction\",\"target\":[\"https:\\\/\\\/solucionescontract.com\\\/fr\\\/producto\\\/matelas-de-lit-articule-fletex\\\/\"]}]},{\"@type\":\"ImageObject\",\"inLanguage\":\"fr-FR\",\"@id\":\"https:\\\/\\\/solucionescontract.com\\\/fr\\\/producto\\\/matelas-de-lit-articule-fletex\\\/#primaryimage\",\"url\":\"https:\\\/\\\/solucionescontract.com\\\/wp-content\\\/uploads\\\/2017\\\/08\\\/COLCHON-PARA-CAMA-ARTICULABLE-FLETEX.jpg\",\"contentUrl\":\"https:\\\/\\\/solucionescontract.com\\\/wp-content\\\/uploads\\\/2017\\\/08\\\/COLCHON-PARA-CAMA-ARTICULABLE-FLETEX.jpg\",\"width\":800,\"height\":800},{\"@type\":\"BreadcrumbList\",\"@id\":\"https:\\\/\\\/solucionescontract.com\\\/fr\\\/producto\\\/matelas-de-lit-articule-fletex\\\/#breadcrumb\",\"itemListElement\":[{\"@type\":\"ListItem\",\"position\":1,\"name\":\"Inicio\",\"item\":\"https:\\\/\\\/solucionescontract.com\\\/\"},{\"@type\":\"ListItem\",\"position\":2,\"name\":\"Tienda mobiliario contract\",\"item\":\"https:\\\/\\\/solucionescontract.com\\\/tienda-mobiliario-contract\\\/\"},{\"@type\":\"ListItem\",\"position\":3,\"name\":\"Mobiliario para Descanso\",\"item\":\"https:\\\/\\\/solucionescontract.com\\\/categoria-producto\\\/mobiliario-para-descanso\\\/\"},{\"@type\":\"ListItem\",\"position\":4,\"name\":\"Colchones (Producto disponible solo para usuarios registrados)\",\"item\":\"https:\\\/\\\/solucionescontract.com\\\/categoria-producto\\\/mobiliario-para-descanso\\\/colchones-para-hotel\\\/\"},{\"@type\":\"ListItem\",\"position\":5,\"name\":\"MATELAS DE LIT ARTICUL\u00c9 FLETEX\"}]},{\"@type\":\"WebSite\",\"@id\":\"https:\\\/\\\/solucionescontract.com\\\/#website\",\"url\":\"https:\\\/\\\/solucionescontract.com\\\/\",\"name\":\"Soluciones Contract\",\"description\":\"Venta Mobiliario contract de dise\u00f1o\",\"publisher\":{\"@id\":\"https:\\\/\\\/solucionescontract.com\\\/#organization\"},\"potentialAction\":[{\"@type\":\"SearchAction\",\"target\":{\"@type\":\"EntryPoint\",\"urlTemplate\":\"https:\\\/\\\/solucionescontract.com\\\/?s={search_term_string}\"},\"query-input\":{\"@type\":\"PropertyValueSpecification\",\"valueRequired\":true,\"valueName\":\"search_term_string\"}}],\"inLanguage\":\"fr-FR\"},{\"@type\":\"Organization\",\"@id\":\"https:\\\/\\\/solucionescontract.com\\\/#organization\",\"name\":\"Soluciones Contract\",\"url\":\"https:\\\/\\\/solucionescontract.com\\\/\",\"logo\":{\"@type\":\"ImageObject\",\"inLanguage\":\"fr-FR\",\"@id\":\"https:\\\/\\\/solucionescontract.com\\\/#\\\/schema\\\/logo\\\/image\\\/\",\"url\":\"https:\\\/\\\/solucionescontract.com\\\/wp-content\\\/uploads\\\/2020\\\/02\\\/logoSC.jpg\",\"contentUrl\":\"https:\\\/\\\/solucionescontract.com\\\/wp-content\\\/uploads\\\/2020\\\/02\\\/logoSC.jpg\",\"width\":300,\"height\":125,\"caption\":\"Soluciones Contract\"},\"image\":{\"@id\":\"https:\\\/\\\/solucionescontract.com\\\/#\\\/schema\\\/logo\\\/image\\\/\"},\"sameAs\":[\"https:\\\/\\\/www.facebook.com\\\/solucionescontract\\\/\"]}]}<\/script>\n<!-- \/ Yoast SEO plugin. -->","yoast_head_json":{"title":"Matelas pour lits articul\u00e9s : Matelas articul\u00e9s : Solutions contractuelles","description":"Large gamme de matelas pour lits articul\u00e9s. Matelas articul\u00e9s ergonomiques et non d\u00e9formables. Le noyau des RH. A votre domicile en 7 jours. Livraison gratuite.","robots":{"index":"index","follow":"follow","max-snippet":"max-snippet:-1","max-image-preview":"max-image-preview:large","max-video-preview":"max-video-preview:-1"},"canonical":"https:\/\/solucionescontract.com\/fr\/producto\/matelas-de-lit-articule-fletex\/","og_locale":"fr_FR","og_type":"article","og_title":"MATELAS POUR LIT ARTICUL\u00c9 FLETEX. Emportez-les !","og_description":"Matelas pour lit articul\u00e9 Fletex, noyau RH sp\u00e9cialement profil\u00e9 pour les lits articul\u00e9s, 4cm visco\u00e9lastique sur un c\u00f4t\u00e9. Ergonomique.","og_url":"https:\/\/solucionescontract.com\/fr\/producto\/matelas-de-lit-articule-fletex\/","og_site_name":"Soluciones Contract","article_publisher":"https:\/\/www.facebook.com\/solucionescontract\/","og_image":[{"url":"https:\/\/solucionescontract.com\/wp-content\/uploads\/2017\/08\/COLCHON-PARA-CAMA-ARTICULABLE-FLETEX-DETALLE.jpg","type":"","width":"","height":""}],"twitter_card":"summary_large_image","schema":{"@context":"https:\/\/schema.org","@graph":[{"@type":"WebPage","@id":"https:\/\/solucionescontract.com\/fr\/producto\/matelas-de-lit-articule-fletex\/","url":"https:\/\/solucionescontract.com\/fr\/producto\/matelas-de-lit-articule-fletex\/","name":"Matelas pour lits articul\u00e9s : Matelas articul\u00e9s : Solutions contractuelles","isPartOf":{"@id":"https:\/\/solucionescontract.com\/#website"},"primaryImageOfPage":{"@id":"https:\/\/solucionescontract.com\/fr\/producto\/matelas-de-lit-articule-fletex\/#primaryimage"},"image":{"@id":"https:\/\/solucionescontract.com\/fr\/producto\/matelas-de-lit-articule-fletex\/#primaryimage"},"thumbnailUrl":"https:\/\/solucionescontract.com\/wp-content\/uploads\/2017\/08\/COLCHON-PARA-CAMA-ARTICULABLE-FLETEX.jpg","datePublished":"2017-08-20T10:41:37+00:00","description":"Large gamme de matelas pour lits articul\u00e9s. Matelas articul\u00e9s ergonomiques et non d\u00e9formables. Le noyau des RH. A votre domicile en 7 jours. Livraison gratuite.","breadcrumb":{"@id":"https:\/\/solucionescontract.com\/fr\/producto\/matelas-de-lit-articule-fletex\/#breadcrumb"},"inLanguage":"fr-FR","potentialAction":[{"@type":"ReadAction","target":["https:\/\/solucionescontract.com\/fr\/producto\/matelas-de-lit-articule-fletex\/"]}]},{"@type":"ImageObject","inLanguage":"fr-FR","@id":"https:\/\/solucionescontract.com\/fr\/producto\/matelas-de-lit-articule-fletex\/#primaryimage","url":"https:\/\/solucionescontract.com\/wp-content\/uploads\/2017\/08\/COLCHON-PARA-CAMA-ARTICULABLE-FLETEX.jpg","contentUrl":"https:\/\/solucionescontract.com\/wp-content\/uploads\/2017\/08\/COLCHON-PARA-CAMA-ARTICULABLE-FLETEX.jpg","width":800,"height":800},{"@type":"BreadcrumbList","@id":"https:\/\/solucionescontract.com\/fr\/producto\/matelas-de-lit-articule-fletex\/#breadcrumb","itemListElement":[{"@type":"ListItem","position":1,"name":"Inicio","item":"https:\/\/solucionescontract.com\/"},{"@type":"ListItem","position":2,"name":"Tienda mobiliario contract","item":"https:\/\/solucionescontract.com\/tienda-mobiliario-contract\/"},{"@type":"ListItem","position":3,"name":"Mobiliario para Descanso","item":"https:\/\/solucionescontract.com\/categoria-producto\/mobiliario-para-descanso\/"},{"@type":"ListItem","position":4,"name":"Colchones (Producto disponible solo para usuarios registrados)","item":"https:\/\/solucionescontract.com\/categoria-producto\/mobiliario-para-descanso\/colchones-para-hotel\/"},{"@type":"ListItem","position":5,"name":"MATELAS DE LIT ARTICUL\u00c9 FLETEX"}]},{"@type":"WebSite","@id":"https:\/\/solucionescontract.com\/#website","url":"https:\/\/solucionescontract.com\/","name":"Soluciones Contract","description":"Venta Mobiliario contract de dise\u00f1o","publisher":{"@id":"https:\/\/solucionescontract.com\/#organization"},"potentialAction":[{"@type":"SearchAction","target":{"@type":"EntryPoint","urlTemplate":"https:\/\/solucionescontract.com\/?s={search_term_string}"},"query-input":{"@type":"PropertyValueSpecification","valueRequired":true,"valueName":"search_term_string"}}],"inLanguage":"fr-FR"},{"@type":"Organization","@id":"https:\/\/solucionescontract.com\/#organization","name":"Soluciones Contract","url":"https:\/\/solucionescontract.com\/","logo":{"@type":"ImageObject","inLanguage":"fr-FR","@id":"https:\/\/solucionescontract.com\/#\/schema\/logo\/image\/","url":"https:\/\/solucionescontract.com\/wp-content\/uploads\/2020\/02\/logoSC.jpg","contentUrl":"https:\/\/solucionescontract.com\/wp-content\/uploads\/2020\/02\/logoSC.jpg","width":300,"height":125,"caption":"Soluciones Contract"},"image":{"@id":"https:\/\/solucionescontract.com\/#\/schema\/logo\/image\/"},"sameAs":["https:\/\/www.facebook.com\/solucionescontract\/"]}]}},"_links":{"self":[{"href":"https:\/\/solucionescontract.com\/fr\/wp-json\/wp\/v2\/product\/21647","targetHints":{"allow":["GET"]}}],"collection":[{"href":"https:\/\/solucionescontract.com\/fr\/wp-json\/wp\/v2\/product"}],"about":[{"href":"https:\/\/solucionescontract.com\/fr\/wp-json\/wp\/v2\/types\/product"}],"replies":[{"embeddable":true,"href":"https:\/\/solucionescontract.com\/fr\/wp-json\/wp\/v2\/comments?post=21647"}],"wp:featuredmedia":[{"embeddable":true,"href":"https:\/\/solucionescontract.com\/fr\/wp-json\/wp\/v2\/media\/13486"}],"wp:attachment":[{"href":"https:\/\/solucionescontract.com\/fr\/wp-json\/wp\/v2\/media?parent=21647"}],"wp:term":[{"taxonomy":"product_brand","embeddable":true,"href":"https:\/\/solucionescontract.com\/fr\/wp-json\/wp\/v2\/product_brand?post=21647"},{"taxonomy":"product_cat","embeddable":true,"href":"https:\/\/solucionescontract.com\/fr\/wp-json\/wp\/v2\/product_cat?post=21647"},{"taxonomy":"product_tag","embeddable":true,"href":"https:\/\/solucionescontract.com\/fr\/wp-json\/wp\/v2\/product_tag?post=21647"}],"curies":[{"name":"wp","href":"https:\/\/api.w.org\/{rel}","templated":true}]}}