{"id":21618,"date":"2017-06-28T23:01:32","date_gmt":"2017-06-28T23:01:32","guid":{"rendered":"https:\/\/www.solucionescontract.com\/producto\/fauteuil-lounge-mies\/"},"modified":"2021-04-19T09:03:20","modified_gmt":"2021-04-19T09:03:20","slug":"fauteuil-lounge-mies","status":"publish","type":"product","link":"https:\/\/solucionescontract.com\/fr\/producto\/fauteuil-lounge-mies\/","title":{"rendered":"FAUTEUIL LOUNGE MIES"},"content":{"rendered":"<h2> <span style = \"font-size: 16pt;\"> <img class = \"alignnone size-medium wp-image-2801\" src = \"https:\/\/solucionescontract.com\/wp-content\/uploads\/2017\/ 06 \/ SILLON-LOUNGE-MIES-SOLUCIONES-CONTRACT-3-300x153.jpg \"alt =\" \"width =\" 300 \"height =\" 153 \"\/> <\/span> <\/h2>\n<h2> <span style = \"font-size: 16pt;\"> Galerie d&rsquo;images <\/span> <\/h2>\n<p style = \"text-align: left;\"> [metaslider id = \u00ab\u00a02807\u00a0\u00bb] <\/p>\n<p><\/script><\/p>\n","protected":false},"excerpt":{"rendered":"<ul>\n<li>Fauteuil de salon au design \u00e9l\u00e9gant, aux lignes douces et \u00e9l\u00e9gantes.<\/li>\n<li>Il se distingue par un si\u00e8ge large et tr\u00e8s confortable.<\/li>\n<li>Sa conception repose sur l&rsquo;id\u00e9e qu&rsquo;une structure l\u00e9g\u00e8re en acier satin\u00e9 fait l\u00e9viter le si\u00e8ge en cuir par rapport au sol.<\/li>\n<li>Plusieurs options de rembourrage sont disponibles.<\/li>\n<\/ul>\n<p>Profitez de votre repos.<\/p>\n<h5>V\u00e9rifiez la disponibilit\u00e9 et les prix avec le SERVICE CLIENT\u00c8LE<\/h5>\n<h5 style=\"text-align: center;\">info@solucionescontract.com<br \/>\nT\u00e9l. 981 384888<\/h5>\n","protected":false},"featured_media":13440,"comment_status":"open","ping_status":"closed","template":"","meta":[],"product_brand":[],"product_cat":[627,531],"product_tag":[655,710],"class_list":{"0":"post-21618","1":"product","2":"type-product","3":"status-publish","4":"has-post-thumbnail","6":"product_cat-fauteuil-contract","7":"product_cat-fauteuils-design","8":"product_tag-interior-fr","9":"product_tag-lounge-fr","10":"product_shipping_class-gratuit","11":"yith_product_brand-pedrali-fr","13":"first","14":"instock","15":"product-type-simple"},"yoast_head":"<!-- This site is optimized with the Yoast SEO plugin v27.3 - https:\/\/yoast.com\/product\/yoast-seo-wordpress\/ -->\n<title>FAUTEUIL LOUNGE MIES - Muebles de dise\u00f1o en Soluciones Contract<\/title>\n<meta name=\"description\" content=\"Compra FAUTEUIL LOUNGE MIES online en nuestra tienda de muebles Contract. Encuentra el mejor MOBILIARIO DE DISE\u00d1O para Hotel, Hogar y uso comercial. Descubre las mejores marcas en nuestro cat\u00e1logo.\" \/>\n<meta name=\"robots\" content=\"index, follow, max-snippet:-1, max-image-preview:large, max-video-preview:-1\" \/>\n<link rel=\"canonical\" href=\"https:\/\/solucionescontract.com\/fr\/producto\/fauteuil-lounge-mies\/\" \/>\n<meta property=\"og:locale\" content=\"fr_FR\" \/>\n<meta property=\"og:type\" content=\"article\" \/>\n<meta property=\"og:title\" content=\"FAUTEUIL LOUNGE MIES - Muebles de dise\u00f1o en Soluciones Contract\" \/>\n<meta property=\"og:description\" content=\"Compra FAUTEUIL LOUNGE MIES online en nuestra tienda de muebles Contract. Encuentra el mejor MOBILIARIO DE DISE\u00d1O para Hotel, Hogar y uso comercial. Descubre las mejores marcas en nuestro cat\u00e1logo.\" \/>\n<meta property=\"og:url\" content=\"https:\/\/solucionescontract.com\/fr\/producto\/fauteuil-lounge-mies\/\" \/>\n<meta property=\"og:site_name\" content=\"Soluciones Contract\" \/>\n<meta property=\"article:publisher\" content=\"https:\/\/www.facebook.com\/solucionescontract\/\" \/>\n<meta property=\"article:modified_time\" content=\"2021-04-19T09:03:20+00:00\" \/>\n<meta property=\"og:image\" content=\"https:\/\/solucionescontract.com\/wp-content\/uploads\/2017\/06\/SILLON-LOUNGE-MIES-BLANCO-SOLUCIONES-CONTRACT.jpg\" \/>\n\t<meta property=\"og:image:width\" content=\"1108\" \/>\n\t<meta property=\"og:image:height\" content=\"1108\" \/>\n\t<meta property=\"og:image:type\" content=\"image\/jpeg\" \/>\n<meta name=\"twitter:card\" content=\"summary_large_image\" \/>\n<script type=\"application\/ld+json\" class=\"yoast-schema-graph\">{\"@context\":\"https:\\\/\\\/schema.org\",\"@graph\":[{\"@type\":\"WebPage\",\"@id\":\"https:\\\/\\\/solucionescontract.com\\\/fr\\\/producto\\\/fauteuil-lounge-mies\\\/\",\"url\":\"https:\\\/\\\/solucionescontract.com\\\/fr\\\/producto\\\/fauteuil-lounge-mies\\\/\",\"name\":\"FAUTEUIL LOUNGE MIES - Muebles de dise\u00f1o en Soluciones Contract\",\"isPartOf\":{\"@id\":\"https:\\\/\\\/solucionescontract.com\\\/#website\"},\"primaryImageOfPage\":{\"@id\":\"https:\\\/\\\/solucionescontract.com\\\/fr\\\/producto\\\/fauteuil-lounge-mies\\\/#primaryimage\"},\"image\":{\"@id\":\"https:\\\/\\\/solucionescontract.com\\\/fr\\\/producto\\\/fauteuil-lounge-mies\\\/#primaryimage\"},\"thumbnailUrl\":\"https:\\\/\\\/solucionescontract.com\\\/wp-content\\\/uploads\\\/2017\\\/06\\\/SILLON-LOUNGE-MIES-BLANCO-SOLUCIONES-CONTRACT.jpg\",\"datePublished\":\"2017-06-28T23:01:32+00:00\",\"dateModified\":\"2021-04-19T09:03:20+00:00\",\"description\":\"Compra FAUTEUIL LOUNGE MIES online en nuestra tienda de muebles Contract. Encuentra el mejor MOBILIARIO DE DISE\u00d1O para Hotel, Hogar y uso comercial. Descubre las mejores marcas en nuestro cat\u00e1logo.\",\"breadcrumb\":{\"@id\":\"https:\\\/\\\/solucionescontract.com\\\/fr\\\/producto\\\/fauteuil-lounge-mies\\\/#breadcrumb\"},\"inLanguage\":\"fr-FR\",\"potentialAction\":[{\"@type\":\"ReadAction\",\"target\":[\"https:\\\/\\\/solucionescontract.com\\\/fr\\\/producto\\\/fauteuil-lounge-mies\\\/\"]}]},{\"@type\":\"ImageObject\",\"inLanguage\":\"fr-FR\",\"@id\":\"https:\\\/\\\/solucionescontract.com\\\/fr\\\/producto\\\/fauteuil-lounge-mies\\\/#primaryimage\",\"url\":\"https:\\\/\\\/solucionescontract.com\\\/wp-content\\\/uploads\\\/2017\\\/06\\\/SILLON-LOUNGE-MIES-BLANCO-SOLUCIONES-CONTRACT.jpg\",\"contentUrl\":\"https:\\\/\\\/solucionescontract.com\\\/wp-content\\\/uploads\\\/2017\\\/06\\\/SILLON-LOUNGE-MIES-BLANCO-SOLUCIONES-CONTRACT.jpg\",\"width\":1108,\"height\":1108},{\"@type\":\"BreadcrumbList\",\"@id\":\"https:\\\/\\\/solucionescontract.com\\\/fr\\\/producto\\\/fauteuil-lounge-mies\\\/#breadcrumb\",\"itemListElement\":[{\"@type\":\"ListItem\",\"position\":1,\"name\":\"Inicio\",\"item\":\"https:\\\/\\\/solucionescontract.com\\\/\"},{\"@type\":\"ListItem\",\"position\":2,\"name\":\"Tienda mobiliario contract\",\"item\":\"https:\\\/\\\/solucionescontract.com\\\/tienda-mobiliario-contract\\\/\"},{\"@type\":\"ListItem\",\"position\":3,\"name\":\"Salle d&#039;attente et r\u00e9ception\",\"item\":\"https:\\\/\\\/solucionescontract.com\\\/fr\\\/categoria-producto\\\/salle-dattente-et-reception\\\/\"},{\"@type\":\"ListItem\",\"position\":4,\"name\":\"Fauteuil Contract\",\"item\":\"https:\\\/\\\/solucionescontract.com\\\/fr\\\/categoria-producto\\\/salle-dattente-et-reception\\\/fauteuil-contract\\\/\"},{\"@type\":\"ListItem\",\"position\":5,\"name\":\"FAUTEUIL LOUNGE MIES\"}]},{\"@type\":\"WebSite\",\"@id\":\"https:\\\/\\\/solucionescontract.com\\\/#website\",\"url\":\"https:\\\/\\\/solucionescontract.com\\\/\",\"name\":\"Soluciones Contract\",\"description\":\"Venta Mobiliario contract de dise\u00f1o\",\"publisher\":{\"@id\":\"https:\\\/\\\/solucionescontract.com\\\/#organization\"},\"potentialAction\":[{\"@type\":\"SearchAction\",\"target\":{\"@type\":\"EntryPoint\",\"urlTemplate\":\"https:\\\/\\\/solucionescontract.com\\\/?s={search_term_string}\"},\"query-input\":{\"@type\":\"PropertyValueSpecification\",\"valueRequired\":true,\"valueName\":\"search_term_string\"}}],\"inLanguage\":\"fr-FR\"},{\"@type\":\"Organization\",\"@id\":\"https:\\\/\\\/solucionescontract.com\\\/#organization\",\"name\":\"Soluciones Contract\",\"url\":\"https:\\\/\\\/solucionescontract.com\\\/\",\"logo\":{\"@type\":\"ImageObject\",\"inLanguage\":\"fr-FR\",\"@id\":\"https:\\\/\\\/solucionescontract.com\\\/#\\\/schema\\\/logo\\\/image\\\/\",\"url\":\"https:\\\/\\\/solucionescontract.com\\\/wp-content\\\/uploads\\\/2020\\\/02\\\/logoSC.jpg\",\"contentUrl\":\"https:\\\/\\\/solucionescontract.com\\\/wp-content\\\/uploads\\\/2020\\\/02\\\/logoSC.jpg\",\"width\":300,\"height\":125,\"caption\":\"Soluciones Contract\"},\"image\":{\"@id\":\"https:\\\/\\\/solucionescontract.com\\\/#\\\/schema\\\/logo\\\/image\\\/\"},\"sameAs\":[\"https:\\\/\\\/www.facebook.com\\\/solucionescontract\\\/\"]}]}<\/script>\n<!-- \/ Yoast SEO plugin. -->","yoast_head_json":{"title":"FAUTEUIL LOUNGE MIES - Muebles de dise\u00f1o en Soluciones Contract","description":"Compra FAUTEUIL LOUNGE MIES online en nuestra tienda de muebles Contract. Encuentra el mejor MOBILIARIO DE DISE\u00d1O para Hotel, Hogar y uso comercial. Descubre las mejores marcas en nuestro cat\u00e1logo.","robots":{"index":"index","follow":"follow","max-snippet":"max-snippet:-1","max-image-preview":"max-image-preview:large","max-video-preview":"max-video-preview:-1"},"canonical":"https:\/\/solucionescontract.com\/fr\/producto\/fauteuil-lounge-mies\/","og_locale":"fr_FR","og_type":"article","og_title":"FAUTEUIL LOUNGE MIES - Muebles de dise\u00f1o en Soluciones Contract","og_description":"Compra FAUTEUIL LOUNGE MIES online en nuestra tienda de muebles Contract. Encuentra el mejor MOBILIARIO DE DISE\u00d1O para Hotel, Hogar y uso comercial. Descubre las mejores marcas en nuestro cat\u00e1logo.","og_url":"https:\/\/solucionescontract.com\/fr\/producto\/fauteuil-lounge-mies\/","og_site_name":"Soluciones Contract","article_publisher":"https:\/\/www.facebook.com\/solucionescontract\/","article_modified_time":"2021-04-19T09:03:20+00:00","og_image":[{"width":1108,"height":1108,"url":"https:\/\/solucionescontract.com\/wp-content\/uploads\/2017\/06\/SILLON-LOUNGE-MIES-BLANCO-SOLUCIONES-CONTRACT.jpg","type":"image\/jpeg"}],"twitter_card":"summary_large_image","schema":{"@context":"https:\/\/schema.org","@graph":[{"@type":"WebPage","@id":"https:\/\/solucionescontract.com\/fr\/producto\/fauteuil-lounge-mies\/","url":"https:\/\/solucionescontract.com\/fr\/producto\/fauteuil-lounge-mies\/","name":"FAUTEUIL LOUNGE MIES - Muebles de dise\u00f1o en Soluciones Contract","isPartOf":{"@id":"https:\/\/solucionescontract.com\/#website"},"primaryImageOfPage":{"@id":"https:\/\/solucionescontract.com\/fr\/producto\/fauteuil-lounge-mies\/#primaryimage"},"image":{"@id":"https:\/\/solucionescontract.com\/fr\/producto\/fauteuil-lounge-mies\/#primaryimage"},"thumbnailUrl":"https:\/\/solucionescontract.com\/wp-content\/uploads\/2017\/06\/SILLON-LOUNGE-MIES-BLANCO-SOLUCIONES-CONTRACT.jpg","datePublished":"2017-06-28T23:01:32+00:00","dateModified":"2021-04-19T09:03:20+00:00","description":"Compra FAUTEUIL LOUNGE MIES online en nuestra tienda de muebles Contract. Encuentra el mejor MOBILIARIO DE DISE\u00d1O para Hotel, Hogar y uso comercial. Descubre las mejores marcas en nuestro cat\u00e1logo.","breadcrumb":{"@id":"https:\/\/solucionescontract.com\/fr\/producto\/fauteuil-lounge-mies\/#breadcrumb"},"inLanguage":"fr-FR","potentialAction":[{"@type":"ReadAction","target":["https:\/\/solucionescontract.com\/fr\/producto\/fauteuil-lounge-mies\/"]}]},{"@type":"ImageObject","inLanguage":"fr-FR","@id":"https:\/\/solucionescontract.com\/fr\/producto\/fauteuil-lounge-mies\/#primaryimage","url":"https:\/\/solucionescontract.com\/wp-content\/uploads\/2017\/06\/SILLON-LOUNGE-MIES-BLANCO-SOLUCIONES-CONTRACT.jpg","contentUrl":"https:\/\/solucionescontract.com\/wp-content\/uploads\/2017\/06\/SILLON-LOUNGE-MIES-BLANCO-SOLUCIONES-CONTRACT.jpg","width":1108,"height":1108},{"@type":"BreadcrumbList","@id":"https:\/\/solucionescontract.com\/fr\/producto\/fauteuil-lounge-mies\/#breadcrumb","itemListElement":[{"@type":"ListItem","position":1,"name":"Inicio","item":"https:\/\/solucionescontract.com\/"},{"@type":"ListItem","position":2,"name":"Tienda mobiliario contract","item":"https:\/\/solucionescontract.com\/tienda-mobiliario-contract\/"},{"@type":"ListItem","position":3,"name":"Salle d&#039;attente et r\u00e9ception","item":"https:\/\/solucionescontract.com\/fr\/categoria-producto\/salle-dattente-et-reception\/"},{"@type":"ListItem","position":4,"name":"Fauteuil Contract","item":"https:\/\/solucionescontract.com\/fr\/categoria-producto\/salle-dattente-et-reception\/fauteuil-contract\/"},{"@type":"ListItem","position":5,"name":"FAUTEUIL LOUNGE MIES"}]},{"@type":"WebSite","@id":"https:\/\/solucionescontract.com\/#website","url":"https:\/\/solucionescontract.com\/","name":"Soluciones Contract","description":"Venta Mobiliario contract de dise\u00f1o","publisher":{"@id":"https:\/\/solucionescontract.com\/#organization"},"potentialAction":[{"@type":"SearchAction","target":{"@type":"EntryPoint","urlTemplate":"https:\/\/solucionescontract.com\/?s={search_term_string}"},"query-input":{"@type":"PropertyValueSpecification","valueRequired":true,"valueName":"search_term_string"}}],"inLanguage":"fr-FR"},{"@type":"Organization","@id":"https:\/\/solucionescontract.com\/#organization","name":"Soluciones Contract","url":"https:\/\/solucionescontract.com\/","logo":{"@type":"ImageObject","inLanguage":"fr-FR","@id":"https:\/\/solucionescontract.com\/#\/schema\/logo\/image\/","url":"https:\/\/solucionescontract.com\/wp-content\/uploads\/2020\/02\/logoSC.jpg","contentUrl":"https:\/\/solucionescontract.com\/wp-content\/uploads\/2020\/02\/logoSC.jpg","width":300,"height":125,"caption":"Soluciones Contract"},"image":{"@id":"https:\/\/solucionescontract.com\/#\/schema\/logo\/image\/"},"sameAs":["https:\/\/www.facebook.com\/solucionescontract\/"]}]}},"_links":{"self":[{"href":"https:\/\/solucionescontract.com\/fr\/wp-json\/wp\/v2\/product\/21618","targetHints":{"allow":["GET"]}}],"collection":[{"href":"https:\/\/solucionescontract.com\/fr\/wp-json\/wp\/v2\/product"}],"about":[{"href":"https:\/\/solucionescontract.com\/fr\/wp-json\/wp\/v2\/types\/product"}],"replies":[{"embeddable":true,"href":"https:\/\/solucionescontract.com\/fr\/wp-json\/wp\/v2\/comments?post=21618"}],"wp:featuredmedia":[{"embeddable":true,"href":"https:\/\/solucionescontract.com\/fr\/wp-json\/wp\/v2\/media\/13440"}],"wp:attachment":[{"href":"https:\/\/solucionescontract.com\/fr\/wp-json\/wp\/v2\/media?parent=21618"}],"wp:term":[{"taxonomy":"product_brand","embeddable":true,"href":"https:\/\/solucionescontract.com\/fr\/wp-json\/wp\/v2\/product_brand?post=21618"},{"taxonomy":"product_cat","embeddable":true,"href":"https:\/\/solucionescontract.com\/fr\/wp-json\/wp\/v2\/product_cat?post=21618"},{"taxonomy":"product_tag","embeddable":true,"href":"https:\/\/solucionescontract.com\/fr\/wp-json\/wp\/v2\/product_tag?post=21618"}],"curies":[{"name":"wp","href":"https:\/\/api.w.org\/{rel}","templated":true}]}}