{"id":21544,"date":"2017-06-12T22:32:48","date_gmt":"2017-06-12T22:32:48","guid":{"rendered":"https:\/\/www.solucionescontract.com\/producto\/tableau-togo\/"},"modified":"2017-06-12T22:32:48","modified_gmt":"2017-06-12T22:32:48","slug":"tableau-togo","status":"publish","type":"product","link":"https:\/\/solucionescontract.com\/fr\/producto\/tableau-togo\/","title":{"rendered":"TABLEAU TOGO"},"content":{"rendered":"<h3>TABLEAU TOGO, dimensions:<\/h3>\n<p><img decoding=\"async\" class=\" wd-lazy-fade alignnone wp-image-2646 \" src=\"https:\/\/solucionescontract.com\/wp-content\/themes\/woodmart\/images\/lazy.svg\" data-src=\"https:\/\/solucionescontract.com\/wp-content\/uploads\/2017\/06\/Ficha-tecnica-mesa-togo.jpg\" alt=\"\" width=\"506\" height=\"180\" srcset=\"\" data-srcset=\"https:\/\/solucionescontract.com\/wp-content\/uploads\/2017\/06\/Ficha-tecnica-mesa-togo.jpg 768w, https:\/\/solucionescontract.com\/wp-content\/uploads\/2017\/06\/Ficha-tecnica-mesa-togo-150x53.jpg 150w, https:\/\/solucionescontract.com\/wp-content\/uploads\/2017\/06\/Ficha-tecnica-mesa-togo-504x179.jpg 504w, https:\/\/solucionescontract.com\/wp-content\/uploads\/2017\/06\/Ficha-tecnica-mesa-togo-300x107.jpg 300w, https:\/\/solucionescontract.com\/wp-content\/uploads\/2017\/06\/Ficha-tecnica-mesa-togo-232x82.jpg 232w, https:\/\/solucionescontract.com\/wp-content\/uploads\/2017\/06\/Ficha-tecnica-mesa-togo-350x124.jpg 350w, https:\/\/solucionescontract.com\/wp-content\/uploads\/2017\/06\/Ficha-tecnica-mesa-togo-600x213.jpg 600w\" sizes=\"(max-width: 506px) 100vw, 506px\" \/><\/p>\n<h4>Autres tailles disponibles:<\/h4>\n<p><img decoding=\"async\" class=\" wd-lazy-fade alignnone wp-image-2673 \" src=\"https:\/\/solucionescontract.com\/wp-content\/themes\/woodmart\/images\/lazy.svg\" data-src=\"https:\/\/solucionescontract.com\/wp-content\/uploads\/2017\/06\/Pedrali-Togo-dimensiones-1024x132.jpg\" alt=\"\" width=\"746\" height=\"96\" srcset=\"\" data-srcset=\"https:\/\/solucionescontract.com\/wp-content\/uploads\/2017\/06\/Pedrali-Togo-dimensiones-1024x132.jpg 1024w, https:\/\/solucionescontract.com\/wp-content\/uploads\/2017\/06\/Pedrali-Togo-dimensiones-150x19.jpg 150w, https:\/\/solucionescontract.com\/wp-content\/uploads\/2017\/06\/Pedrali-Togo-dimensiones-800x103.jpg 800w, https:\/\/solucionescontract.com\/wp-content\/uploads\/2017\/06\/Pedrali-Togo-dimensiones-300x39.jpg 300w, https:\/\/solucionescontract.com\/wp-content\/uploads\/2017\/06\/Pedrali-Togo-dimensiones-768x99.jpg 768w, https:\/\/solucionescontract.com\/wp-content\/uploads\/2017\/06\/Pedrali-Togo-dimensiones-232x30.jpg 232w, https:\/\/solucionescontract.com\/wp-content\/uploads\/2017\/06\/Pedrali-Togo-dimensiones-350x45.jpg 350w, https:\/\/solucionescontract.com\/wp-content\/uploads\/2017\/06\/Pedrali-Togo-dimensiones-600x77.jpg 600w, https:\/\/solucionescontract.com\/wp-content\/uploads\/2017\/06\/Pedrali-Togo-dimensiones.jpg 1241w\" sizes=\"(max-width: 746px) 100vw, 746px\" \/><\/script><\/p>\n","protected":false},"excerpt":{"rendered":"<ul>\n<li>Tableau minimaliste avec des formes carr\u00e9es.<\/li>\n<li>Il se caract\u00e9rise par son image propre \u00e9tant une table apte \u00e0 d\u00e9corer chaque lieu avec une grande personnalit\u00e9.<\/li>\n<li>Les pieds sont en aluminium extrud\u00e9 (satin\u00e9 ou vernis) et, gr\u00e2ce \u00e0 des plaques d&rsquo;aluminium moul\u00e9, ils peuvent accueillir des enveloppes de diff\u00e9rentes tailles.<\/li>\n<li>plateau de table compact lamin\u00e9 12mm.<\/li>\n<li>Hauteur 720mm.<\/li>\n<\/ul>\n<p>Il offre un large \u00e9ventail de possibilit\u00e9s en termes de dimensions et de finitions. <a href=\"https:\/\/solucionescontract.com\/fr\/contact-us\/\"><strong>Consultez notre service client\u00e8le<\/strong><\/a>.<\/p>\n","protected":false},"featured_media":13420,"comment_status":"open","ping_status":"closed","template":"","meta":[],"product_brand":[],"product_cat":[569,575],"product_tag":[],"class_list":{"0":"post-21544","1":"product","2":"type-product","3":"status-publish","4":"has-post-thumbnail","6":"product_cat-conception-de-tables","7":"product_cat-table-de-bureau","8":"product_shipping_class-gratuit","9":"yith_product_brand-pedrali-fr","11":"first","12":"instock","13":"taxable","14":"shipping-taxable","15":"purchasable","16":"product-type-variable"},"yoast_head":"<!-- This site is optimized with the Yoast SEO plugin v27.3 - https:\/\/yoast.com\/product\/yoast-seo-wordpress\/ -->\n<title>TABLEAU TOGO - Muebles de dise\u00f1o en Soluciones Contract<\/title>\n<meta name=\"description\" content=\"Compra TABLEAU TOGO online en nuestra tienda de muebles Contract. Encuentra el mejor MOBILIARIO DE DISE\u00d1O para Hotel, Hogar y uso comercial. Descubre las mejores marcas en nuestro cat\u00e1logo.\" \/>\n<meta name=\"robots\" content=\"index, follow, max-snippet:-1, max-image-preview:large, max-video-preview:-1\" \/>\n<link rel=\"canonical\" href=\"https:\/\/solucionescontract.com\/producto\/mesa-togo\/\" \/>\n<meta property=\"og:locale\" content=\"fr_FR\" \/>\n<meta property=\"og:type\" content=\"article\" \/>\n<meta property=\"og:title\" content=\"TABLEAU TOGO - Muebles de dise\u00f1o en Soluciones Contract\" \/>\n<meta property=\"og:description\" content=\"Compra TABLEAU TOGO online en nuestra tienda de muebles Contract. Encuentra el mejor MOBILIARIO DE DISE\u00d1O para Hotel, Hogar y uso comercial. Descubre las mejores marcas en nuestro cat\u00e1logo.\" \/>\n<meta property=\"og:url\" content=\"https:\/\/solucionescontract.com\/producto\/mesa-togo\/\" \/>\n<meta property=\"og:site_name\" content=\"Soluciones Contract\" \/>\n<meta property=\"article:publisher\" content=\"https:\/\/www.facebook.com\/solucionescontract\/\" \/>\n<meta property=\"og:image\" content=\"https:\/\/solucionescontract.com\/wp-content\/uploads\/2017\/06\/Mesa-Togo-Pedrali_soluciones-contract-6.jpg\" \/>\n\t<meta property=\"og:image:width\" content=\"800\" \/>\n\t<meta property=\"og:image:height\" content=\"800\" \/>\n\t<meta property=\"og:image:type\" content=\"image\/jpeg\" \/>\n<meta name=\"twitter:card\" content=\"summary_large_image\" \/>\n<script type=\"application\/ld+json\" class=\"yoast-schema-graph\">{\"@context\":\"https:\\\/\\\/schema.org\",\"@graph\":[{\"@type\":\"WebPage\",\"@id\":\"https:\\\/\\\/solucionescontract.com\\\/producto\\\/mesa-togo\\\/\",\"url\":\"https:\\\/\\\/solucionescontract.com\\\/producto\\\/mesa-togo\\\/\",\"name\":\"TABLEAU TOGO - Muebles de dise\u00f1o en Soluciones Contract\",\"isPartOf\":{\"@id\":\"https:\\\/\\\/solucionescontract.com\\\/#website\"},\"primaryImageOfPage\":{\"@id\":\"https:\\\/\\\/solucionescontract.com\\\/producto\\\/mesa-togo\\\/#primaryimage\"},\"image\":{\"@id\":\"https:\\\/\\\/solucionescontract.com\\\/producto\\\/mesa-togo\\\/#primaryimage\"},\"thumbnailUrl\":\"https:\\\/\\\/solucionescontract.com\\\/wp-content\\\/uploads\\\/2017\\\/06\\\/Mesa-Togo-Pedrali_soluciones-contract-6.jpg\",\"datePublished\":\"2017-06-12T22:32:48+00:00\",\"description\":\"Compra TABLEAU TOGO online en nuestra tienda de muebles Contract. Encuentra el mejor MOBILIARIO DE DISE\u00d1O para Hotel, Hogar y uso comercial. Descubre las mejores marcas en nuestro cat\u00e1logo.\",\"breadcrumb\":{\"@id\":\"https:\\\/\\\/solucionescontract.com\\\/producto\\\/mesa-togo\\\/#breadcrumb\"},\"inLanguage\":\"fr-FR\",\"potentialAction\":[{\"@type\":\"ReadAction\",\"target\":[\"https:\\\/\\\/solucionescontract.com\\\/producto\\\/mesa-togo\\\/\"]}]},{\"@type\":\"ImageObject\",\"inLanguage\":\"fr-FR\",\"@id\":\"https:\\\/\\\/solucionescontract.com\\\/producto\\\/mesa-togo\\\/#primaryimage\",\"url\":\"https:\\\/\\\/solucionescontract.com\\\/wp-content\\\/uploads\\\/2017\\\/06\\\/Mesa-Togo-Pedrali_soluciones-contract-6.jpg\",\"contentUrl\":\"https:\\\/\\\/solucionescontract.com\\\/wp-content\\\/uploads\\\/2017\\\/06\\\/Mesa-Togo-Pedrali_soluciones-contract-6.jpg\",\"width\":800,\"height\":800},{\"@type\":\"BreadcrumbList\",\"@id\":\"https:\\\/\\\/solucionescontract.com\\\/producto\\\/mesa-togo\\\/#breadcrumb\",\"itemListElement\":[{\"@type\":\"ListItem\",\"position\":1,\"name\":\"Inicio\",\"item\":\"https:\\\/\\\/solucionescontract.com\\\/\"},{\"@type\":\"ListItem\",\"position\":2,\"name\":\"Tienda mobiliario contract\",\"item\":\"https:\\\/\\\/solucionescontract.com\\\/tienda-mobiliario-contract\\\/\"},{\"@type\":\"ListItem\",\"position\":3,\"name\":\"Mesas de dise\u00f1o\",\"item\":\"https:\\\/\\\/solucionescontract.com\\\/categoria-producto\\\/mesas-de-diseno\\\/\"},{\"@type\":\"ListItem\",\"position\":4,\"name\":\"Mesa de oficina\",\"item\":\"https:\\\/\\\/solucionescontract.com\\\/categoria-producto\\\/mesas-de-diseno\\\/mesa-de-oficina\\\/\"},{\"@type\":\"ListItem\",\"position\":5,\"name\":\"TABLEAU TOGO\"}]},{\"@type\":\"WebSite\",\"@id\":\"https:\\\/\\\/solucionescontract.com\\\/#website\",\"url\":\"https:\\\/\\\/solucionescontract.com\\\/\",\"name\":\"Soluciones Contract\",\"description\":\"Venta Mobiliario contract de dise\u00f1o\",\"publisher\":{\"@id\":\"https:\\\/\\\/solucionescontract.com\\\/#organization\"},\"potentialAction\":[{\"@type\":\"SearchAction\",\"target\":{\"@type\":\"EntryPoint\",\"urlTemplate\":\"https:\\\/\\\/solucionescontract.com\\\/?s={search_term_string}\"},\"query-input\":{\"@type\":\"PropertyValueSpecification\",\"valueRequired\":true,\"valueName\":\"search_term_string\"}}],\"inLanguage\":\"fr-FR\"},{\"@type\":\"Organization\",\"@id\":\"https:\\\/\\\/solucionescontract.com\\\/#organization\",\"name\":\"Soluciones Contract\",\"url\":\"https:\\\/\\\/solucionescontract.com\\\/\",\"logo\":{\"@type\":\"ImageObject\",\"inLanguage\":\"fr-FR\",\"@id\":\"https:\\\/\\\/solucionescontract.com\\\/#\\\/schema\\\/logo\\\/image\\\/\",\"url\":\"https:\\\/\\\/solucionescontract.com\\\/wp-content\\\/uploads\\\/2020\\\/02\\\/logoSC.jpg\",\"contentUrl\":\"https:\\\/\\\/solucionescontract.com\\\/wp-content\\\/uploads\\\/2020\\\/02\\\/logoSC.jpg\",\"width\":300,\"height\":125,\"caption\":\"Soluciones Contract\"},\"image\":{\"@id\":\"https:\\\/\\\/solucionescontract.com\\\/#\\\/schema\\\/logo\\\/image\\\/\"},\"sameAs\":[\"https:\\\/\\\/www.facebook.com\\\/solucionescontract\\\/\"]}]}<\/script>\n<!-- \/ Yoast SEO plugin. -->","yoast_head_json":{"title":"TABLEAU TOGO - Muebles de dise\u00f1o en Soluciones Contract","description":"Compra TABLEAU TOGO online en nuestra tienda de muebles Contract. Encuentra el mejor MOBILIARIO DE DISE\u00d1O para Hotel, Hogar y uso comercial. Descubre las mejores marcas en nuestro cat\u00e1logo.","robots":{"index":"index","follow":"follow","max-snippet":"max-snippet:-1","max-image-preview":"max-image-preview:large","max-video-preview":"max-video-preview:-1"},"canonical":"https:\/\/solucionescontract.com\/producto\/mesa-togo\/","og_locale":"fr_FR","og_type":"article","og_title":"TABLEAU TOGO - Muebles de dise\u00f1o en Soluciones Contract","og_description":"Compra TABLEAU TOGO online en nuestra tienda de muebles Contract. Encuentra el mejor MOBILIARIO DE DISE\u00d1O para Hotel, Hogar y uso comercial. Descubre las mejores marcas en nuestro cat\u00e1logo.","og_url":"https:\/\/solucionescontract.com\/producto\/mesa-togo\/","og_site_name":"Soluciones Contract","article_publisher":"https:\/\/www.facebook.com\/solucionescontract\/","og_image":[{"width":800,"height":800,"url":"https:\/\/solucionescontract.com\/wp-content\/uploads\/2017\/06\/Mesa-Togo-Pedrali_soluciones-contract-6.jpg","type":"image\/jpeg"}],"twitter_card":"summary_large_image","schema":{"@context":"https:\/\/schema.org","@graph":[{"@type":"WebPage","@id":"https:\/\/solucionescontract.com\/producto\/mesa-togo\/","url":"https:\/\/solucionescontract.com\/producto\/mesa-togo\/","name":"TABLEAU TOGO - Muebles de dise\u00f1o en Soluciones Contract","isPartOf":{"@id":"https:\/\/solucionescontract.com\/#website"},"primaryImageOfPage":{"@id":"https:\/\/solucionescontract.com\/producto\/mesa-togo\/#primaryimage"},"image":{"@id":"https:\/\/solucionescontract.com\/producto\/mesa-togo\/#primaryimage"},"thumbnailUrl":"https:\/\/solucionescontract.com\/wp-content\/uploads\/2017\/06\/Mesa-Togo-Pedrali_soluciones-contract-6.jpg","datePublished":"2017-06-12T22:32:48+00:00","description":"Compra TABLEAU TOGO online en nuestra tienda de muebles Contract. Encuentra el mejor MOBILIARIO DE DISE\u00d1O para Hotel, Hogar y uso comercial. Descubre las mejores marcas en nuestro cat\u00e1logo.","breadcrumb":{"@id":"https:\/\/solucionescontract.com\/producto\/mesa-togo\/#breadcrumb"},"inLanguage":"fr-FR","potentialAction":[{"@type":"ReadAction","target":["https:\/\/solucionescontract.com\/producto\/mesa-togo\/"]}]},{"@type":"ImageObject","inLanguage":"fr-FR","@id":"https:\/\/solucionescontract.com\/producto\/mesa-togo\/#primaryimage","url":"https:\/\/solucionescontract.com\/wp-content\/uploads\/2017\/06\/Mesa-Togo-Pedrali_soluciones-contract-6.jpg","contentUrl":"https:\/\/solucionescontract.com\/wp-content\/uploads\/2017\/06\/Mesa-Togo-Pedrali_soluciones-contract-6.jpg","width":800,"height":800},{"@type":"BreadcrumbList","@id":"https:\/\/solucionescontract.com\/producto\/mesa-togo\/#breadcrumb","itemListElement":[{"@type":"ListItem","position":1,"name":"Inicio","item":"https:\/\/solucionescontract.com\/"},{"@type":"ListItem","position":2,"name":"Tienda mobiliario contract","item":"https:\/\/solucionescontract.com\/tienda-mobiliario-contract\/"},{"@type":"ListItem","position":3,"name":"Mesas de dise\u00f1o","item":"https:\/\/solucionescontract.com\/categoria-producto\/mesas-de-diseno\/"},{"@type":"ListItem","position":4,"name":"Mesa de oficina","item":"https:\/\/solucionescontract.com\/categoria-producto\/mesas-de-diseno\/mesa-de-oficina\/"},{"@type":"ListItem","position":5,"name":"TABLEAU TOGO"}]},{"@type":"WebSite","@id":"https:\/\/solucionescontract.com\/#website","url":"https:\/\/solucionescontract.com\/","name":"Soluciones Contract","description":"Venta Mobiliario contract de dise\u00f1o","publisher":{"@id":"https:\/\/solucionescontract.com\/#organization"},"potentialAction":[{"@type":"SearchAction","target":{"@type":"EntryPoint","urlTemplate":"https:\/\/solucionescontract.com\/?s={search_term_string}"},"query-input":{"@type":"PropertyValueSpecification","valueRequired":true,"valueName":"search_term_string"}}],"inLanguage":"fr-FR"},{"@type":"Organization","@id":"https:\/\/solucionescontract.com\/#organization","name":"Soluciones Contract","url":"https:\/\/solucionescontract.com\/","logo":{"@type":"ImageObject","inLanguage":"fr-FR","@id":"https:\/\/solucionescontract.com\/#\/schema\/logo\/image\/","url":"https:\/\/solucionescontract.com\/wp-content\/uploads\/2020\/02\/logoSC.jpg","contentUrl":"https:\/\/solucionescontract.com\/wp-content\/uploads\/2020\/02\/logoSC.jpg","width":300,"height":125,"caption":"Soluciones Contract"},"image":{"@id":"https:\/\/solucionescontract.com\/#\/schema\/logo\/image\/"},"sameAs":["https:\/\/www.facebook.com\/solucionescontract\/"]}]}},"_links":{"self":[{"href":"https:\/\/solucionescontract.com\/fr\/wp-json\/wp\/v2\/product\/21544","targetHints":{"allow":["GET"]}}],"collection":[{"href":"https:\/\/solucionescontract.com\/fr\/wp-json\/wp\/v2\/product"}],"about":[{"href":"https:\/\/solucionescontract.com\/fr\/wp-json\/wp\/v2\/types\/product"}],"replies":[{"embeddable":true,"href":"https:\/\/solucionescontract.com\/fr\/wp-json\/wp\/v2\/comments?post=21544"}],"wp:featuredmedia":[{"embeddable":true,"href":"https:\/\/solucionescontract.com\/fr\/wp-json\/wp\/v2\/media\/13420"}],"wp:attachment":[{"href":"https:\/\/solucionescontract.com\/fr\/wp-json\/wp\/v2\/media?parent=21544"}],"wp:term":[{"taxonomy":"product_brand","embeddable":true,"href":"https:\/\/solucionescontract.com\/fr\/wp-json\/wp\/v2\/product_brand?post=21544"},{"taxonomy":"product_cat","embeddable":true,"href":"https:\/\/solucionescontract.com\/fr\/wp-json\/wp\/v2\/product_cat?post=21544"},{"taxonomy":"product_tag","embeddable":true,"href":"https:\/\/solucionescontract.com\/fr\/wp-json\/wp\/v2\/product_tag?post=21544"}],"curies":[{"name":"wp","href":"https:\/\/api.w.org\/{rel}","templated":true}]}}