{"id":21522,"date":"2017-06-02T22:50:35","date_gmt":"2017-06-02T22:50:35","guid":{"rendered":"https:\/\/www.solucionescontract.com\/producto\/table-de-terrasse-snow\/"},"modified":"2017-06-02T22:50:35","modified_gmt":"2017-06-02T22:50:35","slug":"table-de-terrasse-snow","status":"publish","type":"product","link":"https:\/\/solucionescontract.com\/fr\/producto\/table-de-terrasse-snow\/","title":{"rendered":"TABLE DE TERRASSE SNOW"},"content":{"rendered":"<p><img decoding=\"async\" class=\" wd-lazy-fade alignnone wp-image-2612\" src=\"https:\/\/solucionescontract.com\/wp-content\/themes\/woodmart\/images\/lazy.svg\" data-src=\"https:\/\/solucionescontract.com\/wp-content\/uploads\/2017\/06\/Ficha-tecnica-SNOW.jpg\" alt=\"\" width=\"400\" height=\"199\" srcset=\"\" data-srcset=\"https:\/\/solucionescontract.com\/wp-content\/uploads\/2017\/06\/Ficha-tecnica-SNOW.jpg 800w, https:\/\/solucionescontract.com\/wp-content\/uploads\/2017\/06\/Ficha-tecnica-SNOW-150x75.jpg 150w, https:\/\/solucionescontract.com\/wp-content\/uploads\/2017\/06\/Ficha-tecnica-SNOW-300x149.jpg 300w, https:\/\/solucionescontract.com\/wp-content\/uploads\/2017\/06\/Ficha-tecnica-SNOW-768x382.jpg 768w, https:\/\/solucionescontract.com\/wp-content\/uploads\/2017\/06\/Ficha-tecnica-SNOW-232x115.jpg 232w, https:\/\/solucionescontract.com\/wp-content\/uploads\/2017\/06\/Ficha-tecnica-SNOW-350x174.jpg 350w, https:\/\/solucionescontract.com\/wp-content\/uploads\/2017\/06\/Ficha-tecnica-SNOW-600x299.jpg 600w\" sizes=\"(max-width: 400px) 100vw, 400px\" \/><\/script><\/p>\n","protected":false},"excerpt":{"rendered":"<ul>\n<li>La table de terrasse Snow est n\u00e9e de l&rsquo;id\u00e9e de combiner une table avec la chaise Snow, transmettant les m\u00eames sensations de dynamisme et de fonctionnalit\u00e9.<\/li>\n<li>La table a un plateau en polypropyl\u00e8ne inject\u00e9 avec une technique de moulage par air comprim\u00e9 au gaz, les pieds sont en aluminium extrud\u00e9.<\/li>\n<li>Il est id\u00e9al pour l&rsquo;int\u00e9rieur et l&rsquo;ext\u00e9rieur, et est actuellement disponible en blanc.<\/li>\n<\/ul>\n","protected":false},"featured_media":13358,"comment_status":"open","ping_status":"closed","template":"","meta":[],"product_brand":[],"product_cat":[569,607,577,587],"product_tag":[679,754],"class_list":{"0":"post-21522","1":"product","2":"type-product","3":"status-publish","4":"has-post-thumbnail","6":"product_cat-conception-de-tables","7":"product_cat-meubles-pour-lhotellerie","8":"product_cat-tables-de-restauration","9":"product_cat-tables-de-terrasse","10":"product_tag-exterior-interior","11":"product_tag-polipropileno-fr","12":"product_shipping_class-gratuit","13":"yith_product_brand-pedrali-fr","15":"first","16":"instock","17":"taxable","18":"shipping-taxable","19":"purchasable","20":"product-type-variable"},"yoast_head":"<!-- This site is optimized with the Yoast SEO plugin v27.4 - https:\/\/yoast.com\/product\/yoast-seo-wordpress\/ -->\n<title>TABLE DE TERRASSE SNOW - Muebles de dise\u00f1o en Soluciones Contract<\/title>\n<meta name=\"description\" content=\"Compra TABLE DE TERRASSE SNOW online en nuestra tienda de muebles Contract. Encuentra el mejor MOBILIARIO DE DISE\u00d1O para Hotel, Hogar y uso comercial. Descubre las mejores marcas en nuestro cat\u00e1logo.\" \/>\n<meta name=\"robots\" content=\"index, follow, max-snippet:-1, max-image-preview:large, max-video-preview:-1\" \/>\n<link rel=\"canonical\" href=\"https:\/\/solucionescontract.com\/producto\/mesa-terraza-snow\/\" \/>\n<meta property=\"og:locale\" content=\"fr_FR\" \/>\n<meta property=\"og:type\" content=\"article\" \/>\n<meta property=\"og:title\" content=\"TABLE DE TERRASSE SNOW - Muebles de dise\u00f1o en Soluciones Contract\" \/>\n<meta property=\"og:description\" content=\"Compra TABLE DE TERRASSE SNOW online en nuestra tienda de muebles Contract. Encuentra el mejor MOBILIARIO DE DISE\u00d1O para Hotel, Hogar y uso comercial. Descubre las mejores marcas en nuestro cat\u00e1logo.\" \/>\n<meta property=\"og:url\" content=\"https:\/\/solucionescontract.com\/producto\/mesa-terraza-snow\/\" \/>\n<meta property=\"og:site_name\" content=\"Soluciones Contract\" \/>\n<meta property=\"article:publisher\" content=\"https:\/\/www.facebook.com\/solucionescontract\/\" \/>\n<meta property=\"og:image\" content=\"https:\/\/solucionescontract.com\/wp-content\/uploads\/2017\/06\/Mesa-snow-pedral_beigei.jpg\" \/>\n\t<meta property=\"og:image:width\" content=\"800\" \/>\n\t<meta property=\"og:image:height\" content=\"801\" \/>\n\t<meta property=\"og:image:type\" content=\"image\/jpeg\" \/>\n<meta name=\"twitter:card\" content=\"summary_large_image\" \/>\n<script type=\"application\/ld+json\" class=\"yoast-schema-graph\">{\"@context\":\"https:\\\/\\\/schema.org\",\"@graph\":[{\"@type\":\"WebPage\",\"@id\":\"https:\\\/\\\/solucionescontract.com\\\/producto\\\/mesa-terraza-snow\\\/\",\"url\":\"https:\\\/\\\/solucionescontract.com\\\/producto\\\/mesa-terraza-snow\\\/\",\"name\":\"TABLE DE TERRASSE SNOW - Muebles de dise\u00f1o en Soluciones Contract\",\"isPartOf\":{\"@id\":\"https:\\\/\\\/solucionescontract.com\\\/#website\"},\"primaryImageOfPage\":{\"@id\":\"https:\\\/\\\/solucionescontract.com\\\/producto\\\/mesa-terraza-snow\\\/#primaryimage\"},\"image\":{\"@id\":\"https:\\\/\\\/solucionescontract.com\\\/producto\\\/mesa-terraza-snow\\\/#primaryimage\"},\"thumbnailUrl\":\"https:\\\/\\\/solucionescontract.com\\\/wp-content\\\/uploads\\\/2017\\\/06\\\/Mesa-snow-pedral_beigei.jpg\",\"datePublished\":\"2017-06-02T22:50:35+00:00\",\"description\":\"Compra TABLE DE TERRASSE SNOW online en nuestra tienda de muebles Contract. Encuentra el mejor MOBILIARIO DE DISE\u00d1O para Hotel, Hogar y uso comercial. Descubre las mejores marcas en nuestro cat\u00e1logo.\",\"breadcrumb\":{\"@id\":\"https:\\\/\\\/solucionescontract.com\\\/producto\\\/mesa-terraza-snow\\\/#breadcrumb\"},\"inLanguage\":\"fr-FR\",\"potentialAction\":[{\"@type\":\"ReadAction\",\"target\":[\"https:\\\/\\\/solucionescontract.com\\\/producto\\\/mesa-terraza-snow\\\/\"]}]},{\"@type\":\"ImageObject\",\"inLanguage\":\"fr-FR\",\"@id\":\"https:\\\/\\\/solucionescontract.com\\\/producto\\\/mesa-terraza-snow\\\/#primaryimage\",\"url\":\"https:\\\/\\\/solucionescontract.com\\\/wp-content\\\/uploads\\\/2017\\\/06\\\/Mesa-snow-pedral_beigei.jpg\",\"contentUrl\":\"https:\\\/\\\/solucionescontract.com\\\/wp-content\\\/uploads\\\/2017\\\/06\\\/Mesa-snow-pedral_beigei.jpg\",\"width\":800,\"height\":801},{\"@type\":\"BreadcrumbList\",\"@id\":\"https:\\\/\\\/solucionescontract.com\\\/producto\\\/mesa-terraza-snow\\\/#breadcrumb\",\"itemListElement\":[{\"@type\":\"ListItem\",\"position\":1,\"name\":\"Inicio\",\"item\":\"https:\\\/\\\/solucionescontract.com\\\/\"},{\"@type\":\"ListItem\",\"position\":2,\"name\":\"Tienda mobiliario contract\",\"item\":\"https:\\\/\\\/solucionescontract.com\\\/tienda-mobiliario-contract\\\/\"},{\"@type\":\"ListItem\",\"position\":3,\"name\":\"Mesas de dise\u00f1o\",\"item\":\"https:\\\/\\\/solucionescontract.com\\\/categoria-producto\\\/mesas-de-diseno\\\/\"},{\"@type\":\"ListItem\",\"position\":4,\"name\":\"Mesas Hosteler\u00eda\",\"item\":\"https:\\\/\\\/solucionescontract.com\\\/categoria-producto\\\/mesas-de-diseno\\\/mesas-hosteleria\\\/\"},{\"@type\":\"ListItem\",\"position\":5,\"name\":\"TABLE DE TERRASSE SNOW\"}]},{\"@type\":\"WebSite\",\"@id\":\"https:\\\/\\\/solucionescontract.com\\\/#website\",\"url\":\"https:\\\/\\\/solucionescontract.com\\\/\",\"name\":\"Soluciones Contract\",\"description\":\"Venta Mobiliario contract de dise\u00f1o\",\"publisher\":{\"@id\":\"https:\\\/\\\/solucionescontract.com\\\/#organization\"},\"potentialAction\":[{\"@type\":\"SearchAction\",\"target\":{\"@type\":\"EntryPoint\",\"urlTemplate\":\"https:\\\/\\\/solucionescontract.com\\\/?s={search_term_string}\"},\"query-input\":{\"@type\":\"PropertyValueSpecification\",\"valueRequired\":true,\"valueName\":\"search_term_string\"}}],\"inLanguage\":\"fr-FR\"},{\"@type\":\"Organization\",\"@id\":\"https:\\\/\\\/solucionescontract.com\\\/#organization\",\"name\":\"Soluciones Contract\",\"url\":\"https:\\\/\\\/solucionescontract.com\\\/\",\"logo\":{\"@type\":\"ImageObject\",\"inLanguage\":\"fr-FR\",\"@id\":\"https:\\\/\\\/solucionescontract.com\\\/#\\\/schema\\\/logo\\\/image\\\/\",\"url\":\"https:\\\/\\\/solucionescontract.com\\\/wp-content\\\/uploads\\\/2020\\\/02\\\/logoSC.jpg\",\"contentUrl\":\"https:\\\/\\\/solucionescontract.com\\\/wp-content\\\/uploads\\\/2020\\\/02\\\/logoSC.jpg\",\"width\":300,\"height\":125,\"caption\":\"Soluciones Contract\"},\"image\":{\"@id\":\"https:\\\/\\\/solucionescontract.com\\\/#\\\/schema\\\/logo\\\/image\\\/\"},\"sameAs\":[\"https:\\\/\\\/www.facebook.com\\\/solucionescontract\\\/\"]}]}<\/script>\n<!-- \/ Yoast SEO plugin. -->","yoast_head_json":{"title":"TABLE DE TERRASSE SNOW - Muebles de dise\u00f1o en Soluciones Contract","description":"Compra TABLE DE TERRASSE SNOW online en nuestra tienda de muebles Contract. Encuentra el mejor MOBILIARIO DE DISE\u00d1O para Hotel, Hogar y uso comercial. Descubre las mejores marcas en nuestro cat\u00e1logo.","robots":{"index":"index","follow":"follow","max-snippet":"max-snippet:-1","max-image-preview":"max-image-preview:large","max-video-preview":"max-video-preview:-1"},"canonical":"https:\/\/solucionescontract.com\/producto\/mesa-terraza-snow\/","og_locale":"fr_FR","og_type":"article","og_title":"TABLE DE TERRASSE SNOW - Muebles de dise\u00f1o en Soluciones Contract","og_description":"Compra TABLE DE TERRASSE SNOW online en nuestra tienda de muebles Contract. Encuentra el mejor MOBILIARIO DE DISE\u00d1O para Hotel, Hogar y uso comercial. Descubre las mejores marcas en nuestro cat\u00e1logo.","og_url":"https:\/\/solucionescontract.com\/producto\/mesa-terraza-snow\/","og_site_name":"Soluciones Contract","article_publisher":"https:\/\/www.facebook.com\/solucionescontract\/","og_image":[{"width":800,"height":801,"url":"https:\/\/solucionescontract.com\/wp-content\/uploads\/2017\/06\/Mesa-snow-pedral_beigei.jpg","type":"image\/jpeg"}],"twitter_card":"summary_large_image","schema":{"@context":"https:\/\/schema.org","@graph":[{"@type":"WebPage","@id":"https:\/\/solucionescontract.com\/producto\/mesa-terraza-snow\/","url":"https:\/\/solucionescontract.com\/producto\/mesa-terraza-snow\/","name":"TABLE DE TERRASSE SNOW - Muebles de dise\u00f1o en Soluciones Contract","isPartOf":{"@id":"https:\/\/solucionescontract.com\/#website"},"primaryImageOfPage":{"@id":"https:\/\/solucionescontract.com\/producto\/mesa-terraza-snow\/#primaryimage"},"image":{"@id":"https:\/\/solucionescontract.com\/producto\/mesa-terraza-snow\/#primaryimage"},"thumbnailUrl":"https:\/\/solucionescontract.com\/wp-content\/uploads\/2017\/06\/Mesa-snow-pedral_beigei.jpg","datePublished":"2017-06-02T22:50:35+00:00","description":"Compra TABLE DE TERRASSE SNOW online en nuestra tienda de muebles Contract. Encuentra el mejor MOBILIARIO DE DISE\u00d1O para Hotel, Hogar y uso comercial. Descubre las mejores marcas en nuestro cat\u00e1logo.","breadcrumb":{"@id":"https:\/\/solucionescontract.com\/producto\/mesa-terraza-snow\/#breadcrumb"},"inLanguage":"fr-FR","potentialAction":[{"@type":"ReadAction","target":["https:\/\/solucionescontract.com\/producto\/mesa-terraza-snow\/"]}]},{"@type":"ImageObject","inLanguage":"fr-FR","@id":"https:\/\/solucionescontract.com\/producto\/mesa-terraza-snow\/#primaryimage","url":"https:\/\/solucionescontract.com\/wp-content\/uploads\/2017\/06\/Mesa-snow-pedral_beigei.jpg","contentUrl":"https:\/\/solucionescontract.com\/wp-content\/uploads\/2017\/06\/Mesa-snow-pedral_beigei.jpg","width":800,"height":801},{"@type":"BreadcrumbList","@id":"https:\/\/solucionescontract.com\/producto\/mesa-terraza-snow\/#breadcrumb","itemListElement":[{"@type":"ListItem","position":1,"name":"Inicio","item":"https:\/\/solucionescontract.com\/"},{"@type":"ListItem","position":2,"name":"Tienda mobiliario contract","item":"https:\/\/solucionescontract.com\/tienda-mobiliario-contract\/"},{"@type":"ListItem","position":3,"name":"Mesas de dise\u00f1o","item":"https:\/\/solucionescontract.com\/categoria-producto\/mesas-de-diseno\/"},{"@type":"ListItem","position":4,"name":"Mesas Hosteler\u00eda","item":"https:\/\/solucionescontract.com\/categoria-producto\/mesas-de-diseno\/mesas-hosteleria\/"},{"@type":"ListItem","position":5,"name":"TABLE DE TERRASSE SNOW"}]},{"@type":"WebSite","@id":"https:\/\/solucionescontract.com\/#website","url":"https:\/\/solucionescontract.com\/","name":"Soluciones Contract","description":"Venta Mobiliario contract de dise\u00f1o","publisher":{"@id":"https:\/\/solucionescontract.com\/#organization"},"potentialAction":[{"@type":"SearchAction","target":{"@type":"EntryPoint","urlTemplate":"https:\/\/solucionescontract.com\/?s={search_term_string}"},"query-input":{"@type":"PropertyValueSpecification","valueRequired":true,"valueName":"search_term_string"}}],"inLanguage":"fr-FR"},{"@type":"Organization","@id":"https:\/\/solucionescontract.com\/#organization","name":"Soluciones Contract","url":"https:\/\/solucionescontract.com\/","logo":{"@type":"ImageObject","inLanguage":"fr-FR","@id":"https:\/\/solucionescontract.com\/#\/schema\/logo\/image\/","url":"https:\/\/solucionescontract.com\/wp-content\/uploads\/2020\/02\/logoSC.jpg","contentUrl":"https:\/\/solucionescontract.com\/wp-content\/uploads\/2020\/02\/logoSC.jpg","width":300,"height":125,"caption":"Soluciones Contract"},"image":{"@id":"https:\/\/solucionescontract.com\/#\/schema\/logo\/image\/"},"sameAs":["https:\/\/www.facebook.com\/solucionescontract\/"]}]}},"_links":{"self":[{"href":"https:\/\/solucionescontract.com\/fr\/wp-json\/wp\/v2\/product\/21522","targetHints":{"allow":["GET"]}}],"collection":[{"href":"https:\/\/solucionescontract.com\/fr\/wp-json\/wp\/v2\/product"}],"about":[{"href":"https:\/\/solucionescontract.com\/fr\/wp-json\/wp\/v2\/types\/product"}],"replies":[{"embeddable":true,"href":"https:\/\/solucionescontract.com\/fr\/wp-json\/wp\/v2\/comments?post=21522"}],"wp:featuredmedia":[{"embeddable":true,"href":"https:\/\/solucionescontract.com\/fr\/wp-json\/wp\/v2\/media\/13358"}],"wp:attachment":[{"href":"https:\/\/solucionescontract.com\/fr\/wp-json\/wp\/v2\/media?parent=21522"}],"wp:term":[{"taxonomy":"product_brand","embeddable":true,"href":"https:\/\/solucionescontract.com\/fr\/wp-json\/wp\/v2\/product_brand?post=21522"},{"taxonomy":"product_cat","embeddable":true,"href":"https:\/\/solucionescontract.com\/fr\/wp-json\/wp\/v2\/product_cat?post=21522"},{"taxonomy":"product_tag","embeddable":true,"href":"https:\/\/solucionescontract.com\/fr\/wp-json\/wp\/v2\/product_tag?post=21522"}],"curies":[{"name":"wp","href":"https:\/\/api.w.org\/{rel}","templated":true}]}}