{"id":21514,"date":"2017-06-02T11:17:21","date_gmt":"2017-06-02T11:17:21","guid":{"rendered":"https:\/\/www.solucionescontract.com\/producto\/fauteuil-en-polycarbonate-pasha-600\/"},"modified":"2021-04-16T11:36:16","modified_gmt":"2021-04-16T11:36:16","slug":"fauteuil-en-polycarbonate-pasha-600","status":"publish","type":"product","link":"https:\/\/solucionescontract.com\/fr\/producto\/fauteuil-en-polycarbonate-pasha-600\/","title":{"rendered":"FAUTEUIL EN POLYCARBONATE PASHA 600"},"content":{"rendered":"<p><img decoding=\"async\" class=\" wd-lazy-fade alignnone wp-image-2604\" src=\"https:\/\/solucionescontract.com\/wp-content\/themes\/woodmart\/images\/lazy.svg\" data-src=\"https:\/\/solucionescontract.com\/wp-content\/uploads\/2017\/06\/Ficha-tecnica.jpg\" alt=\"\" width=\"500\" height=\"218\" srcset=\"\" data-srcset=\"https:\/\/solucionescontract.com\/wp-content\/uploads\/2017\/06\/Ficha-tecnica.jpg 704w, https:\/\/solucionescontract.com\/wp-content\/uploads\/2017\/06\/Ficha-tecnica-150x65.jpg 150w, https:\/\/solucionescontract.com\/wp-content\/uploads\/2017\/06\/Ficha-tecnica-504x220.jpg 504w, https:\/\/solucionescontract.com\/wp-content\/uploads\/2017\/06\/Ficha-tecnica-300x131.jpg 300w, https:\/\/solucionescontract.com\/wp-content\/uploads\/2017\/06\/Ficha-tecnica-232x101.jpg 232w, https:\/\/solucionescontract.com\/wp-content\/uploads\/2017\/06\/Ficha-tecnica-350x153.jpg 350w, https:\/\/solucionescontract.com\/wp-content\/uploads\/2017\/06\/Ficha-tecnica-600x262.jpg 600w\" sizes=\"(max-width: 500px) 100vw, 500px\" \/><\/script><\/p>\n","protected":false},"excerpt":{"rendered":"<ul>\n<li>Le canap\u00e9 Pasha est enti\u00e8rement fabriqu\u00e9 en polycarbonate avec une finition brillante, un mat\u00e9riau r\u00e9sistant adapt\u00e9 \u00e0 tout environnement.<\/li>\n<li>Ses formes classiques nous s\u00e9duisent, associ\u00e9es \u00e0 des mat\u00e9riaux modernes, m\u00e9lange de tradition et d&rsquo;innovation.<\/li>\n<li>C&rsquo;est un produit extr\u00eamement polyvalent, adapt\u00e9 aux restaurants, aux terrasses de salon, \u00e0 la d\u00e9tente dans les zones commerciales,&#8230;<\/li>\n<li>Hauteur du si\u00e8ge 430 mm.<\/li>\n<li>Convient pour un usage ext\u00e9rieur (sauf en noir)<\/li>\n<li>Coussin disponible, consultez le prix et les finitions<\/li>\n<\/ul>\n","protected":false},"featured_media":13338,"comment_status":"open","ping_status":"closed","template":"","meta":[],"product_brand":[],"product_cat":[627,583,531,581],"product_tag":[756,679,710],"class_list":{"0":"post-21514","1":"product","2":"type-product","3":"status-publish","4":"has-post-thumbnail","6":"product_cat-fauteuil-contract","7":"product_cat-fauteuil-de-jardin","8":"product_cat-fauteuils-design","9":"product_cat-meubles-de-terrasse-et-de-jardin","10":"product_tag-sillas-y-sillones-de-diseno-fr","11":"product_tag-exterior-interior","12":"product_tag-lounge-fr","13":"product_shipping_class-gratuit","14":"yith_product_brand-pedrali-fr","16":"first","17":"instock","18":"featured","19":"taxable","20":"shipping-taxable","21":"purchasable","22":"product-type-variable"},"yoast_head":"<!-- This site is optimized with the Yoast SEO plugin v27.4 - https:\/\/yoast.com\/product\/yoast-seo-wordpress\/ -->\n<title>Fauteuil en polycarbonate 600 pacha. Fauteuil de salon pour la terrasse et l&#039;int\u00e9rieur<\/title>\n<meta name=\"description\" content=\"Fauteuil en polycarbonate inspir\u00e9 des formes classiques. Extr\u00eamement polyvalent et \u00e9l\u00e9gant, il convient aux terrasses et aux int\u00e9rieurs, aux h\u00f4tels, aux pubs, aux magasins...\" \/>\n<meta name=\"robots\" content=\"index, follow, max-snippet:-1, max-image-preview:large, max-video-preview:-1\" \/>\n<link rel=\"canonical\" href=\"https:\/\/solucionescontract.com\/producto\/sillon-pasha-660\/\" \/>\n<meta property=\"og:locale\" content=\"fr_FR\" \/>\n<meta property=\"og:type\" content=\"article\" \/>\n<meta property=\"og:title\" content=\"FAUTEUIL EN POLYCARBONATE PASHA 600. Fauteuil pour la terrasse et l&#039;int\u00e9rieur.\" \/>\n<meta property=\"og:description\" content=\"Fauteuil en polycarbonate inspir\u00e9 des formes classiques. Extr\u00eamement polyvalent et \u00e9l\u00e9gant. Convient aux terrasses et aux int\u00e9rieurs, aux commerces, aux logements, aux h\u00f4tels, aux bars...\" \/>\n<meta property=\"og:url\" content=\"https:\/\/solucionescontract.com\/producto\/sillon-pasha-660\/\" \/>\n<meta property=\"og:site_name\" content=\"Soluciones Contract\" \/>\n<meta property=\"article:publisher\" content=\"https:\/\/www.facebook.com\/solucionescontract\/\" \/>\n<meta property=\"article:modified_time\" content=\"2021-04-16T11:36:16+00:00\" \/>\n<meta property=\"og:image\" content=\"https:\/\/solucionescontract.com\/wp-content\/uploads\/2016\/01\/Pedrali_PASHA_660_NE-1.jpg\" \/>\n<meta name=\"twitter:card\" content=\"summary_large_image\" \/>\n<script type=\"application\/ld+json\" class=\"yoast-schema-graph\">{\"@context\":\"https:\\\/\\\/schema.org\",\"@graph\":[{\"@type\":\"WebPage\",\"@id\":\"https:\\\/\\\/solucionescontract.com\\\/producto\\\/sillon-pasha-660\\\/\",\"url\":\"https:\\\/\\\/solucionescontract.com\\\/producto\\\/sillon-pasha-660\\\/\",\"name\":\"Fauteuil en polycarbonate 600 pacha. Fauteuil de salon pour la terrasse et l'int\u00e9rieur\",\"isPartOf\":{\"@id\":\"https:\\\/\\\/solucionescontract.com\\\/#website\"},\"primaryImageOfPage\":{\"@id\":\"https:\\\/\\\/solucionescontract.com\\\/producto\\\/sillon-pasha-660\\\/#primaryimage\"},\"image\":{\"@id\":\"https:\\\/\\\/solucionescontract.com\\\/producto\\\/sillon-pasha-660\\\/#primaryimage\"},\"thumbnailUrl\":\"https:\\\/\\\/solucionescontract.com\\\/wp-content\\\/uploads\\\/2016\\\/01\\\/Pedrali_PASHA_660_NE-1.jpg\",\"datePublished\":\"2017-06-02T11:17:21+00:00\",\"dateModified\":\"2021-04-16T11:36:16+00:00\",\"description\":\"Fauteuil en polycarbonate inspir\u00e9 des formes classiques. Extr\u00eamement polyvalent et \u00e9l\u00e9gant, il convient aux terrasses et aux int\u00e9rieurs, aux h\u00f4tels, aux pubs, aux magasins...\",\"breadcrumb\":{\"@id\":\"https:\\\/\\\/solucionescontract.com\\\/producto\\\/sillon-pasha-660\\\/#breadcrumb\"},\"inLanguage\":\"fr-FR\",\"potentialAction\":[{\"@type\":\"ReadAction\",\"target\":[\"https:\\\/\\\/solucionescontract.com\\\/producto\\\/sillon-pasha-660\\\/\"]}]},{\"@type\":\"ImageObject\",\"inLanguage\":\"fr-FR\",\"@id\":\"https:\\\/\\\/solucionescontract.com\\\/producto\\\/sillon-pasha-660\\\/#primaryimage\",\"url\":\"https:\\\/\\\/solucionescontract.com\\\/wp-content\\\/uploads\\\/2016\\\/01\\\/Pedrali_PASHA_660_NE-1.jpg\",\"contentUrl\":\"https:\\\/\\\/solucionescontract.com\\\/wp-content\\\/uploads\\\/2016\\\/01\\\/Pedrali_PASHA_660_NE-1.jpg\",\"width\":800,\"height\":800},{\"@type\":\"BreadcrumbList\",\"@id\":\"https:\\\/\\\/solucionescontract.com\\\/producto\\\/sillon-pasha-660\\\/#breadcrumb\",\"itemListElement\":[{\"@type\":\"ListItem\",\"position\":1,\"name\":\"Inicio\",\"item\":\"https:\\\/\\\/solucionescontract.com\\\/\"},{\"@type\":\"ListItem\",\"position\":2,\"name\":\"Tienda mobiliario contract\",\"item\":\"https:\\\/\\\/solucionescontract.com\\\/tienda-mobiliario-contract\\\/\"},{\"@type\":\"ListItem\",\"position\":3,\"name\":\"Asientos Contract\",\"item\":\"https:\\\/\\\/solucionescontract.com\\\/categoria-producto\\\/asientos-para-contract\\\/\"},{\"@type\":\"ListItem\",\"position\":4,\"name\":\"Sof\u00e1s de dise\u00f1o\",\"item\":\"https:\\\/\\\/solucionescontract.com\\\/categoria-producto\\\/asientos-para-contract\\\/sofas-de-diseno\\\/\"},{\"@type\":\"ListItem\",\"position\":5,\"name\":\"Sillones\",\"item\":\"https:\\\/\\\/solucionescontract.com\\\/categoria-producto\\\/asientos-para-contract\\\/sofas-de-diseno\\\/sillones-contract\\\/\"},{\"@type\":\"ListItem\",\"position\":6,\"name\":\"FAUTEUIL EN POLYCARBONATE PASHA 600\"}]},{\"@type\":\"WebSite\",\"@id\":\"https:\\\/\\\/solucionescontract.com\\\/#website\",\"url\":\"https:\\\/\\\/solucionescontract.com\\\/\",\"name\":\"Soluciones Contract\",\"description\":\"Venta Mobiliario contract de dise\u00f1o\",\"publisher\":{\"@id\":\"https:\\\/\\\/solucionescontract.com\\\/#organization\"},\"potentialAction\":[{\"@type\":\"SearchAction\",\"target\":{\"@type\":\"EntryPoint\",\"urlTemplate\":\"https:\\\/\\\/solucionescontract.com\\\/?s={search_term_string}\"},\"query-input\":{\"@type\":\"PropertyValueSpecification\",\"valueRequired\":true,\"valueName\":\"search_term_string\"}}],\"inLanguage\":\"fr-FR\"},{\"@type\":\"Organization\",\"@id\":\"https:\\\/\\\/solucionescontract.com\\\/#organization\",\"name\":\"Soluciones Contract\",\"url\":\"https:\\\/\\\/solucionescontract.com\\\/\",\"logo\":{\"@type\":\"ImageObject\",\"inLanguage\":\"fr-FR\",\"@id\":\"https:\\\/\\\/solucionescontract.com\\\/#\\\/schema\\\/logo\\\/image\\\/\",\"url\":\"https:\\\/\\\/solucionescontract.com\\\/wp-content\\\/uploads\\\/2020\\\/02\\\/logoSC.jpg\",\"contentUrl\":\"https:\\\/\\\/solucionescontract.com\\\/wp-content\\\/uploads\\\/2020\\\/02\\\/logoSC.jpg\",\"width\":300,\"height\":125,\"caption\":\"Soluciones Contract\"},\"image\":{\"@id\":\"https:\\\/\\\/solucionescontract.com\\\/#\\\/schema\\\/logo\\\/image\\\/\"},\"sameAs\":[\"https:\\\/\\\/www.facebook.com\\\/solucionescontract\\\/\"]}]}<\/script>\n<!-- \/ Yoast SEO plugin. -->","yoast_head_json":{"title":"Fauteuil en polycarbonate 600 pacha. Fauteuil de salon pour la terrasse et l'int\u00e9rieur","description":"Fauteuil en polycarbonate inspir\u00e9 des formes classiques. Extr\u00eamement polyvalent et \u00e9l\u00e9gant, il convient aux terrasses et aux int\u00e9rieurs, aux h\u00f4tels, aux pubs, aux magasins...","robots":{"index":"index","follow":"follow","max-snippet":"max-snippet:-1","max-image-preview":"max-image-preview:large","max-video-preview":"max-video-preview:-1"},"canonical":"https:\/\/solucionescontract.com\/producto\/sillon-pasha-660\/","og_locale":"fr_FR","og_type":"article","og_title":"FAUTEUIL EN POLYCARBONATE PASHA 600. Fauteuil pour la terrasse et l'int\u00e9rieur.","og_description":"Fauteuil en polycarbonate inspir\u00e9 des formes classiques. Extr\u00eamement polyvalent et \u00e9l\u00e9gant. Convient aux terrasses et aux int\u00e9rieurs, aux commerces, aux logements, aux h\u00f4tels, aux bars...","og_url":"https:\/\/solucionescontract.com\/producto\/sillon-pasha-660\/","og_site_name":"Soluciones Contract","article_publisher":"https:\/\/www.facebook.com\/solucionescontract\/","article_modified_time":"2021-04-16T11:36:16+00:00","og_image":[{"url":"https:\/\/solucionescontract.com\/wp-content\/uploads\/2016\/01\/Pedrali_PASHA_660_NE-1.jpg","type":"","width":"","height":""}],"twitter_card":"summary_large_image","schema":{"@context":"https:\/\/schema.org","@graph":[{"@type":"WebPage","@id":"https:\/\/solucionescontract.com\/producto\/sillon-pasha-660\/","url":"https:\/\/solucionescontract.com\/producto\/sillon-pasha-660\/","name":"Fauteuil en polycarbonate 600 pacha. Fauteuil de salon pour la terrasse et l'int\u00e9rieur","isPartOf":{"@id":"https:\/\/solucionescontract.com\/#website"},"primaryImageOfPage":{"@id":"https:\/\/solucionescontract.com\/producto\/sillon-pasha-660\/#primaryimage"},"image":{"@id":"https:\/\/solucionescontract.com\/producto\/sillon-pasha-660\/#primaryimage"},"thumbnailUrl":"https:\/\/solucionescontract.com\/wp-content\/uploads\/2016\/01\/Pedrali_PASHA_660_NE-1.jpg","datePublished":"2017-06-02T11:17:21+00:00","dateModified":"2021-04-16T11:36:16+00:00","description":"Fauteuil en polycarbonate inspir\u00e9 des formes classiques. Extr\u00eamement polyvalent et \u00e9l\u00e9gant, il convient aux terrasses et aux int\u00e9rieurs, aux h\u00f4tels, aux pubs, aux magasins...","breadcrumb":{"@id":"https:\/\/solucionescontract.com\/producto\/sillon-pasha-660\/#breadcrumb"},"inLanguage":"fr-FR","potentialAction":[{"@type":"ReadAction","target":["https:\/\/solucionescontract.com\/producto\/sillon-pasha-660\/"]}]},{"@type":"ImageObject","inLanguage":"fr-FR","@id":"https:\/\/solucionescontract.com\/producto\/sillon-pasha-660\/#primaryimage","url":"https:\/\/solucionescontract.com\/wp-content\/uploads\/2016\/01\/Pedrali_PASHA_660_NE-1.jpg","contentUrl":"https:\/\/solucionescontract.com\/wp-content\/uploads\/2016\/01\/Pedrali_PASHA_660_NE-1.jpg","width":800,"height":800},{"@type":"BreadcrumbList","@id":"https:\/\/solucionescontract.com\/producto\/sillon-pasha-660\/#breadcrumb","itemListElement":[{"@type":"ListItem","position":1,"name":"Inicio","item":"https:\/\/solucionescontract.com\/"},{"@type":"ListItem","position":2,"name":"Tienda mobiliario contract","item":"https:\/\/solucionescontract.com\/tienda-mobiliario-contract\/"},{"@type":"ListItem","position":3,"name":"Asientos Contract","item":"https:\/\/solucionescontract.com\/categoria-producto\/asientos-para-contract\/"},{"@type":"ListItem","position":4,"name":"Sof\u00e1s de dise\u00f1o","item":"https:\/\/solucionescontract.com\/categoria-producto\/asientos-para-contract\/sofas-de-diseno\/"},{"@type":"ListItem","position":5,"name":"Sillones","item":"https:\/\/solucionescontract.com\/categoria-producto\/asientos-para-contract\/sofas-de-diseno\/sillones-contract\/"},{"@type":"ListItem","position":6,"name":"FAUTEUIL EN POLYCARBONATE PASHA 600"}]},{"@type":"WebSite","@id":"https:\/\/solucionescontract.com\/#website","url":"https:\/\/solucionescontract.com\/","name":"Soluciones Contract","description":"Venta Mobiliario contract de dise\u00f1o","publisher":{"@id":"https:\/\/solucionescontract.com\/#organization"},"potentialAction":[{"@type":"SearchAction","target":{"@type":"EntryPoint","urlTemplate":"https:\/\/solucionescontract.com\/?s={search_term_string}"},"query-input":{"@type":"PropertyValueSpecification","valueRequired":true,"valueName":"search_term_string"}}],"inLanguage":"fr-FR"},{"@type":"Organization","@id":"https:\/\/solucionescontract.com\/#organization","name":"Soluciones Contract","url":"https:\/\/solucionescontract.com\/","logo":{"@type":"ImageObject","inLanguage":"fr-FR","@id":"https:\/\/solucionescontract.com\/#\/schema\/logo\/image\/","url":"https:\/\/solucionescontract.com\/wp-content\/uploads\/2020\/02\/logoSC.jpg","contentUrl":"https:\/\/solucionescontract.com\/wp-content\/uploads\/2020\/02\/logoSC.jpg","width":300,"height":125,"caption":"Soluciones Contract"},"image":{"@id":"https:\/\/solucionescontract.com\/#\/schema\/logo\/image\/"},"sameAs":["https:\/\/www.facebook.com\/solucionescontract\/"]}]}},"_links":{"self":[{"href":"https:\/\/solucionescontract.com\/fr\/wp-json\/wp\/v2\/product\/21514","targetHints":{"allow":["GET"]}}],"collection":[{"href":"https:\/\/solucionescontract.com\/fr\/wp-json\/wp\/v2\/product"}],"about":[{"href":"https:\/\/solucionescontract.com\/fr\/wp-json\/wp\/v2\/types\/product"}],"replies":[{"embeddable":true,"href":"https:\/\/solucionescontract.com\/fr\/wp-json\/wp\/v2\/comments?post=21514"}],"wp:featuredmedia":[{"embeddable":true,"href":"https:\/\/solucionescontract.com\/fr\/wp-json\/wp\/v2\/media\/13338"}],"wp:attachment":[{"href":"https:\/\/solucionescontract.com\/fr\/wp-json\/wp\/v2\/media?parent=21514"}],"wp:term":[{"taxonomy":"product_brand","embeddable":true,"href":"https:\/\/solucionescontract.com\/fr\/wp-json\/wp\/v2\/product_brand?post=21514"},{"taxonomy":"product_cat","embeddable":true,"href":"https:\/\/solucionescontract.com\/fr\/wp-json\/wp\/v2\/product_cat?post=21514"},{"taxonomy":"product_tag","embeddable":true,"href":"https:\/\/solucionescontract.com\/fr\/wp-json\/wp\/v2\/product_tag?post=21514"}],"curies":[{"name":"wp","href":"https:\/\/api.w.org\/{rel}","templated":true}]}}