{"id":21501,"date":"2017-05-14T21:06:38","date_gmt":"2017-05-14T21:06:38","guid":{"rendered":"https:\/\/www.solucionescontract.com\/producto\/chaise-queen\/"},"modified":"2025-09-29T17:11:52","modified_gmt":"2025-09-29T16:11:52","slug":"chaise-queen","status":"publish","type":"product","link":"https:\/\/solucionescontract.com\/fr\/producto\/chaise-queen\/","title":{"rendered":"CHAISE QUEEN"},"content":{"rendered":"<p><img decoding=\"async\" class=\" wd-lazy-fade alignnone wp-image-2526 size-full\" src=\"https:\/\/solucionescontract.com\/wp-content\/themes\/woodmart\/images\/lazy.svg\" data-src=\"https:\/\/solucionescontract.com\/wp-content\/uploads\/2016\/01\/FIcha-tecnica.jpg\" alt=\"\" width=\"785\" height=\"245\" srcset=\"\" data-srcset=\"https:\/\/solucionescontract.com\/wp-content\/uploads\/2016\/01\/FIcha-tecnica.jpg 785w, https:\/\/solucionescontract.com\/wp-content\/uploads\/2016\/01\/FIcha-tecnica-150x47.jpg 150w, https:\/\/solucionescontract.com\/wp-content\/uploads\/2016\/01\/FIcha-tecnica-504x157.jpg 504w, https:\/\/solucionescontract.com\/wp-content\/uploads\/2016\/01\/FIcha-tecnica-300x94.jpg 300w, https:\/\/solucionescontract.com\/wp-content\/uploads\/2016\/01\/FIcha-tecnica-768x240.jpg 768w, https:\/\/solucionescontract.com\/wp-content\/uploads\/2016\/01\/FIcha-tecnica-232x72.jpg 232w, https:\/\/solucionescontract.com\/wp-content\/uploads\/2016\/01\/FIcha-tecnica-350x109.jpg 350w, https:\/\/solucionescontract.com\/wp-content\/uploads\/2016\/01\/FIcha-tecnica-600x187.jpg 600w\" sizes=\"(max-width: 785px) 100vw, 785px\" \/><\/script><\/p>\n","protected":false},"excerpt":{"rendered":"<ul>\n<li>La chaise Queen est enti\u00e8rement fabriqu\u00e9e en polycarbonate, un mat\u00e9riau r\u00e9sistant qui convient \u00e0 tout environnement.<\/li>\n<li>Sa forme rappelle les lignes n\u00e9o-classiques et peut \u00eatre plac\u00e9e dans des cadres tr\u00e8s \u00e9l\u00e9gants et formels, en particulier dans les versions aux couleurs opaques qui rappellent l&rsquo;id\u00e9e de la laque brillante.<\/li>\n<li>Hauteur du si\u00e8ge 480mm.<\/li>\n<li>Convient pour l&rsquo;ext\u00e9rieur (le noir n&rsquo;est pas recommand\u00e9 pour cet usage) \/ Int\u00e9rieur<\/li>\n<li>Empilable<\/li>\n<\/ul>\n<p>(Commande minimum de 4 unit\u00e9s).<\/p>\n","protected":false},"featured_media":13322,"comment_status":"open","ping_status":"closed","template":"","meta":[],"product_brand":[],"product_cat":[535,589,607],"product_tag":[655,756,686,701],"class_list":{"0":"post-21501","1":"product","2":"type-product","3":"status-publish","4":"has-post-thumbnail","6":"product_cat-chaises-contractuelles","7":"product_cat-chaises-de-terrasse","8":"product_cat-meubles-pour-lhotellerie","9":"product_tag-interior-fr","10":"product_tag-sillas-y-sillones-de-diseno-fr","11":"product_tag-apilable-fr","12":"product_tag-exterior-fr","13":"product_shipping_class-gratuit","14":"yith_product_brand-pedrali-fr","16":"first","17":"instock","18":"taxable","19":"shipping-taxable","20":"purchasable","21":"product-type-variable"},"yoast_head":"<!-- This site is optimized with the Yoast SEO plugin v27.4 - https:\/\/yoast.com\/product\/yoast-seo-wordpress\/ -->\n<title>Chaise \u00e9l\u00e9gante de Plastic mod\u00e8le Queen pour l&#039;int\u00e9rieur et l&#039;ext\u00e9rieur<\/title>\n<meta name=\"description\" content=\"\u00c9l\u00e9gante chaise Queen en polycarbonate, r\u00e9sistante pour l&#039;int\u00e9rieur et l&#039;ext\u00e9rieur. Lignes n\u00e9o-classiques adapt\u00e9es \u00e0 des lieux tr\u00e8s \u00e9l\u00e9gants et formels,\" \/>\n<meta name=\"robots\" content=\"index, follow, max-snippet:-1, max-image-preview:large, max-video-preview:-1\" \/>\n<link rel=\"canonical\" href=\"https:\/\/solucionescontract.com\/fr\/producto\/chaise-queen\/\" \/>\n<meta property=\"og:locale\" content=\"fr_FR\" \/>\n<meta property=\"og:type\" content=\"article\" \/>\n<meta property=\"og:title\" content=\"Chaise \u00e9l\u00e9gante de Plastic mod\u00e8le Queen pour l&#039;int\u00e9rieur et l&#039;ext\u00e9rieur\" \/>\n<meta property=\"og:description\" content=\"\u00c9l\u00e9gante chaise Queen en polycarbonate, r\u00e9sistante pour l&#039;int\u00e9rieur et l&#039;ext\u00e9rieur. Lignes n\u00e9o-classiques adapt\u00e9es \u00e0 des lieux tr\u00e8s \u00e9l\u00e9gants et formels,\" \/>\n<meta property=\"og:url\" content=\"https:\/\/solucionescontract.com\/fr\/producto\/chaise-queen\/\" \/>\n<meta property=\"og:site_name\" content=\"Soluciones Contract\" \/>\n<meta property=\"article:publisher\" content=\"https:\/\/www.facebook.com\/solucionescontract\/\" \/>\n<meta property=\"article:modified_time\" content=\"2025-09-29T16:11:52+00:00\" \/>\n<meta property=\"og:image\" content=\"https:\/\/solucionescontract.com\/wp-content\/uploads\/2016\/01\/Pedrali_QUEEN_650_FU_low.jpg\" \/>\n\t<meta property=\"og:image:width\" content=\"800\" \/>\n\t<meta property=\"og:image:height\" content=\"800\" \/>\n\t<meta property=\"og:image:type\" content=\"image\/jpeg\" \/>\n<meta name=\"twitter:card\" content=\"summary_large_image\" \/>\n<script type=\"application\/ld+json\" class=\"yoast-schema-graph\">{\"@context\":\"https:\\\/\\\/schema.org\",\"@graph\":[{\"@type\":\"WebPage\",\"@id\":\"https:\\\/\\\/solucionescontract.com\\\/fr\\\/producto\\\/chaise-queen\\\/\",\"url\":\"https:\\\/\\\/solucionescontract.com\\\/fr\\\/producto\\\/chaise-queen\\\/\",\"name\":\"Chaise \u00e9l\u00e9gante de Plastic mod\u00e8le Queen pour l'int\u00e9rieur et l'ext\u00e9rieur\",\"isPartOf\":{\"@id\":\"https:\\\/\\\/solucionescontract.com\\\/#website\"},\"primaryImageOfPage\":{\"@id\":\"https:\\\/\\\/solucionescontract.com\\\/fr\\\/producto\\\/chaise-queen\\\/#primaryimage\"},\"image\":{\"@id\":\"https:\\\/\\\/solucionescontract.com\\\/fr\\\/producto\\\/chaise-queen\\\/#primaryimage\"},\"thumbnailUrl\":\"https:\\\/\\\/solucionescontract.com\\\/wp-content\\\/uploads\\\/2016\\\/01\\\/Pedrali_QUEEN_650_FU_low.jpg\",\"datePublished\":\"2017-05-14T21:06:38+00:00\",\"dateModified\":\"2025-09-29T16:11:52+00:00\",\"description\":\"\u00c9l\u00e9gante chaise Queen en polycarbonate, r\u00e9sistante pour l'int\u00e9rieur et l'ext\u00e9rieur. Lignes n\u00e9o-classiques adapt\u00e9es \u00e0 des lieux tr\u00e8s \u00e9l\u00e9gants et formels,\",\"breadcrumb\":{\"@id\":\"https:\\\/\\\/solucionescontract.com\\\/fr\\\/producto\\\/chaise-queen\\\/#breadcrumb\"},\"inLanguage\":\"fr-FR\",\"potentialAction\":[{\"@type\":\"ReadAction\",\"target\":[\"https:\\\/\\\/solucionescontract.com\\\/fr\\\/producto\\\/chaise-queen\\\/\"]}]},{\"@type\":\"ImageObject\",\"inLanguage\":\"fr-FR\",\"@id\":\"https:\\\/\\\/solucionescontract.com\\\/fr\\\/producto\\\/chaise-queen\\\/#primaryimage\",\"url\":\"https:\\\/\\\/solucionescontract.com\\\/wp-content\\\/uploads\\\/2016\\\/01\\\/Pedrali_QUEEN_650_FU_low.jpg\",\"contentUrl\":\"https:\\\/\\\/solucionescontract.com\\\/wp-content\\\/uploads\\\/2016\\\/01\\\/Pedrali_QUEEN_650_FU_low.jpg\",\"width\":800,\"height\":800},{\"@type\":\"BreadcrumbList\",\"@id\":\"https:\\\/\\\/solucionescontract.com\\\/fr\\\/producto\\\/chaise-queen\\\/#breadcrumb\",\"itemListElement\":[{\"@type\":\"ListItem\",\"position\":1,\"name\":\"Inicio\",\"item\":\"https:\\\/\\\/solucionescontract.com\\\/\"},{\"@type\":\"ListItem\",\"position\":2,\"name\":\"Tienda mobiliario contract\",\"item\":\"https:\\\/\\\/solucionescontract.com\\\/tienda-mobiliario-contract\\\/\"},{\"@type\":\"ListItem\",\"position\":3,\"name\":\"Mobiliario para Hosteler\u00eda\",\"item\":\"https:\\\/\\\/solucionescontract.com\\\/categoria-producto\\\/mobiliario-para-hosteleria\\\/\"},{\"@type\":\"ListItem\",\"position\":4,\"name\":\"CHAISE QUEEN\"}]},{\"@type\":\"WebSite\",\"@id\":\"https:\\\/\\\/solucionescontract.com\\\/#website\",\"url\":\"https:\\\/\\\/solucionescontract.com\\\/\",\"name\":\"Soluciones Contract\",\"description\":\"Venta Mobiliario contract de dise\u00f1o\",\"publisher\":{\"@id\":\"https:\\\/\\\/solucionescontract.com\\\/#organization\"},\"potentialAction\":[{\"@type\":\"SearchAction\",\"target\":{\"@type\":\"EntryPoint\",\"urlTemplate\":\"https:\\\/\\\/solucionescontract.com\\\/?s={search_term_string}\"},\"query-input\":{\"@type\":\"PropertyValueSpecification\",\"valueRequired\":true,\"valueName\":\"search_term_string\"}}],\"inLanguage\":\"fr-FR\"},{\"@type\":\"Organization\",\"@id\":\"https:\\\/\\\/solucionescontract.com\\\/#organization\",\"name\":\"Soluciones Contract\",\"url\":\"https:\\\/\\\/solucionescontract.com\\\/\",\"logo\":{\"@type\":\"ImageObject\",\"inLanguage\":\"fr-FR\",\"@id\":\"https:\\\/\\\/solucionescontract.com\\\/#\\\/schema\\\/logo\\\/image\\\/\",\"url\":\"https:\\\/\\\/solucionescontract.com\\\/wp-content\\\/uploads\\\/2020\\\/02\\\/logoSC.jpg\",\"contentUrl\":\"https:\\\/\\\/solucionescontract.com\\\/wp-content\\\/uploads\\\/2020\\\/02\\\/logoSC.jpg\",\"width\":300,\"height\":125,\"caption\":\"Soluciones Contract\"},\"image\":{\"@id\":\"https:\\\/\\\/solucionescontract.com\\\/#\\\/schema\\\/logo\\\/image\\\/\"},\"sameAs\":[\"https:\\\/\\\/www.facebook.com\\\/solucionescontract\\\/\"]}]}<\/script>\n<!-- \/ Yoast SEO plugin. -->","yoast_head_json":{"title":"Chaise \u00e9l\u00e9gante de Plastic mod\u00e8le Queen pour l'int\u00e9rieur et l'ext\u00e9rieur","description":"\u00c9l\u00e9gante chaise Queen en polycarbonate, r\u00e9sistante pour l'int\u00e9rieur et l'ext\u00e9rieur. Lignes n\u00e9o-classiques adapt\u00e9es \u00e0 des lieux tr\u00e8s \u00e9l\u00e9gants et formels,","robots":{"index":"index","follow":"follow","max-snippet":"max-snippet:-1","max-image-preview":"max-image-preview:large","max-video-preview":"max-video-preview:-1"},"canonical":"https:\/\/solucionescontract.com\/fr\/producto\/chaise-queen\/","og_locale":"fr_FR","og_type":"article","og_title":"Chaise \u00e9l\u00e9gante de Plastic mod\u00e8le Queen pour l'int\u00e9rieur et l'ext\u00e9rieur","og_description":"\u00c9l\u00e9gante chaise Queen en polycarbonate, r\u00e9sistante pour l'int\u00e9rieur et l'ext\u00e9rieur. Lignes n\u00e9o-classiques adapt\u00e9es \u00e0 des lieux tr\u00e8s \u00e9l\u00e9gants et formels,","og_url":"https:\/\/solucionescontract.com\/fr\/producto\/chaise-queen\/","og_site_name":"Soluciones Contract","article_publisher":"https:\/\/www.facebook.com\/solucionescontract\/","article_modified_time":"2025-09-29T16:11:52+00:00","og_image":[{"width":800,"height":800,"url":"https:\/\/solucionescontract.com\/wp-content\/uploads\/2016\/01\/Pedrali_QUEEN_650_FU_low.jpg","type":"image\/jpeg"}],"twitter_card":"summary_large_image","schema":{"@context":"https:\/\/schema.org","@graph":[{"@type":"WebPage","@id":"https:\/\/solucionescontract.com\/fr\/producto\/chaise-queen\/","url":"https:\/\/solucionescontract.com\/fr\/producto\/chaise-queen\/","name":"Chaise \u00e9l\u00e9gante de Plastic mod\u00e8le Queen pour l'int\u00e9rieur et l'ext\u00e9rieur","isPartOf":{"@id":"https:\/\/solucionescontract.com\/#website"},"primaryImageOfPage":{"@id":"https:\/\/solucionescontract.com\/fr\/producto\/chaise-queen\/#primaryimage"},"image":{"@id":"https:\/\/solucionescontract.com\/fr\/producto\/chaise-queen\/#primaryimage"},"thumbnailUrl":"https:\/\/solucionescontract.com\/wp-content\/uploads\/2016\/01\/Pedrali_QUEEN_650_FU_low.jpg","datePublished":"2017-05-14T21:06:38+00:00","dateModified":"2025-09-29T16:11:52+00:00","description":"\u00c9l\u00e9gante chaise Queen en polycarbonate, r\u00e9sistante pour l'int\u00e9rieur et l'ext\u00e9rieur. Lignes n\u00e9o-classiques adapt\u00e9es \u00e0 des lieux tr\u00e8s \u00e9l\u00e9gants et formels,","breadcrumb":{"@id":"https:\/\/solucionescontract.com\/fr\/producto\/chaise-queen\/#breadcrumb"},"inLanguage":"fr-FR","potentialAction":[{"@type":"ReadAction","target":["https:\/\/solucionescontract.com\/fr\/producto\/chaise-queen\/"]}]},{"@type":"ImageObject","inLanguage":"fr-FR","@id":"https:\/\/solucionescontract.com\/fr\/producto\/chaise-queen\/#primaryimage","url":"https:\/\/solucionescontract.com\/wp-content\/uploads\/2016\/01\/Pedrali_QUEEN_650_FU_low.jpg","contentUrl":"https:\/\/solucionescontract.com\/wp-content\/uploads\/2016\/01\/Pedrali_QUEEN_650_FU_low.jpg","width":800,"height":800},{"@type":"BreadcrumbList","@id":"https:\/\/solucionescontract.com\/fr\/producto\/chaise-queen\/#breadcrumb","itemListElement":[{"@type":"ListItem","position":1,"name":"Inicio","item":"https:\/\/solucionescontract.com\/"},{"@type":"ListItem","position":2,"name":"Tienda mobiliario contract","item":"https:\/\/solucionescontract.com\/tienda-mobiliario-contract\/"},{"@type":"ListItem","position":3,"name":"Mobiliario para Hosteler\u00eda","item":"https:\/\/solucionescontract.com\/categoria-producto\/mobiliario-para-hosteleria\/"},{"@type":"ListItem","position":4,"name":"CHAISE QUEEN"}]},{"@type":"WebSite","@id":"https:\/\/solucionescontract.com\/#website","url":"https:\/\/solucionescontract.com\/","name":"Soluciones Contract","description":"Venta Mobiliario contract de dise\u00f1o","publisher":{"@id":"https:\/\/solucionescontract.com\/#organization"},"potentialAction":[{"@type":"SearchAction","target":{"@type":"EntryPoint","urlTemplate":"https:\/\/solucionescontract.com\/?s={search_term_string}"},"query-input":{"@type":"PropertyValueSpecification","valueRequired":true,"valueName":"search_term_string"}}],"inLanguage":"fr-FR"},{"@type":"Organization","@id":"https:\/\/solucionescontract.com\/#organization","name":"Soluciones Contract","url":"https:\/\/solucionescontract.com\/","logo":{"@type":"ImageObject","inLanguage":"fr-FR","@id":"https:\/\/solucionescontract.com\/#\/schema\/logo\/image\/","url":"https:\/\/solucionescontract.com\/wp-content\/uploads\/2020\/02\/logoSC.jpg","contentUrl":"https:\/\/solucionescontract.com\/wp-content\/uploads\/2020\/02\/logoSC.jpg","width":300,"height":125,"caption":"Soluciones Contract"},"image":{"@id":"https:\/\/solucionescontract.com\/#\/schema\/logo\/image\/"},"sameAs":["https:\/\/www.facebook.com\/solucionescontract\/"]}]}},"_links":{"self":[{"href":"https:\/\/solucionescontract.com\/fr\/wp-json\/wp\/v2\/product\/21501","targetHints":{"allow":["GET"]}}],"collection":[{"href":"https:\/\/solucionescontract.com\/fr\/wp-json\/wp\/v2\/product"}],"about":[{"href":"https:\/\/solucionescontract.com\/fr\/wp-json\/wp\/v2\/types\/product"}],"replies":[{"embeddable":true,"href":"https:\/\/solucionescontract.com\/fr\/wp-json\/wp\/v2\/comments?post=21501"}],"wp:featuredmedia":[{"embeddable":true,"href":"https:\/\/solucionescontract.com\/fr\/wp-json\/wp\/v2\/media\/13322"}],"wp:attachment":[{"href":"https:\/\/solucionescontract.com\/fr\/wp-json\/wp\/v2\/media?parent=21501"}],"wp:term":[{"taxonomy":"product_brand","embeddable":true,"href":"https:\/\/solucionescontract.com\/fr\/wp-json\/wp\/v2\/product_brand?post=21501"},{"taxonomy":"product_cat","embeddable":true,"href":"https:\/\/solucionescontract.com\/fr\/wp-json\/wp\/v2\/product_cat?post=21501"},{"taxonomy":"product_tag","embeddable":true,"href":"https:\/\/solucionescontract.com\/fr\/wp-json\/wp\/v2\/product_tag?post=21501"}],"curies":[{"name":"wp","href":"https:\/\/api.w.org\/{rel}","templated":true}]}}