{"id":21461,"date":"2017-04-19T22:16:37","date_gmt":"2017-04-19T22:16:37","guid":{"rendered":"https:\/\/www.solucionescontract.com\/producto\/balancoire-de-jardin-armadillo\/"},"modified":"2017-04-19T22:16:37","modified_gmt":"2017-04-19T22:16:37","slug":"balancoire-de-jardin-armadillo","status":"publish","type":"product","link":"https:\/\/solucionescontract.com\/fr\/producto\/balancoire-de-jardin-armadillo\/","title":{"rendered":"BALAN\u00c7OIRE DE JARDIN ARMADILLO"},"content":{"rendered":"<section id=\"long-description\" class=\"container-long-description container-long-description-no-margin\">\n<div class=\"container\">\n<div class=\"row\">\n<div class=\" long-description-not-image col-long-description col-xs-12 col-sm-12 col-md-6 col-lg-4\">\n<div class=\"container-product-long-description\">\n<div class=\"product-long-description\">\n<div class=\"mini-title\">MATERIELS<\/div>\n<p>Estructura de aluminio lacado cubierta con fibra sint\u00e9tica SHINTOTEX. Patas de aluminio anodizado. Cuerdas de nylon<\/p>\n<div class=\"mini-title\">DIMENSIONS<\/div>\n<p>Longueur x largeur x hauteur : 140,0 x 117,0 x 145,0<\/p>\n<p>Hauteur du si\u00e8ge: 0.0 cm<\/p>\n<p>Poids: 30.0 kg<\/p>\n<p>Volume: 1.37 m3<\/p>\n<div class=\"mini-title\">FINITIONS<\/div>\n<p>Couleur : Grill\u00e9 (Round 3-4mm), Ivoire(Round 3-4mm)<\/p>\n<div><img decoding=\"async\" class=\"alignleft\" src=\"https:\/\/dhb3yazwboecu.cloudfront.net\/1384\/PRODUCTO\/ACABADOS\/Tostado-03---Toasted-03-Round-3-4mm.jpg\" \/><\/div>\n<div><img decoding=\"async\" src=\"https:\/\/dhb3yazwboecu.cloudfront.net\/1384\/PRODUCTO\/ACABADOS\/Marfil-36---Ivory-White-36-Round-3-4mm.jpg\" \/><\/div>\n<div><\/div>\n<div class=\"mini-title\">COUSSIN EN MOUSSE : MOUSSE DE POLYUR\u00c9THANE<br \/>\nTELAS<\/div>\n<p>Couleur: 0021, 1101, 0022<\/p>\n<div><img decoding=\"async\" class=\"alignleft\" src=\"https:\/\/dhb3yazwboecu.cloudfront.net\/1384\/PRODUCTO\/TELAS\/0021.jpg\" \/><\/div>\n<div><img decoding=\"async\" class=\"alignleft\" src=\"https:\/\/dhb3yazwboecu.cloudfront.net\/1384\/PRODUCTO\/TELAS\/1101.jpg\" \/><\/div>\n<div><img decoding=\"async\" class=\"alignleft\" src=\"https:\/\/dhb3yazwboecu.cloudfront.net\/1384\/PRODUCTO\/TELAS\/0022.jpg\" \/><\/div>\n<div><\/div>\n<div><\/div>\n<div><\/div>\n<div><\/div>\n<div><\/div>\n<div><\/div>\n<div><\/div>\n<div><\/div>\n<div class=\"link\"><a href=\"https:\/\/www.point1920.com\/cdnassets\/PRODUCTO\/TELAS.pdf\" target=\"_blank\" rel=\"noopener unfollow noreferrer\">PLUS DE TISSUS<\/a><\/div>\n<\/div>\n<\/div>\n<\/div>\n<\/div>\n<\/div>\n<\/section>\n<div class=\"container productPageFileDonloadContainer\"><a class=\"module-title-link\" href=\"https:\/\/dhb3yazwboecu.cloudfront.net\/1384\/Descargas\/Catalogos-2019\/POINT_Textures_Catalogue_2019.pdf\" target=\"_blank\" rel=\"nofollow noopener noreferrer\">Textures et mat\u00e9riaux<\/a><\/div>\n<p><\/script><\/p>\n","protected":false},"excerpt":{"rendered":"<ul>\n<li>Spectaculaire balan\u00e7oire de jardin en aluminium laqu\u00e9.<\/li>\n<li>Convient pour une utilisation en ext\u00e9rieur<\/li>\n<li>Dessin de Joaqu\u00edn Homs, recr\u00e9\u00e9 sous la forme de l&rsquo;animal dont il tire son nom.<\/li>\n<li>Swing. Structure en aluminium laqu\u00e9, tress\u00e9e en fibre Shintotex ronde de 3-4 millim\u00e8tres en deux finitions, grill\u00e9e ou ivoire. Auvent pliant en toile brute \u00e0 haute r\u00e9sistance \u00e0 l&rsquo;ext\u00e9rieur. Crochets lat\u00e9raux en acier inoxydable. Corde suspendue en Naylon.<\/li>\n<\/ul>\n<p>Profitez de votre repos en plein air.<\/p>\n<h5>Pour plus d&rsquo;informations et les finitions, contactez le SERVICE CLIENT\u00c8LE<\/h5>\n<h5>\ninfo@solucionescontract.com<\/h5>\n<h5>\nT\u00e9l. 981 384888<\/h5>\n","protected":false},"featured_media":13272,"comment_status":"open","ping_status":"closed","template":"","meta":[],"product_brand":[],"product_cat":[585,581],"product_tag":[684,679,699],"class_list":{"0":"post-21461","1":"product","2":"type-product","3":"status-publish","4":"has-post-thumbnail","6":"product_cat-accessoires-de-jardin","7":"product_cat-meubles-de-terrasse-et-de-jardin","8":"product_tag-aluminio-trenzado-fr","9":"product_tag-exterior-interior","10":"product_tag-chill-out-fr","11":"product_shipping_class-gratuit","12":"yith_product_brand-point-fr","14":"first","15":"instock","16":"taxable","17":"shipping-taxable","18":"purchasable","19":"product-type-simple"},"yoast_head":"<!-- This site is optimized with the Yoast SEO plugin v27.4 - https:\/\/yoast.com\/product\/yoast-seo-wordpress\/ -->\n<title>BALAN\u00c7OIRE DE JARDIN ARMADILLO - Muebles de dise\u00f1o en Soluciones Contract<\/title>\n<meta name=\"description\" content=\"Compra BALAN\u00c7OIRE DE JARDIN ARMADILLO online en nuestra tienda de muebles Contract. Encuentra el mejor MOBILIARIO DE DISE\u00d1O para Hotel, Hogar y uso comercial. Descubre las mejores marcas en nuestro cat\u00e1logo.\" \/>\n<meta name=\"robots\" content=\"index, follow, max-snippet:-1, max-image-preview:large, max-video-preview:-1\" \/>\n<link rel=\"canonical\" href=\"https:\/\/solucionescontract.com\/producto\/columpio-jardin-armadillo\/\" \/>\n<meta property=\"og:locale\" content=\"fr_FR\" \/>\n<meta property=\"og:type\" content=\"article\" \/>\n<meta property=\"og:title\" content=\"BALAN\u00c7OIRE DE JARDIN ARMADILLO - Muebles de dise\u00f1o en Soluciones Contract\" \/>\n<meta property=\"og:description\" content=\"Compra BALAN\u00c7OIRE DE JARDIN ARMADILLO online en nuestra tienda de muebles Contract. Encuentra el mejor MOBILIARIO DE DISE\u00d1O para Hotel, Hogar y uso comercial. Descubre las mejores marcas en nuestro cat\u00e1logo.\" \/>\n<meta property=\"og:url\" content=\"https:\/\/solucionescontract.com\/producto\/columpio-jardin-armadillo\/\" \/>\n<meta property=\"og:site_name\" content=\"Soluciones Contract\" \/>\n<meta property=\"article:publisher\" content=\"https:\/\/www.facebook.com\/solucionescontract\/\" \/>\n<meta property=\"og:image\" content=\"https:\/\/solucionescontract.com\/wp-content\/uploads\/2016\/01\/Columpio-balanc\u00edn-de-Jard\u00edn-.-Soluciones-Contract-3.jpg\" \/>\n\t<meta property=\"og:image:width\" content=\"800\" \/>\n\t<meta property=\"og:image:height\" content=\"800\" \/>\n\t<meta property=\"og:image:type\" content=\"image\/jpeg\" \/>\n<meta name=\"twitter:card\" content=\"summary_large_image\" \/>\n<script type=\"application\/ld+json\" class=\"yoast-schema-graph\">{\"@context\":\"https:\\\/\\\/schema.org\",\"@graph\":[{\"@type\":\"WebPage\",\"@id\":\"https:\\\/\\\/solucionescontract.com\\\/producto\\\/columpio-jardin-armadillo\\\/\",\"url\":\"https:\\\/\\\/solucionescontract.com\\\/producto\\\/columpio-jardin-armadillo\\\/\",\"name\":\"BALAN\u00c7OIRE DE JARDIN ARMADILLO - Muebles de dise\u00f1o en Soluciones Contract\",\"isPartOf\":{\"@id\":\"https:\\\/\\\/solucionescontract.com\\\/#website\"},\"primaryImageOfPage\":{\"@id\":\"https:\\\/\\\/solucionescontract.com\\\/producto\\\/columpio-jardin-armadillo\\\/#primaryimage\"},\"image\":{\"@id\":\"https:\\\/\\\/solucionescontract.com\\\/producto\\\/columpio-jardin-armadillo\\\/#primaryimage\"},\"thumbnailUrl\":\"https:\\\/\\\/solucionescontract.com\\\/wp-content\\\/uploads\\\/2016\\\/01\\\/Columpio-balanc\u00edn-de-Jard\u00edn-.-Soluciones-Contract-3.jpg\",\"datePublished\":\"2017-04-19T22:16:37+00:00\",\"description\":\"Compra BALAN\u00c7OIRE DE JARDIN ARMADILLO online en nuestra tienda de muebles Contract. Encuentra el mejor MOBILIARIO DE DISE\u00d1O para Hotel, Hogar y uso comercial. Descubre las mejores marcas en nuestro cat\u00e1logo.\",\"breadcrumb\":{\"@id\":\"https:\\\/\\\/solucionescontract.com\\\/producto\\\/columpio-jardin-armadillo\\\/#breadcrumb\"},\"inLanguage\":\"fr-FR\",\"potentialAction\":[{\"@type\":\"ReadAction\",\"target\":[\"https:\\\/\\\/solucionescontract.com\\\/producto\\\/columpio-jardin-armadillo\\\/\"]}]},{\"@type\":\"ImageObject\",\"inLanguage\":\"fr-FR\",\"@id\":\"https:\\\/\\\/solucionescontract.com\\\/producto\\\/columpio-jardin-armadillo\\\/#primaryimage\",\"url\":\"https:\\\/\\\/solucionescontract.com\\\/wp-content\\\/uploads\\\/2016\\\/01\\\/Columpio-balanc\u00edn-de-Jard\u00edn-.-Soluciones-Contract-3.jpg\",\"contentUrl\":\"https:\\\/\\\/solucionescontract.com\\\/wp-content\\\/uploads\\\/2016\\\/01\\\/Columpio-balanc\u00edn-de-Jard\u00edn-.-Soluciones-Contract-3.jpg\",\"width\":800,\"height\":800},{\"@type\":\"BreadcrumbList\",\"@id\":\"https:\\\/\\\/solucionescontract.com\\\/producto\\\/columpio-jardin-armadillo\\\/#breadcrumb\",\"itemListElement\":[{\"@type\":\"ListItem\",\"position\":1,\"name\":\"Inicio\",\"item\":\"https:\\\/\\\/solucionescontract.com\\\/\"},{\"@type\":\"ListItem\",\"position\":2,\"name\":\"Tienda mobiliario contract\",\"item\":\"https:\\\/\\\/solucionescontract.com\\\/tienda-mobiliario-contract\\\/\"},{\"@type\":\"ListItem\",\"position\":3,\"name\":\"Mobiliario de Terraza y Jard\u00edn\",\"item\":\"https:\\\/\\\/solucionescontract.com\\\/categoria-producto\\\/mobiliario-de-terraza-y-jardin\\\/\"},{\"@type\":\"ListItem\",\"position\":4,\"name\":\"Complementos de Jard\u00edn\",\"item\":\"https:\\\/\\\/solucionescontract.com\\\/categoria-producto\\\/mobiliario-de-terraza-y-jardin\\\/complementos-de-jardin\\\/\"},{\"@type\":\"ListItem\",\"position\":5,\"name\":\"BALAN\u00c7OIRE DE JARDIN ARMADILLO\"}]},{\"@type\":\"WebSite\",\"@id\":\"https:\\\/\\\/solucionescontract.com\\\/#website\",\"url\":\"https:\\\/\\\/solucionescontract.com\\\/\",\"name\":\"Soluciones Contract\",\"description\":\"Venta Mobiliario contract de dise\u00f1o\",\"publisher\":{\"@id\":\"https:\\\/\\\/solucionescontract.com\\\/#organization\"},\"potentialAction\":[{\"@type\":\"SearchAction\",\"target\":{\"@type\":\"EntryPoint\",\"urlTemplate\":\"https:\\\/\\\/solucionescontract.com\\\/?s={search_term_string}\"},\"query-input\":{\"@type\":\"PropertyValueSpecification\",\"valueRequired\":true,\"valueName\":\"search_term_string\"}}],\"inLanguage\":\"fr-FR\"},{\"@type\":\"Organization\",\"@id\":\"https:\\\/\\\/solucionescontract.com\\\/#organization\",\"name\":\"Soluciones Contract\",\"url\":\"https:\\\/\\\/solucionescontract.com\\\/\",\"logo\":{\"@type\":\"ImageObject\",\"inLanguage\":\"fr-FR\",\"@id\":\"https:\\\/\\\/solucionescontract.com\\\/#\\\/schema\\\/logo\\\/image\\\/\",\"url\":\"https:\\\/\\\/solucionescontract.com\\\/wp-content\\\/uploads\\\/2020\\\/02\\\/logoSC.jpg\",\"contentUrl\":\"https:\\\/\\\/solucionescontract.com\\\/wp-content\\\/uploads\\\/2020\\\/02\\\/logoSC.jpg\",\"width\":300,\"height\":125,\"caption\":\"Soluciones Contract\"},\"image\":{\"@id\":\"https:\\\/\\\/solucionescontract.com\\\/#\\\/schema\\\/logo\\\/image\\\/\"},\"sameAs\":[\"https:\\\/\\\/www.facebook.com\\\/solucionescontract\\\/\"]}]}<\/script>\n<!-- \/ Yoast SEO plugin. -->","yoast_head_json":{"title":"BALAN\u00c7OIRE DE JARDIN ARMADILLO - Muebles de dise\u00f1o en Soluciones Contract","description":"Compra BALAN\u00c7OIRE DE JARDIN ARMADILLO online en nuestra tienda de muebles Contract. Encuentra el mejor MOBILIARIO DE DISE\u00d1O para Hotel, Hogar y uso comercial. Descubre las mejores marcas en nuestro cat\u00e1logo.","robots":{"index":"index","follow":"follow","max-snippet":"max-snippet:-1","max-image-preview":"max-image-preview:large","max-video-preview":"max-video-preview:-1"},"canonical":"https:\/\/solucionescontract.com\/producto\/columpio-jardin-armadillo\/","og_locale":"fr_FR","og_type":"article","og_title":"BALAN\u00c7OIRE DE JARDIN ARMADILLO - Muebles de dise\u00f1o en Soluciones Contract","og_description":"Compra BALAN\u00c7OIRE DE JARDIN ARMADILLO online en nuestra tienda de muebles Contract. Encuentra el mejor MOBILIARIO DE DISE\u00d1O para Hotel, Hogar y uso comercial. Descubre las mejores marcas en nuestro cat\u00e1logo.","og_url":"https:\/\/solucionescontract.com\/producto\/columpio-jardin-armadillo\/","og_site_name":"Soluciones Contract","article_publisher":"https:\/\/www.facebook.com\/solucionescontract\/","og_image":[{"width":800,"height":800,"url":"https:\/\/solucionescontract.com\/wp-content\/uploads\/2016\/01\/Columpio-balanc\u00edn-de-Jard\u00edn-.-Soluciones-Contract-3.jpg","type":"image\/jpeg"}],"twitter_card":"summary_large_image","schema":{"@context":"https:\/\/schema.org","@graph":[{"@type":"WebPage","@id":"https:\/\/solucionescontract.com\/producto\/columpio-jardin-armadillo\/","url":"https:\/\/solucionescontract.com\/producto\/columpio-jardin-armadillo\/","name":"BALAN\u00c7OIRE DE JARDIN ARMADILLO - Muebles de dise\u00f1o en Soluciones Contract","isPartOf":{"@id":"https:\/\/solucionescontract.com\/#website"},"primaryImageOfPage":{"@id":"https:\/\/solucionescontract.com\/producto\/columpio-jardin-armadillo\/#primaryimage"},"image":{"@id":"https:\/\/solucionescontract.com\/producto\/columpio-jardin-armadillo\/#primaryimage"},"thumbnailUrl":"https:\/\/solucionescontract.com\/wp-content\/uploads\/2016\/01\/Columpio-balanc\u00edn-de-Jard\u00edn-.-Soluciones-Contract-3.jpg","datePublished":"2017-04-19T22:16:37+00:00","description":"Compra BALAN\u00c7OIRE DE JARDIN ARMADILLO online en nuestra tienda de muebles Contract. Encuentra el mejor MOBILIARIO DE DISE\u00d1O para Hotel, Hogar y uso comercial. Descubre las mejores marcas en nuestro cat\u00e1logo.","breadcrumb":{"@id":"https:\/\/solucionescontract.com\/producto\/columpio-jardin-armadillo\/#breadcrumb"},"inLanguage":"fr-FR","potentialAction":[{"@type":"ReadAction","target":["https:\/\/solucionescontract.com\/producto\/columpio-jardin-armadillo\/"]}]},{"@type":"ImageObject","inLanguage":"fr-FR","@id":"https:\/\/solucionescontract.com\/producto\/columpio-jardin-armadillo\/#primaryimage","url":"https:\/\/solucionescontract.com\/wp-content\/uploads\/2016\/01\/Columpio-balanc\u00edn-de-Jard\u00edn-.-Soluciones-Contract-3.jpg","contentUrl":"https:\/\/solucionescontract.com\/wp-content\/uploads\/2016\/01\/Columpio-balanc\u00edn-de-Jard\u00edn-.-Soluciones-Contract-3.jpg","width":800,"height":800},{"@type":"BreadcrumbList","@id":"https:\/\/solucionescontract.com\/producto\/columpio-jardin-armadillo\/#breadcrumb","itemListElement":[{"@type":"ListItem","position":1,"name":"Inicio","item":"https:\/\/solucionescontract.com\/"},{"@type":"ListItem","position":2,"name":"Tienda mobiliario contract","item":"https:\/\/solucionescontract.com\/tienda-mobiliario-contract\/"},{"@type":"ListItem","position":3,"name":"Mobiliario de Terraza y Jard\u00edn","item":"https:\/\/solucionescontract.com\/categoria-producto\/mobiliario-de-terraza-y-jardin\/"},{"@type":"ListItem","position":4,"name":"Complementos de Jard\u00edn","item":"https:\/\/solucionescontract.com\/categoria-producto\/mobiliario-de-terraza-y-jardin\/complementos-de-jardin\/"},{"@type":"ListItem","position":5,"name":"BALAN\u00c7OIRE DE JARDIN ARMADILLO"}]},{"@type":"WebSite","@id":"https:\/\/solucionescontract.com\/#website","url":"https:\/\/solucionescontract.com\/","name":"Soluciones Contract","description":"Venta Mobiliario contract de dise\u00f1o","publisher":{"@id":"https:\/\/solucionescontract.com\/#organization"},"potentialAction":[{"@type":"SearchAction","target":{"@type":"EntryPoint","urlTemplate":"https:\/\/solucionescontract.com\/?s={search_term_string}"},"query-input":{"@type":"PropertyValueSpecification","valueRequired":true,"valueName":"search_term_string"}}],"inLanguage":"fr-FR"},{"@type":"Organization","@id":"https:\/\/solucionescontract.com\/#organization","name":"Soluciones Contract","url":"https:\/\/solucionescontract.com\/","logo":{"@type":"ImageObject","inLanguage":"fr-FR","@id":"https:\/\/solucionescontract.com\/#\/schema\/logo\/image\/","url":"https:\/\/solucionescontract.com\/wp-content\/uploads\/2020\/02\/logoSC.jpg","contentUrl":"https:\/\/solucionescontract.com\/wp-content\/uploads\/2020\/02\/logoSC.jpg","width":300,"height":125,"caption":"Soluciones Contract"},"image":{"@id":"https:\/\/solucionescontract.com\/#\/schema\/logo\/image\/"},"sameAs":["https:\/\/www.facebook.com\/solucionescontract\/"]}]}},"_links":{"self":[{"href":"https:\/\/solucionescontract.com\/fr\/wp-json\/wp\/v2\/product\/21461","targetHints":{"allow":["GET"]}}],"collection":[{"href":"https:\/\/solucionescontract.com\/fr\/wp-json\/wp\/v2\/product"}],"about":[{"href":"https:\/\/solucionescontract.com\/fr\/wp-json\/wp\/v2\/types\/product"}],"replies":[{"embeddable":true,"href":"https:\/\/solucionescontract.com\/fr\/wp-json\/wp\/v2\/comments?post=21461"}],"wp:featuredmedia":[{"embeddable":true,"href":"https:\/\/solucionescontract.com\/fr\/wp-json\/wp\/v2\/media\/13272"}],"wp:attachment":[{"href":"https:\/\/solucionescontract.com\/fr\/wp-json\/wp\/v2\/media?parent=21461"}],"wp:term":[{"taxonomy":"product_brand","embeddable":true,"href":"https:\/\/solucionescontract.com\/fr\/wp-json\/wp\/v2\/product_brand?post=21461"},{"taxonomy":"product_cat","embeddable":true,"href":"https:\/\/solucionescontract.com\/fr\/wp-json\/wp\/v2\/product_cat?post=21461"},{"taxonomy":"product_tag","embeddable":true,"href":"https:\/\/solucionescontract.com\/fr\/wp-json\/wp\/v2\/product_tag?post=21461"}],"curies":[{"name":"wp","href":"https:\/\/api.w.org\/{rel}","templated":true}]}}