{"id":21146,"date":"2017-02-15T23:15:12","date_gmt":"2017-02-15T23:15:12","guid":{"rendered":"https:\/\/www.solucionescontract.com\/producto\/tableau-concrete-855\/"},"modified":"2017-02-15T23:15:12","modified_gmt":"2017-02-15T23:15:12","slug":"tableau-concrete-855","status":"publish","type":"product","link":"https:\/\/solucionescontract.com\/fr\/producto\/tableau-concrete-855\/","title":{"rendered":"TABLEAU CONCRETE 855"},"content":{"rendered":"<p><img decoding=\"async\" class=\" wd-lazy-fade alignnone wp-image-2090\" src=\"https:\/\/solucionescontract.com\/wp-content\/themes\/woodmart\/images\/lazy.svg\" data-src=\"https:\/\/solucionescontract.com\/wp-content\/uploads\/2017\/02\/FICHA-TECNICA-300x300.jpg\" alt=\"\" width=\"216\" height=\"216\" srcset=\"\" data-srcset=\"https:\/\/solucionescontract.com\/wp-content\/uploads\/2017\/02\/FICHA-TECNICA-300x300.jpg 300w, https:\/\/solucionescontract.com\/wp-content\/uploads\/2017\/02\/FICHA-TECNICA-150x150.jpg 150w, https:\/\/solucionescontract.com\/wp-content\/uploads\/2017\/02\/FICHA-TECNICA-100x100.jpg 100w, https:\/\/solucionescontract.com\/wp-content\/uploads\/2017\/02\/FICHA-TECNICA-32x32.jpg 32w, https:\/\/solucionescontract.com\/wp-content\/uploads\/2017\/02\/FICHA-TECNICA-232x232.jpg 232w, https:\/\/solucionescontract.com\/wp-content\/uploads\/2017\/02\/FICHA-TECNICA-30x30.jpg 30w, https:\/\/solucionescontract.com\/wp-content\/uploads\/2017\/02\/FICHA-TECNICA-50x50.jpg 50w, https:\/\/solucionescontract.com\/wp-content\/uploads\/2017\/02\/FICHA-TECNICA-350x350.jpg 350w, https:\/\/solucionescontract.com\/wp-content\/uploads\/2017\/02\/FICHA-TECNICA.jpg 450w\" sizes=\"(max-width: 216px) 100vw, 216px\" \/><\/script><\/p>\n","protected":false},"excerpt":{"rendered":"<ul>\n<li>Il se caract\u00e9rise par sa base ext\u00e9rieure en ciment qui lui conf\u00e8re design et stabilit\u00e9<\/li>\n<li>Base en ciment de gravier fin et colonne en acier.<\/li>\n<li>Dimensions de la base de la table : 370x370mm. Environ 70x70cm.<\/li>\n<li>Possibilit\u00e9 de combiner avec des enveloppes de diff\u00e9rentes tailles, finitions et couleurs<\/li>\n<li><strong>V\u00e9rifiez la disponibilit\u00e9 et les prix avec le SERVICE CLIENT\u00c8LE<\/strong><\/li>\n<\/ul>\n<p style=\"text-align: center;\"><strong>info@solucionescontract.com<\/strong><br \/>\n<strong>T\u00e9l. 981 384888<\/strong><\/p>\n","protected":false},"featured_media":13410,"comment_status":"closed","ping_status":"closed","template":"","meta":[],"product_brand":[],"product_cat":[569,577,587],"product_tag":[721],"class_list":{"0":"post-21146","1":"product","2":"type-product","3":"status-publish","4":"has-post-thumbnail","6":"product_cat-conception-de-tables","7":"product_cat-tables-de-restauration","8":"product_cat-tables-de-terrasse","9":"product_tag-mesa-pie-central-fr","10":"yith_product_brand-pedrali-fr","12":"first","13":"instock","14":"taxable","15":"shipping-taxable","16":"purchasable","17":"product-type-simple"},"yoast_head":"<!-- This site is optimized with the Yoast SEO plugin v27.3 - https:\/\/yoast.com\/product\/yoast-seo-wordpress\/ -->\n<title>TABLEAU CONCRETE 855 - Muebles de dise\u00f1o en Soluciones Contract<\/title>\n<meta name=\"description\" content=\"Compra TABLEAU CONCRETE 855 online en nuestra tienda de muebles Contract. Encuentra el mejor MOBILIARIO DE DISE\u00d1O para Hotel, Hogar y uso comercial. Descubre las mejores marcas en nuestro cat\u00e1logo.\" \/>\n<meta name=\"robots\" content=\"index, follow, max-snippet:-1, max-image-preview:large, max-video-preview:-1\" \/>\n<link rel=\"canonical\" href=\"https:\/\/solucionescontract.com\/producto\/mesa-concrete-855\/\" \/>\n<meta property=\"og:locale\" content=\"fr_FR\" \/>\n<meta property=\"og:type\" content=\"article\" \/>\n<meta property=\"og:title\" content=\"TABLEAU CONCRETE 855 - Muebles de dise\u00f1o en Soluciones Contract\" \/>\n<meta property=\"og:description\" content=\"Compra TABLEAU CONCRETE 855 online en nuestra tienda de muebles Contract. Encuentra el mejor MOBILIARIO DE DISE\u00d1O para Hotel, Hogar y uso comercial. Descubre las mejores marcas en nuestro cat\u00e1logo.\" \/>\n<meta property=\"og:url\" content=\"https:\/\/solucionescontract.com\/producto\/mesa-concrete-855\/\" \/>\n<meta property=\"og:site_name\" content=\"Soluciones Contract\" \/>\n<meta property=\"article:publisher\" content=\"https:\/\/www.facebook.com\/solucionescontract\/\" \/>\n<meta property=\"og:image\" content=\"https:\/\/solucionescontract.com\/wp-content\/uploads\/2017\/02\/concrete-855-pedrali-scontract_.jpg\" \/>\n\t<meta property=\"og:image:width\" content=\"800\" \/>\n\t<meta property=\"og:image:height\" content=\"800\" \/>\n\t<meta property=\"og:image:type\" content=\"image\/jpeg\" \/>\n<meta name=\"twitter:card\" content=\"summary_large_image\" \/>\n<script type=\"application\/ld+json\" class=\"yoast-schema-graph\">{\"@context\":\"https:\\\/\\\/schema.org\",\"@graph\":[{\"@type\":\"WebPage\",\"@id\":\"https:\\\/\\\/solucionescontract.com\\\/producto\\\/mesa-concrete-855\\\/\",\"url\":\"https:\\\/\\\/solucionescontract.com\\\/producto\\\/mesa-concrete-855\\\/\",\"name\":\"TABLEAU CONCRETE 855 - Muebles de dise\u00f1o en Soluciones Contract\",\"isPartOf\":{\"@id\":\"https:\\\/\\\/solucionescontract.com\\\/#website\"},\"primaryImageOfPage\":{\"@id\":\"https:\\\/\\\/solucionescontract.com\\\/producto\\\/mesa-concrete-855\\\/#primaryimage\"},\"image\":{\"@id\":\"https:\\\/\\\/solucionescontract.com\\\/producto\\\/mesa-concrete-855\\\/#primaryimage\"},\"thumbnailUrl\":\"https:\\\/\\\/solucionescontract.com\\\/wp-content\\\/uploads\\\/2017\\\/02\\\/concrete-855-pedrali-scontract_.jpg\",\"datePublished\":\"2017-02-15T23:15:12+00:00\",\"description\":\"Compra TABLEAU CONCRETE 855 online en nuestra tienda de muebles Contract. Encuentra el mejor MOBILIARIO DE DISE\u00d1O para Hotel, Hogar y uso comercial. Descubre las mejores marcas en nuestro cat\u00e1logo.\",\"breadcrumb\":{\"@id\":\"https:\\\/\\\/solucionescontract.com\\\/producto\\\/mesa-concrete-855\\\/#breadcrumb\"},\"inLanguage\":\"fr-FR\",\"potentialAction\":[{\"@type\":\"ReadAction\",\"target\":[\"https:\\\/\\\/solucionescontract.com\\\/producto\\\/mesa-concrete-855\\\/\"]}]},{\"@type\":\"ImageObject\",\"inLanguage\":\"fr-FR\",\"@id\":\"https:\\\/\\\/solucionescontract.com\\\/producto\\\/mesa-concrete-855\\\/#primaryimage\",\"url\":\"https:\\\/\\\/solucionescontract.com\\\/wp-content\\\/uploads\\\/2017\\\/02\\\/concrete-855-pedrali-scontract_.jpg\",\"contentUrl\":\"https:\\\/\\\/solucionescontract.com\\\/wp-content\\\/uploads\\\/2017\\\/02\\\/concrete-855-pedrali-scontract_.jpg\",\"width\":800,\"height\":800},{\"@type\":\"BreadcrumbList\",\"@id\":\"https:\\\/\\\/solucionescontract.com\\\/producto\\\/mesa-concrete-855\\\/#breadcrumb\",\"itemListElement\":[{\"@type\":\"ListItem\",\"position\":1,\"name\":\"Inicio\",\"item\":\"https:\\\/\\\/solucionescontract.com\\\/\"},{\"@type\":\"ListItem\",\"position\":2,\"name\":\"Tienda mobiliario contract\",\"item\":\"https:\\\/\\\/solucionescontract.com\\\/tienda-mobiliario-contract\\\/\"},{\"@type\":\"ListItem\",\"position\":3,\"name\":\"Mesas de dise\u00f1o\",\"item\":\"https:\\\/\\\/solucionescontract.com\\\/categoria-producto\\\/mesas-de-diseno\\\/\"},{\"@type\":\"ListItem\",\"position\":4,\"name\":\"Mesas Hosteler\u00eda\",\"item\":\"https:\\\/\\\/solucionescontract.com\\\/categoria-producto\\\/mesas-de-diseno\\\/mesas-hosteleria\\\/\"},{\"@type\":\"ListItem\",\"position\":5,\"name\":\"TABLEAU CONCRETE 855\"}]},{\"@type\":\"WebSite\",\"@id\":\"https:\\\/\\\/solucionescontract.com\\\/#website\",\"url\":\"https:\\\/\\\/solucionescontract.com\\\/\",\"name\":\"Soluciones Contract\",\"description\":\"Venta Mobiliario contract de dise\u00f1o\",\"publisher\":{\"@id\":\"https:\\\/\\\/solucionescontract.com\\\/#organization\"},\"potentialAction\":[{\"@type\":\"SearchAction\",\"target\":{\"@type\":\"EntryPoint\",\"urlTemplate\":\"https:\\\/\\\/solucionescontract.com\\\/?s={search_term_string}\"},\"query-input\":{\"@type\":\"PropertyValueSpecification\",\"valueRequired\":true,\"valueName\":\"search_term_string\"}}],\"inLanguage\":\"fr-FR\"},{\"@type\":\"Organization\",\"@id\":\"https:\\\/\\\/solucionescontract.com\\\/#organization\",\"name\":\"Soluciones Contract\",\"url\":\"https:\\\/\\\/solucionescontract.com\\\/\",\"logo\":{\"@type\":\"ImageObject\",\"inLanguage\":\"fr-FR\",\"@id\":\"https:\\\/\\\/solucionescontract.com\\\/#\\\/schema\\\/logo\\\/image\\\/\",\"url\":\"https:\\\/\\\/solucionescontract.com\\\/wp-content\\\/uploads\\\/2020\\\/02\\\/logoSC.jpg\",\"contentUrl\":\"https:\\\/\\\/solucionescontract.com\\\/wp-content\\\/uploads\\\/2020\\\/02\\\/logoSC.jpg\",\"width\":300,\"height\":125,\"caption\":\"Soluciones Contract\"},\"image\":{\"@id\":\"https:\\\/\\\/solucionescontract.com\\\/#\\\/schema\\\/logo\\\/image\\\/\"},\"sameAs\":[\"https:\\\/\\\/www.facebook.com\\\/solucionescontract\\\/\"]}]}<\/script>\n<!-- \/ Yoast SEO plugin. -->","yoast_head_json":{"title":"TABLEAU CONCRETE 855 - Muebles de dise\u00f1o en Soluciones Contract","description":"Compra TABLEAU CONCRETE 855 online en nuestra tienda de muebles Contract. Encuentra el mejor MOBILIARIO DE DISE\u00d1O para Hotel, Hogar y uso comercial. Descubre las mejores marcas en nuestro cat\u00e1logo.","robots":{"index":"index","follow":"follow","max-snippet":"max-snippet:-1","max-image-preview":"max-image-preview:large","max-video-preview":"max-video-preview:-1"},"canonical":"https:\/\/solucionescontract.com\/producto\/mesa-concrete-855\/","og_locale":"fr_FR","og_type":"article","og_title":"TABLEAU CONCRETE 855 - Muebles de dise\u00f1o en Soluciones Contract","og_description":"Compra TABLEAU CONCRETE 855 online en nuestra tienda de muebles Contract. Encuentra el mejor MOBILIARIO DE DISE\u00d1O para Hotel, Hogar y uso comercial. Descubre las mejores marcas en nuestro cat\u00e1logo.","og_url":"https:\/\/solucionescontract.com\/producto\/mesa-concrete-855\/","og_site_name":"Soluciones Contract","article_publisher":"https:\/\/www.facebook.com\/solucionescontract\/","og_image":[{"width":800,"height":800,"url":"https:\/\/solucionescontract.com\/wp-content\/uploads\/2017\/02\/concrete-855-pedrali-scontract_.jpg","type":"image\/jpeg"}],"twitter_card":"summary_large_image","schema":{"@context":"https:\/\/schema.org","@graph":[{"@type":"WebPage","@id":"https:\/\/solucionescontract.com\/producto\/mesa-concrete-855\/","url":"https:\/\/solucionescontract.com\/producto\/mesa-concrete-855\/","name":"TABLEAU CONCRETE 855 - Muebles de dise\u00f1o en Soluciones Contract","isPartOf":{"@id":"https:\/\/solucionescontract.com\/#website"},"primaryImageOfPage":{"@id":"https:\/\/solucionescontract.com\/producto\/mesa-concrete-855\/#primaryimage"},"image":{"@id":"https:\/\/solucionescontract.com\/producto\/mesa-concrete-855\/#primaryimage"},"thumbnailUrl":"https:\/\/solucionescontract.com\/wp-content\/uploads\/2017\/02\/concrete-855-pedrali-scontract_.jpg","datePublished":"2017-02-15T23:15:12+00:00","description":"Compra TABLEAU CONCRETE 855 online en nuestra tienda de muebles Contract. Encuentra el mejor MOBILIARIO DE DISE\u00d1O para Hotel, Hogar y uso comercial. Descubre las mejores marcas en nuestro cat\u00e1logo.","breadcrumb":{"@id":"https:\/\/solucionescontract.com\/producto\/mesa-concrete-855\/#breadcrumb"},"inLanguage":"fr-FR","potentialAction":[{"@type":"ReadAction","target":["https:\/\/solucionescontract.com\/producto\/mesa-concrete-855\/"]}]},{"@type":"ImageObject","inLanguage":"fr-FR","@id":"https:\/\/solucionescontract.com\/producto\/mesa-concrete-855\/#primaryimage","url":"https:\/\/solucionescontract.com\/wp-content\/uploads\/2017\/02\/concrete-855-pedrali-scontract_.jpg","contentUrl":"https:\/\/solucionescontract.com\/wp-content\/uploads\/2017\/02\/concrete-855-pedrali-scontract_.jpg","width":800,"height":800},{"@type":"BreadcrumbList","@id":"https:\/\/solucionescontract.com\/producto\/mesa-concrete-855\/#breadcrumb","itemListElement":[{"@type":"ListItem","position":1,"name":"Inicio","item":"https:\/\/solucionescontract.com\/"},{"@type":"ListItem","position":2,"name":"Tienda mobiliario contract","item":"https:\/\/solucionescontract.com\/tienda-mobiliario-contract\/"},{"@type":"ListItem","position":3,"name":"Mesas de dise\u00f1o","item":"https:\/\/solucionescontract.com\/categoria-producto\/mesas-de-diseno\/"},{"@type":"ListItem","position":4,"name":"Mesas Hosteler\u00eda","item":"https:\/\/solucionescontract.com\/categoria-producto\/mesas-de-diseno\/mesas-hosteleria\/"},{"@type":"ListItem","position":5,"name":"TABLEAU CONCRETE 855"}]},{"@type":"WebSite","@id":"https:\/\/solucionescontract.com\/#website","url":"https:\/\/solucionescontract.com\/","name":"Soluciones Contract","description":"Venta Mobiliario contract de dise\u00f1o","publisher":{"@id":"https:\/\/solucionescontract.com\/#organization"},"potentialAction":[{"@type":"SearchAction","target":{"@type":"EntryPoint","urlTemplate":"https:\/\/solucionescontract.com\/?s={search_term_string}"},"query-input":{"@type":"PropertyValueSpecification","valueRequired":true,"valueName":"search_term_string"}}],"inLanguage":"fr-FR"},{"@type":"Organization","@id":"https:\/\/solucionescontract.com\/#organization","name":"Soluciones Contract","url":"https:\/\/solucionescontract.com\/","logo":{"@type":"ImageObject","inLanguage":"fr-FR","@id":"https:\/\/solucionescontract.com\/#\/schema\/logo\/image\/","url":"https:\/\/solucionescontract.com\/wp-content\/uploads\/2020\/02\/logoSC.jpg","contentUrl":"https:\/\/solucionescontract.com\/wp-content\/uploads\/2020\/02\/logoSC.jpg","width":300,"height":125,"caption":"Soluciones Contract"},"image":{"@id":"https:\/\/solucionescontract.com\/#\/schema\/logo\/image\/"},"sameAs":["https:\/\/www.facebook.com\/solucionescontract\/"]}]}},"_links":{"self":[{"href":"https:\/\/solucionescontract.com\/fr\/wp-json\/wp\/v2\/product\/21146","targetHints":{"allow":["GET"]}}],"collection":[{"href":"https:\/\/solucionescontract.com\/fr\/wp-json\/wp\/v2\/product"}],"about":[{"href":"https:\/\/solucionescontract.com\/fr\/wp-json\/wp\/v2\/types\/product"}],"replies":[{"embeddable":true,"href":"https:\/\/solucionescontract.com\/fr\/wp-json\/wp\/v2\/comments?post=21146"}],"wp:featuredmedia":[{"embeddable":true,"href":"https:\/\/solucionescontract.com\/fr\/wp-json\/wp\/v2\/media\/13410"}],"wp:attachment":[{"href":"https:\/\/solucionescontract.com\/fr\/wp-json\/wp\/v2\/media?parent=21146"}],"wp:term":[{"taxonomy":"product_brand","embeddable":true,"href":"https:\/\/solucionescontract.com\/fr\/wp-json\/wp\/v2\/product_brand?post=21146"},{"taxonomy":"product_cat","embeddable":true,"href":"https:\/\/solucionescontract.com\/fr\/wp-json\/wp\/v2\/product_cat?post=21146"},{"taxonomy":"product_tag","embeddable":true,"href":"https:\/\/solucionescontract.com\/fr\/wp-json\/wp\/v2\/product_tag?post=21146"}],"curies":[{"name":"wp","href":"https:\/\/api.w.org\/{rel}","templated":true}]}}