{"id":21068,"date":"2016-12-15T00:00:24","date_gmt":"2016-12-15T00:00:24","guid":{"rendered":"https:\/\/www.solucionescontract.com\/producto\/fauteuil-8249-tm\/"},"modified":"2016-12-15T00:00:24","modified_gmt":"2016-12-15T00:00:24","slug":"fauteuil-8249-tm","status":"publish","type":"product","link":"https:\/\/solucionescontract.com\/fr\/producto\/fauteuil-8249-tm\/","title":{"rendered":"FAUTEUIL 8249 TM"},"content":{"rendered":"<p><strong>Description :<\/strong><br \/>\nFauteuil pivotant et rembourr\u00e9, moderne, style id\u00e9al pour les chambres de restaurant et d&rsquo;h\u00f4tel pour sa polyvalence, sa solidit\u00e9 et son confort. Son esth\u00e9tique conseille une utilisation et un placement dans des zones de passage, communes, de repos et nobles.<\/p>\n<p><strong>Structure :<\/strong><br \/>\nStructure et cadre en bois de pin de premi\u00e8re qualit\u00e9 recouvert de panneaux de particules de 18 mm et recouvert de mousse de polyur\u00e9thane haute densit\u00e9 avec une HR de 30 kg\/m3. Finitions ext\u00e9rieures rembourr\u00e9es et base form\u00e9e par une colonne cylindrique et une base circulaire rotative \u00e0 360\u00ba en acier inoxydable.<\/p>\n<p><strong>Si\u00e8ge :<\/strong><br \/>\nCadre avec syst\u00e8me de suspension \u00e0 sangles \u00e9lastiques haute r\u00e9sistance NEA avec 10 ans de garantie. Mousse de caoutchouc \u00e0 haute densit\u00e9. Si\u00e8ge ergonomique.<\/p>\n<p><strong>Les armes :<\/strong><br \/>\nPlus longue que la structure afin qu&rsquo;elle offre un soutien solide \u00e0 l&rsquo;utilisateur. Enti\u00e8rement rembourr\u00e9 de caoutchouc mousse<\/p>\n<p><strong>Dossier :<\/strong><br \/>\nMousse de polyur\u00e9thane RH 25 kg. \u00c9paisseur moyenne de 30 mm. Conception anatomique du dossier avec forme ergonomique, pour une adaptation parfaite du dos en fonction des param\u00e8tres techniques de l&rsquo;ergonomie.<\/p>\n<p><strong>Les finitions :<\/strong><br \/>\n<a href=\"\/fr\/producto\/finition-tm\/\">Rembourrage et nuancier selon le livre d&rsquo;\u00e9chantillons.<\/a><\/script><\/p>\n","protected":false},"excerpt":{"rendered":"<ul>\n<li>Chaise pivotante rembourr\u00e9e avec accoudoirs.<\/li>\n<li>Structure et cadre en bois de pin de premi\u00e8re qualit\u00e9<\/li>\n<li>Pied de base circulaire en acier inoxydable.<\/li>\n<li>Hauteur du si\u00e8ge 470 mm<\/li>\n<li>Si\u00e8ge, accoudoir et dossier rembourr\u00e9s de mousse.<\/li>\n<li>Utilisation int\u00e9rieure<\/li>\n<li>Large gamme de finitions du bois \/ de rembourrage, <a href=\"\/fr\/producto\/finition-tm\/\">s\u00e9lectionnez les finitions ici<\/a><\/li>\n<\/ul>\n","protected":false},"featured_media":13878,"comment_status":"open","ping_status":"closed","template":"","meta":[],"product_brand":[],"product_cat":[627,531,625],"product_tag":[655,704,689],"class_list":{"0":"post-21068","1":"product","2":"type-product","3":"status-publish","4":"has-post-thumbnail","6":"product_cat-fauteuil-contract","7":"product_cat-fauteuils-design","8":"product_cat-salle-dattente-et-reception","9":"product_tag-interior-fr","10":"product_tag-giratoria-fr","11":"product_tag-asientos-tapizados-fr","12":"product_shipping_class-gratuit","13":"yith_product_brand-tm-sillerias-fr","15":"first","16":"instock","17":"taxable","18":"shipping-taxable","19":"purchasable","20":"product-type-simple"},"yoast_head":"<!-- This site is optimized with the Yoast SEO plugin v27.3 - https:\/\/yoast.com\/product\/yoast-seo-wordpress\/ -->\n<title>Fauteuil Pivotant Contract. Soluciones Contract<\/title>\n<meta name=\"description\" content=\"Fauteuil pivotant Contract rembourr\u00e9 avec une base circulaire. Fauteuil pour la salle d&#039;attente ou espace de repos. Particuli\u00e8rement adapt\u00e9 \u00e0 un usage professionnel.\" \/>\n<meta name=\"robots\" content=\"index, follow, max-snippet:-1, max-image-preview:large, max-video-preview:-1\" \/>\n<link rel=\"canonical\" href=\"https:\/\/solucionescontract.com\/producto\/butaca-giratoria-contract\/\" \/>\n<meta property=\"og:locale\" content=\"fr_FR\" \/>\n<meta property=\"og:type\" content=\"article\" \/>\n<meta property=\"og:title\" content=\"Fauteuil Pivotant Contract. Soluciones Contract\" \/>\n<meta property=\"og:description\" content=\"Fauteuil pivotant Contract rembourr\u00e9 avec une base circulaire. Fauteuil pour la salle d&#039;attente ou espace de repos. Particuli\u00e8rement adapt\u00e9 \u00e0 un usage professionnel.\" \/>\n<meta property=\"og:url\" content=\"https:\/\/solucionescontract.com\/producto\/butaca-giratoria-contract\/\" \/>\n<meta property=\"og:site_name\" content=\"Soluciones Contract\" \/>\n<meta property=\"article:publisher\" content=\"https:\/\/www.facebook.com\/solucionescontract\/\" \/>\n<meta property=\"og:image\" content=\"https:\/\/solucionescontract.com\/wp-content\/uploads\/2016\/12\/TM-SILLA-8249_SOUCIONESCONTRACT_1.jpg\" \/>\n\t<meta property=\"og:image:width\" content=\"740\" \/>\n\t<meta property=\"og:image:height\" content=\"740\" \/>\n\t<meta property=\"og:image:type\" content=\"image\/jpeg\" \/>\n<meta name=\"twitter:card\" content=\"summary_large_image\" \/>\n<meta name=\"twitter:label1\" content=\"Dur\u00e9e de lecture estim\u00e9e\" \/>\n\t<meta name=\"twitter:data1\" content=\"1 minute\" \/>\n<script type=\"application\/ld+json\" class=\"yoast-schema-graph\">{\"@context\":\"https:\\\/\\\/schema.org\",\"@graph\":[{\"@type\":\"WebPage\",\"@id\":\"https:\\\/\\\/solucionescontract.com\\\/producto\\\/butaca-giratoria-contract\\\/\",\"url\":\"https:\\\/\\\/solucionescontract.com\\\/producto\\\/butaca-giratoria-contract\\\/\",\"name\":\"Fauteuil Pivotant Contract. Soluciones Contract\",\"isPartOf\":{\"@id\":\"https:\\\/\\\/solucionescontract.com\\\/#website\"},\"primaryImageOfPage\":{\"@id\":\"https:\\\/\\\/solucionescontract.com\\\/producto\\\/butaca-giratoria-contract\\\/#primaryimage\"},\"image\":{\"@id\":\"https:\\\/\\\/solucionescontract.com\\\/producto\\\/butaca-giratoria-contract\\\/#primaryimage\"},\"thumbnailUrl\":\"https:\\\/\\\/solucionescontract.com\\\/wp-content\\\/uploads\\\/2016\\\/12\\\/TM-SILLA-8249_SOUCIONESCONTRACT_1.jpg\",\"datePublished\":\"2016-12-15T00:00:24+00:00\",\"description\":\"Fauteuil pivotant Contract rembourr\u00e9 avec une base circulaire. Fauteuil pour la salle d'attente ou espace de repos. Particuli\u00e8rement adapt\u00e9 \u00e0 un usage professionnel.\",\"breadcrumb\":{\"@id\":\"https:\\\/\\\/solucionescontract.com\\\/producto\\\/butaca-giratoria-contract\\\/#breadcrumb\"},\"inLanguage\":\"fr-FR\",\"potentialAction\":[{\"@type\":\"ReadAction\",\"target\":[\"https:\\\/\\\/solucionescontract.com\\\/producto\\\/butaca-giratoria-contract\\\/\"]}]},{\"@type\":\"ImageObject\",\"inLanguage\":\"fr-FR\",\"@id\":\"https:\\\/\\\/solucionescontract.com\\\/producto\\\/butaca-giratoria-contract\\\/#primaryimage\",\"url\":\"https:\\\/\\\/solucionescontract.com\\\/wp-content\\\/uploads\\\/2016\\\/12\\\/TM-SILLA-8249_SOUCIONESCONTRACT_1.jpg\",\"contentUrl\":\"https:\\\/\\\/solucionescontract.com\\\/wp-content\\\/uploads\\\/2016\\\/12\\\/TM-SILLA-8249_SOUCIONESCONTRACT_1.jpg\",\"width\":740,\"height\":740},{\"@type\":\"BreadcrumbList\",\"@id\":\"https:\\\/\\\/solucionescontract.com\\\/producto\\\/butaca-giratoria-contract\\\/#breadcrumb\",\"itemListElement\":[{\"@type\":\"ListItem\",\"position\":1,\"name\":\"Inicio\",\"item\":\"https:\\\/\\\/solucionescontract.com\\\/\"},{\"@type\":\"ListItem\",\"position\":2,\"name\":\"Tienda mobiliario contract\",\"item\":\"https:\\\/\\\/solucionescontract.com\\\/tienda-mobiliario-contract\\\/\"},{\"@type\":\"ListItem\",\"position\":3,\"name\":\"Asientos Contract\",\"item\":\"https:\\\/\\\/solucionescontract.com\\\/categoria-producto\\\/asientos-para-contract\\\/\"},{\"@type\":\"ListItem\",\"position\":4,\"name\":\"Sof\u00e1s de dise\u00f1o\",\"item\":\"https:\\\/\\\/solucionescontract.com\\\/categoria-producto\\\/asientos-para-contract\\\/sofas-de-diseno\\\/\"},{\"@type\":\"ListItem\",\"position\":5,\"name\":\"Sillones\",\"item\":\"https:\\\/\\\/solucionescontract.com\\\/categoria-producto\\\/asientos-para-contract\\\/sofas-de-diseno\\\/sillones-contract\\\/\"},{\"@type\":\"ListItem\",\"position\":6,\"name\":\"FAUTEUIL 8249 TM\"}]},{\"@type\":\"WebSite\",\"@id\":\"https:\\\/\\\/solucionescontract.com\\\/#website\",\"url\":\"https:\\\/\\\/solucionescontract.com\\\/\",\"name\":\"Soluciones Contract\",\"description\":\"Venta Mobiliario contract de dise\u00f1o\",\"publisher\":{\"@id\":\"https:\\\/\\\/solucionescontract.com\\\/#organization\"},\"potentialAction\":[{\"@type\":\"SearchAction\",\"target\":{\"@type\":\"EntryPoint\",\"urlTemplate\":\"https:\\\/\\\/solucionescontract.com\\\/?s={search_term_string}\"},\"query-input\":{\"@type\":\"PropertyValueSpecification\",\"valueRequired\":true,\"valueName\":\"search_term_string\"}}],\"inLanguage\":\"fr-FR\"},{\"@type\":\"Organization\",\"@id\":\"https:\\\/\\\/solucionescontract.com\\\/#organization\",\"name\":\"Soluciones Contract\",\"url\":\"https:\\\/\\\/solucionescontract.com\\\/\",\"logo\":{\"@type\":\"ImageObject\",\"inLanguage\":\"fr-FR\",\"@id\":\"https:\\\/\\\/solucionescontract.com\\\/#\\\/schema\\\/logo\\\/image\\\/\",\"url\":\"https:\\\/\\\/solucionescontract.com\\\/wp-content\\\/uploads\\\/2020\\\/02\\\/logoSC.jpg\",\"contentUrl\":\"https:\\\/\\\/solucionescontract.com\\\/wp-content\\\/uploads\\\/2020\\\/02\\\/logoSC.jpg\",\"width\":300,\"height\":125,\"caption\":\"Soluciones Contract\"},\"image\":{\"@id\":\"https:\\\/\\\/solucionescontract.com\\\/#\\\/schema\\\/logo\\\/image\\\/\"},\"sameAs\":[\"https:\\\/\\\/www.facebook.com\\\/solucionescontract\\\/\"]}]}<\/script>\n<!-- \/ Yoast SEO plugin. -->","yoast_head_json":{"title":"Fauteuil Pivotant Contract. Soluciones Contract","description":"Fauteuil pivotant Contract rembourr\u00e9 avec une base circulaire. Fauteuil pour la salle d'attente ou espace de repos. Particuli\u00e8rement adapt\u00e9 \u00e0 un usage professionnel.","robots":{"index":"index","follow":"follow","max-snippet":"max-snippet:-1","max-image-preview":"max-image-preview:large","max-video-preview":"max-video-preview:-1"},"canonical":"https:\/\/solucionescontract.com\/producto\/butaca-giratoria-contract\/","og_locale":"fr_FR","og_type":"article","og_title":"Fauteuil Pivotant Contract. Soluciones Contract","og_description":"Fauteuil pivotant Contract rembourr\u00e9 avec une base circulaire. Fauteuil pour la salle d'attente ou espace de repos. Particuli\u00e8rement adapt\u00e9 \u00e0 un usage professionnel.","og_url":"https:\/\/solucionescontract.com\/producto\/butaca-giratoria-contract\/","og_site_name":"Soluciones Contract","article_publisher":"https:\/\/www.facebook.com\/solucionescontract\/","og_image":[{"width":740,"height":740,"url":"https:\/\/solucionescontract.com\/wp-content\/uploads\/2016\/12\/TM-SILLA-8249_SOUCIONESCONTRACT_1.jpg","type":"image\/jpeg"}],"twitter_card":"summary_large_image","twitter_misc":{"Dur\u00e9e de lecture estim\u00e9e":"1 minute"},"schema":{"@context":"https:\/\/schema.org","@graph":[{"@type":"WebPage","@id":"https:\/\/solucionescontract.com\/producto\/butaca-giratoria-contract\/","url":"https:\/\/solucionescontract.com\/producto\/butaca-giratoria-contract\/","name":"Fauteuil Pivotant Contract. Soluciones Contract","isPartOf":{"@id":"https:\/\/solucionescontract.com\/#website"},"primaryImageOfPage":{"@id":"https:\/\/solucionescontract.com\/producto\/butaca-giratoria-contract\/#primaryimage"},"image":{"@id":"https:\/\/solucionescontract.com\/producto\/butaca-giratoria-contract\/#primaryimage"},"thumbnailUrl":"https:\/\/solucionescontract.com\/wp-content\/uploads\/2016\/12\/TM-SILLA-8249_SOUCIONESCONTRACT_1.jpg","datePublished":"2016-12-15T00:00:24+00:00","description":"Fauteuil pivotant Contract rembourr\u00e9 avec une base circulaire. Fauteuil pour la salle d'attente ou espace de repos. Particuli\u00e8rement adapt\u00e9 \u00e0 un usage professionnel.","breadcrumb":{"@id":"https:\/\/solucionescontract.com\/producto\/butaca-giratoria-contract\/#breadcrumb"},"inLanguage":"fr-FR","potentialAction":[{"@type":"ReadAction","target":["https:\/\/solucionescontract.com\/producto\/butaca-giratoria-contract\/"]}]},{"@type":"ImageObject","inLanguage":"fr-FR","@id":"https:\/\/solucionescontract.com\/producto\/butaca-giratoria-contract\/#primaryimage","url":"https:\/\/solucionescontract.com\/wp-content\/uploads\/2016\/12\/TM-SILLA-8249_SOUCIONESCONTRACT_1.jpg","contentUrl":"https:\/\/solucionescontract.com\/wp-content\/uploads\/2016\/12\/TM-SILLA-8249_SOUCIONESCONTRACT_1.jpg","width":740,"height":740},{"@type":"BreadcrumbList","@id":"https:\/\/solucionescontract.com\/producto\/butaca-giratoria-contract\/#breadcrumb","itemListElement":[{"@type":"ListItem","position":1,"name":"Inicio","item":"https:\/\/solucionescontract.com\/"},{"@type":"ListItem","position":2,"name":"Tienda mobiliario contract","item":"https:\/\/solucionescontract.com\/tienda-mobiliario-contract\/"},{"@type":"ListItem","position":3,"name":"Asientos Contract","item":"https:\/\/solucionescontract.com\/categoria-producto\/asientos-para-contract\/"},{"@type":"ListItem","position":4,"name":"Sof\u00e1s de dise\u00f1o","item":"https:\/\/solucionescontract.com\/categoria-producto\/asientos-para-contract\/sofas-de-diseno\/"},{"@type":"ListItem","position":5,"name":"Sillones","item":"https:\/\/solucionescontract.com\/categoria-producto\/asientos-para-contract\/sofas-de-diseno\/sillones-contract\/"},{"@type":"ListItem","position":6,"name":"FAUTEUIL 8249 TM"}]},{"@type":"WebSite","@id":"https:\/\/solucionescontract.com\/#website","url":"https:\/\/solucionescontract.com\/","name":"Soluciones Contract","description":"Venta Mobiliario contract de dise\u00f1o","publisher":{"@id":"https:\/\/solucionescontract.com\/#organization"},"potentialAction":[{"@type":"SearchAction","target":{"@type":"EntryPoint","urlTemplate":"https:\/\/solucionescontract.com\/?s={search_term_string}"},"query-input":{"@type":"PropertyValueSpecification","valueRequired":true,"valueName":"search_term_string"}}],"inLanguage":"fr-FR"},{"@type":"Organization","@id":"https:\/\/solucionescontract.com\/#organization","name":"Soluciones Contract","url":"https:\/\/solucionescontract.com\/","logo":{"@type":"ImageObject","inLanguage":"fr-FR","@id":"https:\/\/solucionescontract.com\/#\/schema\/logo\/image\/","url":"https:\/\/solucionescontract.com\/wp-content\/uploads\/2020\/02\/logoSC.jpg","contentUrl":"https:\/\/solucionescontract.com\/wp-content\/uploads\/2020\/02\/logoSC.jpg","width":300,"height":125,"caption":"Soluciones Contract"},"image":{"@id":"https:\/\/solucionescontract.com\/#\/schema\/logo\/image\/"},"sameAs":["https:\/\/www.facebook.com\/solucionescontract\/"]}]}},"_links":{"self":[{"href":"https:\/\/solucionescontract.com\/fr\/wp-json\/wp\/v2\/product\/21068","targetHints":{"allow":["GET"]}}],"collection":[{"href":"https:\/\/solucionescontract.com\/fr\/wp-json\/wp\/v2\/product"}],"about":[{"href":"https:\/\/solucionescontract.com\/fr\/wp-json\/wp\/v2\/types\/product"}],"replies":[{"embeddable":true,"href":"https:\/\/solucionescontract.com\/fr\/wp-json\/wp\/v2\/comments?post=21068"}],"wp:featuredmedia":[{"embeddable":true,"href":"https:\/\/solucionescontract.com\/fr\/wp-json\/wp\/v2\/media\/13878"}],"wp:attachment":[{"href":"https:\/\/solucionescontract.com\/fr\/wp-json\/wp\/v2\/media?parent=21068"}],"wp:term":[{"taxonomy":"product_brand","embeddable":true,"href":"https:\/\/solucionescontract.com\/fr\/wp-json\/wp\/v2\/product_brand?post=21068"},{"taxonomy":"product_cat","embeddable":true,"href":"https:\/\/solucionescontract.com\/fr\/wp-json\/wp\/v2\/product_cat?post=21068"},{"taxonomy":"product_tag","embeddable":true,"href":"https:\/\/solucionescontract.com\/fr\/wp-json\/wp\/v2\/product_tag?post=21068"}],"curies":[{"name":"wp","href":"https:\/\/api.w.org\/{rel}","templated":true}]}}