{"id":21062,"date":"2016-12-14T23:44:13","date_gmt":"2016-12-14T23:44:13","guid":{"rendered":"https:\/\/www.solucionescontract.com\/producto\/tabouret-7216-tm\/"},"modified":"2016-12-14T23:44:13","modified_gmt":"2016-12-14T23:44:13","slug":"tabouret-7216-tm","status":"publish","type":"product","link":"https:\/\/solucionescontract.com\/fr\/producto\/tabouret-7216-tm\/","title":{"rendered":"TABOURET 7216 TM"},"content":{"rendered":"<p><strong>Description :<\/strong><br \/>\nTabouret en bois, de style vintage, id\u00e9al pour un restaurant, une salle \u00e0 manger ou une salle de congr\u00e8s en raison de sa taille et de sa pr\u00e9sence, de sa polyvalence, de sa r\u00e9sistance et de son confort. Son design lui conf\u00e8re une touche de distinction et d&rsquo;exclusivit\u00e9 qui le rend unique et irrempla\u00e7able.<\/p>\n<p><strong>Structure :<\/strong><br \/>\nStructure et cadre en bois de h\u00eatre massif de premi\u00e8re qualit\u00e9, avec des assemblages et des vis cach\u00e9s. Finitions ext\u00e9rieures en bois de h\u00eatre de premi\u00e8re qualit\u00e9 et pieds vernis en polyur\u00e9thane haute r\u00e9sistance.<\/p>\n<p><strong>Si\u00e8ge :<\/strong><br \/>\nLamin\u00e9 en contreplaqu\u00e9 de 16 mm. Si\u00e8ge ergonomique. Placage de h\u00eatre fa\u00e7onn\u00e9 ou moulage dm selon le mod\u00e8le.<\/p>\n<p><strong>Dossier :<\/strong><br \/>\nStructure en bois de h\u00eatre de premi\u00e8re qualit\u00e9. Conception anatomique du dossier avec une forme ergonomique.<\/p>\n<p><strong>Vernis :<\/strong><br \/>\nBase et finition en polyur\u00e9thane.<\/p>\n<p><strong>Les finitions :<\/strong><br \/>\nCouleur du bois et nuancier selon le livre d&rsquo;\u00e9chantillons.<\/script><\/p>\n","protected":false},"excerpt":{"rendered":"<ul>\n<li>Tabouret en bois de style vintage.<\/li>\n<li>Structure et cadre en bois massif.<\/li>\n<li>Si\u00e8ge stratifi\u00e9 en contreplaqu\u00e9 de 16 mm.<\/li>\n<li>Hauteur du si\u00e8ge 770 mm<\/li>\n<li>Utilisation \u00e0 l&rsquo;int\u00e9rieur<\/li>\n<li>Large gamme de finitions du bois \/ de rembourrage, <a href=\"\/fr\/producto\/finition-tm\/\">s\u00e9lectionnez les finitions ici<\/a><\/li>\n<\/ul>\n","protected":false},"featured_media":14046,"comment_status":"open","ping_status":"closed","template":"","meta":[],"product_brand":[],"product_cat":[529,539],"product_tag":[655,691],"class_list":{"0":"post-21062","1":"product","2":"type-product","3":"status-publish","4":"has-post-thumbnail","6":"product_cat-sieges-contractuels","7":"product_cat-tabourets-design","8":"product_tag-interior-fr","9":"product_tag-asientos-de-madera-fr","10":"product_shipping_class-gratuit","11":"yith_product_brand-tm-sillerias-fr","13":"first","14":"instock","15":"taxable","16":"shipping-taxable","17":"purchasable","18":"product-type-simple"},"yoast_head":"<!-- This site is optimized with the Yoast SEO plugin v27.3 - https:\/\/yoast.com\/product\/yoast-seo-wordpress\/ -->\n<title>TABOURET 7216 TM - Muebles de dise\u00f1o en Soluciones Contract<\/title>\n<meta name=\"description\" content=\"Compra TABOURET 7216 TM online en nuestra tienda de muebles Contract. Encuentra el mejor MOBILIARIO DE DISE\u00d1O para Hotel, Hogar y uso comercial. Descubre las mejores marcas en nuestro cat\u00e1logo.\" \/>\n<meta name=\"robots\" content=\"index, follow, max-snippet:-1, max-image-preview:large, max-video-preview:-1\" \/>\n<link rel=\"canonical\" href=\"https:\/\/solucionescontract.com\/producto\/taburete-7216-tm\/\" \/>\n<meta property=\"og:locale\" content=\"fr_FR\" \/>\n<meta property=\"og:type\" content=\"article\" \/>\n<meta property=\"og:title\" content=\"TABOURET 7216 TM - Muebles de dise\u00f1o en Soluciones Contract\" \/>\n<meta property=\"og:description\" content=\"Compra TABOURET 7216 TM online en nuestra tienda de muebles Contract. Encuentra el mejor MOBILIARIO DE DISE\u00d1O para Hotel, Hogar y uso comercial. Descubre las mejores marcas en nuestro cat\u00e1logo.\" \/>\n<meta property=\"og:url\" content=\"https:\/\/solucionescontract.com\/producto\/taburete-7216-tm\/\" \/>\n<meta property=\"og:site_name\" content=\"Soluciones Contract\" \/>\n<meta property=\"article:publisher\" content=\"https:\/\/www.facebook.com\/solucionescontract\/\" \/>\n<meta property=\"og:image\" content=\"https:\/\/solucionescontract.com\/wp-content\/uploads\/2016\/12\/TM-TABURETE-7216_SOUCIONESCONTRACT_01.jpg\" \/>\n\t<meta property=\"og:image:width\" content=\"800\" \/>\n\t<meta property=\"og:image:height\" content=\"800\" \/>\n\t<meta property=\"og:image:type\" content=\"image\/jpeg\" \/>\n<meta name=\"twitter:card\" content=\"summary_large_image\" \/>\n<meta name=\"twitter:label1\" content=\"Dur\u00e9e de lecture estim\u00e9e\" \/>\n\t<meta name=\"twitter:data1\" content=\"1 minute\" \/>\n<script type=\"application\/ld+json\" class=\"yoast-schema-graph\">{\"@context\":\"https:\\\/\\\/schema.org\",\"@graph\":[{\"@type\":\"WebPage\",\"@id\":\"https:\\\/\\\/solucionescontract.com\\\/producto\\\/taburete-7216-tm\\\/\",\"url\":\"https:\\\/\\\/solucionescontract.com\\\/producto\\\/taburete-7216-tm\\\/\",\"name\":\"TABOURET 7216 TM - Muebles de dise\u00f1o en Soluciones Contract\",\"isPartOf\":{\"@id\":\"https:\\\/\\\/solucionescontract.com\\\/#website\"},\"primaryImageOfPage\":{\"@id\":\"https:\\\/\\\/solucionescontract.com\\\/producto\\\/taburete-7216-tm\\\/#primaryimage\"},\"image\":{\"@id\":\"https:\\\/\\\/solucionescontract.com\\\/producto\\\/taburete-7216-tm\\\/#primaryimage\"},\"thumbnailUrl\":\"https:\\\/\\\/solucionescontract.com\\\/wp-content\\\/uploads\\\/2016\\\/12\\\/TM-TABURETE-7216_SOUCIONESCONTRACT_01.jpg\",\"datePublished\":\"2016-12-14T23:44:13+00:00\",\"description\":\"Compra TABOURET 7216 TM online en nuestra tienda de muebles Contract. Encuentra el mejor MOBILIARIO DE DISE\u00d1O para Hotel, Hogar y uso comercial. Descubre las mejores marcas en nuestro cat\u00e1logo.\",\"breadcrumb\":{\"@id\":\"https:\\\/\\\/solucionescontract.com\\\/producto\\\/taburete-7216-tm\\\/#breadcrumb\"},\"inLanguage\":\"fr-FR\",\"potentialAction\":[{\"@type\":\"ReadAction\",\"target\":[\"https:\\\/\\\/solucionescontract.com\\\/producto\\\/taburete-7216-tm\\\/\"]}]},{\"@type\":\"ImageObject\",\"inLanguage\":\"fr-FR\",\"@id\":\"https:\\\/\\\/solucionescontract.com\\\/producto\\\/taburete-7216-tm\\\/#primaryimage\",\"url\":\"https:\\\/\\\/solucionescontract.com\\\/wp-content\\\/uploads\\\/2016\\\/12\\\/TM-TABURETE-7216_SOUCIONESCONTRACT_01.jpg\",\"contentUrl\":\"https:\\\/\\\/solucionescontract.com\\\/wp-content\\\/uploads\\\/2016\\\/12\\\/TM-TABURETE-7216_SOUCIONESCONTRACT_01.jpg\",\"width\":800,\"height\":800},{\"@type\":\"BreadcrumbList\",\"@id\":\"https:\\\/\\\/solucionescontract.com\\\/producto\\\/taburete-7216-tm\\\/#breadcrumb\",\"itemListElement\":[{\"@type\":\"ListItem\",\"position\":1,\"name\":\"Inicio\",\"item\":\"https:\\\/\\\/solucionescontract.com\\\/\"},{\"@type\":\"ListItem\",\"position\":2,\"name\":\"Tienda mobiliario contract\",\"item\":\"https:\\\/\\\/solucionescontract.com\\\/tienda-mobiliario-contract\\\/\"},{\"@type\":\"ListItem\",\"position\":3,\"name\":\"Asientos Contract\",\"item\":\"https:\\\/\\\/solucionescontract.com\\\/categoria-producto\\\/asientos-para-contract\\\/\"},{\"@type\":\"ListItem\",\"position\":4,\"name\":\"Taburetes de dise\u00f1o\",\"item\":\"https:\\\/\\\/solucionescontract.com\\\/categoria-producto\\\/asientos-para-contract\\\/taburetes-de-diseno\\\/\"},{\"@type\":\"ListItem\",\"position\":5,\"name\":\"TABOURET 7216 TM\"}]},{\"@type\":\"WebSite\",\"@id\":\"https:\\\/\\\/solucionescontract.com\\\/#website\",\"url\":\"https:\\\/\\\/solucionescontract.com\\\/\",\"name\":\"Soluciones Contract\",\"description\":\"Venta Mobiliario contract de dise\u00f1o\",\"publisher\":{\"@id\":\"https:\\\/\\\/solucionescontract.com\\\/#organization\"},\"potentialAction\":[{\"@type\":\"SearchAction\",\"target\":{\"@type\":\"EntryPoint\",\"urlTemplate\":\"https:\\\/\\\/solucionescontract.com\\\/?s={search_term_string}\"},\"query-input\":{\"@type\":\"PropertyValueSpecification\",\"valueRequired\":true,\"valueName\":\"search_term_string\"}}],\"inLanguage\":\"fr-FR\"},{\"@type\":\"Organization\",\"@id\":\"https:\\\/\\\/solucionescontract.com\\\/#organization\",\"name\":\"Soluciones Contract\",\"url\":\"https:\\\/\\\/solucionescontract.com\\\/\",\"logo\":{\"@type\":\"ImageObject\",\"inLanguage\":\"fr-FR\",\"@id\":\"https:\\\/\\\/solucionescontract.com\\\/#\\\/schema\\\/logo\\\/image\\\/\",\"url\":\"https:\\\/\\\/solucionescontract.com\\\/wp-content\\\/uploads\\\/2020\\\/02\\\/logoSC.jpg\",\"contentUrl\":\"https:\\\/\\\/solucionescontract.com\\\/wp-content\\\/uploads\\\/2020\\\/02\\\/logoSC.jpg\",\"width\":300,\"height\":125,\"caption\":\"Soluciones Contract\"},\"image\":{\"@id\":\"https:\\\/\\\/solucionescontract.com\\\/#\\\/schema\\\/logo\\\/image\\\/\"},\"sameAs\":[\"https:\\\/\\\/www.facebook.com\\\/solucionescontract\\\/\"]}]}<\/script>\n<!-- \/ Yoast SEO plugin. -->","yoast_head_json":{"title":"TABOURET 7216 TM - Muebles de dise\u00f1o en Soluciones Contract","description":"Compra TABOURET 7216 TM online en nuestra tienda de muebles Contract. Encuentra el mejor MOBILIARIO DE DISE\u00d1O para Hotel, Hogar y uso comercial. Descubre las mejores marcas en nuestro cat\u00e1logo.","robots":{"index":"index","follow":"follow","max-snippet":"max-snippet:-1","max-image-preview":"max-image-preview:large","max-video-preview":"max-video-preview:-1"},"canonical":"https:\/\/solucionescontract.com\/producto\/taburete-7216-tm\/","og_locale":"fr_FR","og_type":"article","og_title":"TABOURET 7216 TM - Muebles de dise\u00f1o en Soluciones Contract","og_description":"Compra TABOURET 7216 TM online en nuestra tienda de muebles Contract. Encuentra el mejor MOBILIARIO DE DISE\u00d1O para Hotel, Hogar y uso comercial. Descubre las mejores marcas en nuestro cat\u00e1logo.","og_url":"https:\/\/solucionescontract.com\/producto\/taburete-7216-tm\/","og_site_name":"Soluciones Contract","article_publisher":"https:\/\/www.facebook.com\/solucionescontract\/","og_image":[{"width":800,"height":800,"url":"https:\/\/solucionescontract.com\/wp-content\/uploads\/2016\/12\/TM-TABURETE-7216_SOUCIONESCONTRACT_01.jpg","type":"image\/jpeg"}],"twitter_card":"summary_large_image","twitter_misc":{"Dur\u00e9e de lecture estim\u00e9e":"1 minute"},"schema":{"@context":"https:\/\/schema.org","@graph":[{"@type":"WebPage","@id":"https:\/\/solucionescontract.com\/producto\/taburete-7216-tm\/","url":"https:\/\/solucionescontract.com\/producto\/taburete-7216-tm\/","name":"TABOURET 7216 TM - Muebles de dise\u00f1o en Soluciones Contract","isPartOf":{"@id":"https:\/\/solucionescontract.com\/#website"},"primaryImageOfPage":{"@id":"https:\/\/solucionescontract.com\/producto\/taburete-7216-tm\/#primaryimage"},"image":{"@id":"https:\/\/solucionescontract.com\/producto\/taburete-7216-tm\/#primaryimage"},"thumbnailUrl":"https:\/\/solucionescontract.com\/wp-content\/uploads\/2016\/12\/TM-TABURETE-7216_SOUCIONESCONTRACT_01.jpg","datePublished":"2016-12-14T23:44:13+00:00","description":"Compra TABOURET 7216 TM online en nuestra tienda de muebles Contract. Encuentra el mejor MOBILIARIO DE DISE\u00d1O para Hotel, Hogar y uso comercial. Descubre las mejores marcas en nuestro cat\u00e1logo.","breadcrumb":{"@id":"https:\/\/solucionescontract.com\/producto\/taburete-7216-tm\/#breadcrumb"},"inLanguage":"fr-FR","potentialAction":[{"@type":"ReadAction","target":["https:\/\/solucionescontract.com\/producto\/taburete-7216-tm\/"]}]},{"@type":"ImageObject","inLanguage":"fr-FR","@id":"https:\/\/solucionescontract.com\/producto\/taburete-7216-tm\/#primaryimage","url":"https:\/\/solucionescontract.com\/wp-content\/uploads\/2016\/12\/TM-TABURETE-7216_SOUCIONESCONTRACT_01.jpg","contentUrl":"https:\/\/solucionescontract.com\/wp-content\/uploads\/2016\/12\/TM-TABURETE-7216_SOUCIONESCONTRACT_01.jpg","width":800,"height":800},{"@type":"BreadcrumbList","@id":"https:\/\/solucionescontract.com\/producto\/taburete-7216-tm\/#breadcrumb","itemListElement":[{"@type":"ListItem","position":1,"name":"Inicio","item":"https:\/\/solucionescontract.com\/"},{"@type":"ListItem","position":2,"name":"Tienda mobiliario contract","item":"https:\/\/solucionescontract.com\/tienda-mobiliario-contract\/"},{"@type":"ListItem","position":3,"name":"Asientos Contract","item":"https:\/\/solucionescontract.com\/categoria-producto\/asientos-para-contract\/"},{"@type":"ListItem","position":4,"name":"Taburetes de dise\u00f1o","item":"https:\/\/solucionescontract.com\/categoria-producto\/asientos-para-contract\/taburetes-de-diseno\/"},{"@type":"ListItem","position":5,"name":"TABOURET 7216 TM"}]},{"@type":"WebSite","@id":"https:\/\/solucionescontract.com\/#website","url":"https:\/\/solucionescontract.com\/","name":"Soluciones Contract","description":"Venta Mobiliario contract de dise\u00f1o","publisher":{"@id":"https:\/\/solucionescontract.com\/#organization"},"potentialAction":[{"@type":"SearchAction","target":{"@type":"EntryPoint","urlTemplate":"https:\/\/solucionescontract.com\/?s={search_term_string}"},"query-input":{"@type":"PropertyValueSpecification","valueRequired":true,"valueName":"search_term_string"}}],"inLanguage":"fr-FR"},{"@type":"Organization","@id":"https:\/\/solucionescontract.com\/#organization","name":"Soluciones Contract","url":"https:\/\/solucionescontract.com\/","logo":{"@type":"ImageObject","inLanguage":"fr-FR","@id":"https:\/\/solucionescontract.com\/#\/schema\/logo\/image\/","url":"https:\/\/solucionescontract.com\/wp-content\/uploads\/2020\/02\/logoSC.jpg","contentUrl":"https:\/\/solucionescontract.com\/wp-content\/uploads\/2020\/02\/logoSC.jpg","width":300,"height":125,"caption":"Soluciones Contract"},"image":{"@id":"https:\/\/solucionescontract.com\/#\/schema\/logo\/image\/"},"sameAs":["https:\/\/www.facebook.com\/solucionescontract\/"]}]}},"_links":{"self":[{"href":"https:\/\/solucionescontract.com\/fr\/wp-json\/wp\/v2\/product\/21062","targetHints":{"allow":["GET"]}}],"collection":[{"href":"https:\/\/solucionescontract.com\/fr\/wp-json\/wp\/v2\/product"}],"about":[{"href":"https:\/\/solucionescontract.com\/fr\/wp-json\/wp\/v2\/types\/product"}],"replies":[{"embeddable":true,"href":"https:\/\/solucionescontract.com\/fr\/wp-json\/wp\/v2\/comments?post=21062"}],"wp:featuredmedia":[{"embeddable":true,"href":"https:\/\/solucionescontract.com\/fr\/wp-json\/wp\/v2\/media\/14046"}],"wp:attachment":[{"href":"https:\/\/solucionescontract.com\/fr\/wp-json\/wp\/v2\/media?parent=21062"}],"wp:term":[{"taxonomy":"product_brand","embeddable":true,"href":"https:\/\/solucionescontract.com\/fr\/wp-json\/wp\/v2\/product_brand?post=21062"},{"taxonomy":"product_cat","embeddable":true,"href":"https:\/\/solucionescontract.com\/fr\/wp-json\/wp\/v2\/product_cat?post=21062"},{"taxonomy":"product_tag","embeddable":true,"href":"https:\/\/solucionescontract.com\/fr\/wp-json\/wp\/v2\/product_tag?post=21062"}],"curies":[{"name":"wp","href":"https:\/\/api.w.org\/{rel}","templated":true}]}}