{"id":21056,"date":"2016-12-14T23:30:45","date_gmt":"2016-12-14T23:30:45","guid":{"rendered":"https:\/\/www.solucionescontract.com\/producto\/canape-lit-superpose-888\/"},"modified":"2021-02-25T12:10:52","modified_gmt":"2021-02-25T12:10:52","slug":"bunk-canape-lit-914","status":"publish","type":"product","link":"https:\/\/solucionescontract.com\/fr\/producto\/bunk-canape-lit-914\/","title":{"rendered":"BUNK CANAP\u00c9 LIT 914"},"content":{"rendered":"<p><strong> Description: <\/strong><br \/>\nCanap\u00e9-lit de style moderne avec bras. Il devient 80 \u00d7 190 BUNK BUNK par le m\u00e9canisme de pliage du syst\u00e8me italien. Recommand\u00e9 pour les h\u00f4tels, les aparthotels et tous les environnements o\u00f9 un lit suppl\u00e9mentaire et une optimisation de l&rsquo;espace sont n\u00e9cessaires.<\/p>\n<p><strong> Structure: <\/strong><br \/>\nStructure en bois de pin de 1\u00e8re qualit\u00e9 recouvert de panneaux de particules et recouvert de mousse polyur\u00e9thane.<\/p>\n<p><strong> Si\u00e8ge: <\/strong><br \/>\nCh\u00e2ssis sur sommier avec syst\u00e8me de suspension par sangles \u00e9lastiques haute r\u00e9sistance Matelas Soft top densit\u00e9 HR 28kg \/ m3.<\/p>\n<p><strong> Armes: <\/strong><br \/>\nCe canap\u00e9-lit a 4 bras, deux \u00e0 l&rsquo;ext\u00e9rieur et deux \u00e0 l&rsquo;int\u00e9rieur, les deux \u00e0 l&rsquo;ext\u00e9rieur sont amovibles \u00e0 l&rsquo;aide de guides m\u00e9talliques. Et les deux int\u00e9rieurs (qui sont ceux qui sont plac\u00e9s sur le lit sup\u00e9rieur) sont fixes, fix\u00e9s \u00e0 la structure elle-m\u00eame par des vis.<\/p>\n<p><strong> Sauvegarde: <\/strong><\/p>\n<p>Structure en bois de pin de 1\u00e8re qualit\u00e9 viss\u00e9e \u00e0 la structure en bois et recouverte de mousse polyur\u00e9thane souple haute densit\u00e9 HR 20 kg \/ m3. Rembourrage amovible<\/p>\n<p><strong> M\u00e9canisme: <\/strong><\/p>\n<p>M\u00e9canisme canap\u00e9-lit convertible en deux lits simples, en lit superpos\u00e9, avec un syst\u00e8me de s\u00e9curit\u00e9 et un syst\u00e8me d&rsquo;extraction \u00e0 ouverture manuelle avec une poign\u00e9e \u00e9quip\u00e9e d&rsquo;une \u00e9chelle et d&rsquo;une protection. Structure en tube de meuble haute r\u00e9sistance avec vernis \u00e9poxy. Sommier avec treillis en acier soud\u00e9.<\/p>\n<p>Garantie de plus de 5 000 ouvertures.<\/p>\n<p><strong> Finitions: <\/strong><br \/>\n<a href=\"http:\/\/www.solucionescontract.com\/producto\/acabados-tm\/\"> Finitions rembourr\u00e9es selon le livre d&rsquo;\u00e9chantillons <\/a>.<\/p>\n<p><strong> Lit: <\/strong> lit pliant syst\u00e8me italien superpos\u00e9. Taille du lit 80 x190cms. Matelas en caoutchouc mousse rembourr\u00e9 de tissu Strench.28 kg \/ m3 de densit\u00e9 douce, avec rev\u00eatement en aloe vera.<\/script><\/p>\n","protected":false},"excerpt":{"rendered":"<ul>\n<li style = \"text-align: justify;\"> Canap\u00e9 convertible moderne avec accoudoirs. <\/li>\n<li style = \"text-align: justify;\"> Structure et cadre en bois de pin de 1\u00e8re qualit\u00e9 <\/li>\n<li style = \"text-align: justify;\"> M\u00e9canisme d&rsquo;ouverture avec une garantie de plus de 5000 ouvertures. <\/li>\n<li style = \"text-align: justify;\"> Hauteur d&rsquo;assise 490 mm <\/li>\n<li style = \"text-align: justify;\"> \u00c9tendu: 226x107X170 cm <\/li>\n<li class = \"tw-data-text tw-ta tw-text-small\" dir = \"ltr\" style = \"text-align: justify;\" data-placeholder = \"Traduction\"> Utilisation int\u00e9rieure <\/li>\n<li class = \"tw-data-text tw-ta tw-text-small\" dir = \"ltr\" style = \"text-align: justify;\" data-placeholder = \"Translation\"> Large gamme de finitions bois \/ rembourrage, s\u00e9lectionnez les finitions <strong> <span style = \"font-size: 14pt;\"> <a href = \"http:\/\/www.solucionescontract.com\/producto \/ finish-tm \/ \"> ici <\/a> <\/span> <\/strong> <\/li>\n<\/ul>\n","protected":false},"featured_media":23315,"comment_status":"open","ping_status":"closed","template":"","meta":[],"product_brand":[],"product_cat":[635],"product_tag":[],"class_list":{"0":"post-21056","1":"product","2":"type-product","3":"status-publish","4":"has-post-thumbnail","6":"product_cat-canape-lit-dhotel","7":"yith_product_brand-tm-sillerias-fr","9":"first","10":"outofstock","11":"taxable","12":"shipping-taxable","13":"purchasable","14":"product-type-simple"},"yoast_head":"<!-- This site is optimized with the Yoast SEO plugin v27.3 - https:\/\/yoast.com\/product\/yoast-seo-wordpress\/ -->\n<title>SOF\u00c1 CAMA LITERA. ESPECTACULAR SOFA CAMA.<\/title>\n<meta name=\"description\" content=\"Compra BUNK CANAP\u00c9 LIT 914 online en nuestra tienda de muebles Contract. Encuentra el mejor MOBILIARIO DE DISE\u00d1O para Hotel, Hogar y uso comercial. Descubre las mejores marcas en nuestro cat\u00e1logo.\" \/>\n<meta name=\"robots\" content=\"index, follow, max-snippet:-1, max-image-preview:large, max-video-preview:-1\" \/>\n<link rel=\"canonical\" href=\"https:\/\/solucionescontract.com\/fr\/producto\/bunk-canape-lit-914\/\" \/>\n<meta property=\"og:locale\" content=\"fr_FR\" \/>\n<meta property=\"og:type\" content=\"article\" \/>\n<meta property=\"og:title\" content=\"SOF\u00c1 CAMA LITERA. ESPECTACULAR SOFA CAMA.\" \/>\n<meta property=\"og:description\" content=\"Compra BUNK CANAP\u00c9 LIT 914 online en nuestra tienda de muebles Contract. Encuentra el mejor MOBILIARIO DE DISE\u00d1O para Hotel, Hogar y uso comercial. Descubre las mejores marcas en nuestro cat\u00e1logo.\" \/>\n<meta property=\"og:url\" content=\"https:\/\/solucionescontract.com\/fr\/producto\/bunk-canape-lit-914\/\" \/>\n<meta property=\"og:site_name\" content=\"Soluciones Contract\" \/>\n<meta property=\"article:publisher\" content=\"https:\/\/www.facebook.com\/solucionescontract\/\" \/>\n<meta property=\"article:modified_time\" content=\"2021-02-25T12:10:52+00:00\" \/>\n<meta property=\"og:image\" content=\"https:\/\/solucionescontract.com\/wp-content\/uploads\/2016\/12\/sofa-cama-914.jpg\" \/>\n\t<meta property=\"og:image:width\" content=\"900\" \/>\n\t<meta property=\"og:image:height\" content=\"900\" \/>\n\t<meta property=\"og:image:type\" content=\"image\/jpeg\" \/>\n<meta name=\"twitter:card\" content=\"summary_large_image\" \/>\n<meta name=\"twitter:label1\" content=\"Dur\u00e9e de lecture estim\u00e9e\" \/>\n\t<meta name=\"twitter:data1\" content=\"1 minute\" \/>\n<script type=\"application\/ld+json\" class=\"yoast-schema-graph\">{\"@context\":\"https:\\\/\\\/schema.org\",\"@graph\":[{\"@type\":\"WebPage\",\"@id\":\"https:\\\/\\\/solucionescontract.com\\\/fr\\\/producto\\\/bunk-canape-lit-914\\\/\",\"url\":\"https:\\\/\\\/solucionescontract.com\\\/fr\\\/producto\\\/bunk-canape-lit-914\\\/\",\"name\":\"SOF\u00c1 CAMA LITERA. ESPECTACULAR SOFA CAMA.\",\"isPartOf\":{\"@id\":\"https:\\\/\\\/solucionescontract.com\\\/#website\"},\"primaryImageOfPage\":{\"@id\":\"https:\\\/\\\/solucionescontract.com\\\/fr\\\/producto\\\/bunk-canape-lit-914\\\/#primaryimage\"},\"image\":{\"@id\":\"https:\\\/\\\/solucionescontract.com\\\/fr\\\/producto\\\/bunk-canape-lit-914\\\/#primaryimage\"},\"thumbnailUrl\":\"https:\\\/\\\/solucionescontract.com\\\/wp-content\\\/uploads\\\/2016\\\/12\\\/sofa-cama-914.jpg\",\"datePublished\":\"2016-12-14T23:30:45+00:00\",\"dateModified\":\"2021-02-25T12:10:52+00:00\",\"description\":\"Compra BUNK CANAP\u00c9 LIT 914 online en nuestra tienda de muebles Contract. Encuentra el mejor MOBILIARIO DE DISE\u00d1O para Hotel, Hogar y uso comercial. Descubre las mejores marcas en nuestro cat\u00e1logo.\",\"breadcrumb\":{\"@id\":\"https:\\\/\\\/solucionescontract.com\\\/fr\\\/producto\\\/bunk-canape-lit-914\\\/#breadcrumb\"},\"inLanguage\":\"fr-FR\",\"potentialAction\":[{\"@type\":\"ReadAction\",\"target\":[\"https:\\\/\\\/solucionescontract.com\\\/fr\\\/producto\\\/bunk-canape-lit-914\\\/\"]}]},{\"@type\":\"ImageObject\",\"inLanguage\":\"fr-FR\",\"@id\":\"https:\\\/\\\/solucionescontract.com\\\/fr\\\/producto\\\/bunk-canape-lit-914\\\/#primaryimage\",\"url\":\"https:\\\/\\\/solucionescontract.com\\\/wp-content\\\/uploads\\\/2016\\\/12\\\/sofa-cama-914.jpg\",\"contentUrl\":\"https:\\\/\\\/solucionescontract.com\\\/wp-content\\\/uploads\\\/2016\\\/12\\\/sofa-cama-914.jpg\",\"width\":900,\"height\":900},{\"@type\":\"BreadcrumbList\",\"@id\":\"https:\\\/\\\/solucionescontract.com\\\/fr\\\/producto\\\/bunk-canape-lit-914\\\/#breadcrumb\",\"itemListElement\":[{\"@type\":\"ListItem\",\"position\":1,\"name\":\"Inicio\",\"item\":\"https:\\\/\\\/solucionescontract.com\\\/\"},{\"@type\":\"ListItem\",\"position\":2,\"name\":\"Tienda mobiliario contract\",\"item\":\"https:\\\/\\\/solucionescontract.com\\\/tienda-mobiliario-contract\\\/\"},{\"@type\":\"ListItem\",\"position\":3,\"name\":\"Canap\u00e9-lit d'h\u00f4tel\",\"item\":\"https:\\\/\\\/solucionescontract.com\\\/fr\\\/categoria-producto\\\/canape-lit-dhotel\\\/\"},{\"@type\":\"ListItem\",\"position\":4,\"name\":\"BUNK CANAP\u00c9 LIT 914\"}]},{\"@type\":\"WebSite\",\"@id\":\"https:\\\/\\\/solucionescontract.com\\\/#website\",\"url\":\"https:\\\/\\\/solucionescontract.com\\\/\",\"name\":\"Soluciones Contract\",\"description\":\"Venta Mobiliario contract de dise\u00f1o\",\"publisher\":{\"@id\":\"https:\\\/\\\/solucionescontract.com\\\/#organization\"},\"potentialAction\":[{\"@type\":\"SearchAction\",\"target\":{\"@type\":\"EntryPoint\",\"urlTemplate\":\"https:\\\/\\\/solucionescontract.com\\\/?s={search_term_string}\"},\"query-input\":{\"@type\":\"PropertyValueSpecification\",\"valueRequired\":true,\"valueName\":\"search_term_string\"}}],\"inLanguage\":\"fr-FR\"},{\"@type\":\"Organization\",\"@id\":\"https:\\\/\\\/solucionescontract.com\\\/#organization\",\"name\":\"Soluciones Contract\",\"url\":\"https:\\\/\\\/solucionescontract.com\\\/\",\"logo\":{\"@type\":\"ImageObject\",\"inLanguage\":\"fr-FR\",\"@id\":\"https:\\\/\\\/solucionescontract.com\\\/#\\\/schema\\\/logo\\\/image\\\/\",\"url\":\"https:\\\/\\\/solucionescontract.com\\\/wp-content\\\/uploads\\\/2020\\\/02\\\/logoSC.jpg\",\"contentUrl\":\"https:\\\/\\\/solucionescontract.com\\\/wp-content\\\/uploads\\\/2020\\\/02\\\/logoSC.jpg\",\"width\":300,\"height\":125,\"caption\":\"Soluciones Contract\"},\"image\":{\"@id\":\"https:\\\/\\\/solucionescontract.com\\\/#\\\/schema\\\/logo\\\/image\\\/\"},\"sameAs\":[\"https:\\\/\\\/www.facebook.com\\\/solucionescontract\\\/\"]}]}<\/script>\n<!-- \/ Yoast SEO plugin. -->","yoast_head_json":{"title":"SOF\u00c1 CAMA LITERA. ESPECTACULAR SOFA CAMA.","description":"Compra BUNK CANAP\u00c9 LIT 914 online en nuestra tienda de muebles Contract. Encuentra el mejor MOBILIARIO DE DISE\u00d1O para Hotel, Hogar y uso comercial. Descubre las mejores marcas en nuestro cat\u00e1logo.","robots":{"index":"index","follow":"follow","max-snippet":"max-snippet:-1","max-image-preview":"max-image-preview:large","max-video-preview":"max-video-preview:-1"},"canonical":"https:\/\/solucionescontract.com\/fr\/producto\/bunk-canape-lit-914\/","og_locale":"fr_FR","og_type":"article","og_title":"SOF\u00c1 CAMA LITERA. ESPECTACULAR SOFA CAMA.","og_description":"Compra BUNK CANAP\u00c9 LIT 914 online en nuestra tienda de muebles Contract. Encuentra el mejor MOBILIARIO DE DISE\u00d1O para Hotel, Hogar y uso comercial. Descubre las mejores marcas en nuestro cat\u00e1logo.","og_url":"https:\/\/solucionescontract.com\/fr\/producto\/bunk-canape-lit-914\/","og_site_name":"Soluciones Contract","article_publisher":"https:\/\/www.facebook.com\/solucionescontract\/","article_modified_time":"2021-02-25T12:10:52+00:00","og_image":[{"width":900,"height":900,"url":"https:\/\/solucionescontract.com\/wp-content\/uploads\/2016\/12\/sofa-cama-914.jpg","type":"image\/jpeg"}],"twitter_card":"summary_large_image","twitter_misc":{"Dur\u00e9e de lecture estim\u00e9e":"1 minute"},"schema":{"@context":"https:\/\/schema.org","@graph":[{"@type":"WebPage","@id":"https:\/\/solucionescontract.com\/fr\/producto\/bunk-canape-lit-914\/","url":"https:\/\/solucionescontract.com\/fr\/producto\/bunk-canape-lit-914\/","name":"SOF\u00c1 CAMA LITERA. ESPECTACULAR SOFA CAMA.","isPartOf":{"@id":"https:\/\/solucionescontract.com\/#website"},"primaryImageOfPage":{"@id":"https:\/\/solucionescontract.com\/fr\/producto\/bunk-canape-lit-914\/#primaryimage"},"image":{"@id":"https:\/\/solucionescontract.com\/fr\/producto\/bunk-canape-lit-914\/#primaryimage"},"thumbnailUrl":"https:\/\/solucionescontract.com\/wp-content\/uploads\/2016\/12\/sofa-cama-914.jpg","datePublished":"2016-12-14T23:30:45+00:00","dateModified":"2021-02-25T12:10:52+00:00","description":"Compra BUNK CANAP\u00c9 LIT 914 online en nuestra tienda de muebles Contract. Encuentra el mejor MOBILIARIO DE DISE\u00d1O para Hotel, Hogar y uso comercial. Descubre las mejores marcas en nuestro cat\u00e1logo.","breadcrumb":{"@id":"https:\/\/solucionescontract.com\/fr\/producto\/bunk-canape-lit-914\/#breadcrumb"},"inLanguage":"fr-FR","potentialAction":[{"@type":"ReadAction","target":["https:\/\/solucionescontract.com\/fr\/producto\/bunk-canape-lit-914\/"]}]},{"@type":"ImageObject","inLanguage":"fr-FR","@id":"https:\/\/solucionescontract.com\/fr\/producto\/bunk-canape-lit-914\/#primaryimage","url":"https:\/\/solucionescontract.com\/wp-content\/uploads\/2016\/12\/sofa-cama-914.jpg","contentUrl":"https:\/\/solucionescontract.com\/wp-content\/uploads\/2016\/12\/sofa-cama-914.jpg","width":900,"height":900},{"@type":"BreadcrumbList","@id":"https:\/\/solucionescontract.com\/fr\/producto\/bunk-canape-lit-914\/#breadcrumb","itemListElement":[{"@type":"ListItem","position":1,"name":"Inicio","item":"https:\/\/solucionescontract.com\/"},{"@type":"ListItem","position":2,"name":"Tienda mobiliario contract","item":"https:\/\/solucionescontract.com\/tienda-mobiliario-contract\/"},{"@type":"ListItem","position":3,"name":"Canap\u00e9-lit d'h\u00f4tel","item":"https:\/\/solucionescontract.com\/fr\/categoria-producto\/canape-lit-dhotel\/"},{"@type":"ListItem","position":4,"name":"BUNK CANAP\u00c9 LIT 914"}]},{"@type":"WebSite","@id":"https:\/\/solucionescontract.com\/#website","url":"https:\/\/solucionescontract.com\/","name":"Soluciones Contract","description":"Venta Mobiliario contract de dise\u00f1o","publisher":{"@id":"https:\/\/solucionescontract.com\/#organization"},"potentialAction":[{"@type":"SearchAction","target":{"@type":"EntryPoint","urlTemplate":"https:\/\/solucionescontract.com\/?s={search_term_string}"},"query-input":{"@type":"PropertyValueSpecification","valueRequired":true,"valueName":"search_term_string"}}],"inLanguage":"fr-FR"},{"@type":"Organization","@id":"https:\/\/solucionescontract.com\/#organization","name":"Soluciones Contract","url":"https:\/\/solucionescontract.com\/","logo":{"@type":"ImageObject","inLanguage":"fr-FR","@id":"https:\/\/solucionescontract.com\/#\/schema\/logo\/image\/","url":"https:\/\/solucionescontract.com\/wp-content\/uploads\/2020\/02\/logoSC.jpg","contentUrl":"https:\/\/solucionescontract.com\/wp-content\/uploads\/2020\/02\/logoSC.jpg","width":300,"height":125,"caption":"Soluciones Contract"},"image":{"@id":"https:\/\/solucionescontract.com\/#\/schema\/logo\/image\/"},"sameAs":["https:\/\/www.facebook.com\/solucionescontract\/"]}]}},"_links":{"self":[{"href":"https:\/\/solucionescontract.com\/fr\/wp-json\/wp\/v2\/product\/21056","targetHints":{"allow":["GET"]}}],"collection":[{"href":"https:\/\/solucionescontract.com\/fr\/wp-json\/wp\/v2\/product"}],"about":[{"href":"https:\/\/solucionescontract.com\/fr\/wp-json\/wp\/v2\/types\/product"}],"replies":[{"embeddable":true,"href":"https:\/\/solucionescontract.com\/fr\/wp-json\/wp\/v2\/comments?post=21056"}],"wp:featuredmedia":[{"embeddable":true,"href":"https:\/\/solucionescontract.com\/fr\/wp-json\/wp\/v2\/media\/23315"}],"wp:attachment":[{"href":"https:\/\/solucionescontract.com\/fr\/wp-json\/wp\/v2\/media?parent=21056"}],"wp:term":[{"taxonomy":"product_brand","embeddable":true,"href":"https:\/\/solucionescontract.com\/fr\/wp-json\/wp\/v2\/product_brand?post=21056"},{"taxonomy":"product_cat","embeddable":true,"href":"https:\/\/solucionescontract.com\/fr\/wp-json\/wp\/v2\/product_cat?post=21056"},{"taxonomy":"product_tag","embeddable":true,"href":"https:\/\/solucionescontract.com\/fr\/wp-json\/wp\/v2\/product_tag?post=21056"}],"curies":[{"name":"wp","href":"https:\/\/api.w.org\/{rel}","templated":true}]}}