{"id":20668,"date":"2016-12-11T22:43:29","date_gmt":"2016-12-11T22:43:29","guid":{"rendered":"https:\/\/www.solucionescontract.com\/producto\/fauteuil-850-tm\/"},"modified":"2016-12-11T22:43:29","modified_gmt":"2016-12-11T22:43:29","slug":"fauteuil-850-tm","status":"publish","type":"product","link":"https:\/\/solucionescontract.com\/fr\/producto\/fauteuil-850-tm\/","title":{"rendered":"FAUTEUIL 850 TM"},"content":{"rendered":"<p><strong>Structure :<\/strong><\/p>\n<p>Structure et cadre en bois de pin de premi\u00e8re qualit\u00e9 recouvert de panneaux de particules de 18 mm et recouvert de mousse de polyur\u00e9thane haute densit\u00e9 avec une HR de 30 kg\/m3. Finitions ext\u00e9rieures rembourr\u00e9es et pieds en bois de h\u00eatre de qualit\u00e9 sup\u00e9rieure<\/p>\n<p><strong>Si\u00e8ge :<\/strong><\/p>\n<p>Cadre avec syst\u00e8me de suspension \u00e0 sangles \u00e9lastiques haute r\u00e9sistance NEA avec 10 ans de garantie. Mousse de caoutchouc \u00e0 haute densit\u00e9. Si\u00e8ge ergonomique.<\/p>\n<p><strong>Les armes :<\/strong><\/p>\n<p>Plus longue que la structure afin qu&rsquo;elle offre un soutien solide \u00e0 l&rsquo;utilisateur.<\/p>\n<p>Enti\u00e8rement rembourr\u00e9 de caoutchouc mousse.<\/p>\n<p><strong>Dossier :<\/strong><\/p>\n<p>Mousse de polyur\u00e9thane RH 25 kg. \u00c9paisseur moyenne de 30 mm. Conception anatomique du dossier avec une forme ergonomique, pour une adaptation parfaite du dos en fonction des param\u00e8tres techniques de l&rsquo;ergonomie.<\/p>\n<p><strong>Les finitions :<\/strong><\/p>\n<p>Couleur du bois selon le livre d&rsquo;\u00e9chantillons et le nuancier Tm<br \/>\n<a href=\"\/fr\/producto\/finition-tm\/\">Finitions rembourr\u00e9es selon le livre d&rsquo;\u00e9chantillons.<\/a><\/script><\/p>\n","protected":false},"excerpt":{"rendered":"<ul>\n<li>Fauteuil design rembourr\u00e9 et fabriqu\u00e9 en pin de premi\u00e8re qualit\u00e9.<\/li>\n<li>De ligne minimaliste, il apporte une grande contribution en mati\u00e8re de design, de polyvalence, de r\u00e9sistance et de confort.<\/li>\n<li>Ch\u00e2ssis avec syst\u00e8me de suspension par courroies \u00e9lastiques de haute r\u00e9sistance NEA avec 10 ans de garantie<\/li>\n<li>Hauteur du si\u00e8ge 480mm<\/li>\n<li>Utilisation \u00e0 l&rsquo;int\u00e9rieur<\/li>\n<li>Large gamme de finitions du bois \/ de rembourrage, <a href=\"\/fr\/producto\/finition-tm\/\">s\u00e9lectionnez les finitions ici<\/a><\/li>\n<\/ul>\n","protected":false},"featured_media":13876,"comment_status":"open","ping_status":"closed","template":"","meta":[],"product_brand":[],"product_cat":[627,531,625],"product_tag":[655,689],"class_list":{"0":"post-20668","1":"product","2":"type-product","3":"status-publish","4":"has-post-thumbnail","6":"product_cat-fauteuil-contract","7":"product_cat-fauteuils-design","8":"product_cat-salle-dattente-et-reception","9":"product_tag-interior-fr","10":"product_tag-asientos-tapizados-fr","11":"product_shipping_class-gratuit","12":"yith_product_brand-tm-sillerias-fr","14":"first","15":"instock","16":"taxable","17":"shipping-taxable","18":"purchasable","19":"product-type-variable"},"yoast_head":"<!-- This site is optimized with the Yoast SEO plugin v27.3 - https:\/\/yoast.com\/product\/yoast-seo-wordpress\/ -->\n<title>FAUTEUIL 850 TM - Muebles de dise\u00f1o en Soluciones Contract<\/title>\n<meta name=\"description\" content=\"Compra FAUTEUIL 850 TM online en nuestra tienda de muebles Contract. Encuentra el mejor MOBILIARIO DE DISE\u00d1O para Hotel, Hogar y uso comercial. Descubre las mejores marcas en nuestro cat\u00e1logo.\" \/>\n<meta name=\"robots\" content=\"index, follow, max-snippet:-1, max-image-preview:large, max-video-preview:-1\" \/>\n<link rel=\"canonical\" href=\"https:\/\/solucionescontract.com\/producto\/sofa-850-tm\/\" \/>\n<meta property=\"og:locale\" content=\"fr_FR\" \/>\n<meta property=\"og:type\" content=\"article\" \/>\n<meta property=\"og:title\" content=\"FAUTEUIL 850 TM - Muebles de dise\u00f1o en Soluciones Contract\" \/>\n<meta property=\"og:description\" content=\"Compra FAUTEUIL 850 TM online en nuestra tienda de muebles Contract. Encuentra el mejor MOBILIARIO DE DISE\u00d1O para Hotel, Hogar y uso comercial. Descubre las mejores marcas en nuestro cat\u00e1logo.\" \/>\n<meta property=\"og:url\" content=\"https:\/\/solucionescontract.com\/producto\/sofa-850-tm\/\" \/>\n<meta property=\"og:site_name\" content=\"Soluciones Contract\" \/>\n<meta property=\"article:publisher\" content=\"https:\/\/www.facebook.com\/solucionescontract\/\" \/>\n<meta property=\"og:image\" content=\"https:\/\/solucionescontract.com\/wp-content\/uploads\/2016\/12\/TM-SOFA-850-2P_SOUCIONESCONTRACT.jpg\" \/>\n\t<meta property=\"og:image:width\" content=\"800\" \/>\n\t<meta property=\"og:image:height\" content=\"800\" \/>\n\t<meta property=\"og:image:type\" content=\"image\/jpeg\" \/>\n<meta name=\"twitter:card\" content=\"summary_large_image\" \/>\n<meta name=\"twitter:label1\" content=\"Dur\u00e9e de lecture estim\u00e9e\" \/>\n\t<meta name=\"twitter:data1\" content=\"1 minute\" \/>\n<script type=\"application\/ld+json\" class=\"yoast-schema-graph\">{\"@context\":\"https:\\\/\\\/schema.org\",\"@graph\":[{\"@type\":\"WebPage\",\"@id\":\"https:\\\/\\\/solucionescontract.com\\\/producto\\\/sofa-850-tm\\\/\",\"url\":\"https:\\\/\\\/solucionescontract.com\\\/producto\\\/sofa-850-tm\\\/\",\"name\":\"FAUTEUIL 850 TM - Muebles de dise\u00f1o en Soluciones Contract\",\"isPartOf\":{\"@id\":\"https:\\\/\\\/solucionescontract.com\\\/#website\"},\"primaryImageOfPage\":{\"@id\":\"https:\\\/\\\/solucionescontract.com\\\/producto\\\/sofa-850-tm\\\/#primaryimage\"},\"image\":{\"@id\":\"https:\\\/\\\/solucionescontract.com\\\/producto\\\/sofa-850-tm\\\/#primaryimage\"},\"thumbnailUrl\":\"https:\\\/\\\/solucionescontract.com\\\/wp-content\\\/uploads\\\/2016\\\/12\\\/TM-SOFA-850-2P_SOUCIONESCONTRACT.jpg\",\"datePublished\":\"2016-12-11T22:43:29+00:00\",\"description\":\"Compra FAUTEUIL 850 TM online en nuestra tienda de muebles Contract. Encuentra el mejor MOBILIARIO DE DISE\u00d1O para Hotel, Hogar y uso comercial. Descubre las mejores marcas en nuestro cat\u00e1logo.\",\"breadcrumb\":{\"@id\":\"https:\\\/\\\/solucionescontract.com\\\/producto\\\/sofa-850-tm\\\/#breadcrumb\"},\"inLanguage\":\"fr-FR\",\"potentialAction\":[{\"@type\":\"ReadAction\",\"target\":[\"https:\\\/\\\/solucionescontract.com\\\/producto\\\/sofa-850-tm\\\/\"]}]},{\"@type\":\"ImageObject\",\"inLanguage\":\"fr-FR\",\"@id\":\"https:\\\/\\\/solucionescontract.com\\\/producto\\\/sofa-850-tm\\\/#primaryimage\",\"url\":\"https:\\\/\\\/solucionescontract.com\\\/wp-content\\\/uploads\\\/2016\\\/12\\\/TM-SOFA-850-2P_SOUCIONESCONTRACT.jpg\",\"contentUrl\":\"https:\\\/\\\/solucionescontract.com\\\/wp-content\\\/uploads\\\/2016\\\/12\\\/TM-SOFA-850-2P_SOUCIONESCONTRACT.jpg\",\"width\":800,\"height\":800},{\"@type\":\"BreadcrumbList\",\"@id\":\"https:\\\/\\\/solucionescontract.com\\\/producto\\\/sofa-850-tm\\\/#breadcrumb\",\"itemListElement\":[{\"@type\":\"ListItem\",\"position\":1,\"name\":\"Inicio\",\"item\":\"https:\\\/\\\/solucionescontract.com\\\/\"},{\"@type\":\"ListItem\",\"position\":2,\"name\":\"Tienda mobiliario contract\",\"item\":\"https:\\\/\\\/solucionescontract.com\\\/tienda-mobiliario-contract\\\/\"},{\"@type\":\"ListItem\",\"position\":3,\"name\":\"Asientos Contract\",\"item\":\"https:\\\/\\\/solucionescontract.com\\\/categoria-producto\\\/asientos-para-contract\\\/\"},{\"@type\":\"ListItem\",\"position\":4,\"name\":\"Sof\u00e1s de dise\u00f1o\",\"item\":\"https:\\\/\\\/solucionescontract.com\\\/categoria-producto\\\/asientos-para-contract\\\/sofas-de-diseno\\\/\"},{\"@type\":\"ListItem\",\"position\":5,\"name\":\"Sillones\",\"item\":\"https:\\\/\\\/solucionescontract.com\\\/categoria-producto\\\/asientos-para-contract\\\/sofas-de-diseno\\\/sillones-contract\\\/\"},{\"@type\":\"ListItem\",\"position\":6,\"name\":\"FAUTEUIL 850 TM\"}]},{\"@type\":\"WebSite\",\"@id\":\"https:\\\/\\\/solucionescontract.com\\\/#website\",\"url\":\"https:\\\/\\\/solucionescontract.com\\\/\",\"name\":\"Soluciones Contract\",\"description\":\"Venta Mobiliario contract de dise\u00f1o\",\"publisher\":{\"@id\":\"https:\\\/\\\/solucionescontract.com\\\/#organization\"},\"potentialAction\":[{\"@type\":\"SearchAction\",\"target\":{\"@type\":\"EntryPoint\",\"urlTemplate\":\"https:\\\/\\\/solucionescontract.com\\\/?s={search_term_string}\"},\"query-input\":{\"@type\":\"PropertyValueSpecification\",\"valueRequired\":true,\"valueName\":\"search_term_string\"}}],\"inLanguage\":\"fr-FR\"},{\"@type\":\"Organization\",\"@id\":\"https:\\\/\\\/solucionescontract.com\\\/#organization\",\"name\":\"Soluciones Contract\",\"url\":\"https:\\\/\\\/solucionescontract.com\\\/\",\"logo\":{\"@type\":\"ImageObject\",\"inLanguage\":\"fr-FR\",\"@id\":\"https:\\\/\\\/solucionescontract.com\\\/#\\\/schema\\\/logo\\\/image\\\/\",\"url\":\"https:\\\/\\\/solucionescontract.com\\\/wp-content\\\/uploads\\\/2020\\\/02\\\/logoSC.jpg\",\"contentUrl\":\"https:\\\/\\\/solucionescontract.com\\\/wp-content\\\/uploads\\\/2020\\\/02\\\/logoSC.jpg\",\"width\":300,\"height\":125,\"caption\":\"Soluciones Contract\"},\"image\":{\"@id\":\"https:\\\/\\\/solucionescontract.com\\\/#\\\/schema\\\/logo\\\/image\\\/\"},\"sameAs\":[\"https:\\\/\\\/www.facebook.com\\\/solucionescontract\\\/\"]}]}<\/script>\n<!-- \/ Yoast SEO plugin. -->","yoast_head_json":{"title":"FAUTEUIL 850 TM - Muebles de dise\u00f1o en Soluciones Contract","description":"Compra FAUTEUIL 850 TM online en nuestra tienda de muebles Contract. Encuentra el mejor MOBILIARIO DE DISE\u00d1O para Hotel, Hogar y uso comercial. Descubre las mejores marcas en nuestro cat\u00e1logo.","robots":{"index":"index","follow":"follow","max-snippet":"max-snippet:-1","max-image-preview":"max-image-preview:large","max-video-preview":"max-video-preview:-1"},"canonical":"https:\/\/solucionescontract.com\/producto\/sofa-850-tm\/","og_locale":"fr_FR","og_type":"article","og_title":"FAUTEUIL 850 TM - Muebles de dise\u00f1o en Soluciones Contract","og_description":"Compra FAUTEUIL 850 TM online en nuestra tienda de muebles Contract. Encuentra el mejor MOBILIARIO DE DISE\u00d1O para Hotel, Hogar y uso comercial. Descubre las mejores marcas en nuestro cat\u00e1logo.","og_url":"https:\/\/solucionescontract.com\/producto\/sofa-850-tm\/","og_site_name":"Soluciones Contract","article_publisher":"https:\/\/www.facebook.com\/solucionescontract\/","og_image":[{"width":800,"height":800,"url":"https:\/\/solucionescontract.com\/wp-content\/uploads\/2016\/12\/TM-SOFA-850-2P_SOUCIONESCONTRACT.jpg","type":"image\/jpeg"}],"twitter_card":"summary_large_image","twitter_misc":{"Dur\u00e9e de lecture estim\u00e9e":"1 minute"},"schema":{"@context":"https:\/\/schema.org","@graph":[{"@type":"WebPage","@id":"https:\/\/solucionescontract.com\/producto\/sofa-850-tm\/","url":"https:\/\/solucionescontract.com\/producto\/sofa-850-tm\/","name":"FAUTEUIL 850 TM - Muebles de dise\u00f1o en Soluciones Contract","isPartOf":{"@id":"https:\/\/solucionescontract.com\/#website"},"primaryImageOfPage":{"@id":"https:\/\/solucionescontract.com\/producto\/sofa-850-tm\/#primaryimage"},"image":{"@id":"https:\/\/solucionescontract.com\/producto\/sofa-850-tm\/#primaryimage"},"thumbnailUrl":"https:\/\/solucionescontract.com\/wp-content\/uploads\/2016\/12\/TM-SOFA-850-2P_SOUCIONESCONTRACT.jpg","datePublished":"2016-12-11T22:43:29+00:00","description":"Compra FAUTEUIL 850 TM online en nuestra tienda de muebles Contract. Encuentra el mejor MOBILIARIO DE DISE\u00d1O para Hotel, Hogar y uso comercial. Descubre las mejores marcas en nuestro cat\u00e1logo.","breadcrumb":{"@id":"https:\/\/solucionescontract.com\/producto\/sofa-850-tm\/#breadcrumb"},"inLanguage":"fr-FR","potentialAction":[{"@type":"ReadAction","target":["https:\/\/solucionescontract.com\/producto\/sofa-850-tm\/"]}]},{"@type":"ImageObject","inLanguage":"fr-FR","@id":"https:\/\/solucionescontract.com\/producto\/sofa-850-tm\/#primaryimage","url":"https:\/\/solucionescontract.com\/wp-content\/uploads\/2016\/12\/TM-SOFA-850-2P_SOUCIONESCONTRACT.jpg","contentUrl":"https:\/\/solucionescontract.com\/wp-content\/uploads\/2016\/12\/TM-SOFA-850-2P_SOUCIONESCONTRACT.jpg","width":800,"height":800},{"@type":"BreadcrumbList","@id":"https:\/\/solucionescontract.com\/producto\/sofa-850-tm\/#breadcrumb","itemListElement":[{"@type":"ListItem","position":1,"name":"Inicio","item":"https:\/\/solucionescontract.com\/"},{"@type":"ListItem","position":2,"name":"Tienda mobiliario contract","item":"https:\/\/solucionescontract.com\/tienda-mobiliario-contract\/"},{"@type":"ListItem","position":3,"name":"Asientos Contract","item":"https:\/\/solucionescontract.com\/categoria-producto\/asientos-para-contract\/"},{"@type":"ListItem","position":4,"name":"Sof\u00e1s de dise\u00f1o","item":"https:\/\/solucionescontract.com\/categoria-producto\/asientos-para-contract\/sofas-de-diseno\/"},{"@type":"ListItem","position":5,"name":"Sillones","item":"https:\/\/solucionescontract.com\/categoria-producto\/asientos-para-contract\/sofas-de-diseno\/sillones-contract\/"},{"@type":"ListItem","position":6,"name":"FAUTEUIL 850 TM"}]},{"@type":"WebSite","@id":"https:\/\/solucionescontract.com\/#website","url":"https:\/\/solucionescontract.com\/","name":"Soluciones Contract","description":"Venta Mobiliario contract de dise\u00f1o","publisher":{"@id":"https:\/\/solucionescontract.com\/#organization"},"potentialAction":[{"@type":"SearchAction","target":{"@type":"EntryPoint","urlTemplate":"https:\/\/solucionescontract.com\/?s={search_term_string}"},"query-input":{"@type":"PropertyValueSpecification","valueRequired":true,"valueName":"search_term_string"}}],"inLanguage":"fr-FR"},{"@type":"Organization","@id":"https:\/\/solucionescontract.com\/#organization","name":"Soluciones Contract","url":"https:\/\/solucionescontract.com\/","logo":{"@type":"ImageObject","inLanguage":"fr-FR","@id":"https:\/\/solucionescontract.com\/#\/schema\/logo\/image\/","url":"https:\/\/solucionescontract.com\/wp-content\/uploads\/2020\/02\/logoSC.jpg","contentUrl":"https:\/\/solucionescontract.com\/wp-content\/uploads\/2020\/02\/logoSC.jpg","width":300,"height":125,"caption":"Soluciones Contract"},"image":{"@id":"https:\/\/solucionescontract.com\/#\/schema\/logo\/image\/"},"sameAs":["https:\/\/www.facebook.com\/solucionescontract\/"]}]}},"_links":{"self":[{"href":"https:\/\/solucionescontract.com\/fr\/wp-json\/wp\/v2\/product\/20668","targetHints":{"allow":["GET"]}}],"collection":[{"href":"https:\/\/solucionescontract.com\/fr\/wp-json\/wp\/v2\/product"}],"about":[{"href":"https:\/\/solucionescontract.com\/fr\/wp-json\/wp\/v2\/types\/product"}],"replies":[{"embeddable":true,"href":"https:\/\/solucionescontract.com\/fr\/wp-json\/wp\/v2\/comments?post=20668"}],"wp:featuredmedia":[{"embeddable":true,"href":"https:\/\/solucionescontract.com\/fr\/wp-json\/wp\/v2\/media\/13876"}],"wp:attachment":[{"href":"https:\/\/solucionescontract.com\/fr\/wp-json\/wp\/v2\/media?parent=20668"}],"wp:term":[{"taxonomy":"product_brand","embeddable":true,"href":"https:\/\/solucionescontract.com\/fr\/wp-json\/wp\/v2\/product_brand?post=20668"},{"taxonomy":"product_cat","embeddable":true,"href":"https:\/\/solucionescontract.com\/fr\/wp-json\/wp\/v2\/product_cat?post=20668"},{"taxonomy":"product_tag","embeddable":true,"href":"https:\/\/solucionescontract.com\/fr\/wp-json\/wp\/v2\/product_tag?post=20668"}],"curies":[{"name":"wp","href":"https:\/\/api.w.org\/{rel}","templated":true}]}}