{"id":20661,"date":"2016-12-11T22:38:10","date_gmt":"2016-12-11T22:38:10","guid":{"rendered":"https:\/\/www.solucionescontract.com\/producto\/sofa-810-tm\/"},"modified":"2016-12-11T22:38:10","modified_gmt":"2016-12-11T22:38:10","slug":"sofa-810-tm","status":"publish","type":"product","link":"https:\/\/solucionescontract.com\/fr\/producto\/sofa-810-tm\/","title":{"rendered":"SOFA 810 TM"},"content":{"rendered":"<p><strong>Structure :<\/strong><\/p>\n<p>Structure et cadre en bois de pin de premi\u00e8re qualit\u00e9 recouvert de panneaux de particules de 18 mm et recouvert de mousse de polyur\u00e9thane haute densit\u00e9 avec une HR de 30 kg\/m3. Finitions ext\u00e9rieures rembourr\u00e9es et structure et pieds en aluminium de premi\u00e8re qualit\u00e9<\/p>\n<p><strong>Si\u00e8ge :<\/strong><\/p>\n<p>Cadre avec syst\u00e8me de suspension \u00e0 sangles \u00e9lastiques haute r\u00e9sistance NEA avec 10 ans de garantie. Mousse de caoutchouc \u00e0 haute densit\u00e9. Si\u00e8ge ergonomique.<\/p>\n<p><strong>Les armes :<\/strong><\/p>\n<p>Plus longue que la structure afin qu&rsquo;elle offre un soutien solide \u00e0 l&rsquo;utilisateur.<\/p>\n<p>Enti\u00e8rement rembourr\u00e9 de caoutchouc mousse.<\/p>\n<p><strong>Dossier :<\/strong><\/p>\n<p>Mousse de polyur\u00e9thane RH 25 kg. \u00c9paisseur moyenne de 30 mm. Conception anatomique du dossier avec une forme ergonomique, pour une adaptation parfaite du dos en fonction des param\u00e8tres techniques de l&rsquo;ergonomie.<\/p>\n<p><strong>Les finitions :<\/strong><\/p>\n<p>Couleur du bois selon le livre d&rsquo;\u00e9chantillons et le nuancier Tm<br \/>\n<a href=\"\/fr\/producto\/finition-tm\/\">Finitions rembourr\u00e9es selon le livre d&rsquo;\u00e9chantillons.<\/a><\/script><\/p>\n","protected":false},"excerpt":{"rendered":"<ul>\n<li>Canap\u00e9 aux accoudoirs rembourr\u00e9s, tr\u00e8s travaill\u00e9 dans ses lignes apporte un grand apport esth\u00e9tique.<\/li>\n<li>Polyvalence, r\u00e9sistance et confort. Id\u00e9al pour les h\u00f4tels, les salles d&rsquo;attente, les zones commerciales.<\/li>\n<li>Ch\u00e2ssis avec syst\u00e8me de suspension par courroies \u00e9lastiques de haute r\u00e9sistance NEA avec 10 ans de garantie<\/li>\n<li>Hauteur du si\u00e8ge 430 mm<\/li>\n<li>Utilisation \u00e0 l&rsquo;int\u00e9rieur<\/li>\n<li>Large gamme de finitions du bois \/ de rembourrage, <a href=\"\/fr\/producto\/finition-tm\/\">s\u00e9lectionnez les finitions ici<\/a><\/li>\n<\/ul>\n","protected":false},"featured_media":12612,"comment_status":"open","ping_status":"closed","template":"","meta":[],"product_brand":[],"product_cat":[637,529],"product_tag":[655],"class_list":{"0":"post-20661","1":"product","2":"type-product","3":"status-publish","4":"has-post-thumbnail","6":"product_cat-sofas-de-diseno-fr","7":"product_cat-sieges-contractuels","8":"product_tag-interior-fr","9":"product_shipping_class-gratuit","10":"yith_product_brand-tm-sillerias-fr","12":"first","13":"instock","14":"taxable","15":"shipping-taxable","16":"purchasable","17":"product-type-variable"},"yoast_head":"<!-- This site is optimized with the Yoast SEO plugin v27.3 - https:\/\/yoast.com\/product\/yoast-seo-wordpress\/ -->\n<title>SOFA 810 TM - Muebles de dise\u00f1o en Soluciones Contract<\/title>\n<meta name=\"description\" content=\"Compra SOFA 810 TM online en nuestra tienda de muebles Contract. Encuentra el mejor MOBILIARIO DE DISE\u00d1O para Hotel, Hogar y uso comercial. Descubre las mejores marcas en nuestro cat\u00e1logo.\" \/>\n<meta name=\"robots\" content=\"index, follow, max-snippet:-1, max-image-preview:large, max-video-preview:-1\" \/>\n<link rel=\"canonical\" href=\"https:\/\/solucionescontract.com\/producto\/sofa-810-tm\/\" \/>\n<meta property=\"og:locale\" content=\"fr_FR\" \/>\n<meta property=\"og:type\" content=\"article\" \/>\n<meta property=\"og:title\" content=\"SOFA 810 TM - Muebles de dise\u00f1o en Soluciones Contract\" \/>\n<meta property=\"og:description\" content=\"Compra SOFA 810 TM online en nuestra tienda de muebles Contract. Encuentra el mejor MOBILIARIO DE DISE\u00d1O para Hotel, Hogar y uso comercial. Descubre las mejores marcas en nuestro cat\u00e1logo.\" \/>\n<meta property=\"og:url\" content=\"https:\/\/solucionescontract.com\/producto\/sofa-810-tm\/\" \/>\n<meta property=\"og:site_name\" content=\"Soluciones Contract\" \/>\n<meta property=\"article:publisher\" content=\"https:\/\/www.facebook.com\/solucionescontract\/\" \/>\n<meta property=\"og:image\" content=\"https:\/\/solucionescontract.com\/wp-content\/uploads\/2016\/01\/TM-SOFA-810_SOUCIONESCONTRACT01.jpg\" \/>\n\t<meta property=\"og:image:width\" content=\"800\" \/>\n\t<meta property=\"og:image:height\" content=\"800\" \/>\n\t<meta property=\"og:image:type\" content=\"image\/jpeg\" \/>\n<meta name=\"twitter:card\" content=\"summary_large_image\" \/>\n<meta name=\"twitter:label1\" content=\"Dur\u00e9e de lecture estim\u00e9e\" \/>\n\t<meta name=\"twitter:data1\" content=\"1 minute\" \/>\n<script type=\"application\/ld+json\" class=\"yoast-schema-graph\">{\"@context\":\"https:\\\/\\\/schema.org\",\"@graph\":[{\"@type\":\"WebPage\",\"@id\":\"https:\\\/\\\/solucionescontract.com\\\/producto\\\/sofa-810-tm\\\/\",\"url\":\"https:\\\/\\\/solucionescontract.com\\\/producto\\\/sofa-810-tm\\\/\",\"name\":\"SOFA 810 TM - Muebles de dise\u00f1o en Soluciones Contract\",\"isPartOf\":{\"@id\":\"https:\\\/\\\/solucionescontract.com\\\/#website\"},\"primaryImageOfPage\":{\"@id\":\"https:\\\/\\\/solucionescontract.com\\\/producto\\\/sofa-810-tm\\\/#primaryimage\"},\"image\":{\"@id\":\"https:\\\/\\\/solucionescontract.com\\\/producto\\\/sofa-810-tm\\\/#primaryimage\"},\"thumbnailUrl\":\"https:\\\/\\\/solucionescontract.com\\\/wp-content\\\/uploads\\\/2016\\\/01\\\/TM-SOFA-810_SOUCIONESCONTRACT01.jpg\",\"datePublished\":\"2016-12-11T22:38:10+00:00\",\"description\":\"Compra SOFA 810 TM online en nuestra tienda de muebles Contract. Encuentra el mejor MOBILIARIO DE DISE\u00d1O para Hotel, Hogar y uso comercial. Descubre las mejores marcas en nuestro cat\u00e1logo.\",\"breadcrumb\":{\"@id\":\"https:\\\/\\\/solucionescontract.com\\\/producto\\\/sofa-810-tm\\\/#breadcrumb\"},\"inLanguage\":\"fr-FR\",\"potentialAction\":[{\"@type\":\"ReadAction\",\"target\":[\"https:\\\/\\\/solucionescontract.com\\\/producto\\\/sofa-810-tm\\\/\"]}]},{\"@type\":\"ImageObject\",\"inLanguage\":\"fr-FR\",\"@id\":\"https:\\\/\\\/solucionescontract.com\\\/producto\\\/sofa-810-tm\\\/#primaryimage\",\"url\":\"https:\\\/\\\/solucionescontract.com\\\/wp-content\\\/uploads\\\/2016\\\/01\\\/TM-SOFA-810_SOUCIONESCONTRACT01.jpg\",\"contentUrl\":\"https:\\\/\\\/solucionescontract.com\\\/wp-content\\\/uploads\\\/2016\\\/01\\\/TM-SOFA-810_SOUCIONESCONTRACT01.jpg\",\"width\":800,\"height\":800},{\"@type\":\"BreadcrumbList\",\"@id\":\"https:\\\/\\\/solucionescontract.com\\\/producto\\\/sofa-810-tm\\\/#breadcrumb\",\"itemListElement\":[{\"@type\":\"ListItem\",\"position\":1,\"name\":\"Inicio\",\"item\":\"https:\\\/\\\/solucionescontract.com\\\/\"},{\"@type\":\"ListItem\",\"position\":2,\"name\":\"Tienda mobiliario contract\",\"item\":\"https:\\\/\\\/solucionescontract.com\\\/tienda-mobiliario-contract\\\/\"},{\"@type\":\"ListItem\",\"position\":3,\"name\":\"Asientos Contract\",\"item\":\"https:\\\/\\\/solucionescontract.com\\\/categoria-producto\\\/asientos-para-contract\\\/\"},{\"@type\":\"ListItem\",\"position\":4,\"name\":\"Sof\u00e1s de dise\u00f1o\",\"item\":\"https:\\\/\\\/solucionescontract.com\\\/categoria-producto\\\/asientos-para-contract\\\/sofas-de-diseno\\\/\"},{\"@type\":\"ListItem\",\"position\":5,\"name\":\"SOFA 810 TM\"}]},{\"@type\":\"WebSite\",\"@id\":\"https:\\\/\\\/solucionescontract.com\\\/#website\",\"url\":\"https:\\\/\\\/solucionescontract.com\\\/\",\"name\":\"Soluciones Contract\",\"description\":\"Venta Mobiliario contract de dise\u00f1o\",\"publisher\":{\"@id\":\"https:\\\/\\\/solucionescontract.com\\\/#organization\"},\"potentialAction\":[{\"@type\":\"SearchAction\",\"target\":{\"@type\":\"EntryPoint\",\"urlTemplate\":\"https:\\\/\\\/solucionescontract.com\\\/?s={search_term_string}\"},\"query-input\":{\"@type\":\"PropertyValueSpecification\",\"valueRequired\":true,\"valueName\":\"search_term_string\"}}],\"inLanguage\":\"fr-FR\"},{\"@type\":\"Organization\",\"@id\":\"https:\\\/\\\/solucionescontract.com\\\/#organization\",\"name\":\"Soluciones Contract\",\"url\":\"https:\\\/\\\/solucionescontract.com\\\/\",\"logo\":{\"@type\":\"ImageObject\",\"inLanguage\":\"fr-FR\",\"@id\":\"https:\\\/\\\/solucionescontract.com\\\/#\\\/schema\\\/logo\\\/image\\\/\",\"url\":\"https:\\\/\\\/solucionescontract.com\\\/wp-content\\\/uploads\\\/2020\\\/02\\\/logoSC.jpg\",\"contentUrl\":\"https:\\\/\\\/solucionescontract.com\\\/wp-content\\\/uploads\\\/2020\\\/02\\\/logoSC.jpg\",\"width\":300,\"height\":125,\"caption\":\"Soluciones Contract\"},\"image\":{\"@id\":\"https:\\\/\\\/solucionescontract.com\\\/#\\\/schema\\\/logo\\\/image\\\/\"},\"sameAs\":[\"https:\\\/\\\/www.facebook.com\\\/solucionescontract\\\/\"]}]}<\/script>\n<!-- \/ Yoast SEO plugin. -->","yoast_head_json":{"title":"SOFA 810 TM - Muebles de dise\u00f1o en Soluciones Contract","description":"Compra SOFA 810 TM online en nuestra tienda de muebles Contract. Encuentra el mejor MOBILIARIO DE DISE\u00d1O para Hotel, Hogar y uso comercial. Descubre las mejores marcas en nuestro cat\u00e1logo.","robots":{"index":"index","follow":"follow","max-snippet":"max-snippet:-1","max-image-preview":"max-image-preview:large","max-video-preview":"max-video-preview:-1"},"canonical":"https:\/\/solucionescontract.com\/producto\/sofa-810-tm\/","og_locale":"fr_FR","og_type":"article","og_title":"SOFA 810 TM - Muebles de dise\u00f1o en Soluciones Contract","og_description":"Compra SOFA 810 TM online en nuestra tienda de muebles Contract. Encuentra el mejor MOBILIARIO DE DISE\u00d1O para Hotel, Hogar y uso comercial. Descubre las mejores marcas en nuestro cat\u00e1logo.","og_url":"https:\/\/solucionescontract.com\/producto\/sofa-810-tm\/","og_site_name":"Soluciones Contract","article_publisher":"https:\/\/www.facebook.com\/solucionescontract\/","og_image":[{"width":800,"height":800,"url":"https:\/\/solucionescontract.com\/wp-content\/uploads\/2016\/01\/TM-SOFA-810_SOUCIONESCONTRACT01.jpg","type":"image\/jpeg"}],"twitter_card":"summary_large_image","twitter_misc":{"Dur\u00e9e de lecture estim\u00e9e":"1 minute"},"schema":{"@context":"https:\/\/schema.org","@graph":[{"@type":"WebPage","@id":"https:\/\/solucionescontract.com\/producto\/sofa-810-tm\/","url":"https:\/\/solucionescontract.com\/producto\/sofa-810-tm\/","name":"SOFA 810 TM - Muebles de dise\u00f1o en Soluciones Contract","isPartOf":{"@id":"https:\/\/solucionescontract.com\/#website"},"primaryImageOfPage":{"@id":"https:\/\/solucionescontract.com\/producto\/sofa-810-tm\/#primaryimage"},"image":{"@id":"https:\/\/solucionescontract.com\/producto\/sofa-810-tm\/#primaryimage"},"thumbnailUrl":"https:\/\/solucionescontract.com\/wp-content\/uploads\/2016\/01\/TM-SOFA-810_SOUCIONESCONTRACT01.jpg","datePublished":"2016-12-11T22:38:10+00:00","description":"Compra SOFA 810 TM online en nuestra tienda de muebles Contract. Encuentra el mejor MOBILIARIO DE DISE\u00d1O para Hotel, Hogar y uso comercial. Descubre las mejores marcas en nuestro cat\u00e1logo.","breadcrumb":{"@id":"https:\/\/solucionescontract.com\/producto\/sofa-810-tm\/#breadcrumb"},"inLanguage":"fr-FR","potentialAction":[{"@type":"ReadAction","target":["https:\/\/solucionescontract.com\/producto\/sofa-810-tm\/"]}]},{"@type":"ImageObject","inLanguage":"fr-FR","@id":"https:\/\/solucionescontract.com\/producto\/sofa-810-tm\/#primaryimage","url":"https:\/\/solucionescontract.com\/wp-content\/uploads\/2016\/01\/TM-SOFA-810_SOUCIONESCONTRACT01.jpg","contentUrl":"https:\/\/solucionescontract.com\/wp-content\/uploads\/2016\/01\/TM-SOFA-810_SOUCIONESCONTRACT01.jpg","width":800,"height":800},{"@type":"BreadcrumbList","@id":"https:\/\/solucionescontract.com\/producto\/sofa-810-tm\/#breadcrumb","itemListElement":[{"@type":"ListItem","position":1,"name":"Inicio","item":"https:\/\/solucionescontract.com\/"},{"@type":"ListItem","position":2,"name":"Tienda mobiliario contract","item":"https:\/\/solucionescontract.com\/tienda-mobiliario-contract\/"},{"@type":"ListItem","position":3,"name":"Asientos Contract","item":"https:\/\/solucionescontract.com\/categoria-producto\/asientos-para-contract\/"},{"@type":"ListItem","position":4,"name":"Sof\u00e1s de dise\u00f1o","item":"https:\/\/solucionescontract.com\/categoria-producto\/asientos-para-contract\/sofas-de-diseno\/"},{"@type":"ListItem","position":5,"name":"SOFA 810 TM"}]},{"@type":"WebSite","@id":"https:\/\/solucionescontract.com\/#website","url":"https:\/\/solucionescontract.com\/","name":"Soluciones Contract","description":"Venta Mobiliario contract de dise\u00f1o","publisher":{"@id":"https:\/\/solucionescontract.com\/#organization"},"potentialAction":[{"@type":"SearchAction","target":{"@type":"EntryPoint","urlTemplate":"https:\/\/solucionescontract.com\/?s={search_term_string}"},"query-input":{"@type":"PropertyValueSpecification","valueRequired":true,"valueName":"search_term_string"}}],"inLanguage":"fr-FR"},{"@type":"Organization","@id":"https:\/\/solucionescontract.com\/#organization","name":"Soluciones Contract","url":"https:\/\/solucionescontract.com\/","logo":{"@type":"ImageObject","inLanguage":"fr-FR","@id":"https:\/\/solucionescontract.com\/#\/schema\/logo\/image\/","url":"https:\/\/solucionescontract.com\/wp-content\/uploads\/2020\/02\/logoSC.jpg","contentUrl":"https:\/\/solucionescontract.com\/wp-content\/uploads\/2020\/02\/logoSC.jpg","width":300,"height":125,"caption":"Soluciones Contract"},"image":{"@id":"https:\/\/solucionescontract.com\/#\/schema\/logo\/image\/"},"sameAs":["https:\/\/www.facebook.com\/solucionescontract\/"]}]}},"_links":{"self":[{"href":"https:\/\/solucionescontract.com\/fr\/wp-json\/wp\/v2\/product\/20661","targetHints":{"allow":["GET"]}}],"collection":[{"href":"https:\/\/solucionescontract.com\/fr\/wp-json\/wp\/v2\/product"}],"about":[{"href":"https:\/\/solucionescontract.com\/fr\/wp-json\/wp\/v2\/types\/product"}],"replies":[{"embeddable":true,"href":"https:\/\/solucionescontract.com\/fr\/wp-json\/wp\/v2\/comments?post=20661"}],"wp:featuredmedia":[{"embeddable":true,"href":"https:\/\/solucionescontract.com\/fr\/wp-json\/wp\/v2\/media\/12612"}],"wp:attachment":[{"href":"https:\/\/solucionescontract.com\/fr\/wp-json\/wp\/v2\/media?parent=20661"}],"wp:term":[{"taxonomy":"product_brand","embeddable":true,"href":"https:\/\/solucionescontract.com\/fr\/wp-json\/wp\/v2\/product_brand?post=20661"},{"taxonomy":"product_cat","embeddable":true,"href":"https:\/\/solucionescontract.com\/fr\/wp-json\/wp\/v2\/product_cat?post=20661"},{"taxonomy":"product_tag","embeddable":true,"href":"https:\/\/solucionescontract.com\/fr\/wp-json\/wp\/v2\/product_tag?post=20661"}],"curies":[{"name":"wp","href":"https:\/\/api.w.org\/{rel}","templated":true}]}}