{"id":20645,"date":"2016-12-11T21:37:22","date_gmt":"2016-12-11T21:37:22","guid":{"rendered":"https:\/\/www.solucionescontract.com\/producto\/fauteuil-408\/"},"modified":"2016-12-11T21:37:22","modified_gmt":"2016-12-11T21:37:22","slug":"fauteuil-408","status":"publish","type":"product","link":"https:\/\/solucionescontract.com\/fr\/producto\/fauteuil-408\/","title":{"rendered":"FAUTEUIL 408"},"content":{"rendered":"<p><strong>Description :<\/strong><br \/>\nFauteuil rembourr\u00e9 moderne id\u00e9al pour les restaurants et les chambres d&rsquo;h\u00f4tel en raison de sa polyvalence, de sa r\u00e9sistance et de son confort. Son esth\u00e9tique conseille une utilisation et un placement dans des zones de passage, communes, de repos et nobles.<\/p>\n<p><strong>Structure :<\/strong><br \/>\nStructure et cadre en bois de pin de premi\u00e8re qualit\u00e9 recouvert de panneaux de particules de 18 mm et recouvert de mousse de polyur\u00e9thane haute densit\u00e9 avec une HR de 30 kg\/m3. Finitions ext\u00e9rieures rembourr\u00e9es et structure et pieds en bois de h\u00eatre de premi\u00e8re qualit\u00e9<\/p>\n<p><strong>Si\u00e8ge :<\/strong><br \/>\nCadre avec syst\u00e8me de suspension \u00e0 sangles \u00e9lastiques haute r\u00e9sistance NEA avec 10 ans de garantie. Mousse de caoutchouc \u00e0 haute densit\u00e9. Si\u00e8ge ergonomique.<\/p>\n<p><strong>Les armes :<\/strong><br \/>\nPlus longue que la structure afin qu&rsquo;elle offre un support solide \u00e0 l&rsquo;utilisateur. Enti\u00e8rement rembourr\u00e9 de caoutchouc mousse.<\/p>\n<p><strong>Dossier :<\/strong><br \/>\nMousse de polyur\u00e9thane RH 25 kg. \u00c9paisseur moyenne de 30 mm. Conception anatomique du dossier avec forme ergonomique, pour une adaptation parfaite du dos en fonction des param\u00e8tres techniques de l&rsquo;ergonomie.<\/p>\n<p><strong>Les finitions :<\/strong><br \/>\nCouleur du bois selon le livre d&rsquo;\u00e9chantillons et le nuancier Tm<br \/>\n<a href=\"\/fr\/producto\/finition-tm\/\">Finitions rembourr\u00e9es selon le livre d&rsquo;\u00e9chantillons.<\/a><\/script><\/p>\n","protected":false},"excerpt":{"rendered":"<ul>\n<li>Fauteuil rembourr\u00e9 avec dossier anatomique pour un plus grand confort.<\/li>\n<li>Fabriqu\u00e9 en bois massif avec une finition ext\u00e9rieure rembourr\u00e9e.<\/li>\n<li>Assise, dossier et accoudoirs ergonomiques rembourr\u00e9s de mousse haute densit\u00e9<\/li>\n<li>Hauteur du si\u00e8ge 470 mm.<\/li>\n<li>Utilisation \u00e0 l&rsquo;int\u00e9rieur<\/li>\n<li>Vaste gamme de finitions du bois \/ rembourrage, s\u00e9lectionnez les finitions <a href=\"\/fr\/producto\/finition-tm\/\">ici<\/a>.<\/li>\n<\/ul>\n<p>(Commande minimale de 2 unit\u00e9s)<\/p>\n","protected":false},"featured_media":13824,"comment_status":"open","ping_status":"closed","template":"","meta":[],"product_brand":[],"product_cat":[627,531,625],"product_tag":[655,689],"class_list":{"0":"post-20645","1":"product","2":"type-product","3":"status-publish","4":"has-post-thumbnail","6":"product_cat-fauteuil-contract","7":"product_cat-fauteuils-design","8":"product_cat-salle-dattente-et-reception","9":"product_tag-interior-fr","10":"product_tag-asientos-tapizados-fr","11":"product_shipping_class-gratuit","12":"yith_product_brand-tm-sillerias-fr","14":"first","15":"instock","16":"taxable","17":"shipping-taxable","18":"purchasable","19":"product-type-simple"},"yoast_head":"<!-- This site is optimized with the Yoast SEO plugin v27.3 - https:\/\/yoast.com\/product\/yoast-seo-wordpress\/ -->\n<title>FAUTEUIL DE DESIGNER 408 | Soluciones Contract<\/title>\n<meta name=\"description\" content=\"Fauteuil de designer 408. convient \u00e0 un usage professionnel, aux cliniques, bureaux, h\u00f4tels, restaurants... ainsi qu&#039;\u00e0 un usage domestique.vente en ligne\" \/>\n<meta name=\"robots\" content=\"index, follow, max-snippet:-1, max-image-preview:large, max-video-preview:-1\" \/>\n<link rel=\"canonical\" href=\"https:\/\/solucionescontract.com\/fr\/producto\/fauteuil-408\/\" \/>\n<meta property=\"og:locale\" content=\"fr_FR\" \/>\n<meta property=\"og:type\" content=\"article\" \/>\n<meta property=\"og:title\" content=\"FAUTEUIL DE DESIGNER 408 | Soluciones Contract\" \/>\n<meta property=\"og:description\" content=\"Fauteuil de designer 408. convient \u00e0 un usage professionnel, aux cliniques, bureaux, h\u00f4tels, restaurants... ainsi qu&#039;\u00e0 un usage domestique.vente en ligne\" \/>\n<meta property=\"og:url\" content=\"https:\/\/solucionescontract.com\/fr\/producto\/fauteuil-408\/\" \/>\n<meta property=\"og:site_name\" content=\"Soluciones Contract\" \/>\n<meta property=\"article:publisher\" content=\"https:\/\/www.facebook.com\/solucionescontract\/\" \/>\n<meta property=\"og:image\" content=\"https:\/\/solucionescontract.com\/wp-content\/uploads\/2016\/12\/TM-BUTACA-408_SOUCIONESCONTRACT02.jpg\" \/>\n\t<meta property=\"og:image:width\" content=\"800\" \/>\n\t<meta property=\"og:image:height\" content=\"800\" \/>\n\t<meta property=\"og:image:type\" content=\"image\/jpeg\" \/>\n<meta name=\"twitter:card\" content=\"summary_large_image\" \/>\n<meta name=\"twitter:label1\" content=\"Dur\u00e9e de lecture estim\u00e9e\" \/>\n\t<meta name=\"twitter:data1\" content=\"1 minute\" \/>\n<script type=\"application\/ld+json\" class=\"yoast-schema-graph\">{\"@context\":\"https:\\\/\\\/schema.org\",\"@graph\":[{\"@type\":\"WebPage\",\"@id\":\"https:\\\/\\\/solucionescontract.com\\\/fr\\\/producto\\\/fauteuil-408\\\/\",\"url\":\"https:\\\/\\\/solucionescontract.com\\\/fr\\\/producto\\\/fauteuil-408\\\/\",\"name\":\"FAUTEUIL DE DESIGNER 408 | Soluciones Contract\",\"isPartOf\":{\"@id\":\"https:\\\/\\\/solucionescontract.com\\\/#website\"},\"primaryImageOfPage\":{\"@id\":\"https:\\\/\\\/solucionescontract.com\\\/fr\\\/producto\\\/fauteuil-408\\\/#primaryimage\"},\"image\":{\"@id\":\"https:\\\/\\\/solucionescontract.com\\\/fr\\\/producto\\\/fauteuil-408\\\/#primaryimage\"},\"thumbnailUrl\":\"https:\\\/\\\/solucionescontract.com\\\/wp-content\\\/uploads\\\/2016\\\/12\\\/TM-BUTACA-408_SOUCIONESCONTRACT02.jpg\",\"datePublished\":\"2016-12-11T21:37:22+00:00\",\"description\":\"Fauteuil de designer 408. convient \u00e0 un usage professionnel, aux cliniques, bureaux, h\u00f4tels, restaurants... ainsi qu'\u00e0 un usage domestique.vente en ligne\",\"breadcrumb\":{\"@id\":\"https:\\\/\\\/solucionescontract.com\\\/fr\\\/producto\\\/fauteuil-408\\\/#breadcrumb\"},\"inLanguage\":\"fr-FR\",\"potentialAction\":[{\"@type\":\"ReadAction\",\"target\":[\"https:\\\/\\\/solucionescontract.com\\\/fr\\\/producto\\\/fauteuil-408\\\/\"]}]},{\"@type\":\"ImageObject\",\"inLanguage\":\"fr-FR\",\"@id\":\"https:\\\/\\\/solucionescontract.com\\\/fr\\\/producto\\\/fauteuil-408\\\/#primaryimage\",\"url\":\"https:\\\/\\\/solucionescontract.com\\\/wp-content\\\/uploads\\\/2016\\\/12\\\/TM-BUTACA-408_SOUCIONESCONTRACT02.jpg\",\"contentUrl\":\"https:\\\/\\\/solucionescontract.com\\\/wp-content\\\/uploads\\\/2016\\\/12\\\/TM-BUTACA-408_SOUCIONESCONTRACT02.jpg\",\"width\":800,\"height\":800},{\"@type\":\"BreadcrumbList\",\"@id\":\"https:\\\/\\\/solucionescontract.com\\\/fr\\\/producto\\\/fauteuil-408\\\/#breadcrumb\",\"itemListElement\":[{\"@type\":\"ListItem\",\"position\":1,\"name\":\"Inicio\",\"item\":\"https:\\\/\\\/solucionescontract.com\\\/\"},{\"@type\":\"ListItem\",\"position\":2,\"name\":\"Tienda mobiliario contract\",\"item\":\"https:\\\/\\\/solucionescontract.com\\\/tienda-mobiliario-contract\\\/\"},{\"@type\":\"ListItem\",\"position\":3,\"name\":\"Salle d&#039;attente et r\u00e9ception\",\"item\":\"https:\\\/\\\/solucionescontract.com\\\/fr\\\/categoria-producto\\\/salle-dattente-et-reception\\\/\"},{\"@type\":\"ListItem\",\"position\":4,\"name\":\"Fauteuil Contract\",\"item\":\"https:\\\/\\\/solucionescontract.com\\\/fr\\\/categoria-producto\\\/salle-dattente-et-reception\\\/fauteuil-contract\\\/\"},{\"@type\":\"ListItem\",\"position\":5,\"name\":\"FAUTEUIL 408\"}]},{\"@type\":\"WebSite\",\"@id\":\"https:\\\/\\\/solucionescontract.com\\\/#website\",\"url\":\"https:\\\/\\\/solucionescontract.com\\\/\",\"name\":\"Soluciones Contract\",\"description\":\"Venta Mobiliario contract de dise\u00f1o\",\"publisher\":{\"@id\":\"https:\\\/\\\/solucionescontract.com\\\/#organization\"},\"potentialAction\":[{\"@type\":\"SearchAction\",\"target\":{\"@type\":\"EntryPoint\",\"urlTemplate\":\"https:\\\/\\\/solucionescontract.com\\\/?s={search_term_string}\"},\"query-input\":{\"@type\":\"PropertyValueSpecification\",\"valueRequired\":true,\"valueName\":\"search_term_string\"}}],\"inLanguage\":\"fr-FR\"},{\"@type\":\"Organization\",\"@id\":\"https:\\\/\\\/solucionescontract.com\\\/#organization\",\"name\":\"Soluciones Contract\",\"url\":\"https:\\\/\\\/solucionescontract.com\\\/\",\"logo\":{\"@type\":\"ImageObject\",\"inLanguage\":\"fr-FR\",\"@id\":\"https:\\\/\\\/solucionescontract.com\\\/#\\\/schema\\\/logo\\\/image\\\/\",\"url\":\"https:\\\/\\\/solucionescontract.com\\\/wp-content\\\/uploads\\\/2020\\\/02\\\/logoSC.jpg\",\"contentUrl\":\"https:\\\/\\\/solucionescontract.com\\\/wp-content\\\/uploads\\\/2020\\\/02\\\/logoSC.jpg\",\"width\":300,\"height\":125,\"caption\":\"Soluciones Contract\"},\"image\":{\"@id\":\"https:\\\/\\\/solucionescontract.com\\\/#\\\/schema\\\/logo\\\/image\\\/\"},\"sameAs\":[\"https:\\\/\\\/www.facebook.com\\\/solucionescontract\\\/\"]}]}<\/script>\n<!-- \/ Yoast SEO plugin. -->","yoast_head_json":{"title":"FAUTEUIL DE DESIGNER 408 | Soluciones Contract","description":"Fauteuil de designer 408. convient \u00e0 un usage professionnel, aux cliniques, bureaux, h\u00f4tels, restaurants... ainsi qu'\u00e0 un usage domestique.vente en ligne","robots":{"index":"index","follow":"follow","max-snippet":"max-snippet:-1","max-image-preview":"max-image-preview:large","max-video-preview":"max-video-preview:-1"},"canonical":"https:\/\/solucionescontract.com\/fr\/producto\/fauteuil-408\/","og_locale":"fr_FR","og_type":"article","og_title":"FAUTEUIL DE DESIGNER 408 | Soluciones Contract","og_description":"Fauteuil de designer 408. convient \u00e0 un usage professionnel, aux cliniques, bureaux, h\u00f4tels, restaurants... ainsi qu'\u00e0 un usage domestique.vente en ligne","og_url":"https:\/\/solucionescontract.com\/fr\/producto\/fauteuil-408\/","og_site_name":"Soluciones Contract","article_publisher":"https:\/\/www.facebook.com\/solucionescontract\/","og_image":[{"width":800,"height":800,"url":"https:\/\/solucionescontract.com\/wp-content\/uploads\/2016\/12\/TM-BUTACA-408_SOUCIONESCONTRACT02.jpg","type":"image\/jpeg"}],"twitter_card":"summary_large_image","twitter_misc":{"Dur\u00e9e de lecture estim\u00e9e":"1 minute"},"schema":{"@context":"https:\/\/schema.org","@graph":[{"@type":"WebPage","@id":"https:\/\/solucionescontract.com\/fr\/producto\/fauteuil-408\/","url":"https:\/\/solucionescontract.com\/fr\/producto\/fauteuil-408\/","name":"FAUTEUIL DE DESIGNER 408 | Soluciones Contract","isPartOf":{"@id":"https:\/\/solucionescontract.com\/#website"},"primaryImageOfPage":{"@id":"https:\/\/solucionescontract.com\/fr\/producto\/fauteuil-408\/#primaryimage"},"image":{"@id":"https:\/\/solucionescontract.com\/fr\/producto\/fauteuil-408\/#primaryimage"},"thumbnailUrl":"https:\/\/solucionescontract.com\/wp-content\/uploads\/2016\/12\/TM-BUTACA-408_SOUCIONESCONTRACT02.jpg","datePublished":"2016-12-11T21:37:22+00:00","description":"Fauteuil de designer 408. convient \u00e0 un usage professionnel, aux cliniques, bureaux, h\u00f4tels, restaurants... ainsi qu'\u00e0 un usage domestique.vente en ligne","breadcrumb":{"@id":"https:\/\/solucionescontract.com\/fr\/producto\/fauteuil-408\/#breadcrumb"},"inLanguage":"fr-FR","potentialAction":[{"@type":"ReadAction","target":["https:\/\/solucionescontract.com\/fr\/producto\/fauteuil-408\/"]}]},{"@type":"ImageObject","inLanguage":"fr-FR","@id":"https:\/\/solucionescontract.com\/fr\/producto\/fauteuil-408\/#primaryimage","url":"https:\/\/solucionescontract.com\/wp-content\/uploads\/2016\/12\/TM-BUTACA-408_SOUCIONESCONTRACT02.jpg","contentUrl":"https:\/\/solucionescontract.com\/wp-content\/uploads\/2016\/12\/TM-BUTACA-408_SOUCIONESCONTRACT02.jpg","width":800,"height":800},{"@type":"BreadcrumbList","@id":"https:\/\/solucionescontract.com\/fr\/producto\/fauteuil-408\/#breadcrumb","itemListElement":[{"@type":"ListItem","position":1,"name":"Inicio","item":"https:\/\/solucionescontract.com\/"},{"@type":"ListItem","position":2,"name":"Tienda mobiliario contract","item":"https:\/\/solucionescontract.com\/tienda-mobiliario-contract\/"},{"@type":"ListItem","position":3,"name":"Salle d&#039;attente et r\u00e9ception","item":"https:\/\/solucionescontract.com\/fr\/categoria-producto\/salle-dattente-et-reception\/"},{"@type":"ListItem","position":4,"name":"Fauteuil Contract","item":"https:\/\/solucionescontract.com\/fr\/categoria-producto\/salle-dattente-et-reception\/fauteuil-contract\/"},{"@type":"ListItem","position":5,"name":"FAUTEUIL 408"}]},{"@type":"WebSite","@id":"https:\/\/solucionescontract.com\/#website","url":"https:\/\/solucionescontract.com\/","name":"Soluciones Contract","description":"Venta Mobiliario contract de dise\u00f1o","publisher":{"@id":"https:\/\/solucionescontract.com\/#organization"},"potentialAction":[{"@type":"SearchAction","target":{"@type":"EntryPoint","urlTemplate":"https:\/\/solucionescontract.com\/?s={search_term_string}"},"query-input":{"@type":"PropertyValueSpecification","valueRequired":true,"valueName":"search_term_string"}}],"inLanguage":"fr-FR"},{"@type":"Organization","@id":"https:\/\/solucionescontract.com\/#organization","name":"Soluciones Contract","url":"https:\/\/solucionescontract.com\/","logo":{"@type":"ImageObject","inLanguage":"fr-FR","@id":"https:\/\/solucionescontract.com\/#\/schema\/logo\/image\/","url":"https:\/\/solucionescontract.com\/wp-content\/uploads\/2020\/02\/logoSC.jpg","contentUrl":"https:\/\/solucionescontract.com\/wp-content\/uploads\/2020\/02\/logoSC.jpg","width":300,"height":125,"caption":"Soluciones Contract"},"image":{"@id":"https:\/\/solucionescontract.com\/#\/schema\/logo\/image\/"},"sameAs":["https:\/\/www.facebook.com\/solucionescontract\/"]}]}},"_links":{"self":[{"href":"https:\/\/solucionescontract.com\/fr\/wp-json\/wp\/v2\/product\/20645","targetHints":{"allow":["GET"]}}],"collection":[{"href":"https:\/\/solucionescontract.com\/fr\/wp-json\/wp\/v2\/product"}],"about":[{"href":"https:\/\/solucionescontract.com\/fr\/wp-json\/wp\/v2\/types\/product"}],"replies":[{"embeddable":true,"href":"https:\/\/solucionescontract.com\/fr\/wp-json\/wp\/v2\/comments?post=20645"}],"wp:featuredmedia":[{"embeddable":true,"href":"https:\/\/solucionescontract.com\/fr\/wp-json\/wp\/v2\/media\/13824"}],"wp:attachment":[{"href":"https:\/\/solucionescontract.com\/fr\/wp-json\/wp\/v2\/media?parent=20645"}],"wp:term":[{"taxonomy":"product_brand","embeddable":true,"href":"https:\/\/solucionescontract.com\/fr\/wp-json\/wp\/v2\/product_brand?post=20645"},{"taxonomy":"product_cat","embeddable":true,"href":"https:\/\/solucionescontract.com\/fr\/wp-json\/wp\/v2\/product_cat?post=20645"},{"taxonomy":"product_tag","embeddable":true,"href":"https:\/\/solucionescontract.com\/fr\/wp-json\/wp\/v2\/product_tag?post=20645"}],"curies":[{"name":"wp","href":"https:\/\/api.w.org\/{rel}","templated":true}]}}