{"id":20087,"date":"2016-09-30T18:55:05","date_gmt":"2016-09-30T18:55:05","guid":{"rendered":"https:\/\/www.solucionescontract.com\/producto\/ara-lounge-316\/"},"modified":"2020-12-28T14:38:44","modified_gmt":"2020-12-28T14:38:44","slug":"ara-lounge-316","status":"publish","type":"product","link":"https:\/\/solucionescontract.com\/fr\/producto\/ara-lounge-316\/","title":{"rendered":"FAUTEUIL LOUNGE ARA 316"},"content":{"rendered":"<h3>FAUTEUIL LOUNGE ARA 316<\/h3>\n<p><a href=\"https:\/\/solucionescontract.com\/wp-content\/uploads\/2020\/05\/ficha-tecnica-ara-lounge.jpg\"><img decoding=\"async\" class=\" wd-lazy-fade alignnone wp-image-9833\" src=\"https:\/\/solucionescontract.com\/wp-content\/themes\/woodmart\/images\/lazy.svg\" data-src=\"https:\/\/solucionescontract.com\/wp-content\/uploads\/2020\/05\/ficha-tecnica-ara-lounge-300x127.jpg\" alt=\"\" width=\"400\" height=\"170\" srcset=\"\" data-srcset=\"https:\/\/solucionescontract.com\/wp-content\/uploads\/2020\/05\/ficha-tecnica-ara-lounge-300x127.jpg 300w, https:\/\/solucionescontract.com\/wp-content\/uploads\/2020\/05\/ficha-tecnica-ara-lounge-150x64.jpg 150w, https:\/\/solucionescontract.com\/wp-content\/uploads\/2020\/05\/ficha-tecnica-ara-lounge-800x340.jpg 800w, https:\/\/solucionescontract.com\/wp-content\/uploads\/2020\/05\/ficha-tecnica-ara-lounge-1024x435.jpg 1024w, https:\/\/solucionescontract.com\/wp-content\/uploads\/2020\/05\/ficha-tecnica-ara-lounge-768x326.jpg 768w, https:\/\/solucionescontract.com\/wp-content\/uploads\/2020\/05\/ficha-tecnica-ara-lounge.jpg 1104w\" sizes=\"(max-width: 400px) 100vw, 400px\" \/><\/a><\/p>\n<p>&nbsp;<\/script><\/p>\n","protected":false},"excerpt":{"rendered":"<ul>\n<li>Fabriqu\u00e9e en polypropyl\u00e8ne renforc\u00e9 de fibres de verre.<\/li>\n<li>Chaise avec des accoudoirs dont le design met en valeur la fente dans son dossier qui facilite le mouvement et lui donne un caract\u00e8re diff\u00e9rent.<\/li>\n<li>Hauteur du si\u00e8ge 420mm.<\/li>\n<li>Ext\u00e9rieur\/int\u00e9rieur.<\/li>\n<li>Empilable<\/li>\n<li>(commande minimum de 2 unit\u00e9s).<\/li>\n<\/ul>\n","protected":false},"featured_media":16758,"comment_status":"open","ping_status":"closed","template":"","meta":[],"product_brand":[],"product_cat":[589,583,581,607],"product_tag":[756,686,679,710],"class_list":{"0":"post-20087","1":"product","2":"type-product","3":"status-publish","4":"has-post-thumbnail","6":"product_cat-chaises-de-terrasse","7":"product_cat-fauteuil-de-jardin","8":"product_cat-meubles-de-terrasse-et-de-jardin","9":"product_cat-meubles-pour-lhotellerie","10":"product_tag-sillas-y-sillones-de-diseno-fr","11":"product_tag-apilable-fr","12":"product_tag-exterior-interior","13":"product_tag-lounge-fr","14":"product_shipping_class-gratuit","15":"yith_product_brand-pedrali-fr","17":"first","18":"instock","19":"taxable","20":"shipping-taxable","21":"purchasable","22":"product-type-variable"},"yoast_head":"<!-- This site is optimized with the Yoast SEO plugin v27.3 - https:\/\/yoast.com\/product\/yoast-seo-wordpress\/ -->\n<title>FAUTEUIL LOUNGE ARA 316 - Muebles de dise\u00f1o en Soluciones Contract<\/title>\n<meta name=\"description\" content=\"Compra FAUTEUIL LOUNGE ARA 316 online en nuestra tienda de muebles Contract. Encuentra el mejor MOBILIARIO DE DISE\u00d1O para Hotel, Hogar y uso comercial. Descubre las mejores marcas en nuestro cat\u00e1logo.\" \/>\n<meta name=\"robots\" content=\"index, follow, max-snippet:-1, max-image-preview:large, max-video-preview:-1\" \/>\n<link rel=\"canonical\" href=\"https:\/\/solucionescontract.com\/fr\/producto\/ara-lounge-316\/\" \/>\n<meta property=\"og:locale\" content=\"fr_FR\" \/>\n<meta property=\"og:type\" content=\"article\" \/>\n<meta property=\"og:title\" content=\"FAUTEUIL LOUNGE ARA 316 - Muebles de dise\u00f1o en Soluciones Contract\" \/>\n<meta property=\"og:description\" content=\"Compra FAUTEUIL LOUNGE ARA 316 online en nuestra tienda de muebles Contract. Encuentra el mejor MOBILIARIO DE DISE\u00d1O para Hotel, Hogar y uso comercial. Descubre las mejores marcas en nuestro cat\u00e1logo.\" \/>\n<meta property=\"og:url\" content=\"https:\/\/solucionescontract.com\/fr\/producto\/ara-lounge-316\/\" \/>\n<meta property=\"og:site_name\" content=\"Soluciones Contract\" \/>\n<meta property=\"article:publisher\" content=\"https:\/\/www.facebook.com\/solucionescontract\/\" \/>\n<meta property=\"article:modified_time\" content=\"2020-12-28T14:38:44+00:00\" \/>\n<meta property=\"og:image\" content=\"https:\/\/solucionescontract.com\/wp-content\/uploads\/2020\/05\/ara-lounge-verde-claro.jpg\" \/>\n\t<meta property=\"og:image:width\" content=\"1373\" \/>\n\t<meta property=\"og:image:height\" content=\"1373\" \/>\n\t<meta property=\"og:image:type\" content=\"image\/jpeg\" \/>\n<meta name=\"twitter:card\" content=\"summary_large_image\" \/>\n<script type=\"application\/ld+json\" class=\"yoast-schema-graph\">{\"@context\":\"https:\\\/\\\/schema.org\",\"@graph\":[{\"@type\":\"WebPage\",\"@id\":\"https:\\\/\\\/solucionescontract.com\\\/fr\\\/producto\\\/ara-lounge-316\\\/\",\"url\":\"https:\\\/\\\/solucionescontract.com\\\/fr\\\/producto\\\/ara-lounge-316\\\/\",\"name\":\"FAUTEUIL LOUNGE ARA 316 - Muebles de dise\u00f1o en Soluciones Contract\",\"isPartOf\":{\"@id\":\"https:\\\/\\\/solucionescontract.com\\\/#website\"},\"primaryImageOfPage\":{\"@id\":\"https:\\\/\\\/solucionescontract.com\\\/fr\\\/producto\\\/ara-lounge-316\\\/#primaryimage\"},\"image\":{\"@id\":\"https:\\\/\\\/solucionescontract.com\\\/fr\\\/producto\\\/ara-lounge-316\\\/#primaryimage\"},\"thumbnailUrl\":\"https:\\\/\\\/solucionescontract.com\\\/wp-content\\\/uploads\\\/2020\\\/05\\\/ara-lounge-verde-claro.jpg\",\"datePublished\":\"2016-09-30T18:55:05+00:00\",\"dateModified\":\"2020-12-28T14:38:44+00:00\",\"description\":\"Compra FAUTEUIL LOUNGE ARA 316 online en nuestra tienda de muebles Contract. Encuentra el mejor MOBILIARIO DE DISE\u00d1O para Hotel, Hogar y uso comercial. Descubre las mejores marcas en nuestro cat\u00e1logo.\",\"breadcrumb\":{\"@id\":\"https:\\\/\\\/solucionescontract.com\\\/fr\\\/producto\\\/ara-lounge-316\\\/#breadcrumb\"},\"inLanguage\":\"fr-FR\",\"potentialAction\":[{\"@type\":\"ReadAction\",\"target\":[\"https:\\\/\\\/solucionescontract.com\\\/fr\\\/producto\\\/ara-lounge-316\\\/\"]}]},{\"@type\":\"ImageObject\",\"inLanguage\":\"fr-FR\",\"@id\":\"https:\\\/\\\/solucionescontract.com\\\/fr\\\/producto\\\/ara-lounge-316\\\/#primaryimage\",\"url\":\"https:\\\/\\\/solucionescontract.com\\\/wp-content\\\/uploads\\\/2020\\\/05\\\/ara-lounge-verde-claro.jpg\",\"contentUrl\":\"https:\\\/\\\/solucionescontract.com\\\/wp-content\\\/uploads\\\/2020\\\/05\\\/ara-lounge-verde-claro.jpg\",\"width\":1373,\"height\":1373},{\"@type\":\"BreadcrumbList\",\"@id\":\"https:\\\/\\\/solucionescontract.com\\\/fr\\\/producto\\\/ara-lounge-316\\\/#breadcrumb\",\"itemListElement\":[{\"@type\":\"ListItem\",\"position\":1,\"name\":\"Inicio\",\"item\":\"https:\\\/\\\/solucionescontract.com\\\/\"},{\"@type\":\"ListItem\",\"position\":2,\"name\":\"Tienda mobiliario contract\",\"item\":\"https:\\\/\\\/solucionescontract.com\\\/tienda-mobiliario-contract\\\/\"},{\"@type\":\"ListItem\",\"position\":3,\"name\":\"Meubles de terrasse et de jardin\",\"item\":\"https:\\\/\\\/solucionescontract.com\\\/fr\\\/categoria-producto\\\/meubles-de-terrasse-et-de-jardin\\\/\"},{\"@type\":\"ListItem\",\"position\":4,\"name\":\"Chaises de terrasse\",\"item\":\"https:\\\/\\\/solucionescontract.com\\\/fr\\\/categoria-producto\\\/meubles-de-terrasse-et-de-jardin\\\/chaises-de-terrasse\\\/\"},{\"@type\":\"ListItem\",\"position\":5,\"name\":\"FAUTEUIL LOUNGE ARA 316\"}]},{\"@type\":\"WebSite\",\"@id\":\"https:\\\/\\\/solucionescontract.com\\\/#website\",\"url\":\"https:\\\/\\\/solucionescontract.com\\\/\",\"name\":\"Soluciones Contract\",\"description\":\"Venta Mobiliario contract de dise\u00f1o\",\"publisher\":{\"@id\":\"https:\\\/\\\/solucionescontract.com\\\/#organization\"},\"potentialAction\":[{\"@type\":\"SearchAction\",\"target\":{\"@type\":\"EntryPoint\",\"urlTemplate\":\"https:\\\/\\\/solucionescontract.com\\\/?s={search_term_string}\"},\"query-input\":{\"@type\":\"PropertyValueSpecification\",\"valueRequired\":true,\"valueName\":\"search_term_string\"}}],\"inLanguage\":\"fr-FR\"},{\"@type\":\"Organization\",\"@id\":\"https:\\\/\\\/solucionescontract.com\\\/#organization\",\"name\":\"Soluciones Contract\",\"url\":\"https:\\\/\\\/solucionescontract.com\\\/\",\"logo\":{\"@type\":\"ImageObject\",\"inLanguage\":\"fr-FR\",\"@id\":\"https:\\\/\\\/solucionescontract.com\\\/#\\\/schema\\\/logo\\\/image\\\/\",\"url\":\"https:\\\/\\\/solucionescontract.com\\\/wp-content\\\/uploads\\\/2020\\\/02\\\/logoSC.jpg\",\"contentUrl\":\"https:\\\/\\\/solucionescontract.com\\\/wp-content\\\/uploads\\\/2020\\\/02\\\/logoSC.jpg\",\"width\":300,\"height\":125,\"caption\":\"Soluciones Contract\"},\"image\":{\"@id\":\"https:\\\/\\\/solucionescontract.com\\\/#\\\/schema\\\/logo\\\/image\\\/\"},\"sameAs\":[\"https:\\\/\\\/www.facebook.com\\\/solucionescontract\\\/\"]}]}<\/script>\n<!-- \/ Yoast SEO plugin. -->","yoast_head_json":{"title":"FAUTEUIL LOUNGE ARA 316 - Muebles de dise\u00f1o en Soluciones Contract","description":"Compra FAUTEUIL LOUNGE ARA 316 online en nuestra tienda de muebles Contract. Encuentra el mejor MOBILIARIO DE DISE\u00d1O para Hotel, Hogar y uso comercial. Descubre las mejores marcas en nuestro cat\u00e1logo.","robots":{"index":"index","follow":"follow","max-snippet":"max-snippet:-1","max-image-preview":"max-image-preview:large","max-video-preview":"max-video-preview:-1"},"canonical":"https:\/\/solucionescontract.com\/fr\/producto\/ara-lounge-316\/","og_locale":"fr_FR","og_type":"article","og_title":"FAUTEUIL LOUNGE ARA 316 - Muebles de dise\u00f1o en Soluciones Contract","og_description":"Compra FAUTEUIL LOUNGE ARA 316 online en nuestra tienda de muebles Contract. Encuentra el mejor MOBILIARIO DE DISE\u00d1O para Hotel, Hogar y uso comercial. Descubre las mejores marcas en nuestro cat\u00e1logo.","og_url":"https:\/\/solucionescontract.com\/fr\/producto\/ara-lounge-316\/","og_site_name":"Soluciones Contract","article_publisher":"https:\/\/www.facebook.com\/solucionescontract\/","article_modified_time":"2020-12-28T14:38:44+00:00","og_image":[{"width":1373,"height":1373,"url":"https:\/\/solucionescontract.com\/wp-content\/uploads\/2020\/05\/ara-lounge-verde-claro.jpg","type":"image\/jpeg"}],"twitter_card":"summary_large_image","schema":{"@context":"https:\/\/schema.org","@graph":[{"@type":"WebPage","@id":"https:\/\/solucionescontract.com\/fr\/producto\/ara-lounge-316\/","url":"https:\/\/solucionescontract.com\/fr\/producto\/ara-lounge-316\/","name":"FAUTEUIL LOUNGE ARA 316 - Muebles de dise\u00f1o en Soluciones Contract","isPartOf":{"@id":"https:\/\/solucionescontract.com\/#website"},"primaryImageOfPage":{"@id":"https:\/\/solucionescontract.com\/fr\/producto\/ara-lounge-316\/#primaryimage"},"image":{"@id":"https:\/\/solucionescontract.com\/fr\/producto\/ara-lounge-316\/#primaryimage"},"thumbnailUrl":"https:\/\/solucionescontract.com\/wp-content\/uploads\/2020\/05\/ara-lounge-verde-claro.jpg","datePublished":"2016-09-30T18:55:05+00:00","dateModified":"2020-12-28T14:38:44+00:00","description":"Compra FAUTEUIL LOUNGE ARA 316 online en nuestra tienda de muebles Contract. Encuentra el mejor MOBILIARIO DE DISE\u00d1O para Hotel, Hogar y uso comercial. Descubre las mejores marcas en nuestro cat\u00e1logo.","breadcrumb":{"@id":"https:\/\/solucionescontract.com\/fr\/producto\/ara-lounge-316\/#breadcrumb"},"inLanguage":"fr-FR","potentialAction":[{"@type":"ReadAction","target":["https:\/\/solucionescontract.com\/fr\/producto\/ara-lounge-316\/"]}]},{"@type":"ImageObject","inLanguage":"fr-FR","@id":"https:\/\/solucionescontract.com\/fr\/producto\/ara-lounge-316\/#primaryimage","url":"https:\/\/solucionescontract.com\/wp-content\/uploads\/2020\/05\/ara-lounge-verde-claro.jpg","contentUrl":"https:\/\/solucionescontract.com\/wp-content\/uploads\/2020\/05\/ara-lounge-verde-claro.jpg","width":1373,"height":1373},{"@type":"BreadcrumbList","@id":"https:\/\/solucionescontract.com\/fr\/producto\/ara-lounge-316\/#breadcrumb","itemListElement":[{"@type":"ListItem","position":1,"name":"Inicio","item":"https:\/\/solucionescontract.com\/"},{"@type":"ListItem","position":2,"name":"Tienda mobiliario contract","item":"https:\/\/solucionescontract.com\/tienda-mobiliario-contract\/"},{"@type":"ListItem","position":3,"name":"Meubles de terrasse et de jardin","item":"https:\/\/solucionescontract.com\/fr\/categoria-producto\/meubles-de-terrasse-et-de-jardin\/"},{"@type":"ListItem","position":4,"name":"Chaises de terrasse","item":"https:\/\/solucionescontract.com\/fr\/categoria-producto\/meubles-de-terrasse-et-de-jardin\/chaises-de-terrasse\/"},{"@type":"ListItem","position":5,"name":"FAUTEUIL LOUNGE ARA 316"}]},{"@type":"WebSite","@id":"https:\/\/solucionescontract.com\/#website","url":"https:\/\/solucionescontract.com\/","name":"Soluciones Contract","description":"Venta Mobiliario contract de dise\u00f1o","publisher":{"@id":"https:\/\/solucionescontract.com\/#organization"},"potentialAction":[{"@type":"SearchAction","target":{"@type":"EntryPoint","urlTemplate":"https:\/\/solucionescontract.com\/?s={search_term_string}"},"query-input":{"@type":"PropertyValueSpecification","valueRequired":true,"valueName":"search_term_string"}}],"inLanguage":"fr-FR"},{"@type":"Organization","@id":"https:\/\/solucionescontract.com\/#organization","name":"Soluciones Contract","url":"https:\/\/solucionescontract.com\/","logo":{"@type":"ImageObject","inLanguage":"fr-FR","@id":"https:\/\/solucionescontract.com\/#\/schema\/logo\/image\/","url":"https:\/\/solucionescontract.com\/wp-content\/uploads\/2020\/02\/logoSC.jpg","contentUrl":"https:\/\/solucionescontract.com\/wp-content\/uploads\/2020\/02\/logoSC.jpg","width":300,"height":125,"caption":"Soluciones Contract"},"image":{"@id":"https:\/\/solucionescontract.com\/#\/schema\/logo\/image\/"},"sameAs":["https:\/\/www.facebook.com\/solucionescontract\/"]}]}},"_links":{"self":[{"href":"https:\/\/solucionescontract.com\/fr\/wp-json\/wp\/v2\/product\/20087","targetHints":{"allow":["GET"]}}],"collection":[{"href":"https:\/\/solucionescontract.com\/fr\/wp-json\/wp\/v2\/product"}],"about":[{"href":"https:\/\/solucionescontract.com\/fr\/wp-json\/wp\/v2\/types\/product"}],"replies":[{"embeddable":true,"href":"https:\/\/solucionescontract.com\/fr\/wp-json\/wp\/v2\/comments?post=20087"}],"wp:featuredmedia":[{"embeddable":true,"href":"https:\/\/solucionescontract.com\/fr\/wp-json\/wp\/v2\/media\/16758"}],"wp:attachment":[{"href":"https:\/\/solucionescontract.com\/fr\/wp-json\/wp\/v2\/media?parent=20087"}],"wp:term":[{"taxonomy":"product_brand","embeddable":true,"href":"https:\/\/solucionescontract.com\/fr\/wp-json\/wp\/v2\/product_brand?post=20087"},{"taxonomy":"product_cat","embeddable":true,"href":"https:\/\/solucionescontract.com\/fr\/wp-json\/wp\/v2\/product_cat?post=20087"},{"taxonomy":"product_tag","embeddable":true,"href":"https:\/\/solucionescontract.com\/fr\/wp-json\/wp\/v2\/product_tag?post=20087"}],"curies":[{"name":"wp","href":"https:\/\/api.w.org\/{rel}","templated":true}]}}