{"id":19943,"date":"2019-01-20T08:30:40","date_gmt":"2019-01-20T08:30:40","guid":{"rendered":"https:\/\/www.solucionescontract.com\/producto\/horloge-au-sol-geante\/"},"modified":"2021-10-29T11:50:09","modified_gmt":"2021-10-29T10:50:09","slug":"horloge-au-sol-geante","status":"publish","type":"product","link":"https:\/\/solucionescontract.com\/fr\/producto\/horloge-au-sol-geante\/","title":{"rendered":"HORLOGE DE PLANCHER G\u00c9ANTE"},"content":{"rendered":"<p>HORLOGE DE PLANCHER G\u00c9ANTE en r\u00e9sine<\/p>\n<p>Horloge grand-p\u00e8re moderne<\/p>\n<p>Id\u00e9al \u00e0 la fois pour les espaces contract, les h\u00f4tels, les restaurants, les appartements touristiques, les magasins &#8230; et pour la maison.<\/p>\n<p><a href=\"https:\/\/solucionescontract.com\/wp-content\/uploads\/2019\/01\/CLOCK-GIANT-zuiver-Dimensiones.jpg\"> <img decoding=\"async\" class=\" wd-lazy-fade alignnone wp-image-6250 \" src=\"https:\/\/solucionescontract.com\/wp-content\/themes\/woodmart\/images\/lazy.svg\" data-src=\" https:\/\/solucionescontract.com\/wp-content\/uploads\/2019\/01\/RELOJ-GIANT-zuiver-Dimensiones-212x300.jpg \" alt=\" \" width=\" 400 \" height=\" 566 \" \/> <\/a><\/p>\n<p>&nbsp;<\/script><\/p>\n","protected":false},"excerpt":{"rendered":"<ul>\n<li>Giant r\u00e9invente la montre classique d&rsquo;autrefois.<\/li>\n<li>C&rsquo;est une horloge grand-p\u00e8re, en r\u00e9sine r\u00e9sistante au design spectaculaire, qui s\u00e9duit par ses lignes et ses finitions.<\/li>\n<li>Sa pr\u00e9sence est id\u00e9ale pour d\u00e9corer \u00e0 la fois dans les espaces contract et \u00e0 la maison.<\/li>\n<li>Aiguilles et pendule en aluminium laqu\u00e9 noir ou gris fonc\u00e9.<\/li>\n<li>Piles: 2x AA (non incluses). Dimensions: 26x19x111,5 cm (LxPxH)<\/li>\n<\/ul>\n","protected":false},"featured_media":14876,"comment_status":"open","ping_status":"closed","template":"","meta":[],"product_brand":[],"product_cat":[621,614,621,614],"product_tag":[655,655],"class_list":{"0":"post-19943","1":"product","2":"type-product","3":"status-publish","4":"has-post-thumbnail","6":"product_cat-meubles-auxiliaires","7":"product_cat-meubles-et-accessoires","10":"product_tag-interior-fr","12":"yith_product_brand-zuiver-fr","15":"first","16":"instock","17":"taxable","18":"shipping-taxable","19":"purchasable","20":"product-type-variable"},"yoast_head":"<!-- This site is optimized with the Yoast SEO plugin v27.3 - https:\/\/yoast.com\/product\/yoast-seo-wordpress\/ -->\n<title>HORLOGE DE PLANCHER G\u00c9ANTE - Muebles de dise\u00f1o en Soluciones Contract<\/title>\n<meta name=\"description\" content=\"Compra HORLOGE DE PLANCHER G\u00c9ANTE online en nuestra tienda de muebles Contract. Encuentra el mejor MOBILIARIO DE DISE\u00d1O para Hotel, Hogar y uso comercial. Descubre las mejores marcas en nuestro cat\u00e1logo.\" \/>\n<meta name=\"robots\" content=\"index, follow, max-snippet:-1, max-image-preview:large, max-video-preview:-1\" \/>\n<link rel=\"canonical\" href=\"https:\/\/solucionescontract.com\/fr\/producto\/horloge-au-sol-geante\/\" \/>\n<meta property=\"og:locale\" content=\"fr_FR\" \/>\n<meta property=\"og:type\" content=\"article\" \/>\n<meta property=\"og:title\" content=\"HORLOGE DE PLANCHER G\u00c9ANTE - Muebles de dise\u00f1o en Soluciones Contract\" \/>\n<meta property=\"og:description\" content=\"Compra HORLOGE DE PLANCHER G\u00c9ANTE online en nuestra tienda de muebles Contract. Encuentra el mejor MOBILIARIO DE DISE\u00d1O para Hotel, Hogar y uso comercial. Descubre las mejores marcas en nuestro cat\u00e1logo.\" \/>\n<meta property=\"og:url\" content=\"https:\/\/solucionescontract.com\/fr\/producto\/horloge-au-sol-geante\/\" \/>\n<meta property=\"og:site_name\" content=\"Soluciones Contract\" \/>\n<meta property=\"article:publisher\" content=\"https:\/\/www.facebook.com\/solucionescontract\/\" \/>\n<meta property=\"article:modified_time\" content=\"2021-10-29T10:50:09+00:00\" \/>\n<meta property=\"og:image\" content=\"https:\/\/solucionescontract.com\/wp-content\/uploads\/2019\/01\/RELOJ-GIANT-zuiver-GRIS.jpg\" \/>\n\t<meta property=\"og:image:width\" content=\"1434\" \/>\n\t<meta property=\"og:image:height\" content=\"1434\" \/>\n\t<meta property=\"og:image:type\" content=\"image\/jpeg\" \/>\n<meta name=\"twitter:card\" content=\"summary_large_image\" \/>\n<script type=\"application\/ld+json\" class=\"yoast-schema-graph\">{\"@context\":\"https:\\\/\\\/schema.org\",\"@graph\":[{\"@type\":\"WebPage\",\"@id\":\"https:\\\/\\\/solucionescontract.com\\\/fr\\\/producto\\\/horloge-au-sol-geante\\\/\",\"url\":\"https:\\\/\\\/solucionescontract.com\\\/fr\\\/producto\\\/horloge-au-sol-geante\\\/\",\"name\":\"HORLOGE DE PLANCHER G\u00c9ANTE - Muebles de dise\u00f1o en Soluciones Contract\",\"isPartOf\":{\"@id\":\"https:\\\/\\\/solucionescontract.com\\\/#website\"},\"primaryImageOfPage\":{\"@id\":\"https:\\\/\\\/solucionescontract.com\\\/fr\\\/producto\\\/horloge-au-sol-geante\\\/#primaryimage\"},\"image\":{\"@id\":\"https:\\\/\\\/solucionescontract.com\\\/fr\\\/producto\\\/horloge-au-sol-geante\\\/#primaryimage\"},\"thumbnailUrl\":\"https:\\\/\\\/solucionescontract.com\\\/wp-content\\\/uploads\\\/2019\\\/01\\\/RELOJ-GIANT-zuiver-GRIS.jpg\",\"datePublished\":\"2019-01-20T08:30:40+00:00\",\"dateModified\":\"2021-10-29T10:50:09+00:00\",\"description\":\"Compra HORLOGE DE PLANCHER G\u00c9ANTE online en nuestra tienda de muebles Contract. Encuentra el mejor MOBILIARIO DE DISE\u00d1O para Hotel, Hogar y uso comercial. Descubre las mejores marcas en nuestro cat\u00e1logo.\",\"breadcrumb\":{\"@id\":\"https:\\\/\\\/solucionescontract.com\\\/fr\\\/producto\\\/horloge-au-sol-geante\\\/#breadcrumb\"},\"inLanguage\":\"fr-FR\",\"potentialAction\":[{\"@type\":\"ReadAction\",\"target\":[\"https:\\\/\\\/solucionescontract.com\\\/fr\\\/producto\\\/horloge-au-sol-geante\\\/\"]}]},{\"@type\":\"ImageObject\",\"inLanguage\":\"fr-FR\",\"@id\":\"https:\\\/\\\/solucionescontract.com\\\/fr\\\/producto\\\/horloge-au-sol-geante\\\/#primaryimage\",\"url\":\"https:\\\/\\\/solucionescontract.com\\\/wp-content\\\/uploads\\\/2019\\\/01\\\/RELOJ-GIANT-zuiver-GRIS.jpg\",\"contentUrl\":\"https:\\\/\\\/solucionescontract.com\\\/wp-content\\\/uploads\\\/2019\\\/01\\\/RELOJ-GIANT-zuiver-GRIS.jpg\",\"width\":1434,\"height\":1434},{\"@type\":\"BreadcrumbList\",\"@id\":\"https:\\\/\\\/solucionescontract.com\\\/fr\\\/producto\\\/horloge-au-sol-geante\\\/#breadcrumb\",\"itemListElement\":[{\"@type\":\"ListItem\",\"position\":1,\"name\":\"Inicio\",\"item\":\"https:\\\/\\\/solucionescontract.com\\\/\"},{\"@type\":\"ListItem\",\"position\":2,\"name\":\"Tienda mobiliario contract\",\"item\":\"https:\\\/\\\/solucionescontract.com\\\/tienda-mobiliario-contract\\\/\"},{\"@type\":\"ListItem\",\"position\":3,\"name\":\"Meubles et accessoires\",\"item\":\"https:\\\/\\\/solucionescontract.com\\\/fr\\\/categoria-producto\\\/meubles-et-accessoires\\\/\"},{\"@type\":\"ListItem\",\"position\":4,\"name\":\"Meubles auxiliaires\",\"item\":\"https:\\\/\\\/solucionescontract.com\\\/fr\\\/categoria-producto\\\/meubles-et-accessoires\\\/meubles-auxiliaires\\\/\"},{\"@type\":\"ListItem\",\"position\":5,\"name\":\"HORLOGE DE PLANCHER G\u00c9ANTE\"}]},{\"@type\":\"WebSite\",\"@id\":\"https:\\\/\\\/solucionescontract.com\\\/#website\",\"url\":\"https:\\\/\\\/solucionescontract.com\\\/\",\"name\":\"Soluciones Contract\",\"description\":\"Venta Mobiliario contract de dise\u00f1o\",\"publisher\":{\"@id\":\"https:\\\/\\\/solucionescontract.com\\\/#organization\"},\"potentialAction\":[{\"@type\":\"SearchAction\",\"target\":{\"@type\":\"EntryPoint\",\"urlTemplate\":\"https:\\\/\\\/solucionescontract.com\\\/?s={search_term_string}\"},\"query-input\":{\"@type\":\"PropertyValueSpecification\",\"valueRequired\":true,\"valueName\":\"search_term_string\"}}],\"inLanguage\":\"fr-FR\"},{\"@type\":\"Organization\",\"@id\":\"https:\\\/\\\/solucionescontract.com\\\/#organization\",\"name\":\"Soluciones Contract\",\"url\":\"https:\\\/\\\/solucionescontract.com\\\/\",\"logo\":{\"@type\":\"ImageObject\",\"inLanguage\":\"fr-FR\",\"@id\":\"https:\\\/\\\/solucionescontract.com\\\/#\\\/schema\\\/logo\\\/image\\\/\",\"url\":\"https:\\\/\\\/solucionescontract.com\\\/wp-content\\\/uploads\\\/2020\\\/02\\\/logoSC.jpg\",\"contentUrl\":\"https:\\\/\\\/solucionescontract.com\\\/wp-content\\\/uploads\\\/2020\\\/02\\\/logoSC.jpg\",\"width\":300,\"height\":125,\"caption\":\"Soluciones Contract\"},\"image\":{\"@id\":\"https:\\\/\\\/solucionescontract.com\\\/#\\\/schema\\\/logo\\\/image\\\/\"},\"sameAs\":[\"https:\\\/\\\/www.facebook.com\\\/solucionescontract\\\/\"]}]}<\/script>\n<!-- \/ Yoast SEO plugin. -->","yoast_head_json":{"title":"HORLOGE DE PLANCHER G\u00c9ANTE - Muebles de dise\u00f1o en Soluciones Contract","description":"Compra HORLOGE DE PLANCHER G\u00c9ANTE online en nuestra tienda de muebles Contract. Encuentra el mejor MOBILIARIO DE DISE\u00d1O para Hotel, Hogar y uso comercial. Descubre las mejores marcas en nuestro cat\u00e1logo.","robots":{"index":"index","follow":"follow","max-snippet":"max-snippet:-1","max-image-preview":"max-image-preview:large","max-video-preview":"max-video-preview:-1"},"canonical":"https:\/\/solucionescontract.com\/fr\/producto\/horloge-au-sol-geante\/","og_locale":"fr_FR","og_type":"article","og_title":"HORLOGE DE PLANCHER G\u00c9ANTE - Muebles de dise\u00f1o en Soluciones Contract","og_description":"Compra HORLOGE DE PLANCHER G\u00c9ANTE online en nuestra tienda de muebles Contract. Encuentra el mejor MOBILIARIO DE DISE\u00d1O para Hotel, Hogar y uso comercial. Descubre las mejores marcas en nuestro cat\u00e1logo.","og_url":"https:\/\/solucionescontract.com\/fr\/producto\/horloge-au-sol-geante\/","og_site_name":"Soluciones Contract","article_publisher":"https:\/\/www.facebook.com\/solucionescontract\/","article_modified_time":"2021-10-29T10:50:09+00:00","og_image":[{"width":1434,"height":1434,"url":"https:\/\/solucionescontract.com\/wp-content\/uploads\/2019\/01\/RELOJ-GIANT-zuiver-GRIS.jpg","type":"image\/jpeg"}],"twitter_card":"summary_large_image","schema":{"@context":"https:\/\/schema.org","@graph":[{"@type":"WebPage","@id":"https:\/\/solucionescontract.com\/fr\/producto\/horloge-au-sol-geante\/","url":"https:\/\/solucionescontract.com\/fr\/producto\/horloge-au-sol-geante\/","name":"HORLOGE DE PLANCHER G\u00c9ANTE - Muebles de dise\u00f1o en Soluciones Contract","isPartOf":{"@id":"https:\/\/solucionescontract.com\/#website"},"primaryImageOfPage":{"@id":"https:\/\/solucionescontract.com\/fr\/producto\/horloge-au-sol-geante\/#primaryimage"},"image":{"@id":"https:\/\/solucionescontract.com\/fr\/producto\/horloge-au-sol-geante\/#primaryimage"},"thumbnailUrl":"https:\/\/solucionescontract.com\/wp-content\/uploads\/2019\/01\/RELOJ-GIANT-zuiver-GRIS.jpg","datePublished":"2019-01-20T08:30:40+00:00","dateModified":"2021-10-29T10:50:09+00:00","description":"Compra HORLOGE DE PLANCHER G\u00c9ANTE online en nuestra tienda de muebles Contract. Encuentra el mejor MOBILIARIO DE DISE\u00d1O para Hotel, Hogar y uso comercial. Descubre las mejores marcas en nuestro cat\u00e1logo.","breadcrumb":{"@id":"https:\/\/solucionescontract.com\/fr\/producto\/horloge-au-sol-geante\/#breadcrumb"},"inLanguage":"fr-FR","potentialAction":[{"@type":"ReadAction","target":["https:\/\/solucionescontract.com\/fr\/producto\/horloge-au-sol-geante\/"]}]},{"@type":"ImageObject","inLanguage":"fr-FR","@id":"https:\/\/solucionescontract.com\/fr\/producto\/horloge-au-sol-geante\/#primaryimage","url":"https:\/\/solucionescontract.com\/wp-content\/uploads\/2019\/01\/RELOJ-GIANT-zuiver-GRIS.jpg","contentUrl":"https:\/\/solucionescontract.com\/wp-content\/uploads\/2019\/01\/RELOJ-GIANT-zuiver-GRIS.jpg","width":1434,"height":1434},{"@type":"BreadcrumbList","@id":"https:\/\/solucionescontract.com\/fr\/producto\/horloge-au-sol-geante\/#breadcrumb","itemListElement":[{"@type":"ListItem","position":1,"name":"Inicio","item":"https:\/\/solucionescontract.com\/"},{"@type":"ListItem","position":2,"name":"Tienda mobiliario contract","item":"https:\/\/solucionescontract.com\/tienda-mobiliario-contract\/"},{"@type":"ListItem","position":3,"name":"Meubles et accessoires","item":"https:\/\/solucionescontract.com\/fr\/categoria-producto\/meubles-et-accessoires\/"},{"@type":"ListItem","position":4,"name":"Meubles auxiliaires","item":"https:\/\/solucionescontract.com\/fr\/categoria-producto\/meubles-et-accessoires\/meubles-auxiliaires\/"},{"@type":"ListItem","position":5,"name":"HORLOGE DE PLANCHER G\u00c9ANTE"}]},{"@type":"WebSite","@id":"https:\/\/solucionescontract.com\/#website","url":"https:\/\/solucionescontract.com\/","name":"Soluciones Contract","description":"Venta Mobiliario contract de dise\u00f1o","publisher":{"@id":"https:\/\/solucionescontract.com\/#organization"},"potentialAction":[{"@type":"SearchAction","target":{"@type":"EntryPoint","urlTemplate":"https:\/\/solucionescontract.com\/?s={search_term_string}"},"query-input":{"@type":"PropertyValueSpecification","valueRequired":true,"valueName":"search_term_string"}}],"inLanguage":"fr-FR"},{"@type":"Organization","@id":"https:\/\/solucionescontract.com\/#organization","name":"Soluciones Contract","url":"https:\/\/solucionescontract.com\/","logo":{"@type":"ImageObject","inLanguage":"fr-FR","@id":"https:\/\/solucionescontract.com\/#\/schema\/logo\/image\/","url":"https:\/\/solucionescontract.com\/wp-content\/uploads\/2020\/02\/logoSC.jpg","contentUrl":"https:\/\/solucionescontract.com\/wp-content\/uploads\/2020\/02\/logoSC.jpg","width":300,"height":125,"caption":"Soluciones Contract"},"image":{"@id":"https:\/\/solucionescontract.com\/#\/schema\/logo\/image\/"},"sameAs":["https:\/\/www.facebook.com\/solucionescontract\/"]}]}},"_links":{"self":[{"href":"https:\/\/solucionescontract.com\/fr\/wp-json\/wp\/v2\/product\/19943","targetHints":{"allow":["GET"]}}],"collection":[{"href":"https:\/\/solucionescontract.com\/fr\/wp-json\/wp\/v2\/product"}],"about":[{"href":"https:\/\/solucionescontract.com\/fr\/wp-json\/wp\/v2\/types\/product"}],"replies":[{"embeddable":true,"href":"https:\/\/solucionescontract.com\/fr\/wp-json\/wp\/v2\/comments?post=19943"}],"wp:featuredmedia":[{"embeddable":true,"href":"https:\/\/solucionescontract.com\/fr\/wp-json\/wp\/v2\/media\/14876"}],"wp:attachment":[{"href":"https:\/\/solucionescontract.com\/fr\/wp-json\/wp\/v2\/media?parent=19943"}],"wp:term":[{"taxonomy":"product_brand","embeddable":true,"href":"https:\/\/solucionescontract.com\/fr\/wp-json\/wp\/v2\/product_brand?post=19943"},{"taxonomy":"product_cat","embeddable":true,"href":"https:\/\/solucionescontract.com\/fr\/wp-json\/wp\/v2\/product_cat?post=19943"},{"taxonomy":"product_tag","embeddable":true,"href":"https:\/\/solucionescontract.com\/fr\/wp-json\/wp\/v2\/product_tag?post=19943"}],"curies":[{"name":"wp","href":"https:\/\/api.w.org\/{rel}","templated":true}]}}