{"id":19876,"date":"2018-12-29T00:33:31","date_gmt":"2018-12-29T00:33:31","guid":{"rendered":"https:\/\/www.solucionescontract.com\/producto\/dubai-multisac-micro-1800\/"},"modified":"2023-07-26T13:01:34","modified_gmt":"2023-07-26T12:01:34","slug":"dubai-multisac-micro-1800","status":"publish","type":"product","link":"https:\/\/solucionescontract.com\/fr\/producto\/dubai-multisac-micro-1800\/","title":{"rendered":"DUBA\u00cf MULTISAC MICRO 1800"},"content":{"rendered":"<p><a href=\"https:\/\/solucionescontract.com\/wp-content\/uploads\/2019\/02\/DUBAI-SONPURA-CONTRACT-FICHA-TECNICA.jpg\"><img decoding=\"async\" class=\" wd-lazy-fade alignnone wp-image-6443\" src=\"https:\/\/solucionescontract.com\/wp-content\/themes\/woodmart\/images\/lazy.svg\" data-src=\"https:\/\/solucionescontract.com\/wp-content\/uploads\/2019\/02\/DUBAI-SONPURA-CONTRACT-FICHA-TECNICA-300x158.jpg\" alt=\"\" width=\"450\" height=\"237\" srcset=\"\" data-srcset=\"https:\/\/solucionescontract.com\/wp-content\/uploads\/2019\/02\/DUBAI-SONPURA-CONTRACT-FICHA-TECNICA-300x158.jpg 300w, https:\/\/solucionescontract.com\/wp-content\/uploads\/2019\/02\/DUBAI-SONPURA-CONTRACT-FICHA-TECNICA-150x79.jpg 150w, https:\/\/solucionescontract.com\/wp-content\/uploads\/2019\/02\/DUBAI-SONPURA-CONTRACT-FICHA-TECNICA-800x421.jpg 800w, https:\/\/solucionescontract.com\/wp-content\/uploads\/2019\/02\/DUBAI-SONPURA-CONTRACT-FICHA-TECNICA-768x405.jpg 768w, https:\/\/solucionescontract.com\/wp-content\/uploads\/2019\/02\/DUBAI-SONPURA-CONTRACT-FICHA-TECNICA-1024x539.jpg 1024w, https:\/\/solucionescontract.com\/wp-content\/uploads\/2019\/02\/DUBAI-SONPURA-CONTRACT-FICHA-TECNICA-38x20.jpg 38w, https:\/\/solucionescontract.com\/wp-content\/uploads\/2019\/02\/DUBAI-SONPURA-CONTRACT-FICHA-TECNICA-114x60.jpg 114w, https:\/\/solucionescontract.com\/wp-content\/uploads\/2019\/02\/DUBAI-SONPURA-CONTRACT-FICHA-TECNICA.jpg 1515w\" sizes=\"(max-width: 450px) 100vw, 450px\" \/><\/a><\/p>\n<p>&nbsp;<\/script><\/p>\n","protected":false},"excerpt":{"rendered":"<ul>\n<li> <strong> Syst\u00e8me micro multisac <\/strong>. 1800 micromuelles <span style = \"font-size: 10pt;\"> (pour matelas 150x190cm). <\/span> <\/li>\n<li> Matelas \u00e0 usage H\u00d4TEL. Fibres ignifuges, anti-insectes, visco\u00e9lastiques et naturelles. <\/li>\n<li> <strong> Degr\u00e9 de fermet\u00e9 7 <\/strong> <\/li>\n<li> Le ressort am\u00e9lior\u00e9 offre une ergonomie et une adaptabilit\u00e9 parfaites. Le syst\u00e8me de discussion individuelle offre une grande ind\u00e9pendance des port\u00e9es et une transpiration naturelle, en r\u00e9coltant les matelas frais et sec. <\/li>\n<li> <strong> Hauteur env. 31cm. <\/strong> <\/li>\n<\/ul>\n<h5> <a href=\"mailto:info@solucionescontract.com\"> <strong> <em> Plus d&rsquo;informations <\/em> <\/strong> <\/a> <\/h5>\n","protected":false},"featured_media":14985,"comment_status":"open","ping_status":"closed","template":"","meta":[],"product_brand":[],"product_cat":[603,597],"product_tag":[732,728],"class_list":{"0":"post-19876","1":"product","2":"type-product","3":"status-publish","4":"has-post-thumbnail","6":"product_cat-matelas-dhotel","7":"product_cat-meubles-de-repos","8":"product_tag-multisac-micro-fr","9":"product_tag-muelles-ensacados-fr","10":"yith_product_brand-sonpura-contract-fr","12":"first","13":"instock","14":"featured","15":"taxable","16":"shipping-taxable","17":"purchasable","18":"product-type-variable"},"yoast_head":"<!-- This site is optimized with the Yoast SEO plugin v27.3 - https:\/\/yoast.com\/product\/yoast-seo-wordpress\/ -->\n<title>DUBA\u00cf MULTISAC MICRO 1800 - Muebles de dise\u00f1o en Soluciones Contract<\/title>\n<meta name=\"description\" content=\"Achetez en ligne dans notre magasin de meubles Contract. Trouvez le meilleur MEUBLE DE CONCEPTION pour un usage h\u00f4telier, domestique et commercial. .\" \/>\n<meta name=\"robots\" content=\"index, follow, max-snippet:-1, max-image-preview:large, max-video-preview:-1\" \/>\n<link rel=\"canonical\" href=\"https:\/\/solucionescontract.com\/fr\/producto\/dubai-multisac-micro-1800\/\" \/>\n<meta property=\"og:locale\" content=\"fr_FR\" \/>\n<meta property=\"og:type\" content=\"article\" \/>\n<meta property=\"og:title\" content=\"DUBA\u00cf MULTISAC MICRO 1800 - Muebles de dise\u00f1o en Soluciones Contract\" \/>\n<meta property=\"og:description\" content=\"Achetez en ligne dans notre magasin de meubles Contract. Trouvez le meilleur MEUBLE DE CONCEPTION pour un usage h\u00f4telier, domestique et commercial. .\" \/>\n<meta property=\"og:url\" content=\"https:\/\/solucionescontract.com\/fr\/producto\/dubai-multisac-micro-1800\/\" \/>\n<meta property=\"og:site_name\" content=\"Soluciones Contract\" \/>\n<meta property=\"article:publisher\" content=\"https:\/\/www.facebook.com\/solucionescontract\/\" \/>\n<meta property=\"article:modified_time\" content=\"2023-07-26T12:01:34+00:00\" \/>\n<meta property=\"og:image\" content=\"https:\/\/solucionescontract.com\/wp-content\/uploads\/2019\/02\/SONPURA-DUBAI-MIRCORMUELLE-1600-2.jpg\" \/>\n\t<meta property=\"og:image:width\" content=\"1353\" \/>\n\t<meta property=\"og:image:height\" content=\"1353\" \/>\n\t<meta property=\"og:image:type\" content=\"image\/jpeg\" \/>\n<meta name=\"twitter:card\" content=\"summary_large_image\" \/>\n<script type=\"application\/ld+json\" class=\"yoast-schema-graph\">{\"@context\":\"https:\\\/\\\/schema.org\",\"@graph\":[{\"@type\":\"WebPage\",\"@id\":\"https:\\\/\\\/solucionescontract.com\\\/fr\\\/producto\\\/dubai-multisac-micro-1800\\\/\",\"url\":\"https:\\\/\\\/solucionescontract.com\\\/fr\\\/producto\\\/dubai-multisac-micro-1800\\\/\",\"name\":\"DUBA\u00cf MULTISAC MICRO 1800 - Muebles de dise\u00f1o en Soluciones Contract\",\"isPartOf\":{\"@id\":\"https:\\\/\\\/solucionescontract.com\\\/#website\"},\"primaryImageOfPage\":{\"@id\":\"https:\\\/\\\/solucionescontract.com\\\/fr\\\/producto\\\/dubai-multisac-micro-1800\\\/#primaryimage\"},\"image\":{\"@id\":\"https:\\\/\\\/solucionescontract.com\\\/fr\\\/producto\\\/dubai-multisac-micro-1800\\\/#primaryimage\"},\"thumbnailUrl\":\"https:\\\/\\\/solucionescontract.com\\\/wp-content\\\/uploads\\\/2019\\\/02\\\/SONPURA-DUBAI-MIRCORMUELLE-1600-2.jpg\",\"datePublished\":\"2018-12-29T00:33:31+00:00\",\"dateModified\":\"2023-07-26T12:01:34+00:00\",\"description\":\"Achetez en ligne dans notre magasin de meubles Contract. Trouvez le meilleur MEUBLE DE CONCEPTION pour un usage h\u00f4telier, domestique et commercial. .\",\"breadcrumb\":{\"@id\":\"https:\\\/\\\/solucionescontract.com\\\/fr\\\/producto\\\/dubai-multisac-micro-1800\\\/#breadcrumb\"},\"inLanguage\":\"fr-FR\",\"potentialAction\":[{\"@type\":\"ReadAction\",\"target\":[\"https:\\\/\\\/solucionescontract.com\\\/fr\\\/producto\\\/dubai-multisac-micro-1800\\\/\"]}]},{\"@type\":\"ImageObject\",\"inLanguage\":\"fr-FR\",\"@id\":\"https:\\\/\\\/solucionescontract.com\\\/fr\\\/producto\\\/dubai-multisac-micro-1800\\\/#primaryimage\",\"url\":\"https:\\\/\\\/solucionescontract.com\\\/wp-content\\\/uploads\\\/2019\\\/02\\\/SONPURA-DUBAI-MIRCORMUELLE-1600-2.jpg\",\"contentUrl\":\"https:\\\/\\\/solucionescontract.com\\\/wp-content\\\/uploads\\\/2019\\\/02\\\/SONPURA-DUBAI-MIRCORMUELLE-1600-2.jpg\",\"width\":1353,\"height\":1353},{\"@type\":\"BreadcrumbList\",\"@id\":\"https:\\\/\\\/solucionescontract.com\\\/fr\\\/producto\\\/dubai-multisac-micro-1800\\\/#breadcrumb\",\"itemListElement\":[{\"@type\":\"ListItem\",\"position\":1,\"name\":\"Inicio\",\"item\":\"https:\\\/\\\/solucionescontract.com\\\/\"},{\"@type\":\"ListItem\",\"position\":2,\"name\":\"Tienda mobiliario contract\",\"item\":\"https:\\\/\\\/solucionescontract.com\\\/tienda-mobiliario-contract\\\/\"},{\"@type\":\"ListItem\",\"position\":3,\"name\":\"Meubles de repos\",\"item\":\"https:\\\/\\\/solucionescontract.com\\\/fr\\\/categoria-producto\\\/meubles-de-repos\\\/\"},{\"@type\":\"ListItem\",\"position\":4,\"name\":\"Matelas d'h\u00f4tel\",\"item\":\"https:\\\/\\\/solucionescontract.com\\\/fr\\\/categoria-producto\\\/meubles-de-repos\\\/matelas-dhotel\\\/\"},{\"@type\":\"ListItem\",\"position\":5,\"name\":\"DUBA\u00cf MULTISAC MICRO 1800\"}]},{\"@type\":\"WebSite\",\"@id\":\"https:\\\/\\\/solucionescontract.com\\\/#website\",\"url\":\"https:\\\/\\\/solucionescontract.com\\\/\",\"name\":\"Soluciones Contract\",\"description\":\"Venta Mobiliario contract de dise\u00f1o\",\"publisher\":{\"@id\":\"https:\\\/\\\/solucionescontract.com\\\/#organization\"},\"potentialAction\":[{\"@type\":\"SearchAction\",\"target\":{\"@type\":\"EntryPoint\",\"urlTemplate\":\"https:\\\/\\\/solucionescontract.com\\\/?s={search_term_string}\"},\"query-input\":{\"@type\":\"PropertyValueSpecification\",\"valueRequired\":true,\"valueName\":\"search_term_string\"}}],\"inLanguage\":\"fr-FR\"},{\"@type\":\"Organization\",\"@id\":\"https:\\\/\\\/solucionescontract.com\\\/#organization\",\"name\":\"Soluciones Contract\",\"url\":\"https:\\\/\\\/solucionescontract.com\\\/\",\"logo\":{\"@type\":\"ImageObject\",\"inLanguage\":\"fr-FR\",\"@id\":\"https:\\\/\\\/solucionescontract.com\\\/#\\\/schema\\\/logo\\\/image\\\/\",\"url\":\"https:\\\/\\\/solucionescontract.com\\\/wp-content\\\/uploads\\\/2020\\\/02\\\/logoSC.jpg\",\"contentUrl\":\"https:\\\/\\\/solucionescontract.com\\\/wp-content\\\/uploads\\\/2020\\\/02\\\/logoSC.jpg\",\"width\":300,\"height\":125,\"caption\":\"Soluciones Contract\"},\"image\":{\"@id\":\"https:\\\/\\\/solucionescontract.com\\\/#\\\/schema\\\/logo\\\/image\\\/\"},\"sameAs\":[\"https:\\\/\\\/www.facebook.com\\\/solucionescontract\\\/\"]}]}<\/script>\n<!-- \/ Yoast SEO plugin. -->","yoast_head_json":{"title":"DUBA\u00cf MULTISAC MICRO 1800 - Muebles de dise\u00f1o en Soluciones Contract","description":"Achetez en ligne dans notre magasin de meubles Contract. Trouvez le meilleur MEUBLE DE CONCEPTION pour un usage h\u00f4telier, domestique et commercial. .","robots":{"index":"index","follow":"follow","max-snippet":"max-snippet:-1","max-image-preview":"max-image-preview:large","max-video-preview":"max-video-preview:-1"},"canonical":"https:\/\/solucionescontract.com\/fr\/producto\/dubai-multisac-micro-1800\/","og_locale":"fr_FR","og_type":"article","og_title":"DUBA\u00cf MULTISAC MICRO 1800 - Muebles de dise\u00f1o en Soluciones Contract","og_description":"Achetez en ligne dans notre magasin de meubles Contract. Trouvez le meilleur MEUBLE DE CONCEPTION pour un usage h\u00f4telier, domestique et commercial. .","og_url":"https:\/\/solucionescontract.com\/fr\/producto\/dubai-multisac-micro-1800\/","og_site_name":"Soluciones Contract","article_publisher":"https:\/\/www.facebook.com\/solucionescontract\/","article_modified_time":"2023-07-26T12:01:34+00:00","og_image":[{"width":1353,"height":1353,"url":"https:\/\/solucionescontract.com\/wp-content\/uploads\/2019\/02\/SONPURA-DUBAI-MIRCORMUELLE-1600-2.jpg","type":"image\/jpeg"}],"twitter_card":"summary_large_image","schema":{"@context":"https:\/\/schema.org","@graph":[{"@type":"WebPage","@id":"https:\/\/solucionescontract.com\/fr\/producto\/dubai-multisac-micro-1800\/","url":"https:\/\/solucionescontract.com\/fr\/producto\/dubai-multisac-micro-1800\/","name":"DUBA\u00cf MULTISAC MICRO 1800 - Muebles de dise\u00f1o en Soluciones Contract","isPartOf":{"@id":"https:\/\/solucionescontract.com\/#website"},"primaryImageOfPage":{"@id":"https:\/\/solucionescontract.com\/fr\/producto\/dubai-multisac-micro-1800\/#primaryimage"},"image":{"@id":"https:\/\/solucionescontract.com\/fr\/producto\/dubai-multisac-micro-1800\/#primaryimage"},"thumbnailUrl":"https:\/\/solucionescontract.com\/wp-content\/uploads\/2019\/02\/SONPURA-DUBAI-MIRCORMUELLE-1600-2.jpg","datePublished":"2018-12-29T00:33:31+00:00","dateModified":"2023-07-26T12:01:34+00:00","description":"Achetez en ligne dans notre magasin de meubles Contract. Trouvez le meilleur MEUBLE DE CONCEPTION pour un usage h\u00f4telier, domestique et commercial. .","breadcrumb":{"@id":"https:\/\/solucionescontract.com\/fr\/producto\/dubai-multisac-micro-1800\/#breadcrumb"},"inLanguage":"fr-FR","potentialAction":[{"@type":"ReadAction","target":["https:\/\/solucionescontract.com\/fr\/producto\/dubai-multisac-micro-1800\/"]}]},{"@type":"ImageObject","inLanguage":"fr-FR","@id":"https:\/\/solucionescontract.com\/fr\/producto\/dubai-multisac-micro-1800\/#primaryimage","url":"https:\/\/solucionescontract.com\/wp-content\/uploads\/2019\/02\/SONPURA-DUBAI-MIRCORMUELLE-1600-2.jpg","contentUrl":"https:\/\/solucionescontract.com\/wp-content\/uploads\/2019\/02\/SONPURA-DUBAI-MIRCORMUELLE-1600-2.jpg","width":1353,"height":1353},{"@type":"BreadcrumbList","@id":"https:\/\/solucionescontract.com\/fr\/producto\/dubai-multisac-micro-1800\/#breadcrumb","itemListElement":[{"@type":"ListItem","position":1,"name":"Inicio","item":"https:\/\/solucionescontract.com\/"},{"@type":"ListItem","position":2,"name":"Tienda mobiliario contract","item":"https:\/\/solucionescontract.com\/tienda-mobiliario-contract\/"},{"@type":"ListItem","position":3,"name":"Meubles de repos","item":"https:\/\/solucionescontract.com\/fr\/categoria-producto\/meubles-de-repos\/"},{"@type":"ListItem","position":4,"name":"Matelas d'h\u00f4tel","item":"https:\/\/solucionescontract.com\/fr\/categoria-producto\/meubles-de-repos\/matelas-dhotel\/"},{"@type":"ListItem","position":5,"name":"DUBA\u00cf MULTISAC MICRO 1800"}]},{"@type":"WebSite","@id":"https:\/\/solucionescontract.com\/#website","url":"https:\/\/solucionescontract.com\/","name":"Soluciones Contract","description":"Venta Mobiliario contract de dise\u00f1o","publisher":{"@id":"https:\/\/solucionescontract.com\/#organization"},"potentialAction":[{"@type":"SearchAction","target":{"@type":"EntryPoint","urlTemplate":"https:\/\/solucionescontract.com\/?s={search_term_string}"},"query-input":{"@type":"PropertyValueSpecification","valueRequired":true,"valueName":"search_term_string"}}],"inLanguage":"fr-FR"},{"@type":"Organization","@id":"https:\/\/solucionescontract.com\/#organization","name":"Soluciones Contract","url":"https:\/\/solucionescontract.com\/","logo":{"@type":"ImageObject","inLanguage":"fr-FR","@id":"https:\/\/solucionescontract.com\/#\/schema\/logo\/image\/","url":"https:\/\/solucionescontract.com\/wp-content\/uploads\/2020\/02\/logoSC.jpg","contentUrl":"https:\/\/solucionescontract.com\/wp-content\/uploads\/2020\/02\/logoSC.jpg","width":300,"height":125,"caption":"Soluciones Contract"},"image":{"@id":"https:\/\/solucionescontract.com\/#\/schema\/logo\/image\/"},"sameAs":["https:\/\/www.facebook.com\/solucionescontract\/"]}]}},"_links":{"self":[{"href":"https:\/\/solucionescontract.com\/fr\/wp-json\/wp\/v2\/product\/19876","targetHints":{"allow":["GET"]}}],"collection":[{"href":"https:\/\/solucionescontract.com\/fr\/wp-json\/wp\/v2\/product"}],"about":[{"href":"https:\/\/solucionescontract.com\/fr\/wp-json\/wp\/v2\/types\/product"}],"replies":[{"embeddable":true,"href":"https:\/\/solucionescontract.com\/fr\/wp-json\/wp\/v2\/comments?post=19876"}],"wp:featuredmedia":[{"embeddable":true,"href":"https:\/\/solucionescontract.com\/fr\/wp-json\/wp\/v2\/media\/14985"}],"wp:attachment":[{"href":"https:\/\/solucionescontract.com\/fr\/wp-json\/wp\/v2\/media?parent=19876"}],"wp:term":[{"taxonomy":"product_brand","embeddable":true,"href":"https:\/\/solucionescontract.com\/fr\/wp-json\/wp\/v2\/product_brand?post=19876"},{"taxonomy":"product_cat","embeddable":true,"href":"https:\/\/solucionescontract.com\/fr\/wp-json\/wp\/v2\/product_cat?post=19876"},{"taxonomy":"product_tag","embeddable":true,"href":"https:\/\/solucionescontract.com\/fr\/wp-json\/wp\/v2\/product_tag?post=19876"}],"curies":[{"name":"wp","href":"https:\/\/api.w.org\/{rel}","templated":true}]}}