{"id":19858,"date":"2019-03-20T15:54:57","date_gmt":"2019-03-20T15:54:57","guid":{"rendered":"https:\/\/www.solucionescontract.com\/producto\/lampe-surface-a-tube\/"},"modified":"2021-04-16T15:05:04","modified_gmt":"2021-04-16T15:05:04","slug":"lampe-surface-a-tube","status":"publish","type":"product","link":"https:\/\/solucionescontract.com\/fr\/producto\/lampe-surface-a-tube\/","title":{"rendered":"LAMPE DE SURFACE A-TUBE"},"content":{"rendered":"<h3> Dimensions de la LAMPE DE SURFACE A-TUBE: <\/h3>\n<p><a href=\"https:\/\/solucionescontract.com\/wp-content\/uploads\/2019\/03\/LAMPARA-A-TUBE-ADOSADA-studio-italia-DIMENSIONES-min-1.jpg\"><img decoding=\"async\" class=\" wd-lazy-fade alignnone wp-image-6596\" src=\"https:\/\/solucionescontract.com\/wp-content\/themes\/woodmart\/images\/lazy.svg\" data-src=\"https:\/\/solucionescontract.com\/wp-content\/uploads\/2019\/03\/LAMPARA-A-TUBE-ADOSADA-studio-italia-DIMENSIONES-min-1-300x178.jpg\" alt=\"\" width=\"450\" height=\"268\" srcset=\"\" data-srcset=\"https:\/\/solucionescontract.com\/wp-content\/uploads\/2019\/03\/LAMPARA-A-TUBE-ADOSADA-studio-italia-DIMENSIONES-min-1-300x178.jpg 300w, https:\/\/solucionescontract.com\/wp-content\/uploads\/2019\/03\/LAMPARA-A-TUBE-ADOSADA-studio-italia-DIMENSIONES-min-1-150x89.jpg 150w, https:\/\/solucionescontract.com\/wp-content\/uploads\/2019\/03\/LAMPARA-A-TUBE-ADOSADA-studio-italia-DIMENSIONES-min-1-800x476.jpg 800w, https:\/\/solucionescontract.com\/wp-content\/uploads\/2019\/03\/LAMPARA-A-TUBE-ADOSADA-studio-italia-DIMENSIONES-min-1-768x457.jpg 768w, https:\/\/solucionescontract.com\/wp-content\/uploads\/2019\/03\/LAMPARA-A-TUBE-ADOSADA-studio-italia-DIMENSIONES-min-1-1024x609.jpg 1024w, https:\/\/solucionescontract.com\/wp-content\/uploads\/2019\/03\/LAMPARA-A-TUBE-ADOSADA-studio-italia-DIMENSIONES-min-1-34x20.jpg 34w, https:\/\/solucionescontract.com\/wp-content\/uploads\/2019\/03\/LAMPARA-A-TUBE-ADOSADA-studio-italia-DIMENSIONES-min-1-101x60.jpg 101w, https:\/\/solucionescontract.com\/wp-content\/uploads\/2019\/03\/LAMPARA-A-TUBE-ADOSADA-studio-italia-DIMENSIONES-min-1.jpg 1390w\" sizes=\"(max-width: 450px) 100vw, 450px\" \/><\/a><\/p>\n<p>&nbsp;<\/script><\/p>\n","protected":false},"excerpt":{"rendered":"<ul>\n<li> Lampe de surface en m\u00e9tal appartenant \u00e0 la collection TUBE de Studio Italia, caract\u00e9ris\u00e9e par leurs finitions \u00e9l\u00e9gantes. <\/li>\n<li> A-tube est disponible en 4 tailles Large, Medium, Small et Mini. Ampoule GU10. <\/li>\n<li> Disponible dans les couleurs blanc, noir et bronze. <\/li>\n<\/ul>\n<h4> * Les prix indiqu\u00e9s sont pour 1 unit\u00e9 de tube A <\/h4>\n<p> &#038; nbsp; <\/p>\n","protected":false},"featured_media":15051,"comment_status":"open","ping_status":"closed","template":"","meta":[],"product_brand":[],"product_cat":[541,551],"product_tag":[],"class_list":{"0":"post-19858","1":"product","2":"type-product","3":"status-publish","4":"has-post-thumbnail","6":"product_cat-eclairage-design","7":"product_cat-plafonniers","8":"product_shipping_class-gratuit","9":"yith_product_brand-studio-italia-fr","11":"first","12":"instock","13":"taxable","14":"shipping-taxable","15":"purchasable","16":"product-type-variable"},"yoast_head":"<!-- This site is optimized with the Yoast SEO plugin v27.3 - https:\/\/yoast.com\/product\/yoast-seo-wordpress\/ -->\n<title>LAMPE DE SURFACE A-TUBE - Muebles de dise\u00f1o en Soluciones Contract<\/title>\n<meta name=\"description\" content=\"Compra LAMPE DE SURFACE A-TUBE online en nuestra tienda de muebles Contract. Encuentra el mejor MOBILIARIO DE DISE\u00d1O para Hotel, Hogar y uso comercial. Descubre las mejores marcas en nuestro cat\u00e1logo.\" \/>\n<meta name=\"robots\" content=\"index, follow, max-snippet:-1, max-image-preview:large, max-video-preview:-1\" \/>\n<link rel=\"canonical\" href=\"https:\/\/solucionescontract.com\/producto\/lampara-superficie-a-tube\/\" \/>\n<meta property=\"og:locale\" content=\"fr_FR\" \/>\n<meta property=\"og:type\" content=\"article\" \/>\n<meta property=\"og:title\" content=\"LAMPE DE SURFACE A-TUBE - Muebles de dise\u00f1o en Soluciones Contract\" \/>\n<meta property=\"og:description\" content=\"Compra LAMPE DE SURFACE A-TUBE online en nuestra tienda de muebles Contract. Encuentra el mejor MOBILIARIO DE DISE\u00d1O para Hotel, Hogar y uso comercial. Descubre las mejores marcas en nuestro cat\u00e1logo.\" \/>\n<meta property=\"og:url\" content=\"https:\/\/solucionescontract.com\/producto\/lampara-superficie-a-tube\/\" \/>\n<meta property=\"og:site_name\" content=\"Soluciones Contract\" \/>\n<meta property=\"article:publisher\" content=\"https:\/\/www.facebook.com\/solucionescontract\/\" \/>\n<meta property=\"article:modified_time\" content=\"2021-04-16T15:05:04+00:00\" \/>\n<meta property=\"og:image\" content=\"https:\/\/solucionescontract.com\/wp-content\/uploads\/2019\/03\/LAMPARA-A-TUBE-studio-italia-5.jpg\" \/>\n\t<meta property=\"og:image:width\" content=\"935\" \/>\n\t<meta property=\"og:image:height\" content=\"935\" \/>\n\t<meta property=\"og:image:type\" content=\"image\/jpeg\" \/>\n<meta name=\"twitter:card\" content=\"summary_large_image\" \/>\n<script type=\"application\/ld+json\" class=\"yoast-schema-graph\">{\"@context\":\"https:\\\/\\\/schema.org\",\"@graph\":[{\"@type\":\"WebPage\",\"@id\":\"https:\\\/\\\/solucionescontract.com\\\/producto\\\/lampara-superficie-a-tube\\\/\",\"url\":\"https:\\\/\\\/solucionescontract.com\\\/producto\\\/lampara-superficie-a-tube\\\/\",\"name\":\"LAMPE DE SURFACE A-TUBE - Muebles de dise\u00f1o en Soluciones Contract\",\"isPartOf\":{\"@id\":\"https:\\\/\\\/solucionescontract.com\\\/#website\"},\"primaryImageOfPage\":{\"@id\":\"https:\\\/\\\/solucionescontract.com\\\/producto\\\/lampara-superficie-a-tube\\\/#primaryimage\"},\"image\":{\"@id\":\"https:\\\/\\\/solucionescontract.com\\\/producto\\\/lampara-superficie-a-tube\\\/#primaryimage\"},\"thumbnailUrl\":\"https:\\\/\\\/solucionescontract.com\\\/wp-content\\\/uploads\\\/2019\\\/03\\\/LAMPARA-A-TUBE-studio-italia-5.jpg\",\"datePublished\":\"2019-03-20T15:54:57+00:00\",\"dateModified\":\"2021-04-16T15:05:04+00:00\",\"description\":\"Compra LAMPE DE SURFACE A-TUBE online en nuestra tienda de muebles Contract. Encuentra el mejor MOBILIARIO DE DISE\u00d1O para Hotel, Hogar y uso comercial. Descubre las mejores marcas en nuestro cat\u00e1logo.\",\"breadcrumb\":{\"@id\":\"https:\\\/\\\/solucionescontract.com\\\/producto\\\/lampara-superficie-a-tube\\\/#breadcrumb\"},\"inLanguage\":\"fr-FR\",\"potentialAction\":[{\"@type\":\"ReadAction\",\"target\":[\"https:\\\/\\\/solucionescontract.com\\\/producto\\\/lampara-superficie-a-tube\\\/\"]}]},{\"@type\":\"ImageObject\",\"inLanguage\":\"fr-FR\",\"@id\":\"https:\\\/\\\/solucionescontract.com\\\/producto\\\/lampara-superficie-a-tube\\\/#primaryimage\",\"url\":\"https:\\\/\\\/solucionescontract.com\\\/wp-content\\\/uploads\\\/2019\\\/03\\\/LAMPARA-A-TUBE-studio-italia-5.jpg\",\"contentUrl\":\"https:\\\/\\\/solucionescontract.com\\\/wp-content\\\/uploads\\\/2019\\\/03\\\/LAMPARA-A-TUBE-studio-italia-5.jpg\",\"width\":935,\"height\":935},{\"@type\":\"BreadcrumbList\",\"@id\":\"https:\\\/\\\/solucionescontract.com\\\/producto\\\/lampara-superficie-a-tube\\\/#breadcrumb\",\"itemListElement\":[{\"@type\":\"ListItem\",\"position\":1,\"name\":\"Inicio\",\"item\":\"https:\\\/\\\/solucionescontract.com\\\/\"},{\"@type\":\"ListItem\",\"position\":2,\"name\":\"Tienda mobiliario contract\",\"item\":\"https:\\\/\\\/solucionescontract.com\\\/tienda-mobiliario-contract\\\/\"},{\"@type\":\"ListItem\",\"position\":3,\"name\":\"Iluminaci\u00f3n de dise\u00f1o\",\"item\":\"https:\\\/\\\/solucionescontract.com\\\/categoria-producto\\\/iluminacion-de-diseno\\\/\"},{\"@type\":\"ListItem\",\"position\":4,\"name\":\"L\u00e1mparas de techo\",\"item\":\"https:\\\/\\\/solucionescontract.com\\\/categoria-producto\\\/iluminacion-de-diseno\\\/lamparas-de-techo\\\/\"},{\"@type\":\"ListItem\",\"position\":5,\"name\":\"LAMPE DE SURFACE A-TUBE\"}]},{\"@type\":\"WebSite\",\"@id\":\"https:\\\/\\\/solucionescontract.com\\\/#website\",\"url\":\"https:\\\/\\\/solucionescontract.com\\\/\",\"name\":\"Soluciones Contract\",\"description\":\"Venta Mobiliario contract de dise\u00f1o\",\"publisher\":{\"@id\":\"https:\\\/\\\/solucionescontract.com\\\/#organization\"},\"potentialAction\":[{\"@type\":\"SearchAction\",\"target\":{\"@type\":\"EntryPoint\",\"urlTemplate\":\"https:\\\/\\\/solucionescontract.com\\\/?s={search_term_string}\"},\"query-input\":{\"@type\":\"PropertyValueSpecification\",\"valueRequired\":true,\"valueName\":\"search_term_string\"}}],\"inLanguage\":\"fr-FR\"},{\"@type\":\"Organization\",\"@id\":\"https:\\\/\\\/solucionescontract.com\\\/#organization\",\"name\":\"Soluciones Contract\",\"url\":\"https:\\\/\\\/solucionescontract.com\\\/\",\"logo\":{\"@type\":\"ImageObject\",\"inLanguage\":\"fr-FR\",\"@id\":\"https:\\\/\\\/solucionescontract.com\\\/#\\\/schema\\\/logo\\\/image\\\/\",\"url\":\"https:\\\/\\\/solucionescontract.com\\\/wp-content\\\/uploads\\\/2020\\\/02\\\/logoSC.jpg\",\"contentUrl\":\"https:\\\/\\\/solucionescontract.com\\\/wp-content\\\/uploads\\\/2020\\\/02\\\/logoSC.jpg\",\"width\":300,\"height\":125,\"caption\":\"Soluciones Contract\"},\"image\":{\"@id\":\"https:\\\/\\\/solucionescontract.com\\\/#\\\/schema\\\/logo\\\/image\\\/\"},\"sameAs\":[\"https:\\\/\\\/www.facebook.com\\\/solucionescontract\\\/\"]}]}<\/script>\n<!-- \/ Yoast SEO plugin. -->","yoast_head_json":{"title":"LAMPE DE SURFACE A-TUBE - Muebles de dise\u00f1o en Soluciones Contract","description":"Compra LAMPE DE SURFACE A-TUBE online en nuestra tienda de muebles Contract. Encuentra el mejor MOBILIARIO DE DISE\u00d1O para Hotel, Hogar y uso comercial. Descubre las mejores marcas en nuestro cat\u00e1logo.","robots":{"index":"index","follow":"follow","max-snippet":"max-snippet:-1","max-image-preview":"max-image-preview:large","max-video-preview":"max-video-preview:-1"},"canonical":"https:\/\/solucionescontract.com\/producto\/lampara-superficie-a-tube\/","og_locale":"fr_FR","og_type":"article","og_title":"LAMPE DE SURFACE A-TUBE - Muebles de dise\u00f1o en Soluciones Contract","og_description":"Compra LAMPE DE SURFACE A-TUBE online en nuestra tienda de muebles Contract. Encuentra el mejor MOBILIARIO DE DISE\u00d1O para Hotel, Hogar y uso comercial. Descubre las mejores marcas en nuestro cat\u00e1logo.","og_url":"https:\/\/solucionescontract.com\/producto\/lampara-superficie-a-tube\/","og_site_name":"Soluciones Contract","article_publisher":"https:\/\/www.facebook.com\/solucionescontract\/","article_modified_time":"2021-04-16T15:05:04+00:00","og_image":[{"width":935,"height":935,"url":"https:\/\/solucionescontract.com\/wp-content\/uploads\/2019\/03\/LAMPARA-A-TUBE-studio-italia-5.jpg","type":"image\/jpeg"}],"twitter_card":"summary_large_image","schema":{"@context":"https:\/\/schema.org","@graph":[{"@type":"WebPage","@id":"https:\/\/solucionescontract.com\/producto\/lampara-superficie-a-tube\/","url":"https:\/\/solucionescontract.com\/producto\/lampara-superficie-a-tube\/","name":"LAMPE DE SURFACE A-TUBE - Muebles de dise\u00f1o en Soluciones Contract","isPartOf":{"@id":"https:\/\/solucionescontract.com\/#website"},"primaryImageOfPage":{"@id":"https:\/\/solucionescontract.com\/producto\/lampara-superficie-a-tube\/#primaryimage"},"image":{"@id":"https:\/\/solucionescontract.com\/producto\/lampara-superficie-a-tube\/#primaryimage"},"thumbnailUrl":"https:\/\/solucionescontract.com\/wp-content\/uploads\/2019\/03\/LAMPARA-A-TUBE-studio-italia-5.jpg","datePublished":"2019-03-20T15:54:57+00:00","dateModified":"2021-04-16T15:05:04+00:00","description":"Compra LAMPE DE SURFACE A-TUBE online en nuestra tienda de muebles Contract. Encuentra el mejor MOBILIARIO DE DISE\u00d1O para Hotel, Hogar y uso comercial. Descubre las mejores marcas en nuestro cat\u00e1logo.","breadcrumb":{"@id":"https:\/\/solucionescontract.com\/producto\/lampara-superficie-a-tube\/#breadcrumb"},"inLanguage":"fr-FR","potentialAction":[{"@type":"ReadAction","target":["https:\/\/solucionescontract.com\/producto\/lampara-superficie-a-tube\/"]}]},{"@type":"ImageObject","inLanguage":"fr-FR","@id":"https:\/\/solucionescontract.com\/producto\/lampara-superficie-a-tube\/#primaryimage","url":"https:\/\/solucionescontract.com\/wp-content\/uploads\/2019\/03\/LAMPARA-A-TUBE-studio-italia-5.jpg","contentUrl":"https:\/\/solucionescontract.com\/wp-content\/uploads\/2019\/03\/LAMPARA-A-TUBE-studio-italia-5.jpg","width":935,"height":935},{"@type":"BreadcrumbList","@id":"https:\/\/solucionescontract.com\/producto\/lampara-superficie-a-tube\/#breadcrumb","itemListElement":[{"@type":"ListItem","position":1,"name":"Inicio","item":"https:\/\/solucionescontract.com\/"},{"@type":"ListItem","position":2,"name":"Tienda mobiliario contract","item":"https:\/\/solucionescontract.com\/tienda-mobiliario-contract\/"},{"@type":"ListItem","position":3,"name":"Iluminaci\u00f3n de dise\u00f1o","item":"https:\/\/solucionescontract.com\/categoria-producto\/iluminacion-de-diseno\/"},{"@type":"ListItem","position":4,"name":"L\u00e1mparas de techo","item":"https:\/\/solucionescontract.com\/categoria-producto\/iluminacion-de-diseno\/lamparas-de-techo\/"},{"@type":"ListItem","position":5,"name":"LAMPE DE SURFACE A-TUBE"}]},{"@type":"WebSite","@id":"https:\/\/solucionescontract.com\/#website","url":"https:\/\/solucionescontract.com\/","name":"Soluciones Contract","description":"Venta Mobiliario contract de dise\u00f1o","publisher":{"@id":"https:\/\/solucionescontract.com\/#organization"},"potentialAction":[{"@type":"SearchAction","target":{"@type":"EntryPoint","urlTemplate":"https:\/\/solucionescontract.com\/?s={search_term_string}"},"query-input":{"@type":"PropertyValueSpecification","valueRequired":true,"valueName":"search_term_string"}}],"inLanguage":"fr-FR"},{"@type":"Organization","@id":"https:\/\/solucionescontract.com\/#organization","name":"Soluciones Contract","url":"https:\/\/solucionescontract.com\/","logo":{"@type":"ImageObject","inLanguage":"fr-FR","@id":"https:\/\/solucionescontract.com\/#\/schema\/logo\/image\/","url":"https:\/\/solucionescontract.com\/wp-content\/uploads\/2020\/02\/logoSC.jpg","contentUrl":"https:\/\/solucionescontract.com\/wp-content\/uploads\/2020\/02\/logoSC.jpg","width":300,"height":125,"caption":"Soluciones Contract"},"image":{"@id":"https:\/\/solucionescontract.com\/#\/schema\/logo\/image\/"},"sameAs":["https:\/\/www.facebook.com\/solucionescontract\/"]}]}},"_links":{"self":[{"href":"https:\/\/solucionescontract.com\/fr\/wp-json\/wp\/v2\/product\/19858","targetHints":{"allow":["GET"]}}],"collection":[{"href":"https:\/\/solucionescontract.com\/fr\/wp-json\/wp\/v2\/product"}],"about":[{"href":"https:\/\/solucionescontract.com\/fr\/wp-json\/wp\/v2\/types\/product"}],"replies":[{"embeddable":true,"href":"https:\/\/solucionescontract.com\/fr\/wp-json\/wp\/v2\/comments?post=19858"}],"wp:featuredmedia":[{"embeddable":true,"href":"https:\/\/solucionescontract.com\/fr\/wp-json\/wp\/v2\/media\/15051"}],"wp:attachment":[{"href":"https:\/\/solucionescontract.com\/fr\/wp-json\/wp\/v2\/media?parent=19858"}],"wp:term":[{"taxonomy":"product_brand","embeddable":true,"href":"https:\/\/solucionescontract.com\/fr\/wp-json\/wp\/v2\/product_brand?post=19858"},{"taxonomy":"product_cat","embeddable":true,"href":"https:\/\/solucionescontract.com\/fr\/wp-json\/wp\/v2\/product_cat?post=19858"},{"taxonomy":"product_tag","embeddable":true,"href":"https:\/\/solucionescontract.com\/fr\/wp-json\/wp\/v2\/product_tag?post=19858"}],"curies":[{"name":"wp","href":"https:\/\/api.w.org\/{rel}","templated":true}]}}