{"id":19796,"date":"2019-04-15T10:00:06","date_gmt":"2019-04-15T10:00:06","guid":{"rendered":"https:\/\/www.solucionescontract.com\/producto\/canape-hetre\/"},"modified":"2021-04-16T14:56:24","modified_gmt":"2021-04-16T14:56:24","slug":"canape-hetre","status":"publish","type":"product","link":"https:\/\/solucionescontract.com\/fr\/producto\/canape-hetre\/","title":{"rendered":"Canap\u00e9 en h\u00eatre"},"content":{"rendered":"<p>D&rsquo;une union parfaite entre l&rsquo;industrie et le design, na\u00eet la Collection Aquinos, une ligne de produits qui rend justice \u00e0 un savoir avec plus de 30 ans d&rsquo;exp\u00e9rience.<\/p>\n<p>Une s\u00e9lection m\u00e9ticuleuse de couleurs, de motifs et de textures donne un ton aux suggestions irr\u00e9v\u00e9rencieuses de la collection Aquinos, qui promet une exp\u00e9rience de confort in\u00e9gal\u00e9 et un langage esth\u00e9tique qui parle de lui-m\u00eame.<\/p>\n<p>La port\u00e9e des styles et les possibilit\u00e9s de conjugaison des d\u00e9tails permettent la cr\u00e9ation de visuels uniques qui s&rsquo;int\u00e8grent facilement dans tous types d&rsquo;environnements.<\/p>\n<p>De la conception \u00e0 la livraison au client, chaque d\u00e9tail a \u00e9t\u00e9 minutieusement pens\u00e9 pour r\u00e9aliser une exp\u00e9rience de marque inoubliableble.<\/p>\n<table>\n<tbody>\n<tr>\n<td><img decoding=\"async\" class=\" wd-lazy-fade alignnone size-full wp-image-6726\" src=\"https:\/\/solucionescontract.com\/wp-content\/themes\/woodmart\/images\/lazy.svg\" data-src=\"https:\/\/solucionescontract.com\/wp-content\/uploads\/2019\/04\/haya-01.jpg\" alt=\"Sof\u00e1 Haya\" width=\"241\" height=\"165\" srcset=\"\" data-srcset=\"https:\/\/solucionescontract.com\/wp-content\/uploads\/2019\/04\/haya-01.jpg 241w, https:\/\/solucionescontract.com\/wp-content\/uploads\/2019\/04\/haya-01-150x103.jpg 150w, https:\/\/solucionescontract.com\/wp-content\/uploads\/2019\/04\/haya-01-29x20.jpg 29w, https:\/\/solucionescontract.com\/wp-content\/uploads\/2019\/04\/haya-01-88x60.jpg 88w\" sizes=\"(max-width: 241px) 100vw, 241px\" \/><\/td>\n<td><img decoding=\"async\" class=\" wd-lazy-fade alignnone size-full wp-image-6727\" src=\"https:\/\/solucionescontract.com\/wp-content\/themes\/woodmart\/images\/lazy.svg\" data-src=\"https:\/\/solucionescontract.com\/wp-content\/uploads\/2019\/04\/haya-02.jpg\" alt=\"Sof\u00e1 Haya\" width=\"241\" height=\"165\" srcset=\"\" data-srcset=\"https:\/\/solucionescontract.com\/wp-content\/uploads\/2019\/04\/haya-02.jpg 241w, https:\/\/solucionescontract.com\/wp-content\/uploads\/2019\/04\/haya-02-150x103.jpg 150w, https:\/\/solucionescontract.com\/wp-content\/uploads\/2019\/04\/haya-02-29x20.jpg 29w, https:\/\/solucionescontract.com\/wp-content\/uploads\/2019\/04\/haya-02-88x60.jpg 88w\" sizes=\"(max-width: 241px) 100vw, 241px\" \/><\/td>\n<td><img decoding=\"async\" class=\" wd-lazy-fade alignnone size-full wp-image-6728\" src=\"https:\/\/solucionescontract.com\/wp-content\/themes\/woodmart\/images\/lazy.svg\" data-src=\"https:\/\/solucionescontract.com\/wp-content\/uploads\/2019\/04\/haya-03.jpg\" alt=\"Sof\u00e1 Haya\" width=\"241\" height=\"165\" srcset=\"\" data-srcset=\"https:\/\/solucionescontract.com\/wp-content\/uploads\/2019\/04\/haya-03.jpg 241w, https:\/\/solucionescontract.com\/wp-content\/uploads\/2019\/04\/haya-03-150x103.jpg 150w, https:\/\/solucionescontract.com\/wp-content\/uploads\/2019\/04\/haya-03-29x20.jpg 29w, https:\/\/solucionescontract.com\/wp-content\/uploads\/2019\/04\/haya-03-88x60.jpg 88w\" sizes=\"(max-width: 241px) 100vw, 241px\" \/><\/td>\n<\/tr>\n<\/tbody>\n<\/table>\n<p><\/script><\/p>\n","protected":false},"excerpt":{"rendered":"<ul>\n<li> La sensualit\u00e9 exprim\u00e9e par sa physionomie d\u00e9licate, sym\u00e9trique et harmonieuse est la devise de La Haye qui promet des exp\u00e9riences absolument uniques. <\/li>\n<li> Ce mod\u00e8le a \u00e9t\u00e9 soigneusement con\u00e7u pour procurer une agr\u00e9able sensation de confort, avec le d\u00e9tail de ses bras lev\u00e9s une invitation \u00e0 la d\u00e9tente. <\/li>\n<\/ul>\n","protected":false},"featured_media":15205,"comment_status":"open","ping_status":"closed","template":"","meta":[],"product_brand":[],"product_cat":[637,637],"product_tag":[],"class_list":{"0":"post-19796","1":"product","2":"type-product","3":"status-publish","4":"has-post-thumbnail","6":"product_cat-sofas-de-diseno-fr","8":"yith_product_brand-aquinos-collection-fr","11":"first","12":"instock","13":"taxable","14":"shipping-taxable","15":"purchasable","16":"product-type-variable"},"yoast_head":"<!-- This site is optimized with the Yoast SEO plugin v27.3 - https:\/\/yoast.com\/product\/yoast-seo-wordpress\/ -->\n<title>Canap\u00e9 en h\u00eatre - Muebles de dise\u00f1o en Soluciones Contract<\/title>\n<meta name=\"description\" content=\"Compra Canap\u00e9 en h\u00eatre online en nuestra tienda de muebles Contract. Encuentra el mejor MOBILIARIO DE DISE\u00d1O para Hotel, Hogar y uso comercial. Descubre las mejores marcas en nuestro cat\u00e1logo.\" \/>\n<meta name=\"robots\" content=\"index, follow, max-snippet:-1, max-image-preview:large, max-video-preview:-1\" \/>\n<link rel=\"canonical\" href=\"https:\/\/solucionescontract.com\/fr\/producto\/canape-hetre\/\" \/>\n<meta property=\"og:locale\" content=\"fr_FR\" \/>\n<meta property=\"og:type\" content=\"article\" \/>\n<meta property=\"og:title\" content=\"Canap\u00e9 en h\u00eatre - Muebles de dise\u00f1o en Soluciones Contract\" \/>\n<meta property=\"og:description\" content=\"Compra Canap\u00e9 en h\u00eatre online en nuestra tienda de muebles Contract. Encuentra el mejor MOBILIARIO DE DISE\u00d1O para Hotel, Hogar y uso comercial. Descubre las mejores marcas en nuestro cat\u00e1logo.\" \/>\n<meta property=\"og:url\" content=\"https:\/\/solucionescontract.com\/fr\/producto\/canape-hetre\/\" \/>\n<meta property=\"og:site_name\" content=\"Soluciones Contract\" \/>\n<meta property=\"article:publisher\" content=\"https:\/\/www.facebook.com\/solucionescontract\/\" \/>\n<meta property=\"article:modified_time\" content=\"2021-04-16T14:56:24+00:00\" \/>\n<meta property=\"og:image\" content=\"https:\/\/solucionescontract.com\/wp-content\/uploads\/2019\/04\/haya-06.jpg\" \/>\n\t<meta property=\"og:image:width\" content=\"1200\" \/>\n\t<meta property=\"og:image:height\" content=\"1200\" \/>\n\t<meta property=\"og:image:type\" content=\"image\/jpeg\" \/>\n<meta name=\"twitter:card\" content=\"summary_large_image\" \/>\n<meta name=\"twitter:label1\" content=\"Dur\u00e9e de lecture estim\u00e9e\" \/>\n\t<meta name=\"twitter:data1\" content=\"1 minute\" \/>\n<script type=\"application\/ld+json\" class=\"yoast-schema-graph\">{\"@context\":\"https:\\\/\\\/schema.org\",\"@graph\":[{\"@type\":\"WebPage\",\"@id\":\"https:\\\/\\\/solucionescontract.com\\\/fr\\\/producto\\\/canape-hetre\\\/\",\"url\":\"https:\\\/\\\/solucionescontract.com\\\/fr\\\/producto\\\/canape-hetre\\\/\",\"name\":\"Canap\u00e9 en h\u00eatre - Muebles de dise\u00f1o en Soluciones Contract\",\"isPartOf\":{\"@id\":\"https:\\\/\\\/solucionescontract.com\\\/#website\"},\"primaryImageOfPage\":{\"@id\":\"https:\\\/\\\/solucionescontract.com\\\/fr\\\/producto\\\/canape-hetre\\\/#primaryimage\"},\"image\":{\"@id\":\"https:\\\/\\\/solucionescontract.com\\\/fr\\\/producto\\\/canape-hetre\\\/#primaryimage\"},\"thumbnailUrl\":\"https:\\\/\\\/solucionescontract.com\\\/wp-content\\\/uploads\\\/2019\\\/04\\\/haya-06.jpg\",\"datePublished\":\"2019-04-15T10:00:06+00:00\",\"dateModified\":\"2021-04-16T14:56:24+00:00\",\"description\":\"Compra Canap\u00e9 en h\u00eatre online en nuestra tienda de muebles Contract. Encuentra el mejor MOBILIARIO DE DISE\u00d1O para Hotel, Hogar y uso comercial. Descubre las mejores marcas en nuestro cat\u00e1logo.\",\"breadcrumb\":{\"@id\":\"https:\\\/\\\/solucionescontract.com\\\/fr\\\/producto\\\/canape-hetre\\\/#breadcrumb\"},\"inLanguage\":\"fr-FR\",\"potentialAction\":[{\"@type\":\"ReadAction\",\"target\":[\"https:\\\/\\\/solucionescontract.com\\\/fr\\\/producto\\\/canape-hetre\\\/\"]}]},{\"@type\":\"ImageObject\",\"inLanguage\":\"fr-FR\",\"@id\":\"https:\\\/\\\/solucionescontract.com\\\/fr\\\/producto\\\/canape-hetre\\\/#primaryimage\",\"url\":\"https:\\\/\\\/solucionescontract.com\\\/wp-content\\\/uploads\\\/2019\\\/04\\\/haya-06.jpg\",\"contentUrl\":\"https:\\\/\\\/solucionescontract.com\\\/wp-content\\\/uploads\\\/2019\\\/04\\\/haya-06.jpg\",\"width\":1200,\"height\":1200,\"caption\":\"Sof\u00e1 Haya\"},{\"@type\":\"BreadcrumbList\",\"@id\":\"https:\\\/\\\/solucionescontract.com\\\/fr\\\/producto\\\/canape-hetre\\\/#breadcrumb\",\"itemListElement\":[{\"@type\":\"ListItem\",\"position\":1,\"name\":\"Inicio\",\"item\":\"https:\\\/\\\/solucionescontract.com\\\/\"},{\"@type\":\"ListItem\",\"position\":2,\"name\":\"Tienda mobiliario contract\",\"item\":\"https:\\\/\\\/solucionescontract.com\\\/tienda-mobiliario-contract\\\/\"},{\"@type\":\"ListItem\",\"position\":3,\"name\":\"Sof\u00e1s de dise\u00f1o\",\"item\":\"https:\\\/\\\/solucionescontract.com\\\/categoria-producto\\\/sofas-de-diseno\\\/\"},{\"@type\":\"ListItem\",\"position\":4,\"name\":\"Canap\u00e9 en h\u00eatre\"}]},{\"@type\":\"WebSite\",\"@id\":\"https:\\\/\\\/solucionescontract.com\\\/#website\",\"url\":\"https:\\\/\\\/solucionescontract.com\\\/\",\"name\":\"Soluciones Contract\",\"description\":\"Venta Mobiliario contract de dise\u00f1o\",\"publisher\":{\"@id\":\"https:\\\/\\\/solucionescontract.com\\\/#organization\"},\"potentialAction\":[{\"@type\":\"SearchAction\",\"target\":{\"@type\":\"EntryPoint\",\"urlTemplate\":\"https:\\\/\\\/solucionescontract.com\\\/?s={search_term_string}\"},\"query-input\":{\"@type\":\"PropertyValueSpecification\",\"valueRequired\":true,\"valueName\":\"search_term_string\"}}],\"inLanguage\":\"fr-FR\"},{\"@type\":\"Organization\",\"@id\":\"https:\\\/\\\/solucionescontract.com\\\/#organization\",\"name\":\"Soluciones Contract\",\"url\":\"https:\\\/\\\/solucionescontract.com\\\/\",\"logo\":{\"@type\":\"ImageObject\",\"inLanguage\":\"fr-FR\",\"@id\":\"https:\\\/\\\/solucionescontract.com\\\/#\\\/schema\\\/logo\\\/image\\\/\",\"url\":\"https:\\\/\\\/solucionescontract.com\\\/wp-content\\\/uploads\\\/2020\\\/02\\\/logoSC.jpg\",\"contentUrl\":\"https:\\\/\\\/solucionescontract.com\\\/wp-content\\\/uploads\\\/2020\\\/02\\\/logoSC.jpg\",\"width\":300,\"height\":125,\"caption\":\"Soluciones Contract\"},\"image\":{\"@id\":\"https:\\\/\\\/solucionescontract.com\\\/#\\\/schema\\\/logo\\\/image\\\/\"},\"sameAs\":[\"https:\\\/\\\/www.facebook.com\\\/solucionescontract\\\/\"]}]}<\/script>\n<!-- \/ Yoast SEO plugin. -->","yoast_head_json":{"title":"Canap\u00e9 en h\u00eatre - Muebles de dise\u00f1o en Soluciones Contract","description":"Compra Canap\u00e9 en h\u00eatre online en nuestra tienda de muebles Contract. Encuentra el mejor MOBILIARIO DE DISE\u00d1O para Hotel, Hogar y uso comercial. Descubre las mejores marcas en nuestro cat\u00e1logo.","robots":{"index":"index","follow":"follow","max-snippet":"max-snippet:-1","max-image-preview":"max-image-preview:large","max-video-preview":"max-video-preview:-1"},"canonical":"https:\/\/solucionescontract.com\/fr\/producto\/canape-hetre\/","og_locale":"fr_FR","og_type":"article","og_title":"Canap\u00e9 en h\u00eatre - Muebles de dise\u00f1o en Soluciones Contract","og_description":"Compra Canap\u00e9 en h\u00eatre online en nuestra tienda de muebles Contract. Encuentra el mejor MOBILIARIO DE DISE\u00d1O para Hotel, Hogar y uso comercial. Descubre las mejores marcas en nuestro cat\u00e1logo.","og_url":"https:\/\/solucionescontract.com\/fr\/producto\/canape-hetre\/","og_site_name":"Soluciones Contract","article_publisher":"https:\/\/www.facebook.com\/solucionescontract\/","article_modified_time":"2021-04-16T14:56:24+00:00","og_image":[{"width":1200,"height":1200,"url":"https:\/\/solucionescontract.com\/wp-content\/uploads\/2019\/04\/haya-06.jpg","type":"image\/jpeg"}],"twitter_card":"summary_large_image","twitter_misc":{"Dur\u00e9e de lecture estim\u00e9e":"1 minute"},"schema":{"@context":"https:\/\/schema.org","@graph":[{"@type":"WebPage","@id":"https:\/\/solucionescontract.com\/fr\/producto\/canape-hetre\/","url":"https:\/\/solucionescontract.com\/fr\/producto\/canape-hetre\/","name":"Canap\u00e9 en h\u00eatre - Muebles de dise\u00f1o en Soluciones Contract","isPartOf":{"@id":"https:\/\/solucionescontract.com\/#website"},"primaryImageOfPage":{"@id":"https:\/\/solucionescontract.com\/fr\/producto\/canape-hetre\/#primaryimage"},"image":{"@id":"https:\/\/solucionescontract.com\/fr\/producto\/canape-hetre\/#primaryimage"},"thumbnailUrl":"https:\/\/solucionescontract.com\/wp-content\/uploads\/2019\/04\/haya-06.jpg","datePublished":"2019-04-15T10:00:06+00:00","dateModified":"2021-04-16T14:56:24+00:00","description":"Compra Canap\u00e9 en h\u00eatre online en nuestra tienda de muebles Contract. Encuentra el mejor MOBILIARIO DE DISE\u00d1O para Hotel, Hogar y uso comercial. Descubre las mejores marcas en nuestro cat\u00e1logo.","breadcrumb":{"@id":"https:\/\/solucionescontract.com\/fr\/producto\/canape-hetre\/#breadcrumb"},"inLanguage":"fr-FR","potentialAction":[{"@type":"ReadAction","target":["https:\/\/solucionescontract.com\/fr\/producto\/canape-hetre\/"]}]},{"@type":"ImageObject","inLanguage":"fr-FR","@id":"https:\/\/solucionescontract.com\/fr\/producto\/canape-hetre\/#primaryimage","url":"https:\/\/solucionescontract.com\/wp-content\/uploads\/2019\/04\/haya-06.jpg","contentUrl":"https:\/\/solucionescontract.com\/wp-content\/uploads\/2019\/04\/haya-06.jpg","width":1200,"height":1200,"caption":"Sof\u00e1 Haya"},{"@type":"BreadcrumbList","@id":"https:\/\/solucionescontract.com\/fr\/producto\/canape-hetre\/#breadcrumb","itemListElement":[{"@type":"ListItem","position":1,"name":"Inicio","item":"https:\/\/solucionescontract.com\/"},{"@type":"ListItem","position":2,"name":"Tienda mobiliario contract","item":"https:\/\/solucionescontract.com\/tienda-mobiliario-contract\/"},{"@type":"ListItem","position":3,"name":"Sof\u00e1s de dise\u00f1o","item":"https:\/\/solucionescontract.com\/categoria-producto\/sofas-de-diseno\/"},{"@type":"ListItem","position":4,"name":"Canap\u00e9 en h\u00eatre"}]},{"@type":"WebSite","@id":"https:\/\/solucionescontract.com\/#website","url":"https:\/\/solucionescontract.com\/","name":"Soluciones Contract","description":"Venta Mobiliario contract de dise\u00f1o","publisher":{"@id":"https:\/\/solucionescontract.com\/#organization"},"potentialAction":[{"@type":"SearchAction","target":{"@type":"EntryPoint","urlTemplate":"https:\/\/solucionescontract.com\/?s={search_term_string}"},"query-input":{"@type":"PropertyValueSpecification","valueRequired":true,"valueName":"search_term_string"}}],"inLanguage":"fr-FR"},{"@type":"Organization","@id":"https:\/\/solucionescontract.com\/#organization","name":"Soluciones Contract","url":"https:\/\/solucionescontract.com\/","logo":{"@type":"ImageObject","inLanguage":"fr-FR","@id":"https:\/\/solucionescontract.com\/#\/schema\/logo\/image\/","url":"https:\/\/solucionescontract.com\/wp-content\/uploads\/2020\/02\/logoSC.jpg","contentUrl":"https:\/\/solucionescontract.com\/wp-content\/uploads\/2020\/02\/logoSC.jpg","width":300,"height":125,"caption":"Soluciones Contract"},"image":{"@id":"https:\/\/solucionescontract.com\/#\/schema\/logo\/image\/"},"sameAs":["https:\/\/www.facebook.com\/solucionescontract\/"]}]}},"_links":{"self":[{"href":"https:\/\/solucionescontract.com\/fr\/wp-json\/wp\/v2\/product\/19796","targetHints":{"allow":["GET"]}}],"collection":[{"href":"https:\/\/solucionescontract.com\/fr\/wp-json\/wp\/v2\/product"}],"about":[{"href":"https:\/\/solucionescontract.com\/fr\/wp-json\/wp\/v2\/types\/product"}],"replies":[{"embeddable":true,"href":"https:\/\/solucionescontract.com\/fr\/wp-json\/wp\/v2\/comments?post=19796"}],"wp:featuredmedia":[{"embeddable":true,"href":"https:\/\/solucionescontract.com\/fr\/wp-json\/wp\/v2\/media\/15205"}],"wp:attachment":[{"href":"https:\/\/solucionescontract.com\/fr\/wp-json\/wp\/v2\/media?parent=19796"}],"wp:term":[{"taxonomy":"product_brand","embeddable":true,"href":"https:\/\/solucionescontract.com\/fr\/wp-json\/wp\/v2\/product_brand?post=19796"},{"taxonomy":"product_cat","embeddable":true,"href":"https:\/\/solucionescontract.com\/fr\/wp-json\/wp\/v2\/product_cat?post=19796"},{"taxonomy":"product_tag","embeddable":true,"href":"https:\/\/solucionescontract.com\/fr\/wp-json\/wp\/v2\/product_tag?post=19796"}],"curies":[{"name":"wp","href":"https:\/\/api.w.org\/{rel}","templated":true}]}}