{"id":19720,"date":"2019-04-27T10:00:53","date_gmt":"2019-04-27T10:00:53","guid":{"rendered":"https:\/\/www.solucionescontract.com\/producto\/remplissage-nordique\/"},"modified":"2021-04-16T14:45:51","modified_gmt":"2021-04-16T14:45:51","slug":"remplissage-nordique","status":"publish","type":"product","link":"https:\/\/solucionescontract.com\/fr\/producto\/remplissage-nordique\/","title":{"rendered":"Remplissage des h\u00f4tels nordiques"},"content":{"rendered":"<h3> Rembourrage de couette d&rsquo;h\u00f4tel en microfibre <\/h3>\n<p>Dans notre vari\u00e9t\u00e9 d&rsquo;accessoires Sonpura, nous proposons des mat\u00e9riaux de haute qualit\u00e9 qui vous garantissent le meilleur repos.<\/p>\n<p>Mesure pour lit 80\/90 &#8230;&#8230;&#8230;&#8230;&#8230; 150x220cm<br \/>\nMesure pour lit de 105\/120 &#8230;&#8230;&#8230;&#8230; 180x220cm<br \/>\nMesure pour lit 135 &#8230; 220x220cm<br \/>\nMesure pour un lit de 150 &#8230;&#8230;&#8230;&#8230;&#8230;&#8230;. 240x220cm<br \/>\nMesure pour lit 160\/180 &#8230;&#8230;&#8230;.. 260x240cm<br \/>\nMesure pour un lit de 200 &#8230;&#8230;&#8230;&#8230;&#8230;&#8230; 280x240cm<\/script><\/p>\n","protected":false},"excerpt":{"rendered":"<ul>\n<li> Remplissage h\u00f4telier nordique \u00e9t\u00e9 \/ hiver <\/li>\n<li> Il a une excellente finition ext\u00e9rieure lisse et rembourr\u00e9e, qui invite \u00e0 son utilisation sans couverture. <\/li>\n<li> Tissu ext\u00e9rieur: 100% microfibre <\/li>\n<li> Remplissage: fibre creuse de silicone Topfil <\/li>\n<li> Densit\u00e9: 250 gr. <\/li>\n<\/ul>\n<p> <a href=\"mailto:info@solucionescontract.com\"> <strong> <em> Plus d&rsquo;informations <\/em> <\/strong> <\/a> <\/p>\n","protected":false},"featured_media":15313,"comment_status":"open","ping_status":"closed","template":"","meta":[],"product_brand":[],"product_cat":[605],"product_tag":[],"class_list":{"0":"post-19720","1":"product","2":"type-product","3":"status-publish","4":"has-post-thumbnail","6":"product_cat-textile-dhotel","7":"yith_product_brand-sonpura-contract-fr","9":"first","10":"instock","11":"taxable","12":"shipping-taxable","13":"purchasable","14":"product-type-variable"},"yoast_head":"<!-- This site is optimized with the Yoast SEO plugin v27.3 - https:\/\/yoast.com\/product\/yoast-seo-wordpress\/ -->\n<title>Relleno N\u00f3rdico | Soluciones Contract<\/title>\n<meta name=\"description\" content=\"Relleno n\u00f3rdico hotelero de microfibra verano e invierno. Acabado exterior liso y acolchado. Relleno Topfil fibra hueca siliconada. Material alta calidad. Env\u00edo gratis.\" \/>\n<meta name=\"robots\" content=\"index, follow, max-snippet:-1, max-image-preview:large, max-video-preview:-1\" \/>\n<link rel=\"canonical\" href=\"https:\/\/solucionescontract.com\/producto\/relleno-nordico\/\" \/>\n<meta property=\"og:locale\" content=\"fr_FR\" \/>\n<meta property=\"og:type\" content=\"article\" \/>\n<meta property=\"og:title\" content=\"Relleno N\u00f3rdico | Soluciones Contract\" \/>\n<meta property=\"og:description\" content=\"Relleno n\u00f3rdico hotelero de microfibra verano e invierno. Acabado exterior liso y acolchado. Relleno Topfil fibra hueca siliconada. Material alta calidad. Env\u00edo gratis.\" \/>\n<meta property=\"og:url\" content=\"https:\/\/solucionescontract.com\/producto\/relleno-nordico\/\" \/>\n<meta property=\"og:site_name\" content=\"Soluciones Contract\" \/>\n<meta property=\"article:publisher\" content=\"https:\/\/www.facebook.com\/solucionescontract\/\" \/>\n<meta property=\"article:modified_time\" content=\"2021-04-16T14:45:51+00:00\" \/>\n<meta property=\"og:image\" content=\"https:\/\/solucionescontract.com\/wp-content\/uploads\/2019\/04\/textil-hotelero.jpg\" \/>\n\t<meta property=\"og:image:width\" content=\"1100\" \/>\n\t<meta property=\"og:image:height\" content=\"1100\" \/>\n\t<meta property=\"og:image:type\" content=\"image\/jpeg\" \/>\n<meta name=\"twitter:card\" content=\"summary_large_image\" \/>\n<script type=\"application\/ld+json\" class=\"yoast-schema-graph\">{\"@context\":\"https:\\\/\\\/schema.org\",\"@graph\":[{\"@type\":\"WebPage\",\"@id\":\"https:\\\/\\\/solucionescontract.com\\\/producto\\\/relleno-nordico\\\/\",\"url\":\"https:\\\/\\\/solucionescontract.com\\\/producto\\\/relleno-nordico\\\/\",\"name\":\"Relleno N\u00f3rdico | Soluciones Contract\",\"isPartOf\":{\"@id\":\"https:\\\/\\\/solucionescontract.com\\\/#website\"},\"primaryImageOfPage\":{\"@id\":\"https:\\\/\\\/solucionescontract.com\\\/producto\\\/relleno-nordico\\\/#primaryimage\"},\"image\":{\"@id\":\"https:\\\/\\\/solucionescontract.com\\\/producto\\\/relleno-nordico\\\/#primaryimage\"},\"thumbnailUrl\":\"https:\\\/\\\/solucionescontract.com\\\/wp-content\\\/uploads\\\/2019\\\/04\\\/textil-hotelero.jpg\",\"datePublished\":\"2019-04-27T10:00:53+00:00\",\"dateModified\":\"2021-04-16T14:45:51+00:00\",\"description\":\"Relleno n\u00f3rdico hotelero de microfibra verano e invierno. Acabado exterior liso y acolchado. Relleno Topfil fibra hueca siliconada. Material alta calidad. Env\u00edo gratis.\",\"breadcrumb\":{\"@id\":\"https:\\\/\\\/solucionescontract.com\\\/producto\\\/relleno-nordico\\\/#breadcrumb\"},\"inLanguage\":\"fr-FR\",\"potentialAction\":[{\"@type\":\"ReadAction\",\"target\":[\"https:\\\/\\\/solucionescontract.com\\\/producto\\\/relleno-nordico\\\/\"]}]},{\"@type\":\"ImageObject\",\"inLanguage\":\"fr-FR\",\"@id\":\"https:\\\/\\\/solucionescontract.com\\\/producto\\\/relleno-nordico\\\/#primaryimage\",\"url\":\"https:\\\/\\\/solucionescontract.com\\\/wp-content\\\/uploads\\\/2019\\\/04\\\/textil-hotelero.jpg\",\"contentUrl\":\"https:\\\/\\\/solucionescontract.com\\\/wp-content\\\/uploads\\\/2019\\\/04\\\/textil-hotelero.jpg\",\"width\":1100,\"height\":1100,\"caption\":\"Relleno n\u00f3rdico\"},{\"@type\":\"BreadcrumbList\",\"@id\":\"https:\\\/\\\/solucionescontract.com\\\/producto\\\/relleno-nordico\\\/#breadcrumb\",\"itemListElement\":[{\"@type\":\"ListItem\",\"position\":1,\"name\":\"Inicio\",\"item\":\"https:\\\/\\\/solucionescontract.com\\\/\"},{\"@type\":\"ListItem\",\"position\":2,\"name\":\"Tienda mobiliario contract\",\"item\":\"https:\\\/\\\/solucionescontract.com\\\/tienda-mobiliario-contract\\\/\"},{\"@type\":\"ListItem\",\"position\":3,\"name\":\"Mobiliario para Descanso\",\"item\":\"https:\\\/\\\/solucionescontract.com\\\/categoria-producto\\\/mobiliario-para-descanso\\\/\"},{\"@type\":\"ListItem\",\"position\":4,\"name\":\"Textil y almohadas\",\"item\":\"https:\\\/\\\/solucionescontract.com\\\/categoria-producto\\\/mobiliario-para-descanso\\\/textil-hotelero\\\/\"},{\"@type\":\"ListItem\",\"position\":5,\"name\":\"Remplissage des h\u00f4tels nordiques\"}]},{\"@type\":\"WebSite\",\"@id\":\"https:\\\/\\\/solucionescontract.com\\\/#website\",\"url\":\"https:\\\/\\\/solucionescontract.com\\\/\",\"name\":\"Soluciones Contract\",\"description\":\"Venta Mobiliario contract de dise\u00f1o\",\"publisher\":{\"@id\":\"https:\\\/\\\/solucionescontract.com\\\/#organization\"},\"potentialAction\":[{\"@type\":\"SearchAction\",\"target\":{\"@type\":\"EntryPoint\",\"urlTemplate\":\"https:\\\/\\\/solucionescontract.com\\\/?s={search_term_string}\"},\"query-input\":{\"@type\":\"PropertyValueSpecification\",\"valueRequired\":true,\"valueName\":\"search_term_string\"}}],\"inLanguage\":\"fr-FR\"},{\"@type\":\"Organization\",\"@id\":\"https:\\\/\\\/solucionescontract.com\\\/#organization\",\"name\":\"Soluciones Contract\",\"url\":\"https:\\\/\\\/solucionescontract.com\\\/\",\"logo\":{\"@type\":\"ImageObject\",\"inLanguage\":\"fr-FR\",\"@id\":\"https:\\\/\\\/solucionescontract.com\\\/#\\\/schema\\\/logo\\\/image\\\/\",\"url\":\"https:\\\/\\\/solucionescontract.com\\\/wp-content\\\/uploads\\\/2020\\\/02\\\/logoSC.jpg\",\"contentUrl\":\"https:\\\/\\\/solucionescontract.com\\\/wp-content\\\/uploads\\\/2020\\\/02\\\/logoSC.jpg\",\"width\":300,\"height\":125,\"caption\":\"Soluciones Contract\"},\"image\":{\"@id\":\"https:\\\/\\\/solucionescontract.com\\\/#\\\/schema\\\/logo\\\/image\\\/\"},\"sameAs\":[\"https:\\\/\\\/www.facebook.com\\\/solucionescontract\\\/\"]}]}<\/script>\n<!-- \/ Yoast SEO plugin. -->","yoast_head_json":{"title":"Relleno N\u00f3rdico | Soluciones Contract","description":"Relleno n\u00f3rdico hotelero de microfibra verano e invierno. Acabado exterior liso y acolchado. Relleno Topfil fibra hueca siliconada. Material alta calidad. Env\u00edo gratis.","robots":{"index":"index","follow":"follow","max-snippet":"max-snippet:-1","max-image-preview":"max-image-preview:large","max-video-preview":"max-video-preview:-1"},"canonical":"https:\/\/solucionescontract.com\/producto\/relleno-nordico\/","og_locale":"fr_FR","og_type":"article","og_title":"Relleno N\u00f3rdico | Soluciones Contract","og_description":"Relleno n\u00f3rdico hotelero de microfibra verano e invierno. Acabado exterior liso y acolchado. Relleno Topfil fibra hueca siliconada. Material alta calidad. Env\u00edo gratis.","og_url":"https:\/\/solucionescontract.com\/producto\/relleno-nordico\/","og_site_name":"Soluciones Contract","article_publisher":"https:\/\/www.facebook.com\/solucionescontract\/","article_modified_time":"2021-04-16T14:45:51+00:00","og_image":[{"width":1100,"height":1100,"url":"https:\/\/solucionescontract.com\/wp-content\/uploads\/2019\/04\/textil-hotelero.jpg","type":"image\/jpeg"}],"twitter_card":"summary_large_image","schema":{"@context":"https:\/\/schema.org","@graph":[{"@type":"WebPage","@id":"https:\/\/solucionescontract.com\/producto\/relleno-nordico\/","url":"https:\/\/solucionescontract.com\/producto\/relleno-nordico\/","name":"Relleno N\u00f3rdico | Soluciones Contract","isPartOf":{"@id":"https:\/\/solucionescontract.com\/#website"},"primaryImageOfPage":{"@id":"https:\/\/solucionescontract.com\/producto\/relleno-nordico\/#primaryimage"},"image":{"@id":"https:\/\/solucionescontract.com\/producto\/relleno-nordico\/#primaryimage"},"thumbnailUrl":"https:\/\/solucionescontract.com\/wp-content\/uploads\/2019\/04\/textil-hotelero.jpg","datePublished":"2019-04-27T10:00:53+00:00","dateModified":"2021-04-16T14:45:51+00:00","description":"Relleno n\u00f3rdico hotelero de microfibra verano e invierno. Acabado exterior liso y acolchado. Relleno Topfil fibra hueca siliconada. Material alta calidad. Env\u00edo gratis.","breadcrumb":{"@id":"https:\/\/solucionescontract.com\/producto\/relleno-nordico\/#breadcrumb"},"inLanguage":"fr-FR","potentialAction":[{"@type":"ReadAction","target":["https:\/\/solucionescontract.com\/producto\/relleno-nordico\/"]}]},{"@type":"ImageObject","inLanguage":"fr-FR","@id":"https:\/\/solucionescontract.com\/producto\/relleno-nordico\/#primaryimage","url":"https:\/\/solucionescontract.com\/wp-content\/uploads\/2019\/04\/textil-hotelero.jpg","contentUrl":"https:\/\/solucionescontract.com\/wp-content\/uploads\/2019\/04\/textil-hotelero.jpg","width":1100,"height":1100,"caption":"Relleno n\u00f3rdico"},{"@type":"BreadcrumbList","@id":"https:\/\/solucionescontract.com\/producto\/relleno-nordico\/#breadcrumb","itemListElement":[{"@type":"ListItem","position":1,"name":"Inicio","item":"https:\/\/solucionescontract.com\/"},{"@type":"ListItem","position":2,"name":"Tienda mobiliario contract","item":"https:\/\/solucionescontract.com\/tienda-mobiliario-contract\/"},{"@type":"ListItem","position":3,"name":"Mobiliario para Descanso","item":"https:\/\/solucionescontract.com\/categoria-producto\/mobiliario-para-descanso\/"},{"@type":"ListItem","position":4,"name":"Textil y almohadas","item":"https:\/\/solucionescontract.com\/categoria-producto\/mobiliario-para-descanso\/textil-hotelero\/"},{"@type":"ListItem","position":5,"name":"Remplissage des h\u00f4tels nordiques"}]},{"@type":"WebSite","@id":"https:\/\/solucionescontract.com\/#website","url":"https:\/\/solucionescontract.com\/","name":"Soluciones Contract","description":"Venta Mobiliario contract de dise\u00f1o","publisher":{"@id":"https:\/\/solucionescontract.com\/#organization"},"potentialAction":[{"@type":"SearchAction","target":{"@type":"EntryPoint","urlTemplate":"https:\/\/solucionescontract.com\/?s={search_term_string}"},"query-input":{"@type":"PropertyValueSpecification","valueRequired":true,"valueName":"search_term_string"}}],"inLanguage":"fr-FR"},{"@type":"Organization","@id":"https:\/\/solucionescontract.com\/#organization","name":"Soluciones Contract","url":"https:\/\/solucionescontract.com\/","logo":{"@type":"ImageObject","inLanguage":"fr-FR","@id":"https:\/\/solucionescontract.com\/#\/schema\/logo\/image\/","url":"https:\/\/solucionescontract.com\/wp-content\/uploads\/2020\/02\/logoSC.jpg","contentUrl":"https:\/\/solucionescontract.com\/wp-content\/uploads\/2020\/02\/logoSC.jpg","width":300,"height":125,"caption":"Soluciones Contract"},"image":{"@id":"https:\/\/solucionescontract.com\/#\/schema\/logo\/image\/"},"sameAs":["https:\/\/www.facebook.com\/solucionescontract\/"]}]}},"_links":{"self":[{"href":"https:\/\/solucionescontract.com\/fr\/wp-json\/wp\/v2\/product\/19720","targetHints":{"allow":["GET"]}}],"collection":[{"href":"https:\/\/solucionescontract.com\/fr\/wp-json\/wp\/v2\/product"}],"about":[{"href":"https:\/\/solucionescontract.com\/fr\/wp-json\/wp\/v2\/types\/product"}],"replies":[{"embeddable":true,"href":"https:\/\/solucionescontract.com\/fr\/wp-json\/wp\/v2\/comments?post=19720"}],"wp:featuredmedia":[{"embeddable":true,"href":"https:\/\/solucionescontract.com\/fr\/wp-json\/wp\/v2\/media\/15313"}],"wp:attachment":[{"href":"https:\/\/solucionescontract.com\/fr\/wp-json\/wp\/v2\/media?parent=19720"}],"wp:term":[{"taxonomy":"product_brand","embeddable":true,"href":"https:\/\/solucionescontract.com\/fr\/wp-json\/wp\/v2\/product_brand?post=19720"},{"taxonomy":"product_cat","embeddable":true,"href":"https:\/\/solucionescontract.com\/fr\/wp-json\/wp\/v2\/product_cat?post=19720"},{"taxonomy":"product_tag","embeddable":true,"href":"https:\/\/solucionescontract.com\/fr\/wp-json\/wp\/v2\/product_tag?post=19720"}],"curies":[{"name":"wp","href":"https:\/\/api.w.org\/{rel}","templated":true}]}}