{"id":19363,"date":"2019-05-08T10:00:59","date_gmt":"2019-05-08T10:00:59","guid":{"rendered":"https:\/\/www.solucionescontract.com\/producto\/tapibase-bahamas\/"},"modified":"2021-04-16T15:38:38","modified_gmt":"2021-04-16T15:38:38","slug":"tapibase-bahamas","status":"publish","type":"product","link":"https:\/\/solucionescontract.com\/fr\/producto\/tapibase-bahamas\/","title":{"rendered":"Tapibase Bahamas"},"content":{"rendered":"<p><img decoding=\"async\" class=\" wd-lazy-fade alignnone size-full wp-image-7312\" src=\"https:\/\/solucionescontract.com\/wp-content\/themes\/woodmart\/images\/lazy.svg\" data-src=\"https:\/\/solucionescontract.com\/wp-content\/uploads\/2019\/05\/BaseFix.jpg\" alt=\"\" width=\"800\" height=\"366\" srcset=\"\" data-srcset=\"https:\/\/solucionescontract.com\/wp-content\/uploads\/2019\/05\/BaseFix.jpg 800w, https:\/\/solucionescontract.com\/wp-content\/uploads\/2019\/05\/BaseFix-150x69.jpg 150w, https:\/\/solucionescontract.com\/wp-content\/uploads\/2019\/05\/BaseFix-300x137.jpg 300w, https:\/\/solucionescontract.com\/wp-content\/uploads\/2019\/05\/BaseFix-768x351.jpg 768w, https:\/\/solucionescontract.com\/wp-content\/uploads\/2019\/05\/BaseFix-44x20.jpg 44w, https:\/\/solucionescontract.com\/wp-content\/uploads\/2019\/05\/BaseFix-131x60.jpg 131w\" sizes=\"(max-width: 800px) 100vw, 800px\" \/><\/p>\n<p><strong> STRUCTURE <\/strong><\/p>\n<ul>\n<li> Support en agglom\u00e9r\u00e9 pour une plus grande r\u00e9sistance et durabilit\u00e9 de la base. <\/li>\n<li> Hauteur de la base: 33 cm (avec pieds de 25 cm). <\/li>\n<\/ul>\n<p><strong> SYST\u00c8ME DE RENFORT <\/strong><\/p>\n<ul>\n<li> Avec 5 limons m\u00e9talliques horizontaux. <\/li>\n<li> Durabilit\u00e9 et robustesse accrues. <\/li>\n<li> Sa structure assure une base ind\u00e9formable. <\/li>\n<\/ul>\n<p><strong> JAMBES DISPONIBLES <\/strong><\/p>\n<ul>\n<li> Collection de jambes \u00e0 combiner <\/li>\n<\/ul>\n<p><strong> COULEURS REMBOURR\u00c9ES DE TISSU DRYCARE <\/strong><\/p>\n<ul>\n<li> Rev\u00eatement en similicuir Natur: blanc, ivoire, chocolat et anthracite <\/li>\n<li> Rev\u00eatement en similicuir Ecopel: blanc, glace, chocolat et pierre <\/li>\n<li> Rembourrage en velours: marron (le rembourrage en velours permet de fixer la housse de coussin avec du velcro). <\/li>\n<\/ul>\n<p><\/script><\/p>\n","protected":false},"excerpt":{"rendered":"<ul>\n<li> Syst\u00e8me BASE FIX qui \u00e9limine tout mouvement de la base am\u00e9liorant la qualit\u00e9 du repos <\/li>\n<li> Fibre: respirabilit\u00e9. La fibre creuse est un mat\u00e9riau hygi\u00e9nique et respirant. \u00c9vitez l&rsquo;accumulation de mauvaises odeurs. <\/li>\n<li> Mouvement facile: diff\u00e9rentes jambes et hauteurs disponibles. Voir la section \u00ab\u00a0Jambes\u00a0\u00bb de ce catalogue. <\/li>\n<li> A\u00e9rateurs: assure la respirabilit\u00e9 du matelas. <\/li>\n<li> Coins arrondis. <\/li>\n<li> Syst\u00e8me de renforcement: avec 5 limons m\u00e9talliques horizontaux. Plus grande durabilit\u00e9 et robustesse. Sa structure assure une base ind\u00e9formable. <\/li>\n<\/ul>\n<p> <a href=\"mailto:info@solucionescontract.com\"> <strong> <em> Plus d&rsquo;informations <\/em> <\/strong> <\/a> <\/p>\n","protected":false},"featured_media":15333,"comment_status":"open","ping_status":"closed","template":"","meta":[],"product_brand":[],"product_cat":[601,597],"product_tag":[],"class_list":{"0":"post-19363","1":"product","2":"type-product","3":"status-publish","4":"has-post-thumbnail","6":"product_cat-canapes-et-sommiers","7":"product_cat-meubles-de-repos","8":"product_shipping_class-gratuit","9":"yith_product_brand-sonpura-contract-fr","11":"first","12":"instock","13":"taxable","14":"shipping-taxable","15":"purchasable","16":"product-type-variable"},"yoast_head":"<!-- This site is optimized with the Yoast SEO plugin v27.3 - https:\/\/yoast.com\/product\/yoast-seo-wordpress\/ -->\n<title>Tapibase Bahamas - Muebles de dise\u00f1o en Soluciones Contract<\/title>\n<meta name=\"description\" content=\"Compra Tapibase Bahamas online en nuestra tienda de muebles Contract. Encuentra el mejor MOBILIARIO DE DISE\u00d1O para Hotel, Hogar y uso comercial. Descubre las mejores marcas en nuestro cat\u00e1logo.\" \/>\n<meta name=\"robots\" content=\"index, follow, max-snippet:-1, max-image-preview:large, max-video-preview:-1\" \/>\n<link rel=\"canonical\" href=\"https:\/\/solucionescontract.com\/producto\/tapibase-bahamas\/\" \/>\n<meta property=\"og:locale\" content=\"fr_FR\" \/>\n<meta property=\"og:type\" content=\"article\" \/>\n<meta property=\"og:title\" content=\"Tapibase Bahamas - Muebles de dise\u00f1o en Soluciones Contract\" \/>\n<meta property=\"og:description\" content=\"Compra Tapibase Bahamas online en nuestra tienda de muebles Contract. Encuentra el mejor MOBILIARIO DE DISE\u00d1O para Hotel, Hogar y uso comercial. Descubre las mejores marcas en nuestro cat\u00e1logo.\" \/>\n<meta property=\"og:url\" content=\"https:\/\/solucionescontract.com\/producto\/tapibase-bahamas\/\" \/>\n<meta property=\"og:site_name\" content=\"Soluciones Contract\" \/>\n<meta property=\"article:publisher\" content=\"https:\/\/www.facebook.com\/solucionescontract\/\" \/>\n<meta property=\"article:modified_time\" content=\"2021-04-16T15:38:38+00:00\" \/>\n<meta property=\"og:image\" content=\"https:\/\/solucionescontract.com\/wp-content\/uploads\/2019\/05\/tapibase-bahamas.jpg\" \/>\n\t<meta property=\"og:image:width\" content=\"1200\" \/>\n\t<meta property=\"og:image:height\" content=\"1200\" \/>\n\t<meta property=\"og:image:type\" content=\"image\/jpeg\" \/>\n<meta name=\"twitter:card\" content=\"summary_large_image\" \/>\n<script type=\"application\/ld+json\" class=\"yoast-schema-graph\">{\"@context\":\"https:\\\/\\\/schema.org\",\"@graph\":[{\"@type\":\"WebPage\",\"@id\":\"https:\\\/\\\/solucionescontract.com\\\/producto\\\/tapibase-bahamas\\\/\",\"url\":\"https:\\\/\\\/solucionescontract.com\\\/producto\\\/tapibase-bahamas\\\/\",\"name\":\"Tapibase Bahamas - Muebles de dise\u00f1o en Soluciones Contract\",\"isPartOf\":{\"@id\":\"https:\\\/\\\/solucionescontract.com\\\/#website\"},\"primaryImageOfPage\":{\"@id\":\"https:\\\/\\\/solucionescontract.com\\\/producto\\\/tapibase-bahamas\\\/#primaryimage\"},\"image\":{\"@id\":\"https:\\\/\\\/solucionescontract.com\\\/producto\\\/tapibase-bahamas\\\/#primaryimage\"},\"thumbnailUrl\":\"https:\\\/\\\/solucionescontract.com\\\/wp-content\\\/uploads\\\/2019\\\/05\\\/tapibase-bahamas.jpg\",\"datePublished\":\"2019-05-08T10:00:59+00:00\",\"dateModified\":\"2021-04-16T15:38:38+00:00\",\"description\":\"Compra Tapibase Bahamas online en nuestra tienda de muebles Contract. Encuentra el mejor MOBILIARIO DE DISE\u00d1O para Hotel, Hogar y uso comercial. Descubre las mejores marcas en nuestro cat\u00e1logo.\",\"breadcrumb\":{\"@id\":\"https:\\\/\\\/solucionescontract.com\\\/producto\\\/tapibase-bahamas\\\/#breadcrumb\"},\"inLanguage\":\"fr-FR\",\"potentialAction\":[{\"@type\":\"ReadAction\",\"target\":[\"https:\\\/\\\/solucionescontract.com\\\/producto\\\/tapibase-bahamas\\\/\"]}]},{\"@type\":\"ImageObject\",\"inLanguage\":\"fr-FR\",\"@id\":\"https:\\\/\\\/solucionescontract.com\\\/producto\\\/tapibase-bahamas\\\/#primaryimage\",\"url\":\"https:\\\/\\\/solucionescontract.com\\\/wp-content\\\/uploads\\\/2019\\\/05\\\/tapibase-bahamas.jpg\",\"contentUrl\":\"https:\\\/\\\/solucionescontract.com\\\/wp-content\\\/uploads\\\/2019\\\/05\\\/tapibase-bahamas.jpg\",\"width\":1200,\"height\":1200,\"caption\":\"Tapibase Bahamas\"},{\"@type\":\"BreadcrumbList\",\"@id\":\"https:\\\/\\\/solucionescontract.com\\\/producto\\\/tapibase-bahamas\\\/#breadcrumb\",\"itemListElement\":[{\"@type\":\"ListItem\",\"position\":1,\"name\":\"Inicio\",\"item\":\"https:\\\/\\\/solucionescontract.com\\\/\"},{\"@type\":\"ListItem\",\"position\":2,\"name\":\"Tienda mobiliario contract\",\"item\":\"https:\\\/\\\/solucionescontract.com\\\/tienda-mobiliario-contract\\\/\"},{\"@type\":\"ListItem\",\"position\":3,\"name\":\"Mobiliario para Descanso\",\"item\":\"https:\\\/\\\/solucionescontract.com\\\/categoria-producto\\\/mobiliario-para-descanso\\\/\"},{\"@type\":\"ListItem\",\"position\":4,\"name\":\"Canap\u00e9s y bases de camas\",\"item\":\"https:\\\/\\\/solucionescontract.com\\\/categoria-producto\\\/mobiliario-para-descanso\\\/canapes-y-bases-de-camas\\\/\"},{\"@type\":\"ListItem\",\"position\":5,\"name\":\"Tapibase Bahamas\"}]},{\"@type\":\"WebSite\",\"@id\":\"https:\\\/\\\/solucionescontract.com\\\/#website\",\"url\":\"https:\\\/\\\/solucionescontract.com\\\/\",\"name\":\"Soluciones Contract\",\"description\":\"Venta Mobiliario contract de dise\u00f1o\",\"publisher\":{\"@id\":\"https:\\\/\\\/solucionescontract.com\\\/#organization\"},\"potentialAction\":[{\"@type\":\"SearchAction\",\"target\":{\"@type\":\"EntryPoint\",\"urlTemplate\":\"https:\\\/\\\/solucionescontract.com\\\/?s={search_term_string}\"},\"query-input\":{\"@type\":\"PropertyValueSpecification\",\"valueRequired\":true,\"valueName\":\"search_term_string\"}}],\"inLanguage\":\"fr-FR\"},{\"@type\":\"Organization\",\"@id\":\"https:\\\/\\\/solucionescontract.com\\\/#organization\",\"name\":\"Soluciones Contract\",\"url\":\"https:\\\/\\\/solucionescontract.com\\\/\",\"logo\":{\"@type\":\"ImageObject\",\"inLanguage\":\"fr-FR\",\"@id\":\"https:\\\/\\\/solucionescontract.com\\\/#\\\/schema\\\/logo\\\/image\\\/\",\"url\":\"https:\\\/\\\/solucionescontract.com\\\/wp-content\\\/uploads\\\/2020\\\/02\\\/logoSC.jpg\",\"contentUrl\":\"https:\\\/\\\/solucionescontract.com\\\/wp-content\\\/uploads\\\/2020\\\/02\\\/logoSC.jpg\",\"width\":300,\"height\":125,\"caption\":\"Soluciones Contract\"},\"image\":{\"@id\":\"https:\\\/\\\/solucionescontract.com\\\/#\\\/schema\\\/logo\\\/image\\\/\"},\"sameAs\":[\"https:\\\/\\\/www.facebook.com\\\/solucionescontract\\\/\"]}]}<\/script>\n<!-- \/ Yoast SEO plugin. -->","yoast_head_json":{"title":"Tapibase Bahamas - Muebles de dise\u00f1o en Soluciones Contract","description":"Compra Tapibase Bahamas online en nuestra tienda de muebles Contract. Encuentra el mejor MOBILIARIO DE DISE\u00d1O para Hotel, Hogar y uso comercial. Descubre las mejores marcas en nuestro cat\u00e1logo.","robots":{"index":"index","follow":"follow","max-snippet":"max-snippet:-1","max-image-preview":"max-image-preview:large","max-video-preview":"max-video-preview:-1"},"canonical":"https:\/\/solucionescontract.com\/producto\/tapibase-bahamas\/","og_locale":"fr_FR","og_type":"article","og_title":"Tapibase Bahamas - Muebles de dise\u00f1o en Soluciones Contract","og_description":"Compra Tapibase Bahamas online en nuestra tienda de muebles Contract. Encuentra el mejor MOBILIARIO DE DISE\u00d1O para Hotel, Hogar y uso comercial. Descubre las mejores marcas en nuestro cat\u00e1logo.","og_url":"https:\/\/solucionescontract.com\/producto\/tapibase-bahamas\/","og_site_name":"Soluciones Contract","article_publisher":"https:\/\/www.facebook.com\/solucionescontract\/","article_modified_time":"2021-04-16T15:38:38+00:00","og_image":[{"width":1200,"height":1200,"url":"https:\/\/solucionescontract.com\/wp-content\/uploads\/2019\/05\/tapibase-bahamas.jpg","type":"image\/jpeg"}],"twitter_card":"summary_large_image","schema":{"@context":"https:\/\/schema.org","@graph":[{"@type":"WebPage","@id":"https:\/\/solucionescontract.com\/producto\/tapibase-bahamas\/","url":"https:\/\/solucionescontract.com\/producto\/tapibase-bahamas\/","name":"Tapibase Bahamas - Muebles de dise\u00f1o en Soluciones Contract","isPartOf":{"@id":"https:\/\/solucionescontract.com\/#website"},"primaryImageOfPage":{"@id":"https:\/\/solucionescontract.com\/producto\/tapibase-bahamas\/#primaryimage"},"image":{"@id":"https:\/\/solucionescontract.com\/producto\/tapibase-bahamas\/#primaryimage"},"thumbnailUrl":"https:\/\/solucionescontract.com\/wp-content\/uploads\/2019\/05\/tapibase-bahamas.jpg","datePublished":"2019-05-08T10:00:59+00:00","dateModified":"2021-04-16T15:38:38+00:00","description":"Compra Tapibase Bahamas online en nuestra tienda de muebles Contract. Encuentra el mejor MOBILIARIO DE DISE\u00d1O para Hotel, Hogar y uso comercial. Descubre las mejores marcas en nuestro cat\u00e1logo.","breadcrumb":{"@id":"https:\/\/solucionescontract.com\/producto\/tapibase-bahamas\/#breadcrumb"},"inLanguage":"fr-FR","potentialAction":[{"@type":"ReadAction","target":["https:\/\/solucionescontract.com\/producto\/tapibase-bahamas\/"]}]},{"@type":"ImageObject","inLanguage":"fr-FR","@id":"https:\/\/solucionescontract.com\/producto\/tapibase-bahamas\/#primaryimage","url":"https:\/\/solucionescontract.com\/wp-content\/uploads\/2019\/05\/tapibase-bahamas.jpg","contentUrl":"https:\/\/solucionescontract.com\/wp-content\/uploads\/2019\/05\/tapibase-bahamas.jpg","width":1200,"height":1200,"caption":"Tapibase Bahamas"},{"@type":"BreadcrumbList","@id":"https:\/\/solucionescontract.com\/producto\/tapibase-bahamas\/#breadcrumb","itemListElement":[{"@type":"ListItem","position":1,"name":"Inicio","item":"https:\/\/solucionescontract.com\/"},{"@type":"ListItem","position":2,"name":"Tienda mobiliario contract","item":"https:\/\/solucionescontract.com\/tienda-mobiliario-contract\/"},{"@type":"ListItem","position":3,"name":"Mobiliario para Descanso","item":"https:\/\/solucionescontract.com\/categoria-producto\/mobiliario-para-descanso\/"},{"@type":"ListItem","position":4,"name":"Canap\u00e9s y bases de camas","item":"https:\/\/solucionescontract.com\/categoria-producto\/mobiliario-para-descanso\/canapes-y-bases-de-camas\/"},{"@type":"ListItem","position":5,"name":"Tapibase Bahamas"}]},{"@type":"WebSite","@id":"https:\/\/solucionescontract.com\/#website","url":"https:\/\/solucionescontract.com\/","name":"Soluciones Contract","description":"Venta Mobiliario contract de dise\u00f1o","publisher":{"@id":"https:\/\/solucionescontract.com\/#organization"},"potentialAction":[{"@type":"SearchAction","target":{"@type":"EntryPoint","urlTemplate":"https:\/\/solucionescontract.com\/?s={search_term_string}"},"query-input":{"@type":"PropertyValueSpecification","valueRequired":true,"valueName":"search_term_string"}}],"inLanguage":"fr-FR"},{"@type":"Organization","@id":"https:\/\/solucionescontract.com\/#organization","name":"Soluciones Contract","url":"https:\/\/solucionescontract.com\/","logo":{"@type":"ImageObject","inLanguage":"fr-FR","@id":"https:\/\/solucionescontract.com\/#\/schema\/logo\/image\/","url":"https:\/\/solucionescontract.com\/wp-content\/uploads\/2020\/02\/logoSC.jpg","contentUrl":"https:\/\/solucionescontract.com\/wp-content\/uploads\/2020\/02\/logoSC.jpg","width":300,"height":125,"caption":"Soluciones Contract"},"image":{"@id":"https:\/\/solucionescontract.com\/#\/schema\/logo\/image\/"},"sameAs":["https:\/\/www.facebook.com\/solucionescontract\/"]}]}},"_links":{"self":[{"href":"https:\/\/solucionescontract.com\/fr\/wp-json\/wp\/v2\/product\/19363","targetHints":{"allow":["GET"]}}],"collection":[{"href":"https:\/\/solucionescontract.com\/fr\/wp-json\/wp\/v2\/product"}],"about":[{"href":"https:\/\/solucionescontract.com\/fr\/wp-json\/wp\/v2\/types\/product"}],"replies":[{"embeddable":true,"href":"https:\/\/solucionescontract.com\/fr\/wp-json\/wp\/v2\/comments?post=19363"}],"wp:featuredmedia":[{"embeddable":true,"href":"https:\/\/solucionescontract.com\/fr\/wp-json\/wp\/v2\/media\/15333"}],"wp:attachment":[{"href":"https:\/\/solucionescontract.com\/fr\/wp-json\/wp\/v2\/media?parent=19363"}],"wp:term":[{"taxonomy":"product_brand","embeddable":true,"href":"https:\/\/solucionescontract.com\/fr\/wp-json\/wp\/v2\/product_brand?post=19363"},{"taxonomy":"product_cat","embeddable":true,"href":"https:\/\/solucionescontract.com\/fr\/wp-json\/wp\/v2\/product_cat?post=19363"},{"taxonomy":"product_tag","embeddable":true,"href":"https:\/\/solucionescontract.com\/fr\/wp-json\/wp\/v2\/product_tag?post=19363"}],"curies":[{"name":"wp","href":"https:\/\/api.w.org\/{rel}","templated":true}]}}