{"id":19330,"date":"2018-05-12T10:19:37","date_gmt":"2018-05-12T10:19:37","guid":{"rendered":"https:\/\/www.solucionescontract.com\/producto\/serviette-pour-hotel-500gr\/"},"modified":"2021-04-16T15:34:50","modified_gmt":"2021-04-16T15:34:50","slug":"serviette-pour-hotel-500gr","status":"publish","type":"product","link":"https:\/\/solucionescontract.com\/fr\/producto\/serviette-pour-hotel-500gr\/","title":{"rendered":"SERVIETTE D&rsquo;H\u00d4TEL 500gr"},"content":{"rendered":"<h3> SERVIETTE H\u00d4TEL 500gr <\/h3>\n<p><\/script><\/p>\n","protected":false},"excerpt":{"rendered":"<ul>\n<li> Serviette d&rsquo;excellente qualit\u00e9 sp\u00e9cialement con\u00e7ue pour les h\u00f4tels <\/li>\n<li> C&rsquo;est une serviette blanche lisse de 500gr, motif \u00e0 chevrons. <\/li>\n<li> 100% coton pour la premi\u00e8re utilisation <\/li>\n<li> Tr\u00e8s r\u00e9sistant au lavage, coutures renforc\u00e9es. <\/li>\n<li> Disponible dans toutes les tailles. <\/li>\n<li> Achat minimum 35 \u20ac <\/li>\n<\/ul>\n<p>&nbsp;<\/p>\n<p>&nbsp;<\/p>\n","protected":false},"featured_media":15341,"comment_status":"open","ping_status":"closed","template":"","meta":[],"product_brand":[],"product_cat":[605],"product_tag":[],"class_list":{"0":"post-19330","1":"product","2":"type-product","3":"status-publish","4":"has-post-thumbnail","6":"product_cat-textile-dhotel","8":"first","9":"instock","10":"taxable","11":"shipping-taxable","12":"purchasable","13":"product-type-variable"},"yoast_head":"<!-- This site is optimized with the Yoast SEO plugin v27.3 - https:\/\/yoast.com\/product\/yoast-seo-wordpress\/ -->\n<title>Serviettes pour les h\u00f4tels | Solutions contractuelles<\/title>\n<meta name=\"description\" content=\"Serviettes d&#039;h\u00f4tel blanches d&#039;excellente qualit\u00e9. Nous sommes des distributeurs d&#039;hospitalit\u00e9 pour h\u00f4tels, appartements et maisons. Les meilleurs prix. V\u00e9rifiez les promotions.\" \/>\n<meta name=\"robots\" content=\"index, follow, max-snippet:-1, max-image-preview:large, max-video-preview:-1\" \/>\n<link rel=\"canonical\" href=\"https:\/\/solucionescontract.com\/fr\/producto\/serviette-pour-hotel-500gr\/\" \/>\n<meta property=\"og:locale\" content=\"fr_FR\" \/>\n<meta property=\"og:type\" content=\"article\" \/>\n<meta property=\"og:title\" content=\"Serviettes pour les h\u00f4tels | Solutions contractuelles\" \/>\n<meta property=\"og:description\" content=\"Serviettes d&#039;h\u00f4tel blanches d&#039;excellente qualit\u00e9. Nous sommes des distributeurs d&#039;hospitalit\u00e9 pour h\u00f4tels, appartements et maisons. Les meilleurs prix. V\u00e9rifiez les promotions.\" \/>\n<meta property=\"og:url\" content=\"https:\/\/solucionescontract.com\/fr\/producto\/serviette-pour-hotel-500gr\/\" \/>\n<meta property=\"og:site_name\" content=\"Soluciones Contract\" \/>\n<meta property=\"article:publisher\" content=\"https:\/\/www.facebook.com\/solucionescontract\/\" \/>\n<meta property=\"article:modified_time\" content=\"2021-04-16T15:34:50+00:00\" \/>\n<meta property=\"og:image\" content=\"https:\/\/solucionescontract.com\/wp-content\/uploads\/2018\/05\/Toalla-blanca-para-hotel-500gr.jpg\" \/>\n\t<meta property=\"og:image:width\" content=\"1641\" \/>\n\t<meta property=\"og:image:height\" content=\"1641\" \/>\n\t<meta property=\"og:image:type\" content=\"image\/jpeg\" \/>\n<meta name=\"twitter:card\" content=\"summary_large_image\" \/>\n<script type=\"application\/ld+json\" class=\"yoast-schema-graph\">{\"@context\":\"https:\\\/\\\/schema.org\",\"@graph\":[{\"@type\":\"WebPage\",\"@id\":\"https:\\\/\\\/solucionescontract.com\\\/fr\\\/producto\\\/serviette-pour-hotel-500gr\\\/\",\"url\":\"https:\\\/\\\/solucionescontract.com\\\/fr\\\/producto\\\/serviette-pour-hotel-500gr\\\/\",\"name\":\"Serviettes pour les h\u00f4tels | Solutions contractuelles\",\"isPartOf\":{\"@id\":\"https:\\\/\\\/solucionescontract.com\\\/#website\"},\"primaryImageOfPage\":{\"@id\":\"https:\\\/\\\/solucionescontract.com\\\/fr\\\/producto\\\/serviette-pour-hotel-500gr\\\/#primaryimage\"},\"image\":{\"@id\":\"https:\\\/\\\/solucionescontract.com\\\/fr\\\/producto\\\/serviette-pour-hotel-500gr\\\/#primaryimage\"},\"thumbnailUrl\":\"https:\\\/\\\/solucionescontract.com\\\/wp-content\\\/uploads\\\/2018\\\/05\\\/Toalla-blanca-para-hotel-500gr.jpg\",\"datePublished\":\"2018-05-12T10:19:37+00:00\",\"dateModified\":\"2021-04-16T15:34:50+00:00\",\"description\":\"Serviettes d'h\u00f4tel blanches d'excellente qualit\u00e9. Nous sommes des distributeurs d'hospitalit\u00e9 pour h\u00f4tels, appartements et maisons. Les meilleurs prix. V\u00e9rifiez les promotions.\",\"breadcrumb\":{\"@id\":\"https:\\\/\\\/solucionescontract.com\\\/fr\\\/producto\\\/serviette-pour-hotel-500gr\\\/#breadcrumb\"},\"inLanguage\":\"fr-FR\",\"potentialAction\":[{\"@type\":\"ReadAction\",\"target\":[\"https:\\\/\\\/solucionescontract.com\\\/fr\\\/producto\\\/serviette-pour-hotel-500gr\\\/\"]}]},{\"@type\":\"ImageObject\",\"inLanguage\":\"fr-FR\",\"@id\":\"https:\\\/\\\/solucionescontract.com\\\/fr\\\/producto\\\/serviette-pour-hotel-500gr\\\/#primaryimage\",\"url\":\"https:\\\/\\\/solucionescontract.com\\\/wp-content\\\/uploads\\\/2018\\\/05\\\/Toalla-blanca-para-hotel-500gr.jpg\",\"contentUrl\":\"https:\\\/\\\/solucionescontract.com\\\/wp-content\\\/uploads\\\/2018\\\/05\\\/Toalla-blanca-para-hotel-500gr.jpg\",\"width\":1641,\"height\":1641},{\"@type\":\"BreadcrumbList\",\"@id\":\"https:\\\/\\\/solucionescontract.com\\\/fr\\\/producto\\\/serviette-pour-hotel-500gr\\\/#breadcrumb\",\"itemListElement\":[{\"@type\":\"ListItem\",\"position\":1,\"name\":\"Inicio\",\"item\":\"https:\\\/\\\/solucionescontract.com\\\/\"},{\"@type\":\"ListItem\",\"position\":2,\"name\":\"Tienda mobiliario contract\",\"item\":\"https:\\\/\\\/solucionescontract.com\\\/tienda-mobiliario-contract\\\/\"},{\"@type\":\"ListItem\",\"position\":3,\"name\":\"Meubles de repos\",\"item\":\"https:\\\/\\\/solucionescontract.com\\\/fr\\\/categoria-producto\\\/meubles-de-repos\\\/\"},{\"@type\":\"ListItem\",\"position\":4,\"name\":\"Textil hotelero\",\"item\":\"https:\\\/\\\/solucionescontract.com\\\/categoria-producto\\\/mobiliario-para-descanso\\\/textil-hotelero\\\/\"},{\"@type\":\"ListItem\",\"position\":5,\"name\":\"SERVIETTE D&rsquo;H\u00d4TEL 500gr\"}]},{\"@type\":\"WebSite\",\"@id\":\"https:\\\/\\\/solucionescontract.com\\\/#website\",\"url\":\"https:\\\/\\\/solucionescontract.com\\\/\",\"name\":\"Soluciones Contract\",\"description\":\"Venta Mobiliario contract de dise\u00f1o\",\"publisher\":{\"@id\":\"https:\\\/\\\/solucionescontract.com\\\/#organization\"},\"potentialAction\":[{\"@type\":\"SearchAction\",\"target\":{\"@type\":\"EntryPoint\",\"urlTemplate\":\"https:\\\/\\\/solucionescontract.com\\\/?s={search_term_string}\"},\"query-input\":{\"@type\":\"PropertyValueSpecification\",\"valueRequired\":true,\"valueName\":\"search_term_string\"}}],\"inLanguage\":\"fr-FR\"},{\"@type\":\"Organization\",\"@id\":\"https:\\\/\\\/solucionescontract.com\\\/#organization\",\"name\":\"Soluciones Contract\",\"url\":\"https:\\\/\\\/solucionescontract.com\\\/\",\"logo\":{\"@type\":\"ImageObject\",\"inLanguage\":\"fr-FR\",\"@id\":\"https:\\\/\\\/solucionescontract.com\\\/#\\\/schema\\\/logo\\\/image\\\/\",\"url\":\"https:\\\/\\\/solucionescontract.com\\\/wp-content\\\/uploads\\\/2020\\\/02\\\/logoSC.jpg\",\"contentUrl\":\"https:\\\/\\\/solucionescontract.com\\\/wp-content\\\/uploads\\\/2020\\\/02\\\/logoSC.jpg\",\"width\":300,\"height\":125,\"caption\":\"Soluciones Contract\"},\"image\":{\"@id\":\"https:\\\/\\\/solucionescontract.com\\\/#\\\/schema\\\/logo\\\/image\\\/\"},\"sameAs\":[\"https:\\\/\\\/www.facebook.com\\\/solucionescontract\\\/\"]}]}<\/script>\n<!-- \/ Yoast SEO plugin. -->","yoast_head_json":{"title":"Serviettes pour les h\u00f4tels | Solutions contractuelles","description":"Serviettes d'h\u00f4tel blanches d'excellente qualit\u00e9. Nous sommes des distributeurs d'hospitalit\u00e9 pour h\u00f4tels, appartements et maisons. Les meilleurs prix. V\u00e9rifiez les promotions.","robots":{"index":"index","follow":"follow","max-snippet":"max-snippet:-1","max-image-preview":"max-image-preview:large","max-video-preview":"max-video-preview:-1"},"canonical":"https:\/\/solucionescontract.com\/fr\/producto\/serviette-pour-hotel-500gr\/","og_locale":"fr_FR","og_type":"article","og_title":"Serviettes pour les h\u00f4tels | Solutions contractuelles","og_description":"Serviettes d'h\u00f4tel blanches d'excellente qualit\u00e9. Nous sommes des distributeurs d'hospitalit\u00e9 pour h\u00f4tels, appartements et maisons. Les meilleurs prix. V\u00e9rifiez les promotions.","og_url":"https:\/\/solucionescontract.com\/fr\/producto\/serviette-pour-hotel-500gr\/","og_site_name":"Soluciones Contract","article_publisher":"https:\/\/www.facebook.com\/solucionescontract\/","article_modified_time":"2021-04-16T15:34:50+00:00","og_image":[{"width":1641,"height":1641,"url":"https:\/\/solucionescontract.com\/wp-content\/uploads\/2018\/05\/Toalla-blanca-para-hotel-500gr.jpg","type":"image\/jpeg"}],"twitter_card":"summary_large_image","schema":{"@context":"https:\/\/schema.org","@graph":[{"@type":"WebPage","@id":"https:\/\/solucionescontract.com\/fr\/producto\/serviette-pour-hotel-500gr\/","url":"https:\/\/solucionescontract.com\/fr\/producto\/serviette-pour-hotel-500gr\/","name":"Serviettes pour les h\u00f4tels | Solutions contractuelles","isPartOf":{"@id":"https:\/\/solucionescontract.com\/#website"},"primaryImageOfPage":{"@id":"https:\/\/solucionescontract.com\/fr\/producto\/serviette-pour-hotel-500gr\/#primaryimage"},"image":{"@id":"https:\/\/solucionescontract.com\/fr\/producto\/serviette-pour-hotel-500gr\/#primaryimage"},"thumbnailUrl":"https:\/\/solucionescontract.com\/wp-content\/uploads\/2018\/05\/Toalla-blanca-para-hotel-500gr.jpg","datePublished":"2018-05-12T10:19:37+00:00","dateModified":"2021-04-16T15:34:50+00:00","description":"Serviettes d'h\u00f4tel blanches d'excellente qualit\u00e9. Nous sommes des distributeurs d'hospitalit\u00e9 pour h\u00f4tels, appartements et maisons. Les meilleurs prix. V\u00e9rifiez les promotions.","breadcrumb":{"@id":"https:\/\/solucionescontract.com\/fr\/producto\/serviette-pour-hotel-500gr\/#breadcrumb"},"inLanguage":"fr-FR","potentialAction":[{"@type":"ReadAction","target":["https:\/\/solucionescontract.com\/fr\/producto\/serviette-pour-hotel-500gr\/"]}]},{"@type":"ImageObject","inLanguage":"fr-FR","@id":"https:\/\/solucionescontract.com\/fr\/producto\/serviette-pour-hotel-500gr\/#primaryimage","url":"https:\/\/solucionescontract.com\/wp-content\/uploads\/2018\/05\/Toalla-blanca-para-hotel-500gr.jpg","contentUrl":"https:\/\/solucionescontract.com\/wp-content\/uploads\/2018\/05\/Toalla-blanca-para-hotel-500gr.jpg","width":1641,"height":1641},{"@type":"BreadcrumbList","@id":"https:\/\/solucionescontract.com\/fr\/producto\/serviette-pour-hotel-500gr\/#breadcrumb","itemListElement":[{"@type":"ListItem","position":1,"name":"Inicio","item":"https:\/\/solucionescontract.com\/"},{"@type":"ListItem","position":2,"name":"Tienda mobiliario contract","item":"https:\/\/solucionescontract.com\/tienda-mobiliario-contract\/"},{"@type":"ListItem","position":3,"name":"Meubles de repos","item":"https:\/\/solucionescontract.com\/fr\/categoria-producto\/meubles-de-repos\/"},{"@type":"ListItem","position":4,"name":"Textil hotelero","item":"https:\/\/solucionescontract.com\/categoria-producto\/mobiliario-para-descanso\/textil-hotelero\/"},{"@type":"ListItem","position":5,"name":"SERVIETTE D&rsquo;H\u00d4TEL 500gr"}]},{"@type":"WebSite","@id":"https:\/\/solucionescontract.com\/#website","url":"https:\/\/solucionescontract.com\/","name":"Soluciones Contract","description":"Venta Mobiliario contract de dise\u00f1o","publisher":{"@id":"https:\/\/solucionescontract.com\/#organization"},"potentialAction":[{"@type":"SearchAction","target":{"@type":"EntryPoint","urlTemplate":"https:\/\/solucionescontract.com\/?s={search_term_string}"},"query-input":{"@type":"PropertyValueSpecification","valueRequired":true,"valueName":"search_term_string"}}],"inLanguage":"fr-FR"},{"@type":"Organization","@id":"https:\/\/solucionescontract.com\/#organization","name":"Soluciones Contract","url":"https:\/\/solucionescontract.com\/","logo":{"@type":"ImageObject","inLanguage":"fr-FR","@id":"https:\/\/solucionescontract.com\/#\/schema\/logo\/image\/","url":"https:\/\/solucionescontract.com\/wp-content\/uploads\/2020\/02\/logoSC.jpg","contentUrl":"https:\/\/solucionescontract.com\/wp-content\/uploads\/2020\/02\/logoSC.jpg","width":300,"height":125,"caption":"Soluciones Contract"},"image":{"@id":"https:\/\/solucionescontract.com\/#\/schema\/logo\/image\/"},"sameAs":["https:\/\/www.facebook.com\/solucionescontract\/"]}]}},"_links":{"self":[{"href":"https:\/\/solucionescontract.com\/fr\/wp-json\/wp\/v2\/product\/19330","targetHints":{"allow":["GET"]}}],"collection":[{"href":"https:\/\/solucionescontract.com\/fr\/wp-json\/wp\/v2\/product"}],"about":[{"href":"https:\/\/solucionescontract.com\/fr\/wp-json\/wp\/v2\/types\/product"}],"replies":[{"embeddable":true,"href":"https:\/\/solucionescontract.com\/fr\/wp-json\/wp\/v2\/comments?post=19330"}],"wp:featuredmedia":[{"embeddable":true,"href":"https:\/\/solucionescontract.com\/fr\/wp-json\/wp\/v2\/media\/15341"}],"wp:attachment":[{"href":"https:\/\/solucionescontract.com\/fr\/wp-json\/wp\/v2\/media?parent=19330"}],"wp:term":[{"taxonomy":"product_brand","embeddable":true,"href":"https:\/\/solucionescontract.com\/fr\/wp-json\/wp\/v2\/product_brand?post=19330"},{"taxonomy":"product_cat","embeddable":true,"href":"https:\/\/solucionescontract.com\/fr\/wp-json\/wp\/v2\/product_cat?post=19330"},{"taxonomy":"product_tag","embeddable":true,"href":"https:\/\/solucionescontract.com\/fr\/wp-json\/wp\/v2\/product_tag?post=19330"}],"curies":[{"name":"wp","href":"https:\/\/api.w.org\/{rel}","templated":true}]}}