{"id":19325,"date":"2018-05-12T16:05:06","date_gmt":"2018-05-12T16:05:06","guid":{"rendered":"https:\/\/www.solucionescontract.com\/producto\/serviette-pour-hotel-400gr\/"},"modified":"2021-04-16T15:33:40","modified_gmt":"2021-04-16T15:33:40","slug":"serviette-pour-hotel-400gr","status":"publish","type":"product","link":"https:\/\/solucionescontract.com\/fr\/producto\/serviette-pour-hotel-400gr\/","title":{"rendered":"SERVIETTE POUR H\u00d4TEL 400gr."},"content":{"rendered":"<h3> SERVIETTE H\u00d4TEL 400gr. <\/h3>\n<p><\/script><\/p>\n","protected":false},"excerpt":{"rendered":"<ul>\n<li> Serviette d&rsquo;excellente qualit\u00e9 sp\u00e9cialement con\u00e7ue pour les h\u00f4tels <\/li>\n<li> C&rsquo;est une serviette blanche lisse de 400gr, motif grec. <\/li>\n<li> 100% coton pour la premi\u00e8re utilisation <\/li>\n<li> Tr\u00e8s r\u00e9sistant au lavage, coutures renforc\u00e9es. <\/li>\n<li> Disponible dans toutes les tailles. <\/li>\n<li> Achat minimum 35 \u20ac <\/li>\n<\/ul>\n<p>&nbsp;<\/p>\n<p>&nbsp;<\/p>\n","protected":false},"featured_media":15343,"comment_status":"open","ping_status":"closed","template":"","meta":[],"product_brand":[],"product_cat":[605],"product_tag":[],"class_list":{"0":"post-19325","1":"product","2":"type-product","3":"status-publish","4":"has-post-thumbnail","6":"product_cat-textile-dhotel","8":"first","9":"instock","10":"taxable","11":"shipping-taxable","12":"purchasable","13":"product-type-variable"},"yoast_head":"<!-- This site is optimized with the Yoast SEO plugin v27.3 - https:\/\/yoast.com\/product\/yoast-seo-wordpress\/ -->\n<title>Serviettes en coton | Solutions contractuelles<\/title>\n<meta name=\"description\" content=\"Serviettes en coton pour les h\u00f4tels. R\u00e9sistant au lavage. Nous sommes fournisseurs d&#039;\u00e9quipements de salle de bain dans les h\u00f4tels et appartements. Nous avons toutes les mesures.\" \/>\n<meta name=\"robots\" content=\"index, follow, max-snippet:-1, max-image-preview:large, max-video-preview:-1\" \/>\n<link rel=\"canonical\" href=\"https:\/\/solucionescontract.com\/producto\/toalla-para-hotel-400gr\/\" \/>\n<meta property=\"og:locale\" content=\"fr_FR\" \/>\n<meta property=\"og:type\" content=\"article\" \/>\n<meta property=\"og:title\" content=\"Serviettes en coton | Solutions contractuelles\" \/>\n<meta property=\"og:description\" content=\"Serviettes en coton pour les h\u00f4tels. R\u00e9sistant au lavage. Nous sommes fournisseurs d&#039;\u00e9quipements de salle de bain dans les h\u00f4tels et appartements. Nous avons toutes les mesures.\" \/>\n<meta property=\"og:url\" content=\"https:\/\/solucionescontract.com\/producto\/toalla-para-hotel-400gr\/\" \/>\n<meta property=\"og:site_name\" content=\"Soluciones Contract\" \/>\n<meta property=\"article:publisher\" content=\"https:\/\/www.facebook.com\/solucionescontract\/\" \/>\n<meta property=\"article:modified_time\" content=\"2021-04-16T15:33:40+00:00\" \/>\n<meta property=\"og:image\" content=\"https:\/\/solucionescontract.com\/wp-content\/uploads\/2019\/05\/Toalla-blanca-para-hotel-400gr-min.jpg\" \/>\n\t<meta property=\"og:image:width\" content=\"1641\" \/>\n\t<meta property=\"og:image:height\" content=\"1641\" \/>\n\t<meta property=\"og:image:type\" content=\"image\/jpeg\" \/>\n<meta name=\"twitter:card\" content=\"summary_large_image\" \/>\n<script type=\"application\/ld+json\" class=\"yoast-schema-graph\">{\"@context\":\"https:\\\/\\\/schema.org\",\"@graph\":[{\"@type\":\"WebPage\",\"@id\":\"https:\\\/\\\/solucionescontract.com\\\/producto\\\/toalla-para-hotel-400gr\\\/\",\"url\":\"https:\\\/\\\/solucionescontract.com\\\/producto\\\/toalla-para-hotel-400gr\\\/\",\"name\":\"Serviettes en coton | Solutions contractuelles\",\"isPartOf\":{\"@id\":\"https:\\\/\\\/solucionescontract.com\\\/#website\"},\"primaryImageOfPage\":{\"@id\":\"https:\\\/\\\/solucionescontract.com\\\/producto\\\/toalla-para-hotel-400gr\\\/#primaryimage\"},\"image\":{\"@id\":\"https:\\\/\\\/solucionescontract.com\\\/producto\\\/toalla-para-hotel-400gr\\\/#primaryimage\"},\"thumbnailUrl\":\"https:\\\/\\\/solucionescontract.com\\\/wp-content\\\/uploads\\\/2019\\\/05\\\/Toalla-blanca-para-hotel-400gr-min.jpg\",\"datePublished\":\"2018-05-12T16:05:06+00:00\",\"dateModified\":\"2021-04-16T15:33:40+00:00\",\"description\":\"Serviettes en coton pour les h\u00f4tels. R\u00e9sistant au lavage. Nous sommes fournisseurs d'\u00e9quipements de salle de bain dans les h\u00f4tels et appartements. Nous avons toutes les mesures.\",\"breadcrumb\":{\"@id\":\"https:\\\/\\\/solucionescontract.com\\\/producto\\\/toalla-para-hotel-400gr\\\/#breadcrumb\"},\"inLanguage\":\"fr-FR\",\"potentialAction\":[{\"@type\":\"ReadAction\",\"target\":[\"https:\\\/\\\/solucionescontract.com\\\/producto\\\/toalla-para-hotel-400gr\\\/\"]}]},{\"@type\":\"ImageObject\",\"inLanguage\":\"fr-FR\",\"@id\":\"https:\\\/\\\/solucionescontract.com\\\/producto\\\/toalla-para-hotel-400gr\\\/#primaryimage\",\"url\":\"https:\\\/\\\/solucionescontract.com\\\/wp-content\\\/uploads\\\/2019\\\/05\\\/Toalla-blanca-para-hotel-400gr-min.jpg\",\"contentUrl\":\"https:\\\/\\\/solucionescontract.com\\\/wp-content\\\/uploads\\\/2019\\\/05\\\/Toalla-blanca-para-hotel-400gr-min.jpg\",\"width\":1641,\"height\":1641},{\"@type\":\"BreadcrumbList\",\"@id\":\"https:\\\/\\\/solucionescontract.com\\\/producto\\\/toalla-para-hotel-400gr\\\/#breadcrumb\",\"itemListElement\":[{\"@type\":\"ListItem\",\"position\":1,\"name\":\"Inicio\",\"item\":\"https:\\\/\\\/solucionescontract.com\\\/\"},{\"@type\":\"ListItem\",\"position\":2,\"name\":\"Tienda mobiliario contract\",\"item\":\"https:\\\/\\\/solucionescontract.com\\\/tienda-mobiliario-contract\\\/\"},{\"@type\":\"ListItem\",\"position\":3,\"name\":\"Mobiliario para Descanso\",\"item\":\"https:\\\/\\\/solucionescontract.com\\\/categoria-producto\\\/mobiliario-para-descanso\\\/\"},{\"@type\":\"ListItem\",\"position\":4,\"name\":\"Textil y almohadas\",\"item\":\"https:\\\/\\\/solucionescontract.com\\\/categoria-producto\\\/mobiliario-para-descanso\\\/textil-hotelero\\\/\"},{\"@type\":\"ListItem\",\"position\":5,\"name\":\"SERVIETTE POUR H\u00d4TEL 400gr.\"}]},{\"@type\":\"WebSite\",\"@id\":\"https:\\\/\\\/solucionescontract.com\\\/#website\",\"url\":\"https:\\\/\\\/solucionescontract.com\\\/\",\"name\":\"Soluciones Contract\",\"description\":\"Venta Mobiliario contract de dise\u00f1o\",\"publisher\":{\"@id\":\"https:\\\/\\\/solucionescontract.com\\\/#organization\"},\"potentialAction\":[{\"@type\":\"SearchAction\",\"target\":{\"@type\":\"EntryPoint\",\"urlTemplate\":\"https:\\\/\\\/solucionescontract.com\\\/?s={search_term_string}\"},\"query-input\":{\"@type\":\"PropertyValueSpecification\",\"valueRequired\":true,\"valueName\":\"search_term_string\"}}],\"inLanguage\":\"fr-FR\"},{\"@type\":\"Organization\",\"@id\":\"https:\\\/\\\/solucionescontract.com\\\/#organization\",\"name\":\"Soluciones Contract\",\"url\":\"https:\\\/\\\/solucionescontract.com\\\/\",\"logo\":{\"@type\":\"ImageObject\",\"inLanguage\":\"fr-FR\",\"@id\":\"https:\\\/\\\/solucionescontract.com\\\/#\\\/schema\\\/logo\\\/image\\\/\",\"url\":\"https:\\\/\\\/solucionescontract.com\\\/wp-content\\\/uploads\\\/2020\\\/02\\\/logoSC.jpg\",\"contentUrl\":\"https:\\\/\\\/solucionescontract.com\\\/wp-content\\\/uploads\\\/2020\\\/02\\\/logoSC.jpg\",\"width\":300,\"height\":125,\"caption\":\"Soluciones Contract\"},\"image\":{\"@id\":\"https:\\\/\\\/solucionescontract.com\\\/#\\\/schema\\\/logo\\\/image\\\/\"},\"sameAs\":[\"https:\\\/\\\/www.facebook.com\\\/solucionescontract\\\/\"]}]}<\/script>\n<!-- \/ Yoast SEO plugin. -->","yoast_head_json":{"title":"Serviettes en coton | Solutions contractuelles","description":"Serviettes en coton pour les h\u00f4tels. R\u00e9sistant au lavage. Nous sommes fournisseurs d'\u00e9quipements de salle de bain dans les h\u00f4tels et appartements. Nous avons toutes les mesures.","robots":{"index":"index","follow":"follow","max-snippet":"max-snippet:-1","max-image-preview":"max-image-preview:large","max-video-preview":"max-video-preview:-1"},"canonical":"https:\/\/solucionescontract.com\/producto\/toalla-para-hotel-400gr\/","og_locale":"fr_FR","og_type":"article","og_title":"Serviettes en coton | Solutions contractuelles","og_description":"Serviettes en coton pour les h\u00f4tels. R\u00e9sistant au lavage. Nous sommes fournisseurs d'\u00e9quipements de salle de bain dans les h\u00f4tels et appartements. Nous avons toutes les mesures.","og_url":"https:\/\/solucionescontract.com\/producto\/toalla-para-hotel-400gr\/","og_site_name":"Soluciones Contract","article_publisher":"https:\/\/www.facebook.com\/solucionescontract\/","article_modified_time":"2021-04-16T15:33:40+00:00","og_image":[{"width":1641,"height":1641,"url":"https:\/\/solucionescontract.com\/wp-content\/uploads\/2019\/05\/Toalla-blanca-para-hotel-400gr-min.jpg","type":"image\/jpeg"}],"twitter_card":"summary_large_image","schema":{"@context":"https:\/\/schema.org","@graph":[{"@type":"WebPage","@id":"https:\/\/solucionescontract.com\/producto\/toalla-para-hotel-400gr\/","url":"https:\/\/solucionescontract.com\/producto\/toalla-para-hotel-400gr\/","name":"Serviettes en coton | Solutions contractuelles","isPartOf":{"@id":"https:\/\/solucionescontract.com\/#website"},"primaryImageOfPage":{"@id":"https:\/\/solucionescontract.com\/producto\/toalla-para-hotel-400gr\/#primaryimage"},"image":{"@id":"https:\/\/solucionescontract.com\/producto\/toalla-para-hotel-400gr\/#primaryimage"},"thumbnailUrl":"https:\/\/solucionescontract.com\/wp-content\/uploads\/2019\/05\/Toalla-blanca-para-hotel-400gr-min.jpg","datePublished":"2018-05-12T16:05:06+00:00","dateModified":"2021-04-16T15:33:40+00:00","description":"Serviettes en coton pour les h\u00f4tels. R\u00e9sistant au lavage. Nous sommes fournisseurs d'\u00e9quipements de salle de bain dans les h\u00f4tels et appartements. Nous avons toutes les mesures.","breadcrumb":{"@id":"https:\/\/solucionescontract.com\/producto\/toalla-para-hotel-400gr\/#breadcrumb"},"inLanguage":"fr-FR","potentialAction":[{"@type":"ReadAction","target":["https:\/\/solucionescontract.com\/producto\/toalla-para-hotel-400gr\/"]}]},{"@type":"ImageObject","inLanguage":"fr-FR","@id":"https:\/\/solucionescontract.com\/producto\/toalla-para-hotel-400gr\/#primaryimage","url":"https:\/\/solucionescontract.com\/wp-content\/uploads\/2019\/05\/Toalla-blanca-para-hotel-400gr-min.jpg","contentUrl":"https:\/\/solucionescontract.com\/wp-content\/uploads\/2019\/05\/Toalla-blanca-para-hotel-400gr-min.jpg","width":1641,"height":1641},{"@type":"BreadcrumbList","@id":"https:\/\/solucionescontract.com\/producto\/toalla-para-hotel-400gr\/#breadcrumb","itemListElement":[{"@type":"ListItem","position":1,"name":"Inicio","item":"https:\/\/solucionescontract.com\/"},{"@type":"ListItem","position":2,"name":"Tienda mobiliario contract","item":"https:\/\/solucionescontract.com\/tienda-mobiliario-contract\/"},{"@type":"ListItem","position":3,"name":"Mobiliario para Descanso","item":"https:\/\/solucionescontract.com\/categoria-producto\/mobiliario-para-descanso\/"},{"@type":"ListItem","position":4,"name":"Textil y almohadas","item":"https:\/\/solucionescontract.com\/categoria-producto\/mobiliario-para-descanso\/textil-hotelero\/"},{"@type":"ListItem","position":5,"name":"SERVIETTE POUR H\u00d4TEL 400gr."}]},{"@type":"WebSite","@id":"https:\/\/solucionescontract.com\/#website","url":"https:\/\/solucionescontract.com\/","name":"Soluciones Contract","description":"Venta Mobiliario contract de dise\u00f1o","publisher":{"@id":"https:\/\/solucionescontract.com\/#organization"},"potentialAction":[{"@type":"SearchAction","target":{"@type":"EntryPoint","urlTemplate":"https:\/\/solucionescontract.com\/?s={search_term_string}"},"query-input":{"@type":"PropertyValueSpecification","valueRequired":true,"valueName":"search_term_string"}}],"inLanguage":"fr-FR"},{"@type":"Organization","@id":"https:\/\/solucionescontract.com\/#organization","name":"Soluciones Contract","url":"https:\/\/solucionescontract.com\/","logo":{"@type":"ImageObject","inLanguage":"fr-FR","@id":"https:\/\/solucionescontract.com\/#\/schema\/logo\/image\/","url":"https:\/\/solucionescontract.com\/wp-content\/uploads\/2020\/02\/logoSC.jpg","contentUrl":"https:\/\/solucionescontract.com\/wp-content\/uploads\/2020\/02\/logoSC.jpg","width":300,"height":125,"caption":"Soluciones Contract"},"image":{"@id":"https:\/\/solucionescontract.com\/#\/schema\/logo\/image\/"},"sameAs":["https:\/\/www.facebook.com\/solucionescontract\/"]}]}},"_links":{"self":[{"href":"https:\/\/solucionescontract.com\/fr\/wp-json\/wp\/v2\/product\/19325","targetHints":{"allow":["GET"]}}],"collection":[{"href":"https:\/\/solucionescontract.com\/fr\/wp-json\/wp\/v2\/product"}],"about":[{"href":"https:\/\/solucionescontract.com\/fr\/wp-json\/wp\/v2\/types\/product"}],"replies":[{"embeddable":true,"href":"https:\/\/solucionescontract.com\/fr\/wp-json\/wp\/v2\/comments?post=19325"}],"wp:featuredmedia":[{"embeddable":true,"href":"https:\/\/solucionescontract.com\/fr\/wp-json\/wp\/v2\/media\/15343"}],"wp:attachment":[{"href":"https:\/\/solucionescontract.com\/fr\/wp-json\/wp\/v2\/media?parent=19325"}],"wp:term":[{"taxonomy":"product_brand","embeddable":true,"href":"https:\/\/solucionescontract.com\/fr\/wp-json\/wp\/v2\/product_brand?post=19325"},{"taxonomy":"product_cat","embeddable":true,"href":"https:\/\/solucionescontract.com\/fr\/wp-json\/wp\/v2\/product_cat?post=19325"},{"taxonomy":"product_tag","embeddable":true,"href":"https:\/\/solucionescontract.com\/fr\/wp-json\/wp\/v2\/product_tag?post=19325"}],"curies":[{"name":"wp","href":"https:\/\/api.w.org\/{rel}","templated":true}]}}