{"id":19262,"date":"2019-05-22T18:00:34","date_gmt":"2019-05-22T18:00:34","guid":{"rendered":"https:\/\/www.solucionescontract.com\/producto\/canape-pliage-ligne\/"},"modified":"2024-01-17T14:12:50","modified_gmt":"2024-01-17T13:12:50","slug":"canape-pliage-ligne","status":"publish","type":"product","link":"https:\/\/solucionescontract.com\/fr\/producto\/canape-pliage-ligne\/","title":{"rendered":"Canap\u00e9 pliant Line"},"content":{"rendered":"<p><img decoding=\"async\" class=\" wd-lazy-fade alignnone size-full wp-image-7767\" src=\"https:\/\/solucionescontract.com\/wp-content\/themes\/woodmart\/images\/lazy.svg\" data-src=\"https:\/\/solucionescontract.com\/wp-content\/uploads\/2019\/05\/canape-line-caracteristicas.jpg\" alt=\"Canap\u00e9 Line caracteristicas\" width=\"1534\" height=\"1205\" srcset=\"\" data-srcset=\"https:\/\/solucionescontract.com\/wp-content\/uploads\/2019\/05\/canape-line-caracteristicas.jpg 1534w, https:\/\/solucionescontract.com\/wp-content\/uploads\/2019\/05\/canape-line-caracteristicas-150x118.jpg 150w, https:\/\/solucionescontract.com\/wp-content\/uploads\/2019\/05\/canape-line-caracteristicas-800x628.jpg 800w, https:\/\/solucionescontract.com\/wp-content\/uploads\/2019\/05\/canape-line-caracteristicas-300x236.jpg 300w, https:\/\/solucionescontract.com\/wp-content\/uploads\/2019\/05\/canape-line-caracteristicas-768x603.jpg 768w, https:\/\/solucionescontract.com\/wp-content\/uploads\/2019\/05\/canape-line-caracteristicas-1024x804.jpg 1024w, https:\/\/solucionescontract.com\/wp-content\/uploads\/2019\/05\/canape-line-caracteristicas-25x20.jpg 25w, https:\/\/solucionescontract.com\/wp-content\/uploads\/2019\/05\/canape-line-caracteristicas-76x60.jpg 76w\" sizes=\"(max-width: 1534px) 100vw, 1534px\" \/><\/script><\/p>\n","protected":false},"excerpt":{"rendered":"<p class = \"p1\"> STRUCTURE <\/p>\n<ul>\n<li> Bois apparent avec panneau de particules de 22 mm. <\/li>\n<li> Coins arrondis. <\/li>\n<li> Texture l\u00e9g\u00e8rement en relief pour une finition plus naturelle. <\/li>\n<li> Hauteur totale de 34 cm <\/li>\n<li> Grande capacit\u00e9 de stockage de 28 cm. <\/li>\n<\/ul>\n<p>COUVERCLE<\/p>\n<ul>\n<li> Structure m\u00e9tallique avec des finitions anticorrosion. <\/li>\n<li> Syst\u00e8me de renforcement avec 5 poutres m\u00e9talliques horizontales et 2 verticales. <\/li>\n<li> Support de panneaux de particules pour une meilleure qualit\u00e9 structurelle. <\/li>\n<li> Syst\u00e8me de levage \u00e0 gaz pour une ouverture facile. <\/li>\n<li> La vo\u00fbte plantaire soutient le matelas. <\/li>\n<li> Deux poign\u00e9es en aluminium (\u00e0 partir de 135 cm) avec une finition nickel satin\u00e9. <\/li>\n<li> A\u00e9rateurs pour ventilation int\u00e9rieure et a\u00e9ration maximale du matelas. <\/li>\n<li> Couvercle combin\u00e9 avec une structure en similicuir et un tissu 3D respirant Drycare dans la partie centrale. <\/li>\n<\/ul>\n<p>COULEURS<\/p>\n<ul>\n<li> Blanc <\/li>\n<li> Weng\u00e9 <\/li>\n<li> Naturel <\/li>\n<li> Ch\u00eane <\/li>\n<\/ul>\n<p><a href=\"mailto:info@solucionescontract.com\"> <strong> <em> Plus d&rsquo;informations <\/em> <\/strong> <\/a><\/p>\n","protected":false},"featured_media":15347,"comment_status":"open","ping_status":"closed","template":"","meta":[],"product_brand":[],"product_cat":[601,597],"product_tag":[],"class_list":{"0":"post-19262","1":"product","2":"type-product","3":"status-publish","4":"has-post-thumbnail","6":"product_cat-canapes-et-sommiers","7":"product_cat-meubles-de-repos","8":"product_shipping_class-gratuit","9":"yith_product_brand-sonpura-contract-fr","11":"first","12":"instock","13":"taxable","14":"shipping-taxable","15":"purchasable","16":"product-type-variable"},"yoast_head":"<!-- This site is optimized with the Yoast SEO plugin v27.3 - https:\/\/yoast.com\/product\/yoast-seo-wordpress\/ -->\n<title>Canap\u00e9 pliant Line - Muebles de dise\u00f1o en Soluciones Contract<\/title>\n<meta name=\"description\" content=\"Compra Canap\u00e9 pliant Line online en nuestra tienda de muebles Contract. Encuentra el mejor MOBILIARIO DE DISE\u00d1O para Hotel, Hogar y uso comercial. Descubre las mejores marcas en nuestro cat\u00e1logo.\" \/>\n<meta name=\"robots\" content=\"index, follow, max-snippet:-1, max-image-preview:large, max-video-preview:-1\" \/>\n<link rel=\"canonical\" href=\"https:\/\/solucionescontract.com\/producto\/canape-abatible-line\/\" \/>\n<meta property=\"og:locale\" content=\"fr_FR\" \/>\n<meta property=\"og:type\" content=\"article\" \/>\n<meta property=\"og:title\" content=\"Canap\u00e9 pliant Line - Muebles de dise\u00f1o en Soluciones Contract\" \/>\n<meta property=\"og:description\" content=\"Compra Canap\u00e9 pliant Line online en nuestra tienda de muebles Contract. Encuentra el mejor MOBILIARIO DE DISE\u00d1O para Hotel, Hogar y uso comercial. Descubre las mejores marcas en nuestro cat\u00e1logo.\" \/>\n<meta property=\"og:url\" content=\"https:\/\/solucionescontract.com\/producto\/canape-abatible-line\/\" \/>\n<meta property=\"og:site_name\" content=\"Soluciones Contract\" \/>\n<meta property=\"article:publisher\" content=\"https:\/\/www.facebook.com\/solucionescontract\/\" \/>\n<meta property=\"article:modified_time\" content=\"2024-01-17T13:12:50+00:00\" \/>\n<meta property=\"og:image\" content=\"https:\/\/solucionescontract.com\/wp-content\/uploads\/2019\/05\/canape-line.jpg\" \/>\n\t<meta property=\"og:image:width\" content=\"1200\" \/>\n\t<meta property=\"og:image:height\" content=\"1200\" \/>\n\t<meta property=\"og:image:type\" content=\"image\/jpeg\" \/>\n<meta name=\"twitter:card\" content=\"summary_large_image\" \/>\n<script type=\"application\/ld+json\" class=\"yoast-schema-graph\">{\"@context\":\"https:\\\/\\\/schema.org\",\"@graph\":[{\"@type\":\"WebPage\",\"@id\":\"https:\\\/\\\/solucionescontract.com\\\/producto\\\/canape-abatible-line\\\/\",\"url\":\"https:\\\/\\\/solucionescontract.com\\\/producto\\\/canape-abatible-line\\\/\",\"name\":\"Canap\u00e9 pliant Line - Muebles de dise\u00f1o en Soluciones Contract\",\"isPartOf\":{\"@id\":\"https:\\\/\\\/solucionescontract.com\\\/#website\"},\"primaryImageOfPage\":{\"@id\":\"https:\\\/\\\/solucionescontract.com\\\/producto\\\/canape-abatible-line\\\/#primaryimage\"},\"image\":{\"@id\":\"https:\\\/\\\/solucionescontract.com\\\/producto\\\/canape-abatible-line\\\/#primaryimage\"},\"thumbnailUrl\":\"https:\\\/\\\/solucionescontract.com\\\/wp-content\\\/uploads\\\/2019\\\/05\\\/canape-line.jpg\",\"datePublished\":\"2019-05-22T18:00:34+00:00\",\"dateModified\":\"2024-01-17T13:12:50+00:00\",\"description\":\"Compra Canap\u00e9 pliant Line online en nuestra tienda de muebles Contract. Encuentra el mejor MOBILIARIO DE DISE\u00d1O para Hotel, Hogar y uso comercial. Descubre las mejores marcas en nuestro cat\u00e1logo.\",\"breadcrumb\":{\"@id\":\"https:\\\/\\\/solucionescontract.com\\\/producto\\\/canape-abatible-line\\\/#breadcrumb\"},\"inLanguage\":\"fr-FR\",\"potentialAction\":[{\"@type\":\"ReadAction\",\"target\":[\"https:\\\/\\\/solucionescontract.com\\\/producto\\\/canape-abatible-line\\\/\"]}]},{\"@type\":\"ImageObject\",\"inLanguage\":\"fr-FR\",\"@id\":\"https:\\\/\\\/solucionescontract.com\\\/producto\\\/canape-abatible-line\\\/#primaryimage\",\"url\":\"https:\\\/\\\/solucionescontract.com\\\/wp-content\\\/uploads\\\/2019\\\/05\\\/canape-line.jpg\",\"contentUrl\":\"https:\\\/\\\/solucionescontract.com\\\/wp-content\\\/uploads\\\/2019\\\/05\\\/canape-line.jpg\",\"width\":1200,\"height\":1200,\"caption\":\"Canap\u00e9 Line\"},{\"@type\":\"BreadcrumbList\",\"@id\":\"https:\\\/\\\/solucionescontract.com\\\/producto\\\/canape-abatible-line\\\/#breadcrumb\",\"itemListElement\":[{\"@type\":\"ListItem\",\"position\":1,\"name\":\"Inicio\",\"item\":\"https:\\\/\\\/solucionescontract.com\\\/\"},{\"@type\":\"ListItem\",\"position\":2,\"name\":\"Tienda mobiliario contract\",\"item\":\"https:\\\/\\\/solucionescontract.com\\\/tienda-mobiliario-contract\\\/\"},{\"@type\":\"ListItem\",\"position\":3,\"name\":\"Mobiliario para Descanso\",\"item\":\"https:\\\/\\\/solucionescontract.com\\\/categoria-producto\\\/mobiliario-para-descanso\\\/\"},{\"@type\":\"ListItem\",\"position\":4,\"name\":\"Canap\u00e9s y bases de camas\",\"item\":\"https:\\\/\\\/solucionescontract.com\\\/categoria-producto\\\/mobiliario-para-descanso\\\/canapes-y-bases-de-camas\\\/\"},{\"@type\":\"ListItem\",\"position\":5,\"name\":\"Canap\u00e9 pliant Line\"}]},{\"@type\":\"WebSite\",\"@id\":\"https:\\\/\\\/solucionescontract.com\\\/#website\",\"url\":\"https:\\\/\\\/solucionescontract.com\\\/\",\"name\":\"Soluciones Contract\",\"description\":\"Venta Mobiliario contract de dise\u00f1o\",\"publisher\":{\"@id\":\"https:\\\/\\\/solucionescontract.com\\\/#organization\"},\"potentialAction\":[{\"@type\":\"SearchAction\",\"target\":{\"@type\":\"EntryPoint\",\"urlTemplate\":\"https:\\\/\\\/solucionescontract.com\\\/?s={search_term_string}\"},\"query-input\":{\"@type\":\"PropertyValueSpecification\",\"valueRequired\":true,\"valueName\":\"search_term_string\"}}],\"inLanguage\":\"fr-FR\"},{\"@type\":\"Organization\",\"@id\":\"https:\\\/\\\/solucionescontract.com\\\/#organization\",\"name\":\"Soluciones Contract\",\"url\":\"https:\\\/\\\/solucionescontract.com\\\/\",\"logo\":{\"@type\":\"ImageObject\",\"inLanguage\":\"fr-FR\",\"@id\":\"https:\\\/\\\/solucionescontract.com\\\/#\\\/schema\\\/logo\\\/image\\\/\",\"url\":\"https:\\\/\\\/solucionescontract.com\\\/wp-content\\\/uploads\\\/2020\\\/02\\\/logoSC.jpg\",\"contentUrl\":\"https:\\\/\\\/solucionescontract.com\\\/wp-content\\\/uploads\\\/2020\\\/02\\\/logoSC.jpg\",\"width\":300,\"height\":125,\"caption\":\"Soluciones Contract\"},\"image\":{\"@id\":\"https:\\\/\\\/solucionescontract.com\\\/#\\\/schema\\\/logo\\\/image\\\/\"},\"sameAs\":[\"https:\\\/\\\/www.facebook.com\\\/solucionescontract\\\/\"]}]}<\/script>\n<!-- \/ Yoast SEO plugin. -->","yoast_head_json":{"title":"Canap\u00e9 pliant Line - Muebles de dise\u00f1o en Soluciones Contract","description":"Compra Canap\u00e9 pliant Line online en nuestra tienda de muebles Contract. Encuentra el mejor MOBILIARIO DE DISE\u00d1O para Hotel, Hogar y uso comercial. Descubre las mejores marcas en nuestro cat\u00e1logo.","robots":{"index":"index","follow":"follow","max-snippet":"max-snippet:-1","max-image-preview":"max-image-preview:large","max-video-preview":"max-video-preview:-1"},"canonical":"https:\/\/solucionescontract.com\/producto\/canape-abatible-line\/","og_locale":"fr_FR","og_type":"article","og_title":"Canap\u00e9 pliant Line - Muebles de dise\u00f1o en Soluciones Contract","og_description":"Compra Canap\u00e9 pliant Line online en nuestra tienda de muebles Contract. Encuentra el mejor MOBILIARIO DE DISE\u00d1O para Hotel, Hogar y uso comercial. Descubre las mejores marcas en nuestro cat\u00e1logo.","og_url":"https:\/\/solucionescontract.com\/producto\/canape-abatible-line\/","og_site_name":"Soluciones Contract","article_publisher":"https:\/\/www.facebook.com\/solucionescontract\/","article_modified_time":"2024-01-17T13:12:50+00:00","og_image":[{"width":1200,"height":1200,"url":"https:\/\/solucionescontract.com\/wp-content\/uploads\/2019\/05\/canape-line.jpg","type":"image\/jpeg"}],"twitter_card":"summary_large_image","schema":{"@context":"https:\/\/schema.org","@graph":[{"@type":"WebPage","@id":"https:\/\/solucionescontract.com\/producto\/canape-abatible-line\/","url":"https:\/\/solucionescontract.com\/producto\/canape-abatible-line\/","name":"Canap\u00e9 pliant Line - Muebles de dise\u00f1o en Soluciones Contract","isPartOf":{"@id":"https:\/\/solucionescontract.com\/#website"},"primaryImageOfPage":{"@id":"https:\/\/solucionescontract.com\/producto\/canape-abatible-line\/#primaryimage"},"image":{"@id":"https:\/\/solucionescontract.com\/producto\/canape-abatible-line\/#primaryimage"},"thumbnailUrl":"https:\/\/solucionescontract.com\/wp-content\/uploads\/2019\/05\/canape-line.jpg","datePublished":"2019-05-22T18:00:34+00:00","dateModified":"2024-01-17T13:12:50+00:00","description":"Compra Canap\u00e9 pliant Line online en nuestra tienda de muebles Contract. Encuentra el mejor MOBILIARIO DE DISE\u00d1O para Hotel, Hogar y uso comercial. Descubre las mejores marcas en nuestro cat\u00e1logo.","breadcrumb":{"@id":"https:\/\/solucionescontract.com\/producto\/canape-abatible-line\/#breadcrumb"},"inLanguage":"fr-FR","potentialAction":[{"@type":"ReadAction","target":["https:\/\/solucionescontract.com\/producto\/canape-abatible-line\/"]}]},{"@type":"ImageObject","inLanguage":"fr-FR","@id":"https:\/\/solucionescontract.com\/producto\/canape-abatible-line\/#primaryimage","url":"https:\/\/solucionescontract.com\/wp-content\/uploads\/2019\/05\/canape-line.jpg","contentUrl":"https:\/\/solucionescontract.com\/wp-content\/uploads\/2019\/05\/canape-line.jpg","width":1200,"height":1200,"caption":"Canap\u00e9 Line"},{"@type":"BreadcrumbList","@id":"https:\/\/solucionescontract.com\/producto\/canape-abatible-line\/#breadcrumb","itemListElement":[{"@type":"ListItem","position":1,"name":"Inicio","item":"https:\/\/solucionescontract.com\/"},{"@type":"ListItem","position":2,"name":"Tienda mobiliario contract","item":"https:\/\/solucionescontract.com\/tienda-mobiliario-contract\/"},{"@type":"ListItem","position":3,"name":"Mobiliario para Descanso","item":"https:\/\/solucionescontract.com\/categoria-producto\/mobiliario-para-descanso\/"},{"@type":"ListItem","position":4,"name":"Canap\u00e9s y bases de camas","item":"https:\/\/solucionescontract.com\/categoria-producto\/mobiliario-para-descanso\/canapes-y-bases-de-camas\/"},{"@type":"ListItem","position":5,"name":"Canap\u00e9 pliant Line"}]},{"@type":"WebSite","@id":"https:\/\/solucionescontract.com\/#website","url":"https:\/\/solucionescontract.com\/","name":"Soluciones Contract","description":"Venta Mobiliario contract de dise\u00f1o","publisher":{"@id":"https:\/\/solucionescontract.com\/#organization"},"potentialAction":[{"@type":"SearchAction","target":{"@type":"EntryPoint","urlTemplate":"https:\/\/solucionescontract.com\/?s={search_term_string}"},"query-input":{"@type":"PropertyValueSpecification","valueRequired":true,"valueName":"search_term_string"}}],"inLanguage":"fr-FR"},{"@type":"Organization","@id":"https:\/\/solucionescontract.com\/#organization","name":"Soluciones Contract","url":"https:\/\/solucionescontract.com\/","logo":{"@type":"ImageObject","inLanguage":"fr-FR","@id":"https:\/\/solucionescontract.com\/#\/schema\/logo\/image\/","url":"https:\/\/solucionescontract.com\/wp-content\/uploads\/2020\/02\/logoSC.jpg","contentUrl":"https:\/\/solucionescontract.com\/wp-content\/uploads\/2020\/02\/logoSC.jpg","width":300,"height":125,"caption":"Soluciones Contract"},"image":{"@id":"https:\/\/solucionescontract.com\/#\/schema\/logo\/image\/"},"sameAs":["https:\/\/www.facebook.com\/solucionescontract\/"]}]}},"_links":{"self":[{"href":"https:\/\/solucionescontract.com\/fr\/wp-json\/wp\/v2\/product\/19262","targetHints":{"allow":["GET"]}}],"collection":[{"href":"https:\/\/solucionescontract.com\/fr\/wp-json\/wp\/v2\/product"}],"about":[{"href":"https:\/\/solucionescontract.com\/fr\/wp-json\/wp\/v2\/types\/product"}],"replies":[{"embeddable":true,"href":"https:\/\/solucionescontract.com\/fr\/wp-json\/wp\/v2\/comments?post=19262"}],"wp:featuredmedia":[{"embeddable":true,"href":"https:\/\/solucionescontract.com\/fr\/wp-json\/wp\/v2\/media\/15347"}],"wp:attachment":[{"href":"https:\/\/solucionescontract.com\/fr\/wp-json\/wp\/v2\/media?parent=19262"}],"wp:term":[{"taxonomy":"product_brand","embeddable":true,"href":"https:\/\/solucionescontract.com\/fr\/wp-json\/wp\/v2\/product_brand?post=19262"},{"taxonomy":"product_cat","embeddable":true,"href":"https:\/\/solucionescontract.com\/fr\/wp-json\/wp\/v2\/product_cat?post=19262"},{"taxonomy":"product_tag","embeddable":true,"href":"https:\/\/solucionescontract.com\/fr\/wp-json\/wp\/v2\/product_tag?post=19262"}],"curies":[{"name":"wp","href":"https:\/\/api.w.org\/{rel}","templated":true}]}}