{"id":19254,"date":"2019-07-19T14:00:39","date_gmt":"2019-07-19T14:00:39","guid":{"rendered":"https:\/\/www.solucionescontract.com\/producto\/porte-manteau-design-flamant-rose\/"},"modified":"2021-04-16T15:19:31","modified_gmt":"2021-04-16T15:19:31","slug":"porte-manteau-design-flamant-rose","status":"publish","type":"product","link":"https:\/\/solucionescontract.com\/fr\/producto\/porte-manteau-design-flamant-rose\/","title":{"rendered":"Porte-manteau design Flamingo"},"content":{"rendered":"<p>Porte-manteau en noyer Canaletta<\/p>\n<p>Dimensions: 48&#215;170 cm.<\/p>\n<p><div id=\"attachment_7828\" style=\"width: 768px\" class=\"wp-caption alignnone\"><img decoding=\"async\" aria-describedby=\"caption-attachment-7828\" class=\" wd-lazy-fade size-full wp-image-7828\" src=\"https:\/\/solucionescontract.com\/wp-content\/themes\/woodmart\/images\/lazy.svg\" data-src=\"https:\/\/solucionescontract.com\/wp-content\/uploads\/2019\/07\/perchero-flamingo-porada.jpg\" alt=\"Perchero Flamingo Green\" width=\"758\" height=\"758\" srcset=\"\" data-srcset=\"https:\/\/solucionescontract.com\/wp-content\/uploads\/2019\/07\/perchero-flamingo-porada.jpg 758w, https:\/\/solucionescontract.com\/wp-content\/uploads\/2019\/07\/perchero-flamingo-porada-300x300.jpg 300w, https:\/\/solucionescontract.com\/wp-content\/uploads\/2019\/07\/perchero-flamingo-porada-150x150.jpg 150w, https:\/\/solucionescontract.com\/wp-content\/uploads\/2019\/07\/perchero-flamingo-porada-20x20.jpg 20w, https:\/\/solucionescontract.com\/wp-content\/uploads\/2019\/07\/perchero-flamingo-porada-60x60.jpg 60w\" sizes=\"(max-width: 758px) 100vw, 758px\" \/><p id=\"caption-attachment-7828\" class=\"wp-caption-text\"><br \/>\nPorte-manteau en noyer Canaletta<\/p><\/div><\/script><\/p>\n","protected":false},"excerpt":{"rendered":"<ul>\n<li> Porte-manteau en noyer Canaletto de Porada. Sceau de qualit\u00e9 qui accompagne toutes ses pi\u00e8ces. <\/li>\n<li> C&rsquo;est un porte-manteau impressionnant de grandes dimensions: 48&#215;170 cm. <\/li>\n<li> Il se distingue par sa forme elliptique et son excellente technique de sculpture sur bois, ce qui fait de Flamingo un porte-manteau tout simplement exclusif. <\/li>\n<li> Il est pr\u00e9sent\u00e9 en version Noyer. Pour les autres finitions et couleurs, v\u00e9rifiez la disponibilit\u00e9. <\/li>\n<\/ul>\n","protected":false},"featured_media":15419,"comment_status":"open","ping_status":"closed","template":"","meta":[],"product_brand":[],"product_cat":[614,623],"product_tag":[666],"class_list":{"0":"post-19254","1":"product","2":"type-product","3":"status-publish","4":"has-post-thumbnail","6":"product_cat-meubles-et-accessoires","7":"product_cat-percheros-fr","8":"product_tag-cintres","9":"product_shipping_class-gratuit","10":"yith_product_brand-porada-fr","12":"first","13":"instock","14":"taxable","15":"shipping-taxable","16":"purchasable","17":"product-type-variable"},"yoast_head":"<!-- This site is optimized with the Yoast SEO plugin v27.3 - https:\/\/yoast.com\/product\/yoast-seo-wordpress\/ -->\n<title>Porte-manteau design Flamingo - Muebles de dise\u00f1o en Soluciones Contract<\/title>\n<meta name=\"description\" content=\"Compra Porte-manteau design Flamingo online en nuestra tienda de muebles Contract. Encuentra el mejor MOBILIARIO DE DISE\u00d1O para Hotel, Hogar y uso comercial. Descubre las mejores marcas en nuestro cat\u00e1logo.\" \/>\n<meta name=\"robots\" content=\"index, follow, max-snippet:-1, max-image-preview:large, max-video-preview:-1\" \/>\n<link rel=\"canonical\" href=\"https:\/\/solucionescontract.com\/producto\/perchero-de-diseno-flamingo\/\" \/>\n<meta property=\"og:locale\" content=\"fr_FR\" \/>\n<meta property=\"og:type\" content=\"article\" \/>\n<meta property=\"og:title\" content=\"Porte-manteau design Flamingo - Muebles de dise\u00f1o en Soluciones Contract\" \/>\n<meta property=\"og:description\" content=\"Compra Porte-manteau design Flamingo online en nuestra tienda de muebles Contract. Encuentra el mejor MOBILIARIO DE DISE\u00d1O para Hotel, Hogar y uso comercial. Descubre las mejores marcas en nuestro cat\u00e1logo.\" \/>\n<meta property=\"og:url\" content=\"https:\/\/solucionescontract.com\/producto\/perchero-de-diseno-flamingo\/\" \/>\n<meta property=\"og:site_name\" content=\"Soluciones Contract\" \/>\n<meta property=\"article:publisher\" content=\"https:\/\/www.facebook.com\/solucionescontract\/\" \/>\n<meta property=\"article:modified_time\" content=\"2021-04-16T15:19:31+00:00\" \/>\n<meta property=\"og:image\" content=\"https:\/\/solucionescontract.com\/wp-content\/uploads\/2019\/07\/flamingo-00.jpg\" \/>\n\t<meta property=\"og:image:width\" content=\"1200\" \/>\n\t<meta property=\"og:image:height\" content=\"1200\" \/>\n\t<meta property=\"og:image:type\" content=\"image\/jpeg\" \/>\n<meta name=\"twitter:card\" content=\"summary_large_image\" \/>\n<script type=\"application\/ld+json\" class=\"yoast-schema-graph\">{\"@context\":\"https:\\\/\\\/schema.org\",\"@graph\":[{\"@type\":\"WebPage\",\"@id\":\"https:\\\/\\\/solucionescontract.com\\\/producto\\\/perchero-de-diseno-flamingo\\\/\",\"url\":\"https:\\\/\\\/solucionescontract.com\\\/producto\\\/perchero-de-diseno-flamingo\\\/\",\"name\":\"Porte-manteau design Flamingo - Muebles de dise\u00f1o en Soluciones Contract\",\"isPartOf\":{\"@id\":\"https:\\\/\\\/solucionescontract.com\\\/#website\"},\"primaryImageOfPage\":{\"@id\":\"https:\\\/\\\/solucionescontract.com\\\/producto\\\/perchero-de-diseno-flamingo\\\/#primaryimage\"},\"image\":{\"@id\":\"https:\\\/\\\/solucionescontract.com\\\/producto\\\/perchero-de-diseno-flamingo\\\/#primaryimage\"},\"thumbnailUrl\":\"https:\\\/\\\/solucionescontract.com\\\/wp-content\\\/uploads\\\/2019\\\/07\\\/flamingo-00.jpg\",\"datePublished\":\"2019-07-19T14:00:39+00:00\",\"dateModified\":\"2021-04-16T15:19:31+00:00\",\"description\":\"Compra Porte-manteau design Flamingo online en nuestra tienda de muebles Contract. Encuentra el mejor MOBILIARIO DE DISE\u00d1O para Hotel, Hogar y uso comercial. Descubre las mejores marcas en nuestro cat\u00e1logo.\",\"breadcrumb\":{\"@id\":\"https:\\\/\\\/solucionescontract.com\\\/producto\\\/perchero-de-diseno-flamingo\\\/#breadcrumb\"},\"inLanguage\":\"fr-FR\",\"potentialAction\":[{\"@type\":\"ReadAction\",\"target\":[\"https:\\\/\\\/solucionescontract.com\\\/producto\\\/perchero-de-diseno-flamingo\\\/\"]}]},{\"@type\":\"ImageObject\",\"inLanguage\":\"fr-FR\",\"@id\":\"https:\\\/\\\/solucionescontract.com\\\/producto\\\/perchero-de-diseno-flamingo\\\/#primaryimage\",\"url\":\"https:\\\/\\\/solucionescontract.com\\\/wp-content\\\/uploads\\\/2019\\\/07\\\/flamingo-00.jpg\",\"contentUrl\":\"https:\\\/\\\/solucionescontract.com\\\/wp-content\\\/uploads\\\/2019\\\/07\\\/flamingo-00.jpg\",\"width\":1200,\"height\":1200,\"caption\":\"Perchero en nogal canaletta\"},{\"@type\":\"BreadcrumbList\",\"@id\":\"https:\\\/\\\/solucionescontract.com\\\/producto\\\/perchero-de-diseno-flamingo\\\/#breadcrumb\",\"itemListElement\":[{\"@type\":\"ListItem\",\"position\":1,\"name\":\"Inicio\",\"item\":\"https:\\\/\\\/solucionescontract.com\\\/\"},{\"@type\":\"ListItem\",\"position\":2,\"name\":\"Tienda mobiliario contract\",\"item\":\"https:\\\/\\\/solucionescontract.com\\\/tienda-mobiliario-contract\\\/\"},{\"@type\":\"ListItem\",\"position\":3,\"name\":\"Mueble y complementos\",\"item\":\"https:\\\/\\\/solucionescontract.com\\\/categoria-producto\\\/mueble-y-complementos\\\/\"},{\"@type\":\"ListItem\",\"position\":4,\"name\":\"Complementos y decoraci\u00f3n\",\"item\":\"https:\\\/\\\/solucionescontract.com\\\/categoria-producto\\\/mueble-y-complementos\\\/complementos-decoracion\\\/\"},{\"@type\":\"ListItem\",\"position\":5,\"name\":\"Percheros y parag\u00fceros\",\"item\":\"https:\\\/\\\/solucionescontract.com\\\/categoria-producto\\\/mueble-y-complementos\\\/complementos-decoracion\\\/percheros\\\/\"},{\"@type\":\"ListItem\",\"position\":6,\"name\":\"Porte-manteau design Flamingo\"}]},{\"@type\":\"WebSite\",\"@id\":\"https:\\\/\\\/solucionescontract.com\\\/#website\",\"url\":\"https:\\\/\\\/solucionescontract.com\\\/\",\"name\":\"Soluciones Contract\",\"description\":\"Venta Mobiliario contract de dise\u00f1o\",\"publisher\":{\"@id\":\"https:\\\/\\\/solucionescontract.com\\\/#organization\"},\"potentialAction\":[{\"@type\":\"SearchAction\",\"target\":{\"@type\":\"EntryPoint\",\"urlTemplate\":\"https:\\\/\\\/solucionescontract.com\\\/?s={search_term_string}\"},\"query-input\":{\"@type\":\"PropertyValueSpecification\",\"valueRequired\":true,\"valueName\":\"search_term_string\"}}],\"inLanguage\":\"fr-FR\"},{\"@type\":\"Organization\",\"@id\":\"https:\\\/\\\/solucionescontract.com\\\/#organization\",\"name\":\"Soluciones Contract\",\"url\":\"https:\\\/\\\/solucionescontract.com\\\/\",\"logo\":{\"@type\":\"ImageObject\",\"inLanguage\":\"fr-FR\",\"@id\":\"https:\\\/\\\/solucionescontract.com\\\/#\\\/schema\\\/logo\\\/image\\\/\",\"url\":\"https:\\\/\\\/solucionescontract.com\\\/wp-content\\\/uploads\\\/2020\\\/02\\\/logoSC.jpg\",\"contentUrl\":\"https:\\\/\\\/solucionescontract.com\\\/wp-content\\\/uploads\\\/2020\\\/02\\\/logoSC.jpg\",\"width\":300,\"height\":125,\"caption\":\"Soluciones Contract\"},\"image\":{\"@id\":\"https:\\\/\\\/solucionescontract.com\\\/#\\\/schema\\\/logo\\\/image\\\/\"},\"sameAs\":[\"https:\\\/\\\/www.facebook.com\\\/solucionescontract\\\/\"]}]}<\/script>\n<!-- \/ Yoast SEO plugin. -->","yoast_head_json":{"title":"Porte-manteau design Flamingo - Muebles de dise\u00f1o en Soluciones Contract","description":"Compra Porte-manteau design Flamingo online en nuestra tienda de muebles Contract. Encuentra el mejor MOBILIARIO DE DISE\u00d1O para Hotel, Hogar y uso comercial. Descubre las mejores marcas en nuestro cat\u00e1logo.","robots":{"index":"index","follow":"follow","max-snippet":"max-snippet:-1","max-image-preview":"max-image-preview:large","max-video-preview":"max-video-preview:-1"},"canonical":"https:\/\/solucionescontract.com\/producto\/perchero-de-diseno-flamingo\/","og_locale":"fr_FR","og_type":"article","og_title":"Porte-manteau design Flamingo - Muebles de dise\u00f1o en Soluciones Contract","og_description":"Compra Porte-manteau design Flamingo online en nuestra tienda de muebles Contract. Encuentra el mejor MOBILIARIO DE DISE\u00d1O para Hotel, Hogar y uso comercial. Descubre las mejores marcas en nuestro cat\u00e1logo.","og_url":"https:\/\/solucionescontract.com\/producto\/perchero-de-diseno-flamingo\/","og_site_name":"Soluciones Contract","article_publisher":"https:\/\/www.facebook.com\/solucionescontract\/","article_modified_time":"2021-04-16T15:19:31+00:00","og_image":[{"width":1200,"height":1200,"url":"https:\/\/solucionescontract.com\/wp-content\/uploads\/2019\/07\/flamingo-00.jpg","type":"image\/jpeg"}],"twitter_card":"summary_large_image","schema":{"@context":"https:\/\/schema.org","@graph":[{"@type":"WebPage","@id":"https:\/\/solucionescontract.com\/producto\/perchero-de-diseno-flamingo\/","url":"https:\/\/solucionescontract.com\/producto\/perchero-de-diseno-flamingo\/","name":"Porte-manteau design Flamingo - Muebles de dise\u00f1o en Soluciones Contract","isPartOf":{"@id":"https:\/\/solucionescontract.com\/#website"},"primaryImageOfPage":{"@id":"https:\/\/solucionescontract.com\/producto\/perchero-de-diseno-flamingo\/#primaryimage"},"image":{"@id":"https:\/\/solucionescontract.com\/producto\/perchero-de-diseno-flamingo\/#primaryimage"},"thumbnailUrl":"https:\/\/solucionescontract.com\/wp-content\/uploads\/2019\/07\/flamingo-00.jpg","datePublished":"2019-07-19T14:00:39+00:00","dateModified":"2021-04-16T15:19:31+00:00","description":"Compra Porte-manteau design Flamingo online en nuestra tienda de muebles Contract. Encuentra el mejor MOBILIARIO DE DISE\u00d1O para Hotel, Hogar y uso comercial. Descubre las mejores marcas en nuestro cat\u00e1logo.","breadcrumb":{"@id":"https:\/\/solucionescontract.com\/producto\/perchero-de-diseno-flamingo\/#breadcrumb"},"inLanguage":"fr-FR","potentialAction":[{"@type":"ReadAction","target":["https:\/\/solucionescontract.com\/producto\/perchero-de-diseno-flamingo\/"]}]},{"@type":"ImageObject","inLanguage":"fr-FR","@id":"https:\/\/solucionescontract.com\/producto\/perchero-de-diseno-flamingo\/#primaryimage","url":"https:\/\/solucionescontract.com\/wp-content\/uploads\/2019\/07\/flamingo-00.jpg","contentUrl":"https:\/\/solucionescontract.com\/wp-content\/uploads\/2019\/07\/flamingo-00.jpg","width":1200,"height":1200,"caption":"Perchero en nogal canaletta"},{"@type":"BreadcrumbList","@id":"https:\/\/solucionescontract.com\/producto\/perchero-de-diseno-flamingo\/#breadcrumb","itemListElement":[{"@type":"ListItem","position":1,"name":"Inicio","item":"https:\/\/solucionescontract.com\/"},{"@type":"ListItem","position":2,"name":"Tienda mobiliario contract","item":"https:\/\/solucionescontract.com\/tienda-mobiliario-contract\/"},{"@type":"ListItem","position":3,"name":"Mueble y complementos","item":"https:\/\/solucionescontract.com\/categoria-producto\/mueble-y-complementos\/"},{"@type":"ListItem","position":4,"name":"Complementos y decoraci\u00f3n","item":"https:\/\/solucionescontract.com\/categoria-producto\/mueble-y-complementos\/complementos-decoracion\/"},{"@type":"ListItem","position":5,"name":"Percheros y parag\u00fceros","item":"https:\/\/solucionescontract.com\/categoria-producto\/mueble-y-complementos\/complementos-decoracion\/percheros\/"},{"@type":"ListItem","position":6,"name":"Porte-manteau design Flamingo"}]},{"@type":"WebSite","@id":"https:\/\/solucionescontract.com\/#website","url":"https:\/\/solucionescontract.com\/","name":"Soluciones Contract","description":"Venta Mobiliario contract de dise\u00f1o","publisher":{"@id":"https:\/\/solucionescontract.com\/#organization"},"potentialAction":[{"@type":"SearchAction","target":{"@type":"EntryPoint","urlTemplate":"https:\/\/solucionescontract.com\/?s={search_term_string}"},"query-input":{"@type":"PropertyValueSpecification","valueRequired":true,"valueName":"search_term_string"}}],"inLanguage":"fr-FR"},{"@type":"Organization","@id":"https:\/\/solucionescontract.com\/#organization","name":"Soluciones Contract","url":"https:\/\/solucionescontract.com\/","logo":{"@type":"ImageObject","inLanguage":"fr-FR","@id":"https:\/\/solucionescontract.com\/#\/schema\/logo\/image\/","url":"https:\/\/solucionescontract.com\/wp-content\/uploads\/2020\/02\/logoSC.jpg","contentUrl":"https:\/\/solucionescontract.com\/wp-content\/uploads\/2020\/02\/logoSC.jpg","width":300,"height":125,"caption":"Soluciones Contract"},"image":{"@id":"https:\/\/solucionescontract.com\/#\/schema\/logo\/image\/"},"sameAs":["https:\/\/www.facebook.com\/solucionescontract\/"]}]}},"_links":{"self":[{"href":"https:\/\/solucionescontract.com\/fr\/wp-json\/wp\/v2\/product\/19254","targetHints":{"allow":["GET"]}}],"collection":[{"href":"https:\/\/solucionescontract.com\/fr\/wp-json\/wp\/v2\/product"}],"about":[{"href":"https:\/\/solucionescontract.com\/fr\/wp-json\/wp\/v2\/types\/product"}],"replies":[{"embeddable":true,"href":"https:\/\/solucionescontract.com\/fr\/wp-json\/wp\/v2\/comments?post=19254"}],"wp:featuredmedia":[{"embeddable":true,"href":"https:\/\/solucionescontract.com\/fr\/wp-json\/wp\/v2\/media\/15419"}],"wp:attachment":[{"href":"https:\/\/solucionescontract.com\/fr\/wp-json\/wp\/v2\/media?parent=19254"}],"wp:term":[{"taxonomy":"product_brand","embeddable":true,"href":"https:\/\/solucionescontract.com\/fr\/wp-json\/wp\/v2\/product_brand?post=19254"},{"taxonomy":"product_cat","embeddable":true,"href":"https:\/\/solucionescontract.com\/fr\/wp-json\/wp\/v2\/product_cat?post=19254"},{"taxonomy":"product_tag","embeddable":true,"href":"https:\/\/solucionescontract.com\/fr\/wp-json\/wp\/v2\/product_tag?post=19254"}],"curies":[{"name":"wp","href":"https:\/\/api.w.org\/{rel}","templated":true}]}}