{"id":19238,"date":"2019-07-20T06:32:21","date_gmt":"2019-07-20T06:32:21","guid":{"rendered":"https:\/\/www.solucionescontract.com\/producto\/perchero-taiga\/"},"modified":"2021-04-16T15:15:03","modified_gmt":"2021-04-16T15:15:03","slug":"perchero-taiga","status":"publish","type":"product","link":"https:\/\/solucionescontract.com\/fr\/producto\/perchero-taiga\/","title":{"rendered":"CINTRE TAIGA"},"content":{"rendered":"<p>Le porte-manteau de sol Taiga est inspir\u00e9 des formes organiques des for\u00eats de conif\u00e8res sib\u00e9riennes qui apparaissent dans le film Derzu Uzala, du cin\u00e9aste japonais Akira Kurosawa, appelle \u00e9galement la for\u00eat par le nom de Taiga. C&rsquo;est un porte-manteau cr\u00e9\u00e9 par le designer de renomm\u00e9e internationale Antoni Arola. Porte-manteaux id\u00e9al pour les espaces de r\u00e9ception et de bureau mais aussi pour la maison, sa structure dispose de huit cintres \u00e0 diff\u00e9rentes hauteurs, qui permettent d&rsquo;accrocher facilement v\u00eatements, sacs, etc.<\/p>\n<p>La collection est compl\u00e9t\u00e9e par la version avec un porte-parapluie int\u00e9gr\u00e9 et le porte-parapluie individuel. Il est fabriqu\u00e9 avec une base en acier, un tube en aluminium et des cintres en plastique arrondis qui permettent d&rsquo;accueillir des cintres individuels.<\/p>\n<p><strong> MAT\u00c9RIAUX ET FINITIONS <\/strong><\/p>\n<p>Disponible en trois finitions, blanc RAL 9002, turquoise RAL 6034 et gris fonc\u00e9 RAL7022.<br \/>\nToutes les pi\u00e8ces m\u00e9talliques sont peintes avec une peinture en poudre \u00e9poxy mate 80 microns 30%.<\/p>\n<p><strong> Base <\/strong><\/p>\n<p>Base circulaire de 350 mm de diam\u00e8tre en t\u00f4le d&rsquo;acier de 6 mm d&rsquo;\u00e9paisseur. Sur le dessous<br \/>\nIl dispose de cinq logements pour placer les extr\u00e9mit\u00e9s en polyamide noir, qui le s\u00e9parent de 8 mm du<br \/>\nchauss\u00e9e.<\/p>\n<p><strong> Structure <\/strong><\/p>\n<p>Structure centrale form\u00e9e de 2 tubes circulaires: tube inf\u00e9rieur et tube sup\u00e9rieur en aluminium 30&#215;2 mm<br \/>\nAcier 20&#215;1,5 mm.<br \/>\nLe mod\u00e8le porte-parapluie-cintre est compos\u00e9 de deux tubes. Dans le tube inf\u00e9rieur est mont\u00e9, \u00e0 chaque extr\u00e9mit\u00e9, le<br \/>\nLa m\u00eame pi\u00e8ce usin\u00e9e qui relie les deux tubes, leur permettant d&rsquo;\u00eatre viss\u00e9s \u00e0 la base.<\/p>\n<p><strong> Cintres <\/strong><\/p>\n<p>Pi\u00e8ces en polystyr\u00e8ne inject\u00e9 \u00e0 fort impact. Sa conception permet \u00e0 une seule pi\u00e8ce de s&rsquo;adapter<br \/>\navec l&rsquo;autre, le tube sup\u00e9rieur est cach\u00e9. Sa forme et son inclinaison permettent d&rsquo;accrocher toutes sortes de v\u00eatements et<br \/>\naccessoires ainsi que des cintres. Les \u00e9l\u00e9ments sont fix\u00e9s dans le tube avec une vis et une rondelle.<\/p>\n<p><a href=\"https:\/\/solucionescontract.com\/wp-content\/uploads\/2019\/07\/taiga-06.jpg\"><img decoding=\"async\" class=\" wd-lazy-fade wp-image-7857 size-medium\" src=\"https:\/\/solucionescontract.com\/wp-content\/themes\/woodmart\/images\/lazy.svg\" data-src=\"https:\/\/solucionescontract.com\/wp-content\/uploads\/2019\/07\/taiga-06-300x300.jpg\" alt=\"Taiga\" width=\"300\" height=\"300\" srcset=\"\" data-srcset=\"https:\/\/solucionescontract.com\/wp-content\/uploads\/2019\/07\/taiga-06-300x300.jpg 300w, https:\/\/solucionescontract.com\/wp-content\/uploads\/2019\/07\/taiga-06-150x150.jpg 150w, https:\/\/solucionescontract.com\/wp-content\/uploads\/2019\/07\/taiga-06-800x800.jpg 800w, https:\/\/solucionescontract.com\/wp-content\/uploads\/2019\/07\/taiga-06-768x768.jpg 768w, https:\/\/solucionescontract.com\/wp-content\/uploads\/2019\/07\/taiga-06-1024x1024.jpg 1024w, https:\/\/solucionescontract.com\/wp-content\/uploads\/2019\/07\/taiga-06-20x20.jpg 20w, https:\/\/solucionescontract.com\/wp-content\/uploads\/2019\/07\/taiga-06-60x60.jpg 60w, https:\/\/solucionescontract.com\/wp-content\/uploads\/2019\/07\/taiga-06.jpg 1200w\" sizes=\"(max-width: 300px) 100vw, 300px\" \/><\/a><\/script><\/p>\n","protected":false},"excerpt":{"rendered":"<ul>\n<li> Il s&rsquo;agit d&rsquo;un porte-manteau cr\u00e9\u00e9 par le designer de renomm\u00e9e internationale Antoni Arola. <\/li>\n<li> Porte-manteaux sur pied id\u00e9al pour les espaces de r\u00e9ception et de bureau mais aussi pour la maison, sa structure dispose de huit cintres \u00e0 diff\u00e9rentes hauteurs, qui permettent d&rsquo;accrocher facilement v\u00eatements, sacs, etc. <\/li>\n<li> Fabriqu\u00e9 avec un tube en aluminium et des pi\u00e8ces en polystyr\u00e8ne r\u00e9sistant aux chocs. <\/li>\n<li> Trois finitions: blanc, noir et turquoise. <\/li>\n<li> Deux options disponibles: porte-manteau et porte-manteau avec porte-parapluie. <\/li>\n<\/ul>\n","protected":false},"featured_media":17408,"comment_status":"open","ping_status":"closed","template":"","meta":[],"product_brand":[],"product_cat":[614,623],"product_tag":[682],"class_list":{"0":"post-19238","1":"product","2":"type-product","3":"status-publish","4":"has-post-thumbnail","6":"product_cat-meubles-et-accessoires","7":"product_cat-percheros-fr","8":"product_tag-percheros-y-paragueros-fr","9":"product_shipping_class-gratuit","10":"yith_product_brand-mobles-114-fr","12":"first","13":"instock","14":"taxable","15":"shipping-taxable","16":"purchasable","17":"product-type-variable"},"yoast_head":"<!-- This site is optimized with the Yoast SEO plugin v27.3 - https:\/\/yoast.com\/product\/yoast-seo-wordpress\/ -->\n<title>CINTRE TAIGA - Muebles de dise\u00f1o en Soluciones Contract<\/title>\n<meta name=\"description\" content=\"Compra CINTRE TAIGA online en nuestra tienda de muebles Contract. Encuentra el mejor MOBILIARIO DE DISE\u00d1O para Hotel, Hogar y uso comercial. Descubre las mejores marcas en nuestro cat\u00e1logo.\" \/>\n<meta name=\"robots\" content=\"index, follow, max-snippet:-1, max-image-preview:large, max-video-preview:-1\" \/>\n<link rel=\"canonical\" href=\"https:\/\/solucionescontract.com\/producto\/perchero-taiga\/\" \/>\n<meta property=\"og:locale\" content=\"fr_FR\" \/>\n<meta property=\"og:type\" content=\"article\" \/>\n<meta property=\"og:title\" content=\"CINTRE TAIGA - Muebles de dise\u00f1o en Soluciones Contract\" \/>\n<meta property=\"og:description\" content=\"Compra CINTRE TAIGA online en nuestra tienda de muebles Contract. Encuentra el mejor MOBILIARIO DE DISE\u00d1O para Hotel, Hogar y uso comercial. Descubre las mejores marcas en nuestro cat\u00e1logo.\" \/>\n<meta property=\"og:url\" content=\"https:\/\/solucionescontract.com\/producto\/perchero-taiga\/\" \/>\n<meta property=\"og:site_name\" content=\"Soluciones Contract\" \/>\n<meta property=\"article:publisher\" content=\"https:\/\/www.facebook.com\/solucionescontract\/\" \/>\n<meta property=\"article:modified_time\" content=\"2021-04-16T15:15:03+00:00\" \/>\n<meta property=\"og:image\" content=\"https:\/\/solucionescontract.com\/wp-content\/uploads\/2019\/07\/Perchero_parguero_taiga_turquesa.jpg\" \/>\n\t<meta property=\"og:image:width\" content=\"544\" \/>\n\t<meta property=\"og:image:height\" content=\"544\" \/>\n\t<meta property=\"og:image:type\" content=\"image\/jpeg\" \/>\n<meta name=\"twitter:card\" content=\"summary_large_image\" \/>\n<meta name=\"twitter:label1\" content=\"Dur\u00e9e de lecture estim\u00e9e\" \/>\n\t<meta name=\"twitter:data1\" content=\"2 minutes\" \/>\n<script type=\"application\/ld+json\" class=\"yoast-schema-graph\">{\"@context\":\"https:\\\/\\\/schema.org\",\"@graph\":[{\"@type\":\"WebPage\",\"@id\":\"https:\\\/\\\/solucionescontract.com\\\/producto\\\/perchero-taiga\\\/\",\"url\":\"https:\\\/\\\/solucionescontract.com\\\/producto\\\/perchero-taiga\\\/\",\"name\":\"CINTRE TAIGA - Muebles de dise\u00f1o en Soluciones Contract\",\"isPartOf\":{\"@id\":\"https:\\\/\\\/solucionescontract.com\\\/#website\"},\"primaryImageOfPage\":{\"@id\":\"https:\\\/\\\/solucionescontract.com\\\/producto\\\/perchero-taiga\\\/#primaryimage\"},\"image\":{\"@id\":\"https:\\\/\\\/solucionescontract.com\\\/producto\\\/perchero-taiga\\\/#primaryimage\"},\"thumbnailUrl\":\"https:\\\/\\\/solucionescontract.com\\\/wp-content\\\/uploads\\\/2019\\\/07\\\/Perchero_parguero_taiga_turquesa.jpg\",\"datePublished\":\"2019-07-20T06:32:21+00:00\",\"dateModified\":\"2021-04-16T15:15:03+00:00\",\"description\":\"Compra CINTRE TAIGA online en nuestra tienda de muebles Contract. Encuentra el mejor MOBILIARIO DE DISE\u00d1O para Hotel, Hogar y uso comercial. Descubre las mejores marcas en nuestro cat\u00e1logo.\",\"breadcrumb\":{\"@id\":\"https:\\\/\\\/solucionescontract.com\\\/producto\\\/perchero-taiga\\\/#breadcrumb\"},\"inLanguage\":\"fr-FR\",\"potentialAction\":[{\"@type\":\"ReadAction\",\"target\":[\"https:\\\/\\\/solucionescontract.com\\\/producto\\\/perchero-taiga\\\/\"]}]},{\"@type\":\"ImageObject\",\"inLanguage\":\"fr-FR\",\"@id\":\"https:\\\/\\\/solucionescontract.com\\\/producto\\\/perchero-taiga\\\/#primaryimage\",\"url\":\"https:\\\/\\\/solucionescontract.com\\\/wp-content\\\/uploads\\\/2019\\\/07\\\/Perchero_parguero_taiga_turquesa.jpg\",\"contentUrl\":\"https:\\\/\\\/solucionescontract.com\\\/wp-content\\\/uploads\\\/2019\\\/07\\\/Perchero_parguero_taiga_turquesa.jpg\",\"width\":544,\"height\":544,\"caption\":\"Perchero_parag\u00fcero_taiga_dise\u00f1o\"},{\"@type\":\"BreadcrumbList\",\"@id\":\"https:\\\/\\\/solucionescontract.com\\\/producto\\\/perchero-taiga\\\/#breadcrumb\",\"itemListElement\":[{\"@type\":\"ListItem\",\"position\":1,\"name\":\"Inicio\",\"item\":\"https:\\\/\\\/solucionescontract.com\\\/\"},{\"@type\":\"ListItem\",\"position\":2,\"name\":\"Tienda mobiliario contract\",\"item\":\"https:\\\/\\\/solucionescontract.com\\\/tienda-mobiliario-contract\\\/\"},{\"@type\":\"ListItem\",\"position\":3,\"name\":\"Mueble y complementos\",\"item\":\"https:\\\/\\\/solucionescontract.com\\\/categoria-producto\\\/mueble-y-complementos\\\/\"},{\"@type\":\"ListItem\",\"position\":4,\"name\":\"Complementos y decoraci\u00f3n\",\"item\":\"https:\\\/\\\/solucionescontract.com\\\/categoria-producto\\\/mueble-y-complementos\\\/complementos-decoracion\\\/\"},{\"@type\":\"ListItem\",\"position\":5,\"name\":\"Percheros y parag\u00fceros\",\"item\":\"https:\\\/\\\/solucionescontract.com\\\/categoria-producto\\\/mueble-y-complementos\\\/complementos-decoracion\\\/percheros\\\/\"},{\"@type\":\"ListItem\",\"position\":6,\"name\":\"CINTRE TAIGA\"}]},{\"@type\":\"WebSite\",\"@id\":\"https:\\\/\\\/solucionescontract.com\\\/#website\",\"url\":\"https:\\\/\\\/solucionescontract.com\\\/\",\"name\":\"Soluciones Contract\",\"description\":\"Venta Mobiliario contract de dise\u00f1o\",\"publisher\":{\"@id\":\"https:\\\/\\\/solucionescontract.com\\\/#organization\"},\"potentialAction\":[{\"@type\":\"SearchAction\",\"target\":{\"@type\":\"EntryPoint\",\"urlTemplate\":\"https:\\\/\\\/solucionescontract.com\\\/?s={search_term_string}\"},\"query-input\":{\"@type\":\"PropertyValueSpecification\",\"valueRequired\":true,\"valueName\":\"search_term_string\"}}],\"inLanguage\":\"fr-FR\"},{\"@type\":\"Organization\",\"@id\":\"https:\\\/\\\/solucionescontract.com\\\/#organization\",\"name\":\"Soluciones Contract\",\"url\":\"https:\\\/\\\/solucionescontract.com\\\/\",\"logo\":{\"@type\":\"ImageObject\",\"inLanguage\":\"fr-FR\",\"@id\":\"https:\\\/\\\/solucionescontract.com\\\/#\\\/schema\\\/logo\\\/image\\\/\",\"url\":\"https:\\\/\\\/solucionescontract.com\\\/wp-content\\\/uploads\\\/2020\\\/02\\\/logoSC.jpg\",\"contentUrl\":\"https:\\\/\\\/solucionescontract.com\\\/wp-content\\\/uploads\\\/2020\\\/02\\\/logoSC.jpg\",\"width\":300,\"height\":125,\"caption\":\"Soluciones Contract\"},\"image\":{\"@id\":\"https:\\\/\\\/solucionescontract.com\\\/#\\\/schema\\\/logo\\\/image\\\/\"},\"sameAs\":[\"https:\\\/\\\/www.facebook.com\\\/solucionescontract\\\/\"]}]}<\/script>\n<!-- \/ Yoast SEO plugin. -->","yoast_head_json":{"title":"CINTRE TAIGA - Muebles de dise\u00f1o en Soluciones Contract","description":"Compra CINTRE TAIGA online en nuestra tienda de muebles Contract. Encuentra el mejor MOBILIARIO DE DISE\u00d1O para Hotel, Hogar y uso comercial. Descubre las mejores marcas en nuestro cat\u00e1logo.","robots":{"index":"index","follow":"follow","max-snippet":"max-snippet:-1","max-image-preview":"max-image-preview:large","max-video-preview":"max-video-preview:-1"},"canonical":"https:\/\/solucionescontract.com\/producto\/perchero-taiga\/","og_locale":"fr_FR","og_type":"article","og_title":"CINTRE TAIGA - Muebles de dise\u00f1o en Soluciones Contract","og_description":"Compra CINTRE TAIGA online en nuestra tienda de muebles Contract. Encuentra el mejor MOBILIARIO DE DISE\u00d1O para Hotel, Hogar y uso comercial. Descubre las mejores marcas en nuestro cat\u00e1logo.","og_url":"https:\/\/solucionescontract.com\/producto\/perchero-taiga\/","og_site_name":"Soluciones Contract","article_publisher":"https:\/\/www.facebook.com\/solucionescontract\/","article_modified_time":"2021-04-16T15:15:03+00:00","og_image":[{"width":544,"height":544,"url":"https:\/\/solucionescontract.com\/wp-content\/uploads\/2019\/07\/Perchero_parguero_taiga_turquesa.jpg","type":"image\/jpeg"}],"twitter_card":"summary_large_image","twitter_misc":{"Dur\u00e9e de lecture estim\u00e9e":"2 minutes"},"schema":{"@context":"https:\/\/schema.org","@graph":[{"@type":"WebPage","@id":"https:\/\/solucionescontract.com\/producto\/perchero-taiga\/","url":"https:\/\/solucionescontract.com\/producto\/perchero-taiga\/","name":"CINTRE TAIGA - Muebles de dise\u00f1o en Soluciones Contract","isPartOf":{"@id":"https:\/\/solucionescontract.com\/#website"},"primaryImageOfPage":{"@id":"https:\/\/solucionescontract.com\/producto\/perchero-taiga\/#primaryimage"},"image":{"@id":"https:\/\/solucionescontract.com\/producto\/perchero-taiga\/#primaryimage"},"thumbnailUrl":"https:\/\/solucionescontract.com\/wp-content\/uploads\/2019\/07\/Perchero_parguero_taiga_turquesa.jpg","datePublished":"2019-07-20T06:32:21+00:00","dateModified":"2021-04-16T15:15:03+00:00","description":"Compra CINTRE TAIGA online en nuestra tienda de muebles Contract. Encuentra el mejor MOBILIARIO DE DISE\u00d1O para Hotel, Hogar y uso comercial. Descubre las mejores marcas en nuestro cat\u00e1logo.","breadcrumb":{"@id":"https:\/\/solucionescontract.com\/producto\/perchero-taiga\/#breadcrumb"},"inLanguage":"fr-FR","potentialAction":[{"@type":"ReadAction","target":["https:\/\/solucionescontract.com\/producto\/perchero-taiga\/"]}]},{"@type":"ImageObject","inLanguage":"fr-FR","@id":"https:\/\/solucionescontract.com\/producto\/perchero-taiga\/#primaryimage","url":"https:\/\/solucionescontract.com\/wp-content\/uploads\/2019\/07\/Perchero_parguero_taiga_turquesa.jpg","contentUrl":"https:\/\/solucionescontract.com\/wp-content\/uploads\/2019\/07\/Perchero_parguero_taiga_turquesa.jpg","width":544,"height":544,"caption":"Perchero_parag\u00fcero_taiga_dise\u00f1o"},{"@type":"BreadcrumbList","@id":"https:\/\/solucionescontract.com\/producto\/perchero-taiga\/#breadcrumb","itemListElement":[{"@type":"ListItem","position":1,"name":"Inicio","item":"https:\/\/solucionescontract.com\/"},{"@type":"ListItem","position":2,"name":"Tienda mobiliario contract","item":"https:\/\/solucionescontract.com\/tienda-mobiliario-contract\/"},{"@type":"ListItem","position":3,"name":"Mueble y complementos","item":"https:\/\/solucionescontract.com\/categoria-producto\/mueble-y-complementos\/"},{"@type":"ListItem","position":4,"name":"Complementos y decoraci\u00f3n","item":"https:\/\/solucionescontract.com\/categoria-producto\/mueble-y-complementos\/complementos-decoracion\/"},{"@type":"ListItem","position":5,"name":"Percheros y parag\u00fceros","item":"https:\/\/solucionescontract.com\/categoria-producto\/mueble-y-complementos\/complementos-decoracion\/percheros\/"},{"@type":"ListItem","position":6,"name":"CINTRE TAIGA"}]},{"@type":"WebSite","@id":"https:\/\/solucionescontract.com\/#website","url":"https:\/\/solucionescontract.com\/","name":"Soluciones Contract","description":"Venta Mobiliario contract de dise\u00f1o","publisher":{"@id":"https:\/\/solucionescontract.com\/#organization"},"potentialAction":[{"@type":"SearchAction","target":{"@type":"EntryPoint","urlTemplate":"https:\/\/solucionescontract.com\/?s={search_term_string}"},"query-input":{"@type":"PropertyValueSpecification","valueRequired":true,"valueName":"search_term_string"}}],"inLanguage":"fr-FR"},{"@type":"Organization","@id":"https:\/\/solucionescontract.com\/#organization","name":"Soluciones Contract","url":"https:\/\/solucionescontract.com\/","logo":{"@type":"ImageObject","inLanguage":"fr-FR","@id":"https:\/\/solucionescontract.com\/#\/schema\/logo\/image\/","url":"https:\/\/solucionescontract.com\/wp-content\/uploads\/2020\/02\/logoSC.jpg","contentUrl":"https:\/\/solucionescontract.com\/wp-content\/uploads\/2020\/02\/logoSC.jpg","width":300,"height":125,"caption":"Soluciones Contract"},"image":{"@id":"https:\/\/solucionescontract.com\/#\/schema\/logo\/image\/"},"sameAs":["https:\/\/www.facebook.com\/solucionescontract\/"]}]}},"_links":{"self":[{"href":"https:\/\/solucionescontract.com\/fr\/wp-json\/wp\/v2\/product\/19238","targetHints":{"allow":["GET"]}}],"collection":[{"href":"https:\/\/solucionescontract.com\/fr\/wp-json\/wp\/v2\/product"}],"about":[{"href":"https:\/\/solucionescontract.com\/fr\/wp-json\/wp\/v2\/types\/product"}],"replies":[{"embeddable":true,"href":"https:\/\/solucionescontract.com\/fr\/wp-json\/wp\/v2\/comments?post=19238"}],"wp:featuredmedia":[{"embeddable":true,"href":"https:\/\/solucionescontract.com\/fr\/wp-json\/wp\/v2\/media\/17408"}],"wp:attachment":[{"href":"https:\/\/solucionescontract.com\/fr\/wp-json\/wp\/v2\/media?parent=19238"}],"wp:term":[{"taxonomy":"product_brand","embeddable":true,"href":"https:\/\/solucionescontract.com\/fr\/wp-json\/wp\/v2\/product_brand?post=19238"},{"taxonomy":"product_cat","embeddable":true,"href":"https:\/\/solucionescontract.com\/fr\/wp-json\/wp\/v2\/product_cat?post=19238"},{"taxonomy":"product_tag","embeddable":true,"href":"https:\/\/solucionescontract.com\/fr\/wp-json\/wp\/v2\/product_tag?post=19238"}],"curies":[{"name":"wp","href":"https:\/\/api.w.org\/{rel}","templated":true}]}}