{"id":19154,"date":"2019-08-27T07:50:11","date_gmt":"2019-08-27T07:50:11","guid":{"rendered":"https:\/\/www.solucionescontract.com\/producto\/matelas-a-ressorts-avec-viscoelastique-nova\/"},"modified":"2021-04-16T15:55:39","modified_gmt":"2021-04-16T15:55:39","slug":"matelas-a-ressorts-avec-viscoelastique-nova","status":"publish","type":"product","link":"https:\/\/solucionescontract.com\/fr\/producto\/matelas-a-ressorts-avec-viscoelastique-nova\/","title":{"rendered":"MATELAS DE PRINTEMPS avec mousse m\u00e9moire NOVA"},"content":{"rendered":"<h3> Matelas \u00e0 ressorts en mousse visco\u00e9lastique Nova <\/h3>\n<p><a href=\"https:\/\/solucionescontract.com\/wp-content\/uploads\/2019\/08\/Descripci\u00f3n-Ficha-tecnica-cochon-nova.jpg\"><img decoding=\"async\" class=\" wd-lazy-fade alignnone wp-image-7960\" src=\"https:\/\/solucionescontract.com\/wp-content\/themes\/woodmart\/images\/lazy.svg\" data-src=\"https:\/\/solucionescontract.com\/wp-content\/uploads\/2019\/08\/Descripci\u00f3n-Ficha-tecnica-cochon-nova-300x143.jpg\" alt=\"\" width=\"450\" height=\"215\" srcset=\"\" data-srcset=\"https:\/\/solucionescontract.com\/wp-content\/uploads\/2019\/08\/Descripci\u00f3n-Ficha-tecnica-cochon-nova-300x143.jpg 300w, https:\/\/solucionescontract.com\/wp-content\/uploads\/2019\/08\/Descripci\u00f3n-Ficha-tecnica-cochon-nova-150x72.jpg 150w, https:\/\/solucionescontract.com\/wp-content\/uploads\/2019\/08\/Descripci\u00f3n-Ficha-tecnica-cochon-nova-800x382.jpg 800w, https:\/\/solucionescontract.com\/wp-content\/uploads\/2019\/08\/Descripci\u00f3n-Ficha-tecnica-cochon-nova-768x367.jpg 768w, https:\/\/solucionescontract.com\/wp-content\/uploads\/2019\/08\/Descripci\u00f3n-Ficha-tecnica-cochon-nova-1024x489.jpg 1024w, https:\/\/solucionescontract.com\/wp-content\/uploads\/2019\/08\/Descripci\u00f3n-Ficha-tecnica-cochon-nova-42x20.jpg 42w, https:\/\/solucionescontract.com\/wp-content\/uploads\/2019\/08\/Descripci\u00f3n-Ficha-tecnica-cochon-nova-126x60.jpg 126w, https:\/\/solucionescontract.com\/wp-content\/uploads\/2019\/08\/Descripci\u00f3n-Ficha-tecnica-cochon-nova.jpg 1383w\" sizes=\"(max-width: 450px) 100vw, 450px\" \/><\/a><\/p>\n<p><\/script><\/p>\n","protected":false},"excerpt":{"rendered":"<ul>\n<li> Matelas \u00e0 ressorts biconique de 2,3 mm en acier syst\u00e8me bonell. <\/li>\n<li> 1 cm de mousse visco\u00e9lastique de chaque c\u00f4t\u00e9 de 50 kg. <\/li>\n<li> Couverture sup\u00e9rieure et inf\u00e9rieure 300gr de fibre avec 2 cm de tissu supersoft et stretch <\/li>\n<li> Renfort de coin p\u00e9riph\u00e9rique autour du contour du matelas pour une plus grande durabilit\u00e9 et r\u00e9sistance. <\/li>\n<li> Plantabanda en tissu d&rsquo;ameublement <\/li>\n<li> Haute respirabilit\u00e9 et ergonomie. <\/li>\n<li> Tissu anti-acariens (hygi\u00e8ne et protection contre les micro-organismes). <\/li>\n<li> Certificat OEKO TEX. <\/li>\n<\/ul>\n<p> <span style = \"font-size: 10pt;\"> <em> <\/em> <\/span> <\/p>\n","protected":false},"featured_media":15487,"comment_status":"open","ping_status":"closed","template":"","meta":[],"product_brand":[],"product_cat":[603,597],"product_tag":[726,766],"class_list":{"0":"post-19154","1":"product","2":"type-product","3":"status-publish","4":"has-post-thumbnail","6":"product_cat-matelas-dhotel","7":"product_cat-meubles-de-repos","8":"product_tag-muelle-biconico-fr","9":"product_tag-viscoelastica-fr","10":"yith_product_brand-flesan-fr","12":"first","13":"instock","14":"taxable","15":"shipping-taxable","16":"purchasable","17":"product-type-variable"},"yoast_head":"<!-- This site is optimized with the Yoast SEO plugin v27.5 - https:\/\/yoast.com\/product\/yoast-seo-wordpress\/ -->\n<title>Matelas \u00e0 ressorts | Solutions contractuelles<\/title>\n<meta name=\"description\" content=\"Nouvelle gamme de matelas en mousse visco\u00e9lastique. Un de nos meilleurs matelas pour sa haute respirabilit\u00e9, son design ergonomique et son tissu anti-acariens.\" \/>\n<meta name=\"robots\" content=\"index, follow, max-snippet:-1, max-image-preview:large, max-video-preview:-1\" \/>\n<link rel=\"canonical\" href=\"https:\/\/solucionescontract.com\/fr\/producto\/matelas-a-ressorts-avec-viscoelastique-nova\/\" \/>\n<meta property=\"og:locale\" content=\"fr_FR\" \/>\n<meta property=\"og:type\" content=\"article\" \/>\n<meta property=\"og:title\" content=\"Matelas \u00e0 ressorts | Solutions contractuelles\" \/>\n<meta property=\"og:description\" content=\"Nouvelle gamme de matelas en mousse visco\u00e9lastique. Un de nos meilleurs matelas pour sa haute respirabilit\u00e9, son design ergonomique et son tissu anti-acariens.\" \/>\n<meta property=\"og:url\" content=\"https:\/\/solucionescontract.com\/fr\/producto\/matelas-a-ressorts-avec-viscoelastique-nova\/\" \/>\n<meta property=\"og:site_name\" content=\"Soluciones Contract\" \/>\n<meta property=\"article:publisher\" content=\"https:\/\/www.facebook.com\/solucionescontract\/\" \/>\n<meta property=\"article:modified_time\" content=\"2021-04-16T15:55:39+00:00\" \/>\n<meta property=\"og:image\" content=\"https:\/\/solucionescontract.com\/wp-content\/uploads\/2019\/08\/Colch\u00f3n-Flesan-Noa.jpg\" \/>\n<meta name=\"twitter:card\" content=\"summary_large_image\" \/>\n<script type=\"application\/ld+json\" class=\"yoast-schema-graph\">{\"@context\":\"https:\\\/\\\/schema.org\",\"@graph\":[{\"@type\":\"WebPage\",\"@id\":\"https:\\\/\\\/solucionescontract.com\\\/fr\\\/producto\\\/matelas-a-ressorts-avec-viscoelastique-nova\\\/\",\"url\":\"https:\\\/\\\/solucionescontract.com\\\/fr\\\/producto\\\/matelas-a-ressorts-avec-viscoelastique-nova\\\/\",\"name\":\"Matelas \u00e0 ressorts | Solutions contractuelles\",\"isPartOf\":{\"@id\":\"https:\\\/\\\/solucionescontract.com\\\/#website\"},\"primaryImageOfPage\":{\"@id\":\"https:\\\/\\\/solucionescontract.com\\\/fr\\\/producto\\\/matelas-a-ressorts-avec-viscoelastique-nova\\\/#primaryimage\"},\"image\":{\"@id\":\"https:\\\/\\\/solucionescontract.com\\\/fr\\\/producto\\\/matelas-a-ressorts-avec-viscoelastique-nova\\\/#primaryimage\"},\"thumbnailUrl\":\"https:\\\/\\\/solucionescontract.com\\\/wp-content\\\/uploads\\\/2019\\\/08\\\/Colch\u00f3n-Flesan-Noa.jpg\",\"datePublished\":\"2019-08-27T07:50:11+00:00\",\"dateModified\":\"2021-04-16T15:55:39+00:00\",\"description\":\"Nouvelle gamme de matelas en mousse visco\u00e9lastique. Un de nos meilleurs matelas pour sa haute respirabilit\u00e9, son design ergonomique et son tissu anti-acariens.\",\"breadcrumb\":{\"@id\":\"https:\\\/\\\/solucionescontract.com\\\/fr\\\/producto\\\/matelas-a-ressorts-avec-viscoelastique-nova\\\/#breadcrumb\"},\"inLanguage\":\"fr-FR\",\"potentialAction\":[{\"@type\":\"ReadAction\",\"target\":[\"https:\\\/\\\/solucionescontract.com\\\/fr\\\/producto\\\/matelas-a-ressorts-avec-viscoelastique-nova\\\/\"]}]},{\"@type\":\"ImageObject\",\"inLanguage\":\"fr-FR\",\"@id\":\"https:\\\/\\\/solucionescontract.com\\\/fr\\\/producto\\\/matelas-a-ressorts-avec-viscoelastique-nova\\\/#primaryimage\",\"url\":\"https:\\\/\\\/solucionescontract.com\\\/wp-content\\\/uploads\\\/2019\\\/08\\\/Colch\u00f3n-Flesan-Noa.jpg\",\"contentUrl\":\"https:\\\/\\\/solucionescontract.com\\\/wp-content\\\/uploads\\\/2019\\\/08\\\/Colch\u00f3n-Flesan-Noa.jpg\",\"width\":1265,\"height\":1265},{\"@type\":\"BreadcrumbList\",\"@id\":\"https:\\\/\\\/solucionescontract.com\\\/fr\\\/producto\\\/matelas-a-ressorts-avec-viscoelastique-nova\\\/#breadcrumb\",\"itemListElement\":[{\"@type\":\"ListItem\",\"position\":1,\"name\":\"Inicio\",\"item\":\"https:\\\/\\\/solucionescontract.com\\\/\"},{\"@type\":\"ListItem\",\"position\":2,\"name\":\"Tienda mobiliario contract\",\"item\":\"https:\\\/\\\/solucionescontract.com\\\/tienda-mobiliario-contract\\\/\"},{\"@type\":\"ListItem\",\"position\":3,\"name\":\"Meubles de repos\",\"item\":\"https:\\\/\\\/solucionescontract.com\\\/fr\\\/categoria-producto\\\/meubles-de-repos\\\/\"},{\"@type\":\"ListItem\",\"position\":4,\"name\":\"Matelas d'h\u00f4tel\",\"item\":\"https:\\\/\\\/solucionescontract.com\\\/fr\\\/categoria-producto\\\/meubles-de-repos\\\/matelas-dhotel\\\/\"},{\"@type\":\"ListItem\",\"position\":5,\"name\":\"MATELAS DE PRINTEMPS avec mousse m\u00e9moire NOVA\"}]},{\"@type\":\"WebSite\",\"@id\":\"https:\\\/\\\/solucionescontract.com\\\/#website\",\"url\":\"https:\\\/\\\/solucionescontract.com\\\/\",\"name\":\"Soluciones Contract\",\"description\":\"Venta Mobiliario contract de dise\u00f1o\",\"publisher\":{\"@id\":\"https:\\\/\\\/solucionescontract.com\\\/#organization\"},\"potentialAction\":[{\"@type\":\"SearchAction\",\"target\":{\"@type\":\"EntryPoint\",\"urlTemplate\":\"https:\\\/\\\/solucionescontract.com\\\/?s={search_term_string}\"},\"query-input\":{\"@type\":\"PropertyValueSpecification\",\"valueRequired\":true,\"valueName\":\"search_term_string\"}}],\"inLanguage\":\"fr-FR\"},{\"@type\":\"Organization\",\"@id\":\"https:\\\/\\\/solucionescontract.com\\\/#organization\",\"name\":\"Soluciones Contract\",\"url\":\"https:\\\/\\\/solucionescontract.com\\\/\",\"logo\":{\"@type\":\"ImageObject\",\"inLanguage\":\"fr-FR\",\"@id\":\"https:\\\/\\\/solucionescontract.com\\\/#\\\/schema\\\/logo\\\/image\\\/\",\"url\":\"https:\\\/\\\/solucionescontract.com\\\/wp-content\\\/uploads\\\/2020\\\/02\\\/logoSC.jpg\",\"contentUrl\":\"https:\\\/\\\/solucionescontract.com\\\/wp-content\\\/uploads\\\/2020\\\/02\\\/logoSC.jpg\",\"width\":300,\"height\":125,\"caption\":\"Soluciones Contract\"},\"image\":{\"@id\":\"https:\\\/\\\/solucionescontract.com\\\/#\\\/schema\\\/logo\\\/image\\\/\"},\"sameAs\":[\"https:\\\/\\\/www.facebook.com\\\/solucionescontract\\\/\"]}]}<\/script>\n<!-- \/ Yoast SEO plugin. -->","yoast_head_json":{"title":"Matelas \u00e0 ressorts | Solutions contractuelles","description":"Nouvelle gamme de matelas en mousse visco\u00e9lastique. Un de nos meilleurs matelas pour sa haute respirabilit\u00e9, son design ergonomique et son tissu anti-acariens.","robots":{"index":"index","follow":"follow","max-snippet":"max-snippet:-1","max-image-preview":"max-image-preview:large","max-video-preview":"max-video-preview:-1"},"canonical":"https:\/\/solucionescontract.com\/fr\/producto\/matelas-a-ressorts-avec-viscoelastique-nova\/","og_locale":"fr_FR","og_type":"article","og_title":"Matelas \u00e0 ressorts | Solutions contractuelles","og_description":"Nouvelle gamme de matelas en mousse visco\u00e9lastique. Un de nos meilleurs matelas pour sa haute respirabilit\u00e9, son design ergonomique et son tissu anti-acariens.","og_url":"https:\/\/solucionescontract.com\/fr\/producto\/matelas-a-ressorts-avec-viscoelastique-nova\/","og_site_name":"Soluciones Contract","article_publisher":"https:\/\/www.facebook.com\/solucionescontract\/","article_modified_time":"2021-04-16T15:55:39+00:00","og_image":[{"url":"https:\/\/solucionescontract.com\/wp-content\/uploads\/2019\/08\/Colch\u00f3n-Flesan-Noa.jpg","type":"","width":"","height":""}],"twitter_card":"summary_large_image","schema":{"@context":"https:\/\/schema.org","@graph":[{"@type":"WebPage","@id":"https:\/\/solucionescontract.com\/fr\/producto\/matelas-a-ressorts-avec-viscoelastique-nova\/","url":"https:\/\/solucionescontract.com\/fr\/producto\/matelas-a-ressorts-avec-viscoelastique-nova\/","name":"Matelas \u00e0 ressorts | Solutions contractuelles","isPartOf":{"@id":"https:\/\/solucionescontract.com\/#website"},"primaryImageOfPage":{"@id":"https:\/\/solucionescontract.com\/fr\/producto\/matelas-a-ressorts-avec-viscoelastique-nova\/#primaryimage"},"image":{"@id":"https:\/\/solucionescontract.com\/fr\/producto\/matelas-a-ressorts-avec-viscoelastique-nova\/#primaryimage"},"thumbnailUrl":"https:\/\/solucionescontract.com\/wp-content\/uploads\/2019\/08\/Colch\u00f3n-Flesan-Noa.jpg","datePublished":"2019-08-27T07:50:11+00:00","dateModified":"2021-04-16T15:55:39+00:00","description":"Nouvelle gamme de matelas en mousse visco\u00e9lastique. Un de nos meilleurs matelas pour sa haute respirabilit\u00e9, son design ergonomique et son tissu anti-acariens.","breadcrumb":{"@id":"https:\/\/solucionescontract.com\/fr\/producto\/matelas-a-ressorts-avec-viscoelastique-nova\/#breadcrumb"},"inLanguage":"fr-FR","potentialAction":[{"@type":"ReadAction","target":["https:\/\/solucionescontract.com\/fr\/producto\/matelas-a-ressorts-avec-viscoelastique-nova\/"]}]},{"@type":"ImageObject","inLanguage":"fr-FR","@id":"https:\/\/solucionescontract.com\/fr\/producto\/matelas-a-ressorts-avec-viscoelastique-nova\/#primaryimage","url":"https:\/\/solucionescontract.com\/wp-content\/uploads\/2019\/08\/Colch\u00f3n-Flesan-Noa.jpg","contentUrl":"https:\/\/solucionescontract.com\/wp-content\/uploads\/2019\/08\/Colch\u00f3n-Flesan-Noa.jpg","width":1265,"height":1265},{"@type":"BreadcrumbList","@id":"https:\/\/solucionescontract.com\/fr\/producto\/matelas-a-ressorts-avec-viscoelastique-nova\/#breadcrumb","itemListElement":[{"@type":"ListItem","position":1,"name":"Inicio","item":"https:\/\/solucionescontract.com\/"},{"@type":"ListItem","position":2,"name":"Tienda mobiliario contract","item":"https:\/\/solucionescontract.com\/tienda-mobiliario-contract\/"},{"@type":"ListItem","position":3,"name":"Meubles de repos","item":"https:\/\/solucionescontract.com\/fr\/categoria-producto\/meubles-de-repos\/"},{"@type":"ListItem","position":4,"name":"Matelas d'h\u00f4tel","item":"https:\/\/solucionescontract.com\/fr\/categoria-producto\/meubles-de-repos\/matelas-dhotel\/"},{"@type":"ListItem","position":5,"name":"MATELAS DE PRINTEMPS avec mousse m\u00e9moire NOVA"}]},{"@type":"WebSite","@id":"https:\/\/solucionescontract.com\/#website","url":"https:\/\/solucionescontract.com\/","name":"Soluciones Contract","description":"Venta Mobiliario contract de dise\u00f1o","publisher":{"@id":"https:\/\/solucionescontract.com\/#organization"},"potentialAction":[{"@type":"SearchAction","target":{"@type":"EntryPoint","urlTemplate":"https:\/\/solucionescontract.com\/?s={search_term_string}"},"query-input":{"@type":"PropertyValueSpecification","valueRequired":true,"valueName":"search_term_string"}}],"inLanguage":"fr-FR"},{"@type":"Organization","@id":"https:\/\/solucionescontract.com\/#organization","name":"Soluciones Contract","url":"https:\/\/solucionescontract.com\/","logo":{"@type":"ImageObject","inLanguage":"fr-FR","@id":"https:\/\/solucionescontract.com\/#\/schema\/logo\/image\/","url":"https:\/\/solucionescontract.com\/wp-content\/uploads\/2020\/02\/logoSC.jpg","contentUrl":"https:\/\/solucionescontract.com\/wp-content\/uploads\/2020\/02\/logoSC.jpg","width":300,"height":125,"caption":"Soluciones Contract"},"image":{"@id":"https:\/\/solucionescontract.com\/#\/schema\/logo\/image\/"},"sameAs":["https:\/\/www.facebook.com\/solucionescontract\/"]}]}},"_links":{"self":[{"href":"https:\/\/solucionescontract.com\/fr\/wp-json\/wp\/v2\/product\/19154","targetHints":{"allow":["GET"]}}],"collection":[{"href":"https:\/\/solucionescontract.com\/fr\/wp-json\/wp\/v2\/product"}],"about":[{"href":"https:\/\/solucionescontract.com\/fr\/wp-json\/wp\/v2\/types\/product"}],"replies":[{"embeddable":true,"href":"https:\/\/solucionescontract.com\/fr\/wp-json\/wp\/v2\/comments?post=19154"}],"wp:featuredmedia":[{"embeddable":true,"href":"https:\/\/solucionescontract.com\/fr\/wp-json\/wp\/v2\/media\/15487"}],"wp:attachment":[{"href":"https:\/\/solucionescontract.com\/fr\/wp-json\/wp\/v2\/media?parent=19154"}],"wp:term":[{"taxonomy":"product_brand","embeddable":true,"href":"https:\/\/solucionescontract.com\/fr\/wp-json\/wp\/v2\/product_brand?post=19154"},{"taxonomy":"product_cat","embeddable":true,"href":"https:\/\/solucionescontract.com\/fr\/wp-json\/wp\/v2\/product_cat?post=19154"},{"taxonomy":"product_tag","embeddable":true,"href":"https:\/\/solucionescontract.com\/fr\/wp-json\/wp\/v2\/product_tag?post=19154"}],"curies":[{"name":"wp","href":"https:\/\/api.w.org\/{rel}","templated":true}]}}