{"id":19144,"date":"2019-09-17T10:33:33","date_gmt":"2019-09-17T10:33:33","guid":{"rendered":"https:\/\/www.solucionescontract.com\/producto\/chaise-de-bureau-flex\/"},"modified":"2021-04-16T15:52:56","modified_gmt":"2021-04-16T15:52:56","slug":"chaise-de-bureau-flex","status":"publish","type":"product","link":"https:\/\/solucionescontract.com\/fr\/producto\/chaise-de-bureau-flex\/","title":{"rendered":"CHAISE DE BUREAU FLEX"},"content":{"rendered":"<h3> Dimensions de la chaise de bureau Flex; <\/h3>\n<p><img decoding=\"async\" class=\" wd-lazy-fade alignnone size-full wp-image-8048\" src=\"https:\/\/solucionescontract.com\/wp-content\/themes\/woodmart\/images\/lazy.svg\" data-src=\"https:\/\/solucionescontract.com\/wp-content\/uploads\/2019\/09\/flexmedidas.png\" alt=\"\" width=\"242\" height=\"209\" srcset=\"\" data-srcset=\"https:\/\/solucionescontract.com\/wp-content\/uploads\/2019\/09\/flexmedidas.png 242w, https:\/\/solucionescontract.com\/wp-content\/uploads\/2019\/09\/flexmedidas-150x130.png 150w, https:\/\/solucionescontract.com\/wp-content\/uploads\/2019\/09\/flexmedidas-23x20.png 23w, https:\/\/solucionescontract.com\/wp-content\/uploads\/2019\/09\/flexmedidas-69x60.png 69w\" sizes=\"(max-width: 242px) 100vw, 242px\" \/><\/p>\n<p><\/script><\/p>\n","protected":false},"excerpt":{"rendered":"<ul>\n<li> Fauteuil pivotant \u00e0 dossier haut anatomique en polypropyl\u00e8ne noir, pistache ou bleu ciel. <\/li>\n<li> Mouvement synchronis\u00e9 du si\u00e8ge et du dossier. <\/li>\n<li> R\u00e9glage de la hauteur et de la profondeur du si\u00e8ge et des accoudoirs. <\/li>\n<li> Dossier flexible et r\u00e9glable, syst\u00e8me anti-retour et r\u00e9gulation de pression. Multi-positions. <\/li>\n<li> Base pivotante pyramidale en polyamide noir avec cinq rayons renforc\u00e9s de fibre de verre. <\/li>\n<\/ul>\n<p> <em> <span style = \"font-size: 10pt;\"> (Pour acheter la chaise dans d&rsquo;autres couleurs, consultez) <\/span> <\/em> <\/p>\n","protected":false},"featured_media":15515,"comment_status":"open","ping_status":"closed","template":"","meta":[],"product_brand":[],"product_cat":[633],"product_tag":[],"class_list":{"0":"post-19144","1":"product","2":"type-product","3":"status-publish","4":"has-post-thumbnail","6":"product_cat-chaises-operatives","7":"product_shipping_class-gratuit","8":"yith_product_brand-intacor-fr","10":"first","11":"instock","12":"taxable","13":"shipping-taxable","14":"purchasable","15":"product-type-variable"},"yoast_head":"<!-- This site is optimized with the Yoast SEO plugin v27.3 - https:\/\/yoast.com\/product\/yoast-seo-wordpress\/ -->\n<title>CHAISE DE BUREAU FLEX - Muebles de dise\u00f1o en Soluciones Contract<\/title>\n<meta name=\"description\" content=\"Achetez CHAISE DE BUREAU FLEX en ligne dans notre magasin de meubles Contract. Trouvez le meilleur MEUBLE DESIGN pour votre bureau ou votre maison.\" \/>\n<meta name=\"robots\" content=\"index, follow, max-snippet:-1, max-image-preview:large, max-video-preview:-1\" \/>\n<link rel=\"canonical\" href=\"https:\/\/solucionescontract.com\/fr\/producto\/chaise-de-bureau-flex\/\" \/>\n<meta property=\"og:locale\" content=\"fr_FR\" \/>\n<meta property=\"og:type\" content=\"article\" \/>\n<meta property=\"og:title\" content=\"CHAISE DE BUREAU FLEX - Muebles de dise\u00f1o en Soluciones Contract\" \/>\n<meta property=\"og:description\" content=\"Achetez CHAISE DE BUREAU FLEX en ligne dans notre magasin de meubles Contract. Trouvez le meilleur MEUBLE DESIGN pour votre bureau ou votre maison.\" \/>\n<meta property=\"og:url\" content=\"https:\/\/solucionescontract.com\/fr\/producto\/chaise-de-bureau-flex\/\" \/>\n<meta property=\"og:site_name\" content=\"Soluciones Contract\" \/>\n<meta property=\"article:publisher\" content=\"https:\/\/www.facebook.com\/solucionescontract\/\" \/>\n<meta property=\"article:modified_time\" content=\"2021-04-16T15:52:56+00:00\" \/>\n<meta property=\"og:image\" content=\"https:\/\/solucionescontract.com\/wp-content\/uploads\/2019\/09\/FLEX-01-01.png\" \/>\n\t<meta property=\"og:image:width\" content=\"1042\" \/>\n\t<meta property=\"og:image:height\" content=\"1042\" \/>\n\t<meta property=\"og:image:type\" content=\"image\/png\" \/>\n<meta name=\"twitter:card\" content=\"summary_large_image\" \/>\n<script type=\"application\/ld+json\" class=\"yoast-schema-graph\">{\"@context\":\"https:\\\/\\\/schema.org\",\"@graph\":[{\"@type\":\"WebPage\",\"@id\":\"https:\\\/\\\/solucionescontract.com\\\/fr\\\/producto\\\/chaise-de-bureau-flex\\\/\",\"url\":\"https:\\\/\\\/solucionescontract.com\\\/fr\\\/producto\\\/chaise-de-bureau-flex\\\/\",\"name\":\"CHAISE DE BUREAU FLEX - Muebles de dise\u00f1o en Soluciones Contract\",\"isPartOf\":{\"@id\":\"https:\\\/\\\/solucionescontract.com\\\/#website\"},\"primaryImageOfPage\":{\"@id\":\"https:\\\/\\\/solucionescontract.com\\\/fr\\\/producto\\\/chaise-de-bureau-flex\\\/#primaryimage\"},\"image\":{\"@id\":\"https:\\\/\\\/solucionescontract.com\\\/fr\\\/producto\\\/chaise-de-bureau-flex\\\/#primaryimage\"},\"thumbnailUrl\":\"https:\\\/\\\/solucionescontract.com\\\/wp-content\\\/uploads\\\/2019\\\/09\\\/FLEX-01-01.png\",\"datePublished\":\"2019-09-17T10:33:33+00:00\",\"dateModified\":\"2021-04-16T15:52:56+00:00\",\"description\":\"Achetez CHAISE DE BUREAU FLEX en ligne dans notre magasin de meubles Contract. Trouvez le meilleur MEUBLE DESIGN pour votre bureau ou votre maison.\",\"breadcrumb\":{\"@id\":\"https:\\\/\\\/solucionescontract.com\\\/fr\\\/producto\\\/chaise-de-bureau-flex\\\/#breadcrumb\"},\"inLanguage\":\"fr-FR\",\"potentialAction\":[{\"@type\":\"ReadAction\",\"target\":[\"https:\\\/\\\/solucionescontract.com\\\/fr\\\/producto\\\/chaise-de-bureau-flex\\\/\"]}]},{\"@type\":\"ImageObject\",\"inLanguage\":\"fr-FR\",\"@id\":\"https:\\\/\\\/solucionescontract.com\\\/fr\\\/producto\\\/chaise-de-bureau-flex\\\/#primaryimage\",\"url\":\"https:\\\/\\\/solucionescontract.com\\\/wp-content\\\/uploads\\\/2019\\\/09\\\/FLEX-01-01.png\",\"contentUrl\":\"https:\\\/\\\/solucionescontract.com\\\/wp-content\\\/uploads\\\/2019\\\/09\\\/FLEX-01-01.png\",\"width\":1042,\"height\":1042,\"caption\":\"Compra online en esta web mobiliario de dise\u00f1o de las mejores marcas para negocios y para el hogar!\"},{\"@type\":\"BreadcrumbList\",\"@id\":\"https:\\\/\\\/solucionescontract.com\\\/fr\\\/producto\\\/chaise-de-bureau-flex\\\/#breadcrumb\",\"itemListElement\":[{\"@type\":\"ListItem\",\"position\":1,\"name\":\"Inicio\",\"item\":\"https:\\\/\\\/solucionescontract.com\\\/\"},{\"@type\":\"ListItem\",\"position\":2,\"name\":\"Tienda mobiliario contract\",\"item\":\"https:\\\/\\\/solucionescontract.com\\\/tienda-mobiliario-contract\\\/\"},{\"@type\":\"ListItem\",\"position\":3,\"name\":\"Asientos Contract\",\"item\":\"https:\\\/\\\/solucionescontract.com\\\/categoria-producto\\\/asientos-para-contract\\\/\"},{\"@type\":\"ListItem\",\"position\":4,\"name\":\"Sillas Operativas\",\"item\":\"https:\\\/\\\/solucionescontract.com\\\/categoria-producto\\\/asientos-para-contract\\\/sillas-operativas\\\/\"},{\"@type\":\"ListItem\",\"position\":5,\"name\":\"CHAISE DE BUREAU FLEX\"}]},{\"@type\":\"WebSite\",\"@id\":\"https:\\\/\\\/solucionescontract.com\\\/#website\",\"url\":\"https:\\\/\\\/solucionescontract.com\\\/\",\"name\":\"Soluciones Contract\",\"description\":\"Venta Mobiliario contract de dise\u00f1o\",\"publisher\":{\"@id\":\"https:\\\/\\\/solucionescontract.com\\\/#organization\"},\"potentialAction\":[{\"@type\":\"SearchAction\",\"target\":{\"@type\":\"EntryPoint\",\"urlTemplate\":\"https:\\\/\\\/solucionescontract.com\\\/?s={search_term_string}\"},\"query-input\":{\"@type\":\"PropertyValueSpecification\",\"valueRequired\":true,\"valueName\":\"search_term_string\"}}],\"inLanguage\":\"fr-FR\"},{\"@type\":\"Organization\",\"@id\":\"https:\\\/\\\/solucionescontract.com\\\/#organization\",\"name\":\"Soluciones Contract\",\"url\":\"https:\\\/\\\/solucionescontract.com\\\/\",\"logo\":{\"@type\":\"ImageObject\",\"inLanguage\":\"fr-FR\",\"@id\":\"https:\\\/\\\/solucionescontract.com\\\/#\\\/schema\\\/logo\\\/image\\\/\",\"url\":\"https:\\\/\\\/solucionescontract.com\\\/wp-content\\\/uploads\\\/2020\\\/02\\\/logoSC.jpg\",\"contentUrl\":\"https:\\\/\\\/solucionescontract.com\\\/wp-content\\\/uploads\\\/2020\\\/02\\\/logoSC.jpg\",\"width\":300,\"height\":125,\"caption\":\"Soluciones Contract\"},\"image\":{\"@id\":\"https:\\\/\\\/solucionescontract.com\\\/#\\\/schema\\\/logo\\\/image\\\/\"},\"sameAs\":[\"https:\\\/\\\/www.facebook.com\\\/solucionescontract\\\/\"]}]}<\/script>\n<!-- \/ Yoast SEO plugin. -->","yoast_head_json":{"title":"CHAISE DE BUREAU FLEX - Muebles de dise\u00f1o en Soluciones Contract","description":"Achetez CHAISE DE BUREAU FLEX en ligne dans notre magasin de meubles Contract. Trouvez le meilleur MEUBLE DESIGN pour votre bureau ou votre maison.","robots":{"index":"index","follow":"follow","max-snippet":"max-snippet:-1","max-image-preview":"max-image-preview:large","max-video-preview":"max-video-preview:-1"},"canonical":"https:\/\/solucionescontract.com\/fr\/producto\/chaise-de-bureau-flex\/","og_locale":"fr_FR","og_type":"article","og_title":"CHAISE DE BUREAU FLEX - Muebles de dise\u00f1o en Soluciones Contract","og_description":"Achetez CHAISE DE BUREAU FLEX en ligne dans notre magasin de meubles Contract. Trouvez le meilleur MEUBLE DESIGN pour votre bureau ou votre maison.","og_url":"https:\/\/solucionescontract.com\/fr\/producto\/chaise-de-bureau-flex\/","og_site_name":"Soluciones Contract","article_publisher":"https:\/\/www.facebook.com\/solucionescontract\/","article_modified_time":"2021-04-16T15:52:56+00:00","og_image":[{"width":1042,"height":1042,"url":"https:\/\/solucionescontract.com\/wp-content\/uploads\/2019\/09\/FLEX-01-01.png","type":"image\/png"}],"twitter_card":"summary_large_image","schema":{"@context":"https:\/\/schema.org","@graph":[{"@type":"WebPage","@id":"https:\/\/solucionescontract.com\/fr\/producto\/chaise-de-bureau-flex\/","url":"https:\/\/solucionescontract.com\/fr\/producto\/chaise-de-bureau-flex\/","name":"CHAISE DE BUREAU FLEX - Muebles de dise\u00f1o en Soluciones Contract","isPartOf":{"@id":"https:\/\/solucionescontract.com\/#website"},"primaryImageOfPage":{"@id":"https:\/\/solucionescontract.com\/fr\/producto\/chaise-de-bureau-flex\/#primaryimage"},"image":{"@id":"https:\/\/solucionescontract.com\/fr\/producto\/chaise-de-bureau-flex\/#primaryimage"},"thumbnailUrl":"https:\/\/solucionescontract.com\/wp-content\/uploads\/2019\/09\/FLEX-01-01.png","datePublished":"2019-09-17T10:33:33+00:00","dateModified":"2021-04-16T15:52:56+00:00","description":"Achetez CHAISE DE BUREAU FLEX en ligne dans notre magasin de meubles Contract. Trouvez le meilleur MEUBLE DESIGN pour votre bureau ou votre maison.","breadcrumb":{"@id":"https:\/\/solucionescontract.com\/fr\/producto\/chaise-de-bureau-flex\/#breadcrumb"},"inLanguage":"fr-FR","potentialAction":[{"@type":"ReadAction","target":["https:\/\/solucionescontract.com\/fr\/producto\/chaise-de-bureau-flex\/"]}]},{"@type":"ImageObject","inLanguage":"fr-FR","@id":"https:\/\/solucionescontract.com\/fr\/producto\/chaise-de-bureau-flex\/#primaryimage","url":"https:\/\/solucionescontract.com\/wp-content\/uploads\/2019\/09\/FLEX-01-01.png","contentUrl":"https:\/\/solucionescontract.com\/wp-content\/uploads\/2019\/09\/FLEX-01-01.png","width":1042,"height":1042,"caption":"Compra online en esta web mobiliario de dise\u00f1o de las mejores marcas para negocios y para el hogar!"},{"@type":"BreadcrumbList","@id":"https:\/\/solucionescontract.com\/fr\/producto\/chaise-de-bureau-flex\/#breadcrumb","itemListElement":[{"@type":"ListItem","position":1,"name":"Inicio","item":"https:\/\/solucionescontract.com\/"},{"@type":"ListItem","position":2,"name":"Tienda mobiliario contract","item":"https:\/\/solucionescontract.com\/tienda-mobiliario-contract\/"},{"@type":"ListItem","position":3,"name":"Asientos Contract","item":"https:\/\/solucionescontract.com\/categoria-producto\/asientos-para-contract\/"},{"@type":"ListItem","position":4,"name":"Sillas Operativas","item":"https:\/\/solucionescontract.com\/categoria-producto\/asientos-para-contract\/sillas-operativas\/"},{"@type":"ListItem","position":5,"name":"CHAISE DE BUREAU FLEX"}]},{"@type":"WebSite","@id":"https:\/\/solucionescontract.com\/#website","url":"https:\/\/solucionescontract.com\/","name":"Soluciones Contract","description":"Venta Mobiliario contract de dise\u00f1o","publisher":{"@id":"https:\/\/solucionescontract.com\/#organization"},"potentialAction":[{"@type":"SearchAction","target":{"@type":"EntryPoint","urlTemplate":"https:\/\/solucionescontract.com\/?s={search_term_string}"},"query-input":{"@type":"PropertyValueSpecification","valueRequired":true,"valueName":"search_term_string"}}],"inLanguage":"fr-FR"},{"@type":"Organization","@id":"https:\/\/solucionescontract.com\/#organization","name":"Soluciones Contract","url":"https:\/\/solucionescontract.com\/","logo":{"@type":"ImageObject","inLanguage":"fr-FR","@id":"https:\/\/solucionescontract.com\/#\/schema\/logo\/image\/","url":"https:\/\/solucionescontract.com\/wp-content\/uploads\/2020\/02\/logoSC.jpg","contentUrl":"https:\/\/solucionescontract.com\/wp-content\/uploads\/2020\/02\/logoSC.jpg","width":300,"height":125,"caption":"Soluciones Contract"},"image":{"@id":"https:\/\/solucionescontract.com\/#\/schema\/logo\/image\/"},"sameAs":["https:\/\/www.facebook.com\/solucionescontract\/"]}]}},"_links":{"self":[{"href":"https:\/\/solucionescontract.com\/fr\/wp-json\/wp\/v2\/product\/19144","targetHints":{"allow":["GET"]}}],"collection":[{"href":"https:\/\/solucionescontract.com\/fr\/wp-json\/wp\/v2\/product"}],"about":[{"href":"https:\/\/solucionescontract.com\/fr\/wp-json\/wp\/v2\/types\/product"}],"replies":[{"embeddable":true,"href":"https:\/\/solucionescontract.com\/fr\/wp-json\/wp\/v2\/comments?post=19144"}],"wp:featuredmedia":[{"embeddable":true,"href":"https:\/\/solucionescontract.com\/fr\/wp-json\/wp\/v2\/media\/15515"}],"wp:attachment":[{"href":"https:\/\/solucionescontract.com\/fr\/wp-json\/wp\/v2\/media?parent=19144"}],"wp:term":[{"taxonomy":"product_brand","embeddable":true,"href":"https:\/\/solucionescontract.com\/fr\/wp-json\/wp\/v2\/product_brand?post=19144"},{"taxonomy":"product_cat","embeddable":true,"href":"https:\/\/solucionescontract.com\/fr\/wp-json\/wp\/v2\/product_cat?post=19144"},{"taxonomy":"product_tag","embeddable":true,"href":"https:\/\/solucionescontract.com\/fr\/wp-json\/wp\/v2\/product_tag?post=19144"}],"curies":[{"name":"wp","href":"https:\/\/api.w.org\/{rel}","templated":true}]}}