{"id":19143,"date":"2019-09-17T10:57:49","date_gmt":"2019-09-17T10:57:49","guid":{"rendered":"https:\/\/www.solucionescontract.com\/producto\/silla-de-direccion-oficina-bd400\/"},"modified":"2021-04-16T15:52:04","modified_gmt":"2021-04-16T15:52:04","slug":"silla-de-direccion-oficina-bd400","status":"publish","type":"product","link":"https:\/\/solucionescontract.com\/fr\/producto\/silla-de-direccion-oficina-bd400\/","title":{"rendered":"Chaise de bureau BD400"},"content":{"rendered":"<h3> Dimensions de la chaise de bureau BD400; <\/h3>\n<p><img decoding=\"async\" class=\" wd-lazy-fade alignnone wp-image-8047 size-full\" src=\"https:\/\/solucionescontract.com\/wp-content\/themes\/woodmart\/images\/lazy.svg\" data-src=\"https:\/\/solucionescontract.com\/wp-content\/uploads\/2019\/09\/bd400medidas.png\" alt=\"\" width=\"242\" height=\"221\" srcset=\"\" data-srcset=\"https:\/\/solucionescontract.com\/wp-content\/uploads\/2019\/09\/bd400medidas.png 242w, https:\/\/solucionescontract.com\/wp-content\/uploads\/2019\/09\/bd400medidas-150x137.png 150w, https:\/\/solucionescontract.com\/wp-content\/uploads\/2019\/09\/bd400medidas-22x20.png 22w, https:\/\/solucionescontract.com\/wp-content\/uploads\/2019\/09\/bd400medidas-66x60.png 66w\" sizes=\"(max-width: 242px) 100vw, 242px\" \/><\/p>\n<p><\/script><\/p>\n","protected":false},"excerpt":{"rendered":"<ul>\n<li> Fauteuil de direction avec dossier haut. Rembourrage bleu <\/li>\n<li> Bras en polyur\u00e9thane inject\u00e9 noir COLMENAR. <\/li>\n<li> Rembourrage polyur\u00e9thane haute densit\u00e9 sur assise 30 kg \/ m3 et dossier 25 kg \/ m3. <\/li>\n<li> R\u00e9glage de la hauteur par colonne pneumatique. <\/li>\n<li> Base pivotante en polyamide noir avec cinq rayons renforc\u00e9s de fibre de verre. <\/li>\n<li> Roues autofrein\u00e9es \u00d8 50 mm \u00e0 roulement doux. <\/li>\n<\/ul>\n<p> <em> <span style = \"font-size: 10pt;\"> (Pour acheter la chaise dans d&rsquo;autres couleurs ou tissus, consultez) <\/span> <\/em> <\/p>\n","protected":false},"featured_media":15523,"comment_status":"open","ping_status":"closed","template":"","meta":[],"product_brand":[],"product_cat":[633,529],"product_tag":[],"class_list":{"0":"post-19143","1":"product","2":"type-product","3":"status-publish","4":"has-post-thumbnail","6":"product_cat-chaises-operatives","7":"product_cat-sieges-contractuels","8":"product_shipping_class-gratuit","9":"yith_product_brand-intacor-fr","11":"first","12":"instock","13":"taxable","14":"shipping-taxable","15":"purchasable","16":"product-type-simple"},"yoast_head":"<!-- This site is optimized with the Yoast SEO plugin v27.3 - https:\/\/yoast.com\/product\/yoast-seo-wordpress\/ -->\n<title>Chaise de bureau BD400 - Muebles de dise\u00f1o en Soluciones Contract<\/title>\n<meta name=\"description\" content=\"Compra Chaise de bureau BD400 online en nuestra tienda de muebles Contract. Encuentra el mejor MOBILIARIO DE DISE\u00d1O oficina y para el hogar\" \/>\n<meta name=\"robots\" content=\"index, follow, max-snippet:-1, max-image-preview:large, max-video-preview:-1\" \/>\n<link rel=\"canonical\" href=\"https:\/\/solucionescontract.com\/producto\/silla-de-direccion-oficina-bd400\/\" \/>\n<meta property=\"og:locale\" content=\"fr_FR\" \/>\n<meta property=\"og:type\" content=\"article\" \/>\n<meta property=\"og:title\" content=\"Chaise de bureau BD400 - Muebles de dise\u00f1o en Soluciones Contract\" \/>\n<meta property=\"og:description\" content=\"Compra Chaise de bureau BD400 online en nuestra tienda de muebles Contract. Encuentra el mejor MOBILIARIO DE DISE\u00d1O oficina y para el hogar\" \/>\n<meta property=\"og:url\" content=\"https:\/\/solucionescontract.com\/producto\/silla-de-direccion-oficina-bd400\/\" \/>\n<meta property=\"og:site_name\" content=\"Soluciones Contract\" \/>\n<meta property=\"article:publisher\" content=\"https:\/\/www.facebook.com\/solucionescontract\/\" \/>\n<meta property=\"article:modified_time\" content=\"2021-04-16T15:52:04+00:00\" \/>\n<meta property=\"og:image\" content=\"https:\/\/solucionescontract.com\/wp-content\/uploads\/2019\/09\/33-BD-400.png\" \/>\n\t<meta property=\"og:image:width\" content=\"1042\" \/>\n\t<meta property=\"og:image:height\" content=\"1042\" \/>\n\t<meta property=\"og:image:type\" content=\"image\/png\" \/>\n<meta name=\"twitter:card\" content=\"summary_large_image\" \/>\n<script type=\"application\/ld+json\" class=\"yoast-schema-graph\">{\"@context\":\"https:\\\/\\\/schema.org\",\"@graph\":[{\"@type\":\"WebPage\",\"@id\":\"https:\\\/\\\/solucionescontract.com\\\/producto\\\/silla-de-direccion-oficina-bd400\\\/\",\"url\":\"https:\\\/\\\/solucionescontract.com\\\/producto\\\/silla-de-direccion-oficina-bd400\\\/\",\"name\":\"Chaise de bureau BD400 - Muebles de dise\u00f1o en Soluciones Contract\",\"isPartOf\":{\"@id\":\"https:\\\/\\\/solucionescontract.com\\\/#website\"},\"primaryImageOfPage\":{\"@id\":\"https:\\\/\\\/solucionescontract.com\\\/producto\\\/silla-de-direccion-oficina-bd400\\\/#primaryimage\"},\"image\":{\"@id\":\"https:\\\/\\\/solucionescontract.com\\\/producto\\\/silla-de-direccion-oficina-bd400\\\/#primaryimage\"},\"thumbnailUrl\":\"https:\\\/\\\/solucionescontract.com\\\/wp-content\\\/uploads\\\/2019\\\/09\\\/33-BD-400.png\",\"datePublished\":\"2019-09-17T10:57:49+00:00\",\"dateModified\":\"2021-04-16T15:52:04+00:00\",\"description\":\"Compra Chaise de bureau BD400 online en nuestra tienda de muebles Contract. Encuentra el mejor MOBILIARIO DE DISE\u00d1O oficina y para el hogar\",\"breadcrumb\":{\"@id\":\"https:\\\/\\\/solucionescontract.com\\\/producto\\\/silla-de-direccion-oficina-bd400\\\/#breadcrumb\"},\"inLanguage\":\"fr-FR\",\"potentialAction\":[{\"@type\":\"ReadAction\",\"target\":[\"https:\\\/\\\/solucionescontract.com\\\/producto\\\/silla-de-direccion-oficina-bd400\\\/\"]}]},{\"@type\":\"ImageObject\",\"inLanguage\":\"fr-FR\",\"@id\":\"https:\\\/\\\/solucionescontract.com\\\/producto\\\/silla-de-direccion-oficina-bd400\\\/#primaryimage\",\"url\":\"https:\\\/\\\/solucionescontract.com\\\/wp-content\\\/uploads\\\/2019\\\/09\\\/33-BD-400.png\",\"contentUrl\":\"https:\\\/\\\/solucionescontract.com\\\/wp-content\\\/uploads\\\/2019\\\/09\\\/33-BD-400.png\",\"width\":1042,\"height\":1042,\"caption\":\"Compra online en esta web mobiliario de dise\u00f1o de las mejores marcas para negocios y para el hogar!\"},{\"@type\":\"BreadcrumbList\",\"@id\":\"https:\\\/\\\/solucionescontract.com\\\/producto\\\/silla-de-direccion-oficina-bd400\\\/#breadcrumb\",\"itemListElement\":[{\"@type\":\"ListItem\",\"position\":1,\"name\":\"Inicio\",\"item\":\"https:\\\/\\\/solucionescontract.com\\\/\"},{\"@type\":\"ListItem\",\"position\":2,\"name\":\"Tienda mobiliario contract\",\"item\":\"https:\\\/\\\/solucionescontract.com\\\/tienda-mobiliario-contract\\\/\"},{\"@type\":\"ListItem\",\"position\":3,\"name\":\"Asientos Contract\",\"item\":\"https:\\\/\\\/solucionescontract.com\\\/categoria-producto\\\/asientos-para-contract\\\/\"},{\"@type\":\"ListItem\",\"position\":4,\"name\":\"Sillas Operativas\",\"item\":\"https:\\\/\\\/solucionescontract.com\\\/categoria-producto\\\/asientos-para-contract\\\/sillas-operativas\\\/\"},{\"@type\":\"ListItem\",\"position\":5,\"name\":\"Chaise de bureau BD400\"}]},{\"@type\":\"WebSite\",\"@id\":\"https:\\\/\\\/solucionescontract.com\\\/#website\",\"url\":\"https:\\\/\\\/solucionescontract.com\\\/\",\"name\":\"Soluciones Contract\",\"description\":\"Venta Mobiliario contract de dise\u00f1o\",\"publisher\":{\"@id\":\"https:\\\/\\\/solucionescontract.com\\\/#organization\"},\"potentialAction\":[{\"@type\":\"SearchAction\",\"target\":{\"@type\":\"EntryPoint\",\"urlTemplate\":\"https:\\\/\\\/solucionescontract.com\\\/?s={search_term_string}\"},\"query-input\":{\"@type\":\"PropertyValueSpecification\",\"valueRequired\":true,\"valueName\":\"search_term_string\"}}],\"inLanguage\":\"fr-FR\"},{\"@type\":\"Organization\",\"@id\":\"https:\\\/\\\/solucionescontract.com\\\/#organization\",\"name\":\"Soluciones Contract\",\"url\":\"https:\\\/\\\/solucionescontract.com\\\/\",\"logo\":{\"@type\":\"ImageObject\",\"inLanguage\":\"fr-FR\",\"@id\":\"https:\\\/\\\/solucionescontract.com\\\/#\\\/schema\\\/logo\\\/image\\\/\",\"url\":\"https:\\\/\\\/solucionescontract.com\\\/wp-content\\\/uploads\\\/2020\\\/02\\\/logoSC.jpg\",\"contentUrl\":\"https:\\\/\\\/solucionescontract.com\\\/wp-content\\\/uploads\\\/2020\\\/02\\\/logoSC.jpg\",\"width\":300,\"height\":125,\"caption\":\"Soluciones Contract\"},\"image\":{\"@id\":\"https:\\\/\\\/solucionescontract.com\\\/#\\\/schema\\\/logo\\\/image\\\/\"},\"sameAs\":[\"https:\\\/\\\/www.facebook.com\\\/solucionescontract\\\/\"]}]}<\/script>\n<!-- \/ Yoast SEO plugin. -->","yoast_head_json":{"title":"Chaise de bureau BD400 - Muebles de dise\u00f1o en Soluciones Contract","description":"Compra Chaise de bureau BD400 online en nuestra tienda de muebles Contract. Encuentra el mejor MOBILIARIO DE DISE\u00d1O oficina y para el hogar","robots":{"index":"index","follow":"follow","max-snippet":"max-snippet:-1","max-image-preview":"max-image-preview:large","max-video-preview":"max-video-preview:-1"},"canonical":"https:\/\/solucionescontract.com\/producto\/silla-de-direccion-oficina-bd400\/","og_locale":"fr_FR","og_type":"article","og_title":"Chaise de bureau BD400 - Muebles de dise\u00f1o en Soluciones Contract","og_description":"Compra Chaise de bureau BD400 online en nuestra tienda de muebles Contract. Encuentra el mejor MOBILIARIO DE DISE\u00d1O oficina y para el hogar","og_url":"https:\/\/solucionescontract.com\/producto\/silla-de-direccion-oficina-bd400\/","og_site_name":"Soluciones Contract","article_publisher":"https:\/\/www.facebook.com\/solucionescontract\/","article_modified_time":"2021-04-16T15:52:04+00:00","og_image":[{"width":1042,"height":1042,"url":"https:\/\/solucionescontract.com\/wp-content\/uploads\/2019\/09\/33-BD-400.png","type":"image\/png"}],"twitter_card":"summary_large_image","schema":{"@context":"https:\/\/schema.org","@graph":[{"@type":"WebPage","@id":"https:\/\/solucionescontract.com\/producto\/silla-de-direccion-oficina-bd400\/","url":"https:\/\/solucionescontract.com\/producto\/silla-de-direccion-oficina-bd400\/","name":"Chaise de bureau BD400 - Muebles de dise\u00f1o en Soluciones Contract","isPartOf":{"@id":"https:\/\/solucionescontract.com\/#website"},"primaryImageOfPage":{"@id":"https:\/\/solucionescontract.com\/producto\/silla-de-direccion-oficina-bd400\/#primaryimage"},"image":{"@id":"https:\/\/solucionescontract.com\/producto\/silla-de-direccion-oficina-bd400\/#primaryimage"},"thumbnailUrl":"https:\/\/solucionescontract.com\/wp-content\/uploads\/2019\/09\/33-BD-400.png","datePublished":"2019-09-17T10:57:49+00:00","dateModified":"2021-04-16T15:52:04+00:00","description":"Compra Chaise de bureau BD400 online en nuestra tienda de muebles Contract. Encuentra el mejor MOBILIARIO DE DISE\u00d1O oficina y para el hogar","breadcrumb":{"@id":"https:\/\/solucionescontract.com\/producto\/silla-de-direccion-oficina-bd400\/#breadcrumb"},"inLanguage":"fr-FR","potentialAction":[{"@type":"ReadAction","target":["https:\/\/solucionescontract.com\/producto\/silla-de-direccion-oficina-bd400\/"]}]},{"@type":"ImageObject","inLanguage":"fr-FR","@id":"https:\/\/solucionescontract.com\/producto\/silla-de-direccion-oficina-bd400\/#primaryimage","url":"https:\/\/solucionescontract.com\/wp-content\/uploads\/2019\/09\/33-BD-400.png","contentUrl":"https:\/\/solucionescontract.com\/wp-content\/uploads\/2019\/09\/33-BD-400.png","width":1042,"height":1042,"caption":"Compra online en esta web mobiliario de dise\u00f1o de las mejores marcas para negocios y para el hogar!"},{"@type":"BreadcrumbList","@id":"https:\/\/solucionescontract.com\/producto\/silla-de-direccion-oficina-bd400\/#breadcrumb","itemListElement":[{"@type":"ListItem","position":1,"name":"Inicio","item":"https:\/\/solucionescontract.com\/"},{"@type":"ListItem","position":2,"name":"Tienda mobiliario contract","item":"https:\/\/solucionescontract.com\/tienda-mobiliario-contract\/"},{"@type":"ListItem","position":3,"name":"Asientos Contract","item":"https:\/\/solucionescontract.com\/categoria-producto\/asientos-para-contract\/"},{"@type":"ListItem","position":4,"name":"Sillas Operativas","item":"https:\/\/solucionescontract.com\/categoria-producto\/asientos-para-contract\/sillas-operativas\/"},{"@type":"ListItem","position":5,"name":"Chaise de bureau BD400"}]},{"@type":"WebSite","@id":"https:\/\/solucionescontract.com\/#website","url":"https:\/\/solucionescontract.com\/","name":"Soluciones Contract","description":"Venta Mobiliario contract de dise\u00f1o","publisher":{"@id":"https:\/\/solucionescontract.com\/#organization"},"potentialAction":[{"@type":"SearchAction","target":{"@type":"EntryPoint","urlTemplate":"https:\/\/solucionescontract.com\/?s={search_term_string}"},"query-input":{"@type":"PropertyValueSpecification","valueRequired":true,"valueName":"search_term_string"}}],"inLanguage":"fr-FR"},{"@type":"Organization","@id":"https:\/\/solucionescontract.com\/#organization","name":"Soluciones Contract","url":"https:\/\/solucionescontract.com\/","logo":{"@type":"ImageObject","inLanguage":"fr-FR","@id":"https:\/\/solucionescontract.com\/#\/schema\/logo\/image\/","url":"https:\/\/solucionescontract.com\/wp-content\/uploads\/2020\/02\/logoSC.jpg","contentUrl":"https:\/\/solucionescontract.com\/wp-content\/uploads\/2020\/02\/logoSC.jpg","width":300,"height":125,"caption":"Soluciones Contract"},"image":{"@id":"https:\/\/solucionescontract.com\/#\/schema\/logo\/image\/"},"sameAs":["https:\/\/www.facebook.com\/solucionescontract\/"]}]}},"_links":{"self":[{"href":"https:\/\/solucionescontract.com\/fr\/wp-json\/wp\/v2\/product\/19143","targetHints":{"allow":["GET"]}}],"collection":[{"href":"https:\/\/solucionescontract.com\/fr\/wp-json\/wp\/v2\/product"}],"about":[{"href":"https:\/\/solucionescontract.com\/fr\/wp-json\/wp\/v2\/types\/product"}],"replies":[{"embeddable":true,"href":"https:\/\/solucionescontract.com\/fr\/wp-json\/wp\/v2\/comments?post=19143"}],"wp:featuredmedia":[{"embeddable":true,"href":"https:\/\/solucionescontract.com\/fr\/wp-json\/wp\/v2\/media\/15523"}],"wp:attachment":[{"href":"https:\/\/solucionescontract.com\/fr\/wp-json\/wp\/v2\/media?parent=19143"}],"wp:term":[{"taxonomy":"product_brand","embeddable":true,"href":"https:\/\/solucionescontract.com\/fr\/wp-json\/wp\/v2\/product_brand?post=19143"},{"taxonomy":"product_cat","embeddable":true,"href":"https:\/\/solucionescontract.com\/fr\/wp-json\/wp\/v2\/product_cat?post=19143"},{"taxonomy":"product_tag","embeddable":true,"href":"https:\/\/solucionescontract.com\/fr\/wp-json\/wp\/v2\/product_tag?post=19143"}],"curies":[{"name":"wp","href":"https:\/\/api.w.org\/{rel}","templated":true}]}}