{"id":19112,"date":"2019-11-18T23:32:29","date_gmt":"2019-11-18T23:32:29","guid":{"rendered":"https:\/\/www.solucionescontract.com\/producto\/chaise-petoncle\/"},"modified":"2021-01-20T12:53:09","modified_gmt":"2021-01-20T12:53:09","slug":"chaise-petoncle","status":"publish","type":"product","link":"https:\/\/solucionescontract.com\/fr\/producto\/chaise-petoncle\/","title":{"rendered":"CHAISE FESTON"},"content":{"rendered":"<p><a href=\"https:\/\/solucionescontract.com\/wp-content\/uploads\/2019\/11\/Ficha-t\u00e9cnica-sill\u00f3n-Zuiver.jpg\"><img decoding=\"async\" class=\" wd-lazy-fade alignnone wp-image-8195 size-medium\" src=\"https:\/\/solucionescontract.com\/wp-content\/themes\/woodmart\/images\/lazy.svg\" data-src=\"https:\/\/solucionescontract.com\/wp-content\/uploads\/2019\/11\/Ficha-t\u00e9cnica-sill\u00f3n-Zuiver-276x300.jpg\" alt=\"\" width=\"276\" height=\"300\" srcset=\"\" data-srcset=\"https:\/\/solucionescontract.com\/wp-content\/uploads\/2019\/11\/Ficha-t\u00e9cnica-sill\u00f3n-Zuiver-276x300.jpg 276w, https:\/\/solucionescontract.com\/wp-content\/uploads\/2019\/11\/Ficha-t\u00e9cnica-sill\u00f3n-Zuiver-150x163.jpg 150w, https:\/\/solucionescontract.com\/wp-content\/uploads\/2019\/11\/Ficha-t\u00e9cnica-sill\u00f3n-Zuiver-18x20.jpg 18w, https:\/\/solucionescontract.com\/wp-content\/uploads\/2019\/11\/Ficha-t\u00e9cnica-sill\u00f3n-Zuiver-55x60.jpg 55w, https:\/\/solucionescontract.com\/wp-content\/uploads\/2019\/11\/Ficha-t\u00e9cnica-sill\u00f3n-Zuiver.jpg 403w\" sizes=\"(max-width: 276px) 100vw, 276px\" \/><\/a><\/script><\/p>\n","protected":false},"excerpt":{"rendered":"<ul>\n<li style = \"text-align: justify;\"> Chaise con\u00e7ue pour s&rsquo;adapter \u00e0 n&rsquo;importe quel espace public, des caf\u00e9s et restaurants, chambres d&rsquo;h\u00f4tel, salles d&rsquo;attente &#8230; \u00e0 votre propre coin lecture dans votre maison. <\/ li >\n<li style = \"text-align: justify;\"> Rembourrage avec surpiq\u00fbres d\u00e9coratives en tissu gris, cuir PU marron ou noir vintage <\/li>\n<li> Tissu: 100% polyester, 50 000 Martindale. Cuir PU: 20 000 Martindale. <\/li>\n<li> Cadre en acier avec rev\u00eatement en poudre noir. <\/li>\n<li> Dimensions: 56,5x55x77 cm <\/li>\n<li> Hauteur d&rsquo;assise: 46 cm. <\/li>\n<\/ul>\n<p>&nbsp;<\/p>\n<p>&nbsp;<\/p>\n","protected":false},"featured_media":15727,"comment_status":"open","ping_status":"closed","template":"","meta":[],"product_brand":[],"product_cat":[535,627,531,625,529],"product_tag":[655,689],"class_list":{"0":"post-19112","1":"product","2":"type-product","3":"status-publish","4":"has-post-thumbnail","6":"product_cat-chaises-contractuelles","7":"product_cat-fauteuil-contract","8":"product_cat-fauteuils-design","9":"product_cat-salle-dattente-et-reception","10":"product_cat-sieges-contractuels","11":"product_tag-interior-fr","12":"product_tag-asientos-tapizados-fr","13":"product_shipping_class-gratuit","14":"yith_product_brand-zuiver-fr","16":"first","17":"instock","18":"taxable","19":"shipping-taxable","20":"purchasable","21":"product-type-variable"},"yoast_head":"<!-- This site is optimized with the Yoast SEO plugin v27.3 - https:\/\/yoast.com\/product\/yoast-seo-wordpress\/ -->\n<title>CHAISE FESTON - Muebles de dise\u00f1o en Soluciones Contract<\/title>\n<meta name=\"description\" content=\"Achetez CHAISE FESTON en ligne dans notre magasin de meubles Contract. Trouvez le meilleur MEUBLE DE CONCEPTION pour un usage h\u00f4telier, domestique et commercial. .\" \/>\n<meta name=\"robots\" content=\"index, follow, max-snippet:-1, max-image-preview:large, max-video-preview:-1\" \/>\n<link rel=\"canonical\" href=\"https:\/\/solucionescontract.com\/fr\/producto\/chaise-petoncle\/\" \/>\n<meta property=\"og:locale\" content=\"fr_FR\" \/>\n<meta property=\"og:type\" content=\"article\" \/>\n<meta property=\"og:title\" content=\"CHAISE FESTON - Muebles de dise\u00f1o en Soluciones Contract\" \/>\n<meta property=\"og:description\" content=\"Achetez CHAISE FESTON en ligne dans notre magasin de meubles Contract. Trouvez le meilleur MEUBLE DE CONCEPTION pour un usage h\u00f4telier, domestique et commercial. .\" \/>\n<meta property=\"og:url\" content=\"https:\/\/solucionescontract.com\/fr\/producto\/chaise-petoncle\/\" \/>\n<meta property=\"og:site_name\" content=\"Soluciones Contract\" \/>\n<meta property=\"article:publisher\" content=\"https:\/\/www.facebook.com\/solucionescontract\/\" \/>\n<meta property=\"article:modified_time\" content=\"2021-01-20T12:53:09+00:00\" \/>\n<meta property=\"og:image\" content=\"https:\/\/solucionescontract.com\/wp-content\/uploads\/2019\/11\/Feston-lounge-chair-3.jpg\" \/>\n\t<meta property=\"og:image:width\" content=\"1300\" \/>\n\t<meta property=\"og:image:height\" content=\"1300\" \/>\n\t<meta property=\"og:image:type\" content=\"image\/jpeg\" \/>\n<meta name=\"twitter:card\" content=\"summary_large_image\" \/>\n<script type=\"application\/ld+json\" class=\"yoast-schema-graph\">{\"@context\":\"https:\\\/\\\/schema.org\",\"@graph\":[{\"@type\":\"WebPage\",\"@id\":\"https:\\\/\\\/solucionescontract.com\\\/fr\\\/producto\\\/chaise-petoncle\\\/\",\"url\":\"https:\\\/\\\/solucionescontract.com\\\/fr\\\/producto\\\/chaise-petoncle\\\/\",\"name\":\"CHAISE FESTON - Muebles de dise\u00f1o en Soluciones Contract\",\"isPartOf\":{\"@id\":\"https:\\\/\\\/solucionescontract.com\\\/#website\"},\"primaryImageOfPage\":{\"@id\":\"https:\\\/\\\/solucionescontract.com\\\/fr\\\/producto\\\/chaise-petoncle\\\/#primaryimage\"},\"image\":{\"@id\":\"https:\\\/\\\/solucionescontract.com\\\/fr\\\/producto\\\/chaise-petoncle\\\/#primaryimage\"},\"thumbnailUrl\":\"https:\\\/\\\/solucionescontract.com\\\/wp-content\\\/uploads\\\/2019\\\/11\\\/Feston-lounge-chair-3.jpg\",\"datePublished\":\"2019-11-18T23:32:29+00:00\",\"dateModified\":\"2021-01-20T12:53:09+00:00\",\"description\":\"Achetez CHAISE FESTON en ligne dans notre magasin de meubles Contract. Trouvez le meilleur MEUBLE DE CONCEPTION pour un usage h\u00f4telier, domestique et commercial. .\",\"breadcrumb\":{\"@id\":\"https:\\\/\\\/solucionescontract.com\\\/fr\\\/producto\\\/chaise-petoncle\\\/#breadcrumb\"},\"inLanguage\":\"fr-FR\",\"potentialAction\":[{\"@type\":\"ReadAction\",\"target\":[\"https:\\\/\\\/solucionescontract.com\\\/fr\\\/producto\\\/chaise-petoncle\\\/\"]}]},{\"@type\":\"ImageObject\",\"inLanguage\":\"fr-FR\",\"@id\":\"https:\\\/\\\/solucionescontract.com\\\/fr\\\/producto\\\/chaise-petoncle\\\/#primaryimage\",\"url\":\"https:\\\/\\\/solucionescontract.com\\\/wp-content\\\/uploads\\\/2019\\\/11\\\/Feston-lounge-chair-3.jpg\",\"contentUrl\":\"https:\\\/\\\/solucionescontract.com\\\/wp-content\\\/uploads\\\/2019\\\/11\\\/Feston-lounge-chair-3.jpg\",\"width\":1300,\"height\":1300,\"caption\":\"Compra online en nuestra pagina sillas de dise\u00f1o, como la silla Feston\"},{\"@type\":\"BreadcrumbList\",\"@id\":\"https:\\\/\\\/solucionescontract.com\\\/fr\\\/producto\\\/chaise-petoncle\\\/#breadcrumb\",\"itemListElement\":[{\"@type\":\"ListItem\",\"position\":1,\"name\":\"Inicio\",\"item\":\"https:\\\/\\\/solucionescontract.com\\\/\"},{\"@type\":\"ListItem\",\"position\":2,\"name\":\"Tienda mobiliario contract\",\"item\":\"https:\\\/\\\/solucionescontract.com\\\/tienda-mobiliario-contract\\\/\"},{\"@type\":\"ListItem\",\"position\":3,\"name\":\"Asientos Contract\",\"item\":\"https:\\\/\\\/solucionescontract.com\\\/categoria-producto\\\/asientos-para-contract\\\/\"},{\"@type\":\"ListItem\",\"position\":4,\"name\":\"CHAISE FESTON\"}]},{\"@type\":\"WebSite\",\"@id\":\"https:\\\/\\\/solucionescontract.com\\\/#website\",\"url\":\"https:\\\/\\\/solucionescontract.com\\\/\",\"name\":\"Soluciones Contract\",\"description\":\"Venta Mobiliario contract de dise\u00f1o\",\"publisher\":{\"@id\":\"https:\\\/\\\/solucionescontract.com\\\/#organization\"},\"potentialAction\":[{\"@type\":\"SearchAction\",\"target\":{\"@type\":\"EntryPoint\",\"urlTemplate\":\"https:\\\/\\\/solucionescontract.com\\\/?s={search_term_string}\"},\"query-input\":{\"@type\":\"PropertyValueSpecification\",\"valueRequired\":true,\"valueName\":\"search_term_string\"}}],\"inLanguage\":\"fr-FR\"},{\"@type\":\"Organization\",\"@id\":\"https:\\\/\\\/solucionescontract.com\\\/#organization\",\"name\":\"Soluciones Contract\",\"url\":\"https:\\\/\\\/solucionescontract.com\\\/\",\"logo\":{\"@type\":\"ImageObject\",\"inLanguage\":\"fr-FR\",\"@id\":\"https:\\\/\\\/solucionescontract.com\\\/#\\\/schema\\\/logo\\\/image\\\/\",\"url\":\"https:\\\/\\\/solucionescontract.com\\\/wp-content\\\/uploads\\\/2020\\\/02\\\/logoSC.jpg\",\"contentUrl\":\"https:\\\/\\\/solucionescontract.com\\\/wp-content\\\/uploads\\\/2020\\\/02\\\/logoSC.jpg\",\"width\":300,\"height\":125,\"caption\":\"Soluciones Contract\"},\"image\":{\"@id\":\"https:\\\/\\\/solucionescontract.com\\\/#\\\/schema\\\/logo\\\/image\\\/\"},\"sameAs\":[\"https:\\\/\\\/www.facebook.com\\\/solucionescontract\\\/\"]}]}<\/script>\n<!-- \/ Yoast SEO plugin. -->","yoast_head_json":{"title":"CHAISE FESTON - Muebles de dise\u00f1o en Soluciones Contract","description":"Achetez CHAISE FESTON en ligne dans notre magasin de meubles Contract. Trouvez le meilleur MEUBLE DE CONCEPTION pour un usage h\u00f4telier, domestique et commercial. .","robots":{"index":"index","follow":"follow","max-snippet":"max-snippet:-1","max-image-preview":"max-image-preview:large","max-video-preview":"max-video-preview:-1"},"canonical":"https:\/\/solucionescontract.com\/fr\/producto\/chaise-petoncle\/","og_locale":"fr_FR","og_type":"article","og_title":"CHAISE FESTON - Muebles de dise\u00f1o en Soluciones Contract","og_description":"Achetez CHAISE FESTON en ligne dans notre magasin de meubles Contract. Trouvez le meilleur MEUBLE DE CONCEPTION pour un usage h\u00f4telier, domestique et commercial. .","og_url":"https:\/\/solucionescontract.com\/fr\/producto\/chaise-petoncle\/","og_site_name":"Soluciones Contract","article_publisher":"https:\/\/www.facebook.com\/solucionescontract\/","article_modified_time":"2021-01-20T12:53:09+00:00","og_image":[{"width":1300,"height":1300,"url":"https:\/\/solucionescontract.com\/wp-content\/uploads\/2019\/11\/Feston-lounge-chair-3.jpg","type":"image\/jpeg"}],"twitter_card":"summary_large_image","schema":{"@context":"https:\/\/schema.org","@graph":[{"@type":"WebPage","@id":"https:\/\/solucionescontract.com\/fr\/producto\/chaise-petoncle\/","url":"https:\/\/solucionescontract.com\/fr\/producto\/chaise-petoncle\/","name":"CHAISE FESTON - Muebles de dise\u00f1o en Soluciones Contract","isPartOf":{"@id":"https:\/\/solucionescontract.com\/#website"},"primaryImageOfPage":{"@id":"https:\/\/solucionescontract.com\/fr\/producto\/chaise-petoncle\/#primaryimage"},"image":{"@id":"https:\/\/solucionescontract.com\/fr\/producto\/chaise-petoncle\/#primaryimage"},"thumbnailUrl":"https:\/\/solucionescontract.com\/wp-content\/uploads\/2019\/11\/Feston-lounge-chair-3.jpg","datePublished":"2019-11-18T23:32:29+00:00","dateModified":"2021-01-20T12:53:09+00:00","description":"Achetez CHAISE FESTON en ligne dans notre magasin de meubles Contract. Trouvez le meilleur MEUBLE DE CONCEPTION pour un usage h\u00f4telier, domestique et commercial. .","breadcrumb":{"@id":"https:\/\/solucionescontract.com\/fr\/producto\/chaise-petoncle\/#breadcrumb"},"inLanguage":"fr-FR","potentialAction":[{"@type":"ReadAction","target":["https:\/\/solucionescontract.com\/fr\/producto\/chaise-petoncle\/"]}]},{"@type":"ImageObject","inLanguage":"fr-FR","@id":"https:\/\/solucionescontract.com\/fr\/producto\/chaise-petoncle\/#primaryimage","url":"https:\/\/solucionescontract.com\/wp-content\/uploads\/2019\/11\/Feston-lounge-chair-3.jpg","contentUrl":"https:\/\/solucionescontract.com\/wp-content\/uploads\/2019\/11\/Feston-lounge-chair-3.jpg","width":1300,"height":1300,"caption":"Compra online en nuestra pagina sillas de dise\u00f1o, como la silla Feston"},{"@type":"BreadcrumbList","@id":"https:\/\/solucionescontract.com\/fr\/producto\/chaise-petoncle\/#breadcrumb","itemListElement":[{"@type":"ListItem","position":1,"name":"Inicio","item":"https:\/\/solucionescontract.com\/"},{"@type":"ListItem","position":2,"name":"Tienda mobiliario contract","item":"https:\/\/solucionescontract.com\/tienda-mobiliario-contract\/"},{"@type":"ListItem","position":3,"name":"Asientos Contract","item":"https:\/\/solucionescontract.com\/categoria-producto\/asientos-para-contract\/"},{"@type":"ListItem","position":4,"name":"CHAISE FESTON"}]},{"@type":"WebSite","@id":"https:\/\/solucionescontract.com\/#website","url":"https:\/\/solucionescontract.com\/","name":"Soluciones Contract","description":"Venta Mobiliario contract de dise\u00f1o","publisher":{"@id":"https:\/\/solucionescontract.com\/#organization"},"potentialAction":[{"@type":"SearchAction","target":{"@type":"EntryPoint","urlTemplate":"https:\/\/solucionescontract.com\/?s={search_term_string}"},"query-input":{"@type":"PropertyValueSpecification","valueRequired":true,"valueName":"search_term_string"}}],"inLanguage":"fr-FR"},{"@type":"Organization","@id":"https:\/\/solucionescontract.com\/#organization","name":"Soluciones Contract","url":"https:\/\/solucionescontract.com\/","logo":{"@type":"ImageObject","inLanguage":"fr-FR","@id":"https:\/\/solucionescontract.com\/#\/schema\/logo\/image\/","url":"https:\/\/solucionescontract.com\/wp-content\/uploads\/2020\/02\/logoSC.jpg","contentUrl":"https:\/\/solucionescontract.com\/wp-content\/uploads\/2020\/02\/logoSC.jpg","width":300,"height":125,"caption":"Soluciones Contract"},"image":{"@id":"https:\/\/solucionescontract.com\/#\/schema\/logo\/image\/"},"sameAs":["https:\/\/www.facebook.com\/solucionescontract\/"]}]}},"_links":{"self":[{"href":"https:\/\/solucionescontract.com\/fr\/wp-json\/wp\/v2\/product\/19112","targetHints":{"allow":["GET"]}}],"collection":[{"href":"https:\/\/solucionescontract.com\/fr\/wp-json\/wp\/v2\/product"}],"about":[{"href":"https:\/\/solucionescontract.com\/fr\/wp-json\/wp\/v2\/types\/product"}],"replies":[{"embeddable":true,"href":"https:\/\/solucionescontract.com\/fr\/wp-json\/wp\/v2\/comments?post=19112"}],"wp:featuredmedia":[{"embeddable":true,"href":"https:\/\/solucionescontract.com\/fr\/wp-json\/wp\/v2\/media\/15727"}],"wp:attachment":[{"href":"https:\/\/solucionescontract.com\/fr\/wp-json\/wp\/v2\/media?parent=19112"}],"wp:term":[{"taxonomy":"product_brand","embeddable":true,"href":"https:\/\/solucionescontract.com\/fr\/wp-json\/wp\/v2\/product_brand?post=19112"},{"taxonomy":"product_cat","embeddable":true,"href":"https:\/\/solucionescontract.com\/fr\/wp-json\/wp\/v2\/product_cat?post=19112"},{"taxonomy":"product_tag","embeddable":true,"href":"https:\/\/solucionescontract.com\/fr\/wp-json\/wp\/v2\/product_tag?post=19112"}],"curies":[{"name":"wp","href":"https:\/\/api.w.org\/{rel}","templated":true}]}}