{"id":19111,"date":"2019-11-26T11:11:07","date_gmt":"2019-11-26T11:11:07","guid":{"rendered":"https:\/\/www.solucionescontract.com\/producto\/bureau-barbier\/"},"modified":"2021-01-20T12:53:02","modified_gmt":"2021-01-20T12:53:02","slug":"bureau-barbier","status":"publish","type":"product","link":"https:\/\/solucionescontract.com\/fr\/producto\/bureau-barbier\/","title":{"rendered":"BUREAU DE BARBIER"},"content":{"rendered":"<p><a href=\"https:\/\/solucionescontract.com\/wp-content\/uploads\/2019\/11\/Escritorio-de-madera-Barvier-dimensiones.jpg\"><img decoding=\"async\" class=\" wd-lazy-fade aligncenter wp-image-8230\" src=\"https:\/\/solucionescontract.com\/wp-content\/themes\/woodmart\/images\/lazy.svg\" data-src=\"https:\/\/solucionescontract.com\/wp-content\/uploads\/2019\/11\/Escritorio-de-madera-Barvier-dimensiones-300x183.jpg\" alt=\"mesa-escritorio-madera-Zuiver\" width=\"300\" height=\"183\" srcset=\"\" data-srcset=\"https:\/\/solucionescontract.com\/wp-content\/uploads\/2019\/11\/Escritorio-de-madera-Barvier-dimensiones-300x183.jpg 300w, https:\/\/solucionescontract.com\/wp-content\/uploads\/2019\/11\/Escritorio-de-madera-Barvier-dimensiones-150x92.jpg 150w, https:\/\/solucionescontract.com\/wp-content\/uploads\/2019\/11\/Escritorio-de-madera-Barvier-dimensiones-800x488.jpg 800w, https:\/\/solucionescontract.com\/wp-content\/uploads\/2019\/11\/Escritorio-de-madera-Barvier-dimensiones-768x469.jpg 768w, https:\/\/solucionescontract.com\/wp-content\/uploads\/2019\/11\/Escritorio-de-madera-Barvier-dimensiones-33x20.jpg 33w, https:\/\/solucionescontract.com\/wp-content\/uploads\/2019\/11\/Escritorio-de-madera-Barvier-dimensiones-98x60.jpg 98w, https:\/\/solucionescontract.com\/wp-content\/uploads\/2019\/11\/Escritorio-de-madera-Barvier-dimensiones.jpg 808w\" sizes=\"(max-width: 300px) 100vw, 300px\" \/><\/a><\/script><\/p>\n","protected":false},"excerpt":{"rendered":"<ul>\n<li style = \"text-align: justify;\"> Ce bureau design est l&rsquo;\u00e9l\u00e9ment de design dont vous avez besoin si vous souhaitez cr\u00e9er une atmosph\u00e8re unique dans une chambre d&rsquo;h\u00f4tel ou un appartement. Et pas seulement dans les espaces h\u00f4teliers, c&rsquo;est aussi un bijou comme table de bureau \u00e0 la maison. <\/li>\n<li style = \"text-align: justify;\"> Fabriqu\u00e9 en bois de fr\u00eane, il se distingue par son compartiment de rangement avec un couvercle de tambour enroulable. <\/li>\n<li> Dimensions: 120x60x73 cm <\/li>\n<\/ul>\n","protected":false},"featured_media":15777,"comment_status":"open","ping_status":"closed","template":"","meta":[],"product_brand":[],"product_cat":[621,614,575],"product_tag":[714,657],"class_list":{"0":"post-19111","1":"product","2":"type-product","3":"status-publish","4":"has-post-thumbnail","6":"product_cat-meubles-auxiliaires","7":"product_cat-meubles-et-accessoires","8":"product_cat-table-de-bureau","9":"product_tag-madera-de-fresno-fr","10":"product_tag-meubles-auxiliaires","11":"product_shipping_class-gratuit","12":"yith_product_brand-zuiver-fr","14":"first","15":"instock","16":"taxable","17":"shipping-taxable","18":"purchasable","19":"product-type-simple"},"yoast_head":"<!-- This site is optimized with the Yoast SEO plugin v27.3 - https:\/\/yoast.com\/product\/yoast-seo-wordpress\/ -->\n<title>BUREAU DE BARBIER - Muebles de dise\u00f1o en Soluciones Contract<\/title>\n<meta name=\"description\" content=\"Compra BUREAU DE BARBIER online en nuestra tienda de muebles Contract. Encuentra el mejor MOBILIARIO DE DISE\u00d1O para Hotel, Hogar y uso comercial. Descubre las mejores marcas en nuestro cat\u00e1logo.\" \/>\n<meta name=\"robots\" content=\"index, follow, max-snippet:-1, max-image-preview:large, max-video-preview:-1\" \/>\n<link rel=\"canonical\" href=\"https:\/\/solucionescontract.com\/producto\/escritorio-barbier\/\" \/>\n<meta property=\"og:locale\" content=\"fr_FR\" \/>\n<meta property=\"og:type\" content=\"article\" \/>\n<meta property=\"og:title\" content=\"BUREAU DE BARBIER - Muebles de dise\u00f1o en Soluciones Contract\" \/>\n<meta property=\"og:description\" content=\"Compra BUREAU DE BARBIER online en nuestra tienda de muebles Contract. Encuentra el mejor MOBILIARIO DE DISE\u00d1O para Hotel, Hogar y uso comercial. Descubre las mejores marcas en nuestro cat\u00e1logo.\" \/>\n<meta property=\"og:url\" content=\"https:\/\/solucionescontract.com\/producto\/escritorio-barbier\/\" \/>\n<meta property=\"og:site_name\" content=\"Soluciones Contract\" \/>\n<meta property=\"article:publisher\" content=\"https:\/\/www.facebook.com\/solucionescontract\/\" \/>\n<meta property=\"article:modified_time\" content=\"2021-01-20T12:53:02+00:00\" \/>\n<meta property=\"og:image\" content=\"https:\/\/solucionescontract.com\/wp-content\/uploads\/2019\/11\/Escritorio-de-madera-Barvier--scaled.jpg\" \/>\n\t<meta property=\"og:image:width\" content=\"2560\" \/>\n\t<meta property=\"og:image:height\" content=\"2560\" \/>\n\t<meta property=\"og:image:type\" content=\"image\/jpeg\" \/>\n<meta name=\"twitter:card\" content=\"summary_large_image\" \/>\n<script type=\"application\/ld+json\" class=\"yoast-schema-graph\">{\"@context\":\"https:\\\/\\\/schema.org\",\"@graph\":[{\"@type\":\"WebPage\",\"@id\":\"https:\\\/\\\/solucionescontract.com\\\/producto\\\/escritorio-barbier\\\/\",\"url\":\"https:\\\/\\\/solucionescontract.com\\\/producto\\\/escritorio-barbier\\\/\",\"name\":\"BUREAU DE BARBIER - Muebles de dise\u00f1o en Soluciones Contract\",\"isPartOf\":{\"@id\":\"https:\\\/\\\/solucionescontract.com\\\/#website\"},\"primaryImageOfPage\":{\"@id\":\"https:\\\/\\\/solucionescontract.com\\\/producto\\\/escritorio-barbier\\\/#primaryimage\"},\"image\":{\"@id\":\"https:\\\/\\\/solucionescontract.com\\\/producto\\\/escritorio-barbier\\\/#primaryimage\"},\"thumbnailUrl\":\"https:\\\/\\\/solucionescontract.com\\\/wp-content\\\/uploads\\\/2019\\\/11\\\/Escritorio-de-madera-Barvier--scaled.jpg\",\"datePublished\":\"2019-11-26T11:11:07+00:00\",\"dateModified\":\"2021-01-20T12:53:02+00:00\",\"description\":\"Compra BUREAU DE BARBIER online en nuestra tienda de muebles Contract. Encuentra el mejor MOBILIARIO DE DISE\u00d1O para Hotel, Hogar y uso comercial. Descubre las mejores marcas en nuestro cat\u00e1logo.\",\"breadcrumb\":{\"@id\":\"https:\\\/\\\/solucionescontract.com\\\/producto\\\/escritorio-barbier\\\/#breadcrumb\"},\"inLanguage\":\"fr-FR\",\"potentialAction\":[{\"@type\":\"ReadAction\",\"target\":[\"https:\\\/\\\/solucionescontract.com\\\/producto\\\/escritorio-barbier\\\/\"]}]},{\"@type\":\"ImageObject\",\"inLanguage\":\"fr-FR\",\"@id\":\"https:\\\/\\\/solucionescontract.com\\\/producto\\\/escritorio-barbier\\\/#primaryimage\",\"url\":\"https:\\\/\\\/solucionescontract.com\\\/wp-content\\\/uploads\\\/2019\\\/11\\\/Escritorio-de-madera-Barvier--scaled.jpg\",\"contentUrl\":\"https:\\\/\\\/solucionescontract.com\\\/wp-content\\\/uploads\\\/2019\\\/11\\\/Escritorio-de-madera-Barvier--scaled.jpg\",\"width\":2560,\"height\":2560,\"caption\":\"Compra los mejores escritorios de dise\u00f1o en nuestra p\u00e1gina.Regalo original estas navidades\"},{\"@type\":\"BreadcrumbList\",\"@id\":\"https:\\\/\\\/solucionescontract.com\\\/producto\\\/escritorio-barbier\\\/#breadcrumb\",\"itemListElement\":[{\"@type\":\"ListItem\",\"position\":1,\"name\":\"Inicio\",\"item\":\"https:\\\/\\\/solucionescontract.com\\\/\"},{\"@type\":\"ListItem\",\"position\":2,\"name\":\"Tienda mobiliario contract\",\"item\":\"https:\\\/\\\/solucionescontract.com\\\/tienda-mobiliario-contract\\\/\"},{\"@type\":\"ListItem\",\"position\":3,\"name\":\"Mueble y complementos\",\"item\":\"https:\\\/\\\/solucionescontract.com\\\/categoria-producto\\\/mueble-y-complementos\\\/\"},{\"@type\":\"ListItem\",\"position\":4,\"name\":\"Mueble auxiliar\",\"item\":\"https:\\\/\\\/solucionescontract.com\\\/categoria-producto\\\/mueble-y-complementos\\\/mueble-auxiliar\\\/\"},{\"@type\":\"ListItem\",\"position\":5,\"name\":\"BUREAU DE BARBIER\"}]},{\"@type\":\"WebSite\",\"@id\":\"https:\\\/\\\/solucionescontract.com\\\/#website\",\"url\":\"https:\\\/\\\/solucionescontract.com\\\/\",\"name\":\"Soluciones Contract\",\"description\":\"Venta Mobiliario contract de dise\u00f1o\",\"publisher\":{\"@id\":\"https:\\\/\\\/solucionescontract.com\\\/#organization\"},\"potentialAction\":[{\"@type\":\"SearchAction\",\"target\":{\"@type\":\"EntryPoint\",\"urlTemplate\":\"https:\\\/\\\/solucionescontract.com\\\/?s={search_term_string}\"},\"query-input\":{\"@type\":\"PropertyValueSpecification\",\"valueRequired\":true,\"valueName\":\"search_term_string\"}}],\"inLanguage\":\"fr-FR\"},{\"@type\":\"Organization\",\"@id\":\"https:\\\/\\\/solucionescontract.com\\\/#organization\",\"name\":\"Soluciones Contract\",\"url\":\"https:\\\/\\\/solucionescontract.com\\\/\",\"logo\":{\"@type\":\"ImageObject\",\"inLanguage\":\"fr-FR\",\"@id\":\"https:\\\/\\\/solucionescontract.com\\\/#\\\/schema\\\/logo\\\/image\\\/\",\"url\":\"https:\\\/\\\/solucionescontract.com\\\/wp-content\\\/uploads\\\/2020\\\/02\\\/logoSC.jpg\",\"contentUrl\":\"https:\\\/\\\/solucionescontract.com\\\/wp-content\\\/uploads\\\/2020\\\/02\\\/logoSC.jpg\",\"width\":300,\"height\":125,\"caption\":\"Soluciones Contract\"},\"image\":{\"@id\":\"https:\\\/\\\/solucionescontract.com\\\/#\\\/schema\\\/logo\\\/image\\\/\"},\"sameAs\":[\"https:\\\/\\\/www.facebook.com\\\/solucionescontract\\\/\"]}]}<\/script>\n<!-- \/ Yoast SEO plugin. -->","yoast_head_json":{"title":"BUREAU DE BARBIER - Muebles de dise\u00f1o en Soluciones Contract","description":"Compra BUREAU DE BARBIER online en nuestra tienda de muebles Contract. Encuentra el mejor MOBILIARIO DE DISE\u00d1O para Hotel, Hogar y uso comercial. Descubre las mejores marcas en nuestro cat\u00e1logo.","robots":{"index":"index","follow":"follow","max-snippet":"max-snippet:-1","max-image-preview":"max-image-preview:large","max-video-preview":"max-video-preview:-1"},"canonical":"https:\/\/solucionescontract.com\/producto\/escritorio-barbier\/","og_locale":"fr_FR","og_type":"article","og_title":"BUREAU DE BARBIER - Muebles de dise\u00f1o en Soluciones Contract","og_description":"Compra BUREAU DE BARBIER online en nuestra tienda de muebles Contract. Encuentra el mejor MOBILIARIO DE DISE\u00d1O para Hotel, Hogar y uso comercial. Descubre las mejores marcas en nuestro cat\u00e1logo.","og_url":"https:\/\/solucionescontract.com\/producto\/escritorio-barbier\/","og_site_name":"Soluciones Contract","article_publisher":"https:\/\/www.facebook.com\/solucionescontract\/","article_modified_time":"2021-01-20T12:53:02+00:00","og_image":[{"width":2560,"height":2560,"url":"https:\/\/solucionescontract.com\/wp-content\/uploads\/2019\/11\/Escritorio-de-madera-Barvier--scaled.jpg","type":"image\/jpeg"}],"twitter_card":"summary_large_image","schema":{"@context":"https:\/\/schema.org","@graph":[{"@type":"WebPage","@id":"https:\/\/solucionescontract.com\/producto\/escritorio-barbier\/","url":"https:\/\/solucionescontract.com\/producto\/escritorio-barbier\/","name":"BUREAU DE BARBIER - Muebles de dise\u00f1o en Soluciones Contract","isPartOf":{"@id":"https:\/\/solucionescontract.com\/#website"},"primaryImageOfPage":{"@id":"https:\/\/solucionescontract.com\/producto\/escritorio-barbier\/#primaryimage"},"image":{"@id":"https:\/\/solucionescontract.com\/producto\/escritorio-barbier\/#primaryimage"},"thumbnailUrl":"https:\/\/solucionescontract.com\/wp-content\/uploads\/2019\/11\/Escritorio-de-madera-Barvier--scaled.jpg","datePublished":"2019-11-26T11:11:07+00:00","dateModified":"2021-01-20T12:53:02+00:00","description":"Compra BUREAU DE BARBIER online en nuestra tienda de muebles Contract. Encuentra el mejor MOBILIARIO DE DISE\u00d1O para Hotel, Hogar y uso comercial. Descubre las mejores marcas en nuestro cat\u00e1logo.","breadcrumb":{"@id":"https:\/\/solucionescontract.com\/producto\/escritorio-barbier\/#breadcrumb"},"inLanguage":"fr-FR","potentialAction":[{"@type":"ReadAction","target":["https:\/\/solucionescontract.com\/producto\/escritorio-barbier\/"]}]},{"@type":"ImageObject","inLanguage":"fr-FR","@id":"https:\/\/solucionescontract.com\/producto\/escritorio-barbier\/#primaryimage","url":"https:\/\/solucionescontract.com\/wp-content\/uploads\/2019\/11\/Escritorio-de-madera-Barvier--scaled.jpg","contentUrl":"https:\/\/solucionescontract.com\/wp-content\/uploads\/2019\/11\/Escritorio-de-madera-Barvier--scaled.jpg","width":2560,"height":2560,"caption":"Compra los mejores escritorios de dise\u00f1o en nuestra p\u00e1gina.Regalo original estas navidades"},{"@type":"BreadcrumbList","@id":"https:\/\/solucionescontract.com\/producto\/escritorio-barbier\/#breadcrumb","itemListElement":[{"@type":"ListItem","position":1,"name":"Inicio","item":"https:\/\/solucionescontract.com\/"},{"@type":"ListItem","position":2,"name":"Tienda mobiliario contract","item":"https:\/\/solucionescontract.com\/tienda-mobiliario-contract\/"},{"@type":"ListItem","position":3,"name":"Mueble y complementos","item":"https:\/\/solucionescontract.com\/categoria-producto\/mueble-y-complementos\/"},{"@type":"ListItem","position":4,"name":"Mueble auxiliar","item":"https:\/\/solucionescontract.com\/categoria-producto\/mueble-y-complementos\/mueble-auxiliar\/"},{"@type":"ListItem","position":5,"name":"BUREAU DE BARBIER"}]},{"@type":"WebSite","@id":"https:\/\/solucionescontract.com\/#website","url":"https:\/\/solucionescontract.com\/","name":"Soluciones Contract","description":"Venta Mobiliario contract de dise\u00f1o","publisher":{"@id":"https:\/\/solucionescontract.com\/#organization"},"potentialAction":[{"@type":"SearchAction","target":{"@type":"EntryPoint","urlTemplate":"https:\/\/solucionescontract.com\/?s={search_term_string}"},"query-input":{"@type":"PropertyValueSpecification","valueRequired":true,"valueName":"search_term_string"}}],"inLanguage":"fr-FR"},{"@type":"Organization","@id":"https:\/\/solucionescontract.com\/#organization","name":"Soluciones Contract","url":"https:\/\/solucionescontract.com\/","logo":{"@type":"ImageObject","inLanguage":"fr-FR","@id":"https:\/\/solucionescontract.com\/#\/schema\/logo\/image\/","url":"https:\/\/solucionescontract.com\/wp-content\/uploads\/2020\/02\/logoSC.jpg","contentUrl":"https:\/\/solucionescontract.com\/wp-content\/uploads\/2020\/02\/logoSC.jpg","width":300,"height":125,"caption":"Soluciones Contract"},"image":{"@id":"https:\/\/solucionescontract.com\/#\/schema\/logo\/image\/"},"sameAs":["https:\/\/www.facebook.com\/solucionescontract\/"]}]}},"_links":{"self":[{"href":"https:\/\/solucionescontract.com\/fr\/wp-json\/wp\/v2\/product\/19111","targetHints":{"allow":["GET"]}}],"collection":[{"href":"https:\/\/solucionescontract.com\/fr\/wp-json\/wp\/v2\/product"}],"about":[{"href":"https:\/\/solucionescontract.com\/fr\/wp-json\/wp\/v2\/types\/product"}],"replies":[{"embeddable":true,"href":"https:\/\/solucionescontract.com\/fr\/wp-json\/wp\/v2\/comments?post=19111"}],"wp:featuredmedia":[{"embeddable":true,"href":"https:\/\/solucionescontract.com\/fr\/wp-json\/wp\/v2\/media\/15777"}],"wp:attachment":[{"href":"https:\/\/solucionescontract.com\/fr\/wp-json\/wp\/v2\/media?parent=19111"}],"wp:term":[{"taxonomy":"product_brand","embeddable":true,"href":"https:\/\/solucionescontract.com\/fr\/wp-json\/wp\/v2\/product_brand?post=19111"},{"taxonomy":"product_cat","embeddable":true,"href":"https:\/\/solucionescontract.com\/fr\/wp-json\/wp\/v2\/product_cat?post=19111"},{"taxonomy":"product_tag","embeddable":true,"href":"https:\/\/solucionescontract.com\/fr\/wp-json\/wp\/v2\/product_tag?post=19111"}],"curies":[{"name":"wp","href":"https:\/\/api.w.org\/{rel}","templated":true}]}}