{"id":19091,"date":"2019-11-22T12:22:55","date_gmt":"2019-11-22T12:22:55","guid":{"rendered":"https:\/\/www.solucionescontract.com\/producto\/jeu-de-table-flux-auxiliaire\/"},"modified":"2021-01-20T12:52:32","modified_gmt":"2021-01-20T12:52:32","slug":"jeu-de-table-flux-auxiliaire","status":"publish","type":"product","link":"https:\/\/solucionescontract.com\/fr\/producto\/jeu-de-table-flux-auxiliaire\/","title":{"rendered":"D\u00c9BIT D&rsquo;ENSEMBLE DE TABLE AUXILIAIRE"},"content":{"rendered":"<p><img decoding=\"async\" class=\" wd-lazy-fade aligncenter wp-image-8219\" src=\"https:\/\/solucionescontract.com\/wp-content\/themes\/woodmart\/images\/lazy.svg\" data-src=\"https:\/\/solucionescontract.com\/wp-content\/uploads\/2019\/11\/ficha-tecnica-mesa-auxiliar-flow-300x209.jpg\" alt=\"\" width=\"300\" height=\"209\" srcset=\"\" data-srcset=\"https:\/\/solucionescontract.com\/wp-content\/uploads\/2019\/11\/ficha-tecnica-mesa-auxiliar-flow-300x209.jpg 300w, https:\/\/solucionescontract.com\/wp-content\/uploads\/2019\/11\/ficha-tecnica-mesa-auxiliar-flow-150x104.jpg 150w, https:\/\/solucionescontract.com\/wp-content\/uploads\/2019\/11\/ficha-tecnica-mesa-auxiliar-flow-29x20.jpg 29w, https:\/\/solucionescontract.com\/wp-content\/uploads\/2019\/11\/ficha-tecnica-mesa-auxiliar-flow-86x60.jpg 86w, https:\/\/solucionescontract.com\/wp-content\/uploads\/2019\/11\/ficha-tecnica-mesa-auxiliar-flow.jpg 456w\" sizes=\"(max-width: 300px) 100vw, 300px\" \/><\/script><\/p>\n","protected":false},"excerpt":{"rendered":"<ul>\n<li style = \"text-align: justify;\"> Ensemble de deux tables auxiliaires mises en valeur par leur plateau m\u00e9tallique brillant, c&rsquo;est un plateau en aluminium avec rev\u00eatement en \u00e9mail, qui fera ressortir cette pi\u00e8ce o\u00f9 qu&rsquo;elle se trouve. < \/ li>\n<li style = \"text-align: justify;\"> Pieds en fonte, rev\u00eatement en poudre noire <\/li>\n<li> Dimensions de la petite table: 31 \u00d7 40 cm <\/li>\n<li> Dimensions de la grande table: 40 \u00d7 45 cm <\/li>\n<\/ul>\n","protected":false},"featured_media":15735,"comment_status":"open","ping_status":"closed","template":"","meta":[],"product_brand":[],"product_cat":[571],"product_tag":[758,716],"class_list":{"0":"post-19091","1":"product","2":"type-product","3":"status-publish","4":"has-post-thumbnail","6":"product_cat-mesa-auxiliar-fr","7":"product_tag-sobre-aluminio-fr","8":"product_tag-mesa-auxiliar-fr","9":"product_shipping_class-gratuit","10":"yith_product_brand-zuiver-fr","12":"first","13":"instock","14":"taxable","15":"shipping-taxable","16":"purchasable","17":"product-type-variable"},"yoast_head":"<!-- This site is optimized with the Yoast SEO plugin v27.3 - https:\/\/yoast.com\/product\/yoast-seo-wordpress\/ -->\n<title>D\u00c9BIT D&#039;ENSEMBLE DE TABLE AUXILIAIRE - Muebles de dise\u00f1o en Soluciones Contract<\/title>\n<meta name=\"description\" content=\"Achetez en ligne dans notre magasin de meubles Contract. Trouvez le meilleur MEUBLE DE CONCEPTION pour un usage h\u00f4telier, domestique et commercial.\" \/>\n<meta name=\"robots\" content=\"index, follow, max-snippet:-1, max-image-preview:large, max-video-preview:-1\" \/>\n<link rel=\"canonical\" href=\"https:\/\/solucionescontract.com\/producto\/juego-de-mesa-auxiliar-flow\/\" \/>\n<meta property=\"og:locale\" content=\"fr_FR\" \/>\n<meta property=\"og:type\" content=\"article\" \/>\n<meta property=\"og:title\" content=\"D\u00c9BIT D&#039;ENSEMBLE DE TABLE AUXILIAIRE - Muebles de dise\u00f1o en Soluciones Contract\" \/>\n<meta property=\"og:description\" content=\"Achetez en ligne dans notre magasin de meubles Contract. Trouvez le meilleur MEUBLE DE CONCEPTION pour un usage h\u00f4telier, domestique et commercial.\" \/>\n<meta property=\"og:url\" content=\"https:\/\/solucionescontract.com\/producto\/juego-de-mesa-auxiliar-flow\/\" \/>\n<meta property=\"og:site_name\" content=\"Soluciones Contract\" \/>\n<meta property=\"article:publisher\" content=\"https:\/\/www.facebook.com\/solucionescontract\/\" \/>\n<meta property=\"article:modified_time\" content=\"2021-01-20T12:52:32+00:00\" \/>\n<meta property=\"og:image\" content=\"https:\/\/solucionescontract.com\/wp-content\/uploads\/2019\/11\/mesa-auxiliar-flow-1.jpg\" \/>\n\t<meta property=\"og:image:width\" content=\"993\" \/>\n\t<meta property=\"og:image:height\" content=\"993\" \/>\n\t<meta property=\"og:image:type\" content=\"image\/jpeg\" \/>\n<meta name=\"twitter:card\" content=\"summary_large_image\" \/>\n<script type=\"application\/ld+json\" class=\"yoast-schema-graph\">{\"@context\":\"https:\\\/\\\/schema.org\",\"@graph\":[{\"@type\":\"WebPage\",\"@id\":\"https:\\\/\\\/solucionescontract.com\\\/producto\\\/juego-de-mesa-auxiliar-flow\\\/\",\"url\":\"https:\\\/\\\/solucionescontract.com\\\/producto\\\/juego-de-mesa-auxiliar-flow\\\/\",\"name\":\"D\u00c9BIT D'ENSEMBLE DE TABLE AUXILIAIRE - Muebles de dise\u00f1o en Soluciones Contract\",\"isPartOf\":{\"@id\":\"https:\\\/\\\/solucionescontract.com\\\/#website\"},\"primaryImageOfPage\":{\"@id\":\"https:\\\/\\\/solucionescontract.com\\\/producto\\\/juego-de-mesa-auxiliar-flow\\\/#primaryimage\"},\"image\":{\"@id\":\"https:\\\/\\\/solucionescontract.com\\\/producto\\\/juego-de-mesa-auxiliar-flow\\\/#primaryimage\"},\"thumbnailUrl\":\"https:\\\/\\\/solucionescontract.com\\\/wp-content\\\/uploads\\\/2019\\\/11\\\/mesa-auxiliar-flow-1.jpg\",\"datePublished\":\"2019-11-22T12:22:55+00:00\",\"dateModified\":\"2021-01-20T12:52:32+00:00\",\"description\":\"Achetez en ligne dans notre magasin de meubles Contract. Trouvez le meilleur MEUBLE DE CONCEPTION pour un usage h\u00f4telier, domestique et commercial.\",\"breadcrumb\":{\"@id\":\"https:\\\/\\\/solucionescontract.com\\\/producto\\\/juego-de-mesa-auxiliar-flow\\\/#breadcrumb\"},\"inLanguage\":\"fr-FR\",\"potentialAction\":[{\"@type\":\"ReadAction\",\"target\":[\"https:\\\/\\\/solucionescontract.com\\\/producto\\\/juego-de-mesa-auxiliar-flow\\\/\"]}]},{\"@type\":\"ImageObject\",\"inLanguage\":\"fr-FR\",\"@id\":\"https:\\\/\\\/solucionescontract.com\\\/producto\\\/juego-de-mesa-auxiliar-flow\\\/#primaryimage\",\"url\":\"https:\\\/\\\/solucionescontract.com\\\/wp-content\\\/uploads\\\/2019\\\/11\\\/mesa-auxiliar-flow-1.jpg\",\"contentUrl\":\"https:\\\/\\\/solucionescontract.com\\\/wp-content\\\/uploads\\\/2019\\\/11\\\/mesa-auxiliar-flow-1.jpg\",\"width\":993,\"height\":993,\"caption\":\"Compra online en esta web mesas auxiliares de las mejores marcas para negocios y para el hogar!\"},{\"@type\":\"BreadcrumbList\",\"@id\":\"https:\\\/\\\/solucionescontract.com\\\/producto\\\/juego-de-mesa-auxiliar-flow\\\/#breadcrumb\",\"itemListElement\":[{\"@type\":\"ListItem\",\"position\":1,\"name\":\"Inicio\",\"item\":\"https:\\\/\\\/solucionescontract.com\\\/\"},{\"@type\":\"ListItem\",\"position\":2,\"name\":\"Tienda mobiliario contract\",\"item\":\"https:\\\/\\\/solucionescontract.com\\\/tienda-mobiliario-contract\\\/\"},{\"@type\":\"ListItem\",\"position\":3,\"name\":\"Mesas de dise\u00f1o\",\"item\":\"https:\\\/\\\/solucionescontract.com\\\/categoria-producto\\\/mesas-de-diseno\\\/\"},{\"@type\":\"ListItem\",\"position\":4,\"name\":\"Mesa auxiliar\",\"item\":\"https:\\\/\\\/solucionescontract.com\\\/categoria-producto\\\/mesas-de-diseno\\\/mesa-auxiliar\\\/\"},{\"@type\":\"ListItem\",\"position\":5,\"name\":\"D\u00c9BIT D&#8217;ENSEMBLE DE TABLE AUXILIAIRE\"}]},{\"@type\":\"WebSite\",\"@id\":\"https:\\\/\\\/solucionescontract.com\\\/#website\",\"url\":\"https:\\\/\\\/solucionescontract.com\\\/\",\"name\":\"Soluciones Contract\",\"description\":\"Venta Mobiliario contract de dise\u00f1o\",\"publisher\":{\"@id\":\"https:\\\/\\\/solucionescontract.com\\\/#organization\"},\"potentialAction\":[{\"@type\":\"SearchAction\",\"target\":{\"@type\":\"EntryPoint\",\"urlTemplate\":\"https:\\\/\\\/solucionescontract.com\\\/?s={search_term_string}\"},\"query-input\":{\"@type\":\"PropertyValueSpecification\",\"valueRequired\":true,\"valueName\":\"search_term_string\"}}],\"inLanguage\":\"fr-FR\"},{\"@type\":\"Organization\",\"@id\":\"https:\\\/\\\/solucionescontract.com\\\/#organization\",\"name\":\"Soluciones Contract\",\"url\":\"https:\\\/\\\/solucionescontract.com\\\/\",\"logo\":{\"@type\":\"ImageObject\",\"inLanguage\":\"fr-FR\",\"@id\":\"https:\\\/\\\/solucionescontract.com\\\/#\\\/schema\\\/logo\\\/image\\\/\",\"url\":\"https:\\\/\\\/solucionescontract.com\\\/wp-content\\\/uploads\\\/2020\\\/02\\\/logoSC.jpg\",\"contentUrl\":\"https:\\\/\\\/solucionescontract.com\\\/wp-content\\\/uploads\\\/2020\\\/02\\\/logoSC.jpg\",\"width\":300,\"height\":125,\"caption\":\"Soluciones Contract\"},\"image\":{\"@id\":\"https:\\\/\\\/solucionescontract.com\\\/#\\\/schema\\\/logo\\\/image\\\/\"},\"sameAs\":[\"https:\\\/\\\/www.facebook.com\\\/solucionescontract\\\/\"]}]}<\/script>\n<!-- \/ Yoast SEO plugin. -->","yoast_head_json":{"title":"D\u00c9BIT D'ENSEMBLE DE TABLE AUXILIAIRE - Muebles de dise\u00f1o en Soluciones Contract","description":"Achetez en ligne dans notre magasin de meubles Contract. Trouvez le meilleur MEUBLE DE CONCEPTION pour un usage h\u00f4telier, domestique et commercial.","robots":{"index":"index","follow":"follow","max-snippet":"max-snippet:-1","max-image-preview":"max-image-preview:large","max-video-preview":"max-video-preview:-1"},"canonical":"https:\/\/solucionescontract.com\/producto\/juego-de-mesa-auxiliar-flow\/","og_locale":"fr_FR","og_type":"article","og_title":"D\u00c9BIT D'ENSEMBLE DE TABLE AUXILIAIRE - Muebles de dise\u00f1o en Soluciones Contract","og_description":"Achetez en ligne dans notre magasin de meubles Contract. Trouvez le meilleur MEUBLE DE CONCEPTION pour un usage h\u00f4telier, domestique et commercial.","og_url":"https:\/\/solucionescontract.com\/producto\/juego-de-mesa-auxiliar-flow\/","og_site_name":"Soluciones Contract","article_publisher":"https:\/\/www.facebook.com\/solucionescontract\/","article_modified_time":"2021-01-20T12:52:32+00:00","og_image":[{"width":993,"height":993,"url":"https:\/\/solucionescontract.com\/wp-content\/uploads\/2019\/11\/mesa-auxiliar-flow-1.jpg","type":"image\/jpeg"}],"twitter_card":"summary_large_image","schema":{"@context":"https:\/\/schema.org","@graph":[{"@type":"WebPage","@id":"https:\/\/solucionescontract.com\/producto\/juego-de-mesa-auxiliar-flow\/","url":"https:\/\/solucionescontract.com\/producto\/juego-de-mesa-auxiliar-flow\/","name":"D\u00c9BIT D'ENSEMBLE DE TABLE AUXILIAIRE - Muebles de dise\u00f1o en Soluciones Contract","isPartOf":{"@id":"https:\/\/solucionescontract.com\/#website"},"primaryImageOfPage":{"@id":"https:\/\/solucionescontract.com\/producto\/juego-de-mesa-auxiliar-flow\/#primaryimage"},"image":{"@id":"https:\/\/solucionescontract.com\/producto\/juego-de-mesa-auxiliar-flow\/#primaryimage"},"thumbnailUrl":"https:\/\/solucionescontract.com\/wp-content\/uploads\/2019\/11\/mesa-auxiliar-flow-1.jpg","datePublished":"2019-11-22T12:22:55+00:00","dateModified":"2021-01-20T12:52:32+00:00","description":"Achetez en ligne dans notre magasin de meubles Contract. Trouvez le meilleur MEUBLE DE CONCEPTION pour un usage h\u00f4telier, domestique et commercial.","breadcrumb":{"@id":"https:\/\/solucionescontract.com\/producto\/juego-de-mesa-auxiliar-flow\/#breadcrumb"},"inLanguage":"fr-FR","potentialAction":[{"@type":"ReadAction","target":["https:\/\/solucionescontract.com\/producto\/juego-de-mesa-auxiliar-flow\/"]}]},{"@type":"ImageObject","inLanguage":"fr-FR","@id":"https:\/\/solucionescontract.com\/producto\/juego-de-mesa-auxiliar-flow\/#primaryimage","url":"https:\/\/solucionescontract.com\/wp-content\/uploads\/2019\/11\/mesa-auxiliar-flow-1.jpg","contentUrl":"https:\/\/solucionescontract.com\/wp-content\/uploads\/2019\/11\/mesa-auxiliar-flow-1.jpg","width":993,"height":993,"caption":"Compra online en esta web mesas auxiliares de las mejores marcas para negocios y para el hogar!"},{"@type":"BreadcrumbList","@id":"https:\/\/solucionescontract.com\/producto\/juego-de-mesa-auxiliar-flow\/#breadcrumb","itemListElement":[{"@type":"ListItem","position":1,"name":"Inicio","item":"https:\/\/solucionescontract.com\/"},{"@type":"ListItem","position":2,"name":"Tienda mobiliario contract","item":"https:\/\/solucionescontract.com\/tienda-mobiliario-contract\/"},{"@type":"ListItem","position":3,"name":"Mesas de dise\u00f1o","item":"https:\/\/solucionescontract.com\/categoria-producto\/mesas-de-diseno\/"},{"@type":"ListItem","position":4,"name":"Mesa auxiliar","item":"https:\/\/solucionescontract.com\/categoria-producto\/mesas-de-diseno\/mesa-auxiliar\/"},{"@type":"ListItem","position":5,"name":"D\u00c9BIT D&#8217;ENSEMBLE DE TABLE AUXILIAIRE"}]},{"@type":"WebSite","@id":"https:\/\/solucionescontract.com\/#website","url":"https:\/\/solucionescontract.com\/","name":"Soluciones Contract","description":"Venta Mobiliario contract de dise\u00f1o","publisher":{"@id":"https:\/\/solucionescontract.com\/#organization"},"potentialAction":[{"@type":"SearchAction","target":{"@type":"EntryPoint","urlTemplate":"https:\/\/solucionescontract.com\/?s={search_term_string}"},"query-input":{"@type":"PropertyValueSpecification","valueRequired":true,"valueName":"search_term_string"}}],"inLanguage":"fr-FR"},{"@type":"Organization","@id":"https:\/\/solucionescontract.com\/#organization","name":"Soluciones Contract","url":"https:\/\/solucionescontract.com\/","logo":{"@type":"ImageObject","inLanguage":"fr-FR","@id":"https:\/\/solucionescontract.com\/#\/schema\/logo\/image\/","url":"https:\/\/solucionescontract.com\/wp-content\/uploads\/2020\/02\/logoSC.jpg","contentUrl":"https:\/\/solucionescontract.com\/wp-content\/uploads\/2020\/02\/logoSC.jpg","width":300,"height":125,"caption":"Soluciones Contract"},"image":{"@id":"https:\/\/solucionescontract.com\/#\/schema\/logo\/image\/"},"sameAs":["https:\/\/www.facebook.com\/solucionescontract\/"]}]}},"_links":{"self":[{"href":"https:\/\/solucionescontract.com\/fr\/wp-json\/wp\/v2\/product\/19091","targetHints":{"allow":["GET"]}}],"collection":[{"href":"https:\/\/solucionescontract.com\/fr\/wp-json\/wp\/v2\/product"}],"about":[{"href":"https:\/\/solucionescontract.com\/fr\/wp-json\/wp\/v2\/types\/product"}],"replies":[{"embeddable":true,"href":"https:\/\/solucionescontract.com\/fr\/wp-json\/wp\/v2\/comments?post=19091"}],"wp:featuredmedia":[{"embeddable":true,"href":"https:\/\/solucionescontract.com\/fr\/wp-json\/wp\/v2\/media\/15735"}],"wp:attachment":[{"href":"https:\/\/solucionescontract.com\/fr\/wp-json\/wp\/v2\/media?parent=19091"}],"wp:term":[{"taxonomy":"product_brand","embeddable":true,"href":"https:\/\/solucionescontract.com\/fr\/wp-json\/wp\/v2\/product_brand?post=19091"},{"taxonomy":"product_cat","embeddable":true,"href":"https:\/\/solucionescontract.com\/fr\/wp-json\/wp\/v2\/product_cat?post=19091"},{"taxonomy":"product_tag","embeddable":true,"href":"https:\/\/solucionescontract.com\/fr\/wp-json\/wp\/v2\/product_tag?post=19091"}],"curies":[{"name":"wp","href":"https:\/\/api.w.org\/{rel}","templated":true}]}}