{"id":19087,"date":"2019-11-26T17:47:37","date_gmt":"2019-11-26T17:47:37","guid":{"rendered":"https:\/\/www.solucionescontract.com\/producto\/perchero-ray-pedrali\/"},"modified":"2021-01-20T12:52:15","modified_gmt":"2021-01-20T12:52:15","slug":"perchero-ray-pedrali","status":"publish","type":"product","link":"https:\/\/solucionescontract.com\/fr\/producto\/perchero-ray-pedrali\/","title":{"rendered":"Porte-manteau RAY de Pedrali"},"content":{"rendered":"<h3>\nPorte-manteau Ray <a href=\"https:\/\/solucionescontract.com\/wp-content\/uploads\/2019\/11\/perchero-ray-ficha-tecnica.jpg\"><img decoding=\"async\" class=\" wd-lazy-fade aligncenter wp-image-8252\" src=\"https:\/\/solucionescontract.com\/wp-content\/themes\/woodmart\/images\/lazy.svg\" data-src=\"https:\/\/solucionescontract.com\/wp-content\/uploads\/2019\/11\/perchero-ray-ficha-tecnica.jpg\" alt=\"Perchero-ray- pedrali-ficha-tecnica\" width=\"146\" height=\"208\" srcset=\"\" data-srcset=\"https:\/\/solucionescontract.com\/wp-content\/uploads\/2019\/11\/perchero-ray-ficha-tecnica.jpg 146w, https:\/\/solucionescontract.com\/wp-content\/uploads\/2019\/11\/perchero-ray-ficha-tecnica-14x20.jpg 14w, https:\/\/solucionescontract.com\/wp-content\/uploads\/2019\/11\/perchero-ray-ficha-tecnica-42x60.jpg 42w\" sizes=\"(max-width: 146px) 100vw, 146px\" \/><\/a><\/h3>\n<p><\/script><\/p>\n","protected":false},"excerpt":{"rendered":"<ul>\n<li style = \"text-align: justify;\"> C&rsquo;est un cintre con\u00e7u par Pio et Tito Toso o\u00f9 deux mat\u00e9riaux sont parfaitement combin\u00e9s: l&rsquo;acier et le bois, pour cr\u00e9er cet excellent objet design. <\/ li >\n<li> Bras en bois de fr\u00eane contreplaqu\u00e9 d&rsquo;\u00e9paisseur variable <\/li>\n<li> Hauteur 1715 mm <\/li>\n<li> Pied m\u00e9tallique blanc \/ noir disponible. Consultez d&rsquo;autres combinaisons. <\/li>\n<\/ul>\n<p> <span style = \"font-size: 10pt; color: # 3fc387;\"> <\/span> <\/p>\n","protected":false},"featured_media":15787,"comment_status":"open","ping_status":"closed","template":"","meta":[],"product_brand":[],"product_cat":[614,623],"product_tag":[666],"class_list":{"0":"post-19087","1":"product","2":"type-product","3":"status-publish","4":"has-post-thumbnail","6":"product_cat-meubles-et-accessoires","7":"product_cat-percheros-fr","8":"product_tag-cintres","9":"product_shipping_class-gratuit","10":"yith_product_brand-pedrali-fr","12":"first","13":"instock","14":"taxable","15":"shipping-taxable","16":"purchasable","17":"product-type-variable"},"yoast_head":"<!-- This site is optimized with the Yoast SEO plugin v27.3 - https:\/\/yoast.com\/product\/yoast-seo-wordpress\/ -->\n<title>Porte-manteau RAY de Pedrali - Muebles de dise\u00f1o en Soluciones Contract<\/title>\n<meta name=\"description\" content=\"Achetez Porte-manteau RAY de Pedrali en ligne dans notre magasin de meubles Contract. Le meilleur MEUBLE DE CONCEPTION pour un usage h\u00f4telier, domestique et commercial. Cadeau original ce No\u00ebl\" \/>\n<meta name=\"robots\" content=\"index, follow, max-snippet:-1, max-image-preview:large, max-video-preview:-1\" \/>\n<link rel=\"canonical\" href=\"https:\/\/solucionescontract.com\/fr\/producto\/perchero-ray-pedrali\/\" \/>\n<meta property=\"og:locale\" content=\"fr_FR\" \/>\n<meta property=\"og:type\" content=\"article\" \/>\n<meta property=\"og:title\" content=\"Porte-manteau RAY de Pedrali - Muebles de dise\u00f1o en Soluciones Contract\" \/>\n<meta property=\"og:description\" content=\"Achetez Porte-manteau RAY de Pedrali en ligne dans notre magasin de meubles Contract. Le meilleur MEUBLE DE CONCEPTION pour un usage h\u00f4telier, domestique et commercial. Cadeau original ce No\u00ebl\" \/>\n<meta property=\"og:url\" content=\"https:\/\/solucionescontract.com\/fr\/producto\/perchero-ray-pedrali\/\" \/>\n<meta property=\"og:site_name\" content=\"Soluciones Contract\" \/>\n<meta property=\"article:publisher\" content=\"https:\/\/www.facebook.com\/solucionescontract\/\" \/>\n<meta property=\"article:modified_time\" content=\"2021-01-20T12:52:15+00:00\" \/>\n<meta property=\"og:image\" content=\"https:\/\/solucionescontract.com\/wp-content\/uploads\/2019\/11\/Perchero-Ray-pedrali-color-negro.jpg\" \/>\n\t<meta property=\"og:image:width\" content=\"1508\" \/>\n\t<meta property=\"og:image:height\" content=\"1508\" \/>\n\t<meta property=\"og:image:type\" content=\"image\/jpeg\" \/>\n<meta name=\"twitter:card\" content=\"summary_large_image\" \/>\n<script type=\"application\/ld+json\" class=\"yoast-schema-graph\">{\"@context\":\"https:\\\/\\\/schema.org\",\"@graph\":[{\"@type\":\"WebPage\",\"@id\":\"https:\\\/\\\/solucionescontract.com\\\/fr\\\/producto\\\/perchero-ray-pedrali\\\/\",\"url\":\"https:\\\/\\\/solucionescontract.com\\\/fr\\\/producto\\\/perchero-ray-pedrali\\\/\",\"name\":\"Porte-manteau RAY de Pedrali - Muebles de dise\u00f1o en Soluciones Contract\",\"isPartOf\":{\"@id\":\"https:\\\/\\\/solucionescontract.com\\\/#website\"},\"primaryImageOfPage\":{\"@id\":\"https:\\\/\\\/solucionescontract.com\\\/fr\\\/producto\\\/perchero-ray-pedrali\\\/#primaryimage\"},\"image\":{\"@id\":\"https:\\\/\\\/solucionescontract.com\\\/fr\\\/producto\\\/perchero-ray-pedrali\\\/#primaryimage\"},\"thumbnailUrl\":\"https:\\\/\\\/solucionescontract.com\\\/wp-content\\\/uploads\\\/2019\\\/11\\\/Perchero-Ray-pedrali-color-negro.jpg\",\"datePublished\":\"2019-11-26T17:47:37+00:00\",\"dateModified\":\"2021-01-20T12:52:15+00:00\",\"description\":\"Achetez Porte-manteau RAY de Pedrali en ligne dans notre magasin de meubles Contract. Le meilleur MEUBLE DE CONCEPTION pour un usage h\u00f4telier, domestique et commercial. Cadeau original ce No\u00ebl\",\"breadcrumb\":{\"@id\":\"https:\\\/\\\/solucionescontract.com\\\/fr\\\/producto\\\/perchero-ray-pedrali\\\/#breadcrumb\"},\"inLanguage\":\"fr-FR\",\"potentialAction\":[{\"@type\":\"ReadAction\",\"target\":[\"https:\\\/\\\/solucionescontract.com\\\/fr\\\/producto\\\/perchero-ray-pedrali\\\/\"]}]},{\"@type\":\"ImageObject\",\"inLanguage\":\"fr-FR\",\"@id\":\"https:\\\/\\\/solucionescontract.com\\\/fr\\\/producto\\\/perchero-ray-pedrali\\\/#primaryimage\",\"url\":\"https:\\\/\\\/solucionescontract.com\\\/wp-content\\\/uploads\\\/2019\\\/11\\\/Perchero-Ray-pedrali-color-negro.jpg\",\"contentUrl\":\"https:\\\/\\\/solucionescontract.com\\\/wp-content\\\/uploads\\\/2019\\\/11\\\/Perchero-Ray-pedrali-color-negro.jpg\",\"width\":1508,\"height\":1508,\"caption\":\"Perchero-ray-pedrali-color-negro\"},{\"@type\":\"BreadcrumbList\",\"@id\":\"https:\\\/\\\/solucionescontract.com\\\/fr\\\/producto\\\/perchero-ray-pedrali\\\/#breadcrumb\",\"itemListElement\":[{\"@type\":\"ListItem\",\"position\":1,\"name\":\"Inicio\",\"item\":\"https:\\\/\\\/solucionescontract.com\\\/\"},{\"@type\":\"ListItem\",\"position\":2,\"name\":\"Tienda mobiliario contract\",\"item\":\"https:\\\/\\\/solucionescontract.com\\\/tienda-mobiliario-contract\\\/\"},{\"@type\":\"ListItem\",\"position\":3,\"name\":\"Meubles et accessoires\",\"item\":\"https:\\\/\\\/solucionescontract.com\\\/fr\\\/categoria-producto\\\/meubles-et-accessoires\\\/\"},{\"@type\":\"ListItem\",\"position\":4,\"name\":\"Percheros\",\"item\":\"https:\\\/\\\/solucionescontract.com\\\/fr\\\/categoria-producto\\\/meubles-et-accessoires\\\/percheros-fr\\\/\"},{\"@type\":\"ListItem\",\"position\":5,\"name\":\"Porte-manteau RAY de Pedrali\"}]},{\"@type\":\"WebSite\",\"@id\":\"https:\\\/\\\/solucionescontract.com\\\/#website\",\"url\":\"https:\\\/\\\/solucionescontract.com\\\/\",\"name\":\"Soluciones Contract\",\"description\":\"Venta Mobiliario contract de dise\u00f1o\",\"publisher\":{\"@id\":\"https:\\\/\\\/solucionescontract.com\\\/#organization\"},\"potentialAction\":[{\"@type\":\"SearchAction\",\"target\":{\"@type\":\"EntryPoint\",\"urlTemplate\":\"https:\\\/\\\/solucionescontract.com\\\/?s={search_term_string}\"},\"query-input\":{\"@type\":\"PropertyValueSpecification\",\"valueRequired\":true,\"valueName\":\"search_term_string\"}}],\"inLanguage\":\"fr-FR\"},{\"@type\":\"Organization\",\"@id\":\"https:\\\/\\\/solucionescontract.com\\\/#organization\",\"name\":\"Soluciones Contract\",\"url\":\"https:\\\/\\\/solucionescontract.com\\\/\",\"logo\":{\"@type\":\"ImageObject\",\"inLanguage\":\"fr-FR\",\"@id\":\"https:\\\/\\\/solucionescontract.com\\\/#\\\/schema\\\/logo\\\/image\\\/\",\"url\":\"https:\\\/\\\/solucionescontract.com\\\/wp-content\\\/uploads\\\/2020\\\/02\\\/logoSC.jpg\",\"contentUrl\":\"https:\\\/\\\/solucionescontract.com\\\/wp-content\\\/uploads\\\/2020\\\/02\\\/logoSC.jpg\",\"width\":300,\"height\":125,\"caption\":\"Soluciones Contract\"},\"image\":{\"@id\":\"https:\\\/\\\/solucionescontract.com\\\/#\\\/schema\\\/logo\\\/image\\\/\"},\"sameAs\":[\"https:\\\/\\\/www.facebook.com\\\/solucionescontract\\\/\"]}]}<\/script>\n<!-- \/ Yoast SEO plugin. -->","yoast_head_json":{"title":"Porte-manteau RAY de Pedrali - Muebles de dise\u00f1o en Soluciones Contract","description":"Achetez Porte-manteau RAY de Pedrali en ligne dans notre magasin de meubles Contract. Le meilleur MEUBLE DE CONCEPTION pour un usage h\u00f4telier, domestique et commercial. Cadeau original ce No\u00ebl","robots":{"index":"index","follow":"follow","max-snippet":"max-snippet:-1","max-image-preview":"max-image-preview:large","max-video-preview":"max-video-preview:-1"},"canonical":"https:\/\/solucionescontract.com\/fr\/producto\/perchero-ray-pedrali\/","og_locale":"fr_FR","og_type":"article","og_title":"Porte-manteau RAY de Pedrali - Muebles de dise\u00f1o en Soluciones Contract","og_description":"Achetez Porte-manteau RAY de Pedrali en ligne dans notre magasin de meubles Contract. Le meilleur MEUBLE DE CONCEPTION pour un usage h\u00f4telier, domestique et commercial. Cadeau original ce No\u00ebl","og_url":"https:\/\/solucionescontract.com\/fr\/producto\/perchero-ray-pedrali\/","og_site_name":"Soluciones Contract","article_publisher":"https:\/\/www.facebook.com\/solucionescontract\/","article_modified_time":"2021-01-20T12:52:15+00:00","og_image":[{"width":1508,"height":1508,"url":"https:\/\/solucionescontract.com\/wp-content\/uploads\/2019\/11\/Perchero-Ray-pedrali-color-negro.jpg","type":"image\/jpeg"}],"twitter_card":"summary_large_image","schema":{"@context":"https:\/\/schema.org","@graph":[{"@type":"WebPage","@id":"https:\/\/solucionescontract.com\/fr\/producto\/perchero-ray-pedrali\/","url":"https:\/\/solucionescontract.com\/fr\/producto\/perchero-ray-pedrali\/","name":"Porte-manteau RAY de Pedrali - Muebles de dise\u00f1o en Soluciones Contract","isPartOf":{"@id":"https:\/\/solucionescontract.com\/#website"},"primaryImageOfPage":{"@id":"https:\/\/solucionescontract.com\/fr\/producto\/perchero-ray-pedrali\/#primaryimage"},"image":{"@id":"https:\/\/solucionescontract.com\/fr\/producto\/perchero-ray-pedrali\/#primaryimage"},"thumbnailUrl":"https:\/\/solucionescontract.com\/wp-content\/uploads\/2019\/11\/Perchero-Ray-pedrali-color-negro.jpg","datePublished":"2019-11-26T17:47:37+00:00","dateModified":"2021-01-20T12:52:15+00:00","description":"Achetez Porte-manteau RAY de Pedrali en ligne dans notre magasin de meubles Contract. Le meilleur MEUBLE DE CONCEPTION pour un usage h\u00f4telier, domestique et commercial. Cadeau original ce No\u00ebl","breadcrumb":{"@id":"https:\/\/solucionescontract.com\/fr\/producto\/perchero-ray-pedrali\/#breadcrumb"},"inLanguage":"fr-FR","potentialAction":[{"@type":"ReadAction","target":["https:\/\/solucionescontract.com\/fr\/producto\/perchero-ray-pedrali\/"]}]},{"@type":"ImageObject","inLanguage":"fr-FR","@id":"https:\/\/solucionescontract.com\/fr\/producto\/perchero-ray-pedrali\/#primaryimage","url":"https:\/\/solucionescontract.com\/wp-content\/uploads\/2019\/11\/Perchero-Ray-pedrali-color-negro.jpg","contentUrl":"https:\/\/solucionescontract.com\/wp-content\/uploads\/2019\/11\/Perchero-Ray-pedrali-color-negro.jpg","width":1508,"height":1508,"caption":"Perchero-ray-pedrali-color-negro"},{"@type":"BreadcrumbList","@id":"https:\/\/solucionescontract.com\/fr\/producto\/perchero-ray-pedrali\/#breadcrumb","itemListElement":[{"@type":"ListItem","position":1,"name":"Inicio","item":"https:\/\/solucionescontract.com\/"},{"@type":"ListItem","position":2,"name":"Tienda mobiliario contract","item":"https:\/\/solucionescontract.com\/tienda-mobiliario-contract\/"},{"@type":"ListItem","position":3,"name":"Meubles et accessoires","item":"https:\/\/solucionescontract.com\/fr\/categoria-producto\/meubles-et-accessoires\/"},{"@type":"ListItem","position":4,"name":"Percheros","item":"https:\/\/solucionescontract.com\/fr\/categoria-producto\/meubles-et-accessoires\/percheros-fr\/"},{"@type":"ListItem","position":5,"name":"Porte-manteau RAY de Pedrali"}]},{"@type":"WebSite","@id":"https:\/\/solucionescontract.com\/#website","url":"https:\/\/solucionescontract.com\/","name":"Soluciones Contract","description":"Venta Mobiliario contract de dise\u00f1o","publisher":{"@id":"https:\/\/solucionescontract.com\/#organization"},"potentialAction":[{"@type":"SearchAction","target":{"@type":"EntryPoint","urlTemplate":"https:\/\/solucionescontract.com\/?s={search_term_string}"},"query-input":{"@type":"PropertyValueSpecification","valueRequired":true,"valueName":"search_term_string"}}],"inLanguage":"fr-FR"},{"@type":"Organization","@id":"https:\/\/solucionescontract.com\/#organization","name":"Soluciones Contract","url":"https:\/\/solucionescontract.com\/","logo":{"@type":"ImageObject","inLanguage":"fr-FR","@id":"https:\/\/solucionescontract.com\/#\/schema\/logo\/image\/","url":"https:\/\/solucionescontract.com\/wp-content\/uploads\/2020\/02\/logoSC.jpg","contentUrl":"https:\/\/solucionescontract.com\/wp-content\/uploads\/2020\/02\/logoSC.jpg","width":300,"height":125,"caption":"Soluciones Contract"},"image":{"@id":"https:\/\/solucionescontract.com\/#\/schema\/logo\/image\/"},"sameAs":["https:\/\/www.facebook.com\/solucionescontract\/"]}]}},"_links":{"self":[{"href":"https:\/\/solucionescontract.com\/fr\/wp-json\/wp\/v2\/product\/19087","targetHints":{"allow":["GET"]}}],"collection":[{"href":"https:\/\/solucionescontract.com\/fr\/wp-json\/wp\/v2\/product"}],"about":[{"href":"https:\/\/solucionescontract.com\/fr\/wp-json\/wp\/v2\/types\/product"}],"replies":[{"embeddable":true,"href":"https:\/\/solucionescontract.com\/fr\/wp-json\/wp\/v2\/comments?post=19087"}],"wp:featuredmedia":[{"embeddable":true,"href":"https:\/\/solucionescontract.com\/fr\/wp-json\/wp\/v2\/media\/15787"}],"wp:attachment":[{"href":"https:\/\/solucionescontract.com\/fr\/wp-json\/wp\/v2\/media?parent=19087"}],"wp:term":[{"taxonomy":"product_brand","embeddable":true,"href":"https:\/\/solucionescontract.com\/fr\/wp-json\/wp\/v2\/product_brand?post=19087"},{"taxonomy":"product_cat","embeddable":true,"href":"https:\/\/solucionescontract.com\/fr\/wp-json\/wp\/v2\/product_cat?post=19087"},{"taxonomy":"product_tag","embeddable":true,"href":"https:\/\/solucionescontract.com\/fr\/wp-json\/wp\/v2\/product_tag?post=19087"}],"curies":[{"name":"wp","href":"https:\/\/api.w.org\/{rel}","templated":true}]}}