{"id":19086,"date":"2019-11-28T10:29:31","date_gmt":"2019-11-28T10:29:31","guid":{"rendered":"https:\/\/www.solucionescontract.com\/producto\/refroidisseur-zuiver\/"},"modified":"2021-04-16T15:27:36","modified_gmt":"2021-04-16T15:27:36","slug":"refroidisseur-zuiver","status":"publish","type":"product","link":"https:\/\/solucionescontract.com\/fr\/producto\/refroidisseur-zuiver\/","title":{"rendered":"COOLER COOLER"},"content":{"rendered":"<h3> <span style = \"font-size: 14pt; font-family: georgia, palatino, serif;\"> Zuiver Cooler <\/span> <\/h3>\n<p><a href=\"https:\/\/solucionescontract.com\/wp-content\/uploads\/2019\/11\/cubitera-Cool-zuiver-dimensiones.jpg\"><img decoding=\"async\" class=\" wd-lazy-fade wp-image-8258\" src=\"https:\/\/solucionescontract.com\/wp-content\/themes\/woodmart\/images\/lazy.svg\" data-src=\"https:\/\/solucionescontract.com\/wp-content\/uploads\/2019\/11\/cubitera-Cool-zuiver-dimensiones-300x177.jpg\" alt=\"Ficha-tecnica-enfriador-cubitera\" width=\"300\" height=\"177\" srcset=\"\" data-srcset=\"https:\/\/solucionescontract.com\/wp-content\/uploads\/2019\/11\/cubitera-Cool-zuiver-dimensiones-300x177.jpg 300w, https:\/\/solucionescontract.com\/wp-content\/uploads\/2019\/11\/cubitera-Cool-zuiver-dimensiones-150x89.jpg 150w, https:\/\/solucionescontract.com\/wp-content\/uploads\/2019\/11\/cubitera-Cool-zuiver-dimensiones-800x473.jpg 800w, https:\/\/solucionescontract.com\/wp-content\/uploads\/2019\/11\/cubitera-Cool-zuiver-dimensiones-768x454.jpg 768w, https:\/\/solucionescontract.com\/wp-content\/uploads\/2019\/11\/cubitera-Cool-zuiver-dimensiones-1024x606.jpg 1024w, https:\/\/solucionescontract.com\/wp-content\/uploads\/2019\/11\/cubitera-Cool-zuiver-dimensiones-34x20.jpg 34w, https:\/\/solucionescontract.com\/wp-content\/uploads\/2019\/11\/cubitera-Cool-zuiver-dimensiones-101x60.jpg 101w, https:\/\/solucionescontract.com\/wp-content\/uploads\/2019\/11\/cubitera-Cool-zuiver-dimensiones.jpg 1799w\" sizes=\"(max-width: 300px) 100vw, 300px\" \/><\/a><\/script><\/p>\n","protected":false},"excerpt":{"rendered":"<ul>\n<li style = \"text-align: justify;\"> Nous sommes face \u00e0 une splendide pi\u00e8ce, qui sera la vedette de tout \u00e9v\u00e9nement organis\u00e9, aussi bien dans les \u00e9v\u00e9nements organis\u00e9s dans les h\u00f4tels, les pubs, les restaurants que dans vos soir\u00e9es priv\u00e9es \u00e0 la maison. <\/ li>\n<li style = \"text-align: justify;\"> En fer avec une finition noire et une glaci\u00e8re en polypropyl\u00e8ne blanc. <\/li>\n<li> Avec d\u00e9capsuleur inclus dans la structure. <\/li>\n<li> Capacit\u00e9: 70 litres. <\/li>\n<li> Dimensions: 91x39x84,5 cm <\/li>\n<\/ul>\n<p> &#038; nbsp; <\/p>\n","protected":false},"featured_media":15801,"comment_status":"open","ping_status":"closed","template":"","meta":[],"product_brand":[],"product_cat":[585,621,581,614],"product_tag":[782,679,657],"class_list":{"0":"post-19086","1":"product","2":"type-product","3":"status-publish","4":"has-post-thumbnail","6":"product_cat-accessoires-de-jardin","7":"product_cat-meubles-auxiliaires","8":"product_cat-meubles-de-terrasse-et-de-jardin","9":"product_cat-meubles-et-accessoires","10":"product_tag-enfriador-fr","11":"product_tag-exterior-interior","12":"product_tag-meubles-auxiliaires","13":"product_shipping_class-gratuit","14":"yith_product_brand-zuiver-fr","16":"first","17":"instock","18":"taxable","19":"shipping-taxable","20":"purchasable","21":"product-type-simple"},"yoast_head":"<!-- This site is optimized with the Yoast SEO plugin v27.3 - https:\/\/yoast.com\/product\/yoast-seo-wordpress\/ -->\n<title>COOLER COOLER - Muebles de dise\u00f1o en Soluciones Contract<\/title>\n<meta name=\"description\" content=\"Achetez en ligne dans notre magasin de meubles Contract. Trouvez le meilleur MEUBLE DE CONCEPTION pour un usage h\u00f4telier, domestique et commercial. .\" \/>\n<meta name=\"robots\" content=\"index, follow, max-snippet:-1, max-image-preview:large, max-video-preview:-1\" \/>\n<link rel=\"canonical\" href=\"https:\/\/solucionescontract.com\/producto\/enfriador-zuiver\/\" \/>\n<meta property=\"og:locale\" content=\"fr_FR\" \/>\n<meta property=\"og:type\" content=\"article\" \/>\n<meta property=\"og:title\" content=\"COOLER COOLER - Muebles de dise\u00f1o en Soluciones Contract\" \/>\n<meta property=\"og:description\" content=\"Achetez en ligne dans notre magasin de meubles Contract. Trouvez le meilleur MEUBLE DE CONCEPTION pour un usage h\u00f4telier, domestique et commercial. .\" \/>\n<meta property=\"og:url\" content=\"https:\/\/solucionescontract.com\/producto\/enfriador-zuiver\/\" \/>\n<meta property=\"og:site_name\" content=\"Soluciones Contract\" \/>\n<meta property=\"article:publisher\" content=\"https:\/\/www.facebook.com\/solucionescontract\/\" \/>\n<meta property=\"article:modified_time\" content=\"2021-04-16T15:27:36+00:00\" \/>\n<meta property=\"og:image\" content=\"https:\/\/solucionescontract.com\/wp-content\/uploads\/2019\/11\/Camarera-Cool-Zuiver.jpg\" \/>\n\t<meta property=\"og:image:width\" content=\"1225\" \/>\n\t<meta property=\"og:image:height\" content=\"1225\" \/>\n\t<meta property=\"og:image:type\" content=\"image\/jpeg\" \/>\n<meta name=\"twitter:card\" content=\"summary_large_image\" \/>\n<script type=\"application\/ld+json\" class=\"yoast-schema-graph\">{\"@context\":\"https:\\\/\\\/schema.org\",\"@graph\":[{\"@type\":\"WebPage\",\"@id\":\"https:\\\/\\\/solucionescontract.com\\\/producto\\\/enfriador-zuiver\\\/\",\"url\":\"https:\\\/\\\/solucionescontract.com\\\/producto\\\/enfriador-zuiver\\\/\",\"name\":\"COOLER COOLER - Muebles de dise\u00f1o en Soluciones Contract\",\"isPartOf\":{\"@id\":\"https:\\\/\\\/solucionescontract.com\\\/#website\"},\"primaryImageOfPage\":{\"@id\":\"https:\\\/\\\/solucionescontract.com\\\/producto\\\/enfriador-zuiver\\\/#primaryimage\"},\"image\":{\"@id\":\"https:\\\/\\\/solucionescontract.com\\\/producto\\\/enfriador-zuiver\\\/#primaryimage\"},\"thumbnailUrl\":\"https:\\\/\\\/solucionescontract.com\\\/wp-content\\\/uploads\\\/2019\\\/11\\\/Camarera-Cool-Zuiver.jpg\",\"datePublished\":\"2019-11-28T10:29:31+00:00\",\"dateModified\":\"2021-04-16T15:27:36+00:00\",\"description\":\"Achetez en ligne dans notre magasin de meubles Contract. Trouvez le meilleur MEUBLE DE CONCEPTION pour un usage h\u00f4telier, domestique et commercial. .\",\"breadcrumb\":{\"@id\":\"https:\\\/\\\/solucionescontract.com\\\/producto\\\/enfriador-zuiver\\\/#breadcrumb\"},\"inLanguage\":\"fr-FR\",\"potentialAction\":[{\"@type\":\"ReadAction\",\"target\":[\"https:\\\/\\\/solucionescontract.com\\\/producto\\\/enfriador-zuiver\\\/\"]}]},{\"@type\":\"ImageObject\",\"inLanguage\":\"fr-FR\",\"@id\":\"https:\\\/\\\/solucionescontract.com\\\/producto\\\/enfriador-zuiver\\\/#primaryimage\",\"url\":\"https:\\\/\\\/solucionescontract.com\\\/wp-content\\\/uploads\\\/2019\\\/11\\\/Camarera-Cool-Zuiver.jpg\",\"contentUrl\":\"https:\\\/\\\/solucionescontract.com\\\/wp-content\\\/uploads\\\/2019\\\/11\\\/Camarera-Cool-Zuiver.jpg\",\"width\":1225,\"height\":1225,\"caption\":\"Compra on line en Solucionescontract el enfriador de dise\u00f1o Zuiver\"},{\"@type\":\"BreadcrumbList\",\"@id\":\"https:\\\/\\\/solucionescontract.com\\\/producto\\\/enfriador-zuiver\\\/#breadcrumb\",\"itemListElement\":[{\"@type\":\"ListItem\",\"position\":1,\"name\":\"Inicio\",\"item\":\"https:\\\/\\\/solucionescontract.com\\\/\"},{\"@type\":\"ListItem\",\"position\":2,\"name\":\"Tienda mobiliario contract\",\"item\":\"https:\\\/\\\/solucionescontract.com\\\/tienda-mobiliario-contract\\\/\"},{\"@type\":\"ListItem\",\"position\":3,\"name\":\"Mobiliario de Terraza y Jard\u00edn\",\"item\":\"https:\\\/\\\/solucionescontract.com\\\/categoria-producto\\\/mobiliario-de-terraza-y-jardin\\\/\"},{\"@type\":\"ListItem\",\"position\":4,\"name\":\"Complementos de Jard\u00edn\",\"item\":\"https:\\\/\\\/solucionescontract.com\\\/categoria-producto\\\/mobiliario-de-terraza-y-jardin\\\/complementos-de-jardin\\\/\"},{\"@type\":\"ListItem\",\"position\":5,\"name\":\"COOLER COOLER\"}]},{\"@type\":\"WebSite\",\"@id\":\"https:\\\/\\\/solucionescontract.com\\\/#website\",\"url\":\"https:\\\/\\\/solucionescontract.com\\\/\",\"name\":\"Soluciones Contract\",\"description\":\"Venta Mobiliario contract de dise\u00f1o\",\"publisher\":{\"@id\":\"https:\\\/\\\/solucionescontract.com\\\/#organization\"},\"potentialAction\":[{\"@type\":\"SearchAction\",\"target\":{\"@type\":\"EntryPoint\",\"urlTemplate\":\"https:\\\/\\\/solucionescontract.com\\\/?s={search_term_string}\"},\"query-input\":{\"@type\":\"PropertyValueSpecification\",\"valueRequired\":true,\"valueName\":\"search_term_string\"}}],\"inLanguage\":\"fr-FR\"},{\"@type\":\"Organization\",\"@id\":\"https:\\\/\\\/solucionescontract.com\\\/#organization\",\"name\":\"Soluciones Contract\",\"url\":\"https:\\\/\\\/solucionescontract.com\\\/\",\"logo\":{\"@type\":\"ImageObject\",\"inLanguage\":\"fr-FR\",\"@id\":\"https:\\\/\\\/solucionescontract.com\\\/#\\\/schema\\\/logo\\\/image\\\/\",\"url\":\"https:\\\/\\\/solucionescontract.com\\\/wp-content\\\/uploads\\\/2020\\\/02\\\/logoSC.jpg\",\"contentUrl\":\"https:\\\/\\\/solucionescontract.com\\\/wp-content\\\/uploads\\\/2020\\\/02\\\/logoSC.jpg\",\"width\":300,\"height\":125,\"caption\":\"Soluciones Contract\"},\"image\":{\"@id\":\"https:\\\/\\\/solucionescontract.com\\\/#\\\/schema\\\/logo\\\/image\\\/\"},\"sameAs\":[\"https:\\\/\\\/www.facebook.com\\\/solucionescontract\\\/\"]}]}<\/script>\n<!-- \/ Yoast SEO plugin. -->","yoast_head_json":{"title":"COOLER COOLER - Muebles de dise\u00f1o en Soluciones Contract","description":"Achetez en ligne dans notre magasin de meubles Contract. Trouvez le meilleur MEUBLE DE CONCEPTION pour un usage h\u00f4telier, domestique et commercial. .","robots":{"index":"index","follow":"follow","max-snippet":"max-snippet:-1","max-image-preview":"max-image-preview:large","max-video-preview":"max-video-preview:-1"},"canonical":"https:\/\/solucionescontract.com\/producto\/enfriador-zuiver\/","og_locale":"fr_FR","og_type":"article","og_title":"COOLER COOLER - Muebles de dise\u00f1o en Soluciones Contract","og_description":"Achetez en ligne dans notre magasin de meubles Contract. Trouvez le meilleur MEUBLE DE CONCEPTION pour un usage h\u00f4telier, domestique et commercial. .","og_url":"https:\/\/solucionescontract.com\/producto\/enfriador-zuiver\/","og_site_name":"Soluciones Contract","article_publisher":"https:\/\/www.facebook.com\/solucionescontract\/","article_modified_time":"2021-04-16T15:27:36+00:00","og_image":[{"width":1225,"height":1225,"url":"https:\/\/solucionescontract.com\/wp-content\/uploads\/2019\/11\/Camarera-Cool-Zuiver.jpg","type":"image\/jpeg"}],"twitter_card":"summary_large_image","schema":{"@context":"https:\/\/schema.org","@graph":[{"@type":"WebPage","@id":"https:\/\/solucionescontract.com\/producto\/enfriador-zuiver\/","url":"https:\/\/solucionescontract.com\/producto\/enfriador-zuiver\/","name":"COOLER COOLER - Muebles de dise\u00f1o en Soluciones Contract","isPartOf":{"@id":"https:\/\/solucionescontract.com\/#website"},"primaryImageOfPage":{"@id":"https:\/\/solucionescontract.com\/producto\/enfriador-zuiver\/#primaryimage"},"image":{"@id":"https:\/\/solucionescontract.com\/producto\/enfriador-zuiver\/#primaryimage"},"thumbnailUrl":"https:\/\/solucionescontract.com\/wp-content\/uploads\/2019\/11\/Camarera-Cool-Zuiver.jpg","datePublished":"2019-11-28T10:29:31+00:00","dateModified":"2021-04-16T15:27:36+00:00","description":"Achetez en ligne dans notre magasin de meubles Contract. Trouvez le meilleur MEUBLE DE CONCEPTION pour un usage h\u00f4telier, domestique et commercial. .","breadcrumb":{"@id":"https:\/\/solucionescontract.com\/producto\/enfriador-zuiver\/#breadcrumb"},"inLanguage":"fr-FR","potentialAction":[{"@type":"ReadAction","target":["https:\/\/solucionescontract.com\/producto\/enfriador-zuiver\/"]}]},{"@type":"ImageObject","inLanguage":"fr-FR","@id":"https:\/\/solucionescontract.com\/producto\/enfriador-zuiver\/#primaryimage","url":"https:\/\/solucionescontract.com\/wp-content\/uploads\/2019\/11\/Camarera-Cool-Zuiver.jpg","contentUrl":"https:\/\/solucionescontract.com\/wp-content\/uploads\/2019\/11\/Camarera-Cool-Zuiver.jpg","width":1225,"height":1225,"caption":"Compra on line en Solucionescontract el enfriador de dise\u00f1o Zuiver"},{"@type":"BreadcrumbList","@id":"https:\/\/solucionescontract.com\/producto\/enfriador-zuiver\/#breadcrumb","itemListElement":[{"@type":"ListItem","position":1,"name":"Inicio","item":"https:\/\/solucionescontract.com\/"},{"@type":"ListItem","position":2,"name":"Tienda mobiliario contract","item":"https:\/\/solucionescontract.com\/tienda-mobiliario-contract\/"},{"@type":"ListItem","position":3,"name":"Mobiliario de Terraza y Jard\u00edn","item":"https:\/\/solucionescontract.com\/categoria-producto\/mobiliario-de-terraza-y-jardin\/"},{"@type":"ListItem","position":4,"name":"Complementos de Jard\u00edn","item":"https:\/\/solucionescontract.com\/categoria-producto\/mobiliario-de-terraza-y-jardin\/complementos-de-jardin\/"},{"@type":"ListItem","position":5,"name":"COOLER COOLER"}]},{"@type":"WebSite","@id":"https:\/\/solucionescontract.com\/#website","url":"https:\/\/solucionescontract.com\/","name":"Soluciones Contract","description":"Venta Mobiliario contract de dise\u00f1o","publisher":{"@id":"https:\/\/solucionescontract.com\/#organization"},"potentialAction":[{"@type":"SearchAction","target":{"@type":"EntryPoint","urlTemplate":"https:\/\/solucionescontract.com\/?s={search_term_string}"},"query-input":{"@type":"PropertyValueSpecification","valueRequired":true,"valueName":"search_term_string"}}],"inLanguage":"fr-FR"},{"@type":"Organization","@id":"https:\/\/solucionescontract.com\/#organization","name":"Soluciones Contract","url":"https:\/\/solucionescontract.com\/","logo":{"@type":"ImageObject","inLanguage":"fr-FR","@id":"https:\/\/solucionescontract.com\/#\/schema\/logo\/image\/","url":"https:\/\/solucionescontract.com\/wp-content\/uploads\/2020\/02\/logoSC.jpg","contentUrl":"https:\/\/solucionescontract.com\/wp-content\/uploads\/2020\/02\/logoSC.jpg","width":300,"height":125,"caption":"Soluciones Contract"},"image":{"@id":"https:\/\/solucionescontract.com\/#\/schema\/logo\/image\/"},"sameAs":["https:\/\/www.facebook.com\/solucionescontract\/"]}]}},"_links":{"self":[{"href":"https:\/\/solucionescontract.com\/fr\/wp-json\/wp\/v2\/product\/19086","targetHints":{"allow":["GET"]}}],"collection":[{"href":"https:\/\/solucionescontract.com\/fr\/wp-json\/wp\/v2\/product"}],"about":[{"href":"https:\/\/solucionescontract.com\/fr\/wp-json\/wp\/v2\/types\/product"}],"replies":[{"embeddable":true,"href":"https:\/\/solucionescontract.com\/fr\/wp-json\/wp\/v2\/comments?post=19086"}],"wp:featuredmedia":[{"embeddable":true,"href":"https:\/\/solucionescontract.com\/fr\/wp-json\/wp\/v2\/media\/15801"}],"wp:attachment":[{"href":"https:\/\/solucionescontract.com\/fr\/wp-json\/wp\/v2\/media?parent=19086"}],"wp:term":[{"taxonomy":"product_brand","embeddable":true,"href":"https:\/\/solucionescontract.com\/fr\/wp-json\/wp\/v2\/product_brand?post=19086"},{"taxonomy":"product_cat","embeddable":true,"href":"https:\/\/solucionescontract.com\/fr\/wp-json\/wp\/v2\/product_cat?post=19086"},{"taxonomy":"product_tag","embeddable":true,"href":"https:\/\/solucionescontract.com\/fr\/wp-json\/wp\/v2\/product_tag?post=19086"}],"curies":[{"name":"wp","href":"https:\/\/api.w.org\/{rel}","templated":true}]}}