{"id":19079,"date":"2019-12-05T14:01:46","date_gmt":"2019-12-05T14:01:46","guid":{"rendered":"https:\/\/www.solucionescontract.com\/producto\/chaise-neige-enfants\/"},"modified":"2021-01-20T12:51:31","modified_gmt":"2021-01-20T12:51:31","slug":"chaise-neige-enfants","status":"publish","type":"product","link":"https:\/\/solucionescontract.com\/fr\/producto\/chaise-neige-enfants\/","title":{"rendered":"CHAISE SNOW KIDS"},"content":{"rendered":"<h3> Chaise Snow Kids de Pedrali <\/h3>\n<p><img decoding=\"async\" class=\" wd-lazy-fade alignnone wp-image-8321\" src=\"https:\/\/solucionescontract.com\/wp-content\/themes\/woodmart\/images\/lazy.svg\" data-src=\"https:\/\/solucionescontract.com\/wp-content\/uploads\/2019\/12\/silla-snow-kids.jpg\" alt=\"\" width=\"225\" height=\"166\" srcset=\"\" data-srcset=\"https:\/\/solucionescontract.com\/wp-content\/uploads\/2019\/12\/silla-snow-kids.jpg 225w, https:\/\/solucionescontract.com\/wp-content\/uploads\/2019\/12\/silla-snow-kids-150x111.jpg 150w, https:\/\/solucionescontract.com\/wp-content\/uploads\/2019\/12\/silla-snow-kids-27x20.jpg 27w, https:\/\/solucionescontract.com\/wp-content\/uploads\/2019\/12\/silla-snow-kids-81x60.jpg 81w\" sizes=\"(max-width: 225px) 100vw, 225px\" \/><\/p>\n<p>&nbsp;<\/p>\n\n\t\t<style type=\"text\/css\">\n\t\t\t#gallery-1 {\n\t\t\t\tmargin: auto;\n\t\t\t}\n\t\t\t#gallery-1 .gallery-item {\n\t\t\t\tfloat: left;\n\t\t\t\tmargin-top: 10px;\n\t\t\t\ttext-align: center;\n\t\t\t\twidth: 25%;\n\t\t\t}\n\t\t\t#gallery-1 img {\n\t\t\t\tborder: 2px solid #cfcfcf;\n\t\t\t}\n\t\t\t#gallery-1 .gallery-caption {\n\t\t\t\tmargin-left: 0;\n\t\t\t}\n\t\t\t\/* see gallery_shortcode() in wp-includes\/media.php *\/\n\t\t<\/style>\n\t\t<div id='gallery-1' class='gallery galleryid-19079 gallery-columns-4 gallery-size-thumbnail'><dl class='gallery-item'>\n\t\t\t<dt class='gallery-icon landscape'>\n\t\t\t\t<a href='https:\/\/solucionescontract.com\/wp-content\/uploads\/2019\/12\/Snow-kids-instalacion-1.jpg'><img decoding=\"async\" width=\"150\" height=\"150\" src=\"https:\/\/solucionescontract.com\/wp-content\/uploads\/2019\/12\/Snow-kids-instalacion-1-150x150.jpg\" class=\"attachment-thumbnail size-thumbnail\" alt=\"\" srcset=\"https:\/\/solucionescontract.com\/wp-content\/uploads\/2019\/12\/Snow-kids-instalacion-1-150x150.jpg 150w, https:\/\/solucionescontract.com\/wp-content\/uploads\/2019\/12\/Snow-kids-instalacion-1-300x300.jpg 300w\" sizes=\"(max-width: 150px) 100vw, 150px\" \/><\/a>\n\t\t\t<\/dt><\/dl><dl class='gallery-item'>\n\t\t\t<dt class='gallery-icon landscape'>\n\t\t\t\t<a href='https:\/\/solucionescontract.com\/wp-content\/uploads\/2019\/12\/Snow-kids-instalacion-2.jpg'><img decoding=\"async\" width=\"150\" height=\"150\" src=\"https:\/\/solucionescontract.com\/wp-content\/uploads\/2019\/12\/Snow-kids-instalacion-2-150x150.jpg\" class=\"attachment-thumbnail size-thumbnail\" alt=\"\" srcset=\"https:\/\/solucionescontract.com\/wp-content\/uploads\/2019\/12\/Snow-kids-instalacion-2-150x150.jpg 150w, https:\/\/solucionescontract.com\/wp-content\/uploads\/2019\/12\/Snow-kids-instalacion-2-300x300.jpg 300w\" sizes=\"(max-width: 150px) 100vw, 150px\" \/><\/a>\n\t\t\t<\/dt><\/dl><dl class='gallery-item'>\n\t\t\t<dt class='gallery-icon landscape'>\n\t\t\t\t<a href='https:\/\/solucionescontract.com\/wp-content\/uploads\/2019\/12\/Snow-kids-instalacion-3.jpg'><img decoding=\"async\" width=\"150\" height=\"150\" src=\"https:\/\/solucionescontract.com\/wp-content\/uploads\/2019\/12\/Snow-kids-instalacion-3-150x150.jpg\" class=\"attachment-thumbnail size-thumbnail\" alt=\"\" srcset=\"https:\/\/solucionescontract.com\/wp-content\/uploads\/2019\/12\/Snow-kids-instalacion-3-150x150.jpg 150w, https:\/\/solucionescontract.com\/wp-content\/uploads\/2019\/12\/Snow-kids-instalacion-3-300x300.jpg 300w\" sizes=\"(max-width: 150px) 100vw, 150px\" \/><\/a>\n\t\t\t<\/dt><\/dl><dl class='gallery-item'>\n\t\t\t<dt class='gallery-icon landscape'>\n\t\t\t\t<a href='https:\/\/solucionescontract.com\/wp-content\/uploads\/2019\/12\/Snow-kids-instalacion-4.jpg'><img decoding=\"async\" width=\"150\" height=\"150\" src=\"https:\/\/solucionescontract.com\/wp-content\/uploads\/2019\/12\/Snow-kids-instalacion-4-150x150.jpg\" class=\"attachment-thumbnail size-thumbnail\" alt=\"\" srcset=\"https:\/\/solucionescontract.com\/wp-content\/uploads\/2019\/12\/Snow-kids-instalacion-4-150x150.jpg 150w, https:\/\/solucionescontract.com\/wp-content\/uploads\/2019\/12\/Snow-kids-instalacion-4-300x300.jpg 300w\" sizes=\"(max-width: 150px) 100vw, 150px\" \/><\/a>\n\t\t\t<\/dt><\/dl><br style=\"clear: both\" \/>\n\t\t<\/div>\n\n<p>&nbsp;<\/p>\n<p><\/script><\/p>\n","protected":false},"excerpt":{"rendered":"<ul>\n<li style = \"text-align: justify;\"> Cr\u00e9\u00e9e par Odo Fioravanti, cette chaise a \u00e9t\u00e9 con\u00e7ue pour les plus petits, donc sa l\u00e9g\u00e8ret\u00e9 et sa solidit\u00e9 en font un excellent choix si l&rsquo;on envisage de cr\u00e9er un espace de loisirs enfants en h\u00f4tel, restaurant &#8230; cr\u00e8che, \u00e9coles &#8230; et aussi pour l&rsquo;aire de jeux de votre maison. <\/li>\n<li style = \"text-align: justify;\"> Fabriqu\u00e9 en polypropyl\u00e8ne renforc\u00e9 de fibre de verre. <\/li>\n<li style = \"text-align: justify;\"> Empilable. <\/li>\n<li style = \"text-align: justify;\"> Int\u00e9rieur \/ Ext\u00e9rieur <\/li>\n<li> Hauteur d&rsquo;assise 350 mm <\/li>\n<\/ul>\n<p>&nbsp;<\/p>\n","protected":false},"featured_media":15825,"comment_status":"open","ping_status":"closed","template":"","meta":[],"product_brand":[],"product_cat":[535,589],"product_tag":[756,708,679],"class_list":{"0":"post-19079","1":"product","2":"type-product","3":"status-publish","4":"has-post-thumbnail","6":"product_cat-chaises-contractuelles","7":"product_cat-chaises-de-terrasse","8":"product_tag-sillas-y-sillones-de-diseno-fr","9":"product_tag-kids-fr","10":"product_tag-exterior-interior","11":"product_shipping_class-gratuit","12":"yith_product_brand-pedrali-fr","14":"first","15":"instock","16":"taxable","17":"shipping-taxable","18":"purchasable","19":"product-type-variable"},"yoast_head":"<!-- This site is optimized with the Yoast SEO plugin v27.3 - https:\/\/yoast.com\/product\/yoast-seo-wordpress\/ -->\n<title>CHAISE SNOW KIDS - Muebles de dise\u00f1o en Soluciones Contract<\/title>\n<meta name=\"description\" content=\"Achetez CHAISE SNOW KIDS en ligne dans notre boutique. Trouvez les meilleurs MEUBLES DESIGN POUR ENFANTS \u00e0 usage commercial, h\u00f4tels, cr\u00e8ches ... et pour la maison\" \/>\n<meta name=\"robots\" content=\"index, follow, max-snippet:-1, max-image-preview:large, max-video-preview:-1\" \/>\n<link rel=\"canonical\" href=\"https:\/\/solucionescontract.com\/producto\/silla-snow-kids\/\" \/>\n<meta property=\"og:locale\" content=\"fr_FR\" \/>\n<meta property=\"og:type\" content=\"article\" \/>\n<meta property=\"og:title\" content=\"CHAISE SNOW KIDS - Muebles de dise\u00f1o en Soluciones Contract\" \/>\n<meta property=\"og:description\" content=\"Achetez CHAISE SNOW KIDS en ligne dans notre boutique. Trouvez les meilleurs MEUBLES DESIGN POUR ENFANTS \u00e0 usage commercial, h\u00f4tels, cr\u00e8ches ... et pour la maison\" \/>\n<meta property=\"og:url\" content=\"https:\/\/solucionescontract.com\/producto\/silla-snow-kids\/\" \/>\n<meta property=\"og:site_name\" content=\"Soluciones Contract\" \/>\n<meta property=\"article:publisher\" content=\"https:\/\/www.facebook.com\/solucionescontract\/\" \/>\n<meta property=\"article:modified_time\" content=\"2021-01-20T12:51:31+00:00\" \/>\n<meta property=\"og:image\" content=\"https:\/\/solucionescontract.com\/wp-content\/uploads\/2019\/12\/silla-infantil-snow-2-min.jpg\" \/>\n\t<meta property=\"og:image:width\" content=\"1373\" \/>\n\t<meta property=\"og:image:height\" content=\"1373\" \/>\n\t<meta property=\"og:image:type\" content=\"image\/jpeg\" \/>\n<meta name=\"twitter:card\" content=\"summary_large_image\" \/>\n<script type=\"application\/ld+json\" class=\"yoast-schema-graph\">{\"@context\":\"https:\\\/\\\/schema.org\",\"@graph\":[{\"@type\":\"WebPage\",\"@id\":\"https:\\\/\\\/solucionescontract.com\\\/producto\\\/silla-snow-kids\\\/\",\"url\":\"https:\\\/\\\/solucionescontract.com\\\/producto\\\/silla-snow-kids\\\/\",\"name\":\"CHAISE SNOW KIDS - Muebles de dise\u00f1o en Soluciones Contract\",\"isPartOf\":{\"@id\":\"https:\\\/\\\/solucionescontract.com\\\/#website\"},\"primaryImageOfPage\":{\"@id\":\"https:\\\/\\\/solucionescontract.com\\\/producto\\\/silla-snow-kids\\\/#primaryimage\"},\"image\":{\"@id\":\"https:\\\/\\\/solucionescontract.com\\\/producto\\\/silla-snow-kids\\\/#primaryimage\"},\"thumbnailUrl\":\"https:\\\/\\\/solucionescontract.com\\\/wp-content\\\/uploads\\\/2019\\\/12\\\/silla-infantil-snow-2-min.jpg\",\"datePublished\":\"2019-12-05T14:01:46+00:00\",\"dateModified\":\"2021-01-20T12:51:31+00:00\",\"description\":\"Achetez CHAISE SNOW KIDS en ligne dans notre boutique. Trouvez les meilleurs MEUBLES DESIGN POUR ENFANTS \u00e0 usage commercial, h\u00f4tels, cr\u00e8ches ... et pour la maison\",\"breadcrumb\":{\"@id\":\"https:\\\/\\\/solucionescontract.com\\\/producto\\\/silla-snow-kids\\\/#breadcrumb\"},\"inLanguage\":\"fr-FR\",\"potentialAction\":[{\"@type\":\"ReadAction\",\"target\":[\"https:\\\/\\\/solucionescontract.com\\\/producto\\\/silla-snow-kids\\\/\"]}]},{\"@type\":\"ImageObject\",\"inLanguage\":\"fr-FR\",\"@id\":\"https:\\\/\\\/solucionescontract.com\\\/producto\\\/silla-snow-kids\\\/#primaryimage\",\"url\":\"https:\\\/\\\/solucionescontract.com\\\/wp-content\\\/uploads\\\/2019\\\/12\\\/silla-infantil-snow-2-min.jpg\",\"contentUrl\":\"https:\\\/\\\/solucionescontract.com\\\/wp-content\\\/uploads\\\/2019\\\/12\\\/silla-infantil-snow-2-min.jpg\",\"width\":1373,\"height\":1373,\"caption\":\"Compra on line el mejor mobiliario infantil de dise\u00f1o\"},{\"@type\":\"BreadcrumbList\",\"@id\":\"https:\\\/\\\/solucionescontract.com\\\/producto\\\/silla-snow-kids\\\/#breadcrumb\",\"itemListElement\":[{\"@type\":\"ListItem\",\"position\":1,\"name\":\"Inicio\",\"item\":\"https:\\\/\\\/solucionescontract.com\\\/\"},{\"@type\":\"ListItem\",\"position\":2,\"name\":\"Tienda mobiliario contract\",\"item\":\"https:\\\/\\\/solucionescontract.com\\\/tienda-mobiliario-contract\\\/\"},{\"@type\":\"ListItem\",\"position\":3,\"name\":\"Asientos Contract\",\"item\":\"https:\\\/\\\/solucionescontract.com\\\/categoria-producto\\\/asientos-para-contract\\\/\"},{\"@type\":\"ListItem\",\"position\":4,\"name\":\"Sillas Contract\",\"item\":\"https:\\\/\\\/solucionescontract.com\\\/categoria-producto\\\/asientos-para-contract\\\/sillas-contract\\\/\"},{\"@type\":\"ListItem\",\"position\":5,\"name\":\"CHAISE SNOW KIDS\"}]},{\"@type\":\"WebSite\",\"@id\":\"https:\\\/\\\/solucionescontract.com\\\/#website\",\"url\":\"https:\\\/\\\/solucionescontract.com\\\/\",\"name\":\"Soluciones Contract\",\"description\":\"Venta Mobiliario contract de dise\u00f1o\",\"publisher\":{\"@id\":\"https:\\\/\\\/solucionescontract.com\\\/#organization\"},\"potentialAction\":[{\"@type\":\"SearchAction\",\"target\":{\"@type\":\"EntryPoint\",\"urlTemplate\":\"https:\\\/\\\/solucionescontract.com\\\/?s={search_term_string}\"},\"query-input\":{\"@type\":\"PropertyValueSpecification\",\"valueRequired\":true,\"valueName\":\"search_term_string\"}}],\"inLanguage\":\"fr-FR\"},{\"@type\":\"Organization\",\"@id\":\"https:\\\/\\\/solucionescontract.com\\\/#organization\",\"name\":\"Soluciones Contract\",\"url\":\"https:\\\/\\\/solucionescontract.com\\\/\",\"logo\":{\"@type\":\"ImageObject\",\"inLanguage\":\"fr-FR\",\"@id\":\"https:\\\/\\\/solucionescontract.com\\\/#\\\/schema\\\/logo\\\/image\\\/\",\"url\":\"https:\\\/\\\/solucionescontract.com\\\/wp-content\\\/uploads\\\/2020\\\/02\\\/logoSC.jpg\",\"contentUrl\":\"https:\\\/\\\/solucionescontract.com\\\/wp-content\\\/uploads\\\/2020\\\/02\\\/logoSC.jpg\",\"width\":300,\"height\":125,\"caption\":\"Soluciones Contract\"},\"image\":{\"@id\":\"https:\\\/\\\/solucionescontract.com\\\/#\\\/schema\\\/logo\\\/image\\\/\"},\"sameAs\":[\"https:\\\/\\\/www.facebook.com\\\/solucionescontract\\\/\"]}]}<\/script>\n<!-- \/ Yoast SEO plugin. -->","yoast_head_json":{"title":"CHAISE SNOW KIDS - Muebles de dise\u00f1o en Soluciones Contract","description":"Achetez CHAISE SNOW KIDS en ligne dans notre boutique. Trouvez les meilleurs MEUBLES DESIGN POUR ENFANTS \u00e0 usage commercial, h\u00f4tels, cr\u00e8ches ... et pour la maison","robots":{"index":"index","follow":"follow","max-snippet":"max-snippet:-1","max-image-preview":"max-image-preview:large","max-video-preview":"max-video-preview:-1"},"canonical":"https:\/\/solucionescontract.com\/producto\/silla-snow-kids\/","og_locale":"fr_FR","og_type":"article","og_title":"CHAISE SNOW KIDS - Muebles de dise\u00f1o en Soluciones Contract","og_description":"Achetez CHAISE SNOW KIDS en ligne dans notre boutique. Trouvez les meilleurs MEUBLES DESIGN POUR ENFANTS \u00e0 usage commercial, h\u00f4tels, cr\u00e8ches ... et pour la maison","og_url":"https:\/\/solucionescontract.com\/producto\/silla-snow-kids\/","og_site_name":"Soluciones Contract","article_publisher":"https:\/\/www.facebook.com\/solucionescontract\/","article_modified_time":"2021-01-20T12:51:31+00:00","og_image":[{"width":1373,"height":1373,"url":"https:\/\/solucionescontract.com\/wp-content\/uploads\/2019\/12\/silla-infantil-snow-2-min.jpg","type":"image\/jpeg"}],"twitter_card":"summary_large_image","schema":{"@context":"https:\/\/schema.org","@graph":[{"@type":"WebPage","@id":"https:\/\/solucionescontract.com\/producto\/silla-snow-kids\/","url":"https:\/\/solucionescontract.com\/producto\/silla-snow-kids\/","name":"CHAISE SNOW KIDS - Muebles de dise\u00f1o en Soluciones Contract","isPartOf":{"@id":"https:\/\/solucionescontract.com\/#website"},"primaryImageOfPage":{"@id":"https:\/\/solucionescontract.com\/producto\/silla-snow-kids\/#primaryimage"},"image":{"@id":"https:\/\/solucionescontract.com\/producto\/silla-snow-kids\/#primaryimage"},"thumbnailUrl":"https:\/\/solucionescontract.com\/wp-content\/uploads\/2019\/12\/silla-infantil-snow-2-min.jpg","datePublished":"2019-12-05T14:01:46+00:00","dateModified":"2021-01-20T12:51:31+00:00","description":"Achetez CHAISE SNOW KIDS en ligne dans notre boutique. Trouvez les meilleurs MEUBLES DESIGN POUR ENFANTS \u00e0 usage commercial, h\u00f4tels, cr\u00e8ches ... et pour la maison","breadcrumb":{"@id":"https:\/\/solucionescontract.com\/producto\/silla-snow-kids\/#breadcrumb"},"inLanguage":"fr-FR","potentialAction":[{"@type":"ReadAction","target":["https:\/\/solucionescontract.com\/producto\/silla-snow-kids\/"]}]},{"@type":"ImageObject","inLanguage":"fr-FR","@id":"https:\/\/solucionescontract.com\/producto\/silla-snow-kids\/#primaryimage","url":"https:\/\/solucionescontract.com\/wp-content\/uploads\/2019\/12\/silla-infantil-snow-2-min.jpg","contentUrl":"https:\/\/solucionescontract.com\/wp-content\/uploads\/2019\/12\/silla-infantil-snow-2-min.jpg","width":1373,"height":1373,"caption":"Compra on line el mejor mobiliario infantil de dise\u00f1o"},{"@type":"BreadcrumbList","@id":"https:\/\/solucionescontract.com\/producto\/silla-snow-kids\/#breadcrumb","itemListElement":[{"@type":"ListItem","position":1,"name":"Inicio","item":"https:\/\/solucionescontract.com\/"},{"@type":"ListItem","position":2,"name":"Tienda mobiliario contract","item":"https:\/\/solucionescontract.com\/tienda-mobiliario-contract\/"},{"@type":"ListItem","position":3,"name":"Asientos Contract","item":"https:\/\/solucionescontract.com\/categoria-producto\/asientos-para-contract\/"},{"@type":"ListItem","position":4,"name":"Sillas Contract","item":"https:\/\/solucionescontract.com\/categoria-producto\/asientos-para-contract\/sillas-contract\/"},{"@type":"ListItem","position":5,"name":"CHAISE SNOW KIDS"}]},{"@type":"WebSite","@id":"https:\/\/solucionescontract.com\/#website","url":"https:\/\/solucionescontract.com\/","name":"Soluciones Contract","description":"Venta Mobiliario contract de dise\u00f1o","publisher":{"@id":"https:\/\/solucionescontract.com\/#organization"},"potentialAction":[{"@type":"SearchAction","target":{"@type":"EntryPoint","urlTemplate":"https:\/\/solucionescontract.com\/?s={search_term_string}"},"query-input":{"@type":"PropertyValueSpecification","valueRequired":true,"valueName":"search_term_string"}}],"inLanguage":"fr-FR"},{"@type":"Organization","@id":"https:\/\/solucionescontract.com\/#organization","name":"Soluciones Contract","url":"https:\/\/solucionescontract.com\/","logo":{"@type":"ImageObject","inLanguage":"fr-FR","@id":"https:\/\/solucionescontract.com\/#\/schema\/logo\/image\/","url":"https:\/\/solucionescontract.com\/wp-content\/uploads\/2020\/02\/logoSC.jpg","contentUrl":"https:\/\/solucionescontract.com\/wp-content\/uploads\/2020\/02\/logoSC.jpg","width":300,"height":125,"caption":"Soluciones Contract"},"image":{"@id":"https:\/\/solucionescontract.com\/#\/schema\/logo\/image\/"},"sameAs":["https:\/\/www.facebook.com\/solucionescontract\/"]}]}},"_links":{"self":[{"href":"https:\/\/solucionescontract.com\/fr\/wp-json\/wp\/v2\/product\/19079","targetHints":{"allow":["GET"]}}],"collection":[{"href":"https:\/\/solucionescontract.com\/fr\/wp-json\/wp\/v2\/product"}],"about":[{"href":"https:\/\/solucionescontract.com\/fr\/wp-json\/wp\/v2\/types\/product"}],"replies":[{"embeddable":true,"href":"https:\/\/solucionescontract.com\/fr\/wp-json\/wp\/v2\/comments?post=19079"}],"wp:featuredmedia":[{"embeddable":true,"href":"https:\/\/solucionescontract.com\/fr\/wp-json\/wp\/v2\/media\/15825"}],"wp:attachment":[{"href":"https:\/\/solucionescontract.com\/fr\/wp-json\/wp\/v2\/media?parent=19079"}],"wp:term":[{"taxonomy":"product_brand","embeddable":true,"href":"https:\/\/solucionescontract.com\/fr\/wp-json\/wp\/v2\/product_brand?post=19079"},{"taxonomy":"product_cat","embeddable":true,"href":"https:\/\/solucionescontract.com\/fr\/wp-json\/wp\/v2\/product_cat?post=19079"},{"taxonomy":"product_tag","embeddable":true,"href":"https:\/\/solucionescontract.com\/fr\/wp-json\/wp\/v2\/product_tag?post=19079"}],"curies":[{"name":"wp","href":"https:\/\/api.w.org\/{rel}","templated":true}]}}