{"id":19078,"date":"2019-12-05T13:46:55","date_gmt":"2019-12-05T13:46:55","guid":{"rendered":"https:\/\/www.solucionescontract.com\/producto\/mesa-snow-kids\/"},"modified":"2021-01-11T15:13:20","modified_gmt":"2021-01-11T15:13:20","slug":"mesa-snow-kids","status":"publish","type":"product","link":"https:\/\/solucionescontract.com\/fr\/producto\/mesa-snow-kids\/","title":{"rendered":"MESA SNOW KIDS"},"content":{"rendered":"<h3> Table Snow Kids de Pedrali <\/h3>\n<p><img decoding=\"async\" class=\" wd-lazy-fade alignnone size-full wp-image-8319\" src=\"https:\/\/solucionescontract.com\/wp-content\/themes\/woodmart\/images\/lazy.svg\" data-src=\"https:\/\/solucionescontract.com\/wp-content\/uploads\/2019\/12\/mesasnow.jpg\" alt=\"\" width=\"277\" height=\"167\" srcset=\"\" data-srcset=\"https:\/\/solucionescontract.com\/wp-content\/uploads\/2019\/12\/mesasnow.jpg 277w, https:\/\/solucionescontract.com\/wp-content\/uploads\/2019\/12\/mesasnow-150x90.jpg 150w, https:\/\/solucionescontract.com\/wp-content\/uploads\/2019\/12\/mesasnow-33x20.jpg 33w, https:\/\/solucionescontract.com\/wp-content\/uploads\/2019\/12\/mesasnow-100x60.jpg 100w\" sizes=\"(max-width: 277px) 100vw, 277px\" \/><\/p>\n<p>Cette spectaculaire table pour enfants a \u00e9t\u00e9 con\u00e7ue par Odo Fioravanti. Il s&rsquo;agit d&rsquo;une r\u00e9plique de la <strong> <a href=\"https:\/\/solucionescontract.com\/producto\/mesa-terraza-snow\/\"> table de terrasse \u00e0 neige <\/a> <\/strong> pour une utilisation contractuelle. La table pour enfants Snow est une table pour enfants de design italien adapt\u00e9e \u00e0 sa grande r\u00e9sistance pour un usage intense, dans les h\u00f4tels, restaurants, cr\u00e8ches, \u00e9coles, etc.<\/p>\n<p>C&rsquo;est une table empilable, ce qui facilite sa mobilit\u00e9 dans les installations.<\/p>\n<p>Fabriqu\u00e9 en polypropyl\u00e8ne renforc\u00e9 de fibre de verre et d&rsquo;un noyau en aluminium extrud\u00e9, il pr\u00e9sente une finition ext\u00e9rieure de haute qualit\u00e9. Les bords arrondis de son design en font un produit id\u00e9al pour les plus petits.<\/p>\n<p>Cette table est pr\u00e9sent\u00e9e en hauteur 580 mm et est compl\u00e9t\u00e9e par la chaise de la m\u00eame collection <a href=\"https:\/\/solucionescontract.com\/producto\/silla-snow-kids\/\" target=\"_ blank\" rel=\"noopener noreferrer\"> Chaise Snow Kids <\/a>.<\/p>\n\n\t\t<style type=\"text\/css\">\n\t\t\t#gallery-1 {\n\t\t\t\tmargin: auto;\n\t\t\t}\n\t\t\t#gallery-1 .gallery-item {\n\t\t\t\tfloat: left;\n\t\t\t\tmargin-top: 10px;\n\t\t\t\ttext-align: center;\n\t\t\t\twidth: 25%;\n\t\t\t}\n\t\t\t#gallery-1 img {\n\t\t\t\tborder: 2px solid #cfcfcf;\n\t\t\t}\n\t\t\t#gallery-1 .gallery-caption {\n\t\t\t\tmargin-left: 0;\n\t\t\t}\n\t\t\t\/* see gallery_shortcode() in wp-includes\/media.php *\/\n\t\t<\/style>\n\t\t<div id='gallery-1' class='gallery galleryid-19078 gallery-columns-4 gallery-size-thumbnail'><dl class='gallery-item'>\n\t\t\t<dt class='gallery-icon landscape'>\n\t\t\t\t<a href='https:\/\/solucionescontract.com\/wp-content\/uploads\/2019\/12\/Snow-kids-instalacion-4.jpg'><img decoding=\"async\" width=\"150\" height=\"150\" src=\"https:\/\/solucionescontract.com\/wp-content\/uploads\/2019\/12\/Snow-kids-instalacion-4-150x150.jpg\" class=\"attachment-thumbnail size-thumbnail\" alt=\"\" srcset=\"https:\/\/solucionescontract.com\/wp-content\/uploads\/2019\/12\/Snow-kids-instalacion-4-150x150.jpg 150w, https:\/\/solucionescontract.com\/wp-content\/uploads\/2019\/12\/Snow-kids-instalacion-4-300x300.jpg 300w\" sizes=\"(max-width: 150px) 100vw, 150px\" \/><\/a>\n\t\t\t<\/dt><\/dl><dl class='gallery-item'>\n\t\t\t<dt class='gallery-icon landscape'>\n\t\t\t\t<a href='https:\/\/solucionescontract.com\/wp-content\/uploads\/2019\/12\/Snow-kids-instalacion-3.jpg'><img decoding=\"async\" width=\"150\" height=\"150\" src=\"https:\/\/solucionescontract.com\/wp-content\/uploads\/2019\/12\/Snow-kids-instalacion-3-150x150.jpg\" class=\"attachment-thumbnail size-thumbnail\" alt=\"\" srcset=\"https:\/\/solucionescontract.com\/wp-content\/uploads\/2019\/12\/Snow-kids-instalacion-3-150x150.jpg 150w, https:\/\/solucionescontract.com\/wp-content\/uploads\/2019\/12\/Snow-kids-instalacion-3-300x300.jpg 300w\" sizes=\"(max-width: 150px) 100vw, 150px\" \/><\/a>\n\t\t\t<\/dt><\/dl><dl class='gallery-item'>\n\t\t\t<dt class='gallery-icon landscape'>\n\t\t\t\t<a href='https:\/\/solucionescontract.com\/wp-content\/uploads\/2019\/12\/Snow-kids-instalacion-2.jpg'><img decoding=\"async\" width=\"150\" height=\"150\" src=\"https:\/\/solucionescontract.com\/wp-content\/uploads\/2019\/12\/Snow-kids-instalacion-2-150x150.jpg\" class=\"attachment-thumbnail size-thumbnail\" alt=\"\" srcset=\"https:\/\/solucionescontract.com\/wp-content\/uploads\/2019\/12\/Snow-kids-instalacion-2-150x150.jpg 150w, https:\/\/solucionescontract.com\/wp-content\/uploads\/2019\/12\/Snow-kids-instalacion-2-300x300.jpg 300w\" sizes=\"(max-width: 150px) 100vw, 150px\" \/><\/a>\n\t\t\t<\/dt><\/dl><dl class='gallery-item'>\n\t\t\t<dt class='gallery-icon landscape'>\n\t\t\t\t<a href='https:\/\/solucionescontract.com\/wp-content\/uploads\/2019\/12\/Snow-kids-instalacion-1.jpg'><img decoding=\"async\" width=\"150\" height=\"150\" src=\"https:\/\/solucionescontract.com\/wp-content\/uploads\/2019\/12\/Snow-kids-instalacion-1-150x150.jpg\" class=\"attachment-thumbnail size-thumbnail\" alt=\"\" srcset=\"https:\/\/solucionescontract.com\/wp-content\/uploads\/2019\/12\/Snow-kids-instalacion-1-150x150.jpg 150w, https:\/\/solucionescontract.com\/wp-content\/uploads\/2019\/12\/Snow-kids-instalacion-1-300x300.jpg 300w\" sizes=\"(max-width: 150px) 100vw, 150px\" \/><\/a>\n\t\t\t<\/dt><\/dl><br style=\"clear: both\" \/>\n\t\t<\/div>\n\n<p>&nbsp;<\/script><\/p>\n","protected":false},"excerpt":{"rendered":"<ul>\n<li style = \"text-align: justify;\"> Cr\u00e9\u00e9 par Odo Fioravanti, ce tableau a \u00e9t\u00e9 con\u00e7u pour les plus petits. <\/li>\n<li style = \"text-align: justify;\"> C&rsquo;est une table pour enfants de design italien. <\/li>\n<li style = \"text-align: justify;\"> Il a une finition ext\u00e9rieure de haute qualit\u00e9, les bords arrondis de son design en font un produit id\u00e9al pour les plus petits. <\/li>\n<li style = \"text-align: justify;\"> Convient pour une utilisation int\u00e9rieure ou ext\u00e9rieure <\/li>\n<li> Hauteur de la table 580 mm <\/li>\n<\/ul>\n","protected":false},"featured_media":15813,"comment_status":"open","ping_status":"closed","template":"","meta":[],"product_brand":[],"product_cat":[72],"product_tag":[276,49,101],"class_list":{"0":"post-19078","1":"product","2":"type-product","3":"status-publish","4":"has-post-thumbnail","6":"product_cat-mesas-de-diseno","7":"product_tag-kids","8":"product_tag-exteriorinterior","9":"product_tag-polipropileno","10":"product_shipping_class-envio-gratuito","11":"yith_product_brand-pedrali","13":"first","14":"instock","15":"virtual","16":"taxable","17":"purchasable","18":"product-type-simple"},"yoast_head":"<!-- This site is optimized with the Yoast SEO plugin v27.3 - https:\/\/yoast.com\/product\/yoast-seo-wordpress\/ -->\n<title>MESA SNOW KIDS - Muebles de dise\u00f1o en Soluciones Contract<\/title>\n<meta name=\"description\" content=\"Achetez MESA SNOW KIDS en ligne dans notre boutique. Trouvez les meilleurs MEUBLES DESIGN POUR ENFANTS \u00e0 usage commercial, h\u00f4tels, cr\u00e8ches ... et pour la maison.\" \/>\n<meta name=\"robots\" content=\"index, follow, max-snippet:-1, max-image-preview:large, max-video-preview:-1\" \/>\n<link rel=\"canonical\" href=\"https:\/\/solucionescontract.com\/producto\/mesa-snow-kids\/\" \/>\n<meta property=\"og:locale\" content=\"fr_FR\" \/>\n<meta property=\"og:type\" content=\"article\" \/>\n<meta property=\"og:title\" content=\"MESA SNOW KIDS - Muebles de dise\u00f1o en Soluciones Contract\" \/>\n<meta property=\"og:description\" content=\"Achetez MESA SNOW KIDS en ligne dans notre boutique. Trouvez les meilleurs MEUBLES DESIGN POUR ENFANTS \u00e0 usage commercial, h\u00f4tels, cr\u00e8ches ... et pour la maison.\" \/>\n<meta property=\"og:url\" content=\"https:\/\/solucionescontract.com\/producto\/mesa-snow-kids\/\" \/>\n<meta property=\"og:site_name\" content=\"Soluciones Contract\" \/>\n<meta property=\"article:publisher\" content=\"https:\/\/www.facebook.com\/solucionescontract\/\" \/>\n<meta property=\"article:modified_time\" content=\"2021-01-11T15:13:20+00:00\" \/>\n<meta property=\"og:image\" content=\"https:\/\/solucionescontract.com\/wp-content\/uploads\/2019\/12\/Mesa-infantil-snow-3-min.jpg\" \/>\n\t<meta property=\"og:image:width\" content=\"1626\" \/>\n\t<meta property=\"og:image:height\" content=\"1626\" \/>\n\t<meta property=\"og:image:type\" content=\"image\/jpeg\" \/>\n<meta name=\"twitter:card\" content=\"summary_large_image\" \/>\n<meta name=\"twitter:label1\" content=\"Dur\u00e9e de lecture estim\u00e9e\" \/>\n\t<meta name=\"twitter:data1\" content=\"1 minute\" \/>\n<script type=\"application\/ld+json\" class=\"yoast-schema-graph\">{\"@context\":\"https:\\\/\\\/schema.org\",\"@graph\":[{\"@type\":\"WebPage\",\"@id\":\"https:\\\/\\\/solucionescontract.com\\\/producto\\\/mesa-snow-kids\\\/\",\"url\":\"https:\\\/\\\/solucionescontract.com\\\/producto\\\/mesa-snow-kids\\\/\",\"name\":\"MESA SNOW KIDS - Muebles de dise\u00f1o en Soluciones Contract\",\"isPartOf\":{\"@id\":\"https:\\\/\\\/solucionescontract.com\\\/#website\"},\"primaryImageOfPage\":{\"@id\":\"https:\\\/\\\/solucionescontract.com\\\/producto\\\/mesa-snow-kids\\\/#primaryimage\"},\"image\":{\"@id\":\"https:\\\/\\\/solucionescontract.com\\\/producto\\\/mesa-snow-kids\\\/#primaryimage\"},\"thumbnailUrl\":\"https:\\\/\\\/solucionescontract.com\\\/wp-content\\\/uploads\\\/2019\\\/12\\\/Mesa-infantil-snow-3-min.jpg\",\"datePublished\":\"2019-12-05T13:46:55+00:00\",\"dateModified\":\"2021-01-11T15:13:20+00:00\",\"description\":\"Achetez MESA SNOW KIDS en ligne dans notre boutique. Trouvez les meilleurs MEUBLES DESIGN POUR ENFANTS \u00e0 usage commercial, h\u00f4tels, cr\u00e8ches ... et pour la maison.\",\"breadcrumb\":{\"@id\":\"https:\\\/\\\/solucionescontract.com\\\/producto\\\/mesa-snow-kids\\\/#breadcrumb\"},\"inLanguage\":\"fr-FR\",\"potentialAction\":[{\"@type\":\"ReadAction\",\"target\":[\"https:\\\/\\\/solucionescontract.com\\\/producto\\\/mesa-snow-kids\\\/\"]}]},{\"@type\":\"ImageObject\",\"inLanguage\":\"fr-FR\",\"@id\":\"https:\\\/\\\/solucionescontract.com\\\/producto\\\/mesa-snow-kids\\\/#primaryimage\",\"url\":\"https:\\\/\\\/solucionescontract.com\\\/wp-content\\\/uploads\\\/2019\\\/12\\\/Mesa-infantil-snow-3-min.jpg\",\"contentUrl\":\"https:\\\/\\\/solucionescontract.com\\\/wp-content\\\/uploads\\\/2019\\\/12\\\/Mesa-infantil-snow-3-min.jpg\",\"width\":1626,\"height\":1626,\"caption\":\"Compra online el mejor mobiliario infantil de dise\u00f1o\"},{\"@type\":\"BreadcrumbList\",\"@id\":\"https:\\\/\\\/solucionescontract.com\\\/producto\\\/mesa-snow-kids\\\/#breadcrumb\",\"itemListElement\":[{\"@type\":\"ListItem\",\"position\":1,\"name\":\"Inicio\",\"item\":\"https:\\\/\\\/solucionescontract.com\\\/\"},{\"@type\":\"ListItem\",\"position\":2,\"name\":\"Tienda mobiliario contract\",\"item\":\"https:\\\/\\\/solucionescontract.com\\\/tienda-mobiliario-contract\\\/\"},{\"@type\":\"ListItem\",\"position\":3,\"name\":\"Mesas de dise\u00f1o\",\"item\":\"https:\\\/\\\/solucionescontract.com\\\/categoria-producto\\\/mesas-de-diseno\\\/\"},{\"@type\":\"ListItem\",\"position\":4,\"name\":\"MESA SNOW KIDS\"}]},{\"@type\":\"WebSite\",\"@id\":\"https:\\\/\\\/solucionescontract.com\\\/#website\",\"url\":\"https:\\\/\\\/solucionescontract.com\\\/\",\"name\":\"Soluciones Contract\",\"description\":\"Venta Mobiliario contract de dise\u00f1o\",\"publisher\":{\"@id\":\"https:\\\/\\\/solucionescontract.com\\\/#organization\"},\"potentialAction\":[{\"@type\":\"SearchAction\",\"target\":{\"@type\":\"EntryPoint\",\"urlTemplate\":\"https:\\\/\\\/solucionescontract.com\\\/?s={search_term_string}\"},\"query-input\":{\"@type\":\"PropertyValueSpecification\",\"valueRequired\":true,\"valueName\":\"search_term_string\"}}],\"inLanguage\":\"fr-FR\"},{\"@type\":\"Organization\",\"@id\":\"https:\\\/\\\/solucionescontract.com\\\/#organization\",\"name\":\"Soluciones Contract\",\"url\":\"https:\\\/\\\/solucionescontract.com\\\/\",\"logo\":{\"@type\":\"ImageObject\",\"inLanguage\":\"fr-FR\",\"@id\":\"https:\\\/\\\/solucionescontract.com\\\/#\\\/schema\\\/logo\\\/image\\\/\",\"url\":\"https:\\\/\\\/solucionescontract.com\\\/wp-content\\\/uploads\\\/2020\\\/02\\\/logoSC.jpg\",\"contentUrl\":\"https:\\\/\\\/solucionescontract.com\\\/wp-content\\\/uploads\\\/2020\\\/02\\\/logoSC.jpg\",\"width\":300,\"height\":125,\"caption\":\"Soluciones Contract\"},\"image\":{\"@id\":\"https:\\\/\\\/solucionescontract.com\\\/#\\\/schema\\\/logo\\\/image\\\/\"},\"sameAs\":[\"https:\\\/\\\/www.facebook.com\\\/solucionescontract\\\/\"]}]}<\/script>\n<!-- \/ Yoast SEO plugin. -->","yoast_head_json":{"title":"MESA SNOW KIDS - Muebles de dise\u00f1o en Soluciones Contract","description":"Achetez MESA SNOW KIDS en ligne dans notre boutique. Trouvez les meilleurs MEUBLES DESIGN POUR ENFANTS \u00e0 usage commercial, h\u00f4tels, cr\u00e8ches ... et pour la maison.","robots":{"index":"index","follow":"follow","max-snippet":"max-snippet:-1","max-image-preview":"max-image-preview:large","max-video-preview":"max-video-preview:-1"},"canonical":"https:\/\/solucionescontract.com\/producto\/mesa-snow-kids\/","og_locale":"fr_FR","og_type":"article","og_title":"MESA SNOW KIDS - Muebles de dise\u00f1o en Soluciones Contract","og_description":"Achetez MESA SNOW KIDS en ligne dans notre boutique. Trouvez les meilleurs MEUBLES DESIGN POUR ENFANTS \u00e0 usage commercial, h\u00f4tels, cr\u00e8ches ... et pour la maison.","og_url":"https:\/\/solucionescontract.com\/producto\/mesa-snow-kids\/","og_site_name":"Soluciones Contract","article_publisher":"https:\/\/www.facebook.com\/solucionescontract\/","article_modified_time":"2021-01-11T15:13:20+00:00","og_image":[{"width":1626,"height":1626,"url":"https:\/\/solucionescontract.com\/wp-content\/uploads\/2019\/12\/Mesa-infantil-snow-3-min.jpg","type":"image\/jpeg"}],"twitter_card":"summary_large_image","twitter_misc":{"Dur\u00e9e de lecture estim\u00e9e":"1 minute"},"schema":{"@context":"https:\/\/schema.org","@graph":[{"@type":"WebPage","@id":"https:\/\/solucionescontract.com\/producto\/mesa-snow-kids\/","url":"https:\/\/solucionescontract.com\/producto\/mesa-snow-kids\/","name":"MESA SNOW KIDS - Muebles de dise\u00f1o en Soluciones Contract","isPartOf":{"@id":"https:\/\/solucionescontract.com\/#website"},"primaryImageOfPage":{"@id":"https:\/\/solucionescontract.com\/producto\/mesa-snow-kids\/#primaryimage"},"image":{"@id":"https:\/\/solucionescontract.com\/producto\/mesa-snow-kids\/#primaryimage"},"thumbnailUrl":"https:\/\/solucionescontract.com\/wp-content\/uploads\/2019\/12\/Mesa-infantil-snow-3-min.jpg","datePublished":"2019-12-05T13:46:55+00:00","dateModified":"2021-01-11T15:13:20+00:00","description":"Achetez MESA SNOW KIDS en ligne dans notre boutique. Trouvez les meilleurs MEUBLES DESIGN POUR ENFANTS \u00e0 usage commercial, h\u00f4tels, cr\u00e8ches ... et pour la maison.","breadcrumb":{"@id":"https:\/\/solucionescontract.com\/producto\/mesa-snow-kids\/#breadcrumb"},"inLanguage":"fr-FR","potentialAction":[{"@type":"ReadAction","target":["https:\/\/solucionescontract.com\/producto\/mesa-snow-kids\/"]}]},{"@type":"ImageObject","inLanguage":"fr-FR","@id":"https:\/\/solucionescontract.com\/producto\/mesa-snow-kids\/#primaryimage","url":"https:\/\/solucionescontract.com\/wp-content\/uploads\/2019\/12\/Mesa-infantil-snow-3-min.jpg","contentUrl":"https:\/\/solucionescontract.com\/wp-content\/uploads\/2019\/12\/Mesa-infantil-snow-3-min.jpg","width":1626,"height":1626,"caption":"Compra online el mejor mobiliario infantil de dise\u00f1o"},{"@type":"BreadcrumbList","@id":"https:\/\/solucionescontract.com\/producto\/mesa-snow-kids\/#breadcrumb","itemListElement":[{"@type":"ListItem","position":1,"name":"Inicio","item":"https:\/\/solucionescontract.com\/"},{"@type":"ListItem","position":2,"name":"Tienda mobiliario contract","item":"https:\/\/solucionescontract.com\/tienda-mobiliario-contract\/"},{"@type":"ListItem","position":3,"name":"Mesas de dise\u00f1o","item":"https:\/\/solucionescontract.com\/categoria-producto\/mesas-de-diseno\/"},{"@type":"ListItem","position":4,"name":"MESA SNOW KIDS"}]},{"@type":"WebSite","@id":"https:\/\/solucionescontract.com\/#website","url":"https:\/\/solucionescontract.com\/","name":"Soluciones Contract","description":"Venta Mobiliario contract de dise\u00f1o","publisher":{"@id":"https:\/\/solucionescontract.com\/#organization"},"potentialAction":[{"@type":"SearchAction","target":{"@type":"EntryPoint","urlTemplate":"https:\/\/solucionescontract.com\/?s={search_term_string}"},"query-input":{"@type":"PropertyValueSpecification","valueRequired":true,"valueName":"search_term_string"}}],"inLanguage":"fr-FR"},{"@type":"Organization","@id":"https:\/\/solucionescontract.com\/#organization","name":"Soluciones Contract","url":"https:\/\/solucionescontract.com\/","logo":{"@type":"ImageObject","inLanguage":"fr-FR","@id":"https:\/\/solucionescontract.com\/#\/schema\/logo\/image\/","url":"https:\/\/solucionescontract.com\/wp-content\/uploads\/2020\/02\/logoSC.jpg","contentUrl":"https:\/\/solucionescontract.com\/wp-content\/uploads\/2020\/02\/logoSC.jpg","width":300,"height":125,"caption":"Soluciones Contract"},"image":{"@id":"https:\/\/solucionescontract.com\/#\/schema\/logo\/image\/"},"sameAs":["https:\/\/www.facebook.com\/solucionescontract\/"]}]}},"_links":{"self":[{"href":"https:\/\/solucionescontract.com\/fr\/wp-json\/wp\/v2\/product\/19078","targetHints":{"allow":["GET"]}}],"collection":[{"href":"https:\/\/solucionescontract.com\/fr\/wp-json\/wp\/v2\/product"}],"about":[{"href":"https:\/\/solucionescontract.com\/fr\/wp-json\/wp\/v2\/types\/product"}],"replies":[{"embeddable":true,"href":"https:\/\/solucionescontract.com\/fr\/wp-json\/wp\/v2\/comments?post=19078"}],"wp:featuredmedia":[{"embeddable":true,"href":"https:\/\/solucionescontract.com\/fr\/wp-json\/wp\/v2\/media\/15813"}],"wp:attachment":[{"href":"https:\/\/solucionescontract.com\/fr\/wp-json\/wp\/v2\/media?parent=19078"}],"wp:term":[{"taxonomy":"product_brand","embeddable":true,"href":"https:\/\/solucionescontract.com\/fr\/wp-json\/wp\/v2\/product_brand?post=19078"},{"taxonomy":"product_cat","embeddable":true,"href":"https:\/\/solucionescontract.com\/fr\/wp-json\/wp\/v2\/product_cat?post=19078"},{"taxonomy":"product_tag","embeddable":true,"href":"https:\/\/solucionescontract.com\/fr\/wp-json\/wp\/v2\/product_tag?post=19078"}],"curies":[{"name":"wp","href":"https:\/\/api.w.org\/{rel}","templated":true}]}}