{"id":19052,"date":"2020-01-22T15:12:20","date_gmt":"2020-01-22T15:12:20","guid":{"rendered":"https:\/\/www.solucionescontract.com\/producto\/fauteuil-fox-3726\/"},"modified":"2021-01-11T15:11:03","modified_gmt":"2021-01-11T15:11:03","slug":"fauteuil-fox-3726","status":"publish","type":"product","link":"https:\/\/solucionescontract.com\/fr\/producto\/fauteuil-fox-3726\/","title":{"rendered":"FAUTEUIL FOX 3726"},"content":{"rendered":"<p> Fauteuil Fox 3726 <br \/>\n<img decoding=\"async\" class=\" wd-lazy-fade size-medium wp-image-8467 alignleft\" src=\"https:\/\/solucionescontract.com\/wp-content\/themes\/woodmart\/images\/lazy.svg\" data-src=\"https:\/\/solucionescontract.com\/wp-content\/uploads\/2020\/01\/ficha-tecnica-fox-300x220.png\" alt=\"\" width=\"300\" height=\"220\" srcset=\"\" data-srcset=\"https:\/\/solucionescontract.com\/wp-content\/uploads\/2020\/01\/ficha-tecnica-fox-300x220.png 300w, https:\/\/solucionescontract.com\/wp-content\/uploads\/2020\/01\/ficha-tecnica-fox-150x110.png 150w, https:\/\/solucionescontract.com\/wp-content\/uploads\/2020\/01\/ficha-tecnica-fox-27x20.png 27w, https:\/\/solucionescontract.com\/wp-content\/uploads\/2020\/01\/ficha-tecnica-fox-82x60.png 82w, https:\/\/solucionescontract.com\/wp-content\/uploads\/2020\/01\/ficha-tecnica-fox.png 340w\" sizes=\"(max-width: 300px) 100vw, 300px\" \/><\/p>\n<p><\/script><\/p>\n","protected":false},"excerpt":{"rendered":"<ul>\n<li> Fauteuil Pedrali con\u00e7u par Patrick Norguet Fox <\/li>\n<li> Il s&rsquo;agit d&rsquo;un fauteuil en polypropyl\u00e8ne renforc\u00e9 de fibre de verre qui est ins\u00e9r\u00e9 dans un profil en fr\u00eane courb\u00e9 et arrondi aux extr\u00e9mit\u00e9s &#8211; comme s&rsquo;il s&rsquo;agissait d&rsquo;un c\u00e2lin. <\/li>\n<li> Ses pieds sont en tube d&rsquo;acier \u00d814mm. <\/li>\n<li> Empilable. <\/li>\n<li> Hauteur d&rsquo;assise 46cm <\/li>\n<\/ul>\n","protected":false},"featured_media":16007,"comment_status":"open","ping_status":"closed","template":"","meta":[],"product_brand":[],"product_cat":[535,529],"product_tag":[],"class_list":{"0":"post-19052","1":"product","2":"type-product","3":"status-publish","4":"has-post-thumbnail","6":"product_cat-chaises-contractuelles","7":"product_cat-sieges-contractuels","8":"product_shipping_class-gratuit","9":"yith_product_brand-pedrali-fr","11":"first","12":"instock","13":"taxable","14":"shipping-taxable","15":"purchasable","16":"product-type-variable"},"yoast_head":"<!-- This site is optimized with the Yoast SEO plugin v27.3 - https:\/\/yoast.com\/product\/yoast-seo-wordpress\/ -->\n<title>FAUTEUIL FOX 3726 - Muebles de dise\u00f1o en Soluciones Contract<\/title>\n<meta name=\"description\" content=\"Achetez FAUTEUIL FOX 3726 en ligne dans notre magasin de meubles Contract. Trouvez le meilleur MEUBLE DE CONCEPTION pour un usage h\u00f4telier, domestique et commercial.\" \/>\n<meta name=\"robots\" content=\"index, follow, max-snippet:-1, max-image-preview:large, max-video-preview:-1\" \/>\n<link rel=\"canonical\" href=\"https:\/\/solucionescontract.com\/producto\/sillon-fox-3726\/\" \/>\n<meta property=\"og:locale\" content=\"fr_FR\" \/>\n<meta property=\"og:type\" content=\"article\" \/>\n<meta property=\"og:title\" content=\"FAUTEUIL FOX 3726 - Muebles de dise\u00f1o en Soluciones Contract\" \/>\n<meta property=\"og:description\" content=\"Achetez FAUTEUIL FOX 3726 en ligne dans notre magasin de meubles Contract. Trouvez le meilleur MEUBLE DE CONCEPTION pour un usage h\u00f4telier, domestique et commercial.\" \/>\n<meta property=\"og:url\" content=\"https:\/\/solucionescontract.com\/producto\/sillon-fox-3726\/\" \/>\n<meta property=\"og:site_name\" content=\"Soluciones Contract\" \/>\n<meta property=\"article:publisher\" content=\"https:\/\/www.facebook.com\/solucionescontract\/\" \/>\n<meta property=\"article:modified_time\" content=\"2021-01-11T15:11:03+00:00\" \/>\n<meta property=\"og:image\" content=\"https:\/\/solucionescontract.com\/wp-content\/uploads\/2020\/01\/fox-blanco.jpg\" \/>\n\t<meta property=\"og:image:width\" content=\"1373\" \/>\n\t<meta property=\"og:image:height\" content=\"1373\" \/>\n\t<meta property=\"og:image:type\" content=\"image\/jpeg\" \/>\n<meta name=\"twitter:card\" content=\"summary_large_image\" \/>\n<script type=\"application\/ld+json\" class=\"yoast-schema-graph\">{\"@context\":\"https:\\\/\\\/schema.org\",\"@graph\":[{\"@type\":\"WebPage\",\"@id\":\"https:\\\/\\\/solucionescontract.com\\\/producto\\\/sillon-fox-3726\\\/\",\"url\":\"https:\\\/\\\/solucionescontract.com\\\/producto\\\/sillon-fox-3726\\\/\",\"name\":\"FAUTEUIL FOX 3726 - Muebles de dise\u00f1o en Soluciones Contract\",\"isPartOf\":{\"@id\":\"https:\\\/\\\/solucionescontract.com\\\/#website\"},\"primaryImageOfPage\":{\"@id\":\"https:\\\/\\\/solucionescontract.com\\\/producto\\\/sillon-fox-3726\\\/#primaryimage\"},\"image\":{\"@id\":\"https:\\\/\\\/solucionescontract.com\\\/producto\\\/sillon-fox-3726\\\/#primaryimage\"},\"thumbnailUrl\":\"https:\\\/\\\/solucionescontract.com\\\/wp-content\\\/uploads\\\/2020\\\/01\\\/fox-blanco.jpg\",\"datePublished\":\"2020-01-22T15:12:20+00:00\",\"dateModified\":\"2021-01-11T15:11:03+00:00\",\"description\":\"Achetez FAUTEUIL FOX 3726 en ligne dans notre magasin de meubles Contract. Trouvez le meilleur MEUBLE DE CONCEPTION pour un usage h\u00f4telier, domestique et commercial.\",\"breadcrumb\":{\"@id\":\"https:\\\/\\\/solucionescontract.com\\\/producto\\\/sillon-fox-3726\\\/#breadcrumb\"},\"inLanguage\":\"fr-FR\",\"potentialAction\":[{\"@type\":\"ReadAction\",\"target\":[\"https:\\\/\\\/solucionescontract.com\\\/producto\\\/sillon-fox-3726\\\/\"]}]},{\"@type\":\"ImageObject\",\"inLanguage\":\"fr-FR\",\"@id\":\"https:\\\/\\\/solucionescontract.com\\\/producto\\\/sillon-fox-3726\\\/#primaryimage\",\"url\":\"https:\\\/\\\/solucionescontract.com\\\/wp-content\\\/uploads\\\/2020\\\/01\\\/fox-blanco.jpg\",\"contentUrl\":\"https:\\\/\\\/solucionescontract.com\\\/wp-content\\\/uploads\\\/2020\\\/01\\\/fox-blanco.jpg\",\"width\":1373,\"height\":1373},{\"@type\":\"BreadcrumbList\",\"@id\":\"https:\\\/\\\/solucionescontract.com\\\/producto\\\/sillon-fox-3726\\\/#breadcrumb\",\"itemListElement\":[{\"@type\":\"ListItem\",\"position\":1,\"name\":\"Inicio\",\"item\":\"https:\\\/\\\/solucionescontract.com\\\/\"},{\"@type\":\"ListItem\",\"position\":2,\"name\":\"Tienda mobiliario contract\",\"item\":\"https:\\\/\\\/solucionescontract.com\\\/tienda-mobiliario-contract\\\/\"},{\"@type\":\"ListItem\",\"position\":3,\"name\":\"Asientos Contract\",\"item\":\"https:\\\/\\\/solucionescontract.com\\\/categoria-producto\\\/asientos-para-contract\\\/\"},{\"@type\":\"ListItem\",\"position\":4,\"name\":\"Sillas Contract\",\"item\":\"https:\\\/\\\/solucionescontract.com\\\/categoria-producto\\\/asientos-para-contract\\\/sillas-contract\\\/\"},{\"@type\":\"ListItem\",\"position\":5,\"name\":\"FAUTEUIL FOX 3726\"}]},{\"@type\":\"WebSite\",\"@id\":\"https:\\\/\\\/solucionescontract.com\\\/#website\",\"url\":\"https:\\\/\\\/solucionescontract.com\\\/\",\"name\":\"Soluciones Contract\",\"description\":\"Venta Mobiliario contract de dise\u00f1o\",\"publisher\":{\"@id\":\"https:\\\/\\\/solucionescontract.com\\\/#organization\"},\"potentialAction\":[{\"@type\":\"SearchAction\",\"target\":{\"@type\":\"EntryPoint\",\"urlTemplate\":\"https:\\\/\\\/solucionescontract.com\\\/?s={search_term_string}\"},\"query-input\":{\"@type\":\"PropertyValueSpecification\",\"valueRequired\":true,\"valueName\":\"search_term_string\"}}],\"inLanguage\":\"fr-FR\"},{\"@type\":\"Organization\",\"@id\":\"https:\\\/\\\/solucionescontract.com\\\/#organization\",\"name\":\"Soluciones Contract\",\"url\":\"https:\\\/\\\/solucionescontract.com\\\/\",\"logo\":{\"@type\":\"ImageObject\",\"inLanguage\":\"fr-FR\",\"@id\":\"https:\\\/\\\/solucionescontract.com\\\/#\\\/schema\\\/logo\\\/image\\\/\",\"url\":\"https:\\\/\\\/solucionescontract.com\\\/wp-content\\\/uploads\\\/2020\\\/02\\\/logoSC.jpg\",\"contentUrl\":\"https:\\\/\\\/solucionescontract.com\\\/wp-content\\\/uploads\\\/2020\\\/02\\\/logoSC.jpg\",\"width\":300,\"height\":125,\"caption\":\"Soluciones Contract\"},\"image\":{\"@id\":\"https:\\\/\\\/solucionescontract.com\\\/#\\\/schema\\\/logo\\\/image\\\/\"},\"sameAs\":[\"https:\\\/\\\/www.facebook.com\\\/solucionescontract\\\/\"]}]}<\/script>\n<!-- \/ Yoast SEO plugin. -->","yoast_head_json":{"title":"FAUTEUIL FOX 3726 - Muebles de dise\u00f1o en Soluciones Contract","description":"Achetez FAUTEUIL FOX 3726 en ligne dans notre magasin de meubles Contract. Trouvez le meilleur MEUBLE DE CONCEPTION pour un usage h\u00f4telier, domestique et commercial.","robots":{"index":"index","follow":"follow","max-snippet":"max-snippet:-1","max-image-preview":"max-image-preview:large","max-video-preview":"max-video-preview:-1"},"canonical":"https:\/\/solucionescontract.com\/producto\/sillon-fox-3726\/","og_locale":"fr_FR","og_type":"article","og_title":"FAUTEUIL FOX 3726 - Muebles de dise\u00f1o en Soluciones Contract","og_description":"Achetez FAUTEUIL FOX 3726 en ligne dans notre magasin de meubles Contract. Trouvez le meilleur MEUBLE DE CONCEPTION pour un usage h\u00f4telier, domestique et commercial.","og_url":"https:\/\/solucionescontract.com\/producto\/sillon-fox-3726\/","og_site_name":"Soluciones Contract","article_publisher":"https:\/\/www.facebook.com\/solucionescontract\/","article_modified_time":"2021-01-11T15:11:03+00:00","og_image":[{"width":1373,"height":1373,"url":"https:\/\/solucionescontract.com\/wp-content\/uploads\/2020\/01\/fox-blanco.jpg","type":"image\/jpeg"}],"twitter_card":"summary_large_image","schema":{"@context":"https:\/\/schema.org","@graph":[{"@type":"WebPage","@id":"https:\/\/solucionescontract.com\/producto\/sillon-fox-3726\/","url":"https:\/\/solucionescontract.com\/producto\/sillon-fox-3726\/","name":"FAUTEUIL FOX 3726 - Muebles de dise\u00f1o en Soluciones Contract","isPartOf":{"@id":"https:\/\/solucionescontract.com\/#website"},"primaryImageOfPage":{"@id":"https:\/\/solucionescontract.com\/producto\/sillon-fox-3726\/#primaryimage"},"image":{"@id":"https:\/\/solucionescontract.com\/producto\/sillon-fox-3726\/#primaryimage"},"thumbnailUrl":"https:\/\/solucionescontract.com\/wp-content\/uploads\/2020\/01\/fox-blanco.jpg","datePublished":"2020-01-22T15:12:20+00:00","dateModified":"2021-01-11T15:11:03+00:00","description":"Achetez FAUTEUIL FOX 3726 en ligne dans notre magasin de meubles Contract. Trouvez le meilleur MEUBLE DE CONCEPTION pour un usage h\u00f4telier, domestique et commercial.","breadcrumb":{"@id":"https:\/\/solucionescontract.com\/producto\/sillon-fox-3726\/#breadcrumb"},"inLanguage":"fr-FR","potentialAction":[{"@type":"ReadAction","target":["https:\/\/solucionescontract.com\/producto\/sillon-fox-3726\/"]}]},{"@type":"ImageObject","inLanguage":"fr-FR","@id":"https:\/\/solucionescontract.com\/producto\/sillon-fox-3726\/#primaryimage","url":"https:\/\/solucionescontract.com\/wp-content\/uploads\/2020\/01\/fox-blanco.jpg","contentUrl":"https:\/\/solucionescontract.com\/wp-content\/uploads\/2020\/01\/fox-blanco.jpg","width":1373,"height":1373},{"@type":"BreadcrumbList","@id":"https:\/\/solucionescontract.com\/producto\/sillon-fox-3726\/#breadcrumb","itemListElement":[{"@type":"ListItem","position":1,"name":"Inicio","item":"https:\/\/solucionescontract.com\/"},{"@type":"ListItem","position":2,"name":"Tienda mobiliario contract","item":"https:\/\/solucionescontract.com\/tienda-mobiliario-contract\/"},{"@type":"ListItem","position":3,"name":"Asientos Contract","item":"https:\/\/solucionescontract.com\/categoria-producto\/asientos-para-contract\/"},{"@type":"ListItem","position":4,"name":"Sillas Contract","item":"https:\/\/solucionescontract.com\/categoria-producto\/asientos-para-contract\/sillas-contract\/"},{"@type":"ListItem","position":5,"name":"FAUTEUIL FOX 3726"}]},{"@type":"WebSite","@id":"https:\/\/solucionescontract.com\/#website","url":"https:\/\/solucionescontract.com\/","name":"Soluciones Contract","description":"Venta Mobiliario contract de dise\u00f1o","publisher":{"@id":"https:\/\/solucionescontract.com\/#organization"},"potentialAction":[{"@type":"SearchAction","target":{"@type":"EntryPoint","urlTemplate":"https:\/\/solucionescontract.com\/?s={search_term_string}"},"query-input":{"@type":"PropertyValueSpecification","valueRequired":true,"valueName":"search_term_string"}}],"inLanguage":"fr-FR"},{"@type":"Organization","@id":"https:\/\/solucionescontract.com\/#organization","name":"Soluciones Contract","url":"https:\/\/solucionescontract.com\/","logo":{"@type":"ImageObject","inLanguage":"fr-FR","@id":"https:\/\/solucionescontract.com\/#\/schema\/logo\/image\/","url":"https:\/\/solucionescontract.com\/wp-content\/uploads\/2020\/02\/logoSC.jpg","contentUrl":"https:\/\/solucionescontract.com\/wp-content\/uploads\/2020\/02\/logoSC.jpg","width":300,"height":125,"caption":"Soluciones Contract"},"image":{"@id":"https:\/\/solucionescontract.com\/#\/schema\/logo\/image\/"},"sameAs":["https:\/\/www.facebook.com\/solucionescontract\/"]}]}},"_links":{"self":[{"href":"https:\/\/solucionescontract.com\/fr\/wp-json\/wp\/v2\/product\/19052","targetHints":{"allow":["GET"]}}],"collection":[{"href":"https:\/\/solucionescontract.com\/fr\/wp-json\/wp\/v2\/product"}],"about":[{"href":"https:\/\/solucionescontract.com\/fr\/wp-json\/wp\/v2\/types\/product"}],"replies":[{"embeddable":true,"href":"https:\/\/solucionescontract.com\/fr\/wp-json\/wp\/v2\/comments?post=19052"}],"wp:featuredmedia":[{"embeddable":true,"href":"https:\/\/solucionescontract.com\/fr\/wp-json\/wp\/v2\/media\/16007"}],"wp:attachment":[{"href":"https:\/\/solucionescontract.com\/fr\/wp-json\/wp\/v2\/media?parent=19052"}],"wp:term":[{"taxonomy":"product_brand","embeddable":true,"href":"https:\/\/solucionescontract.com\/fr\/wp-json\/wp\/v2\/product_brand?post=19052"},{"taxonomy":"product_cat","embeddable":true,"href":"https:\/\/solucionescontract.com\/fr\/wp-json\/wp\/v2\/product_cat?post=19052"},{"taxonomy":"product_tag","embeddable":true,"href":"https:\/\/solucionescontract.com\/fr\/wp-json\/wp\/v2\/product_tag?post=19052"}],"curies":[{"name":"wp","href":"https:\/\/api.w.org\/{rel}","templated":true}]}}